{"id":3634,"date":"2025-08-18T13:16:01","date_gmt":"2025-08-18T11:16:01","guid":{"rendered":"https:\/\/strangercam.com\/?page_id=3634"},"modified":"2025-08-18T14:15:47","modified_gmt":"2025-08-18T12:15:47","slug":"chamada-de-video-aleatoria","status":"publish","type":"page","link":"https:\/\/strangercam.com\/pt-br\/random-video-call\/","title":{"rendered":"Chamada de v\u00eddeo aleat\u00f3ria"},"content":{"rendered":"<p>Voc\u00ea est\u00e1 procurando a melhor maneira de desfrutar de uma chamada de v\u00eddeo aleat\u00f3ria? Voc\u00ea n\u00e3o est\u00e1 sozinho. Milh\u00f5es de pessoas em todo o mundo usam plataformas de chamadas de v\u00eddeo aleat\u00f3rias todos os dias para conhecer estranhos, fazer novos amigos, paquerar ou simplesmente passar o tempo. Ao contr\u00e1rio da m\u00eddia social ou dos aplicativos de namoro, em que as conversas podem parecer for\u00e7adas ou lentas, as chamadas com v\u00eddeo aleat\u00f3rias s\u00e3o instant\u00e2neas, espont\u00e2neas e reais.<\/p>\n<p>Com plataformas como a StrangerCam, voc\u00ea pode iniciar uma chamada de v\u00eddeo aleat\u00f3ria gratuita agora mesmo, sem inscri\u00e7\u00f5es, sem downloads e sem cobran\u00e7as ocultas. \u00c9 uma das maneiras mais f\u00e1ceis de se conectar com as pessoas cara a cara, de qualquer lugar do mundo, a qualquer momento.<\/p>\n<p>Este guia explicar\u00e1 tudo o que voc\u00ea precisa saber sobre chamadas de v\u00eddeo aleat\u00f3rias: como elas funcionam, por que se tornaram t\u00e3o populares, os melhores recursos a serem procurados, compara\u00e7\u00f5es das principais plataformas, dicas de seguran\u00e7a e por que a StrangerCam se destaca como uma das principais op\u00e7\u00f5es em 2025.<\/p>\n<h2>O que \u00e9 uma chamada de v\u00eddeo aleat\u00f3ria?<\/h2>\n<p>Uma chamada de v\u00eddeo aleat\u00f3ria \u00e9 um recurso on-line que conecta voc\u00ea instantaneamente a um estranho por meio de webcam e \u00e1udio ao vivo. Voc\u00ea n\u00e3o sabe quem conhecer\u00e1 at\u00e9 que esteja conectado - pode ser algu\u00e9m pr\u00f3ximo ou algu\u00e9m a milhares de quil\u00f4metros de dist\u00e2ncia.<\/p>\n<p>A beleza das chamadas de v\u00eddeo aleat\u00f3rias est\u00e1 em sua imprevisibilidade. Todas as <a href=\"https:\/\/strangercam.com\/pt-br\/chathub\/\">bate-papo<\/a> \u00e9 \u00fanico. Voc\u00ea pode conhecer um novo amigo, compartilhar uma risada com algu\u00e9m do outro lado do mundo ou apenas ter uma conversa divertida de dois minutos antes de clicar em \u201cNext\u201d para tentar novamente.<\/p>\n<h2>Por que as pessoas adoram as chamadas de v\u00eddeo aleat\u00f3rias gratuitas<\/h2>\n<p>A popularidade das chamadas de v\u00eddeo aleat\u00f3rias gratuitas cresceu muito na \u00faltima d\u00e9cada. Veja por qu\u00ea:<\/p>\n<ul>\n<li>Divers\u00e3o espont\u00e2nea - Cada chamada \u00e9 uma surpresa, o que mant\u00e9m a experi\u00eancia empolgante.<\/li>\n<li>Conex\u00f5es reais - Ao contr\u00e1rio do bate-papo por texto, o v\u00eddeo ao vivo mostra a pessoa real, e n\u00e3o um perfil com curadoria ou uma conta falsa.<\/li>\n<li>Sem compromissos - N\u00e3o h\u00e1 necessidade de registro, longas inscri\u00e7\u00f5es ou biografias detalhadas. Basta clicar e come\u00e7ar.<\/li>\n<li>Alcance mundial - Conhe\u00e7a pessoas de diferentes culturas e origens instantaneamente.<\/li>\n<li>Perfeito para o t\u00e9dio - Uma maneira r\u00e1pida de fugir da rotina e estimular novas conversas.<\/li>\n<li>Amizade ou paquera - Algumas pessoas usam esse recurso para fazer novos amigos; outras gostam de paqueras leves e casuais.<\/li>\n<\/ul>\n<h2>Como funcionam as chamadas de v\u00eddeo aleat\u00f3rias?<\/h2>\n<p>Usar um servi\u00e7o de chamada de v\u00eddeo aleat\u00f3ria \u00e9 r\u00e1pido e simples:<\/p>\n<ol>\n<li>Abra a plataforma (navegador para desktop ou celular).<\/li>\n<li>Permita o acesso \u00e0 c\u00e2mera e ao microfone quando solicitado.<\/li>\n<li>Clique em \"Start Call\". Voc\u00ea entrar\u00e1 em contato com um estranho aleat\u00f3rio instantaneamente.<\/li>\n<li>Converse cara a cara. Se voc\u00ea n\u00e3o gostar da conversa, pressione \"Next\" (Avan\u00e7ar) para seguir em frente.<\/li>\n<li>Repita quantas vezes quiser. A maioria dos servi\u00e7os \u00e9 gratuita e ilimitada.<\/li>\n<\/ol>\n<p>Algumas plataformas tamb\u00e9m oferecem filtros de g\u00eanero, prefer\u00eancias de local e at\u00e9 ferramentas de tradu\u00e7\u00e3o autom\u00e1tica para conversas internacionais.<\/p>\n<h2>Principais recursos a serem procurados em uma plataforma de chamadas de v\u00eddeo aleat\u00f3rias<\/h2>\n<p>Nem todos os sites de chamadas com v\u00eddeo aleat\u00f3rias s\u00e3o iguais. Veja a seguir o que voc\u00ea deve procurar:<\/p>\n<h3>1. Acesso verdadeiramente gratuito<\/h3>\n<p>Muitos sites afirmam ser gratuitos, mas rapidamente o empurram para os paywalls. As melhores plataformas s\u00e3o genuinamente gratuitas.<\/p>\n<h3>2. N\u00e3o \u00e9 necess\u00e1rio registrar-se<\/h3>\n<p>Evite plataformas que o forcem a se registrar ou compartilhar informa\u00e7\u00f5es pessoais.<\/p>\n<h3>3. Filtros de g\u00eanero e localiza\u00e7\u00e3o<\/h3>\n<p>Se voc\u00ea quiser ter mais controle sobre com quem fala, os filtros tornam a experi\u00eancia mais tranquila.<\/p>\n<h3>4. Modera\u00e7\u00e3o segura<\/h3>\n<p>Ferramentas robustas de den\u00fancia e modera\u00e7\u00e3o protegem voc\u00ea contra spam, bots e comportamento inadequado.<\/p>\n<h3>5. Design compat\u00edvel com dispositivos m\u00f3veis<\/h3>\n<p>Uma boa plataforma deve funcionar t\u00e3o bem em seu telefone quanto em seu computador.<\/p>\n<h3>6. V\u00eddeo e \u00e1udio de alta qualidade<\/h3>\n<p>Um v\u00eddeo n\u00edtido e sem atrasos \u00e9 essencial para um bate-papo agrad\u00e1vel.<\/p>\n<h2>Melhores plataformas de chamadas de v\u00eddeo aleat\u00f3rias em 2025<\/h2>\n<p>Aqui est\u00e1 uma compara\u00e7\u00e3o de alguns dos sites mais populares para chamadas de v\u00eddeo aleat\u00f3rias:<\/p>\n<table>\n<thead>\n<tr>\n<th>Plataforma<\/th>\n<th align=\"center\">Acesso gratuito<\/th>\n<th align=\"center\">Filtro de g\u00eanero<\/th>\n<th align=\"center\">Registro necess\u00e1rio<\/th>\n<th align=\"center\">Suporte m\u00f3vel<\/th>\n<th align=\"center\">Modera\u00e7\u00e3o<\/th>\n<th>Notas<\/th>\n<\/tr>\n<\/thead>\n<tbody>\n<tr>\n<td>StrangerCam<\/td>\n<td align=\"center\">\u2705<\/td>\n<td align=\"center\">\u2705 (Gratuito)<\/td>\n<td align=\"center\">\u274c<\/td>\n<td align=\"center\">\u2705<\/td>\n<td align=\"center\">\u2705<\/td>\n<td>A melhor op\u00e7\u00e3o geral, realmente gratuita<\/td>\n<\/tr>\n<tr>\n<td><a href=\"https:\/\/strangercam.com\/pt-br\/chatroulette\/\">Chatroulette<\/a><\/td>\n<td align=\"center\">\u2705<\/td>\n<td align=\"center\">\u274c (Pago)<\/td>\n<td align=\"center\">\u274c<\/td>\n<td align=\"center\">\u2705<\/td>\n<td align=\"center\">\u2705<\/td>\n<td>Op\u00e7\u00e3o cl\u00e1ssica, mas com filtros pagos<\/td>\n<\/tr>\n<tr>\n<td>Chatrandom<\/td>\n<td align=\"center\">\u2705<\/td>\n<td align=\"center\">\u274c (Pago)<\/td>\n<td align=\"center\">\u274c<\/td>\n<td align=\"center\">\u2705<\/td>\n<td align=\"center\">\u2705<\/td>\n<td>Popular, mas com filtros bloqueados por pagamento<\/td>\n<\/tr>\n<tr>\n<td><a href=\"https:\/\/strangercam.com\/pt-br\/ometv\/\">OmeTV<\/a><\/td>\n<td align=\"center\">\u2705<\/td>\n<td align=\"center\">\u274c<\/td>\n<td align=\"center\">\u274c<\/td>\n<td align=\"center\">\u2705<\/td>\n<td align=\"center\">\u2705<\/td>\n<td>Aplicativo m\u00f3vel, somente correspond\u00eancia aleat\u00f3ria<\/td>\n<\/tr>\n<tr>\n<td>Shagle<\/td>\n<td align=\"center\">\u2705<\/td>\n<td align=\"center\">\u274c (Pago)<\/td>\n<td align=\"center\">\u274c<\/td>\n<td align=\"center\">\u2705<\/td>\n<td align=\"center\">\u2705<\/td>\n<td>Muitos recursos bloqueados na vers\u00e3o premium<\/td>\n<\/tr>\n<tr>\n<td><a href=\"https:\/\/strangercam.com\/pt-br\/coomeet\/\">CooMeet<\/a><\/td>\n<td align=\"center\">\u274c (Teste)<\/td>\n<td align=\"center\">\u2705<\/td>\n<td align=\"center\">\u2705<\/td>\n<td align=\"center\">\u2705<\/td>\n<td align=\"center\">\u2705<\/td>\n<td>Pago ap\u00f3s uma avalia\u00e7\u00e3o gratuita limitada<\/td>\n<\/tr>\n<tr>\n<td>LuckyCrush<\/td>\n<td align=\"center\">\u274c<\/td>\n<td align=\"center\">\u2705<\/td>\n<td align=\"center\">\u2705<\/td>\n<td align=\"center\">\u2705<\/td>\n<td align=\"center\">\u2705<\/td>\n<td>Sempre pago, apenas bate-papo baseado em g\u00eanero<\/td>\n<\/tr>\n<\/tbody>\n<\/table>\n<p>A StrangerCam \u00e9 uma das poucas plataformas que oferece chamadas de v\u00eddeo aleat\u00f3rias gratuitas com um filtro de g\u00eanero funcional, sem inscri\u00e7\u00e3o e com uso ilimitado.<\/p>\n<h2>Por que a StrangerCam \u00e9 o melhor lugar para chamadas de v\u00eddeo aleat\u00f3rias<\/h2>\n<p>A StrangerCam se tornou rapidamente uma das op\u00e7\u00f5es mais confi\u00e1veis para pessoas que procuram chamadas de v\u00eddeo aleat\u00f3rias. Veja por qu\u00ea:<\/p>\n<h3>1. Totalmente gratuito<\/h3>\n<p>Chamadas de v\u00eddeo aleat\u00f3rias e ilimitadas, sem custos ocultos.<\/p>\n<h3>2. Filtro de g\u00eanero gratuito<\/h3>\n<p>Escolha quem voc\u00ea deseja conhecer - homem, mulher ou ambos - sem pagar.<\/p>\n<h3>3. Sem inscri\u00e7\u00e3o ou registro<\/h3>\n<p>Permane\u00e7a an\u00f4nimo. Basta clicar e conversar instantaneamente.<\/p>\n<h3>4. Seguro e moderado<\/h3>\n<p>As ferramentas de den\u00fancia ativa e os sistemas de modera\u00e7\u00e3o mant\u00eam os bots e os usu\u00e1rios inadequados afastados.<\/p>\n<h3>5. Base de usu\u00e1rios global<\/h3>\n<p>Pessoas de todo o mundo est\u00e3o on-line 24 horas por dia, 7 dias por semana, o que garante uma experi\u00eancia sempre nova.<\/p>\n<h3>6. Compat\u00edvel com dispositivos m\u00f3veis<\/h3>\n<p>Otimizado para telefones, tablets e computadores para chamadas de v\u00eddeo sem problemas em qualquer lugar.<\/p>\n<h2>Depoimentos reais de usu\u00e1rios<\/h2>\n<blockquote><p><em>\"Tentei outros sites, mas o StrangerCam \u00e9 o \u00fanico em que as chamadas de v\u00eddeo aleat\u00f3rias eram realmente gratuitas, sem cobran\u00e7as ocultas.\"<\/em><br \/>\n- Jason, 26 anos<\/p><\/blockquote>\n<blockquote><p><em>\"O filtro de g\u00eanero funciona, e n\u00e3o tive que pagar por ele. Finalmente, uma plataforma que faz o que diz!\"<\/em><br \/>\n- Emily, 23 anos<\/p><\/blockquote>\n<blockquote><p><em>\"Conectei-me com pessoas de cinco pa\u00edses diferentes em menos de uma hora. \u00c9 t\u00e3o viciante.\"<\/em><br \/>\n- Ryan, 29 anos<\/p><\/blockquote>\n<blockquote><p><em>\u201cA StrangerCam \u00e9 a melhor alternativa para <a href=\"https:\/\/strangercam.com\/pt-br\/omegle\/\">Omegle<\/a> Eu encontrei. Gratuito, seguro e sempre ocupado com pessoas on-line.\u201d<\/em><br \/>\n- Megan, 21 anos<\/p><\/blockquote>\n<h2>Dicas de seguran\u00e7a para chamadas de v\u00eddeo aleat\u00f3rias<\/h2>\n<p>Embora as chamadas de v\u00eddeo aleat\u00f3rias sejam divertidas, \u00e9 importante manter-se seguro:<\/p>\n<ul>\n<li>Nunca compartilhe informa\u00e7\u00f5es pessoais, como seu endere\u00e7o, n\u00famero de telefone ou nome completo.<\/li>\n<li>N\u00e3o clique em links compartilhados por estranhos.<\/li>\n<li>Use o bot\u00e3o \"Next\" livremente se voc\u00ea n\u00e3o se sentir confort\u00e1vel.<\/li>\n<li>Verifique seu hist\u00f3rico para evitar a exposi\u00e7\u00e3o de detalhes particulares.<\/li>\n<li>Denuncie usu\u00e1rios inadequados para manter a comunidade segura.<\/li>\n<li>Se for menor de 18 anos, n\u00e3o use plataformas de chamadas de v\u00eddeo aleat\u00f3rias para adultos.<\/li>\n<\/ul>\n<h2>Como come\u00e7ar - passo a passo<\/h2>\n<p>Iniciar uma chamada de v\u00eddeo aleat\u00f3ria leva menos de um minuto:<\/p>\n<ol>\n<li>Abra o StrangerCam em seu navegador ou dispositivo.<\/li>\n<li>Permita o acesso \u00e0 c\u00e2mera e ao microfone.<\/li>\n<li>Selecione as prefer\u00eancias (filtro de g\u00eanero, se desejar).<\/li>\n<li>Clique em Start Call para se conectar instantaneamente.<\/li>\n<li>Converse cara a cara. Clique em Next a qualquer momento para conhecer algu\u00e9m novo.<\/li>\n<\/ol>\n<p>\u00c9 isso: simples, r\u00e1pido e gratuito.<\/p>\n<h2>Considera\u00e7\u00f5es finais - Experimente agora as chamadas de v\u00eddeo aleat\u00f3rias gratuitas<\/h2>\n<p>Em 2025, as chamadas de v\u00eddeo aleat\u00f3rias s\u00e3o uma das maneiras mais interessantes de se conectar com novas pessoas on-line. Elas s\u00e3o r\u00e1pidas, gratuitas, espont\u00e2neas e proporcionam uma intera\u00e7\u00e3o humana aut\u00eantica com o clique de um bot\u00e3o.<\/p>\n<p>Mas nem todas as plataformas cumprem o prometido. Muitas escondem recursos essenciais, como filtros de g\u00eanero, atr\u00e1s de paywalls ou inundam seus sites com bots. \u00c9 por isso que a StrangerCam \u00e9 a melhor op\u00e7\u00e3o: \u00e9 gratuita, segura, an\u00f4nima e conecta voc\u00ea com pessoas reais em todo o mundo.<\/p>\n<p>Pronto para experimentar? Experimente uma chamada de v\u00eddeo aleat\u00f3ria gratuita hoje mesmo e veja quem voc\u00ea conhecer\u00e1 em seguida.<\/p>","protected":false},"excerpt":{"rendered":"<p>Have you been searching for the best way to enjoy a random video call? You\u2019re not alone. Millions of people across the globe use random video call platforms every day to meet strangers, make new friends, flirt, or simply pass the time. Unlike social media or dating apps, where conversations can feel forced or slow, [&hellip;]<\/p>\n","protected":false},"author":8,"featured_media":0,"parent":0,"menu_order":0,"comment_status":"closed","ping_status":"closed","template":"","meta":{"footnotes":""},"class_list":["post-3634","page","type-page","status-publish","hentry"],"yoast_head":"<!-- This site is optimized with the Yoast SEO plugin v27.4 - https:\/\/yoast.com\/product\/yoast-seo-wordpress\/ -->\n<title>Random Video Call with Random Chat on Strangercam.com<\/title>\n<meta name=\"description\" content=\"Liking Random Video Call? Join millions on StrangerCam.com! Start a random video chat, turn on your cam, and meet strangers instantly.\" \/>\n<meta name=\"robots\" content=\"index, follow, max-snippet:-1, max-image-preview:large, max-video-preview:-1\" \/>\n<link rel=\"canonical\" href=\"https:\/\/strangercam.com\/pt-br\/chamada-de-video-aleatoria\/\" \/>\n<meta property=\"og:locale\" content=\"pt_BR\" \/>\n<meta property=\"og:type\" content=\"article\" \/>\n<meta property=\"og:title\" content=\"Random Video Call with Random Chat on Strangercam.com\" \/>\n<meta property=\"og:description\" content=\"Liking Random Video Call? Join millions on StrangerCam.com! Start a random video chat, turn on your cam, and meet strangers instantly.\" \/>\n<meta property=\"og:url\" content=\"https:\/\/strangercam.com\/pt-br\/chamada-de-video-aleatoria\/\" \/>\n<meta property=\"og:site_name\" content=\"Strangercam\" \/>\n<meta property=\"article:publisher\" content=\"https:\/\/www.facebook.com\/strangercam\" \/>\n<meta property=\"article:modified_time\" content=\"2025-08-18T12:15:47+00:00\" \/>\n<meta property=\"og:image\" content=\"https:\/\/strangercam.com\/wp-content\/uploads\/2021\/10\/Untitled-2.png\" \/>\n\t<meta property=\"og:image:width\" content=\"800\" \/>\n\t<meta property=\"og:image:height\" content=\"532\" \/>\n\t<meta property=\"og:image:type\" content=\"image\/png\" \/>\n<meta name=\"twitter:card\" content=\"summary_large_image\" \/>\n<meta name=\"twitter:site\" content=\"@strangercamapp\" \/>\n<meta name=\"twitter:label1\" content=\"Est. tempo de leitura\" \/>\n\t<meta name=\"twitter:data1\" content=\"5 minutos\" \/>\n<script type=\"application\/ld+json\" class=\"yoast-schema-graph\">{\"@context\":\"https:\\\/\\\/schema.org\",\"@graph\":[{\"@type\":\"WebPage\",\"@id\":\"https:\\\/\\\/strangercam.com\\\/random-video-call\\\/\",\"url\":\"https:\\\/\\\/strangercam.com\\\/random-video-call\\\/\",\"name\":\"Random Video Call with Random Chat on Strangercam.com\",\"isPartOf\":{\"@id\":\"https:\\\/\\\/strangercam.com\\\/#website\"},\"datePublished\":\"2025-08-18T11:16:01+00:00\",\"dateModified\":\"2025-08-18T12:15:47+00:00\",\"description\":\"Liking Random Video Call? Join millions on StrangerCam.com! Start a random video chat, turn on your cam, and meet strangers instantly.\",\"breadcrumb\":{\"@id\":\"https:\\\/\\\/strangercam.com\\\/random-video-call\\\/#breadcrumb\"},\"inLanguage\":\"pt-BR\",\"potentialAction\":[{\"@type\":\"ReadAction\",\"target\":[\"https:\\\/\\\/strangercam.com\\\/random-video-call\\\/\"]}]},{\"@type\":\"BreadcrumbList\",\"@id\":\"https:\\\/\\\/strangercam.com\\\/random-video-call\\\/#breadcrumb\",\"itemListElement\":[{\"@type\":\"ListItem\",\"position\":1,\"name\":\"Home\",\"item\":\"https:\\\/\\\/strangercam.com\\\/\"},{\"@type\":\"ListItem\",\"position\":2,\"name\":\"Random Video Call\"}]},{\"@type\":\"WebSite\",\"@id\":\"https:\\\/\\\/strangercam.com\\\/#website\",\"url\":\"https:\\\/\\\/strangercam.com\\\/\",\"name\":\"Strangercam\",\"description\":\"Random Video Chat with Strangers\",\"publisher\":{\"@id\":\"https:\\\/\\\/strangercam.com\\\/#organization\"},\"alternateName\":\"Strangercam.com\",\"potentialAction\":[{\"@type\":\"SearchAction\",\"target\":{\"@type\":\"EntryPoint\",\"urlTemplate\":\"https:\\\/\\\/strangercam.com\\\/?s={search_term_string}\"},\"query-input\":{\"@type\":\"PropertyValueSpecification\",\"valueRequired\":true,\"valueName\":\"search_term_string\"}}],\"inLanguage\":\"pt-BR\"},{\"@type\":\"Organization\",\"@id\":\"https:\\\/\\\/strangercam.com\\\/#organization\",\"name\":\"Strangercam\",\"alternateName\":\"Strangercam.com\",\"url\":\"https:\\\/\\\/strangercam.com\\\/\",\"logo\":{\"@type\":\"ImageObject\",\"inLanguage\":\"pt-BR\",\"@id\":\"https:\\\/\\\/strangercam.com\\\/#\\\/schema\\\/logo\\\/image\\\/\",\"url\":\"https:\\\/\\\/strangercam.com\\\/wp-content\\\/uploads\\\/2020\\\/11\\\/cropped-new-favicon-black.png\",\"contentUrl\":\"https:\\\/\\\/strangercam.com\\\/wp-content\\\/uploads\\\/2020\\\/11\\\/cropped-new-favicon-black.png\",\"width\":512,\"height\":512,\"caption\":\"Strangercam\"},\"image\":{\"@id\":\"https:\\\/\\\/strangercam.com\\\/#\\\/schema\\\/logo\\\/image\\\/\"},\"sameAs\":[\"https:\\\/\\\/www.facebook.com\\\/strangercam\",\"https:\\\/\\\/x.com\\\/strangercamapp\"]}]}<\/script>\n<!-- \/ Yoast SEO plugin. -->","yoast_head_json":{"title":"Chamada de v\u00eddeo aleat\u00f3ria com bate-papo aleat\u00f3rio em Strangercam.com","description":"Gosta de chamadas de v\u00eddeo aleat\u00f3rias? Join milh\u00f5es no StrangerCam.com! Inicie um bate-papo por v\u00eddeo aleat\u00f3rio, ligue sua c\u00e2mera e conhe\u00e7a estranhos instantaneamente.","robots":{"index":"index","follow":"follow","max-snippet":"max-snippet:-1","max-image-preview":"max-image-preview:large","max-video-preview":"max-video-preview:-1"},"canonical":"https:\/\/strangercam.com\/pt-br\/chamada-de-video-aleatoria\/","og_locale":"pt_BR","og_type":"article","og_title":"Random Video Call with Random Chat on Strangercam.com","og_description":"Liking Random Video Call? Join millions on StrangerCam.com! Start a random video chat, turn on your cam, and meet strangers instantly.","og_url":"https:\/\/strangercam.com\/pt-br\/chamada-de-video-aleatoria\/","og_site_name":"Strangercam","article_publisher":"https:\/\/www.facebook.com\/strangercam","article_modified_time":"2025-08-18T12:15:47+00:00","og_image":[{"width":800,"height":532,"url":"https:\/\/strangercam.com\/wp-content\/uploads\/2021\/10\/Untitled-2.png","type":"image\/png"}],"twitter_card":"summary_large_image","twitter_site":"@strangercamapp","twitter_misc":{"Est. tempo de leitura":"5 minutos"},"schema":{"@context":"https:\/\/schema.org","@graph":[{"@type":"WebPage","@id":"https:\/\/strangercam.com\/random-video-call\/","url":"https:\/\/strangercam.com\/random-video-call\/","name":"Chamada de v\u00eddeo aleat\u00f3ria com bate-papo aleat\u00f3rio em Strangercam.com","isPartOf":{"@id":"https:\/\/strangercam.com\/#website"},"datePublished":"2025-08-18T11:16:01+00:00","dateModified":"2025-08-18T12:15:47+00:00","description":"Gosta de chamadas de v\u00eddeo aleat\u00f3rias? Join milh\u00f5es no StrangerCam.com! Inicie um bate-papo por v\u00eddeo aleat\u00f3rio, ligue sua c\u00e2mera e conhe\u00e7a estranhos instantaneamente.","breadcrumb":{"@id":"https:\/\/strangercam.com\/random-video-call\/#breadcrumb"},"inLanguage":"pt-BR","potentialAction":[{"@type":"ReadAction","target":["https:\/\/strangercam.com\/random-video-call\/"]}]},{"@type":"BreadcrumbList","@id":"https:\/\/strangercam.com\/random-video-call\/#breadcrumb","itemListElement":[{"@type":"ListItem","position":1,"name":"Home","item":"https:\/\/strangercam.com\/"},{"@type":"ListItem","position":2,"name":"Random Video Call"}]},{"@type":"WebSite","@id":"https:\/\/strangercam.com\/#website","url":"https:\/\/strangercam.com\/","name":"Strangercam","description":"Bate-papo por v\u00eddeo aleat\u00f3rio com estranhos","publisher":{"@id":"https:\/\/strangercam.com\/#organization"},"alternateName":"Strangercam.com","potentialAction":[{"@type":"SearchAction","target":{"@type":"EntryPoint","urlTemplate":"https:\/\/strangercam.com\/?s={search_term_string}"},"query-input":{"@type":"PropertyValueSpecification","valueRequired":true,"valueName":"search_term_string"}}],"inLanguage":"pt-BR"},{"@type":"Organization","@id":"https:\/\/strangercam.com\/#organization","name":"Strangercam","alternateName":"Strangercam.com","url":"https:\/\/strangercam.com\/","logo":{"@type":"ImageObject","inLanguage":"pt-BR","@id":"https:\/\/strangercam.com\/#\/schema\/logo\/image\/","url":"https:\/\/strangercam.com\/wp-content\/uploads\/2020\/11\/cropped-new-favicon-black.png","contentUrl":"https:\/\/strangercam.com\/wp-content\/uploads\/2020\/11\/cropped-new-favicon-black.png","width":512,"height":512,"caption":"Strangercam"},"image":{"@id":"https:\/\/strangercam.com\/#\/schema\/logo\/image\/"},"sameAs":["https:\/\/www.facebook.com\/strangercam","https:\/\/x.com\/strangercamapp"]}]}},"_links":{"self":[{"href":"https:\/\/strangercam.com\/pt-br\/wp-json\/wp\/v2\/pages\/3634","targetHints":{"allow":["GET"]}}],"collection":[{"href":"https:\/\/strangercam.com\/pt-br\/wp-json\/wp\/v2\/pages"}],"about":[{"href":"https:\/\/strangercam.com\/pt-br\/wp-json\/wp\/v2\/types\/page"}],"author":[{"embeddable":true,"href":"https:\/\/strangercam.com\/pt-br\/wp-json\/wp\/v2\/users\/8"}],"replies":[{"embeddable":true,"href":"https:\/\/strangercam.com\/pt-br\/wp-json\/wp\/v2\/comments?post=3634"}],"version-history":[{"count":2,"href":"https:\/\/strangercam.com\/pt-br\/wp-json\/wp\/v2\/pages\/3634\/revisions"}],"predecessor-version":[{"id":12970,"href":"https:\/\/strangercam.com\/pt-br\/wp-json\/wp\/v2\/pages\/3634\/revisions\/12970"}],"wp:attachment":[{"href":"https:\/\/strangercam.com\/pt-br\/wp-json\/wp\/v2\/media?parent=3634"}],"curies":[{"name":"wp","href":"https:\/\/api.w.org\/{rel}","templated":true}]}}