{"id":3283,"date":"2021-05-09T21:43:36","date_gmt":"2021-05-09T19:43:36","guid":{"rendered":"https:\/\/strangercam.com\/?page_id=3283"},"modified":"2023-08-21T11:40:07","modified_gmt":"2023-08-21T09:40:07","slug":"alotalk","status":"publish","type":"page","link":"https:\/\/strangercam.com\/pt-br\/allotalk\/","title":{"rendered":"Allotalk"},"content":{"rendered":"<p>Um site de encontros permite que os usu\u00e1rios encontrem facilmente solteiros e novos amigos em um local. Por outro lado, os novos membros devem escolher o site certo que se adapte \u00e0s suas necessidades e outros aspectos. O Allotalk \u00e9 um site de encontros destinado a adolescentes, solteiros e desconhecidos que desejam <a href=\"https:\/\/strangercam.com\/pt-br\/chatroulette\/\">bate-papo<\/a> com <a href=\"https:\/\/strangercam.com\/pt-br\/chatrandom\/\">aleat\u00f3rio<\/a> pessoas por meio de salas de bate-papo. \u00c9 <a href=\"https:\/\/strangercam.com\/pt-br\/1v1-chat\/\">um<\/a> das plataformas de bate-papo on-line mais seguras para adolescentes, permitindo que eles identifiquem amigos reais com facilidade. A plataforma \u00e9 a op\u00e7\u00e3o certa para aqueles que desejam <a href=\"https:\/\/strangercam.com\/pt-br\/coomeet\/\">conhecer<\/a> solteiros com culturas diferentes.<\/p>\n<h2>Como usar o site de relacionamentos Allotalk?<\/h2>\n<p>O site de relacionamentos oferece maneiras de conversar com outras pessoas por meio de salas de bate-papo e bate-papo particular. Ele abrange oito salas de bate-papo para adolescentes, permitindo que eles fa\u00e7am amigos de v\u00e1rias partes do mundo. Qualquer pessoa que queira se registrar nesse site pode usar sua conta do Facebook ou do Twitter. Por outro lado, eles devem utilizar o mesmo nome de usu\u00e1rio e senha durante o processo de registro, o que ajudar\u00e1 a atingir os objetivos. Al\u00e9m disso, a plataforma oferece uma op\u00e7\u00e3o de convidado para novos usu\u00e1rios e eles precisam fornecer apenas um nome de usu\u00e1rio e entrar na caixa captcha para confirma\u00e7\u00e3o.<\/p>\n<h2>Quais s\u00e3o os pr\u00f3s e os contras?<\/h2>\n<p>O site tem designs simples e uma interface de usu\u00e1rio que permite que os membros se comuniquem com outras pessoas facilmente. Al\u00e9m disso, ele oferece m\u00e9todos para enviar mensagens privadas a outras pessoas que ajudar\u00e3o a criar amizades com facilidade. Os usu\u00e1rios podem at\u00e9 mesmo enviar presentes e v\u00eddeos do YouTube em um bate-papo em grupo para convidar mais amigos. Outro aspecto do site \u00e9 que ele oferece m\u00e9todos para criar sua pr\u00f3pria sala de bate-papo com base em suas escolhas e prefer\u00eancias. Como todas as salas de bate-papo funcionam rapidamente, n\u00e3o \u00e9 necess\u00e1rio nenhum plug-in. Embora a vers\u00e3o do aplicativo seja conveniente de usar, ela est\u00e1 dispon\u00edvel apenas para celulares Android.<\/p>\n<h2>Quais s\u00e3o os planos de pre\u00e7os?<\/h2>\n<p>Antes de criar uma conta, \u00e9 preciso conhecer detalhadamente os planos de pre\u00e7os, o que ajudar\u00e1 a tomar a decis\u00e3o certa. O Allotalk oferece <a href=\"https:\/\/strangercam.com\/pt-br\/chat4free\/\">gratuito<\/a> servi\u00e7os e servi\u00e7os pagos para os usu\u00e1rios, e eles podem escolher o melhor depois de fazer uma pesquisa. Ele oferece planos mensais, trimestrais e anuais para novos membros, mostrando assim maneiras de obter excelentes benef\u00edcios. Os servi\u00e7os pagos permitem que os usu\u00e1rios carreguem suas imagens, visualizem mensagens de bate-papo e enviem mensagens de voz. No entanto, \u00e9 necess\u00e1rio ler detalhadamente os termos e condi\u00e7\u00f5es ao criar uma conta. O site \u00e9 a melhor op\u00e7\u00e3o para identificar pessoas que pensam da mesma forma, de diferentes estilos de vida, sem nenhum inc\u00f4modo.<\/p>","protected":false},"excerpt":{"rendered":"<p>A dating website allows users to find singles as well as new friends in a location easily. On the other hand, new members should choose the right website which tailors to their needs and other things. Allotalk is a dating website meant for teenagers, singles, and strangers who want to chat with random people through [&hellip;]<\/p>\n","protected":false},"author":6,"featured_media":559,"parent":0,"menu_order":0,"comment_status":"closed","ping_status":"closed","template":"","meta":{"footnotes":""},"class_list":["post-3283","page","type-page","status-publish","has-post-thumbnail","hentry"],"yoast_head":"<!-- This site is optimized with the Yoast SEO plugin v27.4 - https:\/\/yoast.com\/product\/yoast-seo-wordpress\/ -->\n<title>Allotalk - Most Popular Video Chats - Cam on StrangerCam.com<\/title>\n<meta name=\"description\" content=\"Like Allotalk? Come chat with more than 5.000.000 strangers on Stranger Cam for Free! Turn on your cam and find new friends &amp; maby a match!\" \/>\n<meta name=\"robots\" content=\"index, follow, max-snippet:-1, max-image-preview:large, max-video-preview:-1\" \/>\n<link rel=\"canonical\" href=\"https:\/\/strangercam.com\/pt-br\/alotalk\/\" \/>\n<meta property=\"og:locale\" content=\"pt_BR\" \/>\n<meta property=\"og:type\" content=\"article\" \/>\n<meta property=\"og:title\" content=\"Allotalk - Most Popular Video Chats - Cam on StrangerCam.com\" \/>\n<meta property=\"og:description\" content=\"Like Allotalk? Come chat with more than 5.000.000 strangers on Stranger Cam for Free! Turn on your cam and find new friends &amp; maby a match!\" \/>\n<meta property=\"og:url\" content=\"https:\/\/strangercam.com\/pt-br\/alotalk\/\" \/>\n<meta property=\"og:site_name\" content=\"Strangercam\" \/>\n<meta property=\"article:publisher\" content=\"https:\/\/www.facebook.com\/strangercam\" \/>\n<meta property=\"article:modified_time\" content=\"2023-08-21T09:40:07+00:00\" \/>\n<meta property=\"og:image\" content=\"https:\/\/strangercam.com\/wp-content\/uploads\/2020\/11\/stranger-cam-1.png\" \/>\n\t<meta property=\"og:image:width\" content=\"800\" \/>\n\t<meta property=\"og:image:height\" content=\"800\" \/>\n\t<meta property=\"og:image:type\" content=\"image\/png\" \/>\n<meta name=\"twitter:card\" content=\"summary_large_image\" \/>\n<meta name=\"twitter:site\" content=\"@strangercamapp\" \/>\n<meta name=\"twitter:label1\" content=\"Est. tempo de leitura\" \/>\n\t<meta name=\"twitter:data1\" content=\"2 minutos\" \/>\n<script type=\"application\/ld+json\" class=\"yoast-schema-graph\">{\"@context\":\"https:\\\/\\\/schema.org\",\"@graph\":[{\"@type\":\"WebPage\",\"@id\":\"https:\\\/\\\/strangercam.com\\\/allotalk\\\/\",\"url\":\"https:\\\/\\\/strangercam.com\\\/allotalk\\\/\",\"name\":\"Allotalk - Most Popular Video Chats - Cam on StrangerCam.com\",\"isPartOf\":{\"@id\":\"https:\\\/\\\/strangercam.com\\\/#website\"},\"primaryImageOfPage\":{\"@id\":\"https:\\\/\\\/strangercam.com\\\/allotalk\\\/#primaryimage\"},\"image\":{\"@id\":\"https:\\\/\\\/strangercam.com\\\/allotalk\\\/#primaryimage\"},\"thumbnailUrl\":\"https:\\\/\\\/strangercam.com\\\/wp-content\\\/uploads\\\/2020\\\/11\\\/stranger-cam-1.png\",\"datePublished\":\"2021-05-09T19:43:36+00:00\",\"dateModified\":\"2023-08-21T09:40:07+00:00\",\"description\":\"Like Allotalk? Come chat with more than 5.000.000 strangers on Stranger Cam for Free! Turn on your cam and find new friends & maby a match!\",\"breadcrumb\":{\"@id\":\"https:\\\/\\\/strangercam.com\\\/allotalk\\\/#breadcrumb\"},\"inLanguage\":\"pt-BR\",\"potentialAction\":[{\"@type\":\"ReadAction\",\"target\":[\"https:\\\/\\\/strangercam.com\\\/allotalk\\\/\"]}]},{\"@type\":\"ImageObject\",\"inLanguage\":\"pt-BR\",\"@id\":\"https:\\\/\\\/strangercam.com\\\/allotalk\\\/#primaryimage\",\"url\":\"https:\\\/\\\/strangercam.com\\\/wp-content\\\/uploads\\\/2020\\\/11\\\/stranger-cam-1.png\",\"contentUrl\":\"https:\\\/\\\/strangercam.com\\\/wp-content\\\/uploads\\\/2020\\\/11\\\/stranger-cam-1.png\",\"width\":800,\"height\":800,\"caption\":\"stranger cam random video chat\"},{\"@type\":\"BreadcrumbList\",\"@id\":\"https:\\\/\\\/strangercam.com\\\/allotalk\\\/#breadcrumb\",\"itemListElement\":[{\"@type\":\"ListItem\",\"position\":1,\"name\":\"Home\",\"item\":\"https:\\\/\\\/strangercam.com\\\/\"},{\"@type\":\"ListItem\",\"position\":2,\"name\":\"Allotalk\"}]},{\"@type\":\"WebSite\",\"@id\":\"https:\\\/\\\/strangercam.com\\\/#website\",\"url\":\"https:\\\/\\\/strangercam.com\\\/\",\"name\":\"Strangercam\",\"description\":\"Random Video Chat with Strangers\",\"publisher\":{\"@id\":\"https:\\\/\\\/strangercam.com\\\/#organization\"},\"alternateName\":\"Strangercam.com\",\"potentialAction\":[{\"@type\":\"SearchAction\",\"target\":{\"@type\":\"EntryPoint\",\"urlTemplate\":\"https:\\\/\\\/strangercam.com\\\/?s={search_term_string}\"},\"query-input\":{\"@type\":\"PropertyValueSpecification\",\"valueRequired\":true,\"valueName\":\"search_term_string\"}}],\"inLanguage\":\"pt-BR\"},{\"@type\":\"Organization\",\"@id\":\"https:\\\/\\\/strangercam.com\\\/#organization\",\"name\":\"Strangercam\",\"alternateName\":\"Strangercam.com\",\"url\":\"https:\\\/\\\/strangercam.com\\\/\",\"logo\":{\"@type\":\"ImageObject\",\"inLanguage\":\"pt-BR\",\"@id\":\"https:\\\/\\\/strangercam.com\\\/#\\\/schema\\\/logo\\\/image\\\/\",\"url\":\"https:\\\/\\\/strangercam.com\\\/wp-content\\\/uploads\\\/2020\\\/11\\\/cropped-new-favicon-black.png\",\"contentUrl\":\"https:\\\/\\\/strangercam.com\\\/wp-content\\\/uploads\\\/2020\\\/11\\\/cropped-new-favicon-black.png\",\"width\":512,\"height\":512,\"caption\":\"Strangercam\"},\"image\":{\"@id\":\"https:\\\/\\\/strangercam.com\\\/#\\\/schema\\\/logo\\\/image\\\/\"},\"sameAs\":[\"https:\\\/\\\/www.facebook.com\\\/strangercam\",\"https:\\\/\\\/x.com\\\/strangercamapp\"]}]}<\/script>\n<!-- \/ Yoast SEO plugin. -->","yoast_head_json":{"title":"Allotalk - Chats de V\u00eddeo Mais Populares - C\u00e2mera no StrangerCam.com","description":"Gosta do Allotalk? Venha conversar com mais de 5.000.000 de desconhecidos no Stranger Cam gratuitamente! Ligue sua c\u00e2mera e encontre novos amigos e talvez um par!","robots":{"index":"index","follow":"follow","max-snippet":"max-snippet:-1","max-image-preview":"max-image-preview:large","max-video-preview":"max-video-preview:-1"},"canonical":"https:\/\/strangercam.com\/pt-br\/alotalk\/","og_locale":"pt_BR","og_type":"article","og_title":"Allotalk - Most Popular Video Chats - Cam on StrangerCam.com","og_description":"Like Allotalk? Come chat with more than 5.000.000 strangers on Stranger Cam for Free! Turn on your cam and find new friends & maby a match!","og_url":"https:\/\/strangercam.com\/pt-br\/alotalk\/","og_site_name":"Strangercam","article_publisher":"https:\/\/www.facebook.com\/strangercam","article_modified_time":"2023-08-21T09:40:07+00:00","og_image":[{"width":800,"height":800,"url":"https:\/\/strangercam.com\/wp-content\/uploads\/2020\/11\/stranger-cam-1.png","type":"image\/png"}],"twitter_card":"summary_large_image","twitter_site":"@strangercamapp","twitter_misc":{"Est. tempo de leitura":"2 minutos"},"schema":{"@context":"https:\/\/schema.org","@graph":[{"@type":"WebPage","@id":"https:\/\/strangercam.com\/allotalk\/","url":"https:\/\/strangercam.com\/allotalk\/","name":"Allotalk - Chats de V\u00eddeo Mais Populares - C\u00e2mera no StrangerCam.com","isPartOf":{"@id":"https:\/\/strangercam.com\/#website"},"primaryImageOfPage":{"@id":"https:\/\/strangercam.com\/allotalk\/#primaryimage"},"image":{"@id":"https:\/\/strangercam.com\/allotalk\/#primaryimage"},"thumbnailUrl":"https:\/\/strangercam.com\/wp-content\/uploads\/2020\/11\/stranger-cam-1.png","datePublished":"2021-05-09T19:43:36+00:00","dateModified":"2023-08-21T09:40:07+00:00","description":"Gosta do Allotalk? Venha conversar com mais de 5.000.000 de desconhecidos no Stranger Cam gratuitamente! Ligue sua c\u00e2mera e encontre novos amigos e talvez um par!","breadcrumb":{"@id":"https:\/\/strangercam.com\/allotalk\/#breadcrumb"},"inLanguage":"pt-BR","potentialAction":[{"@type":"ReadAction","target":["https:\/\/strangercam.com\/allotalk\/"]}]},{"@type":"ImageObject","inLanguage":"pt-BR","@id":"https:\/\/strangercam.com\/allotalk\/#primaryimage","url":"https:\/\/strangercam.com\/wp-content\/uploads\/2020\/11\/stranger-cam-1.png","contentUrl":"https:\/\/strangercam.com\/wp-content\/uploads\/2020\/11\/stranger-cam-1.png","width":800,"height":800,"caption":"stranger cam random video chat"},{"@type":"BreadcrumbList","@id":"https:\/\/strangercam.com\/allotalk\/#breadcrumb","itemListElement":[{"@type":"ListItem","position":1,"name":"Home","item":"https:\/\/strangercam.com\/"},{"@type":"ListItem","position":2,"name":"Allotalk"}]},{"@type":"WebSite","@id":"https:\/\/strangercam.com\/#website","url":"https:\/\/strangercam.com\/","name":"Strangercam","description":"Bate-papo por v\u00eddeo aleat\u00f3rio com estranhos","publisher":{"@id":"https:\/\/strangercam.com\/#organization"},"alternateName":"Strangercam.com","potentialAction":[{"@type":"SearchAction","target":{"@type":"EntryPoint","urlTemplate":"https:\/\/strangercam.com\/?s={search_term_string}"},"query-input":{"@type":"PropertyValueSpecification","valueRequired":true,"valueName":"search_term_string"}}],"inLanguage":"pt-BR"},{"@type":"Organization","@id":"https:\/\/strangercam.com\/#organization","name":"Strangercam","alternateName":"Strangercam.com","url":"https:\/\/strangercam.com\/","logo":{"@type":"ImageObject","inLanguage":"pt-BR","@id":"https:\/\/strangercam.com\/#\/schema\/logo\/image\/","url":"https:\/\/strangercam.com\/wp-content\/uploads\/2020\/11\/cropped-new-favicon-black.png","contentUrl":"https:\/\/strangercam.com\/wp-content\/uploads\/2020\/11\/cropped-new-favicon-black.png","width":512,"height":512,"caption":"Strangercam"},"image":{"@id":"https:\/\/strangercam.com\/#\/schema\/logo\/image\/"},"sameAs":["https:\/\/www.facebook.com\/strangercam","https:\/\/x.com\/strangercamapp"]}]}},"_links":{"self":[{"href":"https:\/\/strangercam.com\/pt-br\/wp-json\/wp\/v2\/pages\/3283","targetHints":{"allow":["GET"]}}],"collection":[{"href":"https:\/\/strangercam.com\/pt-br\/wp-json\/wp\/v2\/pages"}],"about":[{"href":"https:\/\/strangercam.com\/pt-br\/wp-json\/wp\/v2\/types\/page"}],"author":[{"embeddable":true,"href":"https:\/\/strangercam.com\/pt-br\/wp-json\/wp\/v2\/users\/6"}],"replies":[{"embeddable":true,"href":"https:\/\/strangercam.com\/pt-br\/wp-json\/wp\/v2\/comments?post=3283"}],"version-history":[{"count":0,"href":"https:\/\/strangercam.com\/pt-br\/wp-json\/wp\/v2\/pages\/3283\/revisions"}],"wp:featuredmedia":[{"embeddable":true,"href":"https:\/\/strangercam.com\/pt-br\/wp-json\/wp\/v2\/media\/559"}],"wp:attachment":[{"href":"https:\/\/strangercam.com\/pt-br\/wp-json\/wp\/v2\/media?parent=3283"}],"curies":[{"name":"wp","href":"https:\/\/api.w.org\/{rel}","templated":true}]}}