{"id":3266,"date":"2021-05-09T21:39:15","date_gmt":"2021-05-09T19:39:15","guid":{"rendered":"https:\/\/strangercam.com\/?page_id=3266"},"modified":"2023-08-21T12:24:41","modified_gmt":"2023-08-21T10:24:41","slug":"imeetzu","status":"publish","type":"page","link":"https:\/\/strangercam.com\/pt-br\/imeetzu\/","title":{"rendered":"iMeetzu"},"content":{"rendered":"<p>Um site de relacionamentos deve abranger todos os recursos para os usu\u00e1rios que desejam encontrar amigos com facilidade. O site iMeetzu oferece m\u00e9todos para identificar pessoas que desejam construir relacionamentos com outras. Ele apresenta encontros aleat\u00f3rios ao vivo <a href=\"https:\/\/strangercam.com\/pt-br\/chatroulette\/\">bate-papo<\/a> e salas de bate-papo de texto para que os membros explorem facilmente os interesses e as qualidades dos outros. O site oferece m\u00e9todos para desenvolver amizades e relacionamentos ap\u00f3s a identifica\u00e7\u00e3o de pessoas adequadas. Os membros podem usar v\u00e1rias op\u00e7\u00f5es de bate-papo nesse site quando desejarem <a href=\"https:\/\/strangercam.com\/pt-br\/coomeet\/\">conhecer<\/a> bons amigos em um local. Al\u00e9m disso, eles podem se comunicar de forma eficaz com as op\u00e7\u00f5es que ajudam a criar v\u00ednculos.<\/p>\n<h2>Quais s\u00e3o os pr\u00f3s e os contras do iMeetzu?<\/h2>\n<p>O site de encontros oferece compatibilidade com v\u00e1rios dispositivos, permitindo que os usu\u00e1rios tenham uma experi\u00eancia melhor. Ele permite que os usu\u00e1rios criem perfis personalizados com configura\u00e7\u00f5es de privacidade controladas pelo usu\u00e1rio para garantir mais prote\u00e7\u00e3o. Al\u00e9m disso, o iMeetzu n\u00e3o cobra nenhuma taxa pelas ferramentas de intera\u00e7\u00e3o ao conversar com outras pessoas. Outro aspecto do site \u00e9 que ele abre caminho para conversas em grupo que ajudam a obter \u00f3timos resultados. Os servi\u00e7os s\u00e3o gratuitos e permitem que os usu\u00e1rios se conectem com outras pessoas o mais r\u00e1pido poss\u00edvel. Por outro lado, o processo de registro n\u00e3o \u00e9 obrigat\u00f3rio, o que pode causar alguns problemas.<\/p>\n<h3>Quais s\u00e3o os recursos oferecidos pelo iMeetzu?<\/h3>\n<p>Qualquer pessoa que queira atender aos requisitos exatos de encontros entre gays, l\u00e9sbicas e heterossexuais pode escolher esse site. <a href=\"https:\/\/strangercam.com\/pt-br\/shagle\/\">Adulto<\/a> O namoro \u00e9 outro recurso dispon\u00edvel para aqueles que desejam se conectar com modelos on-line. Ao mesmo tempo, os usu\u00e1rios n\u00e3o devem ultrapassar nenhum limite quando quiserem conversar com elas por meio de webcams. Bate-papo por texto, bate-papo em grupo e <a href=\"https:\/\/strangercam.com\/pt-br\/rabbit-video-chat\/\">v\u00eddeo<\/a> bate-papo s\u00e3o alguns dos outros recursos oferecidos pelo site, permitindo que os usu\u00e1rios encontrem pessoas interessantes em um local sem nenhuma dificuldade. \u00c9 poss\u00edvel fazer upload e atualizar fotos de perfil no site, o que ajuda muito a impactar outras pessoas rapidamente.<\/p>\n<h3>Vantagens de usar o site iMeetzu<\/h3>\n<p>A principal vantagem de usar o site iMeetzu \u00e9 que ele oferece maneiras de evitar a solid\u00e3o e outros problemas na vida. Ele at\u00e9 mostra m\u00e9todos para fazer companheiros depois de avaliar os perfis e outros detalhes de outros membros. Al\u00e9m disso, ele contribui mais para a conex\u00e3o com outras pessoas que v\u00eam de diferentes estilos de vida. Al\u00e9m disso, o site \u00e9 um local perfeito para encontros adultos, onde \u00e9 poss\u00edvel conversar com <a href=\"https:\/\/strangercam.com\/pt-br\/video-chat-with-girls\/\">meninas<\/a> e meninos por meio de webcams. O site oferece m\u00e9todos para selecionar pessoas aleat\u00f3rias com op\u00e7\u00f5es de pesquisa e filtros para garantir uma comunica\u00e7\u00e3o eficaz.<\/p>","protected":false},"excerpt":{"rendered":"<p>A dating website should cover all the features for users when they want to find friends with ease. iMeetzu website provides methods to identify people who want to build relationships with others. It features random live chat and text chat rooms for members to explore the interests and qualities of others easily. The website gives [&hellip;]<\/p>\n","protected":false},"author":6,"featured_media":559,"parent":0,"menu_order":0,"comment_status":"closed","ping_status":"closed","template":"","meta":{"footnotes":""},"class_list":["post-3266","page","type-page","status-publish","has-post-thumbnail","hentry"],"yoast_head":"<!-- This site is optimized with the Yoast SEO plugin v27.4 - https:\/\/yoast.com\/product\/yoast-seo-wordpress\/ -->\n<title>iMeetzu - Most Popular Video Chats - Cam on StrangerCam.com<\/title>\n<meta name=\"description\" content=\"Like iMeetzu? Come chat with more than 5.000.000 strangers on Stranger Cam for Free! Turn on your cam and find new friends &amp; maby a match!\" \/>\n<meta name=\"robots\" content=\"index, follow, max-snippet:-1, max-image-preview:large, max-video-preview:-1\" \/>\n<link rel=\"canonical\" href=\"https:\/\/strangercam.com\/pt-br\/imeetzu\/\" \/>\n<meta property=\"og:locale\" content=\"pt_BR\" \/>\n<meta property=\"og:type\" content=\"article\" \/>\n<meta property=\"og:title\" content=\"iMeetzu - Most Popular Video Chats - Cam on StrangerCam.com\" \/>\n<meta property=\"og:description\" content=\"Like iMeetzu? Come chat with more than 5.000.000 strangers on Stranger Cam for Free! Turn on your cam and find new friends &amp; maby a match!\" \/>\n<meta property=\"og:url\" content=\"https:\/\/strangercam.com\/pt-br\/imeetzu\/\" \/>\n<meta property=\"og:site_name\" content=\"Strangercam\" \/>\n<meta property=\"article:publisher\" content=\"https:\/\/www.facebook.com\/strangercam\" \/>\n<meta property=\"article:modified_time\" content=\"2023-08-21T10:24:41+00:00\" \/>\n<meta property=\"og:image\" content=\"https:\/\/strangercam.com\/wp-content\/uploads\/2020\/11\/stranger-cam-1.png\" \/>\n\t<meta property=\"og:image:width\" content=\"800\" \/>\n\t<meta property=\"og:image:height\" content=\"800\" \/>\n\t<meta property=\"og:image:type\" content=\"image\/png\" \/>\n<meta name=\"twitter:card\" content=\"summary_large_image\" \/>\n<meta name=\"twitter:site\" content=\"@strangercamapp\" \/>\n<meta name=\"twitter:label1\" content=\"Est. tempo de leitura\" \/>\n\t<meta name=\"twitter:data1\" content=\"2 minutos\" \/>\n<script type=\"application\/ld+json\" class=\"yoast-schema-graph\">{\"@context\":\"https:\\\/\\\/schema.org\",\"@graph\":[{\"@type\":\"WebPage\",\"@id\":\"https:\\\/\\\/strangercam.com\\\/imeetzu\\\/\",\"url\":\"https:\\\/\\\/strangercam.com\\\/imeetzu\\\/\",\"name\":\"iMeetzu - Most Popular Video Chats - Cam on StrangerCam.com\",\"isPartOf\":{\"@id\":\"https:\\\/\\\/strangercam.com\\\/#website\"},\"primaryImageOfPage\":{\"@id\":\"https:\\\/\\\/strangercam.com\\\/imeetzu\\\/#primaryimage\"},\"image\":{\"@id\":\"https:\\\/\\\/strangercam.com\\\/imeetzu\\\/#primaryimage\"},\"thumbnailUrl\":\"https:\\\/\\\/strangercam.com\\\/wp-content\\\/uploads\\\/2020\\\/11\\\/stranger-cam-1.png\",\"datePublished\":\"2021-05-09T19:39:15+00:00\",\"dateModified\":\"2023-08-21T10:24:41+00:00\",\"description\":\"Like iMeetzu? Come chat with more than 5.000.000 strangers on Stranger Cam for Free! Turn on your cam and find new friends & maby a match!\",\"breadcrumb\":{\"@id\":\"https:\\\/\\\/strangercam.com\\\/imeetzu\\\/#breadcrumb\"},\"inLanguage\":\"pt-BR\",\"potentialAction\":[{\"@type\":\"ReadAction\",\"target\":[\"https:\\\/\\\/strangercam.com\\\/imeetzu\\\/\"]}]},{\"@type\":\"ImageObject\",\"inLanguage\":\"pt-BR\",\"@id\":\"https:\\\/\\\/strangercam.com\\\/imeetzu\\\/#primaryimage\",\"url\":\"https:\\\/\\\/strangercam.com\\\/wp-content\\\/uploads\\\/2020\\\/11\\\/stranger-cam-1.png\",\"contentUrl\":\"https:\\\/\\\/strangercam.com\\\/wp-content\\\/uploads\\\/2020\\\/11\\\/stranger-cam-1.png\",\"width\":800,\"height\":800,\"caption\":\"stranger cam random video chat\"},{\"@type\":\"BreadcrumbList\",\"@id\":\"https:\\\/\\\/strangercam.com\\\/imeetzu\\\/#breadcrumb\",\"itemListElement\":[{\"@type\":\"ListItem\",\"position\":1,\"name\":\"Home\",\"item\":\"https:\\\/\\\/strangercam.com\\\/\"},{\"@type\":\"ListItem\",\"position\":2,\"name\":\"iMeetzu\"}]},{\"@type\":\"WebSite\",\"@id\":\"https:\\\/\\\/strangercam.com\\\/#website\",\"url\":\"https:\\\/\\\/strangercam.com\\\/\",\"name\":\"Strangercam\",\"description\":\"Random Video Chat with Strangers\",\"publisher\":{\"@id\":\"https:\\\/\\\/strangercam.com\\\/#organization\"},\"alternateName\":\"Strangercam.com\",\"potentialAction\":[{\"@type\":\"SearchAction\",\"target\":{\"@type\":\"EntryPoint\",\"urlTemplate\":\"https:\\\/\\\/strangercam.com\\\/?s={search_term_string}\"},\"query-input\":{\"@type\":\"PropertyValueSpecification\",\"valueRequired\":true,\"valueName\":\"search_term_string\"}}],\"inLanguage\":\"pt-BR\"},{\"@type\":\"Organization\",\"@id\":\"https:\\\/\\\/strangercam.com\\\/#organization\",\"name\":\"Strangercam\",\"alternateName\":\"Strangercam.com\",\"url\":\"https:\\\/\\\/strangercam.com\\\/\",\"logo\":{\"@type\":\"ImageObject\",\"inLanguage\":\"pt-BR\",\"@id\":\"https:\\\/\\\/strangercam.com\\\/#\\\/schema\\\/logo\\\/image\\\/\",\"url\":\"https:\\\/\\\/strangercam.com\\\/wp-content\\\/uploads\\\/2020\\\/11\\\/cropped-new-favicon-black.png\",\"contentUrl\":\"https:\\\/\\\/strangercam.com\\\/wp-content\\\/uploads\\\/2020\\\/11\\\/cropped-new-favicon-black.png\",\"width\":512,\"height\":512,\"caption\":\"Strangercam\"},\"image\":{\"@id\":\"https:\\\/\\\/strangercam.com\\\/#\\\/schema\\\/logo\\\/image\\\/\"},\"sameAs\":[\"https:\\\/\\\/www.facebook.com\\\/strangercam\",\"https:\\\/\\\/x.com\\\/strangercamapp\"]}]}<\/script>\n<!-- \/ Yoast SEO plugin. -->","yoast_head_json":{"title":"iMeetzu - Chats de V\u00eddeo Mais Populares - C\u00e2mera no StrangerCam.com","description":"Gosta do iMeetzu? Venha conversar com mais de 5.000.000 de desconhecidos no Stranger Cam gratuitamente! Ligue sua c\u00e2mera e encontre novos amigos e talvez um par!","robots":{"index":"index","follow":"follow","max-snippet":"max-snippet:-1","max-image-preview":"max-image-preview:large","max-video-preview":"max-video-preview:-1"},"canonical":"https:\/\/strangercam.com\/pt-br\/imeetzu\/","og_locale":"pt_BR","og_type":"article","og_title":"iMeetzu - Most Popular Video Chats - Cam on StrangerCam.com","og_description":"Like iMeetzu? Come chat with more than 5.000.000 strangers on Stranger Cam for Free! Turn on your cam and find new friends & maby a match!","og_url":"https:\/\/strangercam.com\/pt-br\/imeetzu\/","og_site_name":"Strangercam","article_publisher":"https:\/\/www.facebook.com\/strangercam","article_modified_time":"2023-08-21T10:24:41+00:00","og_image":[{"width":800,"height":800,"url":"https:\/\/strangercam.com\/wp-content\/uploads\/2020\/11\/stranger-cam-1.png","type":"image\/png"}],"twitter_card":"summary_large_image","twitter_site":"@strangercamapp","twitter_misc":{"Est. tempo de leitura":"2 minutos"},"schema":{"@context":"https:\/\/schema.org","@graph":[{"@type":"WebPage","@id":"https:\/\/strangercam.com\/imeetzu\/","url":"https:\/\/strangercam.com\/imeetzu\/","name":"iMeetzu - Chats de V\u00eddeo Mais Populares - C\u00e2mera no StrangerCam.com","isPartOf":{"@id":"https:\/\/strangercam.com\/#website"},"primaryImageOfPage":{"@id":"https:\/\/strangercam.com\/imeetzu\/#primaryimage"},"image":{"@id":"https:\/\/strangercam.com\/imeetzu\/#primaryimage"},"thumbnailUrl":"https:\/\/strangercam.com\/wp-content\/uploads\/2020\/11\/stranger-cam-1.png","datePublished":"2021-05-09T19:39:15+00:00","dateModified":"2023-08-21T10:24:41+00:00","description":"Gosta do iMeetzu? Venha conversar com mais de 5.000.000 de desconhecidos no Stranger Cam gratuitamente! Ligue sua c\u00e2mera e encontre novos amigos e talvez um par!","breadcrumb":{"@id":"https:\/\/strangercam.com\/imeetzu\/#breadcrumb"},"inLanguage":"pt-BR","potentialAction":[{"@type":"ReadAction","target":["https:\/\/strangercam.com\/imeetzu\/"]}]},{"@type":"ImageObject","inLanguage":"pt-BR","@id":"https:\/\/strangercam.com\/imeetzu\/#primaryimage","url":"https:\/\/strangercam.com\/wp-content\/uploads\/2020\/11\/stranger-cam-1.png","contentUrl":"https:\/\/strangercam.com\/wp-content\/uploads\/2020\/11\/stranger-cam-1.png","width":800,"height":800,"caption":"stranger cam random video chat"},{"@type":"BreadcrumbList","@id":"https:\/\/strangercam.com\/imeetzu\/#breadcrumb","itemListElement":[{"@type":"ListItem","position":1,"name":"Home","item":"https:\/\/strangercam.com\/"},{"@type":"ListItem","position":2,"name":"iMeetzu"}]},{"@type":"WebSite","@id":"https:\/\/strangercam.com\/#website","url":"https:\/\/strangercam.com\/","name":"Strangercam","description":"Bate-papo por v\u00eddeo aleat\u00f3rio com estranhos","publisher":{"@id":"https:\/\/strangercam.com\/#organization"},"alternateName":"Strangercam.com","potentialAction":[{"@type":"SearchAction","target":{"@type":"EntryPoint","urlTemplate":"https:\/\/strangercam.com\/?s={search_term_string}"},"query-input":{"@type":"PropertyValueSpecification","valueRequired":true,"valueName":"search_term_string"}}],"inLanguage":"pt-BR"},{"@type":"Organization","@id":"https:\/\/strangercam.com\/#organization","name":"Strangercam","alternateName":"Strangercam.com","url":"https:\/\/strangercam.com\/","logo":{"@type":"ImageObject","inLanguage":"pt-BR","@id":"https:\/\/strangercam.com\/#\/schema\/logo\/image\/","url":"https:\/\/strangercam.com\/wp-content\/uploads\/2020\/11\/cropped-new-favicon-black.png","contentUrl":"https:\/\/strangercam.com\/wp-content\/uploads\/2020\/11\/cropped-new-favicon-black.png","width":512,"height":512,"caption":"Strangercam"},"image":{"@id":"https:\/\/strangercam.com\/#\/schema\/logo\/image\/"},"sameAs":["https:\/\/www.facebook.com\/strangercam","https:\/\/x.com\/strangercamapp"]}]}},"_links":{"self":[{"href":"https:\/\/strangercam.com\/pt-br\/wp-json\/wp\/v2\/pages\/3266","targetHints":{"allow":["GET"]}}],"collection":[{"href":"https:\/\/strangercam.com\/pt-br\/wp-json\/wp\/v2\/pages"}],"about":[{"href":"https:\/\/strangercam.com\/pt-br\/wp-json\/wp\/v2\/types\/page"}],"author":[{"embeddable":true,"href":"https:\/\/strangercam.com\/pt-br\/wp-json\/wp\/v2\/users\/6"}],"replies":[{"embeddable":true,"href":"https:\/\/strangercam.com\/pt-br\/wp-json\/wp\/v2\/comments?post=3266"}],"version-history":[{"count":0,"href":"https:\/\/strangercam.com\/pt-br\/wp-json\/wp\/v2\/pages\/3266\/revisions"}],"wp:featuredmedia":[{"embeddable":true,"href":"https:\/\/strangercam.com\/pt-br\/wp-json\/wp\/v2\/media\/559"}],"wp:attachment":[{"href":"https:\/\/strangercam.com\/pt-br\/wp-json\/wp\/v2\/media?parent=3266"}],"curies":[{"name":"wp","href":"https:\/\/api.w.org\/{rel}","templated":true}]}}