{"id":3232,"date":"2021-05-09T21:30:30","date_gmt":"2021-05-09T19:30:30","guid":{"rendered":"https:\/\/strangercam.com\/?page_id=3232"},"modified":"2023-08-21T12:24:41","modified_gmt":"2023-08-21T10:24:41","slug":"faceflow","status":"publish","type":"page","link":"https:\/\/strangercam.com\/pt-br\/faceflow\/","title":{"rendered":"FaceFlow"},"content":{"rendered":"<p>A escolha de um site de relacionamentos n\u00e3o \u00e9 uma tarefa f\u00e1cil, pois deve ser <a href=\"https:\/\/strangercam.com\/pt-br\/coomeet\/\">conhecer<\/a> as expectativas dos usu\u00e1rios adequadamente. O site FaceFlow oferece m\u00e9todos para descobrir novos amigos e almas g\u00eameas que compartilham interesses comuns. Ele permite que os usu\u00e1rios fa\u00e7am <a href=\"https:\/\/strangercam.com\/pt-br\/chat4free\/\">gratuito<\/a> <a href=\"https:\/\/strangercam.com\/pt-br\/rabbit-video-chat\/\">v\u00eddeo<\/a> chamadas em confer\u00eancia, mostrando, assim, maneiras de se conectar com outras pessoas em um tempo de resposta r\u00e1pido. O processo de registro \u00e9 muito f\u00e1cil e os novos usu\u00e1rios precisam fornecer apenas alguns detalhes importantes. Al\u00e9m disso, a plataforma da Web tem um vasto banco de dados de usu\u00e1rios, permitindo que os membros fa\u00e7am conversas com base em suas escolhas.<\/p>\n<h2>Como o FaceFlow funciona?<\/h2>\n<p>O site de namoro FaceFlow abrange muitas salas de bate-papo e os usu\u00e1rios podem entrar nelas depois de criar uma conta. Eles podem clicar no bot\u00e3o \"find random partner\" (encontrar parceiro aleat\u00f3rio) que lhes permitir\u00e1 encontrar um par aleat\u00f3rio com facilidade. As salas de bate-papo permitem que os usu\u00e1rios se comuniquem com v\u00e1rias pessoas ao mesmo tempo para encontrar parceiros adequados. Por outro lado, elas permitir\u00e3o que os usu\u00e1rios escolham apenas pessoas da vizinhan\u00e7a. Um parceiro aleat\u00f3rio <a href=\"https:\/\/strangercam.com\/pt-br\/chatroulette\/\">bate-papo<\/a> est\u00e1 dispon\u00edvel para aqueles que desejam se conectar com estranhos o mais r\u00e1pido poss\u00edvel. Op\u00e7\u00f5es de pesquisa e filtros s\u00e3o outros recursos oferecidos pelo site que permitem que os usu\u00e1rios conhe\u00e7am pessoas de acordo com suas origens.<\/p>\n<h3>Quais s\u00e3o os recursos do FaceFlow?<\/h3>\n<p>O site de encontros FaceFlow oferece recursos exclusivos para os usu\u00e1rios, permitindo-lhes garantir uma melhor experi\u00eancia. Alguns deles incluem bate-papo com rich text, mensagens de voz, perfis de usu\u00e1rio, salas de bate-papo p\u00fablicas, compartilhamento de arquivos, chamadas de v\u00eddeo em grupo, chamadas de v\u00eddeo individuais, etc. Ele funciona em todos os dispositivos, inclusive telefones celulares, para que os usu\u00e1rios se conectem com outras pessoas o mais r\u00e1pido poss\u00edvel. O site \u00e9 f\u00e1cil de entender e navegar, atendendo \u00e0s necessidades essenciais dos usu\u00e1rios. Os membros podem carregar suas fotos e outros detalhes no site para causar um grande impacto nos outros.<\/p>\n<h3>Raz\u00f5es para escolher o site FaceFlow<\/h3>\n<p>O site de encontros \u00e9 de uso gratuito e permite que os membros fa\u00e7am chamadas de v\u00eddeo de alta qualidade. Al\u00e9m disso, ele oferece maneiras de avaliar o p\u00fablico com base em geografia, g\u00eanero, interesses e outros fatores. N\u00e3o h\u00e1 vers\u00e3o m\u00f3vel dedicada dispon\u00edvel para os usu\u00e1rios e eles devem escolher apenas desktops quando se trata de namoro. <a href=\"https:\/\/strangercam.com\/pt-br\/1v1-chat\/\">Um<\/a> pode entrar em contato com o suporte ao cliente por e-mail para saber mais sobre os detalhes. O site oferece diferentes tipos de t\u00e9cnicas de comunica\u00e7\u00e3o para que os usu\u00e1rios se comuniquem efetivamente com outras pessoas. N\u00e3o \u00e9 necess\u00e1rio fazer download de nada ao usar o site, e os membros podem encontrar parceiros em potencial quando quiserem construir relacionamentos \u00e0 dist\u00e2ncia.<\/p>","protected":false},"excerpt":{"rendered":"<p>Choosing a dating website is not an easy-going job because it should meet the expectations of users properly. FaceFlow website provides methods to discover new friends and soulmates who share common interests. It allows users to make free video conference calls thereby showing ways to connect with others in a quick turnaround time. The registration [&hellip;]<\/p>\n","protected":false},"author":6,"featured_media":559,"parent":0,"menu_order":0,"comment_status":"closed","ping_status":"closed","template":"","meta":{"footnotes":""},"class_list":["post-3232","page","type-page","status-publish","has-post-thumbnail","hentry"],"yoast_head":"<!-- This site is optimized with the Yoast SEO plugin v26.9 - https:\/\/yoast.com\/product\/yoast-seo-wordpress\/ -->\n<title>FaceFlow - Most Popular Video Chats - Cam on StrangerCam.com<\/title>\n<meta name=\"description\" content=\"Like FaceFlow? Come chat with more than 5.000.000 strangers on Stranger Cam for Free! Turn on your cam and find new friends &amp; maby a match!\" \/>\n<meta name=\"robots\" content=\"index, follow, max-snippet:-1, max-image-preview:large, max-video-preview:-1\" \/>\n<link rel=\"canonical\" href=\"https:\/\/strangercam.com\/pt-br\/faceflow\/\" \/>\n<meta property=\"og:locale\" content=\"pt_BR\" \/>\n<meta property=\"og:type\" content=\"article\" \/>\n<meta property=\"og:title\" content=\"FaceFlow - Most Popular Video Chats - Cam on StrangerCam.com\" \/>\n<meta property=\"og:description\" content=\"Like FaceFlow? Come chat with more than 5.000.000 strangers on Stranger Cam for Free! Turn on your cam and find new friends &amp; maby a match!\" \/>\n<meta property=\"og:url\" content=\"https:\/\/strangercam.com\/pt-br\/faceflow\/\" \/>\n<meta property=\"og:site_name\" content=\"Strangercam\" \/>\n<meta property=\"article:publisher\" content=\"https:\/\/www.facebook.com\/strangercam\" \/>\n<meta property=\"article:modified_time\" content=\"2023-08-21T10:24:41+00:00\" \/>\n<meta property=\"og:image\" content=\"https:\/\/strangercam.com\/wp-content\/uploads\/2020\/11\/stranger-cam-1.png\" \/>\n\t<meta property=\"og:image:width\" content=\"800\" \/>\n\t<meta property=\"og:image:height\" content=\"800\" \/>\n\t<meta property=\"og:image:type\" content=\"image\/png\" \/>\n<meta name=\"twitter:card\" content=\"summary_large_image\" \/>\n<meta name=\"twitter:site\" content=\"@strangercamapp\" \/>\n<meta name=\"twitter:label1\" content=\"Est. tempo de leitura\" \/>\n\t<meta name=\"twitter:data1\" content=\"2 minutos\" \/>\n<script type=\"application\/ld+json\" class=\"yoast-schema-graph\">{\"@context\":\"https:\/\/schema.org\",\"@graph\":[{\"@type\":\"WebPage\",\"@id\":\"https:\/\/strangercam.com\/faceflow\/\",\"url\":\"https:\/\/strangercam.com\/faceflow\/\",\"name\":\"FaceFlow - Most Popular Video Chats - Cam on StrangerCam.com\",\"isPartOf\":{\"@id\":\"https:\/\/strangercam.com\/#website\"},\"primaryImageOfPage\":{\"@id\":\"https:\/\/strangercam.com\/faceflow\/#primaryimage\"},\"image\":{\"@id\":\"https:\/\/strangercam.com\/faceflow\/#primaryimage\"},\"thumbnailUrl\":\"https:\/\/strangercam.com\/wp-content\/uploads\/2020\/11\/stranger-cam-1.png\",\"datePublished\":\"2021-05-09T19:30:30+00:00\",\"dateModified\":\"2023-08-21T10:24:41+00:00\",\"description\":\"Like FaceFlow? Come chat with more than 5.000.000 strangers on Stranger Cam for Free! Turn on your cam and find new friends & maby a match!\",\"breadcrumb\":{\"@id\":\"https:\/\/strangercam.com\/faceflow\/#breadcrumb\"},\"inLanguage\":\"pt-BR\",\"potentialAction\":[{\"@type\":\"ReadAction\",\"target\":[\"https:\/\/strangercam.com\/faceflow\/\"]}]},{\"@type\":\"ImageObject\",\"inLanguage\":\"pt-BR\",\"@id\":\"https:\/\/strangercam.com\/faceflow\/#primaryimage\",\"url\":\"https:\/\/strangercam.com\/wp-content\/uploads\/2020\/11\/stranger-cam-1.png\",\"contentUrl\":\"https:\/\/strangercam.com\/wp-content\/uploads\/2020\/11\/stranger-cam-1.png\",\"width\":800,\"height\":800,\"caption\":\"stranger cam random video chat\"},{\"@type\":\"BreadcrumbList\",\"@id\":\"https:\/\/strangercam.com\/faceflow\/#breadcrumb\",\"itemListElement\":[{\"@type\":\"ListItem\",\"position\":1,\"name\":\"Home\",\"item\":\"https:\/\/strangercam.com\/\"},{\"@type\":\"ListItem\",\"position\":2,\"name\":\"FaceFlow\"}]},{\"@type\":\"WebSite\",\"@id\":\"https:\/\/strangercam.com\/#website\",\"url\":\"https:\/\/strangercam.com\/\",\"name\":\"Strangercam\",\"description\":\"Random Video Chat with Strangers\",\"publisher\":{\"@id\":\"https:\/\/strangercam.com\/#organization\"},\"alternateName\":\"Strangercam.com\",\"potentialAction\":[{\"@type\":\"SearchAction\",\"target\":{\"@type\":\"EntryPoint\",\"urlTemplate\":\"https:\/\/strangercam.com\/?s={search_term_string}\"},\"query-input\":{\"@type\":\"PropertyValueSpecification\",\"valueRequired\":true,\"valueName\":\"search_term_string\"}}],\"inLanguage\":\"pt-BR\"},{\"@type\":\"Organization\",\"@id\":\"https:\/\/strangercam.com\/#organization\",\"name\":\"Strangercam\",\"alternateName\":\"Strangercam.com\",\"url\":\"https:\/\/strangercam.com\/\",\"logo\":{\"@type\":\"ImageObject\",\"inLanguage\":\"pt-BR\",\"@id\":\"https:\/\/strangercam.com\/#\/schema\/logo\/image\/\",\"url\":\"https:\/\/strangercam.com\/wp-content\/uploads\/2020\/11\/cropped-new-favicon-black.png\",\"contentUrl\":\"https:\/\/strangercam.com\/wp-content\/uploads\/2020\/11\/cropped-new-favicon-black.png\",\"width\":512,\"height\":512,\"caption\":\"Strangercam\"},\"image\":{\"@id\":\"https:\/\/strangercam.com\/#\/schema\/logo\/image\/\"},\"sameAs\":[\"https:\/\/www.facebook.com\/strangercam\",\"https:\/\/x.com\/strangercamapp\"]}]}<\/script>\n<!-- \/ Yoast SEO plugin. -->","yoast_head_json":{"title":"FaceFlow - Chats de V\u00eddeo Mais Populares - C\u00e2mera no StrangerCam.com","description":"Gosta do FaceFlow? Venha conversar com mais de 5.000.000 de desconhecidos no Stranger Cam gratuitamente! Ligue sua c\u00e2mera e encontre novos amigos e talvez um par!","robots":{"index":"index","follow":"follow","max-snippet":"max-snippet:-1","max-image-preview":"max-image-preview:large","max-video-preview":"max-video-preview:-1"},"canonical":"https:\/\/strangercam.com\/pt-br\/faceflow\/","og_locale":"pt_BR","og_type":"article","og_title":"FaceFlow - Most Popular Video Chats - Cam on StrangerCam.com","og_description":"Like FaceFlow? Come chat with more than 5.000.000 strangers on Stranger Cam for Free! Turn on your cam and find new friends & maby a match!","og_url":"https:\/\/strangercam.com\/pt-br\/faceflow\/","og_site_name":"Strangercam","article_publisher":"https:\/\/www.facebook.com\/strangercam","article_modified_time":"2023-08-21T10:24:41+00:00","og_image":[{"width":800,"height":800,"url":"https:\/\/strangercam.com\/wp-content\/uploads\/2020\/11\/stranger-cam-1.png","type":"image\/png"}],"twitter_card":"summary_large_image","twitter_site":"@strangercamapp","twitter_misc":{"Est. tempo de leitura":"2 minutos"},"schema":{"@context":"https:\/\/schema.org","@graph":[{"@type":"WebPage","@id":"https:\/\/strangercam.com\/faceflow\/","url":"https:\/\/strangercam.com\/faceflow\/","name":"FaceFlow - Chats de V\u00eddeo Mais Populares - C\u00e2mera no StrangerCam.com","isPartOf":{"@id":"https:\/\/strangercam.com\/#website"},"primaryImageOfPage":{"@id":"https:\/\/strangercam.com\/faceflow\/#primaryimage"},"image":{"@id":"https:\/\/strangercam.com\/faceflow\/#primaryimage"},"thumbnailUrl":"https:\/\/strangercam.com\/wp-content\/uploads\/2020\/11\/stranger-cam-1.png","datePublished":"2021-05-09T19:30:30+00:00","dateModified":"2023-08-21T10:24:41+00:00","description":"Gosta do FaceFlow? Venha conversar com mais de 5.000.000 de desconhecidos no Stranger Cam gratuitamente! Ligue sua c\u00e2mera e encontre novos amigos e talvez um par!","breadcrumb":{"@id":"https:\/\/strangercam.com\/faceflow\/#breadcrumb"},"inLanguage":"pt-BR","potentialAction":[{"@type":"ReadAction","target":["https:\/\/strangercam.com\/faceflow\/"]}]},{"@type":"ImageObject","inLanguage":"pt-BR","@id":"https:\/\/strangercam.com\/faceflow\/#primaryimage","url":"https:\/\/strangercam.com\/wp-content\/uploads\/2020\/11\/stranger-cam-1.png","contentUrl":"https:\/\/strangercam.com\/wp-content\/uploads\/2020\/11\/stranger-cam-1.png","width":800,"height":800,"caption":"stranger cam random video chat"},{"@type":"BreadcrumbList","@id":"https:\/\/strangercam.com\/faceflow\/#breadcrumb","itemListElement":[{"@type":"ListItem","position":1,"name":"Home","item":"https:\/\/strangercam.com\/"},{"@type":"ListItem","position":2,"name":"FaceFlow"}]},{"@type":"WebSite","@id":"https:\/\/strangercam.com\/#website","url":"https:\/\/strangercam.com\/","name":"Strangercam","description":"Bate-papo por v\u00eddeo aleat\u00f3rio com estranhos","publisher":{"@id":"https:\/\/strangercam.com\/#organization"},"alternateName":"Strangercam.com","potentialAction":[{"@type":"SearchAction","target":{"@type":"EntryPoint","urlTemplate":"https:\/\/strangercam.com\/?s={search_term_string}"},"query-input":{"@type":"PropertyValueSpecification","valueRequired":true,"valueName":"search_term_string"}}],"inLanguage":"pt-BR"},{"@type":"Organization","@id":"https:\/\/strangercam.com\/#organization","name":"Strangercam","alternateName":"Strangercam.com","url":"https:\/\/strangercam.com\/","logo":{"@type":"ImageObject","inLanguage":"pt-BR","@id":"https:\/\/strangercam.com\/#\/schema\/logo\/image\/","url":"https:\/\/strangercam.com\/wp-content\/uploads\/2020\/11\/cropped-new-favicon-black.png","contentUrl":"https:\/\/strangercam.com\/wp-content\/uploads\/2020\/11\/cropped-new-favicon-black.png","width":512,"height":512,"caption":"Strangercam"},"image":{"@id":"https:\/\/strangercam.com\/#\/schema\/logo\/image\/"},"sameAs":["https:\/\/www.facebook.com\/strangercam","https:\/\/x.com\/strangercamapp"]}]}},"_links":{"self":[{"href":"https:\/\/strangercam.com\/pt-br\/wp-json\/wp\/v2\/pages\/3232","targetHints":{"allow":["GET"]}}],"collection":[{"href":"https:\/\/strangercam.com\/pt-br\/wp-json\/wp\/v2\/pages"}],"about":[{"href":"https:\/\/strangercam.com\/pt-br\/wp-json\/wp\/v2\/types\/page"}],"author":[{"embeddable":true,"href":"https:\/\/strangercam.com\/pt-br\/wp-json\/wp\/v2\/users\/6"}],"replies":[{"embeddable":true,"href":"https:\/\/strangercam.com\/pt-br\/wp-json\/wp\/v2\/comments?post=3232"}],"version-history":[{"count":0,"href":"https:\/\/strangercam.com\/pt-br\/wp-json\/wp\/v2\/pages\/3232\/revisions"}],"wp:featuredmedia":[{"embeddable":true,"href":"https:\/\/strangercam.com\/pt-br\/wp-json\/wp\/v2\/media\/559"}],"wp:attachment":[{"href":"https:\/\/strangercam.com\/pt-br\/wp-json\/wp\/v2\/media?parent=3232"}],"curies":[{"name":"wp","href":"https:\/\/api.w.org\/{rel}","templated":true}]}}