{"id":3197,"date":"2021-05-09T21:20:36","date_gmt":"2021-05-09T19:20:36","guid":{"rendered":"https:\/\/strangercam.com\/?page_id=3197"},"modified":"2023-08-21T12:24:41","modified_gmt":"2023-08-21T10:24:41","slug":"chatous","status":"publish","type":"page","link":"https:\/\/strangercam.com\/pt-br\/chatous\/","title":{"rendered":"Chatous"},"content":{"rendered":"<p>Um site de relacionamentos \u00e9 um local adequado para quem deseja <a href=\"https:\/\/strangercam.com\/pt-br\/coomeet\/\">conhecer<\/a> suas pessoas dos sonhos quando se trata de relacionamentos \u00e0 dist\u00e2ncia. Ao mesmo tempo, nem todos os sites de relacionamento s\u00e3o iguais e exigem mais aten\u00e7\u00e3o. A escolha do site de namoro certo permite que os usu\u00e1rios fa\u00e7am novos amigos e companheiros de v\u00e1rias \u00e1reas da vida.<\/p>\n<p>H\u00e1 um impulso natural na natureza humana de conversar com estranhos e compartilhar experi\u00eancias entre si. N\u00e3o \u00e9 poss\u00edvel esconder isso por um longo per\u00edodo. Eventualmente, \u00e9 preciso ir nessa dire\u00e7\u00e3o. Neste mundo digitalizado, isso est\u00e1 mais acess\u00edvel do que nunca. O Chatous trouxe um sistema avan\u00e7ado combinado com IA para ajudar a realizar seus sonhos de conversar com estranhos.<\/p>\n<p>O site de encontros Chatous oferece excelentes recursos para os rapazes,\u00a0<a href=\"https:\/\/strangercam.com\/pt-br\/bate-papo-em-video-com-as-garotas\/\">meninas<\/a>O site permite que homens e mulheres identifiquem rapidamente pessoas que procuram amizade, divers\u00e3o ou amor. O site oferece maneiras de interagir com outras pessoas para conhecer seus interesses e outros detalhes.<\/p>\n<h2>Privacidade e controle<\/h2>\n<p>A principal preocupa\u00e7\u00e3o dos usu\u00e1rios que desejam usar a plataforma de bate-papo on-line para conversar on-line \u00e9 a privacidade e a seguran\u00e7a. Eles se preocupam com o fato de serem expostos. Ningu\u00e9m quer se envolver em nada sem saber que est\u00e1 seguro aqui.<\/p>\n<p>Os sites de namoro Chatous prop\u00f5em solu\u00e7\u00f5es permanentes para essa preocupa\u00e7\u00e3o dos usu\u00e1rios. Eles t\u00eam um forte sistema de privacidade e controle. Voc\u00ea pode escolher com quem deseja conversar e quem deseja ignorar. Se uma pessoa estiver sendo sexualmente expl\u00edcita e voc\u00ea n\u00e3o gostar dos movimentos dela, poder\u00e1 denunci\u00e1-la diretamente aos funcion\u00e1rios. Eles tomar\u00e3o as medidas necess\u00e1rias contra a pessoa.<\/p>\n<p>O Chatous n\u00e3o \u00e9 muito rigoroso no que diz respeito \u00e0 coleta de informa\u00e7\u00f5es dos visitantes. A pol\u00edtica de privacidade menciona claramente que \"ao usar o Chatous, voc\u00ea concorda expressamente com as pr\u00e1ticas de tratamento de informa\u00e7\u00f5es descritas nesta Pol\u00edtica de Privacidade\". H\u00e1 algumas lacunas na pol\u00edtica de privacidade e compartilhamento de dados do Chatous. Est\u00e1 claro no site que \"H\u00e1, no entanto, certas circunst\u00e2ncias em que podemos compartilhar seus Dados com terceiros sem aviso pr\u00e9vio\".<\/p>\n<h2>Login e uso<\/h2>\n<p>O Chatous oferece um processo de login simples. Primeiro, voc\u00ea precisa criar uma conta. \u00c9 necess\u00e1rio fazer login em sua conta para come\u00e7ar a conversar. \u00c9 necess\u00e1rio selecionar um nome de usu\u00e1rio e, em seguida, uma senha para garantir a seguran\u00e7a da sua conta.<\/p>\n<p>Voc\u00ea pode usar os recursos diretamente ap\u00f3s fazer o login. O site lhe dar\u00e1 op\u00e7\u00f5es de g\u00eaneros para escolher. Voc\u00ea pode escolher o g\u00eanero masculino ou feminino de acordo com seu gosto. Voc\u00ea precisa mencionar sua idade. A idade \u00e9 solicitada para que o usu\u00e1rio sentado do outro lado possa ver sua idade e decidir de acordo.<\/p>\n<h2>Fazer novos amigos<\/h2>\n<p>Fazer novos amigos \u00e9 sempre divertido. Voc\u00ea pode conversar com estranhos usando o site em todo o mundo. Se estiver interessado em saber o que est\u00e1 acontecendo em outros pa\u00edses e quais culturas outras pessoas adoram e apreciam, voc\u00ea deve usar o site para conversar com as pessoas.<\/p>\n<p>O site o direcionar\u00e1 para a pessoa mais adequada usando as informa\u00e7\u00f5es fornecidas. Voc\u00ea poder\u00e1 ent\u00e3o conversar com ela ou passar para a pr\u00f3xima pessoa se n\u00e3o gostar da primeira.<\/p>\n<h2>Grupo ou aleat\u00f3rio<\/h2>\n<p>Voc\u00ea tamb\u00e9m pode optar por <a href=\"https:\/\/strangercam.com\/pt-br\/chatroulette\/\">bate-papo<\/a> em grupos ou permitir que o sistema de IA do site selecione uma pessoa para voc\u00ea aleatoriamente. Ambos s\u00e3o recursos divertidos e aumentam as chances de poss\u00edveis encontros.<\/p>\n<p>Se voc\u00ea \u00e9 extrovertido e gosta de estar perto de pessoas, o bate-papo em grupo \u00e9 para voc\u00ea. A sele\u00e7\u00e3o aleat\u00f3ria tem mais a ver com divers\u00e3o e surpresa.<br \/>\nQuais s\u00e3o os recursos do site de relacionamentos Chatous?<\/p>\n<p>O site de namoro oferece recursos exclusivos para os usu\u00e1rios, mostrando, assim, maneiras de identificar pessoas com a mesma opini\u00e3o e que compartilham coisas cotidianas. Um sistema de combina\u00e7\u00e3o fornece m\u00e9todos para conversar com pessoas aleat\u00f3rias ou novos conhecidos. Al\u00e9m disso, o site permite que os membros enviem fotos de alta qualidade para um parceiro de bate-papo usando uma webcam. Outro aspecto do site \u00e9 que ele permite filtrar os perfis com base em sua localiza\u00e7\u00e3o, idade, g\u00eanero e outros aspectos significativos. Os usu\u00e1rios podem at\u00e9 selecionar uma hashtag para discutir um t\u00f3pico com outras pessoas, o que ajudar\u00e1 a desenvolver relacionamentos.<\/p>\n<h2>Recursos adicionais dispon\u00edveis no site de encontros Chatous<\/h2>\n<p>Os novos membros podem usar um\u00a0<a href=\"https:\/\/strangercam.com\/pt-br\/chathub\/\">bate-papo por v\u00eddeo aleat\u00f3rio<\/a> com um microfone e uma c\u00e2mera. O site tamb\u00e9m permite que os usu\u00e1rios enviem mensagens de texto para outras pessoas depois de selecion\u00e1-las adequadamente. O recurso de bate-papo por texto viabiliza m\u00e9todos de envio de v\u00eddeos curtos, fotos e mensagens de voz para outras pessoas. Ele vem com uma interface inovadora e f\u00e1cil de usar, permitindo que os usu\u00e1rios naveguem com facilidade em desktops e outros dispositivos. Al\u00e9m disso, os membros receber\u00e3o notifica\u00e7\u00f5es em tempo real depois de criar uma conta em etapas simples. O site oferece aos usu\u00e1rios uma identidade protegida e anonimato para minimizar problemas indesejados.<\/p>\n<h2>Quais s\u00e3o as desvantagens do site de relacionamentos Chatous?<\/h2>\n<p>Embora os sites de namoro Chatous ofere\u00e7am v\u00e1rias vantagens aos usu\u00e1rios, eles tamb\u00e9m devem conhecer os contras em detalhes. Ele tem v\u00e1rios bots femininos no aplicativo que levar\u00e3o os usu\u00e1rios a alguns <a href=\"https:\/\/strangercam.com\/pt-br\/rabbit-video-chat\/\">bate-papo por v\u00eddeo<\/a> plataformas ou sites. Al\u00e9m disso, os usu\u00e1rios devem dar mais import\u00e2ncia \u00e0 seguran\u00e7a ao usar o site em desktops e dispositivos m\u00f3veis. Os novos membros devem ler as avalia\u00e7\u00f5es antes de criar uma conta. O recurso de hashtag tem algumas defici\u00eancias, e os usu\u00e1rios devem estar cientes delas quando quiserem conversar com outras pessoas. \u00c9 poss\u00edvel selecionar o site para debater mais t\u00f3picos com pessoas compat\u00edveis que criar\u00e3o v\u00ednculos e relacionamentos.<\/p>","protected":false},"excerpt":{"rendered":"<p>A dating website is a suitable place for those who want to meet their dream persons when it comes to long-distance relationships. At the same time, not all dating websites are the same that require more attention. Choosing the right dating website allows users to make new friends and companions from several streams of life. [&hellip;]<\/p>\n","protected":false},"author":6,"featured_media":559,"parent":0,"menu_order":0,"comment_status":"closed","ping_status":"closed","template":"","meta":{"footnotes":""},"class_list":["post-3197","page","type-page","status-publish","has-post-thumbnail","hentry"],"yoast_head":"<!-- This site is optimized with the Yoast SEO plugin v26.9 - https:\/\/yoast.com\/product\/yoast-seo-wordpress\/ -->\n<title>Chatous - Most Popular Video Chats - Cam on StrangerCam.com<\/title>\n<meta name=\"description\" content=\"Like Chatous? Come chat with more than 5.000.000 strangers on Stranger Cam for Free! Turn on your cam and find new friends &amp; maby a match!\" \/>\n<meta name=\"robots\" content=\"index, follow, max-snippet:-1, max-image-preview:large, max-video-preview:-1\" \/>\n<link rel=\"canonical\" href=\"https:\/\/strangercam.com\/pt-br\/chatous\/\" \/>\n<meta property=\"og:locale\" content=\"pt_BR\" \/>\n<meta property=\"og:type\" content=\"article\" \/>\n<meta property=\"og:title\" content=\"Chatous - Most Popular Video Chats - Cam on StrangerCam.com\" \/>\n<meta property=\"og:description\" content=\"Like Chatous? Come chat with more than 5.000.000 strangers on Stranger Cam for Free! Turn on your cam and find new friends &amp; maby a match!\" \/>\n<meta property=\"og:url\" content=\"https:\/\/strangercam.com\/pt-br\/chatous\/\" \/>\n<meta property=\"og:site_name\" content=\"Strangercam\" \/>\n<meta property=\"article:publisher\" content=\"https:\/\/www.facebook.com\/strangercam\" \/>\n<meta property=\"article:modified_time\" content=\"2023-08-21T10:24:41+00:00\" \/>\n<meta property=\"og:image\" content=\"https:\/\/strangercam.com\/wp-content\/uploads\/2020\/11\/stranger-cam-1.png\" \/>\n\t<meta property=\"og:image:width\" content=\"800\" \/>\n\t<meta property=\"og:image:height\" content=\"800\" \/>\n\t<meta property=\"og:image:type\" content=\"image\/png\" \/>\n<meta name=\"twitter:card\" content=\"summary_large_image\" \/>\n<meta name=\"twitter:site\" content=\"@strangercamapp\" \/>\n<meta name=\"twitter:label1\" content=\"Est. tempo de leitura\" \/>\n\t<meta name=\"twitter:data1\" content=\"4 minutos\" \/>\n<script type=\"application\/ld+json\" class=\"yoast-schema-graph\">{\"@context\":\"https:\/\/schema.org\",\"@graph\":[{\"@type\":\"WebPage\",\"@id\":\"https:\/\/strangercam.com\/chatous\/\",\"url\":\"https:\/\/strangercam.com\/chatous\/\",\"name\":\"Chatous - Most Popular Video Chats - Cam on StrangerCam.com\",\"isPartOf\":{\"@id\":\"https:\/\/strangercam.com\/#website\"},\"primaryImageOfPage\":{\"@id\":\"https:\/\/strangercam.com\/chatous\/#primaryimage\"},\"image\":{\"@id\":\"https:\/\/strangercam.com\/chatous\/#primaryimage\"},\"thumbnailUrl\":\"https:\/\/strangercam.com\/wp-content\/uploads\/2020\/11\/stranger-cam-1.png\",\"datePublished\":\"2021-05-09T19:20:36+00:00\",\"dateModified\":\"2023-08-21T10:24:41+00:00\",\"description\":\"Like Chatous? Come chat with more than 5.000.000 strangers on Stranger Cam for Free! Turn on your cam and find new friends & maby a match!\",\"breadcrumb\":{\"@id\":\"https:\/\/strangercam.com\/chatous\/#breadcrumb\"},\"inLanguage\":\"pt-BR\",\"potentialAction\":[{\"@type\":\"ReadAction\",\"target\":[\"https:\/\/strangercam.com\/chatous\/\"]}]},{\"@type\":\"ImageObject\",\"inLanguage\":\"pt-BR\",\"@id\":\"https:\/\/strangercam.com\/chatous\/#primaryimage\",\"url\":\"https:\/\/strangercam.com\/wp-content\/uploads\/2020\/11\/stranger-cam-1.png\",\"contentUrl\":\"https:\/\/strangercam.com\/wp-content\/uploads\/2020\/11\/stranger-cam-1.png\",\"width\":800,\"height\":800,\"caption\":\"stranger cam random video chat\"},{\"@type\":\"BreadcrumbList\",\"@id\":\"https:\/\/strangercam.com\/chatous\/#breadcrumb\",\"itemListElement\":[{\"@type\":\"ListItem\",\"position\":1,\"name\":\"Home\",\"item\":\"https:\/\/strangercam.com\/\"},{\"@type\":\"ListItem\",\"position\":2,\"name\":\"Chatous\"}]},{\"@type\":\"WebSite\",\"@id\":\"https:\/\/strangercam.com\/#website\",\"url\":\"https:\/\/strangercam.com\/\",\"name\":\"Strangercam\",\"description\":\"Random Video Chat with Strangers\",\"publisher\":{\"@id\":\"https:\/\/strangercam.com\/#organization\"},\"alternateName\":\"Strangercam.com\",\"potentialAction\":[{\"@type\":\"SearchAction\",\"target\":{\"@type\":\"EntryPoint\",\"urlTemplate\":\"https:\/\/strangercam.com\/?s={search_term_string}\"},\"query-input\":{\"@type\":\"PropertyValueSpecification\",\"valueRequired\":true,\"valueName\":\"search_term_string\"}}],\"inLanguage\":\"pt-BR\"},{\"@type\":\"Organization\",\"@id\":\"https:\/\/strangercam.com\/#organization\",\"name\":\"Strangercam\",\"alternateName\":\"Strangercam.com\",\"url\":\"https:\/\/strangercam.com\/\",\"logo\":{\"@type\":\"ImageObject\",\"inLanguage\":\"pt-BR\",\"@id\":\"https:\/\/strangercam.com\/#\/schema\/logo\/image\/\",\"url\":\"https:\/\/strangercam.com\/wp-content\/uploads\/2020\/11\/cropped-new-favicon-black.png\",\"contentUrl\":\"https:\/\/strangercam.com\/wp-content\/uploads\/2020\/11\/cropped-new-favicon-black.png\",\"width\":512,\"height\":512,\"caption\":\"Strangercam\"},\"image\":{\"@id\":\"https:\/\/strangercam.com\/#\/schema\/logo\/image\/\"},\"sameAs\":[\"https:\/\/www.facebook.com\/strangercam\",\"https:\/\/x.com\/strangercamapp\"]}]}<\/script>\n<!-- \/ Yoast SEO plugin. -->","yoast_head_json":{"title":"Chatous - Chats de V\u00eddeo Mais Populares - C\u00e2mera no StrangerCam.com","description":"Gosta do Chatous? Venha conversar com mais de 5.000.000 de desconhecidos no Stranger Cam gratuitamente! Ligue sua c\u00e2mera e encontre novos amigos e talvez um par!","robots":{"index":"index","follow":"follow","max-snippet":"max-snippet:-1","max-image-preview":"max-image-preview:large","max-video-preview":"max-video-preview:-1"},"canonical":"https:\/\/strangercam.com\/pt-br\/chatous\/","og_locale":"pt_BR","og_type":"article","og_title":"Chatous - Most Popular Video Chats - Cam on StrangerCam.com","og_description":"Like Chatous? Come chat with more than 5.000.000 strangers on Stranger Cam for Free! Turn on your cam and find new friends & maby a match!","og_url":"https:\/\/strangercam.com\/pt-br\/chatous\/","og_site_name":"Strangercam","article_publisher":"https:\/\/www.facebook.com\/strangercam","article_modified_time":"2023-08-21T10:24:41+00:00","og_image":[{"width":800,"height":800,"url":"https:\/\/strangercam.com\/wp-content\/uploads\/2020\/11\/stranger-cam-1.png","type":"image\/png"}],"twitter_card":"summary_large_image","twitter_site":"@strangercamapp","twitter_misc":{"Est. tempo de leitura":"4 minutos"},"schema":{"@context":"https:\/\/schema.org","@graph":[{"@type":"WebPage","@id":"https:\/\/strangercam.com\/chatous\/","url":"https:\/\/strangercam.com\/chatous\/","name":"Chatous - Chats de V\u00eddeo Mais Populares - C\u00e2mera no StrangerCam.com","isPartOf":{"@id":"https:\/\/strangercam.com\/#website"},"primaryImageOfPage":{"@id":"https:\/\/strangercam.com\/chatous\/#primaryimage"},"image":{"@id":"https:\/\/strangercam.com\/chatous\/#primaryimage"},"thumbnailUrl":"https:\/\/strangercam.com\/wp-content\/uploads\/2020\/11\/stranger-cam-1.png","datePublished":"2021-05-09T19:20:36+00:00","dateModified":"2023-08-21T10:24:41+00:00","description":"Gosta do Chatous? Venha conversar com mais de 5.000.000 de desconhecidos no Stranger Cam gratuitamente! Ligue sua c\u00e2mera e encontre novos amigos e talvez um par!","breadcrumb":{"@id":"https:\/\/strangercam.com\/chatous\/#breadcrumb"},"inLanguage":"pt-BR","potentialAction":[{"@type":"ReadAction","target":["https:\/\/strangercam.com\/chatous\/"]}]},{"@type":"ImageObject","inLanguage":"pt-BR","@id":"https:\/\/strangercam.com\/chatous\/#primaryimage","url":"https:\/\/strangercam.com\/wp-content\/uploads\/2020\/11\/stranger-cam-1.png","contentUrl":"https:\/\/strangercam.com\/wp-content\/uploads\/2020\/11\/stranger-cam-1.png","width":800,"height":800,"caption":"stranger cam random video chat"},{"@type":"BreadcrumbList","@id":"https:\/\/strangercam.com\/chatous\/#breadcrumb","itemListElement":[{"@type":"ListItem","position":1,"name":"Home","item":"https:\/\/strangercam.com\/"},{"@type":"ListItem","position":2,"name":"Chatous"}]},{"@type":"WebSite","@id":"https:\/\/strangercam.com\/#website","url":"https:\/\/strangercam.com\/","name":"Strangercam","description":"Bate-papo por v\u00eddeo aleat\u00f3rio com estranhos","publisher":{"@id":"https:\/\/strangercam.com\/#organization"},"alternateName":"Strangercam.com","potentialAction":[{"@type":"SearchAction","target":{"@type":"EntryPoint","urlTemplate":"https:\/\/strangercam.com\/?s={search_term_string}"},"query-input":{"@type":"PropertyValueSpecification","valueRequired":true,"valueName":"search_term_string"}}],"inLanguage":"pt-BR"},{"@type":"Organization","@id":"https:\/\/strangercam.com\/#organization","name":"Strangercam","alternateName":"Strangercam.com","url":"https:\/\/strangercam.com\/","logo":{"@type":"ImageObject","inLanguage":"pt-BR","@id":"https:\/\/strangercam.com\/#\/schema\/logo\/image\/","url":"https:\/\/strangercam.com\/wp-content\/uploads\/2020\/11\/cropped-new-favicon-black.png","contentUrl":"https:\/\/strangercam.com\/wp-content\/uploads\/2020\/11\/cropped-new-favicon-black.png","width":512,"height":512,"caption":"Strangercam"},"image":{"@id":"https:\/\/strangercam.com\/#\/schema\/logo\/image\/"},"sameAs":["https:\/\/www.facebook.com\/strangercam","https:\/\/x.com\/strangercamapp"]}]}},"_links":{"self":[{"href":"https:\/\/strangercam.com\/pt-br\/wp-json\/wp\/v2\/pages\/3197","targetHints":{"allow":["GET"]}}],"collection":[{"href":"https:\/\/strangercam.com\/pt-br\/wp-json\/wp\/v2\/pages"}],"about":[{"href":"https:\/\/strangercam.com\/pt-br\/wp-json\/wp\/v2\/types\/page"}],"author":[{"embeddable":true,"href":"https:\/\/strangercam.com\/pt-br\/wp-json\/wp\/v2\/users\/6"}],"replies":[{"embeddable":true,"href":"https:\/\/strangercam.com\/pt-br\/wp-json\/wp\/v2\/comments?post=3197"}],"version-history":[{"count":0,"href":"https:\/\/strangercam.com\/pt-br\/wp-json\/wp\/v2\/pages\/3197\/revisions"}],"wp:featuredmedia":[{"embeddable":true,"href":"https:\/\/strangercam.com\/pt-br\/wp-json\/wp\/v2\/media\/559"}],"wp:attachment":[{"href":"https:\/\/strangercam.com\/pt-br\/wp-json\/wp\/v2\/media?parent=3197"}],"curies":[{"name":"wp","href":"https:\/\/api.w.org\/{rel}","templated":true}]}}