{"id":3141,"date":"2021-05-09T21:04:53","date_gmt":"2021-05-09T19:04:53","guid":{"rendered":"https:\/\/strangercam.com\/?page_id=3141"},"modified":"2023-08-21T12:35:30","modified_gmt":"2023-08-21T10:35:30","slug":"conversa-fiada","status":"publish","type":"page","link":"https:\/\/strangercam.com\/pt-br\/paltalk\/","title":{"rendered":"Paltalk"},"content":{"rendered":"<p>O mundo da Internet est\u00e1 se expandindo hoje, permitindo que as pessoas fa\u00e7am amizades com outras facilmente devido ao surgimento de sites e aplicativos de namoro. O Paltalk \u00e9 um site de namoro que funciona bem em todos os dispositivos, incluindo telefones celulares. O site oferece maneiras de encontrar e <a href=\"https:\/\/strangercam.com\/pt-br\/coomeet\/\">conhecer<\/a> novas pessoas em diferentes partes do mundo com os recursos mais recentes. Al\u00e9m disso, o aplicativo permite que os usu\u00e1rios instalem o mesmo em etapas simples, permitindo que os usu\u00e1rios fa\u00e7am <a href=\"https:\/\/strangercam.com\/pt-br\/rabbit-video-chat\/\">v\u00eddeo<\/a> chamadas facilmente. Ele ainda oferece maneiras de encontrar pessoas que compartilham interesses comuns com outras.<\/p>\n<h2>Quais s\u00e3o os recursos oferecidos pelo Paltalk?<\/h2>\n<p>O site oferece v\u00e1rios recursos excelentes para os usu\u00e1rios, permitindo que eles se conectem com outras pessoas o mais r\u00e1pido poss\u00edvel. Ele abrange salas de bate-papo animadas para que os membros conversem com mais pessoas ao mesmo tempo. \u00c9 poss\u00edvel entrar ou participar de um <a href=\"https:\/\/strangercam.com\/pt-br\/chatroom2000\/\">sala de bate-papo<\/a> O que ajudar\u00e1 muito a encontrar estranhos de diferentes partes do mundo. Os usu\u00e1rios podem pesquisar salas de bate-papo em diferentes categorias e verificar a pol\u00edtica da sala para saber se ela \u00e9 adequada ou n\u00e3o. Alguns outros recursos oferecidos pelo site incluem filtros de voz, filtros de v\u00eddeo divertidos, m\u00e1scaras 3D, novos planos de fundo, presentes, adesivos etc.<\/p>\n<h3>Pr\u00f3s e contras do Paltalk<\/h3>\n<p>O site oferece <a href=\"https:\/\/strangercam.com\/pt-br\/chat4free\/\">gratuito<\/a> e servi\u00e7os baseados em taxas, permitindo que novos membros os escolham de acordo com suas necessidades. Ele viabiliza formas de criar servi\u00e7os p\u00fablicos e privados <a href=\"https:\/\/strangercam.com\/pt-br\/chatroulette\/\">bate-papo<\/a> salas que ajudar\u00e3o a descobrir novos amigos de diferentes estilos de vida. Al\u00e9m disso, a plataforma ainda mostra maneiras de traduzir os detalhes em nove idiomas diferentes ao criar uma conta. Ao mesmo tempo, os membros precisam de uma assinatura premium quando querem aproveitar alguns recursos adicionais. An\u00fancios e falta de suporte ao cliente s\u00e3o alguns contras da plataforma de encontros Pal talk que podem causar certos problemas. Portanto, \u00e9 necess\u00e1rio avali\u00e1-los com mais aten\u00e7\u00e3o antes de usar uma sala de bate-papo.<\/p>\n<h3>Como criar uma conta no Paltalk?<\/h3>\n<p>Para criar uma conta no Paltalk, \u00e9 preciso ter um endere\u00e7o de e-mail v\u00e1lido para que o processo de registro seja bem-sucedido. Os usu\u00e1rios podem at\u00e9 mesmo fazer altera\u00e7\u00f5es no site com uma equipe de suporte ao cliente. Eles podem come\u00e7ar a enviar mensagens para outras pessoas depois de criar uma conta. Um membro gratuito pode acessar duas janelas de webcam para ver as transmiss\u00f5es de outros membros. \u00c9 poss\u00edvel comprar e enviar presentes virtuais nesse site, o que ajudar\u00e1 a estabelecer rela\u00e7\u00f5es com outras pessoas. Por outro lado, \u00e9 aconselh\u00e1vel ler os termos e condi\u00e7\u00f5es adequadamente antes de usar esse site de encontros.<\/p>","protected":false},"excerpt":{"rendered":"<p>The internet world is expanding today allowing people to make friendships with others easily due to the emergence of dating sites and apps. Paltalk is a dating website that works well on all devices including mobile phones. The website provides ways to find and meet new people in different parts of the world with the [&hellip;]<\/p>\n","protected":false},"author":6,"featured_media":559,"parent":0,"menu_order":0,"comment_status":"closed","ping_status":"closed","template":"","meta":{"footnotes":""},"class_list":["post-3141","page","type-page","status-publish","has-post-thumbnail","hentry"],"yoast_head":"<!-- This site is optimized with the Yoast SEO plugin v27.4 - https:\/\/yoast.com\/product\/yoast-seo-wordpress\/ -->\n<title>Paltalk - Video Chat - Cam on StrangerCam.com<\/title>\n<meta name=\"description\" content=\"Like Paltalk? Come chat with more than 5.000.000 strangers on Stranger Cam for Free! Turn on your cam and find new friends &amp; maby a match!\" \/>\n<meta name=\"robots\" content=\"index, follow, max-snippet:-1, max-image-preview:large, max-video-preview:-1\" \/>\n<link rel=\"canonical\" href=\"https:\/\/strangercam.com\/pt-br\/conversa-fiada\/\" \/>\n<meta property=\"og:locale\" content=\"pt_BR\" \/>\n<meta property=\"og:type\" content=\"article\" \/>\n<meta property=\"og:title\" content=\"Paltalk - Video Chat - Cam on StrangerCam.com\" \/>\n<meta property=\"og:description\" content=\"Like Paltalk? Come chat with more than 5.000.000 strangers on Stranger Cam for Free! Turn on your cam and find new friends &amp; maby a match!\" \/>\n<meta property=\"og:url\" content=\"https:\/\/strangercam.com\/pt-br\/conversa-fiada\/\" \/>\n<meta property=\"og:site_name\" content=\"Strangercam\" \/>\n<meta property=\"article:publisher\" content=\"https:\/\/www.facebook.com\/strangercam\" \/>\n<meta property=\"article:modified_time\" content=\"2023-08-21T10:35:30+00:00\" \/>\n<meta property=\"og:image\" content=\"https:\/\/strangercam.com\/wp-content\/uploads\/2020\/11\/stranger-cam-1.png\" \/>\n\t<meta property=\"og:image:width\" content=\"800\" \/>\n\t<meta property=\"og:image:height\" content=\"800\" \/>\n\t<meta property=\"og:image:type\" content=\"image\/png\" \/>\n<meta name=\"twitter:card\" content=\"summary_large_image\" \/>\n<meta name=\"twitter:site\" content=\"@strangercamapp\" \/>\n<meta name=\"twitter:label1\" content=\"Est. tempo de leitura\" \/>\n\t<meta name=\"twitter:data1\" content=\"2 minutos\" \/>\n<script type=\"application\/ld+json\" class=\"yoast-schema-graph\">{\"@context\":\"https:\\\/\\\/schema.org\",\"@graph\":[{\"@type\":\"WebPage\",\"@id\":\"https:\\\/\\\/strangercam.com\\\/paltalk\\\/\",\"url\":\"https:\\\/\\\/strangercam.com\\\/paltalk\\\/\",\"name\":\"Paltalk - Video Chat - Cam on StrangerCam.com\",\"isPartOf\":{\"@id\":\"https:\\\/\\\/strangercam.com\\\/#website\"},\"primaryImageOfPage\":{\"@id\":\"https:\\\/\\\/strangercam.com\\\/paltalk\\\/#primaryimage\"},\"image\":{\"@id\":\"https:\\\/\\\/strangercam.com\\\/paltalk\\\/#primaryimage\"},\"thumbnailUrl\":\"https:\\\/\\\/strangercam.com\\\/wp-content\\\/uploads\\\/2020\\\/11\\\/stranger-cam-1.png\",\"datePublished\":\"2021-05-09T19:04:53+00:00\",\"dateModified\":\"2023-08-21T10:35:30+00:00\",\"description\":\"Like Paltalk? Come chat with more than 5.000.000 strangers on Stranger Cam for Free! Turn on your cam and find new friends & maby a match!\",\"breadcrumb\":{\"@id\":\"https:\\\/\\\/strangercam.com\\\/paltalk\\\/#breadcrumb\"},\"inLanguage\":\"pt-BR\",\"potentialAction\":[{\"@type\":\"ReadAction\",\"target\":[\"https:\\\/\\\/strangercam.com\\\/paltalk\\\/\"]}]},{\"@type\":\"ImageObject\",\"inLanguage\":\"pt-BR\",\"@id\":\"https:\\\/\\\/strangercam.com\\\/paltalk\\\/#primaryimage\",\"url\":\"https:\\\/\\\/strangercam.com\\\/wp-content\\\/uploads\\\/2020\\\/11\\\/stranger-cam-1.png\",\"contentUrl\":\"https:\\\/\\\/strangercam.com\\\/wp-content\\\/uploads\\\/2020\\\/11\\\/stranger-cam-1.png\",\"width\":800,\"height\":800,\"caption\":\"stranger cam random video chat\"},{\"@type\":\"BreadcrumbList\",\"@id\":\"https:\\\/\\\/strangercam.com\\\/paltalk\\\/#breadcrumb\",\"itemListElement\":[{\"@type\":\"ListItem\",\"position\":1,\"name\":\"Home\",\"item\":\"https:\\\/\\\/strangercam.com\\\/\"},{\"@type\":\"ListItem\",\"position\":2,\"name\":\"Paltalk\"}]},{\"@type\":\"WebSite\",\"@id\":\"https:\\\/\\\/strangercam.com\\\/#website\",\"url\":\"https:\\\/\\\/strangercam.com\\\/\",\"name\":\"Strangercam\",\"description\":\"Random Video Chat with Strangers\",\"publisher\":{\"@id\":\"https:\\\/\\\/strangercam.com\\\/#organization\"},\"alternateName\":\"Strangercam.com\",\"potentialAction\":[{\"@type\":\"SearchAction\",\"target\":{\"@type\":\"EntryPoint\",\"urlTemplate\":\"https:\\\/\\\/strangercam.com\\\/?s={search_term_string}\"},\"query-input\":{\"@type\":\"PropertyValueSpecification\",\"valueRequired\":true,\"valueName\":\"search_term_string\"}}],\"inLanguage\":\"pt-BR\"},{\"@type\":\"Organization\",\"@id\":\"https:\\\/\\\/strangercam.com\\\/#organization\",\"name\":\"Strangercam\",\"alternateName\":\"Strangercam.com\",\"url\":\"https:\\\/\\\/strangercam.com\\\/\",\"logo\":{\"@type\":\"ImageObject\",\"inLanguage\":\"pt-BR\",\"@id\":\"https:\\\/\\\/strangercam.com\\\/#\\\/schema\\\/logo\\\/image\\\/\",\"url\":\"https:\\\/\\\/strangercam.com\\\/wp-content\\\/uploads\\\/2020\\\/11\\\/cropped-new-favicon-black.png\",\"contentUrl\":\"https:\\\/\\\/strangercam.com\\\/wp-content\\\/uploads\\\/2020\\\/11\\\/cropped-new-favicon-black.png\",\"width\":512,\"height\":512,\"caption\":\"Strangercam\"},\"image\":{\"@id\":\"https:\\\/\\\/strangercam.com\\\/#\\\/schema\\\/logo\\\/image\\\/\"},\"sameAs\":[\"https:\\\/\\\/www.facebook.com\\\/strangercam\",\"https:\\\/\\\/x.com\\\/strangercamapp\"]}]}<\/script>\n<!-- \/ Yoast SEO plugin. -->","yoast_head_json":{"title":"Paltalk - Bate-papo por v\u00eddeo - C\u00e2mera no StrangerCam.com","description":"Gosta do Paltalk? Venha conversar com mais de 5.000.000 de desconhecidos no Stranger Cam gratuitamente! Ligue sua c\u00e2mera e encontre novos amigos e talvez um par!","robots":{"index":"index","follow":"follow","max-snippet":"max-snippet:-1","max-image-preview":"max-image-preview:large","max-video-preview":"max-video-preview:-1"},"canonical":"https:\/\/strangercam.com\/pt-br\/conversa-fiada\/","og_locale":"pt_BR","og_type":"article","og_title":"Paltalk - Video Chat - Cam on StrangerCam.com","og_description":"Like Paltalk? Come chat with more than 5.000.000 strangers on Stranger Cam for Free! Turn on your cam and find new friends & maby a match!","og_url":"https:\/\/strangercam.com\/pt-br\/conversa-fiada\/","og_site_name":"Strangercam","article_publisher":"https:\/\/www.facebook.com\/strangercam","article_modified_time":"2023-08-21T10:35:30+00:00","og_image":[{"width":800,"height":800,"url":"https:\/\/strangercam.com\/wp-content\/uploads\/2020\/11\/stranger-cam-1.png","type":"image\/png"}],"twitter_card":"summary_large_image","twitter_site":"@strangercamapp","twitter_misc":{"Est. tempo de leitura":"2 minutos"},"schema":{"@context":"https:\/\/schema.org","@graph":[{"@type":"WebPage","@id":"https:\/\/strangercam.com\/paltalk\/","url":"https:\/\/strangercam.com\/paltalk\/","name":"Paltalk - Bate-papo por v\u00eddeo - C\u00e2mera no StrangerCam.com","isPartOf":{"@id":"https:\/\/strangercam.com\/#website"},"primaryImageOfPage":{"@id":"https:\/\/strangercam.com\/paltalk\/#primaryimage"},"image":{"@id":"https:\/\/strangercam.com\/paltalk\/#primaryimage"},"thumbnailUrl":"https:\/\/strangercam.com\/wp-content\/uploads\/2020\/11\/stranger-cam-1.png","datePublished":"2021-05-09T19:04:53+00:00","dateModified":"2023-08-21T10:35:30+00:00","description":"Gosta do Paltalk? Venha conversar com mais de 5.000.000 de desconhecidos no Stranger Cam gratuitamente! Ligue sua c\u00e2mera e encontre novos amigos e talvez um par!","breadcrumb":{"@id":"https:\/\/strangercam.com\/paltalk\/#breadcrumb"},"inLanguage":"pt-BR","potentialAction":[{"@type":"ReadAction","target":["https:\/\/strangercam.com\/paltalk\/"]}]},{"@type":"ImageObject","inLanguage":"pt-BR","@id":"https:\/\/strangercam.com\/paltalk\/#primaryimage","url":"https:\/\/strangercam.com\/wp-content\/uploads\/2020\/11\/stranger-cam-1.png","contentUrl":"https:\/\/strangercam.com\/wp-content\/uploads\/2020\/11\/stranger-cam-1.png","width":800,"height":800,"caption":"stranger cam random video chat"},{"@type":"BreadcrumbList","@id":"https:\/\/strangercam.com\/paltalk\/#breadcrumb","itemListElement":[{"@type":"ListItem","position":1,"name":"Home","item":"https:\/\/strangercam.com\/"},{"@type":"ListItem","position":2,"name":"Paltalk"}]},{"@type":"WebSite","@id":"https:\/\/strangercam.com\/#website","url":"https:\/\/strangercam.com\/","name":"Strangercam","description":"Bate-papo por v\u00eddeo aleat\u00f3rio com estranhos","publisher":{"@id":"https:\/\/strangercam.com\/#organization"},"alternateName":"Strangercam.com","potentialAction":[{"@type":"SearchAction","target":{"@type":"EntryPoint","urlTemplate":"https:\/\/strangercam.com\/?s={search_term_string}"},"query-input":{"@type":"PropertyValueSpecification","valueRequired":true,"valueName":"search_term_string"}}],"inLanguage":"pt-BR"},{"@type":"Organization","@id":"https:\/\/strangercam.com\/#organization","name":"Strangercam","alternateName":"Strangercam.com","url":"https:\/\/strangercam.com\/","logo":{"@type":"ImageObject","inLanguage":"pt-BR","@id":"https:\/\/strangercam.com\/#\/schema\/logo\/image\/","url":"https:\/\/strangercam.com\/wp-content\/uploads\/2020\/11\/cropped-new-favicon-black.png","contentUrl":"https:\/\/strangercam.com\/wp-content\/uploads\/2020\/11\/cropped-new-favicon-black.png","width":512,"height":512,"caption":"Strangercam"},"image":{"@id":"https:\/\/strangercam.com\/#\/schema\/logo\/image\/"},"sameAs":["https:\/\/www.facebook.com\/strangercam","https:\/\/x.com\/strangercamapp"]}]}},"_links":{"self":[{"href":"https:\/\/strangercam.com\/pt-br\/wp-json\/wp\/v2\/pages\/3141","targetHints":{"allow":["GET"]}}],"collection":[{"href":"https:\/\/strangercam.com\/pt-br\/wp-json\/wp\/v2\/pages"}],"about":[{"href":"https:\/\/strangercam.com\/pt-br\/wp-json\/wp\/v2\/types\/page"}],"author":[{"embeddable":true,"href":"https:\/\/strangercam.com\/pt-br\/wp-json\/wp\/v2\/users\/6"}],"replies":[{"embeddable":true,"href":"https:\/\/strangercam.com\/pt-br\/wp-json\/wp\/v2\/comments?post=3141"}],"version-history":[{"count":0,"href":"https:\/\/strangercam.com\/pt-br\/wp-json\/wp\/v2\/pages\/3141\/revisions"}],"wp:featuredmedia":[{"embeddable":true,"href":"https:\/\/strangercam.com\/pt-br\/wp-json\/wp\/v2\/media\/559"}],"wp:attachment":[{"href":"https:\/\/strangercam.com\/pt-br\/wp-json\/wp\/v2\/media?parent=3141"}],"curies":[{"name":"wp","href":"https:\/\/api.w.org\/{rel}","templated":true}]}}