{"id":3104,"date":"2021-05-09T14:52:40","date_gmt":"2021-05-09T12:52:40","guid":{"rendered":"https:\/\/strangercam.com\/?page_id=3104"},"modified":"2023-08-21T12:24:42","modified_gmt":"2023-08-21T10:24:42","slug":"mnogochat","status":"publish","type":"page","link":"https:\/\/strangercam.com\/pt-br\/mnogochat\/","title":{"rendered":"Mnogochat"},"content":{"rendered":"<p>Hoje em dia, h\u00e1 v\u00e1rios sites de namoro dispon\u00edveis para se conectar com novos amigos o mais r\u00e1pido poss\u00edvel. Por outro lado, nem todos eles s\u00e3o iguais, o que exige uma pesquisa adequada. Isso ajudar\u00e1 muito a selecionar o site certo que satisfa\u00e7a exatamente as expectativas dos usu\u00e1rios. Outra coisa \u00e9 que isso contribui mais para escolher pessoas aleat\u00f3rias para construir relacionamentos. Mnogochat \u00e9 um v\u00eddeo on-line <a href=\"https:\/\/strangercam.com\/pt-br\/chathub\/\">bate-papo<\/a> site que oferece maneiras de encontrar estranhos com os recursos mais avan\u00e7ados, ajudando assim a <a href=\"https:\/\/strangercam.com\/pt-br\/coomeet\/\">conhecer<\/a> as necessidades essenciais. \u00c9 um site em que os usu\u00e1rios podem encontrar uma cole\u00e7\u00e3o de sites populares de namoro on-line em um s\u00f3 lugar.<\/p>\n<h2>Como convidar amigos para o Mnogochat?<\/h2>\n<p>O site permite que os usu\u00e1rios criem uma sala de bate-papo sem nenhum registro. Os usu\u00e1rios devem digitar o c\u00f3digo alfanum\u00e9rico depois de entrar em uma sala. Eles podem copiar e compartilhar o link da sala com uma pessoa para entrar em contato com outras pessoas imediatamente. N\u00e3o \u00e9 uma plataforma de site de namoro que permite aos usu\u00e1rios identificar novos amigos em um local com facilidade. Al\u00e9m disso, o site abrange salas de bate-papo gratuitas que oferecem maneiras de procurar um companheiro que compartilhe os mesmos interesses. Qualquer pessoa que queira conhecer garotos, <a href=\"https:\/\/strangercam.com\/pt-br\/bate-papo-em-video-com-as-garotas\/\">meninas<\/a>Os homens e as mulheres podem selecionar o site que os ajude a atingir seus objetivos.<\/p>\n<h3>Quais s\u00e3o os recursos oferecidos pelo Mnogochat?<\/h3>\n<p>O Mnogochat oferece salas de bate-papo gratuitas, como <a href=\"https:\/\/strangercam.com\/pt-br\/chatroulette\/\">Chatroulette<\/a>, <a href=\"https:\/\/strangercam.com\/pt-br\/omegle\/\">Omegle<\/a> bate-papo, bate-papo com v\u00eddeo gratuito, jogo de garrafa, bate-papo russo, bate-papo para adolescentes, Mnogocams, bate-papo com webcam, bate-papo on-line etc. Ele tamb\u00e9m abrange outros recursos, como bate-papo por texto, \u00e1udio e v\u00eddeo, permitindo que os usu\u00e1rios encontrem novos amigos em um pa\u00eds sem restri\u00e7\u00f5es. A webcam coberta pelo site ajuda os usu\u00e1rios a identificar as pessoas exatamente como elas est\u00e3o procurando. Al\u00e9m disso, ele oferece maneiras de conhecer rapidamente os solteiros em um local para construir relacionamentos de longa dist\u00e2ncia.<\/p>\n<h3>Raz\u00f5es para usar o site de namoro Mnogochat<\/h3>\n<p>A seguran\u00e7a \u00e9 o principal motivo a ser considerado ao selecionar um site de namoro. O Mnogochat permite que os usu\u00e1rios garantam alta prote\u00e7\u00e3o com tecnologias de criptografia. Al\u00e9m disso, a plataforma permite que os usu\u00e1rios conversem com outras pessoas de forma an\u00f4nima, atendendo a requisitos exatos. \u00c9 necess\u00e1rio ler os termos e condi\u00e7\u00f5es antes de entrar em uma sala de bate-papo. A plataforma da Web funciona em todos os dispositivos e em todas as plataformas de navegador. Como ela abrange salas de bate-papo populares, os usu\u00e1rios podem compartilhar suas ideias sobre v\u00e1rios t\u00f3picos com outras pessoas. A comunica\u00e7\u00e3o eficaz torna-se simples por meio desse site, permitindo que os usu\u00e1rios evitem o t\u00e9dio e a solid\u00e3o na vida. Al\u00e9m disso, a plataforma oferece maneiras vi\u00e1veis de fazer mais amigos aleatoriamente o mais r\u00e1pido poss\u00edvel.<\/p>","protected":false},"excerpt":{"rendered":"<p>Nowadays, several dating sites are available for connecting with new friends as soon as possible. On the other hand, not all of them are the same that need proper research. This will help a lot to select the right website which exactly satisfies the expectations of users. Another thing is that it contributes more to [&hellip;]<\/p>\n","protected":false},"author":6,"featured_media":559,"parent":0,"menu_order":0,"comment_status":"closed","ping_status":"closed","template":"","meta":{"footnotes":""},"class_list":["post-3104","page","type-page","status-publish","has-post-thumbnail","hentry"],"yoast_head":"<!-- This site is optimized with the Yoast SEO plugin v26.9 - https:\/\/yoast.com\/product\/yoast-seo-wordpress\/ -->\n<title>Mnogochat - Most Popular Video Chats - Cam on StrangerCam.com<\/title>\n<meta name=\"description\" content=\"Like Mnogochat? Come chat with more than 5.000.000 strangers on Stranger Cam for Free! Turn on your cam and find new friends &amp; maby a match!\" \/>\n<meta name=\"robots\" content=\"index, follow, max-snippet:-1, max-image-preview:large, max-video-preview:-1\" \/>\n<link rel=\"canonical\" href=\"https:\/\/strangercam.com\/pt-br\/mnogochat\/\" \/>\n<meta property=\"og:locale\" content=\"pt_BR\" \/>\n<meta property=\"og:type\" content=\"article\" \/>\n<meta property=\"og:title\" content=\"Mnogochat - Most Popular Video Chats - Cam on StrangerCam.com\" \/>\n<meta property=\"og:description\" content=\"Like Mnogochat? Come chat with more than 5.000.000 strangers on Stranger Cam for Free! Turn on your cam and find new friends &amp; maby a match!\" \/>\n<meta property=\"og:url\" content=\"https:\/\/strangercam.com\/pt-br\/mnogochat\/\" \/>\n<meta property=\"og:site_name\" content=\"Strangercam\" \/>\n<meta property=\"article:publisher\" content=\"https:\/\/www.facebook.com\/strangercam\" \/>\n<meta property=\"article:modified_time\" content=\"2023-08-21T10:24:42+00:00\" \/>\n<meta property=\"og:image\" content=\"https:\/\/strangercam.com\/wp-content\/uploads\/2020\/11\/stranger-cam-1.png\" \/>\n\t<meta property=\"og:image:width\" content=\"800\" \/>\n\t<meta property=\"og:image:height\" content=\"800\" \/>\n\t<meta property=\"og:image:type\" content=\"image\/png\" \/>\n<meta name=\"twitter:card\" content=\"summary_large_image\" \/>\n<meta name=\"twitter:site\" content=\"@strangercamapp\" \/>\n<meta name=\"twitter:label1\" content=\"Est. tempo de leitura\" \/>\n\t<meta name=\"twitter:data1\" content=\"2 minutos\" \/>\n<script type=\"application\/ld+json\" class=\"yoast-schema-graph\">{\"@context\":\"https:\/\/schema.org\",\"@graph\":[{\"@type\":\"WebPage\",\"@id\":\"https:\/\/strangercam.com\/mnogochat\/\",\"url\":\"https:\/\/strangercam.com\/mnogochat\/\",\"name\":\"Mnogochat - Most Popular Video Chats - Cam on StrangerCam.com\",\"isPartOf\":{\"@id\":\"https:\/\/strangercam.com\/#website\"},\"primaryImageOfPage\":{\"@id\":\"https:\/\/strangercam.com\/mnogochat\/#primaryimage\"},\"image\":{\"@id\":\"https:\/\/strangercam.com\/mnogochat\/#primaryimage\"},\"thumbnailUrl\":\"https:\/\/strangercam.com\/wp-content\/uploads\/2020\/11\/stranger-cam-1.png\",\"datePublished\":\"2021-05-09T12:52:40+00:00\",\"dateModified\":\"2023-08-21T10:24:42+00:00\",\"description\":\"Like Mnogochat? Come chat with more than 5.000.000 strangers on Stranger Cam for Free! Turn on your cam and find new friends & maby a match!\",\"breadcrumb\":{\"@id\":\"https:\/\/strangercam.com\/mnogochat\/#breadcrumb\"},\"inLanguage\":\"pt-BR\",\"potentialAction\":[{\"@type\":\"ReadAction\",\"target\":[\"https:\/\/strangercam.com\/mnogochat\/\"]}]},{\"@type\":\"ImageObject\",\"inLanguage\":\"pt-BR\",\"@id\":\"https:\/\/strangercam.com\/mnogochat\/#primaryimage\",\"url\":\"https:\/\/strangercam.com\/wp-content\/uploads\/2020\/11\/stranger-cam-1.png\",\"contentUrl\":\"https:\/\/strangercam.com\/wp-content\/uploads\/2020\/11\/stranger-cam-1.png\",\"width\":800,\"height\":800,\"caption\":\"stranger cam random video chat\"},{\"@type\":\"BreadcrumbList\",\"@id\":\"https:\/\/strangercam.com\/mnogochat\/#breadcrumb\",\"itemListElement\":[{\"@type\":\"ListItem\",\"position\":1,\"name\":\"Home\",\"item\":\"https:\/\/strangercam.com\/\"},{\"@type\":\"ListItem\",\"position\":2,\"name\":\"Mnogochat\"}]},{\"@type\":\"WebSite\",\"@id\":\"https:\/\/strangercam.com\/#website\",\"url\":\"https:\/\/strangercam.com\/\",\"name\":\"Strangercam\",\"description\":\"Random Video Chat with Strangers\",\"publisher\":{\"@id\":\"https:\/\/strangercam.com\/#organization\"},\"alternateName\":\"Strangercam.com\",\"potentialAction\":[{\"@type\":\"SearchAction\",\"target\":{\"@type\":\"EntryPoint\",\"urlTemplate\":\"https:\/\/strangercam.com\/?s={search_term_string}\"},\"query-input\":{\"@type\":\"PropertyValueSpecification\",\"valueRequired\":true,\"valueName\":\"search_term_string\"}}],\"inLanguage\":\"pt-BR\"},{\"@type\":\"Organization\",\"@id\":\"https:\/\/strangercam.com\/#organization\",\"name\":\"Strangercam\",\"alternateName\":\"Strangercam.com\",\"url\":\"https:\/\/strangercam.com\/\",\"logo\":{\"@type\":\"ImageObject\",\"inLanguage\":\"pt-BR\",\"@id\":\"https:\/\/strangercam.com\/#\/schema\/logo\/image\/\",\"url\":\"https:\/\/strangercam.com\/wp-content\/uploads\/2020\/11\/cropped-new-favicon-black.png\",\"contentUrl\":\"https:\/\/strangercam.com\/wp-content\/uploads\/2020\/11\/cropped-new-favicon-black.png\",\"width\":512,\"height\":512,\"caption\":\"Strangercam\"},\"image\":{\"@id\":\"https:\/\/strangercam.com\/#\/schema\/logo\/image\/\"},\"sameAs\":[\"https:\/\/www.facebook.com\/strangercam\",\"https:\/\/x.com\/strangercamapp\"]}]}<\/script>\n<!-- \/ Yoast SEO plugin. -->","yoast_head_json":{"title":"Mnogochat - Chats de V\u00eddeo Mais Populares - C\u00e2mera no StrangerCam.com","description":"Gosta do Mnogochat? Venha bater papo com mais de 5.000.000 de desconhecidos no Stranger Cam de gra\u00e7a! Ligue sua c\u00e2mera e encontre novos amigos e talvez um par!","robots":{"index":"index","follow":"follow","max-snippet":"max-snippet:-1","max-image-preview":"max-image-preview:large","max-video-preview":"max-video-preview:-1"},"canonical":"https:\/\/strangercam.com\/pt-br\/mnogochat\/","og_locale":"pt_BR","og_type":"article","og_title":"Mnogochat - Most Popular Video Chats - Cam on StrangerCam.com","og_description":"Like Mnogochat? Come chat with more than 5.000.000 strangers on Stranger Cam for Free! Turn on your cam and find new friends & maby a match!","og_url":"https:\/\/strangercam.com\/pt-br\/mnogochat\/","og_site_name":"Strangercam","article_publisher":"https:\/\/www.facebook.com\/strangercam","article_modified_time":"2023-08-21T10:24:42+00:00","og_image":[{"width":800,"height":800,"url":"https:\/\/strangercam.com\/wp-content\/uploads\/2020\/11\/stranger-cam-1.png","type":"image\/png"}],"twitter_card":"summary_large_image","twitter_site":"@strangercamapp","twitter_misc":{"Est. tempo de leitura":"2 minutos"},"schema":{"@context":"https:\/\/schema.org","@graph":[{"@type":"WebPage","@id":"https:\/\/strangercam.com\/mnogochat\/","url":"https:\/\/strangercam.com\/mnogochat\/","name":"Mnogochat - Chats de V\u00eddeo Mais Populares - C\u00e2mera no StrangerCam.com","isPartOf":{"@id":"https:\/\/strangercam.com\/#website"},"primaryImageOfPage":{"@id":"https:\/\/strangercam.com\/mnogochat\/#primaryimage"},"image":{"@id":"https:\/\/strangercam.com\/mnogochat\/#primaryimage"},"thumbnailUrl":"https:\/\/strangercam.com\/wp-content\/uploads\/2020\/11\/stranger-cam-1.png","datePublished":"2021-05-09T12:52:40+00:00","dateModified":"2023-08-21T10:24:42+00:00","description":"Gosta do Mnogochat? Venha bater papo com mais de 5.000.000 de desconhecidos no Stranger Cam de gra\u00e7a! Ligue sua c\u00e2mera e encontre novos amigos e talvez um par!","breadcrumb":{"@id":"https:\/\/strangercam.com\/mnogochat\/#breadcrumb"},"inLanguage":"pt-BR","potentialAction":[{"@type":"ReadAction","target":["https:\/\/strangercam.com\/mnogochat\/"]}]},{"@type":"ImageObject","inLanguage":"pt-BR","@id":"https:\/\/strangercam.com\/mnogochat\/#primaryimage","url":"https:\/\/strangercam.com\/wp-content\/uploads\/2020\/11\/stranger-cam-1.png","contentUrl":"https:\/\/strangercam.com\/wp-content\/uploads\/2020\/11\/stranger-cam-1.png","width":800,"height":800,"caption":"stranger cam random video chat"},{"@type":"BreadcrumbList","@id":"https:\/\/strangercam.com\/mnogochat\/#breadcrumb","itemListElement":[{"@type":"ListItem","position":1,"name":"Home","item":"https:\/\/strangercam.com\/"},{"@type":"ListItem","position":2,"name":"Mnogochat"}]},{"@type":"WebSite","@id":"https:\/\/strangercam.com\/#website","url":"https:\/\/strangercam.com\/","name":"Strangercam","description":"Bate-papo por v\u00eddeo aleat\u00f3rio com estranhos","publisher":{"@id":"https:\/\/strangercam.com\/#organization"},"alternateName":"Strangercam.com","potentialAction":[{"@type":"SearchAction","target":{"@type":"EntryPoint","urlTemplate":"https:\/\/strangercam.com\/?s={search_term_string}"},"query-input":{"@type":"PropertyValueSpecification","valueRequired":true,"valueName":"search_term_string"}}],"inLanguage":"pt-BR"},{"@type":"Organization","@id":"https:\/\/strangercam.com\/#organization","name":"Strangercam","alternateName":"Strangercam.com","url":"https:\/\/strangercam.com\/","logo":{"@type":"ImageObject","inLanguage":"pt-BR","@id":"https:\/\/strangercam.com\/#\/schema\/logo\/image\/","url":"https:\/\/strangercam.com\/wp-content\/uploads\/2020\/11\/cropped-new-favicon-black.png","contentUrl":"https:\/\/strangercam.com\/wp-content\/uploads\/2020\/11\/cropped-new-favicon-black.png","width":512,"height":512,"caption":"Strangercam"},"image":{"@id":"https:\/\/strangercam.com\/#\/schema\/logo\/image\/"},"sameAs":["https:\/\/www.facebook.com\/strangercam","https:\/\/x.com\/strangercamapp"]}]}},"_links":{"self":[{"href":"https:\/\/strangercam.com\/pt-br\/wp-json\/wp\/v2\/pages\/3104","targetHints":{"allow":["GET"]}}],"collection":[{"href":"https:\/\/strangercam.com\/pt-br\/wp-json\/wp\/v2\/pages"}],"about":[{"href":"https:\/\/strangercam.com\/pt-br\/wp-json\/wp\/v2\/types\/page"}],"author":[{"embeddable":true,"href":"https:\/\/strangercam.com\/pt-br\/wp-json\/wp\/v2\/users\/6"}],"replies":[{"embeddable":true,"href":"https:\/\/strangercam.com\/pt-br\/wp-json\/wp\/v2\/comments?post=3104"}],"version-history":[{"count":0,"href":"https:\/\/strangercam.com\/pt-br\/wp-json\/wp\/v2\/pages\/3104\/revisions"}],"wp:featuredmedia":[{"embeddable":true,"href":"https:\/\/strangercam.com\/pt-br\/wp-json\/wp\/v2\/media\/559"}],"wp:attachment":[{"href":"https:\/\/strangercam.com\/pt-br\/wp-json\/wp\/v2\/media?parent=3104"}],"curies":[{"name":"wp","href":"https:\/\/api.w.org\/{rel}","templated":true}]}}