{"id":201,"date":"2025-08-18T13:43:14","date_gmt":"2025-08-18T11:43:14","guid":{"rendered":"https:\/\/strangercam.com\/?page_id=201"},"modified":"2025-08-18T14:08:48","modified_gmt":"2025-08-18T12:08:48","slug":"bate-papo-aleatorio-na-camera","status":"publish","type":"page","link":"https:\/\/strangercam.com\/pt-br\/random-cam-chat\/","title":{"rendered":"Bate-papo aleat\u00f3rio na c\u00e2mera"},"content":{"rendered":"<p>Voc\u00ea est\u00e1 procurando a emo\u00e7\u00e3o de um jogo aleat\u00f3rio? <a href=\"https:\/\/strangercam.com\/pt-br\/bazoocam\/\">c\u00e2mera<\/a> bate-papo? Voc\u00ea n\u00e3o est\u00e1 sozinho. Desde os primeiros dias do <a href=\"https:\/\/strangercam.com\/pt-br\/omegle\/\">Omegle<\/a> e <a href=\"https:\/\/strangercam.com\/pt-br\/chatroulette\/\">Chatroulette<\/a>, milh\u00f5es de pessoas recorreram ao aleat\u00f3rio <a href=\"https:\/\/strangercam.com\/pt-br\/cam-to-cam-chat\/\">bate-papo com c\u00e2mera<\/a> sites para conhecer estranhos instantaneamente, cara a cara. A ideia \u00e9 simples, mas poderosa: ligue sua webcam, clique em um bot\u00e3o e se conecte com algu\u00e9m novo em segundos.<\/p>\n<p>Hoje em dia, plataformas como o StrangerCam tornam mais f\u00e1cil do que nunca desfrutar de bate-papo com c\u00e2mera aleat\u00f3rio gratuito, sem cadastros, downloads ou paywalls ocultos. Quer esteja procurando amizade, paquera, interc\u00e2mbio cultural ou apenas uma maneira de curar o t\u00e9dio, o bate-papo com c\u00e2mera aleat\u00f3rio oferece uma experi\u00eancia on-line \u00fanica.<\/p>\n<p>Neste guia detalhado, exploraremos como ele funciona, quais recursos s\u00e3o mais importantes, por que as pessoas o adoram e por que o StrangerCam se destaca como um dos melhores lugares para bate-papo com c\u00e2mera aleat\u00f3rio em 2025.<\/p>\n<h2>O que \u00e9 o Random Cam Chat?<\/h2>\n<p>O bate-papo com c\u00e2mera aleat\u00f3rio \u00e9 um servi\u00e7o on-line que o coloca em contato com estranhos por meio de webcam e microfone para conversas de v\u00eddeo individuais ao vivo. A parte \"aleat\u00f3ria\" significa que voc\u00ea nunca sabe quem ser\u00e1 seu pr\u00f3ximo encontro - pode ser algu\u00e9m do seu pa\u00eds ou algu\u00e9m do outro lado do mundo.<\/p>\n<p>Ao contr\u00e1rio das redes sociais ou dos aplicativos de namoro, o bate-papo com c\u00e2mera aleat\u00f3ria remove os filtros de perfis e biografias selecionadas. Voc\u00ea conhece pessoas ao vivo, em tempo real, sem nenhuma configura\u00e7\u00e3o. Se a conversa n\u00e3o parecer boa, basta clicar em \"Next\" (Pr\u00f3ximo) para se conectar instantaneamente com outra pessoa.<\/p>\n<h2>Por que as pessoas adoram o bate-papo aleat\u00f3rio gratuito com c\u00e2meras<\/h2>\n<p>A popularidade do bate-papo com c\u00e2mera aleat\u00f3rio gratuito se resume a v\u00e1rios motivos principais:<\/p>\n<ul>\n<li>Espontaneidade: cada conversa \u00e9 uma surpresa, o que a torna empolgante e viciante.<\/li>\n<li>Conex\u00e3o humana: Especialmente em um mundo de mensagens de texto e m\u00eddias sociais, a intera\u00e7\u00e3o face a face \u00e9 revigorante.<\/li>\n<li>Anonimato: A maioria das plataformas n\u00e3o exige contas ou informa\u00e7\u00f5es pessoais. Voc\u00ea pode ficar t\u00e3o privado quanto quiser.<\/li>\n<li>Interc\u00e2mbio cultural: Conhe\u00e7a pessoas de todo o mundo, aprenda sobre suas culturas e compartilhe suas pr\u00f3prias experi\u00eancias.<\/li>\n<li>Sem perfis falsos: Como o v\u00eddeo \u00e9 ao vivo, voc\u00ea sabe que est\u00e1 falando com pessoas reais, e n\u00e3o com bots ou catfish.<\/li>\n<li>Al\u00edvio do estresse e divers\u00e3o: \u00c9 uma maneira f\u00e1cil de relaxar, rir e conversar casualmente sem press\u00e3o.<\/li>\n<\/ul>\n<h2>Como funciona o bate-papo aleat\u00f3rio na c\u00e2mera<\/h2>\n<p>Come\u00e7ar a usar o bate-papo com c\u00e2mera aleat\u00f3ria \u00e9 simples:<\/p>\n<ol>\n<li>Abra a plataforma em seu computador ou smartphone.<\/li>\n<li>Permita o acesso \u00e0 webcam e ao microfone.<\/li>\n<li>Clique em \"Start Chat\". Voc\u00ea ser\u00e1 conectado instantaneamente a um estranho aleat\u00f3rio.<\/li>\n<li>Converse cara a cara. Fique o tempo que quiser ou clique em \"Next\" (Pr\u00f3ximo) para mudar para outra pessoa.<\/li>\n<li>Repita sem parar. A maioria das plataformas oferece bate-papos ilimitados gratuitamente.<\/li>\n<\/ol>\n<p>Alguns sites incluem extras como filtros de g\u00eanero, prefer\u00eancias de local ou ferramentas de tradu\u00e7\u00e3o integradas para facilitar ainda mais os bate-papos globais.<\/p>\n<h2>Principais recursos a serem observados<\/h2>\n<p>Nem todas as plataformas de bate-papo com c\u00e2mera aleat\u00f3ria s\u00e3o criadas da mesma forma. Para obter a melhor experi\u00eancia, veja aqui o que voc\u00ea deve procurar:<\/p>\n<h3>1. Acesso verdadeiramente gratuito<\/h3>\n<p>Evite plataformas que prometem bate-papos gratuitos, mas que o for\u00e7am a pagar. Os melhores sites permitem o uso ilimitado e gratuito.<\/p>\n<h3>2. N\u00e3o \u00e9 necess\u00e1rio registrar-se<\/h3>\n<p>N\u00e3o \u00e9 necess\u00e1rio se registrar ou fornecer detalhes pessoais para usar o bate-papo com c\u00e2mera aleat\u00f3rio.<\/p>\n<h3>3. Filtros de g\u00eanero e localiza\u00e7\u00e3o<\/h3>\n<p>Isso facilita a conex\u00e3o com o tipo de pessoa que voc\u00ea est\u00e1 procurando.<\/p>\n<h3>4. Design compat\u00edvel com dispositivos m\u00f3veis<\/h3>\n<p>Uma boa plataforma deve funcionar perfeitamente tanto no desktop quanto no celular.<\/p>\n<h3>5. Forte modera\u00e7\u00e3o<\/h3>\n<p>A modera\u00e7\u00e3o ativa e as ferramentas de den\u00fancia ajudam a manter o espa\u00e7o seguro contra comportamentos inadequados.<\/p>\n<h3>6. V\u00eddeo e \u00e1udio de alta qualidade<\/h3>\n<p>Conex\u00f5es suaves e claras tornam os bate-papos mais agrad\u00e1veis.<\/p>\n<h2>Melhores plataformas de bate-papo com c\u00e2mera aleat\u00f3ria em 2025<\/h2>\n<p>Veja como algumas das plataformas de bate-papo com c\u00e2mera aleat\u00f3ria mais populares se comparam:<\/p>\n<table>\n<thead>\n<tr>\n<th>Plataforma<\/th>\n<th align=\"center\">Gratuito para uso<\/th>\n<th align=\"center\">Filtro de g\u00eanero<\/th>\n<th align=\"center\">Registro necess\u00e1rio<\/th>\n<th align=\"center\">Suporte m\u00f3vel<\/th>\n<th>Notas<\/th>\n<\/tr>\n<\/thead>\n<tbody>\n<tr>\n<td>StrangerCam<\/td>\n<td align=\"center\">\u2705<\/td>\n<td align=\"center\">\u2705 (Gratuito)<\/td>\n<td align=\"center\">\u274c<\/td>\n<td align=\"center\">\u2705<\/td>\n<td>A melhor op\u00e7\u00e3o completa para bate-papo com c\u00e2mera aleat\u00f3rio gratuito<\/td>\n<\/tr>\n<tr>\n<td>Chatroulette<\/td>\n<td align=\"center\">\u2705<\/td>\n<td align=\"center\">\u274c (Pago)<\/td>\n<td align=\"center\">\u274c<\/td>\n<td align=\"center\">\u2705<\/td>\n<td>Cl\u00e1ssico, mas com filtro de g\u00eanero bloqueado<\/td>\n<\/tr>\n<tr>\n<td>Chatrandom<\/td>\n<td align=\"center\">\u2705<\/td>\n<td align=\"center\">\u274c (Pago)<\/td>\n<td align=\"center\">\u274c<\/td>\n<td align=\"center\">\u2705<\/td>\n<td>Grande base de usu\u00e1rios, paywalls para filtros<\/td>\n<\/tr>\n<tr>\n<td>OmeTV<\/td>\n<td align=\"center\">\u2705<\/td>\n<td align=\"center\">\u274c<\/td>\n<td align=\"center\">\u274c<\/td>\n<td align=\"center\">\u2705<\/td>\n<td>Aplicativo m\u00f3vel dispon\u00edvel, apenas aleat\u00f3rio<\/td>\n<\/tr>\n<tr>\n<td>Shagle<\/td>\n<td align=\"center\">\u2705<\/td>\n<td align=\"center\">\u274c (Pago)<\/td>\n<td align=\"center\">\u274c<\/td>\n<td align=\"center\">\u2705<\/td>\n<td>Chats gratuitos, mas com upgrades premium<\/td>\n<\/tr>\n<tr>\n<td><a href=\"https:\/\/strangercam.com\/pt-br\/coomeet\/\">CooMeet<\/a><\/td>\n<td align=\"center\">\u274c (Teste)<\/td>\n<td align=\"center\">\u2705<\/td>\n<td align=\"center\">\u2705<\/td>\n<td align=\"center\">\u2705<\/td>\n<td>A maior parte \u00e9 paga ap\u00f3s o t\u00e9rmino do per\u00edodo de avalia\u00e7\u00e3o<\/td>\n<\/tr>\n<tr>\n<td>LuckyCrush<\/td>\n<td align=\"center\">\u274c<\/td>\n<td align=\"center\">\u2705<\/td>\n<td align=\"center\">\u2705<\/td>\n<td align=\"center\">\u2705<\/td>\n<td>Sempre pago, correspond\u00eancia baseada em g\u00eanero<\/td>\n<\/tr>\n<\/tbody>\n<\/table>\n<p>A StrangerCam se destaca por ser gratuita, segura e f\u00e1cil de filtrar, ao contr\u00e1rio da maioria dos concorrentes que cobram por recursos avan\u00e7ados.<\/p>\n<h2>Por que StrangerCam \u00e9 a melhor op\u00e7\u00e3o para bate-papo aleat\u00f3rio com c\u00e2mera<\/h2>\n<p>Veja por que a StrangerCam \u00e9 uma das melhores plataformas do tipo Omegle em 2025:<\/p>\n<h3>1. Totalmente gratuito<\/h3>\n<p>Sem cobran\u00e7as ocultas, cr\u00e9ditos ou testes limitados. Voc\u00ea pode conversar o quanto quiser, de gra\u00e7a.<\/p>\n<h3>2. Filtro de g\u00eanero real<\/h3>\n<p>Diferentemente da maioria dos sites gratuitos, o StrangerCam permite que voc\u00ea escolha se conectar com homens, mulheres ou ambos sem cobrar nada.<\/p>\n<h3>3. N\u00e3o \u00e9 necess\u00e1rio ter conta<\/h3>\n<p>Comece a conversar instantaneamente. N\u00e3o \u00e9 necess\u00e1rio registrar-se, enviar e-mail ou fornecer informa\u00e7\u00f5es pessoais.<\/p>\n<h3>4. Comunidade global 24 horas por dia, 7 dias por semana<\/h3>\n<p>Sempre ativo, para que voc\u00ea nunca fique sem pessoas para conhecer.<\/p>\n<h3>5. Otimizado para celular<\/h3>\n<p>Funciona perfeitamente em telefones, tablets e computadores.<\/p>\n<h3>6. Seguro e moderado<\/h3>\n<p>Moderadores dedicados e ferramentas de den\u00fancia mant\u00eam a plataforma limpa e agrad\u00e1vel.<\/p>\n<h2>Depoimentos reais de usu\u00e1rios<\/h2>\n<blockquote><p><em>\"Experimentei v\u00e1rios sites de bate-papo desde o fechamento do Omegle, mas o StrangerCam foi o \u00fanico que me pareceu real. \u00c9 gratuito e cheio de pessoas reais.\"<\/em><br \/>\n- Chris, 25 anos<\/p><\/blockquote>\n<blockquote><p><em>\"O filtro de g\u00eanero realmente funciona sem pagar a mais. Isso \u00e9 uma grande vit\u00f3ria para mim.\"<\/em><br \/>\n- Marta, 23 anos<\/p><\/blockquote>\n<blockquote><p><em>\"Eu me conectei com pessoas de cinco pa\u00edses diferentes em uma noite. \u00c9 uma maneira muito divertida de conhecer pessoas desconhecidas.\"<\/em><br \/>\n- Dylan, 30 anos<\/p><\/blockquote>\n<blockquote><p><em>\"Gratuito, r\u00e1pido e seguro. StrangerCam \u00e9 a minha op\u00e7\u00e3o para bate-papo aleat\u00f3rio com c\u00e2mera agora.\"<\/em><br \/>\n- Leah, 20 anos<\/p><\/blockquote>\n<h2>Dicas de seguran\u00e7a para bate-papo aleat\u00f3rio na c\u00e2mera<\/h2>\n<p>Para aproveitar ao m\u00e1ximo o bate-papo com c\u00e2mera aleat\u00f3rio gratuito e manter-se seguro, lembre-se destas dicas:<\/p>\n<ul>\n<li>N\u00e3o compartilhe informa\u00e7\u00f5es pessoais, como seu nome completo, endere\u00e7o ou n\u00famero de telefone.<\/li>\n<li>Ignore ou bloqueie qualquer pessoa que o deixe desconfort\u00e1vel.<\/li>\n<li>Nunca clique em links enviados por estranhos.<\/li>\n<li>Tenha cuidado com seu hist\u00f3rico para evitar mostrar detalhes particulares.<\/li>\n<li>Use fones de ouvido para obter um som mais claro e mais privacidade.<\/li>\n<li>Se for menor de 18 anos, evite usar plataformas de bate-papo com c\u00e2meras aleat\u00f3rias.<\/li>\n<\/ul>\n<h2>Como come\u00e7ar - passo a passo<\/h2>\n<p>Joiornar um bate-papo com c\u00e2mera aleat\u00f3rio leva menos de um minuto:<\/p>\n<ol>\n<li>Acesse a plataforma em seu navegador ou telefone.<\/li>\n<li>Permita o acesso \u00e0 c\u00e2mera e ao microfone.<\/li>\n<li>Pressione \"Iniciar bate-papo\".<\/li>\n<li>Conhe\u00e7a um estranho aleat\u00f3rio instantaneamente.<\/li>\n<li>Clique em \"Next\" sempre que quiser mudar para outra pessoa.<\/li>\n<\/ol>\n<p>\u00c9 isso: r\u00e1pido, simples e gratuito.<\/p>\n<h2>Considera\u00e7\u00f5es finais - Experimente agora o bate-papo aleat\u00f3rio gratuito com c\u00e2meras<\/h2>\n<p>O bate-papo com c\u00e2mera aleat\u00f3rio \u00e9 uma das maneiras mais interessantes de se conectar on-line em 2025. \u00c9 espont\u00e2neo, divertido e uma alternativa refrescante \u00e0 m\u00eddia social ou aos aplicativos de namoro. Com plataformas como a StrangerCam, voc\u00ea tem uma experi\u00eancia verdadeiramente gratuita - sem cadastros, sem barreiras de pagamento e com uma comunidade global pronta para encontr\u00e1-lo 24 horas por dia, 7 dias por semana.<\/p>\n<p>N\u00e3o perca tempo com plataformas que prometem bate-papo por v\u00eddeo gratuito, mas que escondem tudo atr\u00e1s de barreiras de pagamento. Escolha um lugar onde voc\u00ea possa se conectar, rir e fazer novos amigos instantaneamente.<\/p>\n<p>Pronto para experimentar? Experimente o bate-papo com c\u00e2mera aleat\u00f3rio gratuito hoje mesmo e veja quem voc\u00ea conhecer\u00e1 em seguida.<\/p>","protected":false},"excerpt":{"rendered":"<p>Are you looking for the thrill of random cam chat? You\u2019re not alone. Since the early days of Omegle and Chatroulette, millions of people have turned to random cam chat sites to meet strangers instantly, face-to-face. The idea is simple yet powerful: switch on your webcam, click a button, and get connected to someone new [&hellip;]<\/p>\n","protected":false},"author":8,"featured_media":0,"parent":0,"menu_order":0,"comment_status":"closed","ping_status":"closed","template":"","meta":{"footnotes":""},"class_list":["post-201","page","type-page","status-publish","hentry"],"yoast_head":"<!-- This site is optimized with the Yoast SEO plugin v27.4 - https:\/\/yoast.com\/product\/yoast-seo-wordpress\/ -->\n<title>Random Cam Chat with Random Chat on Strangercam.com<\/title>\n<meta name=\"description\" content=\"Liking Random Cam Chat? Join millions on StrangerCam.com! Start a random video chat, turn on your cam, and meet strangers instantly.\" \/>\n<meta name=\"robots\" content=\"index, follow, max-snippet:-1, max-image-preview:large, max-video-preview:-1\" \/>\n<link rel=\"canonical\" href=\"https:\/\/strangercam.com\/pt-br\/bate-papo-aleatorio-na-camera\/\" \/>\n<meta property=\"og:locale\" content=\"pt_BR\" \/>\n<meta property=\"og:type\" content=\"article\" \/>\n<meta property=\"og:title\" content=\"Random Cam Chat with Random Chat on Strangercam.com\" \/>\n<meta property=\"og:description\" content=\"Liking Random Cam Chat? Join millions on StrangerCam.com! Start a random video chat, turn on your cam, and meet strangers instantly.\" \/>\n<meta property=\"og:url\" content=\"https:\/\/strangercam.com\/pt-br\/bate-papo-aleatorio-na-camera\/\" \/>\n<meta property=\"og:site_name\" content=\"Strangercam\" \/>\n<meta property=\"article:publisher\" content=\"https:\/\/www.facebook.com\/strangercam\" \/>\n<meta property=\"article:modified_time\" content=\"2025-08-18T12:08:48+00:00\" \/>\n<meta property=\"og:image\" content=\"https:\/\/strangercam.com\/wp-content\/uploads\/2021\/10\/Untitled-2.png\" \/>\n\t<meta property=\"og:image:width\" content=\"800\" \/>\n\t<meta property=\"og:image:height\" content=\"532\" \/>\n\t<meta property=\"og:image:type\" content=\"image\/png\" \/>\n<meta name=\"twitter:card\" content=\"summary_large_image\" \/>\n<meta name=\"twitter:site\" content=\"@strangercamapp\" \/>\n<meta name=\"twitter:label1\" content=\"Est. tempo de leitura\" \/>\n\t<meta name=\"twitter:data1\" content=\"5 minutos\" \/>\n<script type=\"application\/ld+json\" class=\"yoast-schema-graph\">{\"@context\":\"https:\\\/\\\/schema.org\",\"@graph\":[{\"@type\":\"WebPage\",\"@id\":\"https:\\\/\\\/strangercam.com\\\/random-cam-chat\\\/\",\"url\":\"https:\\\/\\\/strangercam.com\\\/random-cam-chat\\\/\",\"name\":\"Random Cam Chat with Random Chat on Strangercam.com\",\"isPartOf\":{\"@id\":\"https:\\\/\\\/strangercam.com\\\/#website\"},\"datePublished\":\"2025-08-18T11:43:14+00:00\",\"dateModified\":\"2025-08-18T12:08:48+00:00\",\"description\":\"Liking Random Cam Chat? Join millions on StrangerCam.com! Start a random video chat, turn on your cam, and meet strangers instantly.\",\"breadcrumb\":{\"@id\":\"https:\\\/\\\/strangercam.com\\\/random-cam-chat\\\/#breadcrumb\"},\"inLanguage\":\"pt-BR\",\"potentialAction\":[{\"@type\":\"ReadAction\",\"target\":[\"https:\\\/\\\/strangercam.com\\\/random-cam-chat\\\/\"]}]},{\"@type\":\"BreadcrumbList\",\"@id\":\"https:\\\/\\\/strangercam.com\\\/random-cam-chat\\\/#breadcrumb\",\"itemListElement\":[{\"@type\":\"ListItem\",\"position\":1,\"name\":\"Home\",\"item\":\"https:\\\/\\\/strangercam.com\\\/\"},{\"@type\":\"ListItem\",\"position\":2,\"name\":\"Random Cam Chat\"}]},{\"@type\":\"WebSite\",\"@id\":\"https:\\\/\\\/strangercam.com\\\/#website\",\"url\":\"https:\\\/\\\/strangercam.com\\\/\",\"name\":\"Strangercam\",\"description\":\"Random Video Chat with Strangers\",\"publisher\":{\"@id\":\"https:\\\/\\\/strangercam.com\\\/#organization\"},\"alternateName\":\"Strangercam.com\",\"potentialAction\":[{\"@type\":\"SearchAction\",\"target\":{\"@type\":\"EntryPoint\",\"urlTemplate\":\"https:\\\/\\\/strangercam.com\\\/?s={search_term_string}\"},\"query-input\":{\"@type\":\"PropertyValueSpecification\",\"valueRequired\":true,\"valueName\":\"search_term_string\"}}],\"inLanguage\":\"pt-BR\"},{\"@type\":\"Organization\",\"@id\":\"https:\\\/\\\/strangercam.com\\\/#organization\",\"name\":\"Strangercam\",\"alternateName\":\"Strangercam.com\",\"url\":\"https:\\\/\\\/strangercam.com\\\/\",\"logo\":{\"@type\":\"ImageObject\",\"inLanguage\":\"pt-BR\",\"@id\":\"https:\\\/\\\/strangercam.com\\\/#\\\/schema\\\/logo\\\/image\\\/\",\"url\":\"https:\\\/\\\/strangercam.com\\\/wp-content\\\/uploads\\\/2020\\\/11\\\/cropped-new-favicon-black.png\",\"contentUrl\":\"https:\\\/\\\/strangercam.com\\\/wp-content\\\/uploads\\\/2020\\\/11\\\/cropped-new-favicon-black.png\",\"width\":512,\"height\":512,\"caption\":\"Strangercam\"},\"image\":{\"@id\":\"https:\\\/\\\/strangercam.com\\\/#\\\/schema\\\/logo\\\/image\\\/\"},\"sameAs\":[\"https:\\\/\\\/www.facebook.com\\\/strangercam\",\"https:\\\/\\\/x.com\\\/strangercamapp\"]}]}<\/script>\n<!-- \/ Yoast SEO plugin. -->","yoast_head_json":{"title":"Bate-papo de c\u00e2mera aleat\u00f3rio com bate-papo aleat\u00f3rio em Strangercam.com","description":"Gosta de bate-papo aleat\u00f3rio na c\u00e2mera? Join milh\u00f5es em StrangerCam.com! Inicie um bate-papo por v\u00eddeo aleat\u00f3rio, ligue sua c\u00e2mera e conhe\u00e7a estranhos instantaneamente.","robots":{"index":"index","follow":"follow","max-snippet":"max-snippet:-1","max-image-preview":"max-image-preview:large","max-video-preview":"max-video-preview:-1"},"canonical":"https:\/\/strangercam.com\/pt-br\/bate-papo-aleatorio-na-camera\/","og_locale":"pt_BR","og_type":"article","og_title":"Random Cam Chat with Random Chat on Strangercam.com","og_description":"Liking Random Cam Chat? Join millions on StrangerCam.com! Start a random video chat, turn on your cam, and meet strangers instantly.","og_url":"https:\/\/strangercam.com\/pt-br\/bate-papo-aleatorio-na-camera\/","og_site_name":"Strangercam","article_publisher":"https:\/\/www.facebook.com\/strangercam","article_modified_time":"2025-08-18T12:08:48+00:00","og_image":[{"width":800,"height":532,"url":"https:\/\/strangercam.com\/wp-content\/uploads\/2021\/10\/Untitled-2.png","type":"image\/png"}],"twitter_card":"summary_large_image","twitter_site":"@strangercamapp","twitter_misc":{"Est. tempo de leitura":"5 minutos"},"schema":{"@context":"https:\/\/schema.org","@graph":[{"@type":"WebPage","@id":"https:\/\/strangercam.com\/random-cam-chat\/","url":"https:\/\/strangercam.com\/random-cam-chat\/","name":"Bate-papo de c\u00e2mera aleat\u00f3rio com bate-papo aleat\u00f3rio em Strangercam.com","isPartOf":{"@id":"https:\/\/strangercam.com\/#website"},"datePublished":"2025-08-18T11:43:14+00:00","dateModified":"2025-08-18T12:08:48+00:00","description":"Gosta de bate-papo aleat\u00f3rio na c\u00e2mera? Join milh\u00f5es em StrangerCam.com! Inicie um bate-papo por v\u00eddeo aleat\u00f3rio, ligue sua c\u00e2mera e conhe\u00e7a estranhos instantaneamente.","breadcrumb":{"@id":"https:\/\/strangercam.com\/random-cam-chat\/#breadcrumb"},"inLanguage":"pt-BR","potentialAction":[{"@type":"ReadAction","target":["https:\/\/strangercam.com\/random-cam-chat\/"]}]},{"@type":"BreadcrumbList","@id":"https:\/\/strangercam.com\/random-cam-chat\/#breadcrumb","itemListElement":[{"@type":"ListItem","position":1,"name":"Home","item":"https:\/\/strangercam.com\/"},{"@type":"ListItem","position":2,"name":"Random Cam Chat"}]},{"@type":"WebSite","@id":"https:\/\/strangercam.com\/#website","url":"https:\/\/strangercam.com\/","name":"Strangercam","description":"Bate-papo por v\u00eddeo aleat\u00f3rio com estranhos","publisher":{"@id":"https:\/\/strangercam.com\/#organization"},"alternateName":"Strangercam.com","potentialAction":[{"@type":"SearchAction","target":{"@type":"EntryPoint","urlTemplate":"https:\/\/strangercam.com\/?s={search_term_string}"},"query-input":{"@type":"PropertyValueSpecification","valueRequired":true,"valueName":"search_term_string"}}],"inLanguage":"pt-BR"},{"@type":"Organization","@id":"https:\/\/strangercam.com\/#organization","name":"Strangercam","alternateName":"Strangercam.com","url":"https:\/\/strangercam.com\/","logo":{"@type":"ImageObject","inLanguage":"pt-BR","@id":"https:\/\/strangercam.com\/#\/schema\/logo\/image\/","url":"https:\/\/strangercam.com\/wp-content\/uploads\/2020\/11\/cropped-new-favicon-black.png","contentUrl":"https:\/\/strangercam.com\/wp-content\/uploads\/2020\/11\/cropped-new-favicon-black.png","width":512,"height":512,"caption":"Strangercam"},"image":{"@id":"https:\/\/strangercam.com\/#\/schema\/logo\/image\/"},"sameAs":["https:\/\/www.facebook.com\/strangercam","https:\/\/x.com\/strangercamapp"]}]}},"_links":{"self":[{"href":"https:\/\/strangercam.com\/pt-br\/wp-json\/wp\/v2\/pages\/201","targetHints":{"allow":["GET"]}}],"collection":[{"href":"https:\/\/strangercam.com\/pt-br\/wp-json\/wp\/v2\/pages"}],"about":[{"href":"https:\/\/strangercam.com\/pt-br\/wp-json\/wp\/v2\/types\/page"}],"author":[{"embeddable":true,"href":"https:\/\/strangercam.com\/pt-br\/wp-json\/wp\/v2\/users\/8"}],"replies":[{"embeddable":true,"href":"https:\/\/strangercam.com\/pt-br\/wp-json\/wp\/v2\/comments?post=201"}],"version-history":[{"count":2,"href":"https:\/\/strangercam.com\/pt-br\/wp-json\/wp\/v2\/pages\/201\/revisions"}],"predecessor-version":[{"id":12967,"href":"https:\/\/strangercam.com\/pt-br\/wp-json\/wp\/v2\/pages\/201\/revisions\/12967"}],"wp:attachment":[{"href":"https:\/\/strangercam.com\/pt-br\/wp-json\/wp\/v2\/media?parent=201"}],"curies":[{"name":"wp","href":"https:\/\/api.w.org\/{rel}","templated":true}]}}