{"id":148,"date":"2025-08-18T12:34:38","date_gmt":"2025-08-18T10:34:38","guid":{"rendered":"https:\/\/strangercam.com\/?page_id=148"},"modified":"2025-08-18T14:02:52","modified_gmt":"2025-08-18T12:02:52","slug":"bate-papo-camera-a-camera","status":"publish","type":"page","link":"https:\/\/strangercam.com\/pt-br\/cam-to-cam-chat\/","title":{"rendered":"Bate-papo gratuito de c\u00e2mera para c\u00e2mera"},"content":{"rendered":"<p>Se voc\u00ea sempre quis conhecer algu\u00e9m cara a cara sem sair de casa, <a href=\"https:\/\/strangercam.com\/pt-br\/bazoocam\/\">c\u00e2mera<\/a> para a c\u00e2mera <a href=\"https:\/\/strangercam.com\/pt-br\/chathub\/\">bate-papo<\/a> \u00e9 uma das maneiras mais interessantes de fazer isso. Ao contr\u00e1rio do bate-papo por texto, em que voc\u00ea nunca tem certeza de quem realmente est\u00e1 do outro lado, o bate-papo por v\u00eddeo c\u00e2mera a c\u00e2mera coloca voc\u00ea diretamente na frente de pessoas reais - instantaneamente. E a melhor parte? Com plataformas como a StrangerCam, voc\u00ea pode aproveitar o bate-papo cam to cam gratuito sem precisar se registrar, pagar ou fazer download de um aplicativo.<\/p>\n<p>Neste guia, exploraremos como funciona o bate-papo c\u00e2mera a c\u00e2mera, por que ele \u00e9 t\u00e3o popular, quais recursos s\u00e3o mais importantes e como escolher as melhores plataformas em 2025. Se voc\u00ea est\u00e1 aqui para fazer novos amigos, conhecer garotas, paquerar ou simplesmente curar o t\u00e9dio, este artigo fornecer\u00e1 tudo o que voc\u00ea precisa saber.<\/p>\n<h2>O que \u00e9 o bate-papo c\u00e2mera a c\u00e2mera?<\/h2>\n<p>O bate-papo c\u00e2mera a c\u00e2mera \u00e9 um sistema de bate-papo por v\u00eddeo ao vivo em que duas pessoas se conectam cara a cara usando suas webcams. Ao contr\u00e1rio dos sites de streaming ou das redes sociais, o cam to cam trata de intera\u00e7\u00e3o em tempo real - voc\u00ea v\u00ea e ouve a outra pessoa instantaneamente, e ela v\u00ea e ouve voc\u00ea.<\/p>\n<p>Ao contr\u00e1rio das chamadas em grupo ou confer\u00eancias, o cam to cam geralmente \u00e9 individual, o que o torna mais pessoal, privado e espont\u00e2neo.<\/p>\n<h2>Por que as pessoas adoram o bate-papo gratuito entre c\u00e2meras<\/h2>\n<p>H\u00e1 in\u00fameras raz\u00f5es para as pessoas recorrerem \u00e0s plataformas gratuitas de bate-papo entre c\u00e2meras:<\/p>\n<ul>\n<li>Conex\u00e3o instant\u00e2nea - Conhe\u00e7a pessoas reais de todo o mundo em segundos.<\/li>\n<li>Sem perfis falsos - Como voc\u00ea est\u00e1 em um v\u00eddeo ao vivo, sabe que a outra pessoa \u00e9 real.<\/li>\n<li>Espontaneidade - Cada bate-papo \u00e9 uma surpresa; voc\u00ea nunca sabe quem vai encontrar em seguida.<\/li>\n<li>Divers\u00e3o e entretenimento - Perfeito para acabar com o t\u00e9dio, praticar habilidades sociais ou paquerar.<\/li>\n<li>Anonimato - Muitos sites permitem que voc\u00ea permane\u00e7a an\u00f4nimo - n\u00e3o \u00e9 necess\u00e1rio ter uma conta.<\/li>\n<li>Custo zero - Com a plataforma certa, voc\u00ea n\u00e3o precisa pagar para conversar com estranhos por v\u00eddeo.<\/li>\n<\/ul>\n<h2>Como funciona o bate-papo entre c\u00e2meras<\/h2>\n<p>O processo \u00e9 incrivelmente simples:<\/p>\n<ol>\n<li>Abra o site de bate-papo em seu desktop ou dispositivo m\u00f3vel.<\/li>\n<li>Permita o acesso \u00e0 c\u00e2mera e ao microfone quando solicitado.<\/li>\n<li>Clique em \"Start\" (Iniciar) ou \"Next\" (Pr\u00f3ximo). Voc\u00ea ser\u00e1 conectado a um estranho aleat\u00f3rio instantaneamente.<\/li>\n<li>Converse ao vivo com a c\u00e2mera. Se voc\u00ea n\u00e3o se sentir \u00e0 vontade com a pessoa, pressione \"Next\" (Avan\u00e7ar) e siga em frente.<\/li>\n<li>Repita quantas vezes quiser - o bate-papo \u00e9 gratuito e ilimitado.<\/li>\n<\/ol>\n<p>Em algumas plataformas, voc\u00ea pode aplicar filtros de g\u00eanero ou pa\u00eds para melhorar suas correspond\u00eancias.<\/p>\n<h2>Principais recursos a serem procurados<\/h2>\n<p>Ao escolher um site de bate-papo c\u00e2mera a c\u00e2mera, veja o que \u00e9 mais importante:<\/p>\n<ul>\n<li>Acesso gratuito - Bate-papos ilimitados sem barreiras de pagamento.<\/li>\n<li>Filtros de g\u00eanero e localiza\u00e7\u00e3o - Capacidade de escolher com quem deseja conversar.<\/li>\n<li>Conex\u00f5es com um clique - Sem configura\u00e7\u00f5es complicadas.<\/li>\n<li>Compat\u00edvel com dispositivos m\u00f3veis - Funciona perfeitamente em telefones e computadores.<\/li>\n<li>Modera\u00e7\u00e3o e seguran\u00e7a - Prote\u00e7\u00e3o ativa contra bots, scammers e conte\u00fado inadequado.<\/li>\n<li>N\u00e3o \u00e9 necess\u00e1rio registrar-se - Anonimato e privacidade verdadeiros.<\/li>\n<\/ul>\n<h2>Bate-papo gratuito de c\u00e2mera para c\u00e2mera vs. bate-papo pago de c\u00e2mera para c\u00e2mera<\/h2>\n<p>Nem todas as plataformas de bate-papo c\u00e2mera a c\u00e2mera s\u00e3o iguais. Algumas oferecem acesso gratuito com conex\u00f5es reais aleat\u00f3rias, enquanto outras restringem os recursos por meio de pagamento.<\/p>\n<p>Veja como eles se comparam:<\/p>\n<table>\n<thead>\n<tr>\n<th>Recurso<\/th>\n<th>Bate-papo gratuito de c\u00e2mera para c\u00e2mera<\/th>\n<th>Bate-papo pago de c\u00e2mera para c\u00e2mera<\/th>\n<\/tr>\n<\/thead>\n<tbody>\n<tr>\n<td>Custo<\/td>\n<td>Gr\u00e1tis para sempre<\/td>\n<td>Assinatura ou cr\u00e9ditos<\/td>\n<\/tr>\n<tr>\n<td>Anonimato<\/td>\n<td>N\u00e3o \u00e9 necess\u00e1rio se inscrever<\/td>\n<td>Requer conta\/pagamento<\/td>\n<\/tr>\n<tr>\n<td>Filtro de g\u00eanero<\/td>\n<td>Dispon\u00edvel em algumas plataformas gratuitas (como StrangerCam)<\/td>\n<td>Sempre inclu\u00eddo<\/td>\n<\/tr>\n<tr>\n<td>Modera\u00e7\u00e3o<\/td>\n<td>Sim (em plataformas gratuitas confi\u00e1veis)<\/td>\n<td>Sim<\/td>\n<\/tr>\n<tr>\n<td>Melhor para<\/td>\n<td>Divers\u00e3o casual e espont\u00e2nea<\/td>\n<td>Namoro s\u00e9rio, interesses de nicho<\/td>\n<\/tr>\n<\/tbody>\n<\/table>\n<p>Para a maioria dos usu\u00e1rios, o bate-papo c\u00e2mera a c\u00e2mera gratuito \u00e9 a melhor op\u00e7\u00e3o - \u00e9 espont\u00e2neo, an\u00f4nimo e f\u00e1cil de usar.<\/p>\n<h2>Tabela de compara\u00e7\u00e3o: Os melhores sites de bate-papo entre c\u00e2meras em 2025<\/h2>\n<table>\n<thead>\n<tr>\n<th>Plataforma<\/th>\n<th align=\"center\">Acesso gratuito<\/th>\n<th align=\"center\">Filtro de g\u00eanero<\/th>\n<th align=\"center\">Registro necess\u00e1rio<\/th>\n<th align=\"center\">Compat\u00edvel com dispositivos m\u00f3veis<\/th>\n<th>Notas<\/th>\n<\/tr>\n<\/thead>\n<tbody>\n<tr>\n<td>StrangerCam<\/td>\n<td align=\"center\">\u2705<\/td>\n<td align=\"center\">\u2705 (Gratuito)<\/td>\n<td align=\"center\">\u274c<\/td>\n<td align=\"center\">\u2705<\/td>\n<td>O melhor bate-papo gratuito entre c\u00e2meras para todos os fins<\/td>\n<\/tr>\n<tr>\n<td><a href=\"https:\/\/strangercam.com\/pt-br\/chatroulette\/\">Chatroulette<\/a><\/td>\n<td align=\"center\">\u2705<\/td>\n<td align=\"center\">\u274c (Pago)<\/td>\n<td align=\"center\">\u274c<\/td>\n<td align=\"center\">\u2705<\/td>\n<td>Cl\u00e1ssico, mas com filtro de g\u00eanero bloqueado<\/td>\n<\/tr>\n<tr>\n<td>Chatrandom<\/td>\n<td align=\"center\">\u2705<\/td>\n<td align=\"center\">\u274c (Pago)<\/td>\n<td align=\"center\">\u274c<\/td>\n<td align=\"center\">\u2705<\/td>\n<td>Popular, mas os filtros custam dinheiro<\/td>\n<\/tr>\n<tr>\n<td><a href=\"https:\/\/strangercam.com\/pt-br\/ometv\/\">OmeTV<\/a><\/td>\n<td align=\"center\">\u2705<\/td>\n<td align=\"center\">\u274c<\/td>\n<td align=\"center\">\u274c<\/td>\n<td align=\"center\">\u2705<\/td>\n<td>Bom aplicativo, apenas aleat\u00f3rio<\/td>\n<\/tr>\n<tr>\n<td>Shagle<\/td>\n<td align=\"center\">\u2705<\/td>\n<td align=\"center\">\u274c (Pago)<\/td>\n<td align=\"center\">\u274c<\/td>\n<td align=\"center\">\u2705<\/td>\n<td>Paywalls para melhor correspond\u00eancia<\/td>\n<\/tr>\n<tr>\n<td><a href=\"https:\/\/strangercam.com\/pt-br\/coomeet\/\">CooMeet<\/a><\/td>\n<td align=\"center\">\u274c (Teste)<\/td>\n<td align=\"center\">\u2705<\/td>\n<td align=\"center\">\u2705<\/td>\n<td align=\"center\">\u2705<\/td>\n<td>Servi\u00e7o pago em sua maioria<\/td>\n<\/tr>\n<tr>\n<td>LuckyCrush<\/td>\n<td align=\"center\">\u274c<\/td>\n<td align=\"center\">\u2705<\/td>\n<td align=\"center\">\u2705<\/td>\n<td align=\"center\">\u2705<\/td>\n<td>Baseado em g\u00eanero, mas sempre pago<\/td>\n<\/tr>\n<\/tbody>\n<\/table>\n<p>O StrangerCam \u00e9 uma das \u00fanicas plataformas que oferece bate-papo gratuito entre c\u00e2meras com filtros de g\u00eanero reais - algo que a maioria dos concorrentes esconde por tr\u00e1s de barreiras de pagamento.<\/p>\n<h2>Por que StrangerCam \u00e9 o melhor lugar para bate-papo gratuito entre c\u00e2meras<\/h2>\n<p>Veja por que a StrangerCam se destaca como a melhor op\u00e7\u00e3o em 2025:<\/p>\n<h3>1. Verdadeiramente gratuito, sem registro<\/h3>\n<p>Sem taxas ocultas, sem limites, sem login. Basta abrir e come\u00e7ar a conversar.<\/p>\n<h3>2. Filtro de g\u00eanero que realmente funciona<\/h3>\n<p>Ao contr\u00e1rio de outros sites \"gratuitos\", o StrangerCam permite que voc\u00ea filtre por garotas, garotos ou ambos sem cobrar nada.<\/p>\n<h3>3. Modera\u00e7\u00e3o ativa<\/h3>\n<p>Moderadores reais e filtros de IA mant\u00eam os bots e usu\u00e1rios abusivos afastados.<\/p>\n<h3>4. Design otimizado para dispositivos m\u00f3veis<\/h3>\n<p>Independentemente de voc\u00ea estar no iPhone, Android ou desktop, o bate-papo \u00e9 fluido e de alta qualidade.<\/p>\n<h3>5. Comunidade global<\/h3>\n<p>Usu\u00e1rios de mais de 100 pa\u00edses significam que voc\u00ea pode conversar 24 horas por dia, 7 dias por semana.<\/p>\n<h3>6. Anonimato e privacidade<\/h3>\n<p>Sem registro, sem rastreamento, sem armazenamento de bate-papos por v\u00eddeo.<\/p>\n<h2>Depoimentos reais de usu\u00e1rios<\/h2>\n<blockquote><p><em>\"Experimentei v\u00e1rios sites de c\u00e2mera para c\u00e2mera, mas o StrangerCam \u00e9 o \u00fanico que realmente me proporcionou bate-papos gratuitos e ilimitados sem me for\u00e7ar a pagar. O filtro de g\u00eanero \u00e9 uma grande vantagem.\"<\/em><br \/>\n- Kevin, 29 anos<\/p><\/blockquote>\n<blockquote><p><em>\"Como garota, sinto-me mais segura aqui porque h\u00e1 modera\u00e7\u00e3o adequada. Posso sair imediatamente se algu\u00e9m for grosseiro.\"<\/em><br \/>\n- Anna, 22 anos<\/p><\/blockquote>\n<blockquote><p><em>\"Funciona perfeitamente em meu telefone. Em poucos minutos, eu estava conversando com algu\u00e9m da It\u00e1lia. O bate-papo gratuito entre c\u00e2meras n\u00e3o pode ser melhor do que isso.\"<\/em><br \/>\n- David, 24 anos<\/p><\/blockquote>\n<h2>Dicas de seguran\u00e7a para bate-papo entre c\u00e2meras<\/h2>\n<p>Para desfrutar do bate-papo c\u00e2mera a c\u00e2mera com seguran\u00e7a:<\/p>\n<ul>\n<li>N\u00e3o compartilhe informa\u00e7\u00f5es pessoais (nome verdadeiro, endere\u00e7o, n\u00famero de telefone).<\/li>\n<li>Evite clicar em links enviados por estranhos.<\/li>\n<li>Use o bot\u00e3o \"Next\" livremente - n\u00e3o permane\u00e7a em bate-papos que pare\u00e7am desconfort\u00e1veis.<\/li>\n<li>Mantenha seu plano de fundo neutro para evitar revelar detalhes pessoais.<\/li>\n<li>Comunique imediatamente o mau comportamento.<\/li>\n<\/ul>\n<h2>Como iniciar um bate-papo c\u00e2mera a c\u00e2mera gratuito em segundos<\/h2>\n<ol>\n<li>Abra a plataforma.<\/li>\n<li>Permita o acesso \u00e0 c\u00e2mera e ao microfone.<\/li>\n<li>Escolha suas prefer\u00eancias (como filtro de g\u00eanero).<\/li>\n<li>Clique em \"Iniciar bate-papo\".<\/li>\n<li>Aproveite sua conex\u00e3o ao vivo de c\u00e2mera para c\u00e2mera.<\/li>\n<\/ol>\n<p>Leva menos de um minuto para passar do t\u00e9dio ao bate-papo ao vivo com um estranho.<\/p>\n<h2>Considera\u00e7\u00f5es finais - Experimente o bate-papo c\u00e2mera a c\u00e2mera gratuito hoje mesmo<\/h2>\n<p>Em 2025, o bate-papo c\u00e2mera a c\u00e2mera continua sendo uma das melhores maneiras de conhecer novas pessoas, fazer amigos e desfrutar de conversas espont\u00e2neas. Mas nem todas as plataformas s\u00e3o iguais. Muitas cobram dinheiro, restringem recursos ou n\u00e3o protegem os usu\u00e1rios contra bots e spam.<\/p>\n<p>\u00c9 por isso que o bate-papo c\u00e2mera a c\u00e2mera gratuito no StrangerCam se destaca. Com filtros de g\u00eanero reais, acesso instant\u00e2neo, usu\u00e1rios globais e modera\u00e7\u00e3o rigorosa, esse \u00e9 um dos lugares mais seguros e agrad\u00e1veis para conhecer estranhos on-line.<\/p>\n<p>Pronto para experimentar? Entre agora em um bate-papo c\u00e2mera a c\u00e2mera gratuito e veja quem voc\u00ea vai conhecer!<\/p>","protected":false},"excerpt":{"rendered":"<p>If you\u2019ve ever wanted to meet someone new face-to-face without leaving your home, cam to cam chat is one of the most exciting ways to do it. Unlike text chat, where you can never be sure who\u2019s really on the other side, cam to cam video chat puts you directly in front of real people\u2014instantly. [&hellip;]<\/p>\n","protected":false},"author":8,"featured_media":0,"parent":0,"menu_order":0,"comment_status":"closed","ping_status":"closed","template":"","meta":{"footnotes":""},"class_list":["post-148","page","type-page","status-publish","hentry"],"yoast_head":"<!-- This site is optimized with the Yoast SEO plugin v27.4 - https:\/\/yoast.com\/product\/yoast-seo-wordpress\/ -->\n<title>Free Cam to Cam Chat with Random Chat on Strangercam.com<\/title>\n<meta name=\"description\" content=\"Liking Free Cam to Cam Chat? Join millions on StrangerCam.com! Start a random video chat, turn on your cam, and meet strangers instantly.\" \/>\n<meta name=\"robots\" content=\"index, follow, max-snippet:-1, max-image-preview:large, max-video-preview:-1\" \/>\n<link rel=\"canonical\" href=\"https:\/\/strangercam.com\/pt-br\/bate-papo-camera-a-camera\/\" \/>\n<meta property=\"og:locale\" content=\"pt_BR\" \/>\n<meta property=\"og:type\" content=\"article\" \/>\n<meta property=\"og:title\" content=\"Free Cam to Cam Chat with Random Chat on Strangercam.com\" \/>\n<meta property=\"og:description\" content=\"Liking Free Cam to Cam Chat? Join millions on StrangerCam.com! Start a random video chat, turn on your cam, and meet strangers instantly.\" \/>\n<meta property=\"og:url\" content=\"https:\/\/strangercam.com\/pt-br\/bate-papo-camera-a-camera\/\" \/>\n<meta property=\"og:site_name\" content=\"Strangercam\" \/>\n<meta property=\"article:publisher\" content=\"https:\/\/www.facebook.com\/strangercam\" \/>\n<meta property=\"article:modified_time\" content=\"2025-08-18T12:02:52+00:00\" \/>\n<meta property=\"og:image\" content=\"https:\/\/strangercam.com\/wp-content\/uploads\/2021\/10\/Untitled-2.png\" \/>\n\t<meta property=\"og:image:width\" content=\"800\" \/>\n\t<meta property=\"og:image:height\" content=\"532\" \/>\n\t<meta property=\"og:image:type\" content=\"image\/png\" \/>\n<meta name=\"twitter:card\" content=\"summary_large_image\" \/>\n<meta name=\"twitter:site\" content=\"@strangercamapp\" \/>\n<meta name=\"twitter:label1\" content=\"Est. tempo de leitura\" \/>\n\t<meta name=\"twitter:data1\" content=\"5 minutos\" \/>\n<script type=\"application\/ld+json\" class=\"yoast-schema-graph\">{\"@context\":\"https:\\\/\\\/schema.org\",\"@graph\":[{\"@type\":\"WebPage\",\"@id\":\"https:\\\/\\\/strangercam.com\\\/cam-to-cam-chat\\\/\",\"url\":\"https:\\\/\\\/strangercam.com\\\/cam-to-cam-chat\\\/\",\"name\":\"Free Cam to Cam Chat with Random Chat on Strangercam.com\",\"isPartOf\":{\"@id\":\"https:\\\/\\\/strangercam.com\\\/#website\"},\"datePublished\":\"2025-08-18T10:34:38+00:00\",\"dateModified\":\"2025-08-18T12:02:52+00:00\",\"description\":\"Liking Free Cam to Cam Chat? Join millions on StrangerCam.com! Start a random video chat, turn on your cam, and meet strangers instantly.\",\"breadcrumb\":{\"@id\":\"https:\\\/\\\/strangercam.com\\\/cam-to-cam-chat\\\/#breadcrumb\"},\"inLanguage\":\"pt-BR\",\"potentialAction\":[{\"@type\":\"ReadAction\",\"target\":[\"https:\\\/\\\/strangercam.com\\\/cam-to-cam-chat\\\/\"]}]},{\"@type\":\"BreadcrumbList\",\"@id\":\"https:\\\/\\\/strangercam.com\\\/cam-to-cam-chat\\\/#breadcrumb\",\"itemListElement\":[{\"@type\":\"ListItem\",\"position\":1,\"name\":\"Home\",\"item\":\"https:\\\/\\\/strangercam.com\\\/\"},{\"@type\":\"ListItem\",\"position\":2,\"name\":\"Free Cam to Cam Chat\"}]},{\"@type\":\"WebSite\",\"@id\":\"https:\\\/\\\/strangercam.com\\\/#website\",\"url\":\"https:\\\/\\\/strangercam.com\\\/\",\"name\":\"Strangercam\",\"description\":\"Random Video Chat with Strangers\",\"publisher\":{\"@id\":\"https:\\\/\\\/strangercam.com\\\/#organization\"},\"alternateName\":\"Strangercam.com\",\"potentialAction\":[{\"@type\":\"SearchAction\",\"target\":{\"@type\":\"EntryPoint\",\"urlTemplate\":\"https:\\\/\\\/strangercam.com\\\/?s={search_term_string}\"},\"query-input\":{\"@type\":\"PropertyValueSpecification\",\"valueRequired\":true,\"valueName\":\"search_term_string\"}}],\"inLanguage\":\"pt-BR\"},{\"@type\":\"Organization\",\"@id\":\"https:\\\/\\\/strangercam.com\\\/#organization\",\"name\":\"Strangercam\",\"alternateName\":\"Strangercam.com\",\"url\":\"https:\\\/\\\/strangercam.com\\\/\",\"logo\":{\"@type\":\"ImageObject\",\"inLanguage\":\"pt-BR\",\"@id\":\"https:\\\/\\\/strangercam.com\\\/#\\\/schema\\\/logo\\\/image\\\/\",\"url\":\"https:\\\/\\\/strangercam.com\\\/wp-content\\\/uploads\\\/2020\\\/11\\\/cropped-new-favicon-black.png\",\"contentUrl\":\"https:\\\/\\\/strangercam.com\\\/wp-content\\\/uploads\\\/2020\\\/11\\\/cropped-new-favicon-black.png\",\"width\":512,\"height\":512,\"caption\":\"Strangercam\"},\"image\":{\"@id\":\"https:\\\/\\\/strangercam.com\\\/#\\\/schema\\\/logo\\\/image\\\/\"},\"sameAs\":[\"https:\\\/\\\/www.facebook.com\\\/strangercam\",\"https:\\\/\\\/x.com\\\/strangercamapp\"]}]}<\/script>\n<!-- \/ Yoast SEO plugin. -->","yoast_head_json":{"title":"Bate-papo gratuito de c\u00e2mera para c\u00e2mera com bate-papo aleat\u00f3rio em Strangercam.com","description":"Est\u00e1 gostando do bate-papo gratuito entre c\u00e2meras? Join milh\u00f5es em StrangerCam.com! Inicie um bate-papo por v\u00eddeo aleat\u00f3rio, ligue sua c\u00e2mera e conhe\u00e7a estranhos instantaneamente.","robots":{"index":"index","follow":"follow","max-snippet":"max-snippet:-1","max-image-preview":"max-image-preview:large","max-video-preview":"max-video-preview:-1"},"canonical":"https:\/\/strangercam.com\/pt-br\/bate-papo-camera-a-camera\/","og_locale":"pt_BR","og_type":"article","og_title":"Free Cam to Cam Chat with Random Chat on Strangercam.com","og_description":"Liking Free Cam to Cam Chat? Join millions on StrangerCam.com! Start a random video chat, turn on your cam, and meet strangers instantly.","og_url":"https:\/\/strangercam.com\/pt-br\/bate-papo-camera-a-camera\/","og_site_name":"Strangercam","article_publisher":"https:\/\/www.facebook.com\/strangercam","article_modified_time":"2025-08-18T12:02:52+00:00","og_image":[{"width":800,"height":532,"url":"https:\/\/strangercam.com\/wp-content\/uploads\/2021\/10\/Untitled-2.png","type":"image\/png"}],"twitter_card":"summary_large_image","twitter_site":"@strangercamapp","twitter_misc":{"Est. tempo de leitura":"5 minutos"},"schema":{"@context":"https:\/\/schema.org","@graph":[{"@type":"WebPage","@id":"https:\/\/strangercam.com\/cam-to-cam-chat\/","url":"https:\/\/strangercam.com\/cam-to-cam-chat\/","name":"Bate-papo gratuito de c\u00e2mera para c\u00e2mera com bate-papo aleat\u00f3rio em Strangercam.com","isPartOf":{"@id":"https:\/\/strangercam.com\/#website"},"datePublished":"2025-08-18T10:34:38+00:00","dateModified":"2025-08-18T12:02:52+00:00","description":"Est\u00e1 gostando do bate-papo gratuito entre c\u00e2meras? Join milh\u00f5es em StrangerCam.com! Inicie um bate-papo por v\u00eddeo aleat\u00f3rio, ligue sua c\u00e2mera e conhe\u00e7a estranhos instantaneamente.","breadcrumb":{"@id":"https:\/\/strangercam.com\/cam-to-cam-chat\/#breadcrumb"},"inLanguage":"pt-BR","potentialAction":[{"@type":"ReadAction","target":["https:\/\/strangercam.com\/cam-to-cam-chat\/"]}]},{"@type":"BreadcrumbList","@id":"https:\/\/strangercam.com\/cam-to-cam-chat\/#breadcrumb","itemListElement":[{"@type":"ListItem","position":1,"name":"Home","item":"https:\/\/strangercam.com\/"},{"@type":"ListItem","position":2,"name":"Free Cam to Cam Chat"}]},{"@type":"WebSite","@id":"https:\/\/strangercam.com\/#website","url":"https:\/\/strangercam.com\/","name":"Strangercam","description":"Bate-papo por v\u00eddeo aleat\u00f3rio com estranhos","publisher":{"@id":"https:\/\/strangercam.com\/#organization"},"alternateName":"Strangercam.com","potentialAction":[{"@type":"SearchAction","target":{"@type":"EntryPoint","urlTemplate":"https:\/\/strangercam.com\/?s={search_term_string}"},"query-input":{"@type":"PropertyValueSpecification","valueRequired":true,"valueName":"search_term_string"}}],"inLanguage":"pt-BR"},{"@type":"Organization","@id":"https:\/\/strangercam.com\/#organization","name":"Strangercam","alternateName":"Strangercam.com","url":"https:\/\/strangercam.com\/","logo":{"@type":"ImageObject","inLanguage":"pt-BR","@id":"https:\/\/strangercam.com\/#\/schema\/logo\/image\/","url":"https:\/\/strangercam.com\/wp-content\/uploads\/2020\/11\/cropped-new-favicon-black.png","contentUrl":"https:\/\/strangercam.com\/wp-content\/uploads\/2020\/11\/cropped-new-favicon-black.png","width":512,"height":512,"caption":"Strangercam"},"image":{"@id":"https:\/\/strangercam.com\/#\/schema\/logo\/image\/"},"sameAs":["https:\/\/www.facebook.com\/strangercam","https:\/\/x.com\/strangercamapp"]}]}},"_links":{"self":[{"href":"https:\/\/strangercam.com\/pt-br\/wp-json\/wp\/v2\/pages\/148","targetHints":{"allow":["GET"]}}],"collection":[{"href":"https:\/\/strangercam.com\/pt-br\/wp-json\/wp\/v2\/pages"}],"about":[{"href":"https:\/\/strangercam.com\/pt-br\/wp-json\/wp\/v2\/types\/page"}],"author":[{"embeddable":true,"href":"https:\/\/strangercam.com\/pt-br\/wp-json\/wp\/v2\/users\/8"}],"replies":[{"embeddable":true,"href":"https:\/\/strangercam.com\/pt-br\/wp-json\/wp\/v2\/comments?post=148"}],"version-history":[{"count":2,"href":"https:\/\/strangercam.com\/pt-br\/wp-json\/wp\/v2\/pages\/148\/revisions"}],"predecessor-version":[{"id":12962,"href":"https:\/\/strangercam.com\/pt-br\/wp-json\/wp\/v2\/pages\/148\/revisions\/12962"}],"wp:attachment":[{"href":"https:\/\/strangercam.com\/pt-br\/wp-json\/wp\/v2\/media?parent=148"}],"curies":[{"name":"wp","href":"https:\/\/api.w.org\/{rel}","templated":true}]}}