{"id":1327,"date":"2021-04-06T11:24:02","date_gmt":"2021-04-06T09:24:02","guid":{"rendered":"https:\/\/strangercam.com\/?page_id=1327"},"modified":"2023-08-21T12:24:41","modified_gmt":"2023-08-21T10:24:41","slug":"chatrad","status":"publish","type":"page","link":"https:\/\/strangercam.com\/pt-br\/chatrad\/","title":{"rendered":"Chatrad"},"content":{"rendered":"<p>Deseja <a href=\"https:\/\/strangercam.com\/pt-br\/coomeet\/\">conhecer<\/a> pessoas novas e interessantes todos os dias? Experimente o ChatRad online <a href=\"https:\/\/strangercam.com\/pt-br\/rabbit-video-chat\/\">v\u00eddeo<\/a> <a href=\"https:\/\/strangercam.com\/pt-br\/chatroulette\/\">bate-papo<\/a> plataforma. Esse \u00e9 um site que ajuda voc\u00ea a conhecer dezenas de pessoas todos os dias por meio de sua webcam. Conectar-se com estranhos aleat\u00f3rios de todo o mundo \u00e9 f\u00e1cil e instant\u00e2neo. Portanto, se voc\u00ea quiser fazer novos amigos ou namorar, o ChatRad \u00e9 a plataforma ideal para voc\u00ea.<\/p>\n<p>Al\u00e9m disso, o ChatRad tamb\u00e9m permite que voc\u00ea encontre um novo parceiro de namoro ou proporciona um bom momento de socializa\u00e7\u00e3o.<\/p>\n<h2>O que \u00e9 o ChatRad?<\/h2>\n<p>O ChatRad foi lan\u00e7ado em 2013. <a href=\"https:\/\/strangercam.com\/pt-br\/chatingly\/\">Bate-papo<\/a> conversar por meio da tecnologia de webcam nunca foi t\u00e3o f\u00e1cil. No entanto, com a ajuda da plataforma ChatRad, o bate-papo pela webcam \u00e9 facilitado para seus usu\u00e1rios por meio de anos de inova\u00e7\u00e3o e trabalho \u00e1rduo.<\/p>\n<p>O ChatRad \u00e9 um software de bate-papo que permite que seus usu\u00e1rios se comuniquem com estranhos aleat\u00f3rios usando a webcam por meio de uma plataforma de v\u00eddeo. O ChatRad tamb\u00e9m permite que voc\u00ea converse com base em seus gostos e prefer\u00eancias.<\/p>\n<h3>O que h\u00e1 de t\u00e3o especial no ChatRad?<\/h3>\n<p>O aspecto mais especial do ChatRad \u00e9 que ele \u00e9 <a href=\"https:\/\/strangercam.com\/pt-br\/chat4free\/\">gratuito<\/a>. Voc\u00ea s\u00f3 precisa usar sua webcam para conversar com estranhos do mundo todo. Vamos dar uma olhada em alguns recursos especiais do ChatRad.<\/p>\n<ul>\n<li>Conhe\u00e7a novas pessoas - Conhecer novas pessoas com o ChatRad \u00e9 simples e f\u00e1cil. Voc\u00ea s\u00f3 precisa pressionar \"start\" para ativar sua webcam e pronto.<\/li>\n<li>Al\u00e9m disso, \u00e9 uma plataforma que oferece apenas socializa\u00e7\u00e3o gratuita, mas tamb\u00e9m permite que voc\u00ea mostre seu talento ao mundo. Se voc\u00ea \u00e9 um \u00f3timo guitarrista ou tem uma \u00f3tima voz, pode fazer isso facilmente no ChatRad. Al\u00e9m disso, voc\u00ea pode discutir v\u00e1rios t\u00f3picos com estranhos, como comida, pol\u00edtica, cultura e muito mais. Conectar-se a estranhos de todo o mundo no ChatRad por meio de uma webcam tamb\u00e9m \u00e9 interessante e divertido. Usar sua webcam para conversar com estranhos no site do ChatRad \u00e9 gratuito e empolgante.<\/li>\n<li>Velocidade - Outra coisa especial a ser mencionada sobre o ChatRad \u00e9 a sua velocidade incr\u00edvel. O ChatRad permite que voc\u00ea se conecte com estranhos aleat\u00f3rios em uma velocidade incr\u00edvel, tornando suas conversas sem falhas e sem complica\u00e7\u00f5es.<\/li>\n<\/ul>\n<p>A equipe do ChatRad est\u00e1 trabalhando arduamente para garantir sua seguran\u00e7a para o mundo. Ele nunca permite que nenhuma informa\u00e7\u00e3o vaze para terceiros ou para qualquer outro usu\u00e1rio. Por esse motivo, voc\u00ea nunca deve fornecer detalhes pessoais a estranhos. \u00c9 melhor ficar seguro do que estar do outro lado do barco.<\/p>\n<p>Continue seguindo as dicas de seguran\u00e7a para garantir que seus dados n\u00e3o sejam identific\u00e1veis por estranhos, pessoas ou ag\u00eancias desconhecidas.<\/p>","protected":false},"excerpt":{"rendered":"<p>Want to meet new and interesting people every day? Try ChatRad online video chat platform. This is a site that helps you to meet dozens of people every day through your webcam. Connecting with random strangers from across the globe is easy and instant. Thus, if you want to make new friends, or go for [&hellip;]<\/p>\n","protected":false},"author":6,"featured_media":559,"parent":0,"menu_order":0,"comment_status":"closed","ping_status":"closed","template":"","meta":{"footnotes":""},"class_list":["post-1327","page","type-page","status-publish","has-post-thumbnail","hentry"],"yoast_head":"<!-- This site is optimized with the Yoast SEO plugin v26.9 - https:\/\/yoast.com\/product\/yoast-seo-wordpress\/ -->\n<title>Chatrad - Talk To Strangers - Cam on StrangerCam.com<\/title>\n<meta name=\"description\" content=\"Like Chatrad? Come chat with more than 5.000.000 strangers on Stranger Cam for Free! Turn on your cam and find new friends &amp; maby a match!\" \/>\n<meta name=\"robots\" content=\"index, follow, max-snippet:-1, max-image-preview:large, max-video-preview:-1\" \/>\n<link rel=\"canonical\" href=\"https:\/\/strangercam.com\/pt-br\/chatrad\/\" \/>\n<meta property=\"og:locale\" content=\"pt_BR\" \/>\n<meta property=\"og:type\" content=\"article\" \/>\n<meta property=\"og:title\" content=\"Chatrad - Talk To Strangers - Cam on StrangerCam.com\" \/>\n<meta property=\"og:description\" content=\"Like Chatrad? Come chat with more than 5.000.000 strangers on Stranger Cam for Free! Turn on your cam and find new friends &amp; maby a match!\" \/>\n<meta property=\"og:url\" content=\"https:\/\/strangercam.com\/pt-br\/chatrad\/\" \/>\n<meta property=\"og:site_name\" content=\"Strangercam\" \/>\n<meta property=\"article:publisher\" content=\"https:\/\/www.facebook.com\/strangercam\" \/>\n<meta property=\"article:modified_time\" content=\"2023-08-21T10:24:41+00:00\" \/>\n<meta property=\"og:image\" content=\"https:\/\/strangercam.com\/wp-content\/uploads\/2020\/11\/stranger-cam-1.png\" \/>\n\t<meta property=\"og:image:width\" content=\"800\" \/>\n\t<meta property=\"og:image:height\" content=\"800\" \/>\n\t<meta property=\"og:image:type\" content=\"image\/png\" \/>\n<meta name=\"twitter:card\" content=\"summary_large_image\" \/>\n<meta name=\"twitter:site\" content=\"@strangercamapp\" \/>\n<meta name=\"twitter:label1\" content=\"Est. tempo de leitura\" \/>\n\t<meta name=\"twitter:data1\" content=\"2 minutos\" \/>\n<script type=\"application\/ld+json\" class=\"yoast-schema-graph\">{\"@context\":\"https:\/\/schema.org\",\"@graph\":[{\"@type\":\"WebPage\",\"@id\":\"https:\/\/strangercam.com\/chatrad\/\",\"url\":\"https:\/\/strangercam.com\/chatrad\/\",\"name\":\"Chatrad - Talk To Strangers - Cam on StrangerCam.com\",\"isPartOf\":{\"@id\":\"https:\/\/strangercam.com\/#website\"},\"primaryImageOfPage\":{\"@id\":\"https:\/\/strangercam.com\/chatrad\/#primaryimage\"},\"image\":{\"@id\":\"https:\/\/strangercam.com\/chatrad\/#primaryimage\"},\"thumbnailUrl\":\"https:\/\/strangercam.com\/wp-content\/uploads\/2020\/11\/stranger-cam-1.png\",\"datePublished\":\"2021-04-06T09:24:02+00:00\",\"dateModified\":\"2023-08-21T10:24:41+00:00\",\"description\":\"Like Chatrad? Come chat with more than 5.000.000 strangers on Stranger Cam for Free! Turn on your cam and find new friends & maby a match!\",\"breadcrumb\":{\"@id\":\"https:\/\/strangercam.com\/chatrad\/#breadcrumb\"},\"inLanguage\":\"pt-BR\",\"potentialAction\":[{\"@type\":\"ReadAction\",\"target\":[\"https:\/\/strangercam.com\/chatrad\/\"]}]},{\"@type\":\"ImageObject\",\"inLanguage\":\"pt-BR\",\"@id\":\"https:\/\/strangercam.com\/chatrad\/#primaryimage\",\"url\":\"https:\/\/strangercam.com\/wp-content\/uploads\/2020\/11\/stranger-cam-1.png\",\"contentUrl\":\"https:\/\/strangercam.com\/wp-content\/uploads\/2020\/11\/stranger-cam-1.png\",\"width\":800,\"height\":800,\"caption\":\"stranger cam random video chat\"},{\"@type\":\"BreadcrumbList\",\"@id\":\"https:\/\/strangercam.com\/chatrad\/#breadcrumb\",\"itemListElement\":[{\"@type\":\"ListItem\",\"position\":1,\"name\":\"Home\",\"item\":\"https:\/\/strangercam.com\/\"},{\"@type\":\"ListItem\",\"position\":2,\"name\":\"Chatrad\"}]},{\"@type\":\"WebSite\",\"@id\":\"https:\/\/strangercam.com\/#website\",\"url\":\"https:\/\/strangercam.com\/\",\"name\":\"Strangercam\",\"description\":\"Random Video Chat with Strangers\",\"publisher\":{\"@id\":\"https:\/\/strangercam.com\/#organization\"},\"alternateName\":\"Strangercam.com\",\"potentialAction\":[{\"@type\":\"SearchAction\",\"target\":{\"@type\":\"EntryPoint\",\"urlTemplate\":\"https:\/\/strangercam.com\/?s={search_term_string}\"},\"query-input\":{\"@type\":\"PropertyValueSpecification\",\"valueRequired\":true,\"valueName\":\"search_term_string\"}}],\"inLanguage\":\"pt-BR\"},{\"@type\":\"Organization\",\"@id\":\"https:\/\/strangercam.com\/#organization\",\"name\":\"Strangercam\",\"alternateName\":\"Strangercam.com\",\"url\":\"https:\/\/strangercam.com\/\",\"logo\":{\"@type\":\"ImageObject\",\"inLanguage\":\"pt-BR\",\"@id\":\"https:\/\/strangercam.com\/#\/schema\/logo\/image\/\",\"url\":\"https:\/\/strangercam.com\/wp-content\/uploads\/2020\/11\/cropped-new-favicon-black.png\",\"contentUrl\":\"https:\/\/strangercam.com\/wp-content\/uploads\/2020\/11\/cropped-new-favicon-black.png\",\"width\":512,\"height\":512,\"caption\":\"Strangercam\"},\"image\":{\"@id\":\"https:\/\/strangercam.com\/#\/schema\/logo\/image\/\"},\"sameAs\":[\"https:\/\/www.facebook.com\/strangercam\",\"https:\/\/x.com\/strangercamapp\"]}]}<\/script>\n<!-- \/ Yoast SEO plugin. -->","yoast_head_json":{"title":"Chatrad - Fale com estranhos - C\u00e2mera no StrangerCam.com","description":"Gosta do Chatrad? Venha conversar com mais de 5.000.000 de desconhecidos no Stranger Cam gratuitamente! Ligue sua c\u00e2mera e encontre novos amigos e talvez um par!","robots":{"index":"index","follow":"follow","max-snippet":"max-snippet:-1","max-image-preview":"max-image-preview:large","max-video-preview":"max-video-preview:-1"},"canonical":"https:\/\/strangercam.com\/pt-br\/chatrad\/","og_locale":"pt_BR","og_type":"article","og_title":"Chatrad - Talk To Strangers - Cam on StrangerCam.com","og_description":"Like Chatrad? Come chat with more than 5.000.000 strangers on Stranger Cam for Free! Turn on your cam and find new friends & maby a match!","og_url":"https:\/\/strangercam.com\/pt-br\/chatrad\/","og_site_name":"Strangercam","article_publisher":"https:\/\/www.facebook.com\/strangercam","article_modified_time":"2023-08-21T10:24:41+00:00","og_image":[{"width":800,"height":800,"url":"https:\/\/strangercam.com\/wp-content\/uploads\/2020\/11\/stranger-cam-1.png","type":"image\/png"}],"twitter_card":"summary_large_image","twitter_site":"@strangercamapp","twitter_misc":{"Est. tempo de leitura":"2 minutos"},"schema":{"@context":"https:\/\/schema.org","@graph":[{"@type":"WebPage","@id":"https:\/\/strangercam.com\/chatrad\/","url":"https:\/\/strangercam.com\/chatrad\/","name":"Chatrad - Fale com estranhos - C\u00e2mera no StrangerCam.com","isPartOf":{"@id":"https:\/\/strangercam.com\/#website"},"primaryImageOfPage":{"@id":"https:\/\/strangercam.com\/chatrad\/#primaryimage"},"image":{"@id":"https:\/\/strangercam.com\/chatrad\/#primaryimage"},"thumbnailUrl":"https:\/\/strangercam.com\/wp-content\/uploads\/2020\/11\/stranger-cam-1.png","datePublished":"2021-04-06T09:24:02+00:00","dateModified":"2023-08-21T10:24:41+00:00","description":"Gosta do Chatrad? Venha conversar com mais de 5.000.000 de desconhecidos no Stranger Cam gratuitamente! Ligue sua c\u00e2mera e encontre novos amigos e talvez um par!","breadcrumb":{"@id":"https:\/\/strangercam.com\/chatrad\/#breadcrumb"},"inLanguage":"pt-BR","potentialAction":[{"@type":"ReadAction","target":["https:\/\/strangercam.com\/chatrad\/"]}]},{"@type":"ImageObject","inLanguage":"pt-BR","@id":"https:\/\/strangercam.com\/chatrad\/#primaryimage","url":"https:\/\/strangercam.com\/wp-content\/uploads\/2020\/11\/stranger-cam-1.png","contentUrl":"https:\/\/strangercam.com\/wp-content\/uploads\/2020\/11\/stranger-cam-1.png","width":800,"height":800,"caption":"stranger cam random video chat"},{"@type":"BreadcrumbList","@id":"https:\/\/strangercam.com\/chatrad\/#breadcrumb","itemListElement":[{"@type":"ListItem","position":1,"name":"Home","item":"https:\/\/strangercam.com\/"},{"@type":"ListItem","position":2,"name":"Chatrad"}]},{"@type":"WebSite","@id":"https:\/\/strangercam.com\/#website","url":"https:\/\/strangercam.com\/","name":"Strangercam","description":"Bate-papo por v\u00eddeo aleat\u00f3rio com estranhos","publisher":{"@id":"https:\/\/strangercam.com\/#organization"},"alternateName":"Strangercam.com","potentialAction":[{"@type":"SearchAction","target":{"@type":"EntryPoint","urlTemplate":"https:\/\/strangercam.com\/?s={search_term_string}"},"query-input":{"@type":"PropertyValueSpecification","valueRequired":true,"valueName":"search_term_string"}}],"inLanguage":"pt-BR"},{"@type":"Organization","@id":"https:\/\/strangercam.com\/#organization","name":"Strangercam","alternateName":"Strangercam.com","url":"https:\/\/strangercam.com\/","logo":{"@type":"ImageObject","inLanguage":"pt-BR","@id":"https:\/\/strangercam.com\/#\/schema\/logo\/image\/","url":"https:\/\/strangercam.com\/wp-content\/uploads\/2020\/11\/cropped-new-favicon-black.png","contentUrl":"https:\/\/strangercam.com\/wp-content\/uploads\/2020\/11\/cropped-new-favicon-black.png","width":512,"height":512,"caption":"Strangercam"},"image":{"@id":"https:\/\/strangercam.com\/#\/schema\/logo\/image\/"},"sameAs":["https:\/\/www.facebook.com\/strangercam","https:\/\/x.com\/strangercamapp"]}]}},"_links":{"self":[{"href":"https:\/\/strangercam.com\/pt-br\/wp-json\/wp\/v2\/pages\/1327","targetHints":{"allow":["GET"]}}],"collection":[{"href":"https:\/\/strangercam.com\/pt-br\/wp-json\/wp\/v2\/pages"}],"about":[{"href":"https:\/\/strangercam.com\/pt-br\/wp-json\/wp\/v2\/types\/page"}],"author":[{"embeddable":true,"href":"https:\/\/strangercam.com\/pt-br\/wp-json\/wp\/v2\/users\/6"}],"replies":[{"embeddable":true,"href":"https:\/\/strangercam.com\/pt-br\/wp-json\/wp\/v2\/comments?post=1327"}],"version-history":[{"count":0,"href":"https:\/\/strangercam.com\/pt-br\/wp-json\/wp\/v2\/pages\/1327\/revisions"}],"wp:featuredmedia":[{"embeddable":true,"href":"https:\/\/strangercam.com\/pt-br\/wp-json\/wp\/v2\/media\/559"}],"wp:attachment":[{"href":"https:\/\/strangercam.com\/pt-br\/wp-json\/wp\/v2\/media?parent=1327"}],"curies":[{"name":"wp","href":"https:\/\/api.w.org\/{rel}","templated":true}]}}