{"id":1319,"date":"2021-04-06T11:11:22","date_gmt":"2021-04-06T09:11:22","guid":{"rendered":"https:\/\/strangercam.com\/?page_id=1319"},"modified":"2023-08-21T11:40:39","modified_gmt":"2023-08-21T09:40:39","slug":"camloo","status":"publish","type":"page","link":"https:\/\/strangercam.com\/pt-br\/camloo\/","title":{"rendered":"Camloo"},"content":{"rendered":"<p>Camloo \u00e9 um v\u00eddeo ao vivo <a href=\"https:\/\/strangercam.com\/pt-br\/chatroulette\/\">bate-papo<\/a> software que ajuda voc\u00ea a <a href=\"https:\/\/strangercam.com\/pt-br\/coomeet\/\">conhecer<\/a> pessoas aleat\u00f3rias pela Internet. A vantagem de usar o Camloo \u00e9 que ele permite que voc\u00ea se conecte com diferentes pessoas em todo o mundo com o clique de seu dedo. Com a mais recente chamada habilitada para v\u00eddeo, voc\u00ea pode fazer amigos facilmente por meio de bate-papos aleat\u00f3rios, encontros on-line, conversas e outros na ponta da sua m\u00e3o.<\/p>\n<p>O Camloo ajuda voc\u00ea a conhecer pessoas interessantes de todo o mundo por meio de conversas aleat\u00f3rias. Al\u00e9m disso, esse aplicativo permite que voc\u00ea se comunique com estranhos para se conectar instantaneamente com conversas en\u00e9rgicas.<\/p>\n<p>O que est\u00e1 esperando, venha e junte-se a esta interessante comunidade do Camloo?<\/p>\n<h2>Recursos do Camloo<\/h2>\n<p>Conhecer pessoas diferentes de todo o mundo n\u00e3o \u00e9 apenas f\u00e1cil, mas tamb\u00e9m simples com o Camloo. Se voc\u00ea \u00e9 daqueles que est\u00e3o ansiosos para namorar, o Camloo \u00e9 a plataforma ideal para voc\u00ea. Com o Camloo em seu smartphone, voc\u00ea pode fazer novas descobertas todos os dias.<\/p>\n<p>Al\u00e9m disso, \u00e9 a plataforma ideal para compartilhar seus sentimentos, ideias ou at\u00e9 mesmo sua discuss\u00e3o pessoal com algu\u00e9m.<br \/>\nO Camloo pode ajudar a unir todas as pessoas por meio do mundo da Internet. Com o Camloo em suas m\u00e3os, voc\u00ea nunca se sentir\u00e1 sozinho. Os recursos do Camloo o ajudar\u00e3o a se conectar com seu parceiro instantaneamente.<\/p>\n<p>Agora, conecte-se com conversas mais significativas de estranhos de todo o mundo com facilidade e sem interrup\u00e7\u00f5es.<\/p>\n<h2>Recursos do Random Video Chat<\/h2>\n<ul>\n<li>Bate-papo f\u00e1cil - Conectar-se com estranhos no Camloo \u00e9 simples e f\u00e1cil. Al\u00e9m disso, ele tamb\u00e9m oferece bate-papo por v\u00eddeo sem custo. Voc\u00ea pode at\u00e9 usar uma vers\u00e3o mais personalizada do Camloo que o ajudar\u00e1 a explorar fun\u00e7\u00f5es mais interessantes dessa plataforma.<\/li>\n<li>Encontrar a melhor combina\u00e7\u00e3o - Se quiser mudar para outra chamada no Camloo, voc\u00ea pode fazer isso facilmente. Basta pressionar a seta seguinte para <a href=\"https:\/\/strangercam.com\/pt-br\/american-random-video-call\/\">chamada de v\u00eddeo<\/a> para outra pessoa depois de terminar a chamada anterior. \u00c9 f\u00e1cil, n\u00e3o \u00e9?<\/li>\n<li>Fazer novos amigos - A comunidade Camloo est\u00e1 esperando por voc\u00ea para conhecer pessoas novas e interessantes todos os dias. \u00c9 melhor n\u00e3o fazer com que elas esperem por voc\u00ea. Fazer novos amigos e socializar nessa excelente plataforma n\u00e3o \u00e9 apenas o melhor, mas tamb\u00e9m perfeito para voc\u00ea.<\/li>\n<li>Mostre seu talento - Voc\u00ea tem uma \u00f3tima voz? Sua dan\u00e7a faz o mundo dan\u00e7ar ao seu ritmo? Ent\u00e3o o Camloo \u00e9 a melhor plataforma de que voc\u00ea precisa. O Camloo pode aproveitar o melhor de seu talento e ajud\u00e1-lo a se tornar um superstar.<\/li>\n<li>Puramente seguro - A equipe do Camloo est\u00e1 trabalhando arduamente para tornar seu bate-papo f\u00e1cil e seguro. Ele n\u00e3o apenas o deixa livre de preocupa\u00e7\u00f5es, mas tamb\u00e9m de hackers e outros problemas de seguran\u00e7a. Nunca se esque\u00e7a de verificar suas dicas de privacidade para ter total tranquilidade.<\/li>\n<\/ul>\n<h2>Pr\u00f3s e contras do Camloo<\/h2>\n<p>Existem muitos aplicativos de namoro por a\u00ed, mas o Camloo \u00e9 diferente. N\u00e3o \u00e9 apenas uma forma de conhecer pessoas aleat\u00f3rias, mas uma forma de conhecer pessoas aleat\u00f3rias e se divertir. Mas ser\u00e1 que ele realmente vale seu tempo? Vamos dar uma olhada nos pr\u00f3s e contras do Camloo.<\/p>\n<h4>PR\u00d3S:<\/h4>\n<ul>\n<li style=\"font-weight: 400;\" aria-level=\"1\">Ele \u00e9 gratuito! Voc\u00ea n\u00e3o precisa pagar nada para usar o aplicativo.<\/li>\n<li style=\"font-weight: 400;\" aria-level=\"1\">\u00c9 f\u00e1cil de usar. A interface \u00e9 simples e direta.<\/li>\n<li style=\"font-weight: 400;\" aria-level=\"1\">\u00c9 an\u00f4nimo. Voc\u00ea n\u00e3o precisa usar seu nome verdadeiro ou qualquer informa\u00e7\u00e3o pessoal.<\/li>\n<li style=\"font-weight: 400;\" aria-level=\"1\">\u00c9 r\u00e1pido. Voc\u00ea pode navegar rapidamente pelos perfis e encontrar algu\u00e9m para conversar.<\/li>\n<\/ul>\n<h4>CONS:<\/h4>\n<ul>\n<li style=\"font-weight: 400;\" aria-level=\"1\">N\u00e3o \u00e9 muito popular. Ainda n\u00e3o h\u00e1 muitos usu\u00e1rios no aplicativo, portanto, suas op\u00e7\u00f5es podem ser limitadas.<\/li>\n<li style=\"font-weight: 400;\" aria-level=\"1\">N\u00e3o \u00e9 muito conhecido. O Camloo n\u00e3o \u00e9 t\u00e3o conhecido quanto alguns dos outros aplicativos de namoro existentes, portanto, pode ser mais dif\u00edcil encontrar parceiros.<\/li>\n<\/ul>\n<h2>Como usar o Camloo?<\/h2>\n<p>Se voc\u00ea est\u00e1 procurando uma nova maneira de conhecer pessoas aleat\u00f3rias, o Camloo \u00e9 uma \u00f3tima op\u00e7\u00e3o. Veja como us\u00e1-lo:<\/p>\n<ol>\n<li style=\"font-weight: 400;\" aria-level=\"1\">Registre-se em uma conta. Voc\u00ea precisar\u00e1 fornecer algumas informa\u00e7\u00f5es b\u00e1sicas, como seu nome e endere\u00e7o de e-mail.<\/li>\n<li style=\"font-weight: 400;\" aria-level=\"1\">Depois de fazer login, voc\u00ea poder\u00e1 ver uma lista de todos os usu\u00e1rios dispon\u00edveis. Voc\u00ea pode navegar por eles ou usar a fun\u00e7\u00e3o de pesquisa para encontrar algu\u00e9m espec\u00edfico.<\/li>\n<li style=\"font-weight: 400;\" aria-level=\"1\">Quando encontrar algu\u00e9m com quem queira conversar, basta clicar no nome dessa pessoa e voc\u00ea ser\u00e1 levado \u00e0 p\u00e1gina de perfil dela. A partir da\u00ed, voc\u00ea pode iniciar uma conversa digitando na caixa de texto na parte inferior da p\u00e1gina.<\/li>\n<li style=\"font-weight: 400;\" aria-level=\"1\">\u00c9 isso a\u00ed! Voc\u00ea pode continuar conversando pelo tempo que quiser ou passar para outra pessoa a qualquer momento.<\/li>\n<\/ol>\n<h2>Por que o Camloo \u00e9 uma plataforma de bate-papo por v\u00eddeo aleat\u00f3ria t\u00e3o popular?<\/h2>\n<p>O Camloo \u00e9 uma nova plataforma de bate-papo por v\u00eddeo aleat\u00f3rio que est\u00e1 conquistando a Internet. H\u00e1 muitas raz\u00f5es pelas quais o Camloo \u00e9 t\u00e3o popular, mas uma das principais \u00e9 porque ele permite que os usu\u00e1rios conhe\u00e7am novas pessoas de todo o mundo de uma forma divertida e interativa.<\/p>\n<p>Outro motivo pelo qual o Camloo \u00e9 t\u00e3o popular \u00e9 o fato de ser uma forma muito segura de conversar com estranhos. Todas as conversas s\u00e3o criptografadas e o Camloo tamb\u00e9m oferece v\u00e1rios recursos de seguran\u00e7a, como a possibilidade de denunciar usu\u00e1rios que estejam se comportando de forma inadequada.<\/p>\n<p>Portanto, se voc\u00ea estiver procurando uma maneira nova e empolgante de conhecer pessoas aleat\u00f3rias de todo o mundo, n\u00e3o deixe de conferir o Camloo!<\/p>\n<h2>Como aproveitar ao m\u00e1ximo o Camloo?<\/h2>\n<p>Se voc\u00ea gosta de conhecer novas pessoas e fazer amigos, o Camloo \u00e9 a plataforma perfeita para voc\u00ea. O Camloo \u00e9 um novo site de rede social que ajuda voc\u00ea a se conectar com pessoas aleat\u00f3rias de todo o mundo. Voc\u00ea pode usar o Camloo para conversar com novos amigos, conhecer novas pessoas e at\u00e9 mesmo encontrar o amor. Mas como voc\u00ea pode aproveitar ao m\u00e1ximo o Camloo? Aqui est\u00e3o algumas dicas:<\/p>\n<ol>\n<li style=\"font-weight: 400;\" aria-level=\"1\">\u00a0Use a fun\u00e7\u00e3o de pesquisa para encontrar pessoas que compartilhem seus interesses. Dessa forma, voc\u00ea poder\u00e1 iniciar uma conversa com mais facilidade.<\/li>\n<li style=\"font-weight: 400;\" aria-level=\"1\">\u00a0Entre em grupos e participe de discuss\u00f5es. Essa \u00e9 uma \u00f3tima maneira de conhecer novas pessoas e fazer amigos.<\/li>\n<li style=\"font-weight: 400;\" aria-level=\"1\">Seja ativo no site. Quanto mais ativo voc\u00ea for, maior ser\u00e1 a probabilidade de as pessoas quererem ser suas amigas.<\/li>\n<li style=\"font-weight: 400;\" aria-level=\"1\">Seja voc\u00ea mesmo! N\u00e3o tenha medo de mostrar sua personalidade no Camloo. Essa \u00e9 uma \u00f3tima maneira de fazer amigos e conhecer novas pessoas.<\/li>\n<\/ol>\n<h2>O Camloo \u00e9 seguro?<\/h2>\n<p>Quando se trata de encontros on-line, a seguran\u00e7a \u00e9 sempre uma grande preocupa\u00e7\u00e3o. Ent\u00e3o, o Camloo \u00e9 seguro? A resposta curta \u00e9 sim, o Camloo \u00e9 uma maneira segura de conhecer novas pessoas on-line. Aqui est\u00e3o algumas das coisas que fazemos para manter nossos membros seguros:<\/p>\n<p>S\u00f3 permitimos que os membros se inscrevam com um endere\u00e7o de e-mail v\u00e1lido. Isso nos ajuda a verificar cada membro e a ter certeza de que ele \u00e9 quem diz ser.<\/p>\n<p>Temos uma pol\u00edtica anti-spam rigorosa em vigor. Isso significa que os membros s\u00f3 podem enviar mensagens a outros membros que tenham concordado mutuamente em conversar. Isso ajuda a reduzir as mensagens indesejadas e o spam.<\/p>\n<p>Moderamos todos os perfis e fotos antes de serem disponibilizados no site. Isso ajuda a garantir que todos os membros sejam genu\u00ednos e que n\u00e3o haja perfis ou fotos falsos.<\/p>\n<p>Temos uma equipe dedicada de representantes de atendimento ao cliente que est\u00e3o dispon\u00edveis 24 horas por dia, 7 dias por semana, para ajudar com quaisquer preocupa\u00e7\u00f5es ou d\u00favidas que voc\u00ea possa ter.<\/p>\n<p>Portanto, fique tranquilo, o Camloo \u00e9 uma maneira segura de conhecer novas pessoas on-line.<\/p>\n<h2>Medidas preventivas a serem tomadas ao usar a plataforma de bate-papo por v\u00eddeo aleat\u00f3rio:<\/h2>\n<p>Ao usar qualquer <a href=\"https:\/\/strangercam.com\/pt-br\/chathub\/\">bate-papo por v\u00eddeo aleat\u00f3rio<\/a> plataforma, \u00e9 importante tomar algumas medidas preventivas para garantir sua seguran\u00e7a. Aqui est\u00e3o algumas dicas:<\/p>\n<ul>\n<li style=\"font-weight: 400;\" aria-level=\"1\">Nunca forne\u00e7a informa\u00e7\u00f5es pessoais, como seu nome, endere\u00e7o ou n\u00famero de telefone.<\/li>\n<li style=\"font-weight: 400;\" aria-level=\"1\">Se algu\u00e9m com quem voc\u00ea estiver conversando pedir informa\u00e7\u00f5es pessoais, recuse educadamente e encerre a conversa.<\/li>\n<li style=\"font-weight: 400;\" aria-level=\"1\">Evite enviar ou aceitar qualquer tipo de arquivo de algu\u00e9m que voc\u00ea n\u00e3o conhece. Esses arquivos podem conter v\u00edrus ou malware que podem danificar seu computador.<\/li>\n<li style=\"font-weight: 400;\" aria-level=\"1\">Se voc\u00ea se sentir desconfort\u00e1vel ou amea\u00e7ado durante um bate-papo, encerre a conversa imediatamente e denuncie o usu\u00e1rio aos administradores da plataforma.<\/li>\n<\/ul>\n<h2>Conclus\u00e3o<\/h2>\n<p>O Camloo \u00e9 uma \u00f3tima maneira de conhecer novas pessoas, quer voc\u00ea esteja procurando um amor ou apenas queira fazer novos amigos. A melhor parte do Camloo \u00e9 que ele \u00e9 totalmente gratuito, portanto, voc\u00ea n\u00e3o tem nada a perder ao experiment\u00e1-lo. Por que n\u00e3o se registrar hoje e ver quem voc\u00ea encontra?<\/p>","protected":false},"excerpt":{"rendered":"<p>Camloo is a live video chat software that helps you to meet random people over the internet. The benefit of using Camloo is that enables you to connect with different people around the world with the click of your finger. With its latest video-enabled calling, you can make friends easily through random chit-chats, online dating, [&hellip;]<\/p>\n","protected":false},"author":6,"featured_media":559,"parent":0,"menu_order":0,"comment_status":"closed","ping_status":"closed","template":"","meta":{"footnotes":""},"class_list":["post-1319","page","type-page","status-publish","has-post-thumbnail","hentry"],"yoast_head":"<!-- This site is optimized with the Yoast SEO plugin v27.4 - https:\/\/yoast.com\/product\/yoast-seo-wordpress\/ -->\n<title>Camloo - Free Random Video Chat - Cam on StrangerCam.com<\/title>\n<meta name=\"description\" content=\"Like Camloo? Come chat with more than 5.000.000 strangers on Stranger Cam for Free! Turn on your cam and find new friends &amp; maby a match!\" \/>\n<meta name=\"robots\" content=\"index, follow, max-snippet:-1, max-image-preview:large, max-video-preview:-1\" \/>\n<link rel=\"canonical\" href=\"https:\/\/strangercam.com\/pt-br\/camloo\/\" \/>\n<meta property=\"og:locale\" content=\"pt_BR\" \/>\n<meta property=\"og:type\" content=\"article\" \/>\n<meta property=\"og:title\" content=\"Camloo - Free Random Video Chat - Cam on StrangerCam.com\" \/>\n<meta property=\"og:description\" content=\"Like Camloo? Come chat with more than 5.000.000 strangers on Stranger Cam for Free! Turn on your cam and find new friends &amp; maby a match!\" \/>\n<meta property=\"og:url\" content=\"https:\/\/strangercam.com\/pt-br\/camloo\/\" \/>\n<meta property=\"og:site_name\" content=\"Strangercam\" \/>\n<meta property=\"article:publisher\" content=\"https:\/\/www.facebook.com\/strangercam\" \/>\n<meta property=\"article:modified_time\" content=\"2023-08-21T09:40:39+00:00\" \/>\n<meta property=\"og:image\" content=\"https:\/\/strangercam.com\/wp-content\/uploads\/2020\/11\/stranger-cam-1.png\" \/>\n\t<meta property=\"og:image:width\" content=\"800\" \/>\n\t<meta property=\"og:image:height\" content=\"800\" \/>\n\t<meta property=\"og:image:type\" content=\"image\/png\" \/>\n<meta name=\"twitter:card\" content=\"summary_large_image\" \/>\n<meta name=\"twitter:site\" content=\"@strangercamapp\" \/>\n<meta name=\"twitter:label1\" content=\"Est. tempo de leitura\" \/>\n\t<meta name=\"twitter:data1\" content=\"7 minutos\" \/>\n<script type=\"application\/ld+json\" class=\"yoast-schema-graph\">{\"@context\":\"https:\\\/\\\/schema.org\",\"@graph\":[{\"@type\":\"WebPage\",\"@id\":\"https:\\\/\\\/strangercam.com\\\/camloo\\\/\",\"url\":\"https:\\\/\\\/strangercam.com\\\/camloo\\\/\",\"name\":\"Camloo - Free Random Video Chat - Cam on StrangerCam.com\",\"isPartOf\":{\"@id\":\"https:\\\/\\\/strangercam.com\\\/#website\"},\"primaryImageOfPage\":{\"@id\":\"https:\\\/\\\/strangercam.com\\\/camloo\\\/#primaryimage\"},\"image\":{\"@id\":\"https:\\\/\\\/strangercam.com\\\/camloo\\\/#primaryimage\"},\"thumbnailUrl\":\"https:\\\/\\\/strangercam.com\\\/wp-content\\\/uploads\\\/2020\\\/11\\\/stranger-cam-1.png\",\"datePublished\":\"2021-04-06T09:11:22+00:00\",\"dateModified\":\"2023-08-21T09:40:39+00:00\",\"description\":\"Like Camloo? Come chat with more than 5.000.000 strangers on Stranger Cam for Free! Turn on your cam and find new friends & maby a match!\",\"breadcrumb\":{\"@id\":\"https:\\\/\\\/strangercam.com\\\/camloo\\\/#breadcrumb\"},\"inLanguage\":\"pt-BR\",\"potentialAction\":[{\"@type\":\"ReadAction\",\"target\":[\"https:\\\/\\\/strangercam.com\\\/camloo\\\/\"]}]},{\"@type\":\"ImageObject\",\"inLanguage\":\"pt-BR\",\"@id\":\"https:\\\/\\\/strangercam.com\\\/camloo\\\/#primaryimage\",\"url\":\"https:\\\/\\\/strangercam.com\\\/wp-content\\\/uploads\\\/2020\\\/11\\\/stranger-cam-1.png\",\"contentUrl\":\"https:\\\/\\\/strangercam.com\\\/wp-content\\\/uploads\\\/2020\\\/11\\\/stranger-cam-1.png\",\"width\":800,\"height\":800,\"caption\":\"stranger cam random video chat\"},{\"@type\":\"BreadcrumbList\",\"@id\":\"https:\\\/\\\/strangercam.com\\\/camloo\\\/#breadcrumb\",\"itemListElement\":[{\"@type\":\"ListItem\",\"position\":1,\"name\":\"Home\",\"item\":\"https:\\\/\\\/strangercam.com\\\/\"},{\"@type\":\"ListItem\",\"position\":2,\"name\":\"Camloo\"}]},{\"@type\":\"WebSite\",\"@id\":\"https:\\\/\\\/strangercam.com\\\/#website\",\"url\":\"https:\\\/\\\/strangercam.com\\\/\",\"name\":\"Strangercam\",\"description\":\"Random Video Chat with Strangers\",\"publisher\":{\"@id\":\"https:\\\/\\\/strangercam.com\\\/#organization\"},\"alternateName\":\"Strangercam.com\",\"potentialAction\":[{\"@type\":\"SearchAction\",\"target\":{\"@type\":\"EntryPoint\",\"urlTemplate\":\"https:\\\/\\\/strangercam.com\\\/?s={search_term_string}\"},\"query-input\":{\"@type\":\"PropertyValueSpecification\",\"valueRequired\":true,\"valueName\":\"search_term_string\"}}],\"inLanguage\":\"pt-BR\"},{\"@type\":\"Organization\",\"@id\":\"https:\\\/\\\/strangercam.com\\\/#organization\",\"name\":\"Strangercam\",\"alternateName\":\"Strangercam.com\",\"url\":\"https:\\\/\\\/strangercam.com\\\/\",\"logo\":{\"@type\":\"ImageObject\",\"inLanguage\":\"pt-BR\",\"@id\":\"https:\\\/\\\/strangercam.com\\\/#\\\/schema\\\/logo\\\/image\\\/\",\"url\":\"https:\\\/\\\/strangercam.com\\\/wp-content\\\/uploads\\\/2020\\\/11\\\/cropped-new-favicon-black.png\",\"contentUrl\":\"https:\\\/\\\/strangercam.com\\\/wp-content\\\/uploads\\\/2020\\\/11\\\/cropped-new-favicon-black.png\",\"width\":512,\"height\":512,\"caption\":\"Strangercam\"},\"image\":{\"@id\":\"https:\\\/\\\/strangercam.com\\\/#\\\/schema\\\/logo\\\/image\\\/\"},\"sameAs\":[\"https:\\\/\\\/www.facebook.com\\\/strangercam\",\"https:\\\/\\\/x.com\\\/strangercamapp\"]}]}<\/script>\n<!-- \/ Yoast SEO plugin. -->","yoast_head_json":{"title":"Camloo - Bate-papo de v\u00eddeo aleat\u00f3rio gratuito - C\u00e2mera em StrangerCam.com","description":"Gosta do Camloo? Venha bater papo com mais de 5.000.000 de desconhecidos no Stranger Cam de gra\u00e7a! Ligue sua c\u00e2mera e encontre novos amigos e talvez um par!","robots":{"index":"index","follow":"follow","max-snippet":"max-snippet:-1","max-image-preview":"max-image-preview:large","max-video-preview":"max-video-preview:-1"},"canonical":"https:\/\/strangercam.com\/pt-br\/camloo\/","og_locale":"pt_BR","og_type":"article","og_title":"Camloo - Free Random Video Chat - Cam on StrangerCam.com","og_description":"Like Camloo? Come chat with more than 5.000.000 strangers on Stranger Cam for Free! Turn on your cam and find new friends & maby a match!","og_url":"https:\/\/strangercam.com\/pt-br\/camloo\/","og_site_name":"Strangercam","article_publisher":"https:\/\/www.facebook.com\/strangercam","article_modified_time":"2023-08-21T09:40:39+00:00","og_image":[{"width":800,"height":800,"url":"https:\/\/strangercam.com\/wp-content\/uploads\/2020\/11\/stranger-cam-1.png","type":"image\/png"}],"twitter_card":"summary_large_image","twitter_site":"@strangercamapp","twitter_misc":{"Est. tempo de leitura":"7 minutos"},"schema":{"@context":"https:\/\/schema.org","@graph":[{"@type":"WebPage","@id":"https:\/\/strangercam.com\/camloo\/","url":"https:\/\/strangercam.com\/camloo\/","name":"Camloo - Bate-papo de v\u00eddeo aleat\u00f3rio gratuito - C\u00e2mera em StrangerCam.com","isPartOf":{"@id":"https:\/\/strangercam.com\/#website"},"primaryImageOfPage":{"@id":"https:\/\/strangercam.com\/camloo\/#primaryimage"},"image":{"@id":"https:\/\/strangercam.com\/camloo\/#primaryimage"},"thumbnailUrl":"https:\/\/strangercam.com\/wp-content\/uploads\/2020\/11\/stranger-cam-1.png","datePublished":"2021-04-06T09:11:22+00:00","dateModified":"2023-08-21T09:40:39+00:00","description":"Gosta do Camloo? Venha bater papo com mais de 5.000.000 de desconhecidos no Stranger Cam de gra\u00e7a! Ligue sua c\u00e2mera e encontre novos amigos e talvez um par!","breadcrumb":{"@id":"https:\/\/strangercam.com\/camloo\/#breadcrumb"},"inLanguage":"pt-BR","potentialAction":[{"@type":"ReadAction","target":["https:\/\/strangercam.com\/camloo\/"]}]},{"@type":"ImageObject","inLanguage":"pt-BR","@id":"https:\/\/strangercam.com\/camloo\/#primaryimage","url":"https:\/\/strangercam.com\/wp-content\/uploads\/2020\/11\/stranger-cam-1.png","contentUrl":"https:\/\/strangercam.com\/wp-content\/uploads\/2020\/11\/stranger-cam-1.png","width":800,"height":800,"caption":"stranger cam random video chat"},{"@type":"BreadcrumbList","@id":"https:\/\/strangercam.com\/camloo\/#breadcrumb","itemListElement":[{"@type":"ListItem","position":1,"name":"Home","item":"https:\/\/strangercam.com\/"},{"@type":"ListItem","position":2,"name":"Camloo"}]},{"@type":"WebSite","@id":"https:\/\/strangercam.com\/#website","url":"https:\/\/strangercam.com\/","name":"Strangercam","description":"Bate-papo por v\u00eddeo aleat\u00f3rio com estranhos","publisher":{"@id":"https:\/\/strangercam.com\/#organization"},"alternateName":"Strangercam.com","potentialAction":[{"@type":"SearchAction","target":{"@type":"EntryPoint","urlTemplate":"https:\/\/strangercam.com\/?s={search_term_string}"},"query-input":{"@type":"PropertyValueSpecification","valueRequired":true,"valueName":"search_term_string"}}],"inLanguage":"pt-BR"},{"@type":"Organization","@id":"https:\/\/strangercam.com\/#organization","name":"Strangercam","alternateName":"Strangercam.com","url":"https:\/\/strangercam.com\/","logo":{"@type":"ImageObject","inLanguage":"pt-BR","@id":"https:\/\/strangercam.com\/#\/schema\/logo\/image\/","url":"https:\/\/strangercam.com\/wp-content\/uploads\/2020\/11\/cropped-new-favicon-black.png","contentUrl":"https:\/\/strangercam.com\/wp-content\/uploads\/2020\/11\/cropped-new-favicon-black.png","width":512,"height":512,"caption":"Strangercam"},"image":{"@id":"https:\/\/strangercam.com\/#\/schema\/logo\/image\/"},"sameAs":["https:\/\/www.facebook.com\/strangercam","https:\/\/x.com\/strangercamapp"]}]}},"_links":{"self":[{"href":"https:\/\/strangercam.com\/pt-br\/wp-json\/wp\/v2\/pages\/1319","targetHints":{"allow":["GET"]}}],"collection":[{"href":"https:\/\/strangercam.com\/pt-br\/wp-json\/wp\/v2\/pages"}],"about":[{"href":"https:\/\/strangercam.com\/pt-br\/wp-json\/wp\/v2\/types\/page"}],"author":[{"embeddable":true,"href":"https:\/\/strangercam.com\/pt-br\/wp-json\/wp\/v2\/users\/6"}],"replies":[{"embeddable":true,"href":"https:\/\/strangercam.com\/pt-br\/wp-json\/wp\/v2\/comments?post=1319"}],"version-history":[{"count":0,"href":"https:\/\/strangercam.com\/pt-br\/wp-json\/wp\/v2\/pages\/1319\/revisions"}],"wp:featuredmedia":[{"embeddable":true,"href":"https:\/\/strangercam.com\/pt-br\/wp-json\/wp\/v2\/media\/559"}],"wp:attachment":[{"href":"https:\/\/strangercam.com\/pt-br\/wp-json\/wp\/v2\/media?parent=1319"}],"curies":[{"name":"wp","href":"https:\/\/api.w.org\/{rel}","templated":true}]}}