{"id":13057,"date":"2025-10-24T10:20:35","date_gmt":"2025-10-24T08:20:35","guid":{"rendered":"https:\/\/strangercam.com\/?page_id=13057"},"modified":"2025-10-24T10:20:35","modified_gmt":"2025-10-24T08:20:35","slug":"umingle","status":"publish","type":"page","link":"https:\/\/strangercam.com\/pt-br\/umingle\/","title":{"rendered":"Umingle"},"content":{"rendered":"<p>Na era p\u00f3s-Omegle, dezenas de v\u00eddeos aleat\u00f3rios <a href=\"https:\/\/strangercam.com\/pt-br\/chathub\/\">bate-papo<\/a> surgiram plataformas, todas tentando capturar o entusiasmo das conversas on-line espont\u00e2neas. Poucas, no entanto, conseguem combinar simplicidade, velocidade e seguran\u00e7a de uma forma que realmente funcione. O Umingle \u00e9 um dos mais novos participantes nesse espa\u00e7o - uma plataforma global de bate-papo por v\u00eddeo aleat\u00f3rio criada para pessoas que desejam <a href=\"https:\/\/strangercam.com\/pt-br\/coomeet\/\">conhecer<\/a> estranhos instantaneamente, sem registros ou recursos complicados.<\/p>\n<p>Projetado para uma gera\u00e7\u00e3o que valoriza intera\u00e7\u00f5es r\u00e1pidas e aut\u00eanticas, o Umingle d\u00e1 um toque moderno \u00e0 experi\u00eancia cl\u00e1ssica de \"conversar com estranhos\". Mas como ele se compara a nomes consagrados como Ohmegle, Lotta e ChatRT? Vamos dar uma olhada mais de perto.<\/p>\n<h2>O que \u00e9 Umingle?<\/h2>\n<p>A Umingle \u00e9 uma plataforma gratuita de bate-papo por v\u00eddeo aleat\u00f3rio que conecta usu\u00e1rios de todo o mundo para conversas cara a cara em tempo real. Voc\u00ea n\u00e3o precisa criar uma conta, carregar uma foto ou verificar sua identidade - basta clicar em \"Start Chat\" (Iniciar bate-papo) e voc\u00ea ser\u00e1 instantaneamente combinado com um estranho.<\/p>\n<p>O nome do site reflete perfeitamente seu objetivo: \"misturar-se\" on-line, de forma casual e livre. Ao contr\u00e1rio dos aplicativos de namoro, que exigem biografias, swipes e esperas intermin\u00e1veis, o Umingle oferece intera\u00e7\u00e3o direta e espont\u00e2nea desde o momento em que voc\u00ea chega.<\/p>\n<h2>Qual \u00e9 o objetivo da Umingle?<\/h2>\n<p>A miss\u00e3o da Umingle \u00e9 simples: fazer com que conhecer pessoas on-line seja divertido, r\u00e1pido e sem atritos.<\/p>\n<p>Ele foi desenvolvido para usu\u00e1rios que:<\/p>\n<ul>\n<li>Perca a simplicidade do bate-papo por v\u00eddeo no estilo Omegle<\/li>\n<li>Deseja uma maneira an\u00f4nima e sem press\u00e3o de conhecer novas pessoas<\/li>\n<li>Prefere conversas r\u00e1pidas e espont\u00e2neas a perfis com curadoria<\/li>\n<li>Aproveite o interc\u00e2mbio cultural e a conex\u00e3o global<\/li>\n<\/ul>\n<p>Seja para fazer amigos, praticar um idioma, paquerar casualmente ou apenas passar o tempo, a Umingle cria um espa\u00e7o digital acolhedor para uma aut\u00eantica intera\u00e7\u00e3o individual.<\/p>\n<h2>Principais recursos<\/h2>\n<p>1. Chat de v\u00eddeo aleat\u00f3rio instant\u00e2neo<br \/>\nO principal recurso da Umingle \u00e9 seu sistema de bate-papo por v\u00eddeo individual ao vivo. Com um clique, voc\u00ea encontra algu\u00e9m novo, instantaneamente. N\u00e3o h\u00e1 fila, nem tempo de espera, nem registro.<\/p>\n<p>2. Bot\u00e3o Skip\/Next (Pular\/Pr\u00f3ximo)<br \/>\nN\u00e3o est\u00e1 gostando do seu bate-papo atual? Basta clicar em \"Next\" (Avan\u00e7ar) para pular e encontrar outra pessoa. \u00c9 r\u00e1pido e fluido, permitindo que voc\u00ea conhe\u00e7a dezenas de novas pessoas em minutos.<\/p>\n<p>3. Op\u00e7\u00e3o de bate-papo por texto<br \/>\nAl\u00e9m do v\u00eddeo, a Umingle oferece uma fun\u00e7\u00e3o de bate-papo por texto, ideal para quebrar o gelo ou conversar discretamente quando voc\u00ea n\u00e3o quiser usar o microfone.<\/p>\n<p>4. 100% Experi\u00eancia an\u00f4nima<br \/>\nA Umingle n\u00e3o solicita seu nome, e-mail ou n\u00famero de telefone. Sua privacidade \u00e9 respeitada desde o in\u00edcio, e voc\u00ea permanece completamente an\u00f4nimo durante os bate-papos.<\/p>\n<p>5. Compat\u00edvel com dispositivos m\u00f3veis e computadores<br \/>\nA plataforma foi projetada para funcionar perfeitamente em navegadores de desktop e dispositivos m\u00f3veis. N\u00e3o importa se voc\u00ea est\u00e1 usando seu telefone ou laptop, a interface se ajusta perfeitamente para uma conversa tranquila por v\u00eddeo e texto.<\/p>\n<p>6. Interface leve e moderna<br \/>\nO Umingle apresenta um design limpo e minimalista. N\u00e3o h\u00e1 pop-ups que distraiam ou an\u00fancios excessivos - apenas uma grande janela de v\u00eddeo, bot\u00f5es intuitivos e conex\u00f5es r\u00e1pidas.<\/p>\n<p>7. Ferramentas de relat\u00f3rio e modera\u00e7\u00e3o<br \/>\nA seguran\u00e7a do usu\u00e1rio \u00e9 uma prioridade m\u00e1xima. Se voc\u00ea encontrar um comportamento inadequado, o bot\u00e3o de den\u00fancia permite que voc\u00ea sinalize instantaneamente o bate-papo. A Umingle usa uma combina\u00e7\u00e3o de filtros de IA e modera\u00e7\u00e3o humana para manter um ambiente seguro.<\/p>\n<h2>A Umingle \u00e9 gratuita?<\/h2>\n<p>Sim - o Umingle \u00e9 100% de uso gratuito.<\/p>\n<p>Todos os principais recursos est\u00e3o dispon\u00edveis sem custo:<\/p>\n<ul>\n<li>Chats de texto e v\u00eddeo aleat\u00f3rios e ilimitados<\/li>\n<li>Funcionalidade de pular\/seguir instantaneamente<\/li>\n<li>Compatibilidade com dispositivos m\u00f3veis e desktops<\/li>\n<\/ul>\n<p>N\u00e3o h\u00e1 assinaturas, moedas ou atualiza\u00e7\u00f5es pagas. A plataforma \u00e9 totalmente acess\u00edvel a todos, com suporte de publicidade leve que n\u00e3o interfere na experi\u00eancia de bate-papo.<\/p>\n<h2>Quem usa a Umingle?<\/h2>\n<p>A Umingle atrai um p\u00fablico diversificado e internacional que gosta de se socializar on-line:<\/p>\n<ul>\n<li>Faixa et\u00e1ria: Principalmente de 18 a 35 anos (estritamente para adultos, somente para maiores de 18 anos)<\/li>\n<li>Base de usu\u00e1rios: Estudantes, viajantes, jovens profissionais e usu\u00e1rios casuais de bate-papo<\/li>\n<li>Pa\u00edses: Popular nos EUA, Reino Unido, Fran\u00e7a, \u00cdndia, Brasil e Filipinas<\/li>\n<li>Motiva\u00e7\u00f5es: Conhecer novos amigos, flertar casualmente, interc\u00e2mbio cultural, praticar o idioma ou simplesmente aliviar o t\u00e9dio<\/li>\n<\/ul>\n<p>O que torna a Umingle atraente \u00e9 sua comunidade equilibrada e amig\u00e1vel. Embora tenha alcance global, a interface e a modera\u00e7\u00e3o ajudam a manter um ambiente mais positivo e respeitoso do que muitas plataformas de bate-papo aleat\u00f3rio mais antigas.<\/p>\n<h2>Seguran\u00e7a, privacidade e modera\u00e7\u00e3o<\/h2>\n<p>A Umingle entende que o anonimato pode atrair tanto o melhor quanto o pior comportamento on-line. Para combater isso, ela emprega fortes medidas de seguran\u00e7a e modera\u00e7\u00e3o da comunidade.<\/p>\n<h3>Privacidade<\/h3>\n<ul>\n<li>N\u00e3o \u00e9 necess\u00e1rio registrar-se ou fornecer informa\u00e7\u00f5es pessoais<\/li>\n<li>Os bate-papos n\u00e3o s\u00e3o gravados ou armazenados<\/li>\n<li>O acesso \u00e0 webcam e ao microfone \u00e9 controlado inteiramente pelo usu\u00e1rio<\/li>\n<li>A criptografia HTTPS garante conex\u00f5es seguras<\/li>\n<\/ul>\n<h3>Modera\u00e7\u00e3o<\/h3>\n<ul>\n<li>A detec\u00e7\u00e3o de conte\u00fado baseada em IA ajuda a identificar comportamentos inadequados<\/li>\n<li>As ferramentas de relat\u00f3rio do usu\u00e1rio permitem a r\u00e1pida sinaliza\u00e7\u00e3o de viola\u00e7\u00f5es<\/li>\n<li>Os moderadores humanos analisam as den\u00fancias e removem os infratores reincidentes<\/li>\n<\/ul>\n<h3>Dicas de seguran\u00e7a<\/h3>\n<ul>\n<li>Nunca compartilhe detalhes pessoais, como nome completo, endere\u00e7o ou identificadores de m\u00eddia social<\/li>\n<li>Encerre qualquer conversa que o deixe desconfort\u00e1vel<\/li>\n<li>Use \"Skip\" e \"Report\" sempre que necess\u00e1rio<\/li>\n<li>Trate cada intera\u00e7\u00e3o como an\u00f4nima e tempor\u00e1ria<\/li>\n<\/ul>\n<h2>Experi\u00eancia do usu\u00e1rio e design<\/h2>\n<p>A Umingle oferece uma experi\u00eancia suave, r\u00e1pida e sem bagun\u00e7a, que parece moderna e intuitiva:<\/p>\n<ul>\n<li>P\u00e1gina inicial: Layout simples com um bot\u00e3o \"Iniciar bate-papo\" em destaque e diretrizes claras<\/li>\n<li>Interface de v\u00eddeo: Grandes pain\u00e9is de v\u00eddeo e controles de f\u00e1cil acesso para pular, texto e relat\u00f3rio<\/li>\n<li>Desempenho: Conex\u00f5es r\u00e1pidas, atraso m\u00ednimo e reconex\u00f5es r\u00e1pidas entre os bate-papos<\/li>\n<li>Otimiza\u00e7\u00e3o para dispositivos m\u00f3veis: Perfeitamente responsivo em smartphones e tablets<\/li>\n<li>Estilo visual: Design limpo e minimalista, com foco no v\u00eddeo em primeiro lugar, sem elementos que distraiam<\/li>\n<\/ul>\n<p>No geral, o Umingle parece profissional e leve, evitando a apar\u00eancia desatualizada dos sites de bate-papo aleat\u00f3rios mais antigos.<\/p>\n<h2>Umingle vs. outras plataformas de bate-papo aleat\u00f3rio<\/h2>\n<p>Como o Umingle se compara a outras alternativas do tipo Omegle?<\/p>\n<table>\n<thead>\n<tr>\n<th>Recurso<\/th>\n<th>Umingle<\/th>\n<th><a href=\"https:\/\/strangercam.com\/pt-br\/omegle\/\">Omegle<\/a> (fechado)<\/th>\n<th>Ohmegle<\/th>\n<th>Lotta<\/th>\n<th>ChatRT<\/th>\n<th>MatchPub<\/th>\n<th><a href=\"https:\/\/strangercam.com\/pt-br\/ometv\/\">OmeTV<\/a><\/th>\n<\/tr>\n<\/thead>\n<tbody>\n<tr>\n<td>Random Video Chat com Estranhos<\/td>\n<td>Sim<\/td>\n<td>Sim<\/td>\n<td>Sim<\/td>\n<td>Sim<\/td>\n<td>Sim<\/td>\n<td>Sim<\/td>\n<td>Sim<\/td>\n<\/tr>\n<tr>\n<td>Op\u00e7\u00e3o de bate-papo por texto<\/td>\n<td>Sim<\/td>\n<td>Sim<\/td>\n<td>Sim<\/td>\n<td>Sim<\/td>\n<td>Sim<\/td>\n<td>Sim<\/td>\n<td>Sim<\/td>\n<\/tr>\n<tr>\n<td>Registro necess\u00e1rio<\/td>\n<td>N\u00e3o<\/td>\n<td>N\u00e3o<\/td>\n<td>N\u00e3o<\/td>\n<td>N\u00e3o<\/td>\n<td>N\u00e3o<\/td>\n<td>N\u00e3o<\/td>\n<td>N\u00e3o<\/td>\n<\/tr>\n<tr>\n<td>Compat\u00edvel com dispositivos m\u00f3veis<\/td>\n<td>Excelente<\/td>\n<td>Ruim<\/td>\n<td>Excelente<\/td>\n<td>Excelente<\/td>\n<td>Excelente<\/td>\n<td>Excelente<\/td>\n<td>Bom<\/td>\n<\/tr>\n<tr>\n<td>Filtros de g\u00eanero\/regi\u00e3o<\/td>\n<td>N\u00e3o<\/td>\n<td>N\u00e3o<\/td>\n<td>N\u00e3o<\/td>\n<td>N\u00e3o<\/td>\n<td>N\u00e3o<\/td>\n<td>N\u00e3o<\/td>\n<td>Pago<\/td>\n<\/tr>\n<tr>\n<td>Ferramentas de modera\u00e7\u00e3o<\/td>\n<td>Forte<\/td>\n<td>Fraco<\/td>\n<td>Moderado<\/td>\n<td>Bom<\/td>\n<td>Forte<\/td>\n<td>Bom<\/td>\n<td>Forte<\/td>\n<\/tr>\n<tr>\n<td>Gratuito para uso<\/td>\n<td>Sim<\/td>\n<td>Sim<\/td>\n<td>Sim<\/td>\n<td>Sim<\/td>\n<td>Sim<\/td>\n<td>Sim<\/td>\n<td>Sim\/Pago<\/td>\n<\/tr>\n<\/tbody>\n<\/table>\n<p>Resumo: O Umingle \u00e9 mais compar\u00e1vel ao ChatRT e ao Lotta - todos gratuitos, an\u00f4nimos e r\u00e1pidos - mas se destaca por sua interface mais limpa e experi\u00eancia m\u00f3vel mais suave. Embora ainda n\u00e3o ofere\u00e7a filtros avan\u00e7ados, sua simplicidade \u00e9 parte de seu charme.<\/p>\n<h2>Pr\u00f3s e contras<\/h2>\n<p>Pr\u00f3s:<\/p>\n<ul>\n<li>100% gr\u00e1tis sem registro<\/li>\n<li>Bate-papo por v\u00eddeo aleat\u00f3rio r\u00e1pido e an\u00f4nimo<\/li>\n<li>Design limpo e moderno com desempenho suave<\/li>\n<li>Funciona perfeitamente no celular e no desktop<\/li>\n<li>Op\u00e7\u00f5es de salto instant\u00e2neo e bate-papo por texto<\/li>\n<li>Ferramentas robustas de modera\u00e7\u00e3o e gera\u00e7\u00e3o de relat\u00f3rios<\/li>\n<\/ul>\n<p>Contras:<\/p>\n<ul>\n<li>Sem filtros de g\u00eanero ou pa\u00eds<\/li>\n<li>Usu\u00e1rios inadequados ocasionais (comuns a todos os sites de bate-papo an\u00f4nimos)<\/li>\n<li>Mais usu\u00e1rios homens do que mulheres<\/li>\n<li>Sem perfil ou sistema de amigos<\/li>\n<li>Ainda est\u00e1 aumentando sua base de usu\u00e1rios em compara\u00e7\u00e3o com alternativas mais antigas<\/li>\n<\/ul>\n<h2>Casos de uso ideais<\/h2>\n<p>A Umingle \u00e9 perfeita para:<\/p>\n<ul>\n<li>Ventiladores de Omegle e <a href=\"https:\/\/strangercam.com\/pt-br\/chatroulette\/\">Chatroulette<\/a> que desejam um substituto moderno<\/li>\n<li>Pessoas que gostam de conversas an\u00f4nimas e individuais<\/li>\n<li>Estudantes de idiomas ou viajantes que exploram conex\u00f5es globais<\/li>\n<li>Estudantes e jovens adultos que desejam socializar casualmente<\/li>\n<li>Os usu\u00e1rios de dispositivos m\u00f3veis buscam um bate-papo por v\u00eddeo aleat\u00f3rio r\u00e1pido e gratuito<\/li>\n<\/ul>\n<p>Menos ideal para:<\/p>\n<ul>\n<li>Usu\u00e1rios menores de idade (estritamente 18+)<\/li>\n<li>Aqueles que desejam filtros de namoro ou op\u00e7\u00f5es de reencontro<\/li>\n<li>Pessoas que buscam conex\u00f5es de longo prazo ou perfis sociais<\/li>\n<\/ul>\n<p>A Umingle \u00e9 uma das mais promissoras plataformas de bate-papo por v\u00eddeo aleat\u00f3rio no estilo Omegle em 2025. Ela captura tudo o que tornou divertido o bate-papo on-line espont\u00e2neo - simplicidade, velocidade e alcance global - ao mesmo tempo em que o atualiza com um design moderno e compat\u00edvel com dispositivos m\u00f3veis e ferramentas de seguran\u00e7a robustas.<\/p>\n<p>Se voc\u00ea est\u00e1 procurando uma maneira r\u00e1pida, gratuita e an\u00f4nima de conhecer estranhos on-line, o Umingle oferece exatamente isso. Com desempenho suave, relat\u00f3rios f\u00e1ceis e uma base de usu\u00e1rios acolhedora, ele est\u00e1 se tornando rapidamente um dos melhores novos sites de bate-papo aleat\u00f3rio do ano.<\/p>\n<p>Se voc\u00ea quiser fazer amigos, paquerar ou apenas passar o tempo, vale a pena experimentar o Umingle.<\/p>","protected":false},"excerpt":{"rendered":"<p>In the post-Omegle era, dozens of random video chat platforms have emerged, all trying to capture the excitement of spontaneous online conversations. Few, however, manage to combine simplicity, speed, and safety in a way that actually works. Umingle is one of the newest entrants in this space \u2014 a global random video chat platform built [&hellip;]<\/p>\n","protected":false},"author":6,"featured_media":0,"parent":0,"menu_order":0,"comment_status":"closed","ping_status":"closed","template":"","meta":{"footnotes":""},"class_list":["post-13057","page","type-page","status-publish","hentry"],"yoast_head":"<!-- This site is optimized with the Yoast SEO plugin v26.9 - https:\/\/yoast.com\/product\/yoast-seo-wordpress\/ -->\n<title>Umingle - Chat with Strangers - StrangerCam.com<\/title>\n<meta name=\"description\" content=\"Like Umingle? Come chat with more than 5.000.000 strangers on Strangercam for Free! Turn on your cam and find new friends &amp; maby a match!\" \/>\n<meta name=\"robots\" content=\"index, follow, max-snippet:-1, max-image-preview:large, max-video-preview:-1\" \/>\n<link rel=\"canonical\" href=\"https:\/\/strangercam.com\/pt-br\/umingle\/\" \/>\n<meta property=\"og:locale\" content=\"pt_BR\" \/>\n<meta property=\"og:type\" content=\"article\" \/>\n<meta property=\"og:title\" content=\"Umingle - Chat with Strangers - StrangerCam.com\" \/>\n<meta property=\"og:description\" content=\"Like Umingle? Come chat with more than 5.000.000 strangers on Strangercam for Free! Turn on your cam and find new friends &amp; maby a match!\" \/>\n<meta property=\"og:url\" content=\"https:\/\/strangercam.com\/pt-br\/umingle\/\" \/>\n<meta property=\"og:site_name\" content=\"Strangercam\" \/>\n<meta property=\"article:publisher\" content=\"https:\/\/www.facebook.com\/strangercam\" \/>\n<meta property=\"og:image\" content=\"https:\/\/strangercam.com\/wp-content\/uploads\/2021\/10\/Untitled-2.png\" \/>\n\t<meta property=\"og:image:width\" content=\"800\" \/>\n\t<meta property=\"og:image:height\" content=\"532\" \/>\n\t<meta property=\"og:image:type\" content=\"image\/png\" \/>\n<meta name=\"twitter:card\" content=\"summary_large_image\" \/>\n<meta name=\"twitter:site\" content=\"@strangercamapp\" \/>\n<meta name=\"twitter:label1\" content=\"Est. tempo de leitura\" \/>\n\t<meta name=\"twitter:data1\" content=\"6 minutos\" \/>\n<script type=\"application\/ld+json\" class=\"yoast-schema-graph\">{\"@context\":\"https:\/\/schema.org\",\"@graph\":[{\"@type\":\"WebPage\",\"@id\":\"https:\/\/strangercam.com\/umingle\/\",\"url\":\"https:\/\/strangercam.com\/umingle\/\",\"name\":\"Umingle - Chat with Strangers - StrangerCam.com\",\"isPartOf\":{\"@id\":\"https:\/\/strangercam.com\/#website\"},\"datePublished\":\"2025-10-24T08:20:35+00:00\",\"description\":\"Like Umingle? Come chat with more than 5.000.000 strangers on Strangercam for Free! Turn on your cam and find new friends & maby a match!\",\"breadcrumb\":{\"@id\":\"https:\/\/strangercam.com\/umingle\/#breadcrumb\"},\"inLanguage\":\"pt-BR\",\"potentialAction\":[{\"@type\":\"ReadAction\",\"target\":[\"https:\/\/strangercam.com\/umingle\/\"]}]},{\"@type\":\"BreadcrumbList\",\"@id\":\"https:\/\/strangercam.com\/umingle\/#breadcrumb\",\"itemListElement\":[{\"@type\":\"ListItem\",\"position\":1,\"name\":\"Home\",\"item\":\"https:\/\/strangercam.com\/\"},{\"@type\":\"ListItem\",\"position\":2,\"name\":\"Umingle\"}]},{\"@type\":\"WebSite\",\"@id\":\"https:\/\/strangercam.com\/#website\",\"url\":\"https:\/\/strangercam.com\/\",\"name\":\"Strangercam\",\"description\":\"Random Video Chat with Strangers\",\"publisher\":{\"@id\":\"https:\/\/strangercam.com\/#organization\"},\"alternateName\":\"Strangercam.com\",\"potentialAction\":[{\"@type\":\"SearchAction\",\"target\":{\"@type\":\"EntryPoint\",\"urlTemplate\":\"https:\/\/strangercam.com\/?s={search_term_string}\"},\"query-input\":{\"@type\":\"PropertyValueSpecification\",\"valueRequired\":true,\"valueName\":\"search_term_string\"}}],\"inLanguage\":\"pt-BR\"},{\"@type\":\"Organization\",\"@id\":\"https:\/\/strangercam.com\/#organization\",\"name\":\"Strangercam\",\"alternateName\":\"Strangercam.com\",\"url\":\"https:\/\/strangercam.com\/\",\"logo\":{\"@type\":\"ImageObject\",\"inLanguage\":\"pt-BR\",\"@id\":\"https:\/\/strangercam.com\/#\/schema\/logo\/image\/\",\"url\":\"https:\/\/strangercam.com\/wp-content\/uploads\/2020\/11\/cropped-new-favicon-black.png\",\"contentUrl\":\"https:\/\/strangercam.com\/wp-content\/uploads\/2020\/11\/cropped-new-favicon-black.png\",\"width\":512,\"height\":512,\"caption\":\"Strangercam\"},\"image\":{\"@id\":\"https:\/\/strangercam.com\/#\/schema\/logo\/image\/\"},\"sameAs\":[\"https:\/\/www.facebook.com\/strangercam\",\"https:\/\/x.com\/strangercamapp\"]}]}<\/script>\n<!-- \/ Yoast SEO plugin. -->","yoast_head_json":{"title":"Umingle - Bate-papo com estranhos - StrangerCam.com","description":"Gosta de Umingle? Venha conversar com mais de 5.000.000 de estranhos no Strangercam gratuitamente! Ligue sua c\u00e2mera e encontre novos amigos e talvez um par!","robots":{"index":"index","follow":"follow","max-snippet":"max-snippet:-1","max-image-preview":"max-image-preview:large","max-video-preview":"max-video-preview:-1"},"canonical":"https:\/\/strangercam.com\/pt-br\/umingle\/","og_locale":"pt_BR","og_type":"article","og_title":"Umingle - Chat with Strangers - StrangerCam.com","og_description":"Like Umingle? Come chat with more than 5.000.000 strangers on Strangercam for Free! Turn on your cam and find new friends & maby a match!","og_url":"https:\/\/strangercam.com\/pt-br\/umingle\/","og_site_name":"Strangercam","article_publisher":"https:\/\/www.facebook.com\/strangercam","og_image":[{"width":800,"height":532,"url":"https:\/\/strangercam.com\/wp-content\/uploads\/2021\/10\/Untitled-2.png","type":"image\/png"}],"twitter_card":"summary_large_image","twitter_site":"@strangercamapp","twitter_misc":{"Est. tempo de leitura":"6 minutos"},"schema":{"@context":"https:\/\/schema.org","@graph":[{"@type":"WebPage","@id":"https:\/\/strangercam.com\/umingle\/","url":"https:\/\/strangercam.com\/umingle\/","name":"Umingle - Bate-papo com estranhos - StrangerCam.com","isPartOf":{"@id":"https:\/\/strangercam.com\/#website"},"datePublished":"2025-10-24T08:20:35+00:00","description":"Gosta de Umingle? Venha conversar com mais de 5.000.000 de estranhos no Strangercam gratuitamente! Ligue sua c\u00e2mera e encontre novos amigos e talvez um par!","breadcrumb":{"@id":"https:\/\/strangercam.com\/umingle\/#breadcrumb"},"inLanguage":"pt-BR","potentialAction":[{"@type":"ReadAction","target":["https:\/\/strangercam.com\/umingle\/"]}]},{"@type":"BreadcrumbList","@id":"https:\/\/strangercam.com\/umingle\/#breadcrumb","itemListElement":[{"@type":"ListItem","position":1,"name":"Home","item":"https:\/\/strangercam.com\/"},{"@type":"ListItem","position":2,"name":"Umingle"}]},{"@type":"WebSite","@id":"https:\/\/strangercam.com\/#website","url":"https:\/\/strangercam.com\/","name":"Strangercam","description":"Bate-papo por v\u00eddeo aleat\u00f3rio com estranhos","publisher":{"@id":"https:\/\/strangercam.com\/#organization"},"alternateName":"Strangercam.com","potentialAction":[{"@type":"SearchAction","target":{"@type":"EntryPoint","urlTemplate":"https:\/\/strangercam.com\/?s={search_term_string}"},"query-input":{"@type":"PropertyValueSpecification","valueRequired":true,"valueName":"search_term_string"}}],"inLanguage":"pt-BR"},{"@type":"Organization","@id":"https:\/\/strangercam.com\/#organization","name":"Strangercam","alternateName":"Strangercam.com","url":"https:\/\/strangercam.com\/","logo":{"@type":"ImageObject","inLanguage":"pt-BR","@id":"https:\/\/strangercam.com\/#\/schema\/logo\/image\/","url":"https:\/\/strangercam.com\/wp-content\/uploads\/2020\/11\/cropped-new-favicon-black.png","contentUrl":"https:\/\/strangercam.com\/wp-content\/uploads\/2020\/11\/cropped-new-favicon-black.png","width":512,"height":512,"caption":"Strangercam"},"image":{"@id":"https:\/\/strangercam.com\/#\/schema\/logo\/image\/"},"sameAs":["https:\/\/www.facebook.com\/strangercam","https:\/\/x.com\/strangercamapp"]}]}},"_links":{"self":[{"href":"https:\/\/strangercam.com\/pt-br\/wp-json\/wp\/v2\/pages\/13057","targetHints":{"allow":["GET"]}}],"collection":[{"href":"https:\/\/strangercam.com\/pt-br\/wp-json\/wp\/v2\/pages"}],"about":[{"href":"https:\/\/strangercam.com\/pt-br\/wp-json\/wp\/v2\/types\/page"}],"author":[{"embeddable":true,"href":"https:\/\/strangercam.com\/pt-br\/wp-json\/wp\/v2\/users\/6"}],"replies":[{"embeddable":true,"href":"https:\/\/strangercam.com\/pt-br\/wp-json\/wp\/v2\/comments?post=13057"}],"version-history":[{"count":1,"href":"https:\/\/strangercam.com\/pt-br\/wp-json\/wp\/v2\/pages\/13057\/revisions"}],"predecessor-version":[{"id":13058,"href":"https:\/\/strangercam.com\/pt-br\/wp-json\/wp\/v2\/pages\/13057\/revisions\/13058"}],"wp:attachment":[{"href":"https:\/\/strangercam.com\/pt-br\/wp-json\/wp\/v2\/media?parent=13057"}],"curies":[{"name":"wp","href":"https:\/\/api.w.org\/{rel}","templated":true}]}}