{"id":1303,"date":"2025-08-05T10:30:38","date_gmt":"2025-08-05T08:30:38","guid":{"rendered":"https:\/\/strangercam.com\/?page_id=1303"},"modified":"2025-08-05T10:41:12","modified_gmt":"2025-08-05T08:41:12","slug":"aplicativo-de-macaco","status":"publish","type":"page","link":"https:\/\/strangercam.com\/pt-br\/monkey-app\/","title":{"rendered":"Monkey App"},"content":{"rendered":"<p>Como o mundo do v\u00eddeo on-line <a href=\"https:\/\/strangercam.com\/pt-br\/chatroulette\/\">bate-papo<\/a> Com a evolu\u00e7\u00e3o das redes sociais, novos aplicativos est\u00e3o surgindo constantemente para atender \u00e0s necessidades de um p\u00fablico mais jovem e que prioriza os dispositivos m\u00f3veis. O Monkey App \u00e9 uma dessas plataformas, que combina a emo\u00e7\u00e3o de <a href=\"https:\/\/strangercam.com\/pt-br\/chathub\/\">bate-papo por v\u00eddeo aleat\u00f3rio<\/a> com descobertas sociais e v\u00eddeos curtos, criando um espa\u00e7o exclusivo que parece fazer parte do ambiente de trabalho. <a href=\"https:\/\/strangercam.com\/pt-br\/omegle\/\">Omegle<\/a>, parte TikTok e parte hangout de grupo.<\/p>\n<p>Mas ser\u00e1 que o Monkey App se destaca? Ele \u00e9 seguro, envolvente e vale seu tempo? Nesta an\u00e1lise detalhada, abordamos tudo o que voc\u00ea precisa saber sobre o Monkey: como funciona, quais recursos oferece, a quem se destina e como se compara a outras plataformas sociais e de bate-papo por v\u00eddeo.<\/p>\n<h2>O que \u00e9 Monkey App?<\/h2>\n<p>Monkey App \u00e9 uma plataforma de descoberta social e bate-papo por v\u00eddeo aleat\u00f3rio baseada em dispositivos m\u00f3veis que conecta usu\u00e1rios para conversas por v\u00eddeo individuais ao vivo e salas de grupo interativas. Lan\u00e7ado em 2016 e relan\u00e7ado v\u00e1rias vezes desde ent\u00e3o, o Monkey \u00e9 especialmente popular entre a Gera\u00e7\u00e3o Z e os jovens da gera\u00e7\u00e3o do mil\u00eanio, oferecendo uma experi\u00eancia que tem tanto a ver com divers\u00e3o e criatividade quanto com conhecer novas pessoas.<\/p>\n<p>Diferentemente dos sites cl\u00e1ssicos de bate-papo aleat\u00f3rio que se concentram apenas no anonimato, o Monkey incorpora elementos de m\u00eddia social, com perfis de usu\u00e1rio, clipes de v\u00eddeo curtos e conte\u00fado de tend\u00eancias, o que o torna uma das comunidades de bate-papo por v\u00eddeo mais vibrantes dispon\u00edveis.<\/p>\n<h2>Qual \u00e9 o objetivo do Monkey App?<\/h2>\n<p>A miss\u00e3o do Monkey App \u00e9 tornar a socializa\u00e7\u00e3o on-line espont\u00e2nea, criativa e divertida. O aplicativo visa a:<\/p>\n<ul>\n<li>Conecte pessoas instantaneamente por meio de v\u00eddeo ao vivo e bate-papo em grupo<\/li>\n<li>Incentivar a express\u00e3o criativa por meio de introdu\u00e7\u00f5es de v\u00eddeo, clipes e conte\u00fado de tend\u00eancias<\/li>\n<li>Promover um espa\u00e7o seguro e amig\u00e1vel aos jovens para intera\u00e7\u00e3o e amizade genu\u00ednas<\/li>\n<\/ul>\n<p>O Monkey n\u00e3o \u00e9 apenas um aplicativo de bate-papo aleat\u00f3rio; \u00e9 uma experi\u00eancia completa de descoberta social para a gera\u00e7\u00e3o TikTok, na qual voc\u00ea pode mostrar sua personalidade, descobrir novas tend\u00eancias e criar uma rede global de amigos em tempo real.<\/p>\n<h2>Principais recursos<\/h2>\n<p>1. Bate-papo por v\u00eddeo aleat\u00f3rio individual<br \/>\nA ess\u00eancia do Monkey \u00e9 a correspond\u00eancia de v\u00eddeo instant\u00e2nea e ao vivo. Toque em \"Start\" (Iniciar) e voc\u00ea ser\u00e1 emparelhado com outro usu\u00e1rio para um r\u00e1pido bate-papo c\u00e2mera a c\u00e2mera, geralmente com dura\u00e7\u00e3o de 15 segundos, mas voc\u00eas podem concordar mutuamente em estender a sess\u00e3o para uma conversa mais longa.<\/p>\n<p>2. Salas de v\u00eddeo em grupo (\"Hubs\")<br \/>\nO Monkey permite que os usu\u00e1rios participem ou criem \"hubs\" tem\u00e1ticos - salas de grupos virtuais baseadas em interesses, m\u00fasicas, jogos ou tend\u00eancias. Nesses locais, v\u00e1rios usu\u00e1rios podem bater papo por v\u00eddeo, interagir por texto e enviar rea\u00e7\u00f5es em um ambiente animado, semelhante a uma festa.<\/p>\n<p>3. Perfis sociais e clipes de v\u00eddeo<br \/>\nDiferentemente dos aplicativos de bate-papo antigos, o Monkey permite que voc\u00ea crie um perfil com foto, idade e interesses. Voc\u00ea pode fazer upload de v\u00eddeos curtos de introdu\u00e7\u00e3o ou clipes (semelhante ao TikTok), facilitando a descoberta e a conex\u00e3o com voc\u00ea com base na personalidade.<\/p>\n<p>4. Conte\u00fado de tend\u00eancias e placares de l\u00edderes<br \/>\nO Monkey apresenta se\u00e7\u00f5es de usu\u00e1rios \"em alta\" e \"em destaque\", exibindo perfis populares e videoclipes criativos. Os usu\u00e1rios podem subir na classifica\u00e7\u00e3o por meio da atividade, tornando a plataforma competitiva e interativa.<\/p>\n<p>5. Bate-papo por texto e mensagens instant\u00e2neas<br \/>\nSe voc\u00ea n\u00e3o estiver pronto para o v\u00eddeo, o Monkey tamb\u00e9m oferece bate-papo por texto. Voc\u00ea pode enviar mensagens diretas, emojis ou participar de t\u00f3picos de texto em andamento em hubs.<\/p>\n<p>6. Filtros de correspond\u00eancia<br \/>\nOs usu\u00e1rios premium podem usar filtros de g\u00eanero e regi\u00e3o para uma experi\u00eancia mais personalizada, enquanto os usu\u00e1rios gratuitos desfrutam de conex\u00f5es globais aleat\u00f3rias.<\/p>\n<p>7. Ferramentas de relat\u00f3rio e seguran\u00e7a<br \/>\nO Monkey oferece ferramentas de den\u00fancia, bloqueio e modera\u00e7\u00e3o no aplicativo. A plataforma tamb\u00e9m emprega modera\u00e7\u00e3o por IA para ajudar a manter os bate-papos positivos e livres de conte\u00fado abusivo ou inadequado.<\/p>\n<h2>O Monkey App \u00e9 gratuito?<\/h2>\n<p>O download e o uso do Monkey s\u00e3o gratuitos, com acesso ao principal bate-papo por v\u00eddeo aleat\u00f3rio, hubs e mensagens b\u00e1sicas. No entanto, alguns recursos premium, como filtros de correspond\u00eancia avan\u00e7ados, chats de v\u00eddeo estendidos ou aumento de perfil, podem exigir compras no aplicativo ou uma assinatura.<\/p>\n<p>Todos os usu\u00e1rios podem:<\/p>\n<ul>\n<li>Join chats de v\u00eddeo ao vivo e hubs de grupo<\/li>\n<li>Navegue e conecte-se com perfis populares<\/li>\n<li>Crie um perfil pessoal e fa\u00e7a upload de clipes<\/li>\n<li>Usar ferramentas de seguran\u00e7a e modera\u00e7\u00e3o<\/li>\n<\/ul>\n<p>Os recursos premium (pagos) incluem:<\/p>\n<ul>\n<li>Correspond\u00eancia de g\u00eanero e regi\u00e3o<\/li>\n<li>\"Adicionar tempo\" ilimitado nos bate-papos<\/li>\n<li>Exposi\u00e7\u00e3o priorit\u00e1ria em se\u00e7\u00f5es de tend\u00eancias<\/li>\n<\/ul>\n<p>O pre\u00e7o \u00e9 competitivo em rela\u00e7\u00e3o a outros aplicativos sociais e est\u00e1 claramente descrito na p\u00e1gina da loja do aplicativo.<\/p>\n<h2>Quem usa o Monkey App?<\/h2>\n<p>O Monkey foi criado para um p\u00fablico jovem, internacional e socialmente ativo:<\/p>\n<ul>\n<li>Idades: 18 a 25 anos \u00e9 o principal grupo demogr\u00e1fico (o Monkey \u00e9 estritamente para maiores de 18 anos)<\/li>\n<li>Localiza\u00e7\u00f5es: Estados Unidos, Canad\u00e1, Reino Unido, Europa, Brasil, \u00cdndia, Sudeste Asi\u00e1tico e mais<\/li>\n<li>Usu\u00e1rios: Estudantes, criadores, m\u00fasicos, influenciadores e aqueles que buscam uma intera\u00e7\u00e3o espont\u00e2nea e criativa<\/li>\n<\/ul>\n<p>A plataforma atrai pessoas que adoram conte\u00fado no estilo do TikTok, gostam de conhecer novos amigos ou simplesmente querem uma maneira divertida de passar o tempo e compartilhar sua personalidade com o mundo.<\/p>\n<h2>Seguran\u00e7a, privacidade e modera\u00e7\u00e3o<\/h2>\n<p>O Monkey App reconhece a import\u00e2ncia da seguran\u00e7a, especialmente para seu p\u00fablico jovem, e emprega v\u00e1rias medidas:<\/p>\n<h3>Privacidade<\/h3>\n<ul>\n<li>Os usu\u00e1rios podem controlar o que compartilham em seus perfis<\/li>\n<li>Os bate-papos n\u00e3o s\u00e3o arquivados ou pesquis\u00e1veis publicamente<\/li>\n<li>N\u00e3o \u00e9 permitido o compartilhamento de informa\u00e7\u00f5es pessoais de contato em bate-papos p\u00fablicos<\/li>\n<\/ul>\n<h3>Modera\u00e7\u00e3o<\/h3>\n<ul>\n<li>Filtragem de conte\u00fado orientada por IA: Detecta nudez, abuso ou viola\u00e7\u00f5es de regras<\/li>\n<li>Den\u00fancias e bloqueios manuais: Os usu\u00e1rios podem sinalizar comportamentos inadequados instantaneamente<\/li>\n<li>Diretrizes da comunidade: Regras r\u00edgidas sobre bullying, ass\u00e9dio e compartilhamento de conte\u00fado<\/li>\n<\/ul>\n<p>O Monkey foi projetado para ser uma plataforma positiva e amig\u00e1vel para os jovens, mas, como em qualquer aplicativo de bate-papo ao vivo, os usu\u00e1rios devem ter cuidado e evitar compartilhar informa\u00e7\u00f5es pessoais com estranhos.<\/p>\n<h2>Experi\u00eancia do usu\u00e1rio e design<\/h2>\n<p>O design do Monkey \u00e9 jovem, intuitivo e otimizado para dispositivos m\u00f3veis:<\/p>\n<ul>\n<li>O aplicativo \u00e9 iniciado em uma interface limpa e f\u00e1cil de deslizar, com op\u00e7\u00f5es claras de bate-papo, participa\u00e7\u00e3o em hubs ou navega\u00e7\u00e3o em conte\u00fado de tend\u00eancias<\/li>\n<li>Os perfis e as janelas de v\u00eddeo s\u00e3o grandes e f\u00e1ceis de navegar<\/li>\n<li>\u00cdcones coloridos, anima\u00e7\u00f5es e integra\u00e7\u00e3o de m\u00fasica d\u00e3o ao aplicativo uma sensa\u00e7\u00e3o divertida e festiva<\/li>\n<li>As notifica\u00e7\u00f5es e as mensagens s\u00e3o simples e n\u00e3o intrusivas<\/li>\n<\/ul>\n<p>O desempenho \u00e9 suave em dispositivos Android e iOS, com atualiza\u00e7\u00f5es frequentes e novos recursos adicionados para manter as coisas novas.<\/p>\n<h2>Monkey App vs. outros aplicativos de bate-papo por v\u00eddeo e descoberta social<\/h2>\n<p>Como o Monkey se compara a outras plataformas l\u00edderes de bate-papo por v\u00eddeo?<\/p>\n<table>\n<thead>\n<tr>\n<th>Recurso<\/th>\n<th>Macaco<\/th>\n<th><a href=\"https:\/\/strangercam.com\/pt-br\/ometv\/\">OmeTV<\/a><\/th>\n<th>Azar<\/th>\n<th>ChitChatTV<\/th>\n<th>Yubo<\/th>\n<\/tr>\n<\/thead>\n<tbody>\n<tr>\n<td>Bate-papo por v\u00eddeo individual<\/td>\n<td>Sim<\/td>\n<td>Sim<\/td>\n<td>Sim<\/td>\n<td>Sim<\/td>\n<td>Sim<\/td>\n<\/tr>\n<tr>\n<td>Salas de v\u00eddeo em grupo<\/td>\n<td>Sim<\/td>\n<td>N\u00e3o<\/td>\n<td>N\u00e3o<\/td>\n<td>N\u00e3o<\/td>\n<td>Sim<\/td>\n<\/tr>\n<tr>\n<td>Perfis sociais\/clipes<\/td>\n<td>Sim<\/td>\n<td>N\u00e3o<\/td>\n<td>Sim<\/td>\n<td>N\u00e3o<\/td>\n<td>Sim<\/td>\n<\/tr>\n<tr>\n<td>Filtros de correspond\u00eancia<\/td>\n<td>Pago<\/td>\n<td>Pago<\/td>\n<td>Pago<\/td>\n<td>N\u00e3o<\/td>\n<td>Limitada<\/td>\n<\/tr>\n<tr>\n<td>Gratuito para uso<\/td>\n<td>Sim<\/td>\n<td>Sim<\/td>\n<td>Sim<\/td>\n<td>Sim<\/td>\n<td>Sim<\/td>\n<\/tr>\n<tr>\n<td>Conte\u00fado de tend\u00eancia<\/td>\n<td>Sim<\/td>\n<td>N\u00e3o<\/td>\n<td>N\u00e3o<\/td>\n<td>N\u00e3o<\/td>\n<td>Sim<\/td>\n<\/tr>\n<tr>\n<td>Foco na idade<\/td>\n<td>18-25<\/td>\n<td>18+<\/td>\n<td>18+<\/td>\n<td>18+<\/td>\n<td>18-25<\/td>\n<\/tr>\n<tr>\n<td>Design Mobile-First<\/td>\n<td>Sim<\/td>\n<td>Sim<\/td>\n<td>Sim<\/td>\n<td>Sim<\/td>\n<td>Sim<\/td>\n<\/tr>\n<\/tbody>\n<\/table>\n<p>Resumo: O Monkey se destaca por sua combina\u00e7\u00e3o de bate-papo com v\u00eddeo ao vivo, conte\u00fado criativo, salas de grupo e um elemento social divertido e competitivo. N\u00e3o se trata tanto de puro anonimato, mas sim de descobrir e expressar a personalidade em tempo real.<\/p>\n<h2>Pr\u00f3s e contras<\/h2>\n<p>Pr\u00f3s:<\/p>\n<ul>\n<li>Bate-papo por v\u00eddeo instant\u00e2neo e gratuito com desconhecidos em todo o mundo<\/li>\n<li>Hubs de grupo exclusivos para hangouts de v\u00eddeo tem\u00e1ticos<\/li>\n<li>Recursos sociais divertidos e criativos e personaliza\u00e7\u00e3o de perfil<\/li>\n<li>Comunidade jovem e vibrante<\/li>\n<li>Filtros de correspond\u00eancia premium e op\u00e7\u00f5es de bate-papo ampliadas<\/li>\n<li>Ferramentas robustas de seguran\u00e7a e modera\u00e7\u00e3o<\/li>\n<\/ul>\n<p>Contras:<\/p>\n<ul>\n<li>Projetado para pessoas de 18 a 25 anos, portanto, usu\u00e1rios mais velhos podem se sentir deslocados<\/li>\n<li>Compras no aplicativo para alguns filtros e recursos<\/li>\n<li>Alguns usu\u00e1rios podem fazer mau uso da plataforma, apesar da modera\u00e7\u00e3o<\/li>\n<li>Aplicativo m\u00f3vel necess\u00e1rio - nenhuma vers\u00e3o de navegador para usu\u00e1rios de desktop<\/li>\n<li>O ritmo acelerado pode n\u00e3o agradar a todos<\/li>\n<\/ul>\n<h2>Casos de uso ideais<\/h2>\n<p>O Monkey \u00e9 perfeito para:<\/p>\n<ul>\n<li>Jovens adultos que desejam <a href=\"https:\/\/strangercam.com\/pt-br\/coomeet\/\">conhecer<\/a> novas pessoas em um ambiente on-line animado e criativo<\/li>\n<li>F\u00e3s do TikTok ou do Instagram Reels que tamb\u00e9m gostam de conversas ao vivo<\/li>\n<li>Usu\u00e1rios que desejam participar de hangouts de v\u00eddeo em grupo ou salas sociais tem\u00e1ticas<\/li>\n<li>Criadores, m\u00fasicos ou influenciadores que buscam exposi\u00e7\u00e3o e envolvimento do p\u00fablico<\/li>\n<\/ul>\n<p>Menos ideal para:<\/p>\n<ul>\n<li>Usu\u00e1rios que buscam um bate-papo puramente an\u00f4nimo ou somente de texto<\/li>\n<li>Adultos acima de 30 anos (o clima \u00e9 muito Gen Z)<\/li>\n<li>Pessoas sem acesso a um dispositivo m\u00f3vel compat\u00edvel<\/li>\n<\/ul>\n<p>Monkey App \u00e9 a principal plataforma de bate-papo por v\u00eddeo e descoberta social para a Gera\u00e7\u00e3o Z em 2025. Ele combina a espontaneidade do bate-papo aleat\u00f3rio cl\u00e1ssico com a criatividade e a comunidade dos aplicativos sociais modernos, tornando-o divertido, seguro e altamente envolvente para jovens adultos em todo o mundo.<\/p>\n<p>Quer voc\u00ea queira conversar individualmente, participar de um hangout em grupo ou compartilhar seus pr\u00f3prios v\u00eddeos e interesses, o Monkey oferece um espa\u00e7o divertido e exclusivo para se conectar. Se voc\u00ea estiver procurando uma maneira r\u00e1pida, visual e social de fazer novos amigos e se expressar, vale a pena experimentar o Monkey App.<\/p>","protected":false},"excerpt":{"rendered":"<p>As the world of online video chat and social networking evolves, new apps are constantly emerging to cater to the needs of a younger, more mobile-first audience. Monkey App is one such platform, blending the thrill of random video chat with social discovery and short-form video\u2014creating a unique space that feels part Omegle, part TikTok, [&hellip;]<\/p>\n","protected":false},"author":6,"featured_media":0,"parent":0,"menu_order":0,"comment_status":"closed","ping_status":"closed","template":"","meta":{"footnotes":""},"class_list":["post-1303","page","type-page","status-publish","hentry"],"yoast_head":"<!-- This site is optimized with the Yoast SEO plugin v27.4 - https:\/\/yoast.com\/product\/yoast-seo-wordpress\/ -->\n<title>Monkey App - Random Video Chat Omegle - StrangerCam.com<\/title>\n<meta name=\"description\" content=\"Like Monkey App? Come chat with more than 5.000.000 strangers on Strangercam for Free! Turn on your cam and find new friends &amp; maby a match!\" \/>\n<meta name=\"robots\" content=\"index, follow, max-snippet:-1, max-image-preview:large, max-video-preview:-1\" \/>\n<link rel=\"canonical\" href=\"https:\/\/strangercam.com\/pt-br\/aplicativo-de-macaco\/\" \/>\n<meta property=\"og:locale\" content=\"pt_BR\" \/>\n<meta property=\"og:type\" content=\"article\" \/>\n<meta property=\"og:title\" content=\"Monkey App - Random Video Chat Omegle - StrangerCam.com\" \/>\n<meta property=\"og:description\" content=\"Like Monkey App? Come chat with more than 5.000.000 strangers on Strangercam for Free! Turn on your cam and find new friends &amp; maby a match!\" \/>\n<meta property=\"og:url\" content=\"https:\/\/strangercam.com\/pt-br\/aplicativo-de-macaco\/\" \/>\n<meta property=\"og:site_name\" content=\"Strangercam\" \/>\n<meta property=\"article:publisher\" content=\"https:\/\/www.facebook.com\/strangercam\" \/>\n<meta property=\"article:modified_time\" content=\"2025-08-05T08:41:12+00:00\" \/>\n<meta property=\"og:image\" content=\"https:\/\/strangercam.com\/wp-content\/uploads\/2021\/10\/Untitled-2.png\" \/>\n\t<meta property=\"og:image:width\" content=\"800\" \/>\n\t<meta property=\"og:image:height\" content=\"532\" \/>\n\t<meta property=\"og:image:type\" content=\"image\/png\" \/>\n<meta name=\"twitter:card\" content=\"summary_large_image\" \/>\n<meta name=\"twitter:site\" content=\"@strangercamapp\" \/>\n<meta name=\"twitter:label1\" content=\"Est. tempo de leitura\" \/>\n\t<meta name=\"twitter:data1\" content=\"6 minutos\" \/>\n<script type=\"application\/ld+json\" class=\"yoast-schema-graph\">{\"@context\":\"https:\\\/\\\/schema.org\",\"@graph\":[{\"@type\":\"WebPage\",\"@id\":\"https:\\\/\\\/strangercam.com\\\/monkey-app\\\/\",\"url\":\"https:\\\/\\\/strangercam.com\\\/monkey-app\\\/\",\"name\":\"Monkey App - Random Video Chat Omegle - StrangerCam.com\",\"isPartOf\":{\"@id\":\"https:\\\/\\\/strangercam.com\\\/#website\"},\"datePublished\":\"2025-08-05T08:30:38+00:00\",\"dateModified\":\"2025-08-05T08:41:12+00:00\",\"description\":\"Like Monkey App? Come chat with more than 5.000.000 strangers on Strangercam for Free! Turn on your cam and find new friends & maby a match!\",\"breadcrumb\":{\"@id\":\"https:\\\/\\\/strangercam.com\\\/monkey-app\\\/#breadcrumb\"},\"inLanguage\":\"pt-BR\",\"potentialAction\":[{\"@type\":\"ReadAction\",\"target\":[\"https:\\\/\\\/strangercam.com\\\/monkey-app\\\/\"]}]},{\"@type\":\"BreadcrumbList\",\"@id\":\"https:\\\/\\\/strangercam.com\\\/monkey-app\\\/#breadcrumb\",\"itemListElement\":[{\"@type\":\"ListItem\",\"position\":1,\"name\":\"Home\",\"item\":\"https:\\\/\\\/strangercam.com\\\/\"},{\"@type\":\"ListItem\",\"position\":2,\"name\":\"Monkey App\"}]},{\"@type\":\"WebSite\",\"@id\":\"https:\\\/\\\/strangercam.com\\\/#website\",\"url\":\"https:\\\/\\\/strangercam.com\\\/\",\"name\":\"Strangercam\",\"description\":\"Random Video Chat with Strangers\",\"publisher\":{\"@id\":\"https:\\\/\\\/strangercam.com\\\/#organization\"},\"alternateName\":\"Strangercam.com\",\"potentialAction\":[{\"@type\":\"SearchAction\",\"target\":{\"@type\":\"EntryPoint\",\"urlTemplate\":\"https:\\\/\\\/strangercam.com\\\/?s={search_term_string}\"},\"query-input\":{\"@type\":\"PropertyValueSpecification\",\"valueRequired\":true,\"valueName\":\"search_term_string\"}}],\"inLanguage\":\"pt-BR\"},{\"@type\":\"Organization\",\"@id\":\"https:\\\/\\\/strangercam.com\\\/#organization\",\"name\":\"Strangercam\",\"alternateName\":\"Strangercam.com\",\"url\":\"https:\\\/\\\/strangercam.com\\\/\",\"logo\":{\"@type\":\"ImageObject\",\"inLanguage\":\"pt-BR\",\"@id\":\"https:\\\/\\\/strangercam.com\\\/#\\\/schema\\\/logo\\\/image\\\/\",\"url\":\"https:\\\/\\\/strangercam.com\\\/wp-content\\\/uploads\\\/2020\\\/11\\\/cropped-new-favicon-black.png\",\"contentUrl\":\"https:\\\/\\\/strangercam.com\\\/wp-content\\\/uploads\\\/2020\\\/11\\\/cropped-new-favicon-black.png\",\"width\":512,\"height\":512,\"caption\":\"Strangercam\"},\"image\":{\"@id\":\"https:\\\/\\\/strangercam.com\\\/#\\\/schema\\\/logo\\\/image\\\/\"},\"sameAs\":[\"https:\\\/\\\/www.facebook.com\\\/strangercam\",\"https:\\\/\\\/x.com\\\/strangercamapp\"]}]}<\/script>\n<!-- \/ Yoast SEO plugin. -->","yoast_head_json":{"title":"Monkey App - Bate-papo por v\u00eddeo aleat\u00f3rio Omegle - StrangerCam.com","description":"Gosta do Monkey App? Venha conversar com mais de 5.000.000 de desconhecidos no Strangercam gratuitamente! Ligue sua c\u00e2mera e encontre novos amigos e talvez um par!","robots":{"index":"index","follow":"follow","max-snippet":"max-snippet:-1","max-image-preview":"max-image-preview:large","max-video-preview":"max-video-preview:-1"},"canonical":"https:\/\/strangercam.com\/pt-br\/aplicativo-de-macaco\/","og_locale":"pt_BR","og_type":"article","og_title":"Monkey App - Random Video Chat Omegle - StrangerCam.com","og_description":"Like Monkey App? Come chat with more than 5.000.000 strangers on Strangercam for Free! Turn on your cam and find new friends & maby a match!","og_url":"https:\/\/strangercam.com\/pt-br\/aplicativo-de-macaco\/","og_site_name":"Strangercam","article_publisher":"https:\/\/www.facebook.com\/strangercam","article_modified_time":"2025-08-05T08:41:12+00:00","og_image":[{"width":800,"height":532,"url":"https:\/\/strangercam.com\/wp-content\/uploads\/2021\/10\/Untitled-2.png","type":"image\/png"}],"twitter_card":"summary_large_image","twitter_site":"@strangercamapp","twitter_misc":{"Est. tempo de leitura":"6 minutos"},"schema":{"@context":"https:\/\/schema.org","@graph":[{"@type":"WebPage","@id":"https:\/\/strangercam.com\/monkey-app\/","url":"https:\/\/strangercam.com\/monkey-app\/","name":"Monkey App - Bate-papo por v\u00eddeo aleat\u00f3rio Omegle - StrangerCam.com","isPartOf":{"@id":"https:\/\/strangercam.com\/#website"},"datePublished":"2025-08-05T08:30:38+00:00","dateModified":"2025-08-05T08:41:12+00:00","description":"Gosta do Monkey App? Venha conversar com mais de 5.000.000 de desconhecidos no Strangercam gratuitamente! Ligue sua c\u00e2mera e encontre novos amigos e talvez um par!","breadcrumb":{"@id":"https:\/\/strangercam.com\/monkey-app\/#breadcrumb"},"inLanguage":"pt-BR","potentialAction":[{"@type":"ReadAction","target":["https:\/\/strangercam.com\/monkey-app\/"]}]},{"@type":"BreadcrumbList","@id":"https:\/\/strangercam.com\/monkey-app\/#breadcrumb","itemListElement":[{"@type":"ListItem","position":1,"name":"Home","item":"https:\/\/strangercam.com\/"},{"@type":"ListItem","position":2,"name":"Monkey App"}]},{"@type":"WebSite","@id":"https:\/\/strangercam.com\/#website","url":"https:\/\/strangercam.com\/","name":"Strangercam","description":"Bate-papo por v\u00eddeo aleat\u00f3rio com estranhos","publisher":{"@id":"https:\/\/strangercam.com\/#organization"},"alternateName":"Strangercam.com","potentialAction":[{"@type":"SearchAction","target":{"@type":"EntryPoint","urlTemplate":"https:\/\/strangercam.com\/?s={search_term_string}"},"query-input":{"@type":"PropertyValueSpecification","valueRequired":true,"valueName":"search_term_string"}}],"inLanguage":"pt-BR"},{"@type":"Organization","@id":"https:\/\/strangercam.com\/#organization","name":"Strangercam","alternateName":"Strangercam.com","url":"https:\/\/strangercam.com\/","logo":{"@type":"ImageObject","inLanguage":"pt-BR","@id":"https:\/\/strangercam.com\/#\/schema\/logo\/image\/","url":"https:\/\/strangercam.com\/wp-content\/uploads\/2020\/11\/cropped-new-favicon-black.png","contentUrl":"https:\/\/strangercam.com\/wp-content\/uploads\/2020\/11\/cropped-new-favicon-black.png","width":512,"height":512,"caption":"Strangercam"},"image":{"@id":"https:\/\/strangercam.com\/#\/schema\/logo\/image\/"},"sameAs":["https:\/\/www.facebook.com\/strangercam","https:\/\/x.com\/strangercamapp"]}]}},"_links":{"self":[{"href":"https:\/\/strangercam.com\/pt-br\/wp-json\/wp\/v2\/pages\/1303","targetHints":{"allow":["GET"]}}],"collection":[{"href":"https:\/\/strangercam.com\/pt-br\/wp-json\/wp\/v2\/pages"}],"about":[{"href":"https:\/\/strangercam.com\/pt-br\/wp-json\/wp\/v2\/types\/page"}],"author":[{"embeddable":true,"href":"https:\/\/strangercam.com\/pt-br\/wp-json\/wp\/v2\/users\/6"}],"replies":[{"embeddable":true,"href":"https:\/\/strangercam.com\/pt-br\/wp-json\/wp\/v2\/comments?post=1303"}],"version-history":[{"count":1,"href":"https:\/\/strangercam.com\/pt-br\/wp-json\/wp\/v2\/pages\/1303\/revisions"}],"predecessor-version":[{"id":12953,"href":"https:\/\/strangercam.com\/pt-br\/wp-json\/wp\/v2\/pages\/1303\/revisions\/12953"}],"wp:attachment":[{"href":"https:\/\/strangercam.com\/pt-br\/wp-json\/wp\/v2\/media?parent=1303"}],"curies":[{"name":"wp","href":"https:\/\/api.w.org\/{rel}","templated":true}]}}