{"id":13020,"date":"2025-09-10T11:53:09","date_gmt":"2025-09-10T09:53:09","guid":{"rendered":"https:\/\/strangercam.com\/?page_id=13020"},"modified":"2025-09-10T11:53:09","modified_gmt":"2025-09-10T09:53:09","slug":"chato","status":"publish","type":"page","link":"https:\/\/strangercam.com\/pt-br\/chato\/","title":{"rendered":"Chato"},"content":{"rendered":"<p>Com <a href=\"https:\/\/strangercam.com\/pt-br\/omegle\/\">Omegle<\/a> No entanto, uma onda de novas plataformas surgiu para preencher a lacuna de pessoas que ainda querem conversas an\u00f4nimas e aleat\u00f3rias com estranhos on-line. O Chato \u00e9 um dos mais novos concorrentes em 2025, posicionando-se como uma alternativa Omegle r\u00e1pida, gratuita e compat\u00edvel com dispositivos m\u00f3veis. Seu foco \u00e9 simples: v\u00eddeo um a um <a href=\"https:\/\/strangercam.com\/pt-br\/chathub\/\">bate-papo<\/a> com estranhos, sem a necessidade de cadastros, downloads ou recursos complicados.<\/p>\n<p>Mas ser\u00e1 que o Chato cumpre sua promessa de ser um dos melhores sites de bate-papo aleat\u00f3rio? At\u00e9 que ponto ele \u00e9 seguro, quem o utiliza e como ele se compara a outras alternativas como Lotta, Ohmegle e MatchPub? Nesta an\u00e1lise, detalhamos tudo o que voc\u00ea precisa saber sobre o Chato antes de mergulhar nele.<\/p>\n<h2>O que \u00e9 Chato?<\/h2>\n<p>O Chato \u00e9 um site de bate-papo por v\u00eddeo aleat\u00f3rio baseado em navegador que conecta estranhos em todo o mundo para conversas privadas, ao vivo e face a face. Assim como o Omegle, ele n\u00e3o exige registro - basta clicar em \"Start\" (Iniciar), permitir sua c\u00e2mera e microfone e ser imediatamente conectado a algu\u00e9m novo.<\/p>\n<p>A plataforma enfatiza a simplicidade e a velocidade, mantendo o foco nas conversas e n\u00e3o nos recursos. O design moderno e o bom desempenho m\u00f3vel do Chato o tornam uma op\u00e7\u00e3o atraente para os usu\u00e1rios cansados de sites desatualizados e complicados.<\/p>\n<h2>Qual \u00e9 o objetivo do Chato?<\/h2>\n<p>A miss\u00e3o do Chato \u00e9 recriar a emo\u00e7\u00e3o das conversas an\u00f4nimas on-line que tornaram o Omegle famoso, ao mesmo tempo em que aprimora a usabilidade e a seguran\u00e7a. Seus objetivos incluem:<\/p>\n<ul>\n<li>Oferecer bate-papos individuais espont\u00e2neos sem exigir informa\u00e7\u00f5es pessoais<\/li>\n<li>Oferecer uma plataforma gratuita e de f\u00e1cil acesso que funciona instantaneamente em computadores ou dispositivos m\u00f3veis<\/li>\n<li>Criar um ambiente amig\u00e1vel e seguro para que os usu\u00e1rios globais <a href=\"https:\/\/strangercam.com\/pt-br\/coomeet\/\">conhecer<\/a> novas pessoas<\/li>\n<li>Dar aos usu\u00e1rios a liberdade de pular, seguir em frente ou ficar o tempo que quiserem<\/li>\n<\/ul>\n<p>Se voc\u00ea est\u00e1 procurando fazer amigos, praticar idiomas, paquerar casualmente ou apenas matar o t\u00e9dio, o Chato oferece um espa\u00e7o leve para se conectar com estranhos.<\/p>\n<h2>Principais recursos<\/h2>\n<p>1. Chat de v\u00eddeo aleat\u00f3rio instant\u00e2neo<br \/>\nO cora\u00e7\u00e3o do Chato s\u00e3o as conversas privadas e individuais entre c\u00e2meras. As partidas s\u00e3o instant\u00e2neas, sem filas ou atrasos, o que permite a socializa\u00e7\u00e3o em ritmo acelerado.<\/p>\n<p>2. Bot\u00e3o Skip\/Next (Pular\/Pr\u00f3ximo)<br \/>\nN\u00e3o est\u00e1 gostando do bate-papo? Clique em \"Next\" para passar instantaneamente para outro usu\u00e1rio. Essa mec\u00e2nica de ciclo r\u00e1pido mant\u00e9m as coisas divertidas e din\u00e2micas.<\/p>\n<p>3. Op\u00e7\u00e3o de bate-papo por texto<br \/>\nAl\u00e9m do v\u00eddeo, o Chato inclui mensagens de texto durante as sess\u00f5es. \u00c9 \u00fatil para quebrar o gelo, superar barreiras lingu\u00edsticas ou bater papo discretamente sem \u00e1udio.<\/p>\n<p>4. N\u00e3o \u00e9 necess\u00e1rio registro<br \/>\nO Chato n\u00e3o exige uma conta, e-mail ou n\u00famero de telefone. Isso mant\u00e9m a experi\u00eancia totalmente an\u00f4nima e sem complica\u00e7\u00f5es.<\/p>\n<p>5. Compatibilidade com dispositivos m\u00f3veis e desktops<br \/>\nA plataforma \u00e9 otimizada para todos os dispositivos. Quer esteja em um laptop ou smartphone, o Chato carrega rapidamente e funciona sem problemas.<\/p>\n<p>6. Ferramentas de relat\u00f3rio e bloqueio<br \/>\nO Chato inclui um bot\u00e3o de den\u00fancia em cada bate-papo, permitindo que os usu\u00e1rios sinalizem comportamentos abusivos ou inadequados. As ferramentas de bloqueio ajudam a evitar encontros repetidos com usu\u00e1rios inconvenientes.<\/p>\n<p>7. Design leve e minimalista<br \/>\nA interface \u00e9 moderna e sem distra\u00e7\u00f5es. Com grandes janelas de v\u00eddeo e controles simples, o foco permanece na conversa.<\/p>\n<h2>O Chato est\u00e1 livre?<\/h2>\n<p>Sim, o Chato \u00e9 100% de uso gratuito. Ao contr\u00e1rio de alguns concorrentes, ele n\u00e3o esconde recursos por meio de assinaturas ou tokens.<\/p>\n<p>Voc\u00ea pode:<\/p>\n<ul>\n<li>Inicie bate-papos ilimitados com estranhos<\/li>\n<li>Use o bate-papo por texto junto com o v\u00eddeo<\/li>\n<li>Ignorar e relatar sempre que necess\u00e1rio<\/li>\n<li>Acesse a plataforma pelo celular ou desktop<\/li>\n<\/ul>\n<p>O site pode apresentar an\u00fancios leves para apoiar as opera\u00e7\u00f5es, mas n\u00e3o h\u00e1 cobran\u00e7as ocultas ou recursos somente premium.<\/p>\n<h2>Quem usa o Chato?<\/h2>\n<p>O p\u00fablico do Chato \u00e9 diversificado, com usu\u00e1rios que se conectam de todo o mundo:<\/p>\n<ul>\n<li>Idades: Principalmente de 18 a 35 anos (somente para maiores de 18 anos)<\/li>\n<li>Localiza\u00e7\u00f5es: Usu\u00e1rios ativos dos EUA, Reino Unido, Europa, \u00cdndia, Brasil e Sudeste Asi\u00e1tico<\/li>\n<li>Motiva\u00e7\u00f5es: Conhecer novos amigos, flertar casualmente, praticar o idioma ou simplesmente passar o tempo<\/li>\n<\/ul>\n<p>Devido \u00e0 sua acessibilidade e ao modelo gratuito, o Chato tende a atrair uma ampla gama de personalidades. Como a maioria dos sites de bate-papo aleat\u00f3rios, a base de usu\u00e1rios \u00e9 predominantemente masculina, embora a participa\u00e7\u00e3o feminina esteja crescendo \u00e0 medida que a modera\u00e7\u00e3o melhora.<\/p>\n<h2>Seguran\u00e7a, privacidade e modera\u00e7\u00e3o<\/h2>\n<p>O Chato equilibra o anonimato com recursos de seguran\u00e7a para oferecer um ambiente seguro aos usu\u00e1rios:<\/p>\n<h3>Privacidade<\/h3>\n<ul>\n<li>N\u00e3o \u00e9 necess\u00e1rio se cadastrar ou fornecer detalhes pessoais<\/li>\n<li>Os bate-papos n\u00e3o s\u00e3o salvos ou gravados<\/li>\n<li>O acesso \u00e0 webcam e ao microfone \u00e9 tempor\u00e1rio e est\u00e1 sempre sob o controle do usu\u00e1rio<\/li>\n<\/ul>\n<h3>Modera\u00e7\u00e3o<\/h3>\n<ul>\n<li>Den\u00fancias no chat para sinalizar usu\u00e1rios abusivos ou ofensivos<\/li>\n<li>Monitoramento de conte\u00fado orientado por IA para reduzir conte\u00fado expl\u00edcito ou prejudicial<\/li>\n<li>Modera\u00e7\u00e3o humana para impor proibi\u00e7\u00f5es aos infratores de regras<\/li>\n<\/ul>\n<h3>Dicas para uso seguro<\/h3>\n<ul>\n<li>Evite compartilhar informa\u00e7\u00f5es pessoais (nome, endere\u00e7o, m\u00eddia social)<\/li>\n<li>Use \"Pular\" e \"Denunciar\" sempre que se sentir desconfort\u00e1vel<\/li>\n<li>Trate as intera\u00e7\u00f5es como tempor\u00e1rias e an\u00f4nimas<\/li>\n<\/ul>\n<h2>Experi\u00eancia do usu\u00e1rio e design<\/h2>\n<p>O Chato foi projetado para ser simples e r\u00e1pido:<\/p>\n<ul>\n<li>P\u00e1gina inicial: Apresenta um bot\u00e3o em negrito \"Iniciar bate-papo\" e informa\u00e7\u00f5es r\u00e1pidas sobre regras e privacidade<\/li>\n<li>Interface de v\u00eddeo: Janelas de v\u00eddeo grandes e claras com controles intuitivos para pular, silenciar e gerar relat\u00f3rios<\/li>\n<li>Desempenho: Transi\u00e7\u00f5es suaves entre bate-papos com atraso m\u00ednimo<\/li>\n<li>Experi\u00eancia m\u00f3vel: Otimizado para telas pequenas, sens\u00edvel ao toque e de carregamento r\u00e1pido<\/li>\n<\/ul>\n<p>Ao contr\u00e1rio dos sites mais antigos, o Chato evita a bagun\u00e7a, o excesso de an\u00fancios ou menus confusos, mantendo a experi\u00eancia leve e agrad\u00e1vel.<\/p>\n<h2>Chato vs. outras plataformas de bate-papo por v\u00eddeo aleat\u00f3rio<\/h2>\n<p>Como o Chato se compara a outros sites do tipo Omegle?<\/p>\n<table>\n<thead>\n<tr>\n<th>Recurso<\/th>\n<th>Chato<\/th>\n<th>Omegle (fechado)<\/th>\n<th>Ohmegle<\/th>\n<th>Lotta<\/th>\n<th>MatchPub<\/th>\n<th><a href=\"https:\/\/strangercam.com\/pt-br\/ometv\/\">OmeTV<\/a><\/th>\n<\/tr>\n<\/thead>\n<tbody>\n<tr>\n<td>Bate-papo por v\u00eddeo<\/td>\n<td>Sim<\/td>\n<td>Sim<\/td>\n<td>Sim<\/td>\n<td>Sim<\/td>\n<td>Sim<\/td>\n<td>Sim<\/td>\n<\/tr>\n<tr>\n<td>Bate-papo por texto<\/td>\n<td>Sim<\/td>\n<td>Sim<\/td>\n<td>Sim<\/td>\n<td>Sim<\/td>\n<td>Sim<\/td>\n<td>Sim<\/td>\n<\/tr>\n<tr>\n<td>Registro necess\u00e1rio<\/td>\n<td>N\u00e3o<\/td>\n<td>N\u00e3o<\/td>\n<td>N\u00e3o<\/td>\n<td>N\u00e3o<\/td>\n<td>N\u00e3o<\/td>\n<td>N\u00e3o<\/td>\n<\/tr>\n<tr>\n<td>Suporte m\u00f3vel<\/td>\n<td>Excelente<\/td>\n<td>Ruim<\/td>\n<td>Excelente<\/td>\n<td>Excelente<\/td>\n<td>Excelente<\/td>\n<td>Bom<\/td>\n<\/tr>\n<tr>\n<td>Filtros de g\u00eanero\/regi\u00e3o<\/td>\n<td>N\u00e3o<\/td>\n<td>N\u00e3o<\/td>\n<td>N\u00e3o<\/td>\n<td>N\u00e3o<\/td>\n<td>N\u00e3o<\/td>\n<td>Pago<\/td>\n<\/tr>\n<tr>\n<td>Ferramentas de modera\u00e7\u00e3o<\/td>\n<td>Bom<\/td>\n<td>Fraco<\/td>\n<td>Moderado<\/td>\n<td>Bom<\/td>\n<td>Bom<\/td>\n<td>Forte<\/td>\n<\/tr>\n<tr>\n<td>Gratuito para uso<\/td>\n<td>Sim<\/td>\n<td>Sim<\/td>\n<td>Sim<\/td>\n<td>Sim<\/td>\n<td>Sim<\/td>\n<td>Sim\/Pago<\/td>\n<\/tr>\n<\/tbody>\n<\/table>\n<p>Resumo: o Chato \u00e9 o mais pr\u00f3ximo em esp\u00edrito do Lotta e do MatchPub: r\u00e1pido, gratuito, an\u00f4nimo e leve. Embora n\u00e3o ofere\u00e7a filtros avan\u00e7ados como o OmeTV, ele se destaca pela facilidade de uso e pelo desempenho m\u00f3vel.<\/p>\n<h2>Pr\u00f3s e contras<\/h2>\n<p>Pr\u00f3s:<\/p>\n<ul>\n<li>100% gratuito, sem necessidade de registro<\/li>\n<li>Experi\u00eancia de bate-papo totalmente an\u00f4nima<\/li>\n<li>Correspond\u00eancia e transi\u00e7\u00f5es r\u00e1pidas e suaves<\/li>\n<li>Interface moderna e otimizada para dispositivos m\u00f3veis<\/li>\n<li>Ferramentas simples de salto e relat\u00f3rio<\/li>\n<li>Base de usu\u00e1rios internacional e diversificada<\/li>\n<\/ul>\n<p>Contras:<\/p>\n<ul>\n<li>Sem filtros de g\u00eanero ou local<\/li>\n<li>Exposi\u00e7\u00e3o ocasional a comportamentos inadequados (comum a todas as plataformas an\u00f4nimas)<\/li>\n<li>Mais usu\u00e1rios homens do que mulheres<\/li>\n<li>Sem perfis, listas de amigos ou recursos de reencontro<\/li>\n<li>Ainda est\u00e1 construindo sua base de usu\u00e1rios em compara\u00e7\u00e3o com alternativas mais antigas<\/li>\n<\/ul>\n<h2>Casos de uso ideais<\/h2>\n<p>O Chato \u00e9 perfeito para:<\/p>\n<ul>\n<li>Ventiladores de Omegle e <a href=\"https:\/\/strangercam.com\/pt-br\/chatroulette\/\">Chatroulette<\/a> buscando um substituto moderno<\/li>\n<li>Pessoas que desejam bate-papos r\u00e1pidos e an\u00f4nimos sem se inscrever<\/li>\n<li>Estudantes, viajantes e estudantes de idiomas interessados em interc\u00e2mbio cultural<\/li>\n<li>Adultos em busca de intera\u00e7\u00e3o casual e espont\u00e2nea em todo o mundo<\/li>\n<li>Usu\u00e1rios que priorizam os dispositivos m\u00f3veis e desejam uma experi\u00eancia suave e confi\u00e1vel em qualquer lugar<\/li>\n<\/ul>\n<p>Menos ideal para:<\/p>\n<ul>\n<li>Usu\u00e1rios menores de 18 anos (somente para adultos)<\/li>\n<li>Aqueles que desejam filtros avan\u00e7ados para encontros ou combina\u00e7\u00f5es<\/li>\n<li>Pessoas que buscam perfis ou conex\u00f5es de longo prazo<\/li>\n<\/ul>\n<p>O Chato \u00e9 uma das novas alternativas mais promissoras do Omegle em 2025, oferecendo bate-papos por v\u00eddeo r\u00e1pidos e an\u00f4nimos em um pacote moderno e compat\u00edvel com dispositivos m\u00f3veis. Seu modelo gratuito e sem cadastro mant\u00e9m as coisas acess\u00edveis, enquanto as ferramentas robustas de privacidade e relat\u00f3rios ajudam a criar um ambiente mais seguro do que os sites mais antigos.<\/p>\n<p>Se voc\u00ea estiver procurando uma plataforma leve e f\u00e1cil de usar para conhecer estranhos no mundo todo - seja por divers\u00e3o, amizade ou paquera casual - vale a pena experimentar o Chato. Ele traz de volta a espontaneidade do Omegle e atualiza a experi\u00eancia para os usu\u00e1rios de hoje.<\/p>","protected":false},"excerpt":{"rendered":"<p>With Omegle gone, a wave of new platforms has appeared to fill the gap for people who still want anonymous, random conversations with strangers online. Chato is one of the newer contenders in 2025, positioning itself as a fast, free, and mobile-friendly Omegle alternative. Its focus is simple: one-on-one video chat with strangers, without the [&hellip;]<\/p>\n","protected":false},"author":6,"featured_media":0,"parent":0,"menu_order":0,"comment_status":"closed","ping_status":"closed","template":"","meta":{"footnotes":""},"class_list":["post-13020","page","type-page","status-publish","hentry"],"yoast_head":"<!-- This site is optimized with the Yoast SEO plugin v27.4 - https:\/\/yoast.com\/product\/yoast-seo-wordpress\/ -->\n<title>Chato - Video Chat &amp; Have Fun - StrangerCam.com<\/title>\n<meta name=\"description\" content=\"Like Chato? Come chat with more than 5.000.000 strangers on Strangercam for Free! Turn on your cam and find new friends &amp; maby a match!\" \/>\n<meta name=\"robots\" content=\"index, follow, max-snippet:-1, max-image-preview:large, max-video-preview:-1\" \/>\n<link rel=\"canonical\" href=\"https:\/\/strangercam.com\/pt-br\/chato\/\" \/>\n<meta property=\"og:locale\" content=\"pt_BR\" \/>\n<meta property=\"og:type\" content=\"article\" \/>\n<meta property=\"og:title\" content=\"Chato - Video Chat &amp; Have Fun - StrangerCam.com\" \/>\n<meta property=\"og:description\" content=\"Like Chato? Come chat with more than 5.000.000 strangers on Strangercam for Free! Turn on your cam and find new friends &amp; maby a match!\" \/>\n<meta property=\"og:url\" content=\"https:\/\/strangercam.com\/pt-br\/chato\/\" \/>\n<meta property=\"og:site_name\" content=\"Strangercam\" \/>\n<meta property=\"article:publisher\" content=\"https:\/\/www.facebook.com\/strangercam\" \/>\n<meta property=\"og:image\" content=\"https:\/\/strangercam.com\/wp-content\/uploads\/2021\/10\/Untitled-2.png\" \/>\n\t<meta property=\"og:image:width\" content=\"800\" \/>\n\t<meta property=\"og:image:height\" content=\"532\" \/>\n\t<meta property=\"og:image:type\" content=\"image\/png\" \/>\n<meta name=\"twitter:card\" content=\"summary_large_image\" \/>\n<meta name=\"twitter:site\" content=\"@strangercamapp\" \/>\n<meta name=\"twitter:label1\" content=\"Est. tempo de leitura\" \/>\n\t<meta name=\"twitter:data1\" content=\"5 minutos\" \/>\n<script type=\"application\/ld+json\" class=\"yoast-schema-graph\">{\"@context\":\"https:\\\/\\\/schema.org\",\"@graph\":[{\"@type\":\"WebPage\",\"@id\":\"https:\\\/\\\/strangercam.com\\\/chato\\\/\",\"url\":\"https:\\\/\\\/strangercam.com\\\/chato\\\/\",\"name\":\"Chato - Video Chat & Have Fun - StrangerCam.com\",\"isPartOf\":{\"@id\":\"https:\\\/\\\/strangercam.com\\\/#website\"},\"datePublished\":\"2025-09-10T09:53:09+00:00\",\"description\":\"Like Chato? Come chat with more than 5.000.000 strangers on Strangercam for Free! Turn on your cam and find new friends & maby a match!\",\"breadcrumb\":{\"@id\":\"https:\\\/\\\/strangercam.com\\\/chato\\\/#breadcrumb\"},\"inLanguage\":\"pt-BR\",\"potentialAction\":[{\"@type\":\"ReadAction\",\"target\":[\"https:\\\/\\\/strangercam.com\\\/chato\\\/\"]}]},{\"@type\":\"BreadcrumbList\",\"@id\":\"https:\\\/\\\/strangercam.com\\\/chato\\\/#breadcrumb\",\"itemListElement\":[{\"@type\":\"ListItem\",\"position\":1,\"name\":\"Home\",\"item\":\"https:\\\/\\\/strangercam.com\\\/\"},{\"@type\":\"ListItem\",\"position\":2,\"name\":\"Chato\"}]},{\"@type\":\"WebSite\",\"@id\":\"https:\\\/\\\/strangercam.com\\\/#website\",\"url\":\"https:\\\/\\\/strangercam.com\\\/\",\"name\":\"Strangercam\",\"description\":\"Random Video Chat with Strangers\",\"publisher\":{\"@id\":\"https:\\\/\\\/strangercam.com\\\/#organization\"},\"alternateName\":\"Strangercam.com\",\"potentialAction\":[{\"@type\":\"SearchAction\",\"target\":{\"@type\":\"EntryPoint\",\"urlTemplate\":\"https:\\\/\\\/strangercam.com\\\/?s={search_term_string}\"},\"query-input\":{\"@type\":\"PropertyValueSpecification\",\"valueRequired\":true,\"valueName\":\"search_term_string\"}}],\"inLanguage\":\"pt-BR\"},{\"@type\":\"Organization\",\"@id\":\"https:\\\/\\\/strangercam.com\\\/#organization\",\"name\":\"Strangercam\",\"alternateName\":\"Strangercam.com\",\"url\":\"https:\\\/\\\/strangercam.com\\\/\",\"logo\":{\"@type\":\"ImageObject\",\"inLanguage\":\"pt-BR\",\"@id\":\"https:\\\/\\\/strangercam.com\\\/#\\\/schema\\\/logo\\\/image\\\/\",\"url\":\"https:\\\/\\\/strangercam.com\\\/wp-content\\\/uploads\\\/2020\\\/11\\\/cropped-new-favicon-black.png\",\"contentUrl\":\"https:\\\/\\\/strangercam.com\\\/wp-content\\\/uploads\\\/2020\\\/11\\\/cropped-new-favicon-black.png\",\"width\":512,\"height\":512,\"caption\":\"Strangercam\"},\"image\":{\"@id\":\"https:\\\/\\\/strangercam.com\\\/#\\\/schema\\\/logo\\\/image\\\/\"},\"sameAs\":[\"https:\\\/\\\/www.facebook.com\\\/strangercam\",\"https:\\\/\\\/x.com\\\/strangercamapp\"]}]}<\/script>\n<!-- \/ Yoast SEO plugin. -->","yoast_head_json":{"title":"Chato - Bate-papo por v\u00eddeo e divers\u00e3o - StrangerCam.com","description":"Gosta de Chato? Venha conversar com mais de 5.000.000 de desconhecidos no Strangercam de gra\u00e7a! Ligue sua c\u00e2mera e encontre novos amigos e talvez um par!","robots":{"index":"index","follow":"follow","max-snippet":"max-snippet:-1","max-image-preview":"max-image-preview:large","max-video-preview":"max-video-preview:-1"},"canonical":"https:\/\/strangercam.com\/pt-br\/chato\/","og_locale":"pt_BR","og_type":"article","og_title":"Chato - Video Chat & Have Fun - StrangerCam.com","og_description":"Like Chato? Come chat with more than 5.000.000 strangers on Strangercam for Free! Turn on your cam and find new friends & maby a match!","og_url":"https:\/\/strangercam.com\/pt-br\/chato\/","og_site_name":"Strangercam","article_publisher":"https:\/\/www.facebook.com\/strangercam","og_image":[{"width":800,"height":532,"url":"https:\/\/strangercam.com\/wp-content\/uploads\/2021\/10\/Untitled-2.png","type":"image\/png"}],"twitter_card":"summary_large_image","twitter_site":"@strangercamapp","twitter_misc":{"Est. tempo de leitura":"5 minutos"},"schema":{"@context":"https:\/\/schema.org","@graph":[{"@type":"WebPage","@id":"https:\/\/strangercam.com\/chato\/","url":"https:\/\/strangercam.com\/chato\/","name":"Chato - Bate-papo por v\u00eddeo e divers\u00e3o - StrangerCam.com","isPartOf":{"@id":"https:\/\/strangercam.com\/#website"},"datePublished":"2025-09-10T09:53:09+00:00","description":"Gosta de Chato? Venha conversar com mais de 5.000.000 de desconhecidos no Strangercam de gra\u00e7a! Ligue sua c\u00e2mera e encontre novos amigos e talvez um par!","breadcrumb":{"@id":"https:\/\/strangercam.com\/chato\/#breadcrumb"},"inLanguage":"pt-BR","potentialAction":[{"@type":"ReadAction","target":["https:\/\/strangercam.com\/chato\/"]}]},{"@type":"BreadcrumbList","@id":"https:\/\/strangercam.com\/chato\/#breadcrumb","itemListElement":[{"@type":"ListItem","position":1,"name":"Home","item":"https:\/\/strangercam.com\/"},{"@type":"ListItem","position":2,"name":"Chato"}]},{"@type":"WebSite","@id":"https:\/\/strangercam.com\/#website","url":"https:\/\/strangercam.com\/","name":"Strangercam","description":"Bate-papo por v\u00eddeo aleat\u00f3rio com estranhos","publisher":{"@id":"https:\/\/strangercam.com\/#organization"},"alternateName":"Strangercam.com","potentialAction":[{"@type":"SearchAction","target":{"@type":"EntryPoint","urlTemplate":"https:\/\/strangercam.com\/?s={search_term_string}"},"query-input":{"@type":"PropertyValueSpecification","valueRequired":true,"valueName":"search_term_string"}}],"inLanguage":"pt-BR"},{"@type":"Organization","@id":"https:\/\/strangercam.com\/#organization","name":"Strangercam","alternateName":"Strangercam.com","url":"https:\/\/strangercam.com\/","logo":{"@type":"ImageObject","inLanguage":"pt-BR","@id":"https:\/\/strangercam.com\/#\/schema\/logo\/image\/","url":"https:\/\/strangercam.com\/wp-content\/uploads\/2020\/11\/cropped-new-favicon-black.png","contentUrl":"https:\/\/strangercam.com\/wp-content\/uploads\/2020\/11\/cropped-new-favicon-black.png","width":512,"height":512,"caption":"Strangercam"},"image":{"@id":"https:\/\/strangercam.com\/#\/schema\/logo\/image\/"},"sameAs":["https:\/\/www.facebook.com\/strangercam","https:\/\/x.com\/strangercamapp"]}]}},"_links":{"self":[{"href":"https:\/\/strangercam.com\/pt-br\/wp-json\/wp\/v2\/pages\/13020","targetHints":{"allow":["GET"]}}],"collection":[{"href":"https:\/\/strangercam.com\/pt-br\/wp-json\/wp\/v2\/pages"}],"about":[{"href":"https:\/\/strangercam.com\/pt-br\/wp-json\/wp\/v2\/types\/page"}],"author":[{"embeddable":true,"href":"https:\/\/strangercam.com\/pt-br\/wp-json\/wp\/v2\/users\/6"}],"replies":[{"embeddable":true,"href":"https:\/\/strangercam.com\/pt-br\/wp-json\/wp\/v2\/comments?post=13020"}],"version-history":[{"count":1,"href":"https:\/\/strangercam.com\/pt-br\/wp-json\/wp\/v2\/pages\/13020\/revisions"}],"predecessor-version":[{"id":13021,"href":"https:\/\/strangercam.com\/pt-br\/wp-json\/wp\/v2\/pages\/13020\/revisions\/13021"}],"wp:attachment":[{"href":"https:\/\/strangercam.com\/pt-br\/wp-json\/wp\/v2\/media?parent=13020"}],"curies":[{"name":"wp","href":"https:\/\/api.w.org\/{rel}","templated":true}]}}