{"id":13018,"date":"2025-09-10T11:48:32","date_gmt":"2025-09-10T09:48:32","guid":{"rendered":"https:\/\/strangercam.com\/?page_id=13018"},"modified":"2025-09-10T11:48:32","modified_gmt":"2025-09-10T09:48:32","slug":"matchpub","status":"publish","type":"page","link":"https:\/\/strangercam.com\/pt-br\/matchpub\/","title":{"rendered":"MatchPub"},"content":{"rendered":"<p>A demanda por v\u00eddeos espont\u00e2neos e an\u00f4nimos <a href=\"https:\/\/strangercam.com\/pt-br\/chathub\/\">bate-papo<\/a> continua a crescer \u00e0 medida que as pessoas buscam novas maneiras de se socializar on-line. Ap\u00f3s o fechamento do <a href=\"https:\/\/strangercam.com\/pt-br\/omegle\/\">Omegle<\/a>, Em meados dos anos 90, surgiram v\u00e1rias alternativas, cada uma oferecendo seu pr\u00f3prio toque na f\u00f3rmula. O MatchPub \u00e9 uma das plataformas mais recentes nesse espa\u00e7o - combinando a empolga\u00e7\u00e3o da combina\u00e7\u00e3o aleat\u00f3ria de v\u00eddeos com uma vibra\u00e7\u00e3o animada e social que o faz parecer um ponto de encontro digital em vez de apenas mais um aplicativo de bate-papo.<\/p>\n<p>Mas ser\u00e1 que o MatchPub realmente se destaca em 2025? Como ele se compara a outros sites do tipo Omegle, como ChitChatTV, Lotta e Ohmegle? Nesta an\u00e1lise, vamos nos aprofundar em tudo o que voc\u00ea precisa saber sobre o MatchPub: seus recursos, base de usu\u00e1rios, padr\u00f5es de seguran\u00e7a, pr\u00f3s e contras e se vale a pena.<\/p>\n<h2>O que \u00e9 o MatchPub?<\/h2>\n<p>O MatchPub \u00e9 um site de bate-papo por v\u00eddeo aleat\u00f3rio baseado em navegador, projetado para conectar estranhos instantaneamente para conversas por v\u00eddeo individuais. Como o Omegle e o <a href=\"https:\/\/strangercam.com\/pt-br\/chatroulette\/\">Chatroulette<\/a> Antes disso, o MatchPub mant\u00e9m as coisas simples: voc\u00ea n\u00e3o precisa se inscrever, criar um perfil ou baixar um aplicativo. Em vez disso, voc\u00ea pode entrar em um bate-papo ao vivo em segundos.<\/p>\n<p>O tema \"pub\" reflete sua miss\u00e3o: O MatchPub tem como objetivo recriar a atmosfera casual e social de conhecer novas pessoas em um bar ou caf\u00e9, mas em um ambiente digital. Ele foi projetado para ser amig\u00e1vel, acolhedor e global.<\/p>\n<h2>Qual \u00e9 o objetivo do MatchPub?<\/h2>\n<p>O objetivo do MatchPub \u00e9 fazer com que conhecer novas pessoas on-line seja t\u00e3o f\u00e1cil e divertido quanto iniciar uma conversa na vida real. Ele foi criado para usu\u00e1rios que est\u00e3o cansados de aplicativos sociais com curadoria pesada, inscri\u00e7\u00f5es complicadas ou deslizes intermin\u00e1veis. Em vez disso, ele enfatiza:<\/p>\n<ul>\n<li>Espontaneidade: <a href=\"https:\/\/strangercam.com\/pt-br\/coomeet\/\">Conhe\u00e7a<\/a> algu\u00e9m novo instantaneamente com apenas um clique<\/li>\n<li>Anonimato: N\u00e3o s\u00e3o necess\u00e1rios perfis ou detalhes pessoais<\/li>\n<li>Alcance global: Converse com pessoas de todo o mundo<\/li>\n<li>Sensa\u00e7\u00e3o de comunidade: Um espa\u00e7o divertido e casual que parece menos an\u00f4nimo do que o Omegle, mas mais acess\u00edvel do que um aplicativo de namoro<\/li>\n<\/ul>\n<p>Se voc\u00ea estiver procurando fazer amigos, praticar um idioma, paquerar ou apenas passar o tempo, o MatchPub oferece um espa\u00e7o para conversas casuais e sem roteiro.<\/p>\n<h2>Principais recursos<\/h2>\n<p>1. Bate-papo por v\u00eddeo aleat\u00f3rio individual<br \/>\nO principal recurso do MatchPub s\u00e3o as conversas privadas, c\u00e2mera a c\u00e2mera, com estranhos. A correspond\u00eancia \u00e9 instant\u00e2nea, e cada sess\u00e3o \u00e9 uma chance de conhecer algu\u00e9m completamente novo.<\/p>\n<p>2. Bot\u00e3o Skip\/Next (Pular\/Pr\u00f3ximo)<br \/>\nN\u00e3o est\u00e1 gostando do bate-papo? Clique em \"Next\" e passe para outro usu\u00e1rio instantaneamente. N\u00e3o h\u00e1 penalidade para pular e as conex\u00f5es carregam rapidamente.<\/p>\n<p>3. Modo de bate-papo por texto<br \/>\nPara os usu\u00e1rios que preferem digitar - ou quando o v\u00eddeo n\u00e3o \u00e9 uma op\u00e7\u00e3o - o MatchPub tamb\u00e9m oferece um modo de bate-papo somente com texto. Isso \u00e9 \u00f3timo para quebrar o gelo ou para pessoas com limita\u00e7\u00f5es de largura de banda.<\/p>\n<p>4. N\u00e3o \u00e9 necess\u00e1rio registro<br \/>\nO MatchPub \u00e9 totalmente an\u00f4nimo. Voc\u00ea n\u00e3o precisa se registrar, criar uma conta ou fornecer detalhes pessoais. Basta clicar e come\u00e7ar a conversar.<\/p>\n<p>5. Compatibilidade com dispositivos m\u00f3veis e desktops<br \/>\nO site funciona sem problemas em navegadores de desktop e m\u00f3veis. Seu design limpo e responsivo torna-o t\u00e3o f\u00e1cil de usar em seu telefone quanto em um computador.<\/p>\n<p>6. Ferramentas de relat\u00f3rio e bloqueio<br \/>\nUm bot\u00e3o \"Denunciar\" vis\u00edvel permite que os usu\u00e1rios sinalizem comportamentos inadequados. Voc\u00ea tamb\u00e9m pode bloquear parceiros de bate-papo perturbadores, garantindo uma experi\u00eancia mais positiva.<\/p>\n<p>7. Design leve e r\u00e1pido<br \/>\nO MatchPub carrega rapidamente e faz a transi\u00e7\u00e3o entre os bate-papos sem problemas, mesmo em dispositivos de m\u00e9dio porte e redes m\u00f3veis.<\/p>\n<h2>O MatchPub \u00e9 gratuito?<\/h2>\n<p>Sim, o MatchPub \u00e9 100% de uso gratuito. Todos os seus principais recursos - bate-papo com v\u00eddeo, bate-papo com texto, pular e fazer relat\u00f3rios - est\u00e3o dispon\u00edveis para todos.<\/p>\n<p>Existem:<\/p>\n<ul>\n<li>Sem assinaturas<\/li>\n<li>Sem tokens ou cr\u00e9ditos<\/li>\n<li>Sem custos ocultos<\/li>\n<\/ul>\n<p>A plataforma pode exibir an\u00fancios leves para cobrir os custos, mas eles n\u00e3o s\u00e3o intrusivos e n\u00e3o interferem na experi\u00eancia do bate-papo.<\/p>\n<h2>Quem usa o MatchPub?<\/h2>\n<p>O MatchPub atrai um p\u00fablico global de conversas casuais, incluindo:<\/p>\n<ul>\n<li>Idades: Principalmente de 18 a 35 anos (estritamente adultos, somente maiores de 18 anos)<\/li>\n<li>Localiza\u00e7\u00f5es: Usu\u00e1rios dos EUA, Reino Unido, Europa, \u00cdndia, Brasil, Sudeste Asi\u00e1tico e outros pa\u00edses<\/li>\n<li>Motivos para participar: Fazer amigos, praticar idiomas, paquerar casualmente, descobrir culturas ou simplesmente passar o tempo<\/li>\n<\/ul>\n<p>Em compara\u00e7\u00e3o com as plataformas mais antigas, o MatchPub parece mais jovem e atualizado, atraindo especialmente as pessoas que gostam da espontaneidade do Omegle, mas querem uma experi\u00eancia mais suave e moderna.<\/p>\n<h2>Seguran\u00e7a, privacidade e modera\u00e7\u00e3o<\/h2>\n<p>O MatchPub reconhece que o bate-papo an\u00f4nimo traz riscos e criou ferramentas para promover a seguran\u00e7a e a privacidade.<\/p>\n<h3>Privacidade<\/h3>\n<ul>\n<li>N\u00e3o s\u00e3o necess\u00e1rios dados pessoais ou de conta<\/li>\n<li>Nenhum bate-papo \u00e9 salvo, gravado ou tornado p\u00fablico<\/li>\n<li>Voc\u00ea controla a c\u00e2mera e o microfone o tempo todo<\/li>\n<\/ul>\n<h3>Modera\u00e7\u00e3o<\/h3>\n<ul>\n<li>Den\u00fancias no chat: Sinalize rapidamente conte\u00fado inadequado ou ass\u00e9dio<\/li>\n<li>Filtros de conte\u00fado baseados em IA: Detectar e limitar comportamentos abusivos ou expl\u00edcitos<\/li>\n<li>Moderadores humanos: Revisam relat\u00f3rios e aplicam proibi\u00e7\u00f5es a infratores reincidentes<\/li>\n<\/ul>\n<h3>Dicas do usu\u00e1rio<\/h3>\n<ul>\n<li>Nunca compartilhe informa\u00e7\u00f5es pessoais no bate-papo<\/li>\n<li>Use os bot\u00f5es pular e relatar sempre que necess\u00e1rio<\/li>\n<li>Mantenha conversas leves e casuais at\u00e9 que voc\u00ea confie em seu parceiro de bate-papo<\/li>\n<\/ul>\n<h2>Experi\u00eancia do usu\u00e1rio e design<\/h2>\n<p>O MatchPub oferece um design limpo, moderno e intuitivo:<\/p>\n<ul>\n<li>A p\u00e1gina inicial apresenta um bot\u00e3o claro \"Iniciar bate-papo\" e diretrizes b\u00e1sicas da comunidade<\/li>\n<li>As janelas de v\u00eddeo s\u00e3o grandes, n\u00edtidas e responsivas<\/li>\n<li>Os bot\u00f5es para pular, silenciar e reportar s\u00e3o f\u00e1ceis de encontrar e usar<\/li>\n<li>As vers\u00f5es para dispositivos m\u00f3veis e desktop s\u00e3o igualmente f\u00e1ceis e confi\u00e1veis<\/li>\n<li>Os tempos de carregamento s\u00e3o curtos, com transi\u00e7\u00f5es instant\u00e2neas entre os bate-papos<\/li>\n<\/ul>\n<p>Ao contr\u00e1rio dos sites desordenados ou com muitos an\u00fancios, o MatchPub parece novo e minimalista, mantendo o foco na conversa.<\/p>\n<h2>MatchPub vs. outras plataformas de bate-papo por v\u00eddeo aleat\u00f3rio<\/h2>\n<p>Como o MatchPub se compara aos seus principais concorrentes?<\/p>\n<table>\n<thead>\n<tr>\n<th>Recurso<\/th>\n<th>MatchPub<\/th>\n<th>Omegle (fechado)<\/th>\n<th>Ohmegle<\/th>\n<th><a href=\"https:\/\/strangercam.com\/pt-br\/ometv\/\">OmeTV<\/a><\/th>\n<th>Lotta<\/th>\n<th>ChitChatTV<\/th>\n<\/tr>\n<\/thead>\n<tbody>\n<tr>\n<td>Random Video Chat com Estranhos<\/td>\n<td>Sim<\/td>\n<td>Sim<\/td>\n<td>Sim<\/td>\n<td>Sim<\/td>\n<td>Sim<\/td>\n<td>Sim<\/td>\n<\/tr>\n<tr>\n<td>Op\u00e7\u00e3o de bate-papo por texto<\/td>\n<td>Sim<\/td>\n<td>Sim<\/td>\n<td>Sim<\/td>\n<td>Sim<\/td>\n<td>Sim<\/td>\n<td>Sim<\/td>\n<\/tr>\n<tr>\n<td>Registro necess\u00e1rio<\/td>\n<td>N\u00e3o<\/td>\n<td>N\u00e3o<\/td>\n<td>N\u00e3o<\/td>\n<td>N\u00e3o<\/td>\n<td>N\u00e3o<\/td>\n<td>N\u00e3o<\/td>\n<\/tr>\n<tr>\n<td>Compat\u00edvel com dispositivos m\u00f3veis<\/td>\n<td>Excelente<\/td>\n<td>Ruim<\/td>\n<td>Excelente<\/td>\n<td>Bom<\/td>\n<td>Excelente<\/td>\n<td>Excelente<\/td>\n<\/tr>\n<tr>\n<td>Filtros de g\u00eanero\/regi\u00e3o<\/td>\n<td>N\u00e3o<\/td>\n<td>N\u00e3o<\/td>\n<td>N\u00e3o<\/td>\n<td>Pago<\/td>\n<td>N\u00e3o<\/td>\n<td>N\u00e3o<\/td>\n<\/tr>\n<tr>\n<td>Ferramentas de modera\u00e7\u00e3o<\/td>\n<td>Bom<\/td>\n<td>Fraco<\/td>\n<td>Moderado<\/td>\n<td>Forte<\/td>\n<td>Bom<\/td>\n<td>Bom<\/td>\n<\/tr>\n<tr>\n<td>Gratuito para uso<\/td>\n<td>Sim<\/td>\n<td>Sim<\/td>\n<td>Sim<\/td>\n<td>Sim\/Pago<\/td>\n<td>Sim<\/td>\n<td>Sim<\/td>\n<\/tr>\n<\/tbody>\n<\/table>\n<p>Resumo: o MatchPub \u00e9 o mais pr\u00f3ximo em esp\u00edrito do Ohmegle e do Lotta: r\u00e1pido, gratuito, an\u00f4nimo e moderno. Ele n\u00e3o oferece filtros avan\u00e7ados como o OmeTV, mas compensa isso com simplicidade e facilidade de uso.<\/p>\n<h2>Pr\u00f3s e contras<\/h2>\n<p>Pr\u00f3s:<\/p>\n<ul>\n<li>100% gr\u00e1tis, sem necessidade de registro<\/li>\n<li>Experi\u00eancia de bate-papo an\u00f4nimo e privado<\/li>\n<li>Design moderno e responsivo para desktop e celular<\/li>\n<li>Conex\u00f5es de bate-papo por v\u00eddeo e texto r\u00e1pidas e est\u00e1veis<\/li>\n<li>Ferramentas simples de salto e relat\u00f3rio<\/li>\n<li>Base de usu\u00e1rios internacional e diversificada<\/li>\n<\/ul>\n<p>Contras:<\/p>\n<ul>\n<li>Sem filtros de g\u00eanero ou local<\/li>\n<li>Conte\u00fado inadequado ocasional (comum a todas as plataformas de bate-papo an\u00f4nimo)<\/li>\n<li>Mais usu\u00e1rios homens do que mulheres<\/li>\n<li>Nenhum perfil de usu\u00e1rio ou hist\u00f3rico de bate-papo<\/li>\n<li>N\u00e3o h\u00e1 como se reconectar com usu\u00e1rios anteriores<\/li>\n<\/ul>\n<h2>Casos de uso ideais<\/h2>\n<p>O MatchPub \u00e9 perfeito para:<\/p>\n<ul>\n<li>Os f\u00e3s do Omegle e do Chatroulette est\u00e3o procurando um substituto moderno<\/li>\n<li>Adultos em busca de bate-papo espont\u00e2neo e casual com estranhos<\/li>\n<li>Viajantes, estudantes e alunos de idiomas interessados em conversas globais<\/li>\n<li>Pessoas que valorizam o anonimato e n\u00e3o gostam de se inscrever em aplicativos ou contas<\/li>\n<li>Qualquer pessoa que queira passar o tempo e ter encontros sociais n\u00e3o programados<\/li>\n<\/ul>\n<p>\u00c9 menos ideal para:<\/p>\n<ul>\n<li>Usu\u00e1rios menores de 18 anos (somente para adultos)<\/li>\n<li>Aqueles que buscam filtros espec\u00edficos para encontros ou combina\u00e7\u00f5es selecionadas<\/li>\n<li>Pessoas que desejam conex\u00f5es de longo prazo ou a capacidade de se reconectar com bate-papos anteriores<\/li>\n<\/ul>\n<p>O MatchPub \u00e9 uma das melhores novas plataformas de bate-papo por v\u00eddeo aleat\u00f3rio no estilo Omegle em 2025. Ele combina conex\u00f5es instant\u00e2neas e an\u00f4nimas com uma interface moderna, bom desempenho em dispositivos m\u00f3veis e ferramentas de modera\u00e7\u00e3o simples, mas eficazes.<\/p>\n<p>Se voc\u00ea est\u00e1 procurando uma plataforma que ofere\u00e7a a emo\u00e7\u00e3o do Omegle com um design mais suave e uma comunidade mais fresca, vale a pena experimentar o MatchPub. \u00c9 gratuito, r\u00e1pido e divertido - o lugar perfeito para descobrir novos rostos e conversas de todo o mundo.<\/p>","protected":false},"excerpt":{"rendered":"<p>The demand for spontaneous, anonymous video chat platforms continues to grow as people seek new ways to socialize online. Following the closure of Omegle, a variety of alternatives have appeared, each offering their own twist on the formula. MatchPub is one of the newer platforms in this space\u2014combining the excitement of random video matching with [&hellip;]<\/p>\n","protected":false},"author":6,"featured_media":0,"parent":0,"menu_order":0,"comment_status":"closed","ping_status":"closed","template":"","meta":{"footnotes":""},"class_list":["post-13018","page","type-page","status-publish","hentry"],"yoast_head":"<!-- This site is optimized with the Yoast SEO plugin v27.4 - https:\/\/yoast.com\/product\/yoast-seo-wordpress\/ -->\n<title>MatchPub - Live 1:1 Video Chat - StrangerCam.com<\/title>\n<meta name=\"description\" content=\"Like MatchPub? Come chat with more than 5.000.000 strangers on Strangercam for Free! Turn on your cam and find new friends &amp; maby a match!\" \/>\n<meta name=\"robots\" content=\"index, follow, max-snippet:-1, max-image-preview:large, max-video-preview:-1\" \/>\n<link rel=\"canonical\" href=\"https:\/\/strangercam.com\/pt-br\/matchpub\/\" \/>\n<meta property=\"og:locale\" content=\"pt_BR\" \/>\n<meta property=\"og:type\" content=\"article\" \/>\n<meta property=\"og:title\" content=\"MatchPub - Live 1:1 Video Chat - StrangerCam.com\" \/>\n<meta property=\"og:description\" content=\"Like MatchPub? Come chat with more than 5.000.000 strangers on Strangercam for Free! Turn on your cam and find new friends &amp; maby a match!\" \/>\n<meta property=\"og:url\" content=\"https:\/\/strangercam.com\/pt-br\/matchpub\/\" \/>\n<meta property=\"og:site_name\" content=\"Strangercam\" \/>\n<meta property=\"article:publisher\" content=\"https:\/\/www.facebook.com\/strangercam\" \/>\n<meta property=\"og:image\" content=\"https:\/\/strangercam.com\/wp-content\/uploads\/2021\/10\/Untitled-2.png\" \/>\n\t<meta property=\"og:image:width\" content=\"800\" \/>\n\t<meta property=\"og:image:height\" content=\"532\" \/>\n\t<meta property=\"og:image:type\" content=\"image\/png\" \/>\n<meta name=\"twitter:card\" content=\"summary_large_image\" \/>\n<meta name=\"twitter:site\" content=\"@strangercamapp\" \/>\n<meta name=\"twitter:label1\" content=\"Est. tempo de leitura\" \/>\n\t<meta name=\"twitter:data1\" content=\"6 minutos\" \/>\n<script type=\"application\/ld+json\" class=\"yoast-schema-graph\">{\"@context\":\"https:\\\/\\\/schema.org\",\"@graph\":[{\"@type\":\"WebPage\",\"@id\":\"https:\\\/\\\/strangercam.com\\\/matchpub\\\/\",\"url\":\"https:\\\/\\\/strangercam.com\\\/matchpub\\\/\",\"name\":\"MatchPub - Live 1:1 Video Chat - StrangerCam.com\",\"isPartOf\":{\"@id\":\"https:\\\/\\\/strangercam.com\\\/#website\"},\"datePublished\":\"2025-09-10T09:48:32+00:00\",\"description\":\"Like MatchPub? Come chat with more than 5.000.000 strangers on Strangercam for Free! Turn on your cam and find new friends & maby a match!\",\"breadcrumb\":{\"@id\":\"https:\\\/\\\/strangercam.com\\\/matchpub\\\/#breadcrumb\"},\"inLanguage\":\"pt-BR\",\"potentialAction\":[{\"@type\":\"ReadAction\",\"target\":[\"https:\\\/\\\/strangercam.com\\\/matchpub\\\/\"]}]},{\"@type\":\"BreadcrumbList\",\"@id\":\"https:\\\/\\\/strangercam.com\\\/matchpub\\\/#breadcrumb\",\"itemListElement\":[{\"@type\":\"ListItem\",\"position\":1,\"name\":\"Home\",\"item\":\"https:\\\/\\\/strangercam.com\\\/\"},{\"@type\":\"ListItem\",\"position\":2,\"name\":\"MatchPub\"}]},{\"@type\":\"WebSite\",\"@id\":\"https:\\\/\\\/strangercam.com\\\/#website\",\"url\":\"https:\\\/\\\/strangercam.com\\\/\",\"name\":\"Strangercam\",\"description\":\"Random Video Chat with Strangers\",\"publisher\":{\"@id\":\"https:\\\/\\\/strangercam.com\\\/#organization\"},\"alternateName\":\"Strangercam.com\",\"potentialAction\":[{\"@type\":\"SearchAction\",\"target\":{\"@type\":\"EntryPoint\",\"urlTemplate\":\"https:\\\/\\\/strangercam.com\\\/?s={search_term_string}\"},\"query-input\":{\"@type\":\"PropertyValueSpecification\",\"valueRequired\":true,\"valueName\":\"search_term_string\"}}],\"inLanguage\":\"pt-BR\"},{\"@type\":\"Organization\",\"@id\":\"https:\\\/\\\/strangercam.com\\\/#organization\",\"name\":\"Strangercam\",\"alternateName\":\"Strangercam.com\",\"url\":\"https:\\\/\\\/strangercam.com\\\/\",\"logo\":{\"@type\":\"ImageObject\",\"inLanguage\":\"pt-BR\",\"@id\":\"https:\\\/\\\/strangercam.com\\\/#\\\/schema\\\/logo\\\/image\\\/\",\"url\":\"https:\\\/\\\/strangercam.com\\\/wp-content\\\/uploads\\\/2020\\\/11\\\/cropped-new-favicon-black.png\",\"contentUrl\":\"https:\\\/\\\/strangercam.com\\\/wp-content\\\/uploads\\\/2020\\\/11\\\/cropped-new-favicon-black.png\",\"width\":512,\"height\":512,\"caption\":\"Strangercam\"},\"image\":{\"@id\":\"https:\\\/\\\/strangercam.com\\\/#\\\/schema\\\/logo\\\/image\\\/\"},\"sameAs\":[\"https:\\\/\\\/www.facebook.com\\\/strangercam\",\"https:\\\/\\\/x.com\\\/strangercamapp\"]}]}<\/script>\n<!-- \/ Yoast SEO plugin. -->","yoast_head_json":{"title":"MatchPub - Bate-papo por v\u00eddeo 1:1 ao vivo - StrangerCam.com","description":"Gosta do MatchPub? Venha conversar com mais de 5.000.000 de desconhecidos no Strangercam de gra\u00e7a! Ligue sua c\u00e2mera e encontre novos amigos e talvez um par!","robots":{"index":"index","follow":"follow","max-snippet":"max-snippet:-1","max-image-preview":"max-image-preview:large","max-video-preview":"max-video-preview:-1"},"canonical":"https:\/\/strangercam.com\/pt-br\/matchpub\/","og_locale":"pt_BR","og_type":"article","og_title":"MatchPub - Live 1:1 Video Chat - StrangerCam.com","og_description":"Like MatchPub? Come chat with more than 5.000.000 strangers on Strangercam for Free! Turn on your cam and find new friends & maby a match!","og_url":"https:\/\/strangercam.com\/pt-br\/matchpub\/","og_site_name":"Strangercam","article_publisher":"https:\/\/www.facebook.com\/strangercam","og_image":[{"width":800,"height":532,"url":"https:\/\/strangercam.com\/wp-content\/uploads\/2021\/10\/Untitled-2.png","type":"image\/png"}],"twitter_card":"summary_large_image","twitter_site":"@strangercamapp","twitter_misc":{"Est. tempo de leitura":"6 minutos"},"schema":{"@context":"https:\/\/schema.org","@graph":[{"@type":"WebPage","@id":"https:\/\/strangercam.com\/matchpub\/","url":"https:\/\/strangercam.com\/matchpub\/","name":"MatchPub - Bate-papo por v\u00eddeo 1:1 ao vivo - StrangerCam.com","isPartOf":{"@id":"https:\/\/strangercam.com\/#website"},"datePublished":"2025-09-10T09:48:32+00:00","description":"Gosta do MatchPub? Venha conversar com mais de 5.000.000 de desconhecidos no Strangercam de gra\u00e7a! Ligue sua c\u00e2mera e encontre novos amigos e talvez um par!","breadcrumb":{"@id":"https:\/\/strangercam.com\/matchpub\/#breadcrumb"},"inLanguage":"pt-BR","potentialAction":[{"@type":"ReadAction","target":["https:\/\/strangercam.com\/matchpub\/"]}]},{"@type":"BreadcrumbList","@id":"https:\/\/strangercam.com\/matchpub\/#breadcrumb","itemListElement":[{"@type":"ListItem","position":1,"name":"Home","item":"https:\/\/strangercam.com\/"},{"@type":"ListItem","position":2,"name":"MatchPub"}]},{"@type":"WebSite","@id":"https:\/\/strangercam.com\/#website","url":"https:\/\/strangercam.com\/","name":"Strangercam","description":"Bate-papo por v\u00eddeo aleat\u00f3rio com estranhos","publisher":{"@id":"https:\/\/strangercam.com\/#organization"},"alternateName":"Strangercam.com","potentialAction":[{"@type":"SearchAction","target":{"@type":"EntryPoint","urlTemplate":"https:\/\/strangercam.com\/?s={search_term_string}"},"query-input":{"@type":"PropertyValueSpecification","valueRequired":true,"valueName":"search_term_string"}}],"inLanguage":"pt-BR"},{"@type":"Organization","@id":"https:\/\/strangercam.com\/#organization","name":"Strangercam","alternateName":"Strangercam.com","url":"https:\/\/strangercam.com\/","logo":{"@type":"ImageObject","inLanguage":"pt-BR","@id":"https:\/\/strangercam.com\/#\/schema\/logo\/image\/","url":"https:\/\/strangercam.com\/wp-content\/uploads\/2020\/11\/cropped-new-favicon-black.png","contentUrl":"https:\/\/strangercam.com\/wp-content\/uploads\/2020\/11\/cropped-new-favicon-black.png","width":512,"height":512,"caption":"Strangercam"},"image":{"@id":"https:\/\/strangercam.com\/#\/schema\/logo\/image\/"},"sameAs":["https:\/\/www.facebook.com\/strangercam","https:\/\/x.com\/strangercamapp"]}]}},"_links":{"self":[{"href":"https:\/\/strangercam.com\/pt-br\/wp-json\/wp\/v2\/pages\/13018","targetHints":{"allow":["GET"]}}],"collection":[{"href":"https:\/\/strangercam.com\/pt-br\/wp-json\/wp\/v2\/pages"}],"about":[{"href":"https:\/\/strangercam.com\/pt-br\/wp-json\/wp\/v2\/types\/page"}],"author":[{"embeddable":true,"href":"https:\/\/strangercam.com\/pt-br\/wp-json\/wp\/v2\/users\/6"}],"replies":[{"embeddable":true,"href":"https:\/\/strangercam.com\/pt-br\/wp-json\/wp\/v2\/comments?post=13018"}],"version-history":[{"count":1,"href":"https:\/\/strangercam.com\/pt-br\/wp-json\/wp\/v2\/pages\/13018\/revisions"}],"predecessor-version":[{"id":13019,"href":"https:\/\/strangercam.com\/pt-br\/wp-json\/wp\/v2\/pages\/13018\/revisions\/13019"}],"wp:attachment":[{"href":"https:\/\/strangercam.com\/pt-br\/wp-json\/wp\/v2\/media?parent=13018"}],"curies":[{"name":"wp","href":"https:\/\/api.w.org\/{rel}","templated":true}]}}