{"id":12954,"date":"2025-08-05T10:47:17","date_gmt":"2025-08-05T08:47:17","guid":{"rendered":"https:\/\/strangercam.com\/?page_id=12954"},"modified":"2025-08-05T10:47:38","modified_gmt":"2025-08-05T08:47:38","slug":"aplicativo-de-chamada-de-video-gratuita-com-garota-aleatoria","status":"publish","type":"page","link":"https:\/\/strangercam.com\/pt-br\/free-video-call-app-with-random-girl\/","title":{"rendered":"Aplicativo de chamada de v\u00eddeo gratuita com garota aleat\u00f3ria"},"content":{"rendered":"<p>Voc\u00ea est\u00e1 procurando um aplicativo gratuito de chamadas de v\u00eddeo com garotas aleat\u00f3rias? Voc\u00ea n\u00e3o est\u00e1 sozinho. Milh\u00f5es de pessoas todos os meses est\u00e3o buscando bate-papos por v\u00eddeo genu\u00ednos e espont\u00e2neos com novas pessoas - especialmente com garotas divertidas, amig\u00e1veis e interessadas em conhecer algu\u00e9m novo. Se voc\u00ea estiver se sentindo solit\u00e1rio, entediado ou apenas curioso, encontrar a plataforma certa faz toda a diferen\u00e7a.<\/p>\n<p>Neste guia abrangente, voc\u00ea descobrir\u00e1 tudo o que precisa saber: como esses aplicativos funcionam, quais recursos procurar, dicas de seguran\u00e7a e uma compara\u00e7\u00e3o detalhada dos principais sites e aplicativos. Ao final, voc\u00ea saber\u00e1 por que o StrangerCam se destaca como uma das melhores op\u00e7\u00f5es se voc\u00ea quiser um aplicativo de chamada de v\u00eddeo gratuita com uma garota aleat\u00f3ria - e como come\u00e7ar hoje mesmo.<\/p>\n<h2>O que \u00e9 um aplicativo de chamada de v\u00eddeo gratuita com uma garota aleat\u00f3ria?<\/h2>\n<p>Um aplicativo gratuito de videochamada com garota aleat\u00f3ria \u00e9 um aplicativo da Web ou m\u00f3vel que permite que voc\u00ea se conecte instantaneamente por webcam e microfone com usu\u00e1rias aleat\u00f3rias de todo o mundo. Basta entrar no site, pressionar um bot\u00e3o e, em segundos, voc\u00ea ser\u00e1 conectado a uma garota que tamb\u00e9m est\u00e1 procurando <a href=\"https:\/\/strangercam.com\/pt-br\/chathub\/\">bate-papo<\/a>. N\u00e3o h\u00e1 necessidade de registro, pagamento ou compartilhamento de seus dados pessoais.<\/p>\n<p>Esses aplicativos explodiram em popularidade devido \u00e0 sua simplicidade e ao entusiasmo de conhecer algu\u00e9m novo pessoalmente. Embora a tecnologia por tr\u00e1s deles seja semelhante \u00e0 das ferramentas de videoconfer\u00eancia, o foco est\u00e1 na divers\u00e3o e na descoberta social aleat\u00f3ria, e n\u00e3o no trabalho ou nos neg\u00f3cios.<\/p>\n<h2>Por que as pessoas procuram o bate-papo por v\u00eddeo aleat\u00f3rio com garotas<\/h2>\n<p>O aumento da popularidade de palavras-chave como \"aplicativo de chamada de v\u00eddeo gratuita com garota aleat\u00f3ria\" revela uma tend\u00eancia crescente:<\/p>\n<ul>\n<li>Solid\u00e3o e isolamento: Muitos usu\u00e1rios, especialmente ap\u00f3s a pandemia, anseiam por intera\u00e7\u00e3o genu\u00edna, mas n\u00e3o querem usar aplicativos tradicionais de namoro ou m\u00eddias sociais.<\/li>\n<li>Empolga\u00e7\u00e3o com o desconhecido: H\u00e1 uma emo\u00e7\u00e3o em n\u00e3o saber quem voc\u00ea vai encontrar em seguida - cada conversa \u00e9 uma surpresa.<\/li>\n<li>Fazer amigos ou flertar: Alguns usu\u00e1rios querem apenas conversar, fazer novos amigos ou curtir um flerte inofensivo em um ambiente seguro e controlado.<\/li>\n<li>Evitar falsifica\u00e7\u00f5es e bots: Ao contr\u00e1rio do bate-papo por texto, o bate-papo por v\u00eddeo ajuda a filtrar os bots e os catfishers, para que voc\u00ea saiba que est\u00e1 falando com uma pessoa real.<\/li>\n<\/ul>\n<h2>Como esses aplicativos funcionam?<\/h2>\n<p>O fluxo b\u00e1sico de um aplicativo de chamada de v\u00eddeo gratuita com uma garota aleat\u00f3ria \u00e9 extremamente simples:<\/p>\n<ol>\n<li>Acesse o aplicativo ou site em seu telefone ou computador. Nenhuma instala\u00e7\u00e3o \u00e9 necess\u00e1ria para as vers\u00f5es da Web.<\/li>\n<li>Conceda acesso \u00e0 c\u00e2mera e ao microfone quando solicitado. Isso \u00e9 necess\u00e1rio para o bate-papo por v\u00eddeo ao vivo.<\/li>\n<li>Pressione \"Start\" (Iniciar) ou \"Next\" (Pr\u00f3ximo). O aplicativo far\u00e1 a correspond\u00eancia instant\u00e2nea com um usu\u00e1rio aleat\u00f3rio, geralmente filtrado por g\u00eanero ou local.<\/li>\n<li>Converse ao vivo por v\u00eddeo. Se voc\u00ea n\u00e3o estiver se sentindo \u00e0 vontade, basta clicar em \"Next\" (Avan\u00e7ar) para seguir em frente.<\/li>\n<li>N\u00e3o \u00e9 necess\u00e1rio fazer nenhuma inscri\u00e7\u00e3o ou pagamento em plataformas verdadeiramente gratuitas.<\/li>\n<\/ol>\n<p>Algumas plataformas incluem recursos como filtros de g\u00eanero, correspond\u00eancia baseada em localiza\u00e7\u00e3o, tradu\u00e7\u00e3o no chat e ferramentas de relat\u00f3rio para aprimorar sua experi\u00eancia e seguran\u00e7a.<\/p>\n<h2>Principais recursos a serem observados<\/h2>\n<p>Ao escolher o melhor aplicativo de chamada de v\u00eddeo gratuita com garota aleat\u00f3ria, veja o que voc\u00ea deve procurar:<\/p>\n<h3>1. Filtros de g\u00eanero genu\u00ednos<\/h3>\n<p>Muitos usu\u00e1rios procuram especificamente por meninas, mas nem todos os aplicativos oferecem uma verdadeira sele\u00e7\u00e3o de g\u00eanero. Alguns falsificam o recurso ou s\u00f3 o disponibilizam para usu\u00e1rios pagantes. Procure plataformas que ofere\u00e7am um filtro de g\u00eanero real e gratuito.<\/p>\n<h3>2. N\u00e3o \u00e9 necess\u00e1rio registrar-se<\/h3>\n<p>As melhores plataformas permitem que voc\u00ea entre diretamente no bate-papo, sem necessidade de conta ou login.<\/p>\n<h3>3. Compat\u00edvel com dispositivos m\u00f3veis e computadores<\/h3>\n<p>O design responsivo ou os aplicativos dedicados garantem que voc\u00ea possa usar o servi\u00e7o em qualquer dispositivo, do seu laptop ao seu telefone.<\/p>\n<h3>4. Privacidade e seguran\u00e7a<\/h3>\n<p>A criptografia avan\u00e7ada, a n\u00e3o coleta de dados e recursos como as op\u00e7\u00f5es de \"desfoque\" ou \"m\u00e1scara\" ajudam a manter seus bate-papos por v\u00eddeo seguros.<\/p>\n<h3>5. Modera\u00e7\u00e3o e relat\u00f3rios de usu\u00e1rios<\/h3>\n<p>A modera\u00e7\u00e3o ativa e a facilidade de den\u00fancia mant\u00eam a comunidade segura e livre de abuso, spam ou conte\u00fado inadequado.<\/p>\n<h3>6. Sem custos ocultos<\/h3>\n<p>Um aplicativo realmente gratuito n\u00e3o pedir\u00e1 dinheiro repentinamente nem o restringir\u00e1 ap\u00f3s algumas conversas.<\/p>\n<h2>Melhores aplicativos de chamada de v\u00eddeo gratuita com garotas aleat\u00f3rias (2025)<\/h2>\n<p>Vamos dar uma olhada na compara\u00e7\u00e3o entre as principais plataformas para usu\u00e1rios que desejam fazer chamadas de v\u00eddeo com garotas aleat\u00f3rias. Esta tabela resume os principais recursos:<\/p>\n<table>\n<thead>\n<tr>\n<th>Plataforma<\/th>\n<th align=\"center\">Filtro de g\u00eanero gratuito<\/th>\n<th align=\"center\">Sem registro<\/th>\n<th align=\"center\">Suporte m\u00f3vel<\/th>\n<th align=\"center\">Modera\u00e7\u00e3o rigorosa<\/th>\n<th>Notas<\/th>\n<\/tr>\n<\/thead>\n<tbody>\n<tr>\n<td>StrangerCam<\/td>\n<td align=\"center\">\u2705<\/td>\n<td align=\"center\">\u2705<\/td>\n<td align=\"center\">\u2705<\/td>\n<td align=\"center\">\u2705<\/td>\n<td>100% filtro de g\u00eanero real e gratuito<\/td>\n<\/tr>\n<tr>\n<td><a href=\"https:\/\/strangercam.com\/pt-br\/chatroulette\/\">Chatroulette<\/a><\/td>\n<td align=\"center\">\u274c (Pago)<\/td>\n<td align=\"center\">\u2705<\/td>\n<td align=\"center\">\u2705<\/td>\n<td align=\"center\">\u2705<\/td>\n<td>Filtro de g\u00eanero com acesso pago<\/td>\n<\/tr>\n<tr>\n<td>Chatrandom<\/td>\n<td align=\"center\">\u274c (Pago)<\/td>\n<td align=\"center\">\u2705<\/td>\n<td align=\"center\">\u2705<\/td>\n<td align=\"center\">\u2705<\/td>\n<td>Filtro de g\u00eanero com acesso pago<\/td>\n<\/tr>\n<tr>\n<td><a href=\"https:\/\/strangercam.com\/pt-br\/ometv\/\">OmeTV<\/a><\/td>\n<td align=\"center\">\u274c (Aleat\u00f3rio)<\/td>\n<td align=\"center\">\u2705<\/td>\n<td align=\"center\">\u2705<\/td>\n<td align=\"center\">\u2705<\/td>\n<td>N\u00e3o h\u00e1 sele\u00e7\u00e3o de g\u00eanero confi\u00e1vel<\/td>\n<\/tr>\n<tr>\n<td>Shagle<\/td>\n<td align=\"center\">\u274c (Pago)<\/td>\n<td align=\"center\">\u2705<\/td>\n<td align=\"center\">\u2705<\/td>\n<td align=\"center\">\u2705<\/td>\n<td>Filtro de g\u00eanero com acesso pago<\/td>\n<\/tr>\n<tr>\n<td><a href=\"https:\/\/strangercam.com\/pt-br\/coomeet\/\">CooMeet<\/a><\/td>\n<td align=\"center\">\u2705 (Teste gratuito)<\/td>\n<td align=\"center\">\u274c<\/td>\n<td align=\"center\">\u2705<\/td>\n<td align=\"center\">\u2705<\/td>\n<td>Apenas os primeiros bate-papos s\u00e3o gratuitos, depois s\u00e3o pagos<\/td>\n<\/tr>\n<tr>\n<td>LuckyCrush<\/td>\n<td align=\"center\">\u2705 (Pago)<\/td>\n<td align=\"center\">\u274c<\/td>\n<td align=\"center\">\u2705<\/td>\n<td align=\"center\">\u2705<\/td>\n<td>Correspond\u00eancia de g\u00eanero somente para usu\u00e1rios pagos<\/td>\n<\/tr>\n<\/tbody>\n<\/table>\n<p>A StrangerCam \u00e9 uma das poucas plataformas que oferece um filtro de g\u00eanero real, verdadeiramente gratuito e sem cadastro, para chamadas de v\u00eddeo com garotas.<\/p>\n<h2>Por que a StrangerCam \u00e9 a melhor op\u00e7\u00e3o<\/h2>\n<p>Se o seu objetivo \u00e9 encontrar um aplicativo gratuito de videochamada com uma garota aleat\u00f3ria, o StrangerCam oferece v\u00e1rios benef\u00edcios exclusivos que o tornam um destaque em 2025:<\/p>\n<h3>1. Conex\u00f5es f\u00eameas genu\u00ednas<\/h3>\n<p>Ao contr\u00e1rio da maioria dos concorrentes, o StrangerCam oferece um filtro de g\u00eanero real e funcional sem cobrar nada. Se quiser conhecer e conversar com garotas, e n\u00e3o com homens aleat\u00f3rios ou bots, voc\u00ea est\u00e1 no lugar certo.<\/p>\n<h3>2. 100% Gr\u00e1tis e sem necessidade de registro<\/h3>\n<p>Comece a conversar imediatamente - sem e-mail, sem login, sem taxas e sem limites.<\/p>\n<h3>3. Interface moderna e limpa<\/h3>\n<p>Um design otimizado para dispositivos m\u00f3veis e f\u00e1cil de usar significa qualidade de v\u00eddeo e \u00e1udio suave em qualquer dispositivo.<\/p>\n<h3>4. Forte modera\u00e7\u00e3o e privacidade<\/h3>\n<p>O StrangerCam tem ferramentas robustas de den\u00fancia, modera\u00e7\u00e3o ativa e um sistema antibot rigoroso para manter os bate-papos seguros e agrad\u00e1veis. Voc\u00ea pode bloquear, denunciar ou ignorar qualquer pessoa instantaneamente.<\/p>\n<h3>5. Base de usu\u00e1rios global diversificada<\/h3>\n<p>Conhe\u00e7a garotas de todo o mundo, 24 horas por dia, 7 dias por semana. Quer esteja procurando algu\u00e9m perto de casa ou queira conversar internacionalmente, voc\u00ea sempre encontrar\u00e1 algu\u00e9m novo.<\/p>\n<h3>6. Experi\u00eancia divertida e espont\u00e2nea<\/h3>\n<p>Sem perfis, sem deslizes, sem press\u00e3o. Basta clicar e se conectar com garotas reais, de gra\u00e7a.<\/p>\n<h2>Depoimentos reais de usu\u00e1rios<\/h2>\n<p>Ainda n\u00e3o tem certeza? Aqui est\u00e3o algumas experi\u00eancias reais de usu\u00e1rios que encontraram o que estavam procurando:<\/p>\n<blockquote><p><em>\"Experimentei v\u00e1rios aplicativos, mas o StrangerCam foi o \u00fanico em que realmente pude conhecer e conversar com garotas reais gratuitamente. N\u00e3o h\u00e1 barreiras de pagamento ocultas, basta clicar e conversar!\"<\/em><br \/>\n- Daniel, 27 anos<\/p><\/blockquote>\n<blockquote><p><em>\"Como mulher, gosto do fato de poder escolher com quem conversar e me sentir segura. H\u00e1 modera\u00e7\u00e3o e a op\u00e7\u00e3o de pular instantaneamente se algu\u00e9m me deixar desconfort\u00e1vel.\"<\/em><br \/>\n- Samantha, 22 anos<\/p><\/blockquote>\n<blockquote><p><em>\"\u00c9 bom que voc\u00ea n\u00e3o precise se inscrever. Eu estava conversando com algu\u00e9m do Brasil em um minuto depois de entrar. Uma maneira divertida de passar uma noite.\"<\/em><br \/>\n- Alex, 24 anos<\/p><\/blockquote>\n<blockquote><p><em>\"Eu estava c\u00e9tico quanto ao fato de o filtro de g\u00eanero ser gratuito, mas ele funciona. Conheci algumas garotas muito legais para conversar, e nunca paguei um centavo.\"<\/em><br \/>\n- Mike, 31 anos<\/p><\/blockquote>\n<h2>Dicas de seguran\u00e7a para bate-papo por v\u00eddeo on-line<\/h2>\n<p>Ao usar qualquer aplicativo de chamada de v\u00eddeo gratuito, sua seguran\u00e7a e privacidade devem estar sempre em primeiro lugar. Aqui est\u00e3o as dicas essenciais:<\/p>\n<h3>1. Nunca compartilhe informa\u00e7\u00f5es pessoais<\/h3>\n<p>N\u00e3o forne\u00e7a seu nome verdadeiro, endere\u00e7o, n\u00famero de telefone ou qualquer informa\u00e7\u00e3o de contato pessoal a estranhos.<\/p>\n<h3>2. Use os controles da plataforma<\/h3>\n<p>Se algu\u00e9m o deixar desconfort\u00e1vel, use os bot\u00f5es \"Next\" (Pr\u00f3ximo), \"Block\" (Bloquear) ou \"Report\" (Denunciar) imediatamente.<\/p>\n<h3>3. Cuidado com os golpes<\/h3>\n<p>Nunca envie dinheiro, clique em links suspeitos ou aceite solicita\u00e7\u00f5es para sair da plataforma para outro aplicativo de bate-papo.<\/p>\n<h3>4. Verifique seu hist\u00f3rico<\/h3>\n<p>Fique atento ao que a c\u00e2mera mostra atr\u00e1s de voc\u00ea para evitar revelar detalhes pessoais.<\/p>\n<h3>5. Se tiver menos de 18 anos, n\u00e3o use o bate-papo para adultos<\/h3>\n<p>Respeite sempre as restri\u00e7\u00f5es de idade e nunca use aplicativos de bate-papo por v\u00eddeo aleat\u00f3rios se n\u00e3o tiver a idade exigida.<\/p>\n<h3>6. Use um apelido<\/h3>\n<p>Se a plataforma permitir que voc\u00ea escolha um nome de usu\u00e1rio ou nome de exibi\u00e7\u00e3o, n\u00e3o use seu nome verdadeiro.<\/p>\n<h2>Como come\u00e7ar - passo a passo<\/h2>\n<p>Come\u00e7ar a usar um aplicativo gratuito de chamada de v\u00eddeo com uma garota aleat\u00f3ria \u00e9 simples e leva menos de um minuto. Veja como:<\/p>\n<ol>\n<li>Abra a plataforma (em seu telefone ou computador).<\/li>\n<li>Permita o acesso \u00e0 c\u00e2mera e ao microfone quando solicitado.<\/li>\n<li>Selecione a prefer\u00eancia de g\u00eanero (escolha \"menina\" ou \"mulher\", se dispon\u00edvel).<\/li>\n<li>Clique em \"Start\" (Iniciar) ou \"Connect\" (Conectar). Voc\u00ea ser\u00e1 instantaneamente combinado com uma garota aleat\u00f3ria.<\/li>\n<li>Aproveite seu bate-papo! Se voc\u00ea quiser conhecer outra pessoa, basta pressionar \"Next\".<\/li>\n<li>Repita quantas vezes quiser - \u00e9 100% gratuito e ilimitado.<\/li>\n<\/ol>\n<p>Dica profissional: use fones de ouvido para obter melhor qualidade de som e privacidade.<\/p>\n<h2>Perguntas frequentes<\/h2>\n<h3>\u00c9 realmente gratuito fazer chamadas de v\u00eddeo com garotas aleat\u00f3rias?<\/h3>\n<p>Sim, o StrangerCam e algumas outras plataformas permitem que voc\u00ea converse com garotas gratuitamente - sem necessidade de pagamento, cr\u00e9ditos ou conta premium.<\/p>\n<h3>Preciso me registrar ou criar uma conta?<\/h3>\n<p>N\u00e3o. Os melhores aplicativos gratuitos de videochamada n\u00e3o exigem nenhum registro ou e-mail para come\u00e7ar.<\/p>\n<h3>As pessoas que conhe\u00e7o s\u00e3o reais?<\/h3>\n<p>No StrangerCam, a modera\u00e7\u00e3o ativa e a verifica\u00e7\u00e3o de v\u00eddeo ajudam a garantir que voc\u00ea esteja conversando com usu\u00e1rios reais, e n\u00e3o com bots ou fakes.<\/p>\n<h3>Posso usar meu telefone?<\/h3>\n<p>Sim. A StrangerCam \u00e9 totalmente compat\u00edvel com dispositivos m\u00f3veis, portanto, voc\u00ea pode conversar em qualquer telefone ou tablet moderno.<\/p>\n<h3>\u00c9 seguro?<\/h3>\n<p>Embora o StrangerCam ofere\u00e7a recursos avan\u00e7ados de privacidade e seguran\u00e7a, voc\u00ea deve sempre seguir as regras b\u00e1sicas de seguran\u00e7a na Internet (consulte as dicas de seguran\u00e7a acima).<\/p>\n<h3>Posso escolher conversar apenas com meninas?<\/h3>\n<p>Sim, o filtro de g\u00eanero da StrangerCam permite que voc\u00ea selecione para combinar apenas com usu\u00e1rios do sexo feminino - gratuitamente.<\/p>\n<p>Se voc\u00ea j\u00e1 procurou um aplicativo de chamada de v\u00eddeo gratuita com uma garota aleat\u00f3ria, a boa not\u00edcia \u00e9 que ele realmente existe e est\u00e1 melhor do que nunca em 2025. O StrangerCam combina um design moderno e intuitivo com um filtro de g\u00eanero verdadeiramente gratuito e modera\u00e7\u00e3o em tempo real para criar uma das melhores experi\u00eancias de bate-papo por v\u00eddeo on-line.<\/p>\n<p>N\u00e3o perca seu tempo com aplicativos que prometem bate-papo por v\u00eddeo gratuito, mas que o obrigam a pagar ou se inscrever apenas para conversar com garotas. Escolha uma plataforma em que voc\u00ea possa se conectar, rir e fazer novos amigos instantaneamente e de gra\u00e7a.<\/p>\n<p>Pronto para conhecer algu\u00e9m novo? Experimente agora um aplicativo de videochamada gratuito e sinta a emo\u00e7\u00e3o de um bate-papo por v\u00eddeo aleat\u00f3rio com garotas reais - sem compromisso.<\/p>","protected":false},"excerpt":{"rendered":"<p>Are you searching for a free video call app with random girls? You\u2019re not alone. Millions of people every month are looking for genuine, spontaneous video chats with new people \u2013 especially with girls who are fun, friendly, and interested in meeting someone new. Whether you\u2019re feeling lonely, bored, or just curious, finding the right [&hellip;]<\/p>\n","protected":false},"author":8,"featured_media":0,"parent":0,"menu_order":0,"comment_status":"closed","ping_status":"closed","template":"","meta":{"footnotes":""},"class_list":["post-12954","page","type-page","status-publish","hentry"],"yoast_head":"<!-- This site is optimized with the Yoast SEO plugin v27.4 - https:\/\/yoast.com\/product\/yoast-seo-wordpress\/ -->\n<title>Free Video Call App With Random Girl - StrangerCam.com<\/title>\n<meta name=\"description\" content=\"Free Video Call App With Random Girl anonymously with over 5.000.000 strangers. No Sign-Up Required! Cam with strangers on StrangerCam.com.\" \/>\n<meta name=\"robots\" content=\"index, follow, max-snippet:-1, max-image-preview:large, max-video-preview:-1\" \/>\n<link rel=\"canonical\" href=\"https:\/\/strangercam.com\/pt-br\/aplicativo-de-chamada-de-video-gratuita-com-garota-aleatoria\/\" \/>\n<meta property=\"og:locale\" content=\"pt_BR\" \/>\n<meta property=\"og:type\" content=\"article\" \/>\n<meta property=\"og:title\" content=\"Free Video Call App With Random Girl - StrangerCam.com\" \/>\n<meta property=\"og:description\" content=\"Free Video Call App With Random Girl anonymously with over 5.000.000 strangers. No Sign-Up Required! Cam with strangers on StrangerCam.com.\" \/>\n<meta property=\"og:url\" content=\"https:\/\/strangercam.com\/pt-br\/aplicativo-de-chamada-de-video-gratuita-com-garota-aleatoria\/\" \/>\n<meta property=\"og:site_name\" content=\"Strangercam\" \/>\n<meta property=\"article:publisher\" content=\"https:\/\/www.facebook.com\/strangercam\" \/>\n<meta property=\"article:modified_time\" content=\"2025-08-05T08:47:38+00:00\" \/>\n<meta property=\"og:image\" content=\"https:\/\/strangercam.com\/wp-content\/uploads\/2021\/10\/Untitled-2.png\" \/>\n\t<meta property=\"og:image:width\" content=\"800\" \/>\n\t<meta property=\"og:image:height\" content=\"532\" \/>\n\t<meta property=\"og:image:type\" content=\"image\/png\" \/>\n<meta name=\"twitter:card\" content=\"summary_large_image\" \/>\n<meta name=\"twitter:site\" content=\"@strangercamapp\" \/>\n<meta name=\"twitter:label1\" content=\"Est. tempo de leitura\" \/>\n\t<meta name=\"twitter:data1\" content=\"7 minutos\" \/>\n<script type=\"application\/ld+json\" class=\"yoast-schema-graph\">{\"@context\":\"https:\\\/\\\/schema.org\",\"@graph\":[{\"@type\":\"WebPage\",\"@id\":\"https:\\\/\\\/strangercam.com\\\/free-video-call-app-with-random-girl\\\/\",\"url\":\"https:\\\/\\\/strangercam.com\\\/free-video-call-app-with-random-girl\\\/\",\"name\":\"Free Video Call App With Random Girl - StrangerCam.com\",\"isPartOf\":{\"@id\":\"https:\\\/\\\/strangercam.com\\\/#website\"},\"datePublished\":\"2025-08-05T08:47:17+00:00\",\"dateModified\":\"2025-08-05T08:47:38+00:00\",\"description\":\"Free Video Call App With Random Girl anonymously with over 5.000.000 strangers. No Sign-Up Required! Cam with strangers on StrangerCam.com.\",\"breadcrumb\":{\"@id\":\"https:\\\/\\\/strangercam.com\\\/free-video-call-app-with-random-girl\\\/#breadcrumb\"},\"inLanguage\":\"pt-BR\",\"potentialAction\":[{\"@type\":\"ReadAction\",\"target\":[\"https:\\\/\\\/strangercam.com\\\/free-video-call-app-with-random-girl\\\/\"]}]},{\"@type\":\"BreadcrumbList\",\"@id\":\"https:\\\/\\\/strangercam.com\\\/free-video-call-app-with-random-girl\\\/#breadcrumb\",\"itemListElement\":[{\"@type\":\"ListItem\",\"position\":1,\"name\":\"Home\",\"item\":\"https:\\\/\\\/strangercam.com\\\/\"},{\"@type\":\"ListItem\",\"position\":2,\"name\":\"Free Video Call App With Random Girl\"}]},{\"@type\":\"WebSite\",\"@id\":\"https:\\\/\\\/strangercam.com\\\/#website\",\"url\":\"https:\\\/\\\/strangercam.com\\\/\",\"name\":\"Strangercam\",\"description\":\"Random Video Chat with Strangers\",\"publisher\":{\"@id\":\"https:\\\/\\\/strangercam.com\\\/#organization\"},\"alternateName\":\"Strangercam.com\",\"potentialAction\":[{\"@type\":\"SearchAction\",\"target\":{\"@type\":\"EntryPoint\",\"urlTemplate\":\"https:\\\/\\\/strangercam.com\\\/?s={search_term_string}\"},\"query-input\":{\"@type\":\"PropertyValueSpecification\",\"valueRequired\":true,\"valueName\":\"search_term_string\"}}],\"inLanguage\":\"pt-BR\"},{\"@type\":\"Organization\",\"@id\":\"https:\\\/\\\/strangercam.com\\\/#organization\",\"name\":\"Strangercam\",\"alternateName\":\"Strangercam.com\",\"url\":\"https:\\\/\\\/strangercam.com\\\/\",\"logo\":{\"@type\":\"ImageObject\",\"inLanguage\":\"pt-BR\",\"@id\":\"https:\\\/\\\/strangercam.com\\\/#\\\/schema\\\/logo\\\/image\\\/\",\"url\":\"https:\\\/\\\/strangercam.com\\\/wp-content\\\/uploads\\\/2020\\\/11\\\/cropped-new-favicon-black.png\",\"contentUrl\":\"https:\\\/\\\/strangercam.com\\\/wp-content\\\/uploads\\\/2020\\\/11\\\/cropped-new-favicon-black.png\",\"width\":512,\"height\":512,\"caption\":\"Strangercam\"},\"image\":{\"@id\":\"https:\\\/\\\/strangercam.com\\\/#\\\/schema\\\/logo\\\/image\\\/\"},\"sameAs\":[\"https:\\\/\\\/www.facebook.com\\\/strangercam\",\"https:\\\/\\\/x.com\\\/strangercamapp\"]}]}<\/script>\n<!-- \/ Yoast SEO plugin. -->","yoast_head_json":{"title":"Aplicativo de chamada de v\u00eddeo gratuita com garota aleat\u00f3ria - StrangerCam.com","description":"Aplicativo de chamada de v\u00eddeo gratuita com garota aleat\u00f3ria anonimamente com mais de 5.000.000 de estranhos. N\u00e3o \u00e9 necess\u00e1rio se registrar! Cam com estranhos em StrangerCam.com.","robots":{"index":"index","follow":"follow","max-snippet":"max-snippet:-1","max-image-preview":"max-image-preview:large","max-video-preview":"max-video-preview:-1"},"canonical":"https:\/\/strangercam.com\/pt-br\/aplicativo-de-chamada-de-video-gratuita-com-garota-aleatoria\/","og_locale":"pt_BR","og_type":"article","og_title":"Free Video Call App With Random Girl - StrangerCam.com","og_description":"Free Video Call App With Random Girl anonymously with over 5.000.000 strangers. No Sign-Up Required! Cam with strangers on StrangerCam.com.","og_url":"https:\/\/strangercam.com\/pt-br\/aplicativo-de-chamada-de-video-gratuita-com-garota-aleatoria\/","og_site_name":"Strangercam","article_publisher":"https:\/\/www.facebook.com\/strangercam","article_modified_time":"2025-08-05T08:47:38+00:00","og_image":[{"width":800,"height":532,"url":"https:\/\/strangercam.com\/wp-content\/uploads\/2021\/10\/Untitled-2.png","type":"image\/png"}],"twitter_card":"summary_large_image","twitter_site":"@strangercamapp","twitter_misc":{"Est. tempo de leitura":"7 minutos"},"schema":{"@context":"https:\/\/schema.org","@graph":[{"@type":"WebPage","@id":"https:\/\/strangercam.com\/free-video-call-app-with-random-girl\/","url":"https:\/\/strangercam.com\/free-video-call-app-with-random-girl\/","name":"Aplicativo de chamada de v\u00eddeo gratuita com garota aleat\u00f3ria - StrangerCam.com","isPartOf":{"@id":"https:\/\/strangercam.com\/#website"},"datePublished":"2025-08-05T08:47:17+00:00","dateModified":"2025-08-05T08:47:38+00:00","description":"Aplicativo de chamada de v\u00eddeo gratuita com garota aleat\u00f3ria anonimamente com mais de 5.000.000 de estranhos. N\u00e3o \u00e9 necess\u00e1rio se registrar! Cam com estranhos em StrangerCam.com.","breadcrumb":{"@id":"https:\/\/strangercam.com\/free-video-call-app-with-random-girl\/#breadcrumb"},"inLanguage":"pt-BR","potentialAction":[{"@type":"ReadAction","target":["https:\/\/strangercam.com\/free-video-call-app-with-random-girl\/"]}]},{"@type":"BreadcrumbList","@id":"https:\/\/strangercam.com\/free-video-call-app-with-random-girl\/#breadcrumb","itemListElement":[{"@type":"ListItem","position":1,"name":"Home","item":"https:\/\/strangercam.com\/"},{"@type":"ListItem","position":2,"name":"Free Video Call App With Random Girl"}]},{"@type":"WebSite","@id":"https:\/\/strangercam.com\/#website","url":"https:\/\/strangercam.com\/","name":"Strangercam","description":"Bate-papo por v\u00eddeo aleat\u00f3rio com estranhos","publisher":{"@id":"https:\/\/strangercam.com\/#organization"},"alternateName":"Strangercam.com","potentialAction":[{"@type":"SearchAction","target":{"@type":"EntryPoint","urlTemplate":"https:\/\/strangercam.com\/?s={search_term_string}"},"query-input":{"@type":"PropertyValueSpecification","valueRequired":true,"valueName":"search_term_string"}}],"inLanguage":"pt-BR"},{"@type":"Organization","@id":"https:\/\/strangercam.com\/#organization","name":"Strangercam","alternateName":"Strangercam.com","url":"https:\/\/strangercam.com\/","logo":{"@type":"ImageObject","inLanguage":"pt-BR","@id":"https:\/\/strangercam.com\/#\/schema\/logo\/image\/","url":"https:\/\/strangercam.com\/wp-content\/uploads\/2020\/11\/cropped-new-favicon-black.png","contentUrl":"https:\/\/strangercam.com\/wp-content\/uploads\/2020\/11\/cropped-new-favicon-black.png","width":512,"height":512,"caption":"Strangercam"},"image":{"@id":"https:\/\/strangercam.com\/#\/schema\/logo\/image\/"},"sameAs":["https:\/\/www.facebook.com\/strangercam","https:\/\/x.com\/strangercamapp"]}]}},"_links":{"self":[{"href":"https:\/\/strangercam.com\/pt-br\/wp-json\/wp\/v2\/pages\/12954","targetHints":{"allow":["GET"]}}],"collection":[{"href":"https:\/\/strangercam.com\/pt-br\/wp-json\/wp\/v2\/pages"}],"about":[{"href":"https:\/\/strangercam.com\/pt-br\/wp-json\/wp\/v2\/types\/page"}],"author":[{"embeddable":true,"href":"https:\/\/strangercam.com\/pt-br\/wp-json\/wp\/v2\/users\/8"}],"replies":[{"embeddable":true,"href":"https:\/\/strangercam.com\/pt-br\/wp-json\/wp\/v2\/comments?post=12954"}],"version-history":[{"count":1,"href":"https:\/\/strangercam.com\/pt-br\/wp-json\/wp\/v2\/pages\/12954\/revisions"}],"predecessor-version":[{"id":12955,"href":"https:\/\/strangercam.com\/pt-br\/wp-json\/wp\/v2\/pages\/12954\/revisions\/12955"}],"wp:attachment":[{"href":"https:\/\/strangercam.com\/pt-br\/wp-json\/wp\/v2\/media?parent=12954"}],"curies":[{"name":"wp","href":"https:\/\/api.w.org\/{rel}","templated":true}]}}