{"id":12944,"date":"2025-07-28T11:56:56","date_gmt":"2025-07-28T09:56:56","guid":{"rendered":"https:\/\/strangercam.com\/?page_id=12944"},"modified":"2025-07-28T11:56:56","modified_gmt":"2025-07-28T09:56:56","slug":"lotta","status":"publish","type":"page","link":"https:\/\/strangercam.com\/pt-br\/lotta\/","title":{"rendered":"Lotta"},"content":{"rendered":"<p>Como as plataformas cl\u00e1ssicas de bate-papo por v\u00eddeo aleat\u00f3rio, como <a href=\"https:\/\/strangercam.com\/pt-br\/omegle\/\">Omegle<\/a> Ao contr\u00e1rio dos sites de bate-papo que se afastaram dos holofotes, uma nova onda de sites est\u00e1 surgindo para oferecer aos usu\u00e1rios a mesma experi\u00eancia espont\u00e2nea e an\u00f4nima - com um toque moderno. O Lotta \u00e9 uma das alternativas mais novas e de mais r\u00e1pido crescimento em 2025, combinando a emo\u00e7\u00e3o central do bate-papo aleat\u00f3rio entre c\u00e2meras com mais velocidade, seguran\u00e7a e uma interface elegante e pronta para dispositivos m\u00f3veis.<\/p>\n<p>Mas ser\u00e1 que o Lotta vale seu tempo? Ele se destaca de outros novos sites de bate-papo por v\u00eddeo no estilo do Omegle? Nesta an\u00e1lise abrangente, abordaremos tudo o que voc\u00ea precisa saber: como o Lotta funciona, quais recursos ele oferece, quem o utiliza e como ele se compara a outras grandes plataformas de bate-papo aleat\u00f3rio em 2025.<\/p>\n<h2>O que \u00e9 Lotta?<\/h2>\n<p>O Lotta \u00e9 uma plataforma de bate-papo por v\u00eddeo aleat\u00f3rio baseada em navegador, projetada para conex\u00f5es instant\u00e2neas e an\u00f4nimas com estranhos de todo o mundo. Os usu\u00e1rios podem participar com apenas um clique - sem necessidade de registro, perfis ou downloads de aplicativos. O site foi criado para ser r\u00e1pido e simples, permitindo que voc\u00ea inicie chats de v\u00eddeo ao vivo em segundos.<\/p>\n<p>Assim como o Omegle original, o Lotta combina usu\u00e1rios um a um para conversas de v\u00eddeo privadas. No entanto, enquanto a interface do Omegle parece ultrapassada e sua modera\u00e7\u00e3o \u00e9 inconsistente, o Lotta oferece uma experi\u00eancia mais moderna, segura e f\u00e1cil de usar, tudo isso mantendo-se 100% gratuito.<\/p>\n<h2>Qual \u00e9 o objetivo do Lotta?<\/h2>\n<p>O Lotta foi criado para reviver a magia do bate-papo por v\u00eddeo an\u00f4nimo e aleat\u00f3rio que transformou o Omegle em um fen\u00f4meno cultural, mas com melhorias importantes para os usu\u00e1rios de hoje:<\/p>\n<ul>\n<li>Encontros espont\u00e2neos e face a face: <a href=\"https:\/\/strangercam.com\/pt-br\/coomeet\/\">Conhe\u00e7a<\/a> algu\u00e9m novo, a qualquer hora, de qualquer lugar.<\/li>\n<li>Anonimato verdadeiro: Sem perfis, sem registro, sem m\u00eddia social.<\/li>\n<li>Seguran\u00e7a e modera\u00e7\u00e3o modernas: Mantenha as conversas seguras e acolhedoras.<\/li>\n<li>Acesso r\u00e1pido e sem atritos: Comece a conversar instantaneamente no desktop ou no celular.<\/li>\n<\/ul>\n<p>Se voc\u00ea quiser fazer novos amigos, praticar um idioma, paquerar ou simplesmente bater um papo divertido com um estranho, o Lotta foi criado para voc\u00ea.<\/p>\n<h2>Principais recursos<\/h2>\n<p>1. Bate-papo por v\u00eddeo aleat\u00f3rio individual<br \/>\nO principal recurso do Lotta \u00e9 o bate-papo instant\u00e2neo e privado entre c\u00e2meras. Clique em \"Start\" (Iniciar), ative a webcam e o microfone e voc\u00ea ser\u00e1 correspondido em segundos. Sem nomes de usu\u00e1rio ou biografias - apenas voc\u00ea e um estranho, cara a cara.<\/p>\n<p>2. Op\u00e7\u00e3o de bate-papo por texto<br \/>\nAl\u00e9m do v\u00eddeo, o Lotta permite que os usu\u00e1rios enviem mensagens de texto no bate-papo. Isso \u00e9 \u00fatil para quebrar o gelo, lidar com barreiras lingu\u00edsticas ou se voc\u00ea preferir n\u00e3o falar em voz alta.<\/p>\n<p>3. Bot\u00e3o Next\/Skip (Avan\u00e7ar\/Pular)<br \/>\nSe n\u00e3o estiver sentindo a vibra\u00e7\u00e3o, basta clicar em \"Next\" (Pr\u00f3ximo) para ser instantaneamente combinado com algu\u00e9m novo. N\u00e3o h\u00e1 penalidade ou limite de quantas vezes voc\u00ea pode pular.<\/p>\n<p>4. 100% An\u00f4nimo, sem registro<br \/>\nN\u00e3o \u00e9 necess\u00e1rio se inscrever, criar um perfil ou compartilhar qualquer informa\u00e7\u00e3o pessoal. Todas as sess\u00f5es s\u00e3o tempor\u00e1rias e privadas, tornando o Lotta uma das experi\u00eancias de bate-papo mais an\u00f4nimas da Internet.<\/p>\n<p>5. Design moderno e otimizado para dispositivos m\u00f3veis<br \/>\nO Lotta funciona perfeitamente em navegadores de desktop e m\u00f3veis. A interface \u00e9 limpa e responsiva, facilitando o bate-papo em seu telefone, tablet ou laptop, sem necessidade de downloads.<\/p>\n<p>6. Ferramentas de modera\u00e7\u00e3o e relat\u00f3rios<br \/>\nPara manter a plataforma segura, o Lotta fornece um bot\u00e3o de den\u00fancia no chat e usa uma combina\u00e7\u00e3o de modera\u00e7\u00e3o automatizada (com tecnologia de IA) e humana. Os usu\u00e1rios podem sinalizar conte\u00fado ou comportamento inadequado instantaneamente.<\/p>\n<p>7. Correspond\u00eancia r\u00e1pida e baixa lat\u00eancia<br \/>\nO mecanismo de correspond\u00eancia do Lotta foi desenvolvido para ser r\u00e1pido. As conex\u00f5es de v\u00eddeo s\u00e3o r\u00e1pidas e est\u00e1veis, com atraso m\u00ednimo - mesmo em hor\u00e1rios de pico ou em dispositivos m\u00f3veis.<\/p>\n<h2>O Lotta \u00e9 gratuito?<\/h2>\n<p>Sim, o Lotta \u00e9 totalmente gratuito. Todos os principais recursos - bate-papo com v\u00eddeo, bate-papo com texto e pulos ilimitados - est\u00e3o dispon\u00edveis para todos, sem barreiras ocultas de pagamento ou n\u00edveis de assinatura.<\/p>\n<p>O site pode apresentar publicidade leve e n\u00e3o intrusiva para apoiar as opera\u00e7\u00f5es, mas isso nunca interrompe a experi\u00eancia de bate-papo nem limita o acesso.<\/p>\n<h2>Quem usa o Lotta?<\/h2>\n<p>O Lotta est\u00e1 criando rapidamente uma base de usu\u00e1rios diversificada e global, incluindo:<\/p>\n<ul>\n<li>Idades: Principalmente de 18 a 35 anos (estritamente adultos)<\/li>\n<li>Localiza\u00e7\u00f5es: Usu\u00e1rios dos Estados Unidos, Canad\u00e1, Reino Unido, Alemanha, \u00cdndia, Brasil, Sudeste Asi\u00e1tico e outros<\/li>\n<li>Interesses: Paquerar, fazer amigos, interc\u00e2mbio de idiomas, conversas casuais, descobertas culturais<\/li>\n<\/ul>\n<p>Por ser novo, o Lotta tende a atrair usu\u00e1rios experientes em tecnologia, estudantes e aqueles que sentem falta da energia sem script do cl\u00e1ssico Omegle. A divis\u00e3o por g\u00eanero \u00e9 semelhante \u00e0 de outros <a href=\"https:\/\/strangercam.com\/pt-br\/bazoocam\/\">c\u00e2mera<\/a> sites de bate-papo, com mais usu\u00e1rios homens do que mulheres, mas a participa\u00e7\u00e3o feminina est\u00e1 crescendo \u00e0 medida que o site ganha popularidade e reputa\u00e7\u00e3o.<\/p>\n<h2>Seguran\u00e7a, privacidade e modera\u00e7\u00e3o<\/h2>\n<p>A Lotta reconhece que o anonimato traz liberdade e risco. A plataforma adota uma abordagem proativa em rela\u00e7\u00e3o \u00e0 seguran\u00e7a e \u00e0 privacidade do usu\u00e1rio:<\/p>\n<h3>Privacidade<\/h3>\n<ul>\n<li>N\u00e3o \u00e9 necess\u00e1rio se cadastrar ou fornecer dados pessoais<\/li>\n<li>Os bate-papos n\u00e3o s\u00e3o gravados ou armazenados<\/li>\n<li>Voc\u00ea controla sua webcam\/microfone o tempo todo<\/li>\n<li>N\u00e3o h\u00e1 compartilhamento de IP com parceiros de bate-papo<\/li>\n<\/ul>\n<h3>Modera\u00e7\u00e3o<\/h3>\n<ul>\n<li>Bot\u00e3o de den\u00fancia no bate-papo: Sinalize instantaneamente qualquer comportamento inadequado ou abusivo<\/li>\n<li>Filtragem de conte\u00fado com tecnologia de IA: Detecta e bloqueia determinadas viola\u00e7\u00f5es em tempo real<\/li>\n<li>Moderadores humanos: Revisam relat\u00f3rios e aplicam as regras da plataforma<\/li>\n<\/ul>\n<h3>Pr\u00e1ticas recomendadas<\/h3>\n<ul>\n<li>Nunca compartilhe informa\u00e7\u00f5es pessoais no bate-papo<\/li>\n<li>Use os bot\u00f5es \"Next\" e \"Report\" sempre que se sentir desconfort\u00e1vel<\/li>\n<li>Lembre-se de que todas as intera\u00e7\u00f5es s\u00e3o com estranhos; tenha o cuidado normal com a Internet<\/li>\n<\/ul>\n<h2>Experi\u00eancia do usu\u00e1rio e design<\/h2>\n<p>A interface de usu\u00e1rio do Lotta \u00e9 um de seus melhores recursos. Ela \u00e9 moderna, minimalista e sem distra\u00e7\u00f5es:<\/p>\n<ul>\n<li>A p\u00e1gina inicial apresenta um bot\u00e3o \"Start Chat\" em negrito com informa\u00e7\u00f5es e regras de privacidade claras<\/li>\n<li>Em quest\u00e3o de segundos, voc\u00ea estar\u00e1 emparelhado e conversando ao vivo<\/li>\n<li>As janelas de v\u00eddeo s\u00e3o grandes, com controles suaves para silenciar, pular e reportar<\/li>\n<li>A interface m\u00f3vel \u00e9 t\u00e3o limpa e f\u00e1cil de usar quanto a vers\u00e3o para desktop<\/li>\n<\/ul>\n<p>O Lotta evita pop-ups, an\u00fancios excessivos e solicita\u00e7\u00f5es de registro, proporcionando sempre uma experi\u00eancia de bate-papo agrad\u00e1vel e sem atritos.<\/p>\n<h2>Lotta vs. outras plataformas de bate-papo por v\u00eddeo aleat\u00f3rio<\/h2>\n<p>Como o Lotta se compara \u00e0s alternativas do Omegle em 2025?<\/p>\n<table>\n<thead>\n<tr>\n<th>Recurso<\/th>\n<th>Lotta<\/th>\n<th>Omegle (fechado)<\/th>\n<th>Ohmegle<\/th>\n<th><a href=\"https:\/\/strangercam.com\/pt-br\/ometv\/\">OmeTV<\/a><\/th>\n<th>Chaty<\/th>\n<th>ChitChatTV<\/th>\n<\/tr>\n<\/thead>\n<tbody>\n<tr>\n<td>Bate-papo por v\u00eddeo<\/td>\n<td>Sim<\/td>\n<td>Sim<\/td>\n<td>Sim<\/td>\n<td>Sim<\/td>\n<td>Sim<\/td>\n<td>Sim<\/td>\n<\/tr>\n<tr>\n<td>Bate-papo por texto<\/td>\n<td>Sim<\/td>\n<td>Sim<\/td>\n<td>Sim<\/td>\n<td>Sim<\/td>\n<td>Sim<\/td>\n<td>Sim<\/td>\n<\/tr>\n<tr>\n<td>Registro necess\u00e1rio<\/td>\n<td>N\u00e3o<\/td>\n<td>N\u00e3o<\/td>\n<td>N\u00e3o<\/td>\n<td>N\u00e3o<\/td>\n<td>N\u00e3o<\/td>\n<td>N\u00e3o<\/td>\n<\/tr>\n<tr>\n<td>Suporte m\u00f3vel<\/td>\n<td>Excelente<\/td>\n<td>Ruim<\/td>\n<td>Excelente<\/td>\n<td>Bom<\/td>\n<td>Excelente<\/td>\n<td>Excelente<\/td>\n<\/tr>\n<tr>\n<td>Filtro de g\u00eanero\/regi\u00e3o<\/td>\n<td>N\u00e3o<\/td>\n<td>N\u00e3o<\/td>\n<td>N\u00e3o<\/td>\n<td>Pago<\/td>\n<td>N\u00e3o<\/td>\n<td>N\u00e3o<\/td>\n<\/tr>\n<tr>\n<td>Modera\u00e7\u00e3o\/Relat\u00f3rios<\/td>\n<td>Bom<\/td>\n<td>Fraco<\/td>\n<td>Moderado<\/td>\n<td>Forte<\/td>\n<td>Moderado<\/td>\n<td>Bom<\/td>\n<\/tr>\n<tr>\n<td>Gratuito para uso<\/td>\n<td>Sim<\/td>\n<td>Sim<\/td>\n<td>Sim<\/td>\n<td>Sim\/Pago<\/td>\n<td>Sim<\/td>\n<td>Sim<\/td>\n<\/tr>\n<\/tbody>\n<\/table>\n<p>Resumo: O Lotta rivaliza com o Ohmegle, o Chaty e o ChitChatTV em termos de velocidade e facilidade de uso, mas se destaca por seu novo design e experi\u00eancia tranquila, especialmente para novos usu\u00e1rios e usu\u00e1rios de dispositivos m\u00f3veis.<\/p>\n<h2>Pr\u00f3s e contras<\/h2>\n<p>Pr\u00f3s:<\/p>\n<ul>\n<li>100% acesso instant\u00e2neo e gratuito, sem necessidade de registro<\/li>\n<li>Totalmente an\u00f4nimo e privado<\/li>\n<li>Conex\u00f5es de bate-papo por v\u00eddeo e texto r\u00e1pidas e est\u00e1veis<\/li>\n<li>Interface elegante, moderna e otimizada para dispositivos m\u00f3veis<\/li>\n<li>Ferramentas robustas de relat\u00f3rio e modera\u00e7\u00e3o<\/li>\n<li>\u00d3timo para conversas casuais e sem roteiro em todo o mundo<\/li>\n<\/ul>\n<p>Contras:<\/p>\n<ul>\n<li>Sem filtros de g\u00eanero ou local (as correspond\u00eancias s\u00e3o aleat\u00f3rias)<\/li>\n<li>Exposi\u00e7\u00e3o ocasional a comportamentos inadequados (apesar da modera\u00e7\u00e3o)<\/li>\n<li>Sem perfis de usu\u00e1rio, listas de amigos ou capacidade de reconex\u00e3o<\/li>\n<li>Mais usu\u00e1rios homens do que mulheres (comum nesse nicho)<\/li>\n<li>A plataforma ainda est\u00e1 aumentando sua base de usu\u00e1rios em compara\u00e7\u00e3o com as gigantes mais antigas<\/li>\n<\/ul>\n<h2>Casos de uso ideais<\/h2>\n<p>O Lotta \u00e9 perfeito para:<\/p>\n<p>Ventiladores de Omegle, <a href=\"https:\/\/strangercam.com\/pt-br\/chatroulette\/\">Chatroulette<\/a>, ou Ohmegle em busca de uma nova plataforma<\/p>\n<p>Usu\u00e1rios que desejam um bate-papo r\u00e1pido, an\u00f4nimo e com v\u00eddeo, sem registro<\/p>\n<p>Estudantes de idiomas, expatriados e viajantes que desejam conversas globais<\/p>\n<p>Pessoas que procuram socializa\u00e7\u00e3o espont\u00e2nea, divers\u00e3o ou um escape para o t\u00e9dio<\/p>\n<p>\u00c9 menos ideal para:<\/p>\n<ul>\n<li>Aqueles que buscam recursos espec\u00edficos de namoro ou filtros de usu\u00e1rio<\/li>\n<li>Usu\u00e1rios menores de 18 anos (exig\u00eancia rigorosa de idade)<\/li>\n<li>Pessoas que desejam se reconectar com usu\u00e1rios espec\u00edficos ou criar bate-papos de longo prazo<\/li>\n<\/ul>\n<p>O Lotta \u00e9 um dos melhores novos sites de bate-papo por v\u00eddeo no estilo Omegle em 2025, oferecendo conex\u00f5es instant\u00e2neas e an\u00f4nimas com estranhos em um pacote moderno e f\u00e1cil de usar. Sem registro, com correspond\u00eancia r\u00e1pida e um forte foco em privacidade e seguran\u00e7a, \u00e9 um sucessor digno da experi\u00eancia cl\u00e1ssica de bate-papo por v\u00eddeo aleat\u00f3rio.<\/p>\n<p>Se voc\u00ea quiser conhecer novas pessoas, fazer amigos, paquerar ou simplesmente bater papo em tempo real com algu\u00e9m do mundo todo, vale a pena experimentar o TP154T. Seu design moderno, o desempenho confi\u00e1vel e os recursos acess\u00edveis fazem dele a melhor escolha para a pr\u00f3xima gera\u00e7\u00e3o de usu\u00e1rios de bate-papo aleat\u00f3rios.<\/p>","protected":false},"excerpt":{"rendered":"<p>As classic random video chat platforms like Omegle fade from the spotlight, a new wave of sites is stepping up to offer users the same spontaneous, anonymous experience\u2014with a modern twist. Lotta is one of the newest and fastest-growing alternatives in 2025, combining the core excitement of random cam-to-cam chat with improved speed, security, and [&hellip;]<\/p>\n","protected":false},"author":6,"featured_media":0,"parent":0,"menu_order":0,"comment_status":"closed","ping_status":"closed","template":"","meta":{"footnotes":""},"class_list":["post-12944","page","type-page","status-publish","hentry"],"yoast_head":"<!-- This site is optimized with the Yoast SEO plugin v27.4 - https:\/\/yoast.com\/product\/yoast-seo-wordpress\/ -->\n<title>Lotta - Meet Strangers &amp; Video Chat Online - StrangerCam<\/title>\n<meta name=\"description\" content=\"Like Lotta? Come chat with more than 5.000.000 strangers on Stranger Cam for Free! Turn on your cam and find new friends &amp; maby a match!\" \/>\n<meta name=\"robots\" content=\"index, follow, max-snippet:-1, max-image-preview:large, max-video-preview:-1\" \/>\n<link rel=\"canonical\" href=\"https:\/\/strangercam.com\/pt-br\/lotta\/\" \/>\n<meta property=\"og:locale\" content=\"pt_BR\" \/>\n<meta property=\"og:type\" content=\"article\" \/>\n<meta property=\"og:title\" content=\"Lotta - Meet Strangers &amp; Video Chat Online - StrangerCam\" \/>\n<meta property=\"og:description\" content=\"Like Lotta? Come chat with more than 5.000.000 strangers on Stranger Cam for Free! Turn on your cam and find new friends &amp; maby a match!\" \/>\n<meta property=\"og:url\" content=\"https:\/\/strangercam.com\/pt-br\/lotta\/\" \/>\n<meta property=\"og:site_name\" content=\"Strangercam\" \/>\n<meta property=\"article:publisher\" content=\"https:\/\/www.facebook.com\/strangercam\" \/>\n<meta property=\"og:image\" content=\"https:\/\/strangercam.com\/wp-content\/uploads\/2021\/10\/Untitled-2.png\" \/>\n\t<meta property=\"og:image:width\" content=\"800\" \/>\n\t<meta property=\"og:image:height\" content=\"532\" \/>\n\t<meta property=\"og:image:type\" content=\"image\/png\" \/>\n<meta name=\"twitter:card\" content=\"summary_large_image\" \/>\n<meta name=\"twitter:site\" content=\"@strangercamapp\" \/>\n<meta name=\"twitter:label1\" content=\"Est. tempo de leitura\" \/>\n\t<meta name=\"twitter:data1\" content=\"6 minutos\" \/>\n<script type=\"application\/ld+json\" class=\"yoast-schema-graph\">{\"@context\":\"https:\\\/\\\/schema.org\",\"@graph\":[{\"@type\":\"WebPage\",\"@id\":\"https:\\\/\\\/strangercam.com\\\/lotta\\\/\",\"url\":\"https:\\\/\\\/strangercam.com\\\/lotta\\\/\",\"name\":\"Lotta - Meet Strangers & Video Chat Online - StrangerCam\",\"isPartOf\":{\"@id\":\"https:\\\/\\\/strangercam.com\\\/#website\"},\"datePublished\":\"2025-07-28T09:56:56+00:00\",\"description\":\"Like Lotta? Come chat with more than 5.000.000 strangers on Stranger Cam for Free! Turn on your cam and find new friends & maby a match!\",\"breadcrumb\":{\"@id\":\"https:\\\/\\\/strangercam.com\\\/lotta\\\/#breadcrumb\"},\"inLanguage\":\"pt-BR\",\"potentialAction\":[{\"@type\":\"ReadAction\",\"target\":[\"https:\\\/\\\/strangercam.com\\\/lotta\\\/\"]}]},{\"@type\":\"BreadcrumbList\",\"@id\":\"https:\\\/\\\/strangercam.com\\\/lotta\\\/#breadcrumb\",\"itemListElement\":[{\"@type\":\"ListItem\",\"position\":1,\"name\":\"Home\",\"item\":\"https:\\\/\\\/strangercam.com\\\/\"},{\"@type\":\"ListItem\",\"position\":2,\"name\":\"Lotta\"}]},{\"@type\":\"WebSite\",\"@id\":\"https:\\\/\\\/strangercam.com\\\/#website\",\"url\":\"https:\\\/\\\/strangercam.com\\\/\",\"name\":\"Strangercam\",\"description\":\"Random Video Chat with Strangers\",\"publisher\":{\"@id\":\"https:\\\/\\\/strangercam.com\\\/#organization\"},\"alternateName\":\"Strangercam.com\",\"potentialAction\":[{\"@type\":\"SearchAction\",\"target\":{\"@type\":\"EntryPoint\",\"urlTemplate\":\"https:\\\/\\\/strangercam.com\\\/?s={search_term_string}\"},\"query-input\":{\"@type\":\"PropertyValueSpecification\",\"valueRequired\":true,\"valueName\":\"search_term_string\"}}],\"inLanguage\":\"pt-BR\"},{\"@type\":\"Organization\",\"@id\":\"https:\\\/\\\/strangercam.com\\\/#organization\",\"name\":\"Strangercam\",\"alternateName\":\"Strangercam.com\",\"url\":\"https:\\\/\\\/strangercam.com\\\/\",\"logo\":{\"@type\":\"ImageObject\",\"inLanguage\":\"pt-BR\",\"@id\":\"https:\\\/\\\/strangercam.com\\\/#\\\/schema\\\/logo\\\/image\\\/\",\"url\":\"https:\\\/\\\/strangercam.com\\\/wp-content\\\/uploads\\\/2020\\\/11\\\/cropped-new-favicon-black.png\",\"contentUrl\":\"https:\\\/\\\/strangercam.com\\\/wp-content\\\/uploads\\\/2020\\\/11\\\/cropped-new-favicon-black.png\",\"width\":512,\"height\":512,\"caption\":\"Strangercam\"},\"image\":{\"@id\":\"https:\\\/\\\/strangercam.com\\\/#\\\/schema\\\/logo\\\/image\\\/\"},\"sameAs\":[\"https:\\\/\\\/www.facebook.com\\\/strangercam\",\"https:\\\/\\\/x.com\\\/strangercamapp\"]}]}<\/script>\n<!-- \/ Yoast SEO plugin. -->","yoast_head_json":{"title":"Lotta - Conhe\u00e7a pessoas desconhecidas e converse por v\u00eddeo on-line - StrangerCam","description":"Gosta do Lotta? Venha bater papo com mais de 5.000.000 de desconhecidos no Stranger Cam de gra\u00e7a! Ligue sua c\u00e2mera e encontre novos amigos e talvez um par!","robots":{"index":"index","follow":"follow","max-snippet":"max-snippet:-1","max-image-preview":"max-image-preview:large","max-video-preview":"max-video-preview:-1"},"canonical":"https:\/\/strangercam.com\/pt-br\/lotta\/","og_locale":"pt_BR","og_type":"article","og_title":"Lotta - Meet Strangers & Video Chat Online - StrangerCam","og_description":"Like Lotta? Come chat with more than 5.000.000 strangers on Stranger Cam for Free! Turn on your cam and find new friends & maby a match!","og_url":"https:\/\/strangercam.com\/pt-br\/lotta\/","og_site_name":"Strangercam","article_publisher":"https:\/\/www.facebook.com\/strangercam","og_image":[{"width":800,"height":532,"url":"https:\/\/strangercam.com\/wp-content\/uploads\/2021\/10\/Untitled-2.png","type":"image\/png"}],"twitter_card":"summary_large_image","twitter_site":"@strangercamapp","twitter_misc":{"Est. tempo de leitura":"6 minutos"},"schema":{"@context":"https:\/\/schema.org","@graph":[{"@type":"WebPage","@id":"https:\/\/strangercam.com\/lotta\/","url":"https:\/\/strangercam.com\/lotta\/","name":"Lotta - Conhe\u00e7a pessoas desconhecidas e converse por v\u00eddeo on-line - StrangerCam","isPartOf":{"@id":"https:\/\/strangercam.com\/#website"},"datePublished":"2025-07-28T09:56:56+00:00","description":"Gosta do Lotta? Venha bater papo com mais de 5.000.000 de desconhecidos no Stranger Cam de gra\u00e7a! Ligue sua c\u00e2mera e encontre novos amigos e talvez um par!","breadcrumb":{"@id":"https:\/\/strangercam.com\/lotta\/#breadcrumb"},"inLanguage":"pt-BR","potentialAction":[{"@type":"ReadAction","target":["https:\/\/strangercam.com\/lotta\/"]}]},{"@type":"BreadcrumbList","@id":"https:\/\/strangercam.com\/lotta\/#breadcrumb","itemListElement":[{"@type":"ListItem","position":1,"name":"Home","item":"https:\/\/strangercam.com\/"},{"@type":"ListItem","position":2,"name":"Lotta"}]},{"@type":"WebSite","@id":"https:\/\/strangercam.com\/#website","url":"https:\/\/strangercam.com\/","name":"Strangercam","description":"Bate-papo por v\u00eddeo aleat\u00f3rio com estranhos","publisher":{"@id":"https:\/\/strangercam.com\/#organization"},"alternateName":"Strangercam.com","potentialAction":[{"@type":"SearchAction","target":{"@type":"EntryPoint","urlTemplate":"https:\/\/strangercam.com\/?s={search_term_string}"},"query-input":{"@type":"PropertyValueSpecification","valueRequired":true,"valueName":"search_term_string"}}],"inLanguage":"pt-BR"},{"@type":"Organization","@id":"https:\/\/strangercam.com\/#organization","name":"Strangercam","alternateName":"Strangercam.com","url":"https:\/\/strangercam.com\/","logo":{"@type":"ImageObject","inLanguage":"pt-BR","@id":"https:\/\/strangercam.com\/#\/schema\/logo\/image\/","url":"https:\/\/strangercam.com\/wp-content\/uploads\/2020\/11\/cropped-new-favicon-black.png","contentUrl":"https:\/\/strangercam.com\/wp-content\/uploads\/2020\/11\/cropped-new-favicon-black.png","width":512,"height":512,"caption":"Strangercam"},"image":{"@id":"https:\/\/strangercam.com\/#\/schema\/logo\/image\/"},"sameAs":["https:\/\/www.facebook.com\/strangercam","https:\/\/x.com\/strangercamapp"]}]}},"_links":{"self":[{"href":"https:\/\/strangercam.com\/pt-br\/wp-json\/wp\/v2\/pages\/12944","targetHints":{"allow":["GET"]}}],"collection":[{"href":"https:\/\/strangercam.com\/pt-br\/wp-json\/wp\/v2\/pages"}],"about":[{"href":"https:\/\/strangercam.com\/pt-br\/wp-json\/wp\/v2\/types\/page"}],"author":[{"embeddable":true,"href":"https:\/\/strangercam.com\/pt-br\/wp-json\/wp\/v2\/users\/6"}],"replies":[{"embeddable":true,"href":"https:\/\/strangercam.com\/pt-br\/wp-json\/wp\/v2\/comments?post=12944"}],"version-history":[{"count":1,"href":"https:\/\/strangercam.com\/pt-br\/wp-json\/wp\/v2\/pages\/12944\/revisions"}],"predecessor-version":[{"id":12945,"href":"https:\/\/strangercam.com\/pt-br\/wp-json\/wp\/v2\/pages\/12944\/revisions\/12945"}],"wp:attachment":[{"href":"https:\/\/strangercam.com\/pt-br\/wp-json\/wp\/v2\/media?parent=12944"}],"curies":[{"name":"wp","href":"https:\/\/api.w.org\/{rel}","templated":true}]}}