{"id":12942,"date":"2025-07-28T11:02:46","date_gmt":"2025-07-28T09:02:46","guid":{"rendered":"https:\/\/strangercam.com\/?page_id=12942"},"modified":"2025-07-28T11:02:46","modified_gmt":"2025-07-28T09:02:46","slug":"chatiwi","status":"publish","type":"page","link":"https:\/\/strangercam.com\/pt-br\/chatiwi\/","title":{"rendered":"Chatiwi"},"content":{"rendered":"<p>O mundo on-line <a href=\"https:\/\/strangercam.com\/pt-br\/chatroulette\/\">bate-papo<\/a> As salas evolu\u00edram rapidamente, mas a demanda por plataformas sociais simples, instant\u00e2neas e an\u00f4nimas est\u00e1 mais forte do que nunca. \u00c0 medida que sites mais antigos, como <a href=\"https:\/\/strangercam.com\/pt-br\/chatiw\/\">Chatiw<\/a> e <a href=\"https:\/\/strangercam.com\/pt-br\/chatib\/\">Chatib<\/a> com dificuldades para atender \u00e0s expectativas dos usu\u00e1rios modernos, o Chatiwi surge como uma nova alternativa - oferecendo salas de bate-papo ao vivo cl\u00e1ssicas, mensagens privadas e uma comunidade global amig\u00e1vel, tudo em uma plataforma gratuita e de f\u00e1cil acesso.<\/p>\n<p>Ent\u00e3o, como o Chatiwi se compara aos gigantes que o inspiraram? Ele \u00e9 realmente gratuito, seguro e f\u00e1cil de usar? Nesta an\u00e1lise detalhada, exploraremos o que o Chatiwi oferece, quem o utiliza e como ele se compara a outras plataformas de bate-papo l\u00edderes em 2025.<\/p>\n<h2>O que \u00e9 Chatiwi?<\/h2>\n<p>O Chatiwi \u00e9 um site de sala de bate-papo moderno, baseado em navegador, inspirado na simplicidade e acessibilidade de plataformas cl\u00e1ssicas como o Chatiw e o Chatib. Sua principal promessa \u00e9 conectar pessoas de todo o mundo instantaneamente, sem necessidade de registro ou download. N\u00e3o importa se voc\u00ea est\u00e1 interessado em salas de bate-papo p\u00fablicas ou em conversas individuais privadas, o Chatiwi o coloca em a\u00e7\u00e3o com apenas um apelido e um clique.<\/p>\n<p>Com \u00eanfase em um design limpo, compatibilidade m\u00f3vel responsiva e um ambiente de bate-papo seguro, o Chatiwi est\u00e1 rapidamente se tornando um favorito entre os usu\u00e1rios que buscam conversas genu\u00ednas e novos amigos on-line.<\/p>\n<h2>Qual \u00e9 o objetivo do Chatiwi?<\/h2>\n<p>A miss\u00e3o do Chatiwi \u00e9 tornar a socializa\u00e7\u00e3o on-line divertida, r\u00e1pida e realmente acess\u00edvel a todos. Ao contr\u00e1rio dos aplicativos que exigem registro extensivo, cria\u00e7\u00e3o de perfil ou instala\u00e7\u00e3o de aplicativo, o Chatiwi reduz as coisas ao essencial: conectar pessoas reais para bate-papo ao vivo sobre t\u00f3picos que lhes interessam.<\/p>\n<p>As principais metas incluem:<\/p>\n<ul>\n<li>Oferecer salas de bate-papo abertas e tem\u00e1ticas para discuss\u00f5es em grupo<\/li>\n<li>Possibilitar chats privados cont\u00ednuos para conex\u00f5es mais pessoais<\/li>\n<li>Criar um ambiente acolhedor para pessoas de todas as origens, idades e interesses<\/li>\n<li>Garantir que todos possam participar da conversa instantaneamente, sem barreiras<\/li>\n<\/ul>\n<p>Se voc\u00ea quiser conversar sobre m\u00fasica, hobbies, eventos mundiais ou apenas dizer oi para algu\u00e9m novo, o Chatiwi oferece um espa\u00e7o flex\u00edvel para isso.<\/p>\n<h2>Principais recursos<\/h2>\n<p>1. Salas de bate-papo p\u00fablico ao vivo<br \/>\nA principal atra\u00e7\u00e3o do Chatiwi \u00e9 sua variedade de salas de bate-papo abertas e tem\u00e1ticas. De \u201cChat geral\u201d a salas de interesses especiais, os usu\u00e1rios podem participar de qualquer discuss\u00e3o com um \u00fanico clique, conversar em tempo real e <a href=\"https:\/\/strangercam.com\/pt-br\/coomeet\/\">conhecer<\/a> pessoas de todo o mundo.<\/p>\n<p>2. Chat privado individual<br \/>\nDeseja uma conversa mais pessoal? O Chatiwi permite que os usu\u00e1rios passem de salas p\u00fablicas para mensagens privadas, possibilitando conex\u00f5es mais profundas, conselhos amig\u00e1veis ou discuss\u00f5es confidenciais.<\/p>\n<p>3. N\u00e3o \u00e9 necess\u00e1rio registro<br \/>\nComo os melhores sites de bate-papo da velha guarda, o Chatiwi permite que voc\u00ea comece a conversar imediatamente. Basta escolher um apelido - n\u00e3o \u00e9 necess\u00e1rio e-mail, n\u00famero de telefone ou m\u00eddia social.<\/p>\n<p>4. Compat\u00edvel com v\u00e1rios dispositivos e dispositivos m\u00f3veis<br \/>\nO Chatiwi \u00e9 totalmente responsivo e funciona sem problemas em navegadores de desktop e m\u00f3veis, o que o torna perfeito para bate-papos em qualquer lugar.<\/p>\n<p>5. Interface simples e moderna<br \/>\nO design limpo do site reduz ao m\u00ednimo as distra\u00e7\u00f5es. As mensagens s\u00e3o claras, as salas s\u00e3o f\u00e1ceis de navegar e os controles essenciais (silenciar, bloquear, denunciar) est\u00e3o sempre \u00e0 m\u00e3o.<\/p>\n<p>6. Seguran\u00e7a do usu\u00e1rio e ferramentas de modera\u00e7\u00e3o<br \/>\nO Chatiwi usa uma combina\u00e7\u00e3o de moderadores ao vivo e recursos de den\u00fancia na sala para ajudar a manter um ambiente seguro e respeitoso.<\/p>\n<p>7. Grande variedade de t\u00f3picos<br \/>\nDe salas de bate-papo regionais a grupos de interesses especiais, h\u00e1 um espa\u00e7o para todos, seja para discutir m\u00fasica, esportes, vida ou apenas para se divertir.<\/p>\n<h2>O Chatiwi \u00e9 gratuito?<\/h2>\n<p>O Chatiwi \u00e9 100% gratuito para uso. N\u00e3o h\u00e1 taxas ocultas, assinaturas ou paywalls. Todos os recursos - salas p\u00fablicas, mensagens privadas e ferramentas de modera\u00e7\u00e3o - s\u00e3o acess\u00edveis a todos.<\/p>\n<p>A plataforma pode exibir an\u00fancios leves e n\u00e3o intrusivos para apoiar o site, mas eles nunca interferem na experi\u00eancia do bate-papo.<\/p>\n<h2>Quem usa o Chatiwi?<\/h2>\n<p>O Chatiwi atrai uma base de usu\u00e1rios global e diversificada, assim como o Chatiw e o Chatib. Os usu\u00e1rios t\u00edpicos incluem:<\/p>\n<ul>\n<li>Adultos de 18 a 40 anos, embora haja uma mistura de participantes mais velhos e mais jovens<\/li>\n<li>Pessoas da Am\u00e9rica do Norte, Europa, Am\u00e9rica do Sul, \u00cdndia e Oriente M\u00e9dio<\/li>\n<li>Estudantes, profissionais, viajantes, expatriados e qualquer pessoa em busca de amizade ou conversa casual<\/li>\n<\/ul>\n<p>Motivos comuns para ingressar no Chatiwi:<\/p>\n<ul>\n<li>Fazer novos amigos e expandir seu c\u00edrculo social<\/li>\n<li>Passar o tempo, relaxar ou fugir do estresse di\u00e1rio<\/li>\n<li>Conversar sobre hobbies, m\u00fasica, cultura ou eventos mundiais<\/li>\n<li>Buscando conselhos, compartilhando hist\u00f3rias ou apenas conversando por divers\u00e3o<\/li>\n<\/ul>\n<p>A variedade de salas de bate-papo garante que todos possam encontrar um espa\u00e7o onde se sintam confort\u00e1veis e inclu\u00eddos.<\/p>\n<h2>Seguran\u00e7a, privacidade e modera\u00e7\u00e3o<\/h2>\n<p>O Chatiwi valoriza a privacidade do usu\u00e1rio e a seguran\u00e7a das conversas. Veja como ele mant\u00e9m a plataforma segura e acolhedora:<\/p>\n<h3>Privacidade<\/h3>\n<ul>\n<li>N\u00e3o \u00e9 necess\u00e1rio criar uma conta ou fornecer informa\u00e7\u00f5es pessoais<\/li>\n<li>Os bate-papos n\u00e3o s\u00e3o arquivados ou pesquis\u00e1veis publicamente<\/li>\n<li>Os usu\u00e1rios interagem por meio de apelidos escolhidos<\/li>\n<\/ul>\n<h3>Modera\u00e7\u00e3o<\/h3>\n<ul>\n<li>Moderadores ao vivo supervisionam as salas p\u00fablicas durante os hor\u00e1rios de pico<\/li>\n<li>A den\u00fancia e o bloqueio no chat permitem que os usu\u00e1rios sinalizem comportamentos inadequados ou spam<\/li>\n<li>Diretrizes claras da comunidade contra bullying, ass\u00e9dio e conduta perturbadora<\/li>\n<\/ul>\n<h3>Controle do usu\u00e1rio<\/h3>\n<ul>\n<li>Bloqueie ou silencie instantaneamente qualquer usu\u00e1rio perturbador<\/li>\n<li>Troque facilmente de sala ou mude seu apelido a qualquer momento<\/li>\n<li>Passe a usar chats privados apenas com usu\u00e1rios em quem voc\u00ea confia<\/li>\n<\/ul>\n<p>Embora nenhuma sala de bate-papo possa garantir uma experi\u00eancia perfeita, a modera\u00e7\u00e3o ativa do Chatiwi e as ferramentas de seguran\u00e7a orientadas pelo usu\u00e1rio fazem dele uma op\u00e7\u00e3o melhor do que a maioria para uma conversa respeitosa e amig\u00e1vel.<\/p>\n<h2>Experi\u00eancia do usu\u00e1rio e design<\/h2>\n<p>O Chatiwi proporciona uma experi\u00eancia de bate-papo suave e intuitiva:<\/p>\n<ul>\n<li>A p\u00e1gina inicial oferece f\u00e1cil sele\u00e7\u00e3o de salas e inser\u00e7\u00e3o de apelidos<\/li>\n<li>As salas de bate-papo carregam instantaneamente, mesmo em dispositivos m\u00f3veis<\/li>\n<li>A entrega de mensagens \u00e9 r\u00e1pida e confi\u00e1vel, mesmo em hor\u00e1rios de pico<\/li>\n<li>As notifica\u00e7\u00f5es e os convites para bate-papo privado s\u00e3o simples de gerenciar<\/li>\n<li>Os controles para bloquear, silenciar ou denunciar s\u00e3o proeminentes e f\u00e1ceis de usar<\/li>\n<\/ul>\n<p>O Chatiwi evita desordem, pop-ups e menus confusos, tornando-o acess\u00edvel a usu\u00e1rios de todas as idades e experi\u00eancias tecnol\u00f3gicas.<\/p>\n<h2>Chatiwi vs. Outras plataformas de salas de bate-papo<\/h2>\n<p>Como o Chatiwi se compara a seus antecessores e colegas?<\/p>\n<table>\n<thead>\n<tr>\n<th>Recurso<\/th>\n<th>Chatiwi<\/th>\n<th>Chatiw<\/th>\n<th>Chatib<\/th>\n<th>OnlineFreeChat<\/th>\n<th><a href=\"https:\/\/strangercam.com\/pt-br\/wireclub\/\">Wireclub<\/a><\/th>\n<\/tr>\n<\/thead>\n<tbody>\n<tr>\n<td>Acesso gratuito<\/td>\n<td>Sim<\/td>\n<td>Sim<\/td>\n<td>Sim<\/td>\n<td>Sim<\/td>\n<td>Sim<\/td>\n<\/tr>\n<tr>\n<td>N\u00e3o \u00e9 necess\u00e1rio registro<\/td>\n<td>Sim<\/td>\n<td>Sim<\/td>\n<td>Sim<\/td>\n<td>Sim<\/td>\n<td>N\u00e3o<\/td>\n<\/tr>\n<tr>\n<td>Salas de bate-papo tem\u00e1ticas<\/td>\n<td>Sim<\/td>\n<td>Sim<\/td>\n<td>Sim<\/td>\n<td>Sim<\/td>\n<td>Sim<\/td>\n<\/tr>\n<tr>\n<td>Mensagens privadas<\/td>\n<td>Sim<\/td>\n<td>Sim<\/td>\n<td>Sim<\/td>\n<td>Sim<\/td>\n<td>Sim<\/td>\n<\/tr>\n<tr>\n<td>Suporte m\u00f3vel<\/td>\n<td>Excelente<\/td>\n<td>Bom<\/td>\n<td>Bom<\/td>\n<td>Excelente<\/td>\n<td>Bom<\/td>\n<\/tr>\n<tr>\n<td>Ferramentas de modera\u00e7\u00e3o<\/td>\n<td>Forte<\/td>\n<td>Moderado<\/td>\n<td>Moderado<\/td>\n<td>Forte<\/td>\n<td>Forte<\/td>\n<\/tr>\n<tr>\n<td>An\u00fancios<\/td>\n<td>M\u00ednimo<\/td>\n<td>Sim<\/td>\n<td>Sim<\/td>\n<td>M\u00ednimo<\/td>\n<td>Sim<\/td>\n<\/tr>\n<\/tbody>\n<\/table>\n<p>Resumo: o Chatiwi iguala ou supera seus rivais em todas as \u00e1reas importantes - oferecendo acesso instant\u00e2neo e gratuito, design moderno e modera\u00e7\u00e3o eficaz, com melhor suporte m\u00f3vel e uma vibra\u00e7\u00e3o de comunidade mais acolhedora.<\/p>\n<h2>Pr\u00f3s e contras<\/h2>\n<p>Pr\u00f3s:<\/p>\n<ul>\n<li>100% bate-papo gratuito e an\u00f4nimo<\/li>\n<li>N\u00e3o \u00e9 necess\u00e1rio registrar-se ou fazer download<\/li>\n<li>Base de usu\u00e1rios global ativa e amig\u00e1vel<\/li>\n<li>Op\u00e7\u00f5es de bate-papo em grupo e privado<\/li>\n<li>Interface r\u00e1pida e moderna com forte suporte a dispositivos m\u00f3veis<\/li>\n<li>Modera\u00e7\u00e3o ativa e ferramentas de seguran\u00e7a robustas<\/li>\n<\/ul>\n<p>Contras:<\/p>\n<ul>\n<li>Sem bate-papo por v\u00eddeo (somente baseado em texto)<\/li>\n<li>Usu\u00e1rios ocasionalmente perturbadores, embora geralmente sejam tratados com rapidez<\/li>\n<li>Sem perfis de longo prazo ou hist\u00f3rico de usu\u00e1rio<\/li>\n<li>A popularidade dos quartos pode variar em hor\u00e1rios fora de pico<\/li>\n<\/ul>\n<h2>Casos de uso ideais<\/h2>\n<p>O Chatiwi \u00e9 perfeito para:<\/p>\n<ul>\n<li>Qualquer pessoa que tenha gostado do Chatiw ou Chatib cl\u00e1ssico, mas que queira uma experi\u00eancia mais moderna e compat\u00edvel com dispositivos m\u00f3veis<\/li>\n<li>Pessoas que buscam uma maneira r\u00e1pida, gratuita e f\u00e1cil de conversar com estranhos<\/li>\n<li>Expatriados, viajantes ou estudantes de idiomas que desejam se conectar em todo o mundo<\/li>\n<li>Usu\u00e1rios que valorizam a privacidade e a simplicidade na socializa\u00e7\u00e3o on-line<\/li>\n<\/ul>\n<p>Menos ideal para:<\/p>\n<ul>\n<li>Aqueles que buscam especificamente plataformas de bate-papo por v\u00eddeo<\/li>\n<li>Usu\u00e1rios menores de 18 anos (a plataforma \u00e9 apenas para adultos)<\/li>\n<li>Pessoas que desejam recursos avan\u00e7ados de correspond\u00eancia ou namoro<\/li>\n<\/ul>\n<p>O Chatiwi \u00e9 uma alternativa de alto n\u00edvel ao Chatiw e ao Chatib, oferecendo o melhor das salas de bate-papo on-line cl\u00e1ssicas com um toque moderno. R\u00e1pido, gratuito, an\u00f4nimo e pronto para dispositivos m\u00f3veis, \u00e9 uma das maneiras mais f\u00e1ceis de conhecer novas pessoas, fazer amigos ou desfrutar de um animado bate-papo em grupo em 2025.<\/p>\n<p>Com modera\u00e7\u00e3o eficaz, um design amig\u00e1vel e uma comunidade global acolhedora, o Chatiwi oferece exatamente o que os usu\u00e1rios querem de uma plataforma de sala de bate-papo: conversas espont\u00e2neas, genu\u00ednas e seguras, a qualquer hora e em qualquer lugar.<\/p>\n<p>Se voc\u00ea est\u00e1 procurando uma sala de bate-papo simples e acess\u00edvel para participar hoje, vale a pena experimentar o Chatiwi.<\/p>","protected":false},"excerpt":{"rendered":"<p>The world of online chat rooms has evolved rapidly, but the demand for simple, instant, and anonymous social platforms is stronger than ever. As older sites like Chatiw and Chatib struggle to keep up with modern user expectations, Chatiwi steps in as a new alternative\u2014offering classic live chat rooms, private messaging, and a friendly, global [&hellip;]<\/p>\n","protected":false},"author":6,"featured_media":0,"parent":0,"menu_order":0,"comment_status":"closed","ping_status":"closed","template":"","meta":{"footnotes":""},"class_list":["post-12942","page","type-page","status-publish","hentry"],"yoast_head":"<!-- This site is optimized with the Yoast SEO plugin v27.4 - https:\/\/yoast.com\/product\/yoast-seo-wordpress\/ -->\n<title>Chatiwi - Your Anonymous Encrypted Chat - StrangerCam<\/title>\n<meta name=\"description\" content=\"Like Chatiwi? Come chat with more than 5.000.000 strangers on Stranger Cam for Free! Turn on your cam and find new friends &amp; maby a match!\" \/>\n<meta name=\"robots\" content=\"index, follow, max-snippet:-1, max-image-preview:large, max-video-preview:-1\" \/>\n<link rel=\"canonical\" href=\"https:\/\/strangercam.com\/pt-br\/chatiwi\/\" \/>\n<meta property=\"og:locale\" content=\"pt_BR\" \/>\n<meta property=\"og:type\" content=\"article\" \/>\n<meta property=\"og:title\" content=\"Chatiwi - Your Anonymous Encrypted Chat - StrangerCam\" \/>\n<meta property=\"og:description\" content=\"Like Chatiwi? Come chat with more than 5.000.000 strangers on Stranger Cam for Free! Turn on your cam and find new friends &amp; maby a match!\" \/>\n<meta property=\"og:url\" content=\"https:\/\/strangercam.com\/pt-br\/chatiwi\/\" \/>\n<meta property=\"og:site_name\" content=\"Strangercam\" \/>\n<meta property=\"article:publisher\" content=\"https:\/\/www.facebook.com\/strangercam\" \/>\n<meta property=\"og:image\" content=\"https:\/\/strangercam.com\/wp-content\/uploads\/2021\/10\/Untitled-2.png\" \/>\n\t<meta property=\"og:image:width\" content=\"800\" \/>\n\t<meta property=\"og:image:height\" content=\"532\" \/>\n\t<meta property=\"og:image:type\" content=\"image\/png\" \/>\n<meta name=\"twitter:card\" content=\"summary_large_image\" \/>\n<meta name=\"twitter:site\" content=\"@strangercamapp\" \/>\n<meta name=\"twitter:label1\" content=\"Est. tempo de leitura\" \/>\n\t<meta name=\"twitter:data1\" content=\"6 minutos\" \/>\n<script type=\"application\/ld+json\" class=\"yoast-schema-graph\">{\"@context\":\"https:\\\/\\\/schema.org\",\"@graph\":[{\"@type\":\"WebPage\",\"@id\":\"https:\\\/\\\/strangercam.com\\\/chatiwi\\\/\",\"url\":\"https:\\\/\\\/strangercam.com\\\/chatiwi\\\/\",\"name\":\"Chatiwi - Your Anonymous Encrypted Chat - StrangerCam\",\"isPartOf\":{\"@id\":\"https:\\\/\\\/strangercam.com\\\/#website\"},\"datePublished\":\"2025-07-28T09:02:46+00:00\",\"description\":\"Like Chatiwi? Come chat with more than 5.000.000 strangers on Stranger Cam for Free! Turn on your cam and find new friends & maby a match!\",\"breadcrumb\":{\"@id\":\"https:\\\/\\\/strangercam.com\\\/chatiwi\\\/#breadcrumb\"},\"inLanguage\":\"pt-BR\",\"potentialAction\":[{\"@type\":\"ReadAction\",\"target\":[\"https:\\\/\\\/strangercam.com\\\/chatiwi\\\/\"]}]},{\"@type\":\"BreadcrumbList\",\"@id\":\"https:\\\/\\\/strangercam.com\\\/chatiwi\\\/#breadcrumb\",\"itemListElement\":[{\"@type\":\"ListItem\",\"position\":1,\"name\":\"Home\",\"item\":\"https:\\\/\\\/strangercam.com\\\/\"},{\"@type\":\"ListItem\",\"position\":2,\"name\":\"Chatiwi\"}]},{\"@type\":\"WebSite\",\"@id\":\"https:\\\/\\\/strangercam.com\\\/#website\",\"url\":\"https:\\\/\\\/strangercam.com\\\/\",\"name\":\"Strangercam\",\"description\":\"Random Video Chat with Strangers\",\"publisher\":{\"@id\":\"https:\\\/\\\/strangercam.com\\\/#organization\"},\"alternateName\":\"Strangercam.com\",\"potentialAction\":[{\"@type\":\"SearchAction\",\"target\":{\"@type\":\"EntryPoint\",\"urlTemplate\":\"https:\\\/\\\/strangercam.com\\\/?s={search_term_string}\"},\"query-input\":{\"@type\":\"PropertyValueSpecification\",\"valueRequired\":true,\"valueName\":\"search_term_string\"}}],\"inLanguage\":\"pt-BR\"},{\"@type\":\"Organization\",\"@id\":\"https:\\\/\\\/strangercam.com\\\/#organization\",\"name\":\"Strangercam\",\"alternateName\":\"Strangercam.com\",\"url\":\"https:\\\/\\\/strangercam.com\\\/\",\"logo\":{\"@type\":\"ImageObject\",\"inLanguage\":\"pt-BR\",\"@id\":\"https:\\\/\\\/strangercam.com\\\/#\\\/schema\\\/logo\\\/image\\\/\",\"url\":\"https:\\\/\\\/strangercam.com\\\/wp-content\\\/uploads\\\/2020\\\/11\\\/cropped-new-favicon-black.png\",\"contentUrl\":\"https:\\\/\\\/strangercam.com\\\/wp-content\\\/uploads\\\/2020\\\/11\\\/cropped-new-favicon-black.png\",\"width\":512,\"height\":512,\"caption\":\"Strangercam\"},\"image\":{\"@id\":\"https:\\\/\\\/strangercam.com\\\/#\\\/schema\\\/logo\\\/image\\\/\"},\"sameAs\":[\"https:\\\/\\\/www.facebook.com\\\/strangercam\",\"https:\\\/\\\/x.com\\\/strangercamapp\"]}]}<\/script>\n<!-- \/ Yoast SEO plugin. -->","yoast_head_json":{"title":"Chatiwi - Seu bate-papo an\u00f4nimo criptografado - StrangerCam","description":"Gosta do Chatiwi? Venha bater papo com mais de 5.000.000 de desconhecidos no Stranger Cam de gra\u00e7a! Ligue sua c\u00e2mera e encontre novos amigos e talvez um par!","robots":{"index":"index","follow":"follow","max-snippet":"max-snippet:-1","max-image-preview":"max-image-preview:large","max-video-preview":"max-video-preview:-1"},"canonical":"https:\/\/strangercam.com\/pt-br\/chatiwi\/","og_locale":"pt_BR","og_type":"article","og_title":"Chatiwi - Your Anonymous Encrypted Chat - StrangerCam","og_description":"Like Chatiwi? Come chat with more than 5.000.000 strangers on Stranger Cam for Free! Turn on your cam and find new friends & maby a match!","og_url":"https:\/\/strangercam.com\/pt-br\/chatiwi\/","og_site_name":"Strangercam","article_publisher":"https:\/\/www.facebook.com\/strangercam","og_image":[{"width":800,"height":532,"url":"https:\/\/strangercam.com\/wp-content\/uploads\/2021\/10\/Untitled-2.png","type":"image\/png"}],"twitter_card":"summary_large_image","twitter_site":"@strangercamapp","twitter_misc":{"Est. tempo de leitura":"6 minutos"},"schema":{"@context":"https:\/\/schema.org","@graph":[{"@type":"WebPage","@id":"https:\/\/strangercam.com\/chatiwi\/","url":"https:\/\/strangercam.com\/chatiwi\/","name":"Chatiwi - Seu bate-papo an\u00f4nimo criptografado - StrangerCam","isPartOf":{"@id":"https:\/\/strangercam.com\/#website"},"datePublished":"2025-07-28T09:02:46+00:00","description":"Gosta do Chatiwi? Venha bater papo com mais de 5.000.000 de desconhecidos no Stranger Cam de gra\u00e7a! Ligue sua c\u00e2mera e encontre novos amigos e talvez um par!","breadcrumb":{"@id":"https:\/\/strangercam.com\/chatiwi\/#breadcrumb"},"inLanguage":"pt-BR","potentialAction":[{"@type":"ReadAction","target":["https:\/\/strangercam.com\/chatiwi\/"]}]},{"@type":"BreadcrumbList","@id":"https:\/\/strangercam.com\/chatiwi\/#breadcrumb","itemListElement":[{"@type":"ListItem","position":1,"name":"Home","item":"https:\/\/strangercam.com\/"},{"@type":"ListItem","position":2,"name":"Chatiwi"}]},{"@type":"WebSite","@id":"https:\/\/strangercam.com\/#website","url":"https:\/\/strangercam.com\/","name":"Strangercam","description":"Bate-papo por v\u00eddeo aleat\u00f3rio com estranhos","publisher":{"@id":"https:\/\/strangercam.com\/#organization"},"alternateName":"Strangercam.com","potentialAction":[{"@type":"SearchAction","target":{"@type":"EntryPoint","urlTemplate":"https:\/\/strangercam.com\/?s={search_term_string}"},"query-input":{"@type":"PropertyValueSpecification","valueRequired":true,"valueName":"search_term_string"}}],"inLanguage":"pt-BR"},{"@type":"Organization","@id":"https:\/\/strangercam.com\/#organization","name":"Strangercam","alternateName":"Strangercam.com","url":"https:\/\/strangercam.com\/","logo":{"@type":"ImageObject","inLanguage":"pt-BR","@id":"https:\/\/strangercam.com\/#\/schema\/logo\/image\/","url":"https:\/\/strangercam.com\/wp-content\/uploads\/2020\/11\/cropped-new-favicon-black.png","contentUrl":"https:\/\/strangercam.com\/wp-content\/uploads\/2020\/11\/cropped-new-favicon-black.png","width":512,"height":512,"caption":"Strangercam"},"image":{"@id":"https:\/\/strangercam.com\/#\/schema\/logo\/image\/"},"sameAs":["https:\/\/www.facebook.com\/strangercam","https:\/\/x.com\/strangercamapp"]}]}},"_links":{"self":[{"href":"https:\/\/strangercam.com\/pt-br\/wp-json\/wp\/v2\/pages\/12942","targetHints":{"allow":["GET"]}}],"collection":[{"href":"https:\/\/strangercam.com\/pt-br\/wp-json\/wp\/v2\/pages"}],"about":[{"href":"https:\/\/strangercam.com\/pt-br\/wp-json\/wp\/v2\/types\/page"}],"author":[{"embeddable":true,"href":"https:\/\/strangercam.com\/pt-br\/wp-json\/wp\/v2\/users\/6"}],"replies":[{"embeddable":true,"href":"https:\/\/strangercam.com\/pt-br\/wp-json\/wp\/v2\/comments?post=12942"}],"version-history":[{"count":1,"href":"https:\/\/strangercam.com\/pt-br\/wp-json\/wp\/v2\/pages\/12942\/revisions"}],"predecessor-version":[{"id":12943,"href":"https:\/\/strangercam.com\/pt-br\/wp-json\/wp\/v2\/pages\/12942\/revisions\/12943"}],"wp:attachment":[{"href":"https:\/\/strangercam.com\/pt-br\/wp-json\/wp\/v2\/media?parent=12942"}],"curies":[{"name":"wp","href":"https:\/\/api.w.org\/{rel}","templated":true}]}}