{"id":12939,"date":"2025-07-28T11:00:18","date_gmt":"2025-07-28T09:00:18","guid":{"rendered":"https:\/\/strangercam.com\/?page_id=12939"},"modified":"2025-07-28T11:00:18","modified_gmt":"2025-07-28T09:00:18","slug":"chitchattv","status":"publish","type":"page","link":"https:\/\/strangercam.com\/pt-br\/chitchattv\/","title":{"rendered":"ChitChatTV"},"content":{"rendered":"<p>Com a ascens\u00e3o (e, \u00e0s vezes, a queda) do v\u00eddeo popular <a href=\"https:\/\/strangercam.com\/pt-br\/chathub\/\">bate-papo<\/a> aplicativos como Monkey, Azar e <a href=\"https:\/\/strangercam.com\/pt-br\/ometv\/\">OmeTV<\/a>, Na atualidade, o cen\u00e1rio de bate-papo on-line nunca foi t\u00e3o competitivo - ou mais inovador. O ChitChatTV \u00e9 um novo concorrente no espa\u00e7o de bate-papo por v\u00eddeo aleat\u00f3rio, prometendo conex\u00f5es instant\u00e2neas, globais e individuais, al\u00e9m de uma experi\u00eancia animada e compat\u00edvel com dispositivos m\u00f3veis que atrai a gera\u00e7\u00e3o TikTok e outras.<\/p>\n<p>O ChitChatTV \u00e9 capaz de cumprir o que seus antecessores deixaram de fazer? Como funciona, para quem se destina e \u00e9 realmente a melhor nova maneira de <a href=\"https:\/\/strangercam.com\/pt-br\/coomeet\/\">conhecer<\/a> estranhos on-line? Nesta an\u00e1lise detalhada, exploramos tudo o que voc\u00ea precisa saber sobre o ChitChatTV: seus recursos, experi\u00eancia do usu\u00e1rio, padr\u00f5es de seguran\u00e7a e como ele se compara aos maiores nomes do bate-papo por v\u00eddeo para 2025.<\/p>\n<h2>O que \u00e9 ChitChatTV?<\/h2>\n<p>O ChitChatTV \u00e9 uma plataforma moderna de bate-papo por v\u00eddeo aleat\u00f3rio baseada em navegador que conecta voc\u00ea instantaneamente a estranhos de todo o mundo para conversas privadas, ao vivo e cara a cara. Assim como o Monkey e o OmeTV, o ChitChatTV foi projetado para conex\u00f5es espont\u00e2neas e em tempo real, sem necessidade de registro e com foco na velocidade, simplicidade e divers\u00e3o.<\/p>\n<p>A plataforma atende a um p\u00fablico diversificado e internacional - seja para fazer amigos, praticar um idioma, paquerar ou simplesmente passar o tempo em um ambiente social seguro. Com um forte design que prioriza os dispositivos m\u00f3veis, o ChitChatTV \u00e9 f\u00e1cil de usar tanto em telefones quanto em desktops, tornando-o acess\u00edvel aos usu\u00e1rios onde quer que estejam.<\/p>\n<h2>Qual \u00e9 o objetivo do ChitChatTV?<\/h2>\n<p>A miss\u00e3o do ChitChatTV \u00e9 reviver a emo\u00e7\u00e3o de conhecer novas pessoas on-line em um ambiente seguro, f\u00e1cil de usar e moderno. Ele se destaca por enfatizar:<\/p>\n<ul>\n<li>Acesso r\u00e1pido e sem atrito - sem downloads, sem perfis, sem necessidade de m\u00eddia social<\/li>\n<li>Intera\u00e7\u00e3o humana real e sem script, em vez de conte\u00fado algor\u00edtmico ou com curadoria<\/li>\n<li>Uma vibra\u00e7\u00e3o nova e jovial que atrai tanto a gera\u00e7\u00e3o Z quanto a gera\u00e7\u00e3o do mil\u00eanio que buscam experi\u00eancias sociais digitais mais genu\u00ednas<\/li>\n<\/ul>\n<p>N\u00e3o importa se voc\u00ea deseja uma risada r\u00e1pida, um amigo internacional ou uma maneira divertida de escapar do t\u00e9dio, o ChitChatTV foi projetado para ser o lugar onde as conversas globais come\u00e7am.<\/p>\n<h2>Principais recursos<\/h2>\n<p>1. Chat de v\u00eddeo aleat\u00f3rio instant\u00e2neo<br \/>\nO principal recurso do ChitChatTV \u00e9 o bate-papo por v\u00eddeo individual: clique para iniciar e voc\u00ea ser\u00e1 imediatamente combinado com outro usu\u00e1rio on-line para uma conversa privada e ao vivo. N\u00e3o h\u00e1 necessidade de esperar por aprova\u00e7\u00f5es, correspond\u00eancias ou filas de salas - apenas voc\u00ea e seu parceiro de bate-papo, cara a cara.<\/p>\n<p>2. Bot\u00e3o Next\/Skip para correspond\u00eancia r\u00e1pida<br \/>\nSe voc\u00ea n\u00e3o estiver interessado em uma conversa espec\u00edfica, poder\u00e1 pular para o pr\u00f3ximo usu\u00e1rio instantaneamente. Essa experi\u00eancia de ciclo r\u00e1pido imita o estilo viciante e r\u00e1pido que tornou o Monkey e o <a href=\"https:\/\/strangercam.com\/pt-br\/omegle\/\">Omegle<\/a> popular.<\/p>\n<p>3. Bate-papo por texto e emojis<br \/>\nAl\u00e9m do v\u00eddeo, voc\u00ea pode enviar mensagens de texto e emojis no bate-papo. Isso \u00e9 perfeito para quebrar o gelo, compartilhar piadas ou comunicar-se quando h\u00e1 barreiras lingu\u00edsticas.<\/p>\n<p>4. Sem registro ou cria\u00e7\u00e3o de conta<br \/>\nO ChitChatTV tem tudo a ver com privacidade e velocidade. Os usu\u00e1rios n\u00e3o precisam se registrar nem fornecer detalhes pessoais para come\u00e7ar a conversar, o que mant\u00e9m a experi\u00eancia an\u00f4nima e sem complica\u00e7\u00f5es.<\/p>\n<p>5. Design responsivo e que prioriza os dispositivos m\u00f3veis<br \/>\nA plataforma funciona perfeitamente em navegadores m\u00f3veis e de desktop. A interface do usu\u00e1rio \u00e9 otimizada para toque, carrega rapidamente e \u00e9 f\u00e1cil de navegar, o que a torna ideal para bate-papos em qualquer lugar.<\/p>\n<p>6. Alcance global e comunidade multil\u00edngue<br \/>\nO ChitChatTV conecta pessoas de todo o mundo, facilitando o encontro de novos amigos, a pr\u00e1tica de diferentes idiomas e a viv\u00eancia de uma variedade de culturas em tempo real.<\/p>\n<p>7. Ferramentas de seguran\u00e7a e modera\u00e7\u00e3o<br \/>\nA seguran\u00e7a do usu\u00e1rio \u00e9 apoiada por um bot\u00e3o de den\u00fancia no bate-papo e sistemas de modera\u00e7\u00e3o (com tecnologia de IA e revisados por humanos) que visam limitar o comportamento inadequado e manter a plataforma acolhedora para todos.<\/p>\n<h2>O ChitChatTV \u00e9 gratuito?<\/h2>\n<p>Sim, o ChitChatTV \u00e9 totalmente gratuito. Existem:<\/p>\n<ul>\n<li>Sem paywalls, assinaturas ou tokens<\/li>\n<li>Acesso ilimitado a bate-papo por v\u00eddeo e texto<\/li>\n<li>N\u00e3o h\u00e1 necessidade de contas premium para desbloquear recursos<\/li>\n<\/ul>\n<p>Embora possa haver an\u00fancios ocasionais n\u00e3o intrusivos para dar suporte \u00e0 plataforma, todos os usu\u00e1rios t\u00eam acesso igual \u00e0 experi\u00eancia principal de bate-papo.<\/p>\n<h2>Quem usa o ChitChatTV?<\/h2>\n<p>O design e a vibra\u00e7\u00e3o do ChitChatTV atraem um grande p\u00fablico internacional:<\/p>\n<ul>\n<li>Faixa et\u00e1ria: Principalmente de 18 a 30 anos, mas adultos de todas as idades participam<\/li>\n<li>Base de usu\u00e1rios: Estudantes, jovens profissionais, viajantes, n\u00f4mades digitais, aprendizes de idiomas e conversadores casuais<\/li>\n<li>Localiza\u00e7\u00f5es: Bases de usu\u00e1rios ativos nos Estados Unidos, Reino Unido, Europa, Brasil, \u00cdndia, Sudeste Asi\u00e1tico e muito mais<\/li>\n<\/ul>\n<p>As pessoas participam do ChitChatTV por v\u00e1rios motivos:<\/p>\n<ul>\n<li>Fazer novos amigos e expandir seu c\u00edrculo social global<\/li>\n<li>Paquerar ou encontrar solteiros com a mesma opini\u00e3o em um espa\u00e7o seguro e sem press\u00e3o<\/li>\n<li>Praticar idiomas ou aprender sobre diferentes culturas<\/li>\n<li>Passar o tempo, fugir do t\u00e9dio ou buscar conversas genu\u00ednas<\/li>\n<\/ul>\n<h2>Seguran\u00e7a, privacidade e modera\u00e7\u00e3o<\/h2>\n<p>O ChitChatTV entende que a privacidade e a seguran\u00e7a s\u00e3o cruciais para as plataformas de bate-papo por v\u00eddeo e implementa v\u00e1rias medidas para proteger os usu\u00e1rios:<\/p>\n<h3>Privacidade<\/h3>\n<ul>\n<li>N\u00e3o s\u00e3o necess\u00e1rias contas, inscri\u00e7\u00f5es ou informa\u00e7\u00f5es pessoais<\/li>\n<li>Os bate-papos n\u00e3o s\u00e3o salvos ou tornados p\u00fablicos<\/li>\n<li>Voc\u00ea controla o acesso \u00e0 webcam e ao microfone o tempo todo<\/li>\n<\/ul>\n<h3>Modera\u00e7\u00e3o<\/h3>\n<ul>\n<li>Relat\u00f3rios em tempo real no chat: Denuncie facilmente qualquer comportamento inadequado<\/li>\n<li>Detec\u00e7\u00e3o baseada em IA: Filtra e bloqueia determinados conte\u00fados expl\u00edcitos<\/li>\n<li>Moderadores humanos: Revisam os usu\u00e1rios sinalizados e aplicam as diretrizes da comunidade<\/li>\n<li>Bloqueio r\u00e1pido: Ignore ou bloqueie instantaneamente qualquer pessoa que esteja lhe causando desconforto<\/li>\n<\/ul>\n<h3>Dicas do usu\u00e1rio<\/h3>\n<ul>\n<li>Nunca compartilhe detalhes pessoais, como nome completo, endere\u00e7o ou links de m\u00eddia social<\/li>\n<li>Use os bot\u00f5es \"Next\" e \"Report\" conforme necess\u00e1rio<\/li>\n<li>Encerre qualquer bate-papo que pare\u00e7a desconfort\u00e1vel ou suspeito<\/li>\n<\/ul>\n<p>O ChitChatTV \u00e9 apenas para adultos (18+), e os usu\u00e1rios s\u00e3o incentivados a manter intera\u00e7\u00f5es respeitosas e leves.<\/p>\n<h2>Experi\u00eancia do usu\u00e1rio e design<\/h2>\n<p>O ChitChatTV oferece uma interface moderna, simples e intuitiva. A p\u00e1gina inicial apresenta um bot\u00e3o \"Start Chat\" em negrito e informa\u00e7\u00f5es claras sobre privacidade e regras. Com apenas dois cliques, voc\u00ea estar\u00e1 ao vivo em um bate-papo privado.<\/p>\n<p>Destaques:<\/p>\n<ul>\n<li>Carregamento r\u00e1pido e correspond\u00eancia quase instant\u00e2nea<\/li>\n<li>Janelas de v\u00eddeo grandes e claras para facilitar as conversas face a face<\/li>\n<li>Controles suaves para silenciar, pular, relatar e encerrar bate-papos<\/li>\n<li>Layout limpo e leve, sem pop-ups ou desordem<\/li>\n<li>Forte compatibilidade com dispositivos m\u00f3veis para bate-papo em qualquer lugar, a qualquer hora<\/li>\n<\/ul>\n<p>Em compara\u00e7\u00e3o com os sites de bate-papo antigos, o ChitChatTV parece mais leve, mais r\u00e1pido e mais envolvente, especialmente para p\u00fablicos mais jovens e experientes em dispositivos m\u00f3veis.<\/p>\n<h2>ChitChatTV vs. outras plataformas de bate-papo por v\u00eddeo<\/h2>\n<p>Como o ChitChatTV se compara aos principais aplicativos de bate-papo por v\u00eddeo em 2025?<\/p>\n<table>\n<thead>\n<tr>\n<th>Recurso<\/th>\n<th>ChitChatTV<\/th>\n<th>Macaco<\/th>\n<th>Azar<\/th>\n<th>OmeTV<\/th>\n<th>Chaty<\/th>\n<\/tr>\n<\/thead>\n<tbody>\n<tr>\n<td>Random Video Chat com Estranhos<\/td>\n<td>Sim<\/td>\n<td>Sim<\/td>\n<td>Sim<\/td>\n<td>Sim<\/td>\n<td>Sim<\/td>\n<\/tr>\n<tr>\n<td>Op\u00e7\u00e3o de bate-papo por texto<\/td>\n<td>Sim<\/td>\n<td>Sim<\/td>\n<td>Sim<\/td>\n<td>Sim<\/td>\n<td>Sim<\/td>\n<\/tr>\n<tr>\n<td>Registro necess\u00e1rio<\/td>\n<td>N\u00e3o<\/td>\n<td>Sim<\/td>\n<td>Sim<\/td>\n<td>N\u00e3o<\/td>\n<td>N\u00e3o<\/td>\n<\/tr>\n<tr>\n<td>Compat\u00edvel com dispositivos m\u00f3veis<\/td>\n<td>Excelente<\/td>\n<td>Excelente<\/td>\n<td>Excelente<\/td>\n<td>Bom<\/td>\n<td>Excelente<\/td>\n<\/tr>\n<tr>\n<td>Filtros de g\u00eanero\/regi\u00e3o<\/td>\n<td>N\u00e3o<\/td>\n<td>N\u00e3o<\/td>\n<td>Pago<\/td>\n<td>Pago<\/td>\n<td>N\u00e3o<\/td>\n<\/tr>\n<tr>\n<td>Gratuito para uso<\/td>\n<td>Sim<\/td>\n<td>Sim<\/td>\n<td>Sim\/Pago<\/td>\n<td>Sim\/Pago<\/td>\n<td>Sim<\/td>\n<\/tr>\n<tr>\n<td>Modera\u00e7\u00e3o\/Relat\u00f3rios<\/td>\n<td>Bom<\/td>\n<td>Moderado<\/td>\n<td>Bom<\/td>\n<td>Forte<\/td>\n<td>Moderado<\/td>\n<\/tr>\n<\/tbody>\n<\/table>\n<p>Resumo: o ChitChatTV se aproxima da vibra\u00e7\u00e3o espont\u00e2nea e r\u00e1pida do Monkey e do Azar, mas se destaca por sua abordagem verdadeiramente an\u00f4nima, sem necessidade de registro, e pelo excelente suporte m\u00f3vel.<\/p>\n<h2>Pr\u00f3s e contras<\/h2>\n<p>Pr\u00f3s:<\/p>\n<ul>\n<li>100% gratuito e acess\u00edvel - sem necessidade de registro ou aplicativo<\/li>\n<li>Correspond\u00eancia r\u00e1pida e an\u00f4nima para bate-papo global por v\u00eddeo um a um<\/li>\n<li>Interface moderna e otimizada para dispositivos m\u00f3veis<\/li>\n<li>Chat de texto simples e suporte a emojis<\/li>\n<li>Ferramentas robustas de seguran\u00e7a, relat\u00f3rios e modera\u00e7\u00e3o<\/li>\n<li>Acolhimento de usu\u00e1rios de todo o mundo<\/li>\n<\/ul>\n<p>Contras:<\/p>\n<ul>\n<li>N\u00e3o h\u00e1 filtros para g\u00eanero ou regi\u00e3o (as correspond\u00eancias s\u00e3o totalmente aleat\u00f3rias)<\/li>\n<li>Comportamento inadequado ocasional, apesar da modera\u00e7\u00e3o<\/li>\n<li>Mais usu\u00e1rios homens do que mulheres (comum nesse nicho)<\/li>\n<li>Sem perfis, listas de amigos ou capacidade de reconex\u00e3o<\/li>\n<li>Somente para adultos (18+)<\/li>\n<\/ul>\n<h2>Casos de uso ideais<\/h2>\n<p>O ChitChatTV \u00e9 perfeito para:<\/p>\n<ul>\n<li>F\u00e3s de Monkey, OmeTV e Azar que buscam uma experi\u00eancia nova e an\u00f4nima de bate-papo por v\u00eddeo<\/li>\n<li>Jovens adultos e estudantes que desejam expandir sua rede social global<\/li>\n<li>Estudantes de idiomas, viajantes e expatriados que buscam um interc\u00e2mbio cultural espont\u00e2neo<\/li>\n<li>Qualquer pessoa que queira passar o tempo, fazer amigos ou encontrar um parceiro de bate-papo em um ambiente seguro<\/li>\n<\/ul>\n<p>\u00c9 menos ideal para:<\/p>\n<ul>\n<li>Usu\u00e1rios menores de 18 anos (exig\u00eancia rigorosa de idade)<\/li>\n<li>Aqueles que procuram filtros espec\u00edficos para encontros, correspond\u00eancias ou relacionamentos de longo prazo<\/li>\n<li>As pessoas n\u00e3o se sentem \u00e0 vontade com a intera\u00e7\u00e3o por v\u00eddeo ao vivo e sem roteiro<\/li>\n<\/ul>\n<p>O ChitChatTV \u00e9 uma alternativa moderna e f\u00e1cil de usar para as plataformas de bate-papo por v\u00eddeo aleat\u00f3rio mais populares, trazendo conex\u00f5es r\u00e1pidas, an\u00f4nimas e globais para a pr\u00f3xima gera\u00e7\u00e3o de usu\u00e1rios de bate-papo on-line. Com sua interface limpa, design que prioriza os dispositivos m\u00f3veis e compromisso com a privacidade do usu\u00e1rio, o ChitChatTV captura o entusiasmo do bate-papo cl\u00e1ssico <a href=\"https:\/\/strangercam.com\/pt-br\/chatroulette\/\">roleta<\/a> mas com uma sensa\u00e7\u00e3o mais segura e renovada para 2025.<\/p>\n<p>Se voc\u00ea estiver pronto para descobrir novos rostos, fazer amigos ou apenas se divertir conversando com estranhos do mundo todo, vale a pena experimentar o ChitChatTV - sem registro, sem complica\u00e7\u00f5es, apenas conversas ao vivo.<\/p>","protected":false},"excerpt":{"rendered":"<p>With the rise (and sometimes fall) of popular video chat apps like Monkey, Azar, and OmeTV, the online chat scene has never been more competitive\u2014or more innovative. ChitChatTV is a new contender in the random video chat space, promising instant, global, one-on-one connections and a lively, mobile-friendly experience that appeals to the TikTok generation and [&hellip;]<\/p>\n","protected":false},"author":6,"featured_media":0,"parent":0,"menu_order":0,"comment_status":"closed","ping_status":"closed","template":"","meta":{"footnotes":""},"class_list":["post-12939","page","type-page","status-publish","hentry"],"yoast_head":"<!-- This site is optimized with the Yoast SEO plugin v27.4 - https:\/\/yoast.com\/product\/yoast-seo-wordpress\/ -->\n<title>ChitChatTV - ChitChat Video Chat - StrangerCam<\/title>\n<meta name=\"description\" content=\"Like ChitChatTV? Come chat with more than 5.000.000 strangers on Stranger Cam for Free! Turn on your cam and find new friends &amp; maby a match!\" \/>\n<meta name=\"robots\" content=\"index, follow, max-snippet:-1, max-image-preview:large, max-video-preview:-1\" \/>\n<link rel=\"canonical\" href=\"https:\/\/strangercam.com\/pt-br\/chitchattv\/\" \/>\n<meta property=\"og:locale\" content=\"pt_BR\" \/>\n<meta property=\"og:type\" content=\"article\" \/>\n<meta property=\"og:title\" content=\"ChitChatTV - ChitChat Video Chat - StrangerCam\" \/>\n<meta property=\"og:description\" content=\"Like ChitChatTV? Come chat with more than 5.000.000 strangers on Stranger Cam for Free! Turn on your cam and find new friends &amp; maby a match!\" \/>\n<meta property=\"og:url\" content=\"https:\/\/strangercam.com\/pt-br\/chitchattv\/\" \/>\n<meta property=\"og:site_name\" content=\"Strangercam\" \/>\n<meta property=\"article:publisher\" content=\"https:\/\/www.facebook.com\/strangercam\" \/>\n<meta property=\"og:image\" content=\"https:\/\/strangercam.com\/wp-content\/uploads\/2021\/10\/Untitled-2.png\" \/>\n\t<meta property=\"og:image:width\" content=\"800\" \/>\n\t<meta property=\"og:image:height\" content=\"532\" \/>\n\t<meta property=\"og:image:type\" content=\"image\/png\" \/>\n<meta name=\"twitter:card\" content=\"summary_large_image\" \/>\n<meta name=\"twitter:site\" content=\"@strangercamapp\" \/>\n<meta name=\"twitter:label1\" content=\"Est. tempo de leitura\" \/>\n\t<meta name=\"twitter:data1\" content=\"6 minutos\" \/>\n<script type=\"application\/ld+json\" class=\"yoast-schema-graph\">{\"@context\":\"https:\\\/\\\/schema.org\",\"@graph\":[{\"@type\":\"WebPage\",\"@id\":\"https:\\\/\\\/strangercam.com\\\/chitchattv\\\/\",\"url\":\"https:\\\/\\\/strangercam.com\\\/chitchattv\\\/\",\"name\":\"ChitChatTV - ChitChat Video Chat - StrangerCam\",\"isPartOf\":{\"@id\":\"https:\\\/\\\/strangercam.com\\\/#website\"},\"datePublished\":\"2025-07-28T09:00:18+00:00\",\"description\":\"Like ChitChatTV? Come chat with more than 5.000.000 strangers on Stranger Cam for Free! Turn on your cam and find new friends & maby a match!\",\"breadcrumb\":{\"@id\":\"https:\\\/\\\/strangercam.com\\\/chitchattv\\\/#breadcrumb\"},\"inLanguage\":\"pt-BR\",\"potentialAction\":[{\"@type\":\"ReadAction\",\"target\":[\"https:\\\/\\\/strangercam.com\\\/chitchattv\\\/\"]}]},{\"@type\":\"BreadcrumbList\",\"@id\":\"https:\\\/\\\/strangercam.com\\\/chitchattv\\\/#breadcrumb\",\"itemListElement\":[{\"@type\":\"ListItem\",\"position\":1,\"name\":\"Home\",\"item\":\"https:\\\/\\\/strangercam.com\\\/\"},{\"@type\":\"ListItem\",\"position\":2,\"name\":\"ChitChatTV\"}]},{\"@type\":\"WebSite\",\"@id\":\"https:\\\/\\\/strangercam.com\\\/#website\",\"url\":\"https:\\\/\\\/strangercam.com\\\/\",\"name\":\"Strangercam\",\"description\":\"Random Video Chat with Strangers\",\"publisher\":{\"@id\":\"https:\\\/\\\/strangercam.com\\\/#organization\"},\"alternateName\":\"Strangercam.com\",\"potentialAction\":[{\"@type\":\"SearchAction\",\"target\":{\"@type\":\"EntryPoint\",\"urlTemplate\":\"https:\\\/\\\/strangercam.com\\\/?s={search_term_string}\"},\"query-input\":{\"@type\":\"PropertyValueSpecification\",\"valueRequired\":true,\"valueName\":\"search_term_string\"}}],\"inLanguage\":\"pt-BR\"},{\"@type\":\"Organization\",\"@id\":\"https:\\\/\\\/strangercam.com\\\/#organization\",\"name\":\"Strangercam\",\"alternateName\":\"Strangercam.com\",\"url\":\"https:\\\/\\\/strangercam.com\\\/\",\"logo\":{\"@type\":\"ImageObject\",\"inLanguage\":\"pt-BR\",\"@id\":\"https:\\\/\\\/strangercam.com\\\/#\\\/schema\\\/logo\\\/image\\\/\",\"url\":\"https:\\\/\\\/strangercam.com\\\/wp-content\\\/uploads\\\/2020\\\/11\\\/cropped-new-favicon-black.png\",\"contentUrl\":\"https:\\\/\\\/strangercam.com\\\/wp-content\\\/uploads\\\/2020\\\/11\\\/cropped-new-favicon-black.png\",\"width\":512,\"height\":512,\"caption\":\"Strangercam\"},\"image\":{\"@id\":\"https:\\\/\\\/strangercam.com\\\/#\\\/schema\\\/logo\\\/image\\\/\"},\"sameAs\":[\"https:\\\/\\\/www.facebook.com\\\/strangercam\",\"https:\\\/\\\/x.com\\\/strangercamapp\"]}]}<\/script>\n<!-- \/ Yoast SEO plugin. -->","yoast_head_json":{"title":"ChitChatTV - ChitChat Bate-papo por v\u00eddeo - StrangerCam","description":"Gosta do ChitChatTV? Venha bater papo com mais de 5.000.000 de desconhecidos no Stranger Cam de gra\u00e7a! Ligue sua c\u00e2mera e encontre novos amigos e talvez um par!","robots":{"index":"index","follow":"follow","max-snippet":"max-snippet:-1","max-image-preview":"max-image-preview:large","max-video-preview":"max-video-preview:-1"},"canonical":"https:\/\/strangercam.com\/pt-br\/chitchattv\/","og_locale":"pt_BR","og_type":"article","og_title":"ChitChatTV - ChitChat Video Chat - StrangerCam","og_description":"Like ChitChatTV? Come chat with more than 5.000.000 strangers on Stranger Cam for Free! Turn on your cam and find new friends & maby a match!","og_url":"https:\/\/strangercam.com\/pt-br\/chitchattv\/","og_site_name":"Strangercam","article_publisher":"https:\/\/www.facebook.com\/strangercam","og_image":[{"width":800,"height":532,"url":"https:\/\/strangercam.com\/wp-content\/uploads\/2021\/10\/Untitled-2.png","type":"image\/png"}],"twitter_card":"summary_large_image","twitter_site":"@strangercamapp","twitter_misc":{"Est. tempo de leitura":"6 minutos"},"schema":{"@context":"https:\/\/schema.org","@graph":[{"@type":"WebPage","@id":"https:\/\/strangercam.com\/chitchattv\/","url":"https:\/\/strangercam.com\/chitchattv\/","name":"ChitChatTV - ChitChat Bate-papo por v\u00eddeo - StrangerCam","isPartOf":{"@id":"https:\/\/strangercam.com\/#website"},"datePublished":"2025-07-28T09:00:18+00:00","description":"Gosta do ChitChatTV? Venha bater papo com mais de 5.000.000 de desconhecidos no Stranger Cam de gra\u00e7a! Ligue sua c\u00e2mera e encontre novos amigos e talvez um par!","breadcrumb":{"@id":"https:\/\/strangercam.com\/chitchattv\/#breadcrumb"},"inLanguage":"pt-BR","potentialAction":[{"@type":"ReadAction","target":["https:\/\/strangercam.com\/chitchattv\/"]}]},{"@type":"BreadcrumbList","@id":"https:\/\/strangercam.com\/chitchattv\/#breadcrumb","itemListElement":[{"@type":"ListItem","position":1,"name":"Home","item":"https:\/\/strangercam.com\/"},{"@type":"ListItem","position":2,"name":"ChitChatTV"}]},{"@type":"WebSite","@id":"https:\/\/strangercam.com\/#website","url":"https:\/\/strangercam.com\/","name":"Strangercam","description":"Bate-papo por v\u00eddeo aleat\u00f3rio com estranhos","publisher":{"@id":"https:\/\/strangercam.com\/#organization"},"alternateName":"Strangercam.com","potentialAction":[{"@type":"SearchAction","target":{"@type":"EntryPoint","urlTemplate":"https:\/\/strangercam.com\/?s={search_term_string}"},"query-input":{"@type":"PropertyValueSpecification","valueRequired":true,"valueName":"search_term_string"}}],"inLanguage":"pt-BR"},{"@type":"Organization","@id":"https:\/\/strangercam.com\/#organization","name":"Strangercam","alternateName":"Strangercam.com","url":"https:\/\/strangercam.com\/","logo":{"@type":"ImageObject","inLanguage":"pt-BR","@id":"https:\/\/strangercam.com\/#\/schema\/logo\/image\/","url":"https:\/\/strangercam.com\/wp-content\/uploads\/2020\/11\/cropped-new-favicon-black.png","contentUrl":"https:\/\/strangercam.com\/wp-content\/uploads\/2020\/11\/cropped-new-favicon-black.png","width":512,"height":512,"caption":"Strangercam"},"image":{"@id":"https:\/\/strangercam.com\/#\/schema\/logo\/image\/"},"sameAs":["https:\/\/www.facebook.com\/strangercam","https:\/\/x.com\/strangercamapp"]}]}},"_links":{"self":[{"href":"https:\/\/strangercam.com\/pt-br\/wp-json\/wp\/v2\/pages\/12939","targetHints":{"allow":["GET"]}}],"collection":[{"href":"https:\/\/strangercam.com\/pt-br\/wp-json\/wp\/v2\/pages"}],"about":[{"href":"https:\/\/strangercam.com\/pt-br\/wp-json\/wp\/v2\/types\/page"}],"author":[{"embeddable":true,"href":"https:\/\/strangercam.com\/pt-br\/wp-json\/wp\/v2\/users\/6"}],"replies":[{"embeddable":true,"href":"https:\/\/strangercam.com\/pt-br\/wp-json\/wp\/v2\/comments?post=12939"}],"version-history":[{"count":2,"href":"https:\/\/strangercam.com\/pt-br\/wp-json\/wp\/v2\/pages\/12939\/revisions"}],"predecessor-version":[{"id":12941,"href":"https:\/\/strangercam.com\/pt-br\/wp-json\/wp\/v2\/pages\/12939\/revisions\/12941"}],"wp:attachment":[{"href":"https:\/\/strangercam.com\/pt-br\/wp-json\/wp\/v2\/media?parent=12939"}],"curies":[{"name":"wp","href":"https:\/\/api.w.org\/{rel}","templated":true}]}}