{"id":12909,"date":"2025-07-14T13:45:54","date_gmt":"2025-07-14T11:45:54","guid":{"rendered":"https:\/\/strangercam.com\/?page_id=12909"},"modified":"2025-07-14T13:46:15","modified_gmt":"2025-07-14T11:46:15","slug":"fox-video-chat","status":"publish","type":"page","link":"https:\/\/strangercam.com\/pt-br\/fox-video-chat\/","title":{"rendered":"Bate-papo por v\u00eddeo da Fox"},"content":{"rendered":"<p>A busca pelo v\u00eddeo aleat\u00f3rio perfeito <a href=\"https:\/\/strangercam.com\/pt-br\/chathub\/\">bate-papo<\/a> continua \u00e0 medida que os usu\u00e1rios buscam alternativas seguras, an\u00f4nimas e divertidas para cl\u00e1ssicos como <a href=\"https:\/\/strangercam.com\/pt-br\/omegle\/\">Omegle<\/a> e <a href=\"https:\/\/strangercam.com\/pt-br\/chatroulette\/\">Chatroulette<\/a>. O Fox Video Chat \u00e9 uma das plataformas mais recentes a chamar a aten\u00e7\u00e3o da comunidade global de bate-papo, prometendo conex\u00f5es r\u00e1pidas, uso f\u00e1cil e um ambiente amig\u00e1vel para conhecer estranhos on-line.<\/p>\n<p>Mas ser\u00e1 que o Fox Video Chat cumpre suas promessas? Como ele se compara a outras plataformas em 2025? Nesta an\u00e1lise detalhada, exploraremos tudo o que voc\u00ea precisa saber sobre o Fox Video Chat - seus recursos, base de usu\u00e1rios, ferramentas de seguran\u00e7a e por que ele pode ser seu novo lugar favorito para conversas on-line espont\u00e2neas.<\/p>\n<h2>O que \u00e9 o Fox Video Chat?<\/h2>\n<p>O Fox Video Chat \u00e9 um site de bate-papo por v\u00eddeo aleat\u00f3rio, baseado em navegador, projetado para usu\u00e1rios que desejam se conectar instantaneamente com estranhos de todo o mundo. Sem necessidade de registro ou download, o Fox Video Chat coloca a simplicidade e a velocidade no centro da experi\u00eancia do usu\u00e1rio.<\/p>\n<p>Assim como seus antecessores espirituais, o Fox Video Chat combina voc\u00ea aleatoriamente com outro usu\u00e1rio para uma conversa privada via webcam e microfone. Seja para fazer amigos, paquerar, praticar um novo idioma ou apenas passar o tempo, o Fox Video Chat oferece uma maneira f\u00e1cil e sem atritos de participar de bate-papos por v\u00eddeo em tempo real.<\/p>\n<h2>Qual \u00e9 o objetivo do Fox Video Chat?<\/h2>\n<p>A miss\u00e3o do Fox Video Chat \u00e9 fazer com que conhecer novas pessoas on-line seja simples, divertido e seguro. A plataforma atrai aqueles que:<\/p>\n<ul>\n<li>Deseja uma intera\u00e7\u00e3o an\u00f4nima, sem script, cara a cara<\/li>\n<li>Sente falta da experi\u00eancia cl\u00e1ssica do Omegle, mas deseja recursos modernos e um ambiente mais limpo<\/li>\n<li>Est\u00e3o buscando conex\u00e3o social, entretenimento ou interc\u00e2mbio cultural<\/li>\n<li>Valorizam a privacidade e n\u00e3o querem se registrar ou criar um perfil p\u00fablico<\/li>\n<\/ul>\n<p>O Fox Video Chat elimina os feeds sociais, os perfis selecionados e os algoritmos de combina\u00e7\u00e3o para se concentrar na emo\u00e7\u00e3o crua de encontros aleat\u00f3rios em tempo real.<\/p>\n<h2>Principais recursos<\/h2>\n<p>1. Bate-papo por v\u00eddeo aleat\u00f3rio individual<br \/>\nO cora\u00e7\u00e3o do Fox Video Chat s\u00e3o as conversas r\u00e1pidas, an\u00f4nimas e entre c\u00e2meras. Os usu\u00e1rios s\u00e3o instantaneamente combinados para chats de v\u00eddeo privados, com a liberdade de pular ou continuar a qualquer momento.<\/p>\n<p>2. Bot\u00e3o Skip\/Next (Pular\/Pr\u00f3ximo)<br \/>\nSe o bate-papo n\u00e3o for adequado, voc\u00ea pode seguir em frente rapidamente com o bot\u00e3o Next. As transi\u00e7\u00f5es entre usu\u00e1rios s\u00e3o suaves, mantendo as intera\u00e7\u00f5es din\u00e2micas e interessantes.<\/p>\n<p>3. Op\u00e7\u00e3o de bate-papo por texto<br \/>\nO Fox Video Chat tamb\u00e9m oferece um modo somente de texto. Isso \u00e9 ideal para usu\u00e1rios que n\u00e3o gostam de usar c\u00e2meras, t\u00eam largura de banda limitada ou simplesmente preferem digitar a falar.<\/p>\n<p>4. N\u00e3o \u00e9 necess\u00e1rio registro<br \/>\nUma das maiores vantagens \u00e9 o anonimato total - sem contas, nomes de usu\u00e1rio ou endere\u00e7os de e-mail necess\u00e1rios. Basta permitir o acesso \u00e0 c\u00e2mera e ao microfone e voc\u00ea estar\u00e1 pronto para come\u00e7ar.<\/p>\n<p>5. Compatibilidade com dispositivos m\u00f3veis e desktops<br \/>\nA plataforma \u00e9 totalmente otimizada para navegadores de desktop e m\u00f3veis. N\u00e3o importa se voc\u00ea est\u00e1 usando um telefone, tablet ou laptop, a interface do Fox Video Chat se adapta para proporcionar uma experi\u00eancia tranquila.<\/p>\n<p>6. Interface limpa e moderna<br \/>\nO Fox Video Chat oferece uma interface de usu\u00e1rio m\u00ednima e intuitiva. O foco est\u00e1 em janelas de v\u00eddeo grandes, controles simples e um layout sem distra\u00e7\u00f5es. Tudo \u00e9 f\u00e1cil de encontrar e usar.<\/p>\n<p>7. Ferramentas de relat\u00f3rio e modera\u00e7\u00e3o<br \/>\nA seguran\u00e7a do usu\u00e1rio \u00e9 apoiada por um bot\u00e3o de den\u00fancia em destaque. Usu\u00e1rios inadequados podem ser sinalizados, e o Fox Video Chat emprega moderadores humanos e IA b\u00e1sica para ajudar a manter o ambiente amig\u00e1vel e seguro.<\/p>\n<h2>O Fox Video Chat \u00e9 gratuito?<\/h2>\n<p>Sim, seu uso \u00e9 totalmente gratuito. Todos os recursos - incluindo bate-papo por v\u00eddeo e texto, pular e relatar - est\u00e3o dispon\u00edveis para todos os usu\u00e1rios sem paywalls, assinaturas ou compras no aplicativo.<\/p>\n<p>O Fox Video Chat pode exibir an\u00fancios ocasionais e n\u00e3o intrusivos para apoiar suas opera\u00e7\u00f5es, mas n\u00e3o h\u00e1 custos ocultos ou recursos bloqueados.<\/p>\n<h2>Quem usa o Fox Video Chat?<\/h2>\n<p>O Fox Video Chat cresceu rapidamente com uma base de usu\u00e1rios diversificada e internacional, atraindo:<\/p>\n<ul>\n<li>Idades: Principalmente de 18 a 35 anos, mas aberto a todos os adultos (18+)<\/li>\n<li>Localiza\u00e7\u00f5es: Usu\u00e1rios dos EUA, Reino Unido, \u00cdndia, Alemanha, Brasil, Filipinas e outros<\/li>\n<li>Interesses: Socializar, flertar, praticar idiomas, fazer amigos ou entretenimento casual<\/li>\n<\/ul>\n<p>Tanto os usu\u00e1rios do sexo masculino quanto do sexo feminino est\u00e3o ativos, embora - como \u00e9 t\u00edpico em plataformas de bate-papo aleat\u00f3rio - haja uma presen\u00e7a maior de homens. O apelo est\u00e1 na espontaneidade: voc\u00ea nunca sabe quem vai encontrar. <a href=\"https:\/\/strangercam.com\/pt-br\/coomeet\/\">conhecer<\/a> Pr\u00f3ximo.<\/p>\n<h2>Seguran\u00e7a, privacidade e modera\u00e7\u00e3o<\/h2>\n<p>O Fox Video Chat reconhece a necessidade de privacidade e seguran\u00e7a do usu\u00e1rio no bate-papo por v\u00eddeo aleat\u00f3rio, implementando v\u00e1rias prote\u00e7\u00f5es:<\/p>\n<h3>Privacidade<\/h3>\n<ul>\n<li>N\u00e3o h\u00e1 registro ou cria\u00e7\u00e3o de conta: Os usu\u00e1rios permanecem an\u00f4nimos o tempo todo.<\/li>\n<li>N\u00e3o h\u00e1 coleta de dados: N\u00e3o s\u00e3o necess\u00e1rios nomes, e-mails ou n\u00fameros de telefone.<\/li>\n<li>Sem grava\u00e7\u00f5es: Os bate-papos n\u00e3o s\u00e3o salvos ou armazenados.<\/li>\n<\/ul>\n<h3>Modera\u00e7\u00e3o<\/h3>\n<ul>\n<li>Den\u00fancias no chat: Os usu\u00e1rios podem denunciar rapidamente comportamentos ofensivos ou abusivos.<\/li>\n<li>Detec\u00e7\u00e3o de IA: Filtros b\u00e1sicos ajudam a detectar nudez ou conte\u00fado expl\u00edcito.<\/li>\n<li>Modera\u00e7\u00e3o humana: As den\u00fancias s\u00e3o analisadas e os infratores reincidentes s\u00e3o banidos.<\/li>\n<\/ul>\n<h3>Pr\u00e1ticas recomendadas<\/h3>\n<ul>\n<li>Nunca compartilhe detalhes pessoais no bate-papo.<\/li>\n<li>Use os bot\u00f5es \"Next\" (Avan\u00e7ar) e \"Report\" (Denunciar) livremente, se n\u00e3o se sentir confort\u00e1vel.<\/li>\n<li>Evite interagir com usu\u00e1rios suspeitos e mantenha as conversas leves e respeitosas.<\/li>\n<\/ul>\n<h2>Experi\u00eancia do usu\u00e1rio e design<\/h2>\n<p>A interface moderna e leve do Fox Video Chat foi desenvolvida para proporcionar bate-papos r\u00e1pidos e agrad\u00e1veis:<\/p>\n<ul>\n<li>A p\u00e1gina inicial apresenta um grande bot\u00e3o \"Iniciar\", informa\u00e7\u00f5es sobre privacidade e regras.<\/li>\n<li>Os feeds de v\u00eddeo s\u00e3o grandes e claros, com f\u00e1cil acesso aos controles de mudo, pular e relatar.<\/li>\n<li>As transi\u00e7\u00f5es de bate-papo s\u00e3o r\u00e1pidas, com tempo m\u00ednimo de inatividade entre as partidas.<\/li>\n<li>O site \u00e9 otimizado para tempos de carregamento r\u00e1pidos e opera\u00e7\u00e3o suave, mesmo em dispositivos de m\u00e9dio porte.<\/li>\n<\/ul>\n<p>A experi\u00eancia m\u00f3vel \u00e9 particularmente boa, o que torna o Fox Video Chat uma \u00f3tima op\u00e7\u00e3o para conversar em qualquer lugar.<\/p>\n<h2>Fox Video Chat vs. outras plataformas de bate-papo aleat\u00f3rio<\/h2>\n<p>Como o Fox Video Chat se compara a outros sites de bate-papo por v\u00eddeo em 2025?<\/p>\n<table>\n<thead>\n<tr>\n<th>Recurso<\/th>\n<th>Bate-papo por v\u00eddeo da Fox<\/th>\n<th>Omegle (fechado)<\/th>\n<th>Chatroulette<\/th>\n<th>Chatrandom<\/th>\n<th>Ohmegle<\/th>\n<\/tr>\n<\/thead>\n<tbody>\n<tr>\n<td>Random Video Chat com Estranhos<\/td>\n<td>Sim<\/td>\n<td>Sim<\/td>\n<td>Sim<\/td>\n<td>Sim<\/td>\n<td>Sim<\/td>\n<\/tr>\n<tr>\n<td>Op\u00e7\u00e3o de bate-papo por texto<\/td>\n<td>Sim<\/td>\n<td>Sim<\/td>\n<td>N\u00e3o<\/td>\n<td>Sim<\/td>\n<td>Sim<\/td>\n<\/tr>\n<tr>\n<td>Registro necess\u00e1rio<\/td>\n<td>N\u00e3o<\/td>\n<td>N\u00e3o<\/td>\n<td>N\u00e3o<\/td>\n<td>Opcional<\/td>\n<td>N\u00e3o<\/td>\n<\/tr>\n<tr>\n<td>Suporte m\u00f3vel<\/td>\n<td>Excelente<\/td>\n<td>Ruim<\/td>\n<td>Bom<\/td>\n<td>Bom<\/td>\n<td>Excelente<\/td>\n<\/tr>\n<tr>\n<td>Ferramentas de modera\u00e7\u00e3o<\/td>\n<td>Moderado<\/td>\n<td>M\u00ednimo<\/td>\n<td>Fraco<\/td>\n<td>Moderado<\/td>\n<td>Moderado<\/td>\n<\/tr>\n<tr>\n<td>Gratuito para uso<\/td>\n<td>Sim<\/td>\n<td>Sim<\/td>\n<td>Sim<\/td>\n<td>Sim\/Pago<\/td>\n<td>Sim<\/td>\n<\/tr>\n<tr>\n<td>Filtros de g\u00eanero\/regi\u00e3o<\/td>\n<td>N\u00e3o<\/td>\n<td>N\u00e3o<\/td>\n<td>N\u00e3o<\/td>\n<td>Pago<\/td>\n<td>N\u00e3o<\/td>\n<\/tr>\n<\/tbody>\n<\/table>\n<p>Resumo: ele oferece uma experi\u00eancia mais pr\u00f3xima do Omegle original, com uma interface mais limpa e melhor suporte m\u00f3vel do que muitos concorrentes. Suas ferramentas de modera\u00e7\u00e3o est\u00e3o melhorando, mas o verdadeiro apelo \u00e9 a simplicidade e a velocidade do site.<\/p>\n<h2>Pr\u00f3s e contras<\/h2>\n<p>Pr\u00f3s:<\/p>\n<ul>\n<li>100% gratuito e an\u00f4nimo<\/li>\n<li>N\u00e3o \u00e9 necess\u00e1rio registro ou download<\/li>\n<li>Transi\u00e7\u00f5es de correspond\u00eancia e bate-papo r\u00e1pidas e suaves<\/li>\n<li>Interface limpa e intuitiva para desktop e dispositivos m\u00f3veis<\/li>\n<li>Modos de bate-papo por v\u00eddeo e texto dispon\u00edveis<\/li>\n<li>Base de usu\u00e1rios global<\/li>\n<\/ul>\n<p>Contras:<\/p>\n<ul>\n<li>Sem filtragem de g\u00eanero ou local<\/li>\n<li>Exposi\u00e7\u00e3o ocasional a comportamentos inadequados (comum a todos os sites de bate-papo aleat\u00f3rios)<\/li>\n<li>Mais usu\u00e1rios homens do que mulheres<\/li>\n<li>Sem perfis ou capacidade de se reconectar com usu\u00e1rios anteriores<\/li>\n<\/ul>\n<h2>Casos de uso ideais<\/h2>\n<p>O bate-papo por v\u00eddeo \u00e9 perfeito para:<\/p>\n<ul>\n<li>Usu\u00e1rios nost\u00e1lgicos das plataformas cl\u00e1ssicas de bate-papo aleat\u00f3rio<\/li>\n<li>Pessoas que buscam conversas espont\u00e2neas com estranhos<\/li>\n<li>Alunos de idiomas que desejam praticar em tempo real<\/li>\n<li>Viajantes e expatriados em busca de conex\u00f5es internacionais<\/li>\n<li>Qualquer pessoa que esteja procurando um escape para o t\u00e9dio, sem compromisso ou registro<\/li>\n<\/ul>\n<p>\u00c9 menos ideal para:<\/p>\n<ul>\n<li>Aqueles que buscam recursos espec\u00edficos de namoro ou combina\u00e7\u00f5es selecionadas<\/li>\n<li>Usu\u00e1rios menores de 18 anos (a plataforma \u00e9 apenas para adultos)<\/li>\n<li>Pessoas que desejam se reconectar ou seguir parceiros de bate-papo anteriores<\/li>\n<\/ul>\n<h2>Veredicto final<\/h2>\n<p>O Fox Video Chat \u00e9 uma op\u00e7\u00e3o de destaque para quem deseja recuperar a divers\u00e3o e a emo\u00e7\u00e3o do bate-papo por v\u00eddeo on-line aleat\u00f3rio em 2025. Sua abordagem an\u00f4nima e sem cadastro, aliada a uma interface r\u00e1pida e moderna, faz dela uma das plataformas de roleta de bate-papo mais acess\u00edveis e agrad\u00e1veis dispon\u00edveis atualmente.<\/p>\n<p>Se voc\u00ea estiver procurando novos amigos, um flerte casual ou simplesmente uma maneira divertida de passar o tempo, ele oferece um ambiente seguro, leve e totalmente gratuito para conex\u00f5es globais espont\u00e2neas. Ele n\u00e3o \u00e9 cheio de perfis, vendas adicionais ou an\u00fancios intrusivos - apenas bate-papo puro, r\u00e1pido e an\u00f4nimo.<\/p>\n<p>Se voc\u00ea quiser um toque moderno na experi\u00eancia do Omegle, vale a pena experimentar.<\/p>","protected":false},"excerpt":{"rendered":"<p>The search for the perfect random video chat site continues as users seek safe, anonymous, and fun alternatives to classics like Omegle and Chatroulette. Fox Video Chat is one of the latest platforms to catch the eye of the global chat community, promising fast connections, easy use, and a friendly environment for meeting strangers online. [&hellip;]<\/p>\n","protected":false},"author":6,"featured_media":0,"parent":0,"menu_order":0,"comment_status":"closed","ping_status":"closed","template":"","meta":{"footnotes":""},"class_list":["post-12909","page","type-page","status-publish","hentry"],"yoast_head":"<!-- This site is optimized with the Yoast SEO plugin v26.9 - https:\/\/yoast.com\/product\/yoast-seo-wordpress\/ -->\n<title>Fox Video Chat - Video Chat with Strangers on StrangerCam.com<\/title>\n<meta name=\"description\" content=\"Like Fox Video Chat? Come chat with more than 5.000.000 strangers on Stranger Cam for Free! Turn on your cam and find new friends &amp; maby a match!\" \/>\n<meta name=\"robots\" content=\"index, follow, max-snippet:-1, max-image-preview:large, max-video-preview:-1\" \/>\n<link rel=\"canonical\" href=\"https:\/\/strangercam.com\/pt-br\/fox-video-chat\/\" \/>\n<meta property=\"og:locale\" content=\"pt_BR\" \/>\n<meta property=\"og:type\" content=\"article\" \/>\n<meta property=\"og:title\" content=\"Fox Video Chat - Video Chat with Strangers on StrangerCam.com\" \/>\n<meta property=\"og:description\" content=\"Like Fox Video Chat? Come chat with more than 5.000.000 strangers on Stranger Cam for Free! Turn on your cam and find new friends &amp; maby a match!\" \/>\n<meta property=\"og:url\" content=\"https:\/\/strangercam.com\/pt-br\/fox-video-chat\/\" \/>\n<meta property=\"og:site_name\" content=\"Strangercam\" \/>\n<meta property=\"article:publisher\" content=\"https:\/\/www.facebook.com\/strangercam\" \/>\n<meta property=\"article:modified_time\" content=\"2025-07-14T11:46:15+00:00\" \/>\n<meta property=\"og:image\" content=\"https:\/\/strangercam.com\/wp-content\/uploads\/2021\/10\/Untitled-2.png\" \/>\n\t<meta property=\"og:image:width\" content=\"800\" \/>\n\t<meta property=\"og:image:height\" content=\"532\" \/>\n\t<meta property=\"og:image:type\" content=\"image\/png\" \/>\n<meta name=\"twitter:card\" content=\"summary_large_image\" \/>\n<meta name=\"twitter:site\" content=\"@strangercamapp\" \/>\n<meta name=\"twitter:label1\" content=\"Est. tempo de leitura\" \/>\n\t<meta name=\"twitter:data1\" content=\"6 minutos\" \/>\n<script type=\"application\/ld+json\" class=\"yoast-schema-graph\">{\"@context\":\"https:\/\/schema.org\",\"@graph\":[{\"@type\":\"WebPage\",\"@id\":\"https:\/\/strangercam.com\/fox-video-chat\/\",\"url\":\"https:\/\/strangercam.com\/fox-video-chat\/\",\"name\":\"Fox Video Chat - Video Chat with Strangers on StrangerCam.com\",\"isPartOf\":{\"@id\":\"https:\/\/strangercam.com\/#website\"},\"datePublished\":\"2025-07-14T11:45:54+00:00\",\"dateModified\":\"2025-07-14T11:46:15+00:00\",\"description\":\"Like Fox Video Chat? Come chat with more than 5.000.000 strangers on Stranger Cam for Free! Turn on your cam and find new friends & maby a match!\",\"breadcrumb\":{\"@id\":\"https:\/\/strangercam.com\/fox-video-chat\/#breadcrumb\"},\"inLanguage\":\"pt-BR\",\"potentialAction\":[{\"@type\":\"ReadAction\",\"target\":[\"https:\/\/strangercam.com\/fox-video-chat\/\"]}]},{\"@type\":\"BreadcrumbList\",\"@id\":\"https:\/\/strangercam.com\/fox-video-chat\/#breadcrumb\",\"itemListElement\":[{\"@type\":\"ListItem\",\"position\":1,\"name\":\"Home\",\"item\":\"https:\/\/strangercam.com\/\"},{\"@type\":\"ListItem\",\"position\":2,\"name\":\"Fox Video Chat\"}]},{\"@type\":\"WebSite\",\"@id\":\"https:\/\/strangercam.com\/#website\",\"url\":\"https:\/\/strangercam.com\/\",\"name\":\"Strangercam\",\"description\":\"Random Video Chat with Strangers\",\"publisher\":{\"@id\":\"https:\/\/strangercam.com\/#organization\"},\"alternateName\":\"Strangercam.com\",\"potentialAction\":[{\"@type\":\"SearchAction\",\"target\":{\"@type\":\"EntryPoint\",\"urlTemplate\":\"https:\/\/strangercam.com\/?s={search_term_string}\"},\"query-input\":{\"@type\":\"PropertyValueSpecification\",\"valueRequired\":true,\"valueName\":\"search_term_string\"}}],\"inLanguage\":\"pt-BR\"},{\"@type\":\"Organization\",\"@id\":\"https:\/\/strangercam.com\/#organization\",\"name\":\"Strangercam\",\"alternateName\":\"Strangercam.com\",\"url\":\"https:\/\/strangercam.com\/\",\"logo\":{\"@type\":\"ImageObject\",\"inLanguage\":\"pt-BR\",\"@id\":\"https:\/\/strangercam.com\/#\/schema\/logo\/image\/\",\"url\":\"https:\/\/strangercam.com\/wp-content\/uploads\/2020\/11\/cropped-new-favicon-black.png\",\"contentUrl\":\"https:\/\/strangercam.com\/wp-content\/uploads\/2020\/11\/cropped-new-favicon-black.png\",\"width\":512,\"height\":512,\"caption\":\"Strangercam\"},\"image\":{\"@id\":\"https:\/\/strangercam.com\/#\/schema\/logo\/image\/\"},\"sameAs\":[\"https:\/\/www.facebook.com\/strangercam\",\"https:\/\/x.com\/strangercamapp\"]}]}<\/script>\n<!-- \/ Yoast SEO plugin. -->","yoast_head_json":{"title":"Fox Video Chat - Bate-papo por v\u00eddeo com estranhos em StrangerCam.com","description":"Gosta do bate-papo por v\u00eddeo da Fox? Venha bater papo com mais de 5.000.000 de estranhos no Stranger Cam de gra\u00e7a! Ligue sua c\u00e2mera e encontre novos amigos e talvez um par!","robots":{"index":"index","follow":"follow","max-snippet":"max-snippet:-1","max-image-preview":"max-image-preview:large","max-video-preview":"max-video-preview:-1"},"canonical":"https:\/\/strangercam.com\/pt-br\/fox-video-chat\/","og_locale":"pt_BR","og_type":"article","og_title":"Fox Video Chat - Video Chat with Strangers on StrangerCam.com","og_description":"Like Fox Video Chat? Come chat with more than 5.000.000 strangers on Stranger Cam for Free! Turn on your cam and find new friends & maby a match!","og_url":"https:\/\/strangercam.com\/pt-br\/fox-video-chat\/","og_site_name":"Strangercam","article_publisher":"https:\/\/www.facebook.com\/strangercam","article_modified_time":"2025-07-14T11:46:15+00:00","og_image":[{"width":800,"height":532,"url":"https:\/\/strangercam.com\/wp-content\/uploads\/2021\/10\/Untitled-2.png","type":"image\/png"}],"twitter_card":"summary_large_image","twitter_site":"@strangercamapp","twitter_misc":{"Est. tempo de leitura":"6 minutos"},"schema":{"@context":"https:\/\/schema.org","@graph":[{"@type":"WebPage","@id":"https:\/\/strangercam.com\/fox-video-chat\/","url":"https:\/\/strangercam.com\/fox-video-chat\/","name":"Fox Video Chat - Bate-papo por v\u00eddeo com estranhos em StrangerCam.com","isPartOf":{"@id":"https:\/\/strangercam.com\/#website"},"datePublished":"2025-07-14T11:45:54+00:00","dateModified":"2025-07-14T11:46:15+00:00","description":"Gosta do bate-papo por v\u00eddeo da Fox? Venha bater papo com mais de 5.000.000 de estranhos no Stranger Cam de gra\u00e7a! Ligue sua c\u00e2mera e encontre novos amigos e talvez um par!","breadcrumb":{"@id":"https:\/\/strangercam.com\/fox-video-chat\/#breadcrumb"},"inLanguage":"pt-BR","potentialAction":[{"@type":"ReadAction","target":["https:\/\/strangercam.com\/fox-video-chat\/"]}]},{"@type":"BreadcrumbList","@id":"https:\/\/strangercam.com\/fox-video-chat\/#breadcrumb","itemListElement":[{"@type":"ListItem","position":1,"name":"Home","item":"https:\/\/strangercam.com\/"},{"@type":"ListItem","position":2,"name":"Fox Video Chat"}]},{"@type":"WebSite","@id":"https:\/\/strangercam.com\/#website","url":"https:\/\/strangercam.com\/","name":"Strangercam","description":"Bate-papo por v\u00eddeo aleat\u00f3rio com estranhos","publisher":{"@id":"https:\/\/strangercam.com\/#organization"},"alternateName":"Strangercam.com","potentialAction":[{"@type":"SearchAction","target":{"@type":"EntryPoint","urlTemplate":"https:\/\/strangercam.com\/?s={search_term_string}"},"query-input":{"@type":"PropertyValueSpecification","valueRequired":true,"valueName":"search_term_string"}}],"inLanguage":"pt-BR"},{"@type":"Organization","@id":"https:\/\/strangercam.com\/#organization","name":"Strangercam","alternateName":"Strangercam.com","url":"https:\/\/strangercam.com\/","logo":{"@type":"ImageObject","inLanguage":"pt-BR","@id":"https:\/\/strangercam.com\/#\/schema\/logo\/image\/","url":"https:\/\/strangercam.com\/wp-content\/uploads\/2020\/11\/cropped-new-favicon-black.png","contentUrl":"https:\/\/strangercam.com\/wp-content\/uploads\/2020\/11\/cropped-new-favicon-black.png","width":512,"height":512,"caption":"Strangercam"},"image":{"@id":"https:\/\/strangercam.com\/#\/schema\/logo\/image\/"},"sameAs":["https:\/\/www.facebook.com\/strangercam","https:\/\/x.com\/strangercamapp"]}]}},"_links":{"self":[{"href":"https:\/\/strangercam.com\/pt-br\/wp-json\/wp\/v2\/pages\/12909","targetHints":{"allow":["GET"]}}],"collection":[{"href":"https:\/\/strangercam.com\/pt-br\/wp-json\/wp\/v2\/pages"}],"about":[{"href":"https:\/\/strangercam.com\/pt-br\/wp-json\/wp\/v2\/types\/page"}],"author":[{"embeddable":true,"href":"https:\/\/strangercam.com\/pt-br\/wp-json\/wp\/v2\/users\/6"}],"replies":[{"embeddable":true,"href":"https:\/\/strangercam.com\/pt-br\/wp-json\/wp\/v2\/comments?post=12909"}],"version-history":[{"count":1,"href":"https:\/\/strangercam.com\/pt-br\/wp-json\/wp\/v2\/pages\/12909\/revisions"}],"predecessor-version":[{"id":12910,"href":"https:\/\/strangercam.com\/pt-br\/wp-json\/wp\/v2\/pages\/12909\/revisions\/12910"}],"wp:attachment":[{"href":"https:\/\/strangercam.com\/pt-br\/wp-json\/wp\/v2\/media?parent=12909"}],"curies":[{"name":"wp","href":"https:\/\/api.w.org\/{rel}","templated":true}]}}