{"id":12907,"date":"2025-07-14T13:41:45","date_gmt":"2025-07-14T11:41:45","guid":{"rendered":"https:\/\/strangercam.com\/?page_id=12907"},"modified":"2025-07-14T13:41:45","modified_gmt":"2025-07-14T11:41:45","slug":"face-superior","status":"publish","type":"page","link":"https:\/\/strangercam.com\/pt-br\/topface\/","title":{"rendered":"Topface"},"content":{"rendered":"<p>Em um cen\u00e1rio de namoro repleto de aplicativos e sites, apenas algumas plataformas conseguem se destacar em escala global. O Topface \u00e9 uma dessas plataformas, combinando elementos de descoberta social, namoro on-line tradicional e encontros casuais. <a href=\"https:\/\/strangercam.com\/pt-br\/chatroulette\/\">bate-papo<\/a> em uma experi\u00eancia \u00fanica e multil\u00edngue. Com milh\u00f5es de usu\u00e1rios em todo o mundo e uma reputa\u00e7\u00e3o de conex\u00f5es interculturais, o Topface conquistou um p\u00fablico fiel desde o seu lan\u00e7amento, h\u00e1 mais de uma d\u00e9cada.<\/p>\n<p>Mas o que exatamente torna o Topface \u00fanico? A quem ele se destina, quais s\u00e3o seus recursos e como ele se compara a outras grandes plataformas de namoro e bate-papo em 2025? Nesta an\u00e1lise detalhada, abordamos tudo o que voc\u00ea precisa saber sobre o Topface, para que possa decidir se ele \u00e9 o ideal para voc\u00ea.<\/p>\n<h2>O que \u00e9 o Topface?<\/h2>\n<p>Topface \u00e9 uma plataforma global de descoberta social e namoro dispon\u00edvel via web e aplicativo m\u00f3vel. Ela permite que os usu\u00e1rios <a href=\"https:\/\/strangercam.com\/pt-br\/coomeet\/\">conhecer<\/a> novas pessoas para bater papo, namorar ou fazer amigos, usando uma combina\u00e7\u00e3o de navega\u00e7\u00e3o de perfil, correspond\u00eancia de interesses m\u00fatuos e recursos de mensagens interativas.<\/p>\n<p>Ao contr\u00e1rio dos aplicativos de namoro tradicionais, que se concentram apenas em conex\u00f5es rom\u00e2nticas, o ecossistema do Topface est\u00e1 mais pr\u00f3ximo de uma rede social - permitindo tudo, desde flerte e namoro at\u00e9 amizades internacionais e bate-papos casuais. O site est\u00e1 dispon\u00edvel em dezenas de idiomas e suporta uma vasta base de usu\u00e1rios internacionais, o que o torna especialmente popular na Europa Oriental, na Am\u00e9rica Latina, no Sudeste Asi\u00e1tico e em outros pa\u00edses.<\/p>\n<h2>Qual \u00e9 o objetivo do Topface?<\/h2>\n<p>O Topface foi criado para ajudar as pessoas a se conectarem globalmente, quebrar o gelo e formar relacionamentos - rom\u00e2nticos ou n\u00e3o - por meio de ferramentas divertidas e interativas. \u00c9 uma plataforma que se situa na interse\u00e7\u00e3o de:<\/p>\n<ul>\n<li>Descoberta social (conhecer novas pessoas al\u00e9m de seu grupo de amigos)<\/li>\n<li>Namoro on-line (encontrar parceiros rom\u00e2nticos em n\u00edvel local ou mundial)<\/li>\n<li>Bate-papo casual (fazer amigos, amigos por correspond\u00eancia ou parceiros de interc\u00e2mbio de idiomas)<\/li>\n<\/ul>\n<p>A miss\u00e3o principal \u00e9 tornar f\u00e1cil, envolvente e com pouca press\u00e3o conhecer estranhos on-line, sem a exclusividade ou a intensidade dos aplicativos de namoro que s\u00f3 funcionam por deslize.<\/p>\n<h2>Principais recursos<\/h2>\n<p>1. Descoberta e navega\u00e7\u00e3o de perfis<br \/>\nO Topface permite que os usu\u00e1rios procurem perfis por idade, sexo, local e interesses. Ao contr\u00e1rio dos aplicativos puramente de deslizar, \u00e9 poss\u00edvel explorar uma ampla gama de usu\u00e1rios, visualizar perfis detalhados e decidir com quem interagir.<\/p>\n<p>2. Sistema Like and Match<br \/>\nO interesse m\u00fatuo \u00e9 sinalizado por meio de um mecanismo familiar de curtir\/combinar. Se dois usu\u00e1rios gostam um do outro, eles desbloqueiam mensagens e outros recursos, incentivando conex\u00f5es baseadas em atra\u00e7\u00e3o ou curiosidade compartilhadas.<\/p>\n<p>3. Mensagens e bate-papo<br \/>\nUma vez combinados, os usu\u00e1rios podem trocar mensagens privadas, fotos e v\u00eddeos. H\u00e1 tamb\u00e9m recursos para enviar presentes virtuais, adesivos e notas de voz, tornando as conversas mais interativas.<\/p>\n<p>4. <a href=\"https:\/\/strangercam.com\/pt-br\/rabbit-video-chat\/\">Bate-papo por v\u00eddeo<\/a> e transmiss\u00f5es ao vivo<br \/>\nO Topface oferece ferramentas integradas de bate-papo por v\u00eddeo e transmiss\u00e3o ao vivo, permitindo que os usu\u00e1rios interajam cara a cara em tempo real. O v\u00eddeo ao vivo ajuda a reduzir perfis falsos e gera confian\u00e7a antes de um encontro off-line.<\/p>\n<p>5. Sistema de presentes e moedas virtuais<br \/>\nMuitos recursos, como o envio de presentes, o aumento da visibilidade do perfil ou o desbloqueio de filtros premium, usam o sistema de moedas virtuais da plataforma. As moedas podem ser obtidas por meio de atividades ou compradas com dinheiro real.<\/p>\n<p>6. Filtros de pesquisa avan\u00e7ada<br \/>\nOs usu\u00e1rios Premium podem acessar ferramentas de pesquisa avan\u00e7adas para filtrar por interesses, h\u00e1bitos, educa\u00e7\u00e3o ou at\u00e9 mesmo inten\u00e7\u00e3o (namoro, amizade, bate-papo etc.), ajudando a refinar o processo de descoberta.<\/p>\n<p>7. Suporte a v\u00e1rias plataformas<br \/>\nO Topface funciona em navegadores de desktop, aplicativos para Android e iOS, garantindo que voc\u00ea possa se conectar a qualquer hora e em qualquer lugar.<\/p>\n<p>8. Suporte multil\u00edngue<br \/>\nA plataforma suporta dezenas de idiomas, do ingl\u00eas e espanhol ao russo, turco, vietnamita e outros, tornando-a acess\u00edvel e amig\u00e1vel para usu\u00e1rios internacionais.<\/p>\n<h2>O Topface \u00e9 gratuito?<\/h2>\n<p>O Topface \u00e9 gratuito para participar e usar os recursos b\u00e1sicos. Voc\u00ea pode criar um perfil, procurar usu\u00e1rios, enviar curtidas e at\u00e9 mesmo trocar algumas mensagens sem nenhum custo. No entanto, a plataforma usa um modelo freemium, em que os recursos premium exigem moedas ou uma assinatura.<\/p>\n<h3>Recursos gratuitos:<\/h3>\n<ul>\n<li>Registro e cria\u00e7\u00e3o de perfil<\/li>\n<li>Navega\u00e7\u00e3o e pesquisa de perfis<\/li>\n<li>Envio e recebimento de curtidas<\/li>\n<li>Mensagens limitadas (geralmente com restri\u00e7\u00f5es)<\/li>\n<\/ul>\n<h3>Caracter\u00edsticas pagas:<\/h3>\n<ul>\n<li>Bate-papo e chamadas de v\u00eddeo ilimitadas<\/li>\n<li>Envio e recebimento de presentes virtuais<\/li>\n<li>Aumentar a visibilidade do perfil<\/li>\n<li>Acesso a filtros avan\u00e7ados e op\u00e7\u00f5es de pesquisa<\/li>\n<li>Visualizar quem visitou ou curtiu seu perfil<\/li>\n<\/ul>\n<p>As moedas e as assinaturas t\u00eam pre\u00e7os razo\u00e1veis em compara\u00e7\u00e3o com muitos aplicativos de namoro ocidentais, mas os usu\u00e1rios devem esperar alguns limites para a intera\u00e7\u00e3o livre.<\/p>\n<h2>Quem usa o Topface?<\/h2>\n<p>O Topface \u00e9 verdadeiramente global, com uma base de usu\u00e1rios diversificada e ativa:<\/p>\n<ul>\n<li>Faixa et\u00e1ria: 18 a 40 anos \u00e9 a mais ativa, mas usu\u00e1rios de todas as idades participam<\/li>\n<li>Equil\u00edbrio de g\u00eanero: Mais equilibrado do que os aplicativos de namoro t\u00edpicos, com forte participa\u00e7\u00e3o feminina, especialmente fora da Am\u00e9rica do Norte<\/li>\n<li>Geografia: Especialmente popular na R\u00fassia, Ucr\u00e2nia, Turquia, Brasil, \u00cdndia, Tail\u00e2ndia, Vietn\u00e3 e Am\u00e9rica Latina - embora voc\u00ea encontre usu\u00e1rios de quase todos os pa\u00edses<\/li>\n<\/ul>\n<p>Muitos usu\u00e1rios est\u00e3o interessados em:<\/p>\n<ul>\n<li>Bate-papo casual e fazer novos amigos em todo o mundo<\/li>\n<li><a href=\"https:\/\/strangercam.com\/pt-br\/flirtbees\/\">Paquera<\/a> ou encontrar parceiros rom\u00e2nticos internacionais<\/li>\n<li>Rela\u00e7\u00f5es interculturais e interc\u00e2mbio de idiomas<\/li>\n<li>Socializa\u00e7\u00e3o on-line segura e moderada<\/li>\n<\/ul>\n<p>Ao contr\u00e1rio dos aplicativos de namoro de nicho, o Topface atende a uma variedade de inten\u00e7\u00f5es - portanto, voc\u00ea encontrar\u00e1 tudo, desde namoro s\u00e9rio e encontros casuais at\u00e9 amigos por correspond\u00eancia e bate-papos em grupo.<\/p>\n<h2>Seguran\u00e7a, privacidade e modera\u00e7\u00e3o<\/h2>\n<p>O Topface adota uma abordagem robusta em rela\u00e7\u00e3o \u00e0 seguran\u00e7a e \u00e0 modera\u00e7\u00e3o de usu\u00e1rios:<\/p>\n<h3>Privacidade:<\/h3>\n<ul>\n<li>O registro requer apenas informa\u00e7\u00f5es b\u00e1sicas<\/li>\n<li>Op\u00e7\u00f5es de verifica\u00e7\u00e3o por telefone\/e-mail est\u00e3o dispon\u00edveis para maior seguran\u00e7a<\/li>\n<li>Os bate-papos s\u00e3o privados e n\u00e3o podem ser acessados por outros usu\u00e1rios<\/li>\n<\/ul>\n<h3>Modera\u00e7\u00e3o:<\/h3>\n<ul>\n<li>Revis\u00e3o manual e automatizada de perfis para limitar contas falsas e golpes<\/li>\n<li>Den\u00fancias e bloqueios no chat para remover usu\u00e1rios abusivos ou suspeitos<\/li>\n<li>Detec\u00e7\u00e3o ativa de anti-spam e anti-fraude<\/li>\n<\/ul>\n<h3>Controle do usu\u00e1rio:<\/h3>\n<ul>\n<li>Controle sobre quem pode ver seu perfil ou enviar mensagens para voc\u00ea<\/li>\n<li>Configura\u00e7\u00f5es para privacidade do perfil e gerenciamento de notifica\u00e7\u00f5es<\/li>\n<\/ul>\n<p>Embora a plataforma seja, em geral, segura, os usu\u00e1rios ainda devem ter cautela, especialmente ao compartilhar detalhes pessoais ou transferir conversas para fora da plataforma.<\/p>\n<h2>Experi\u00eancia do usu\u00e1rio e design<\/h2>\n<p>O Topface apresenta uma interface brilhante e f\u00e1cil de usar que funciona bem em todos os dispositivos. Principais destaques:<\/p>\n<ul>\n<li>Navega\u00e7\u00e3o clara e cart\u00f5es de perfil<\/li>\n<li>\u00cdcones coloridos para presentes, bate-papo e correspond\u00eancia<\/li>\n<li>Tempos de carregamento r\u00e1pidos e streaming de v\u00eddeo confi\u00e1vel<\/li>\n<li>Design responsivo para uso em celulares e tablets<\/li>\n<li>Menus e se\u00e7\u00f5es de ajuda multil\u00edngues<\/li>\n<\/ul>\n<p>A plataforma evita a confus\u00e3o de an\u00fancios de alguns sites globais de namoro, concentrando-se em uma experi\u00eancia limpa com apenas banners promocionais ocasionais para recursos premium.<\/p>\n<h2>Topface vs. outras plataformas de encontros sociais<\/h2>\n<p>Como o Topface se compara a outras plataformas de bate-papo e namoro?<\/p>\n<table>\n<thead>\n<tr>\n<th>Recurso<\/th>\n<th>Topface<\/th>\n<th>Badoo<\/th>\n<th>Tinder<\/th>\n<th>Mamba<\/th>\n<th><a href=\"https:\/\/strangercam.com\/pt-br\/azar-app\/\">Azar<\/a><\/th>\n<\/tr>\n<\/thead>\n<tbody>\n<tr>\n<td>Base de usu\u00e1rios global<\/td>\n<td>Sim<\/td>\n<td>Sim<\/td>\n<td>Sim<\/td>\n<td>Sim<\/td>\n<td>Sim<\/td>\n<\/tr>\n<tr>\n<td>Mensagens gratuitas<\/td>\n<td>Limitada<\/td>\n<td>Limitada<\/td>\n<td>N\u00e3o<\/td>\n<td>Limitada<\/td>\n<td>Limitada<\/td>\n<\/tr>\n<tr>\n<td>Bate-papo por v\u00eddeo<\/td>\n<td>Sim<\/td>\n<td>N\u00e3o<\/td>\n<td>N\u00e3o<\/td>\n<td>Sim<\/td>\n<td>Sim<\/td>\n<\/tr>\n<tr>\n<td>Presentes\/moedas virtuais<\/td>\n<td>Sim<\/td>\n<td>Sim<\/td>\n<td>N\u00e3o<\/td>\n<td>Sim<\/td>\n<td>Sim<\/td>\n<\/tr>\n<tr>\n<td>Descoberta de perfil<\/td>\n<td>Sim<\/td>\n<td>Sim<\/td>\n<td>Passe o dedo<\/td>\n<td>Sim<\/td>\n<td>Aleat\u00f3rio<\/td>\n<\/tr>\n<tr>\n<td>Transmiss\u00e3o ao vivo<\/td>\n<td>Sim<\/td>\n<td>N\u00e3o<\/td>\n<td>N\u00e3o<\/td>\n<td>N\u00e3o<\/td>\n<td>N\u00e3o<\/td>\n<\/tr>\n<tr>\n<td>V\u00e1rios idiomas<\/td>\n<td>Sim<\/td>\n<td>Sim<\/td>\n<td>Limitada<\/td>\n<td>Sim<\/td>\n<td>Sim<\/td>\n<\/tr>\n<\/tbody>\n<\/table>\n<p>Resumo: O Topface \u00e9 mais rico em recursos do que os aplicativos cl\u00e1ssicos de namoro, como o Tinder, e oferece um alcance internacional mais amplo do que muitos aplicativos ocidentais. Sua combina\u00e7\u00e3o de v\u00eddeo, bate-papo e gamifica\u00e7\u00e3o faz com que ele pare\u00e7a animado e acolhedor para os usu\u00e1rios locais e globais.<\/p>\n<h2>Pr\u00f3s e contras<\/h2>\n<p>Pr\u00f3s:<\/p>\n<ul>\n<li>Grande base de usu\u00e1rios internacionais<\/li>\n<li>Inscri\u00e7\u00e3o gratuita com recursos b\u00e1sicos<\/li>\n<li>Bate-papo por v\u00eddeo e transmiss\u00f5es ao vivo dispon\u00edveis<\/li>\n<li>Elementos de descoberta divertidos e sociais<\/li>\n<li>Compatibilidade com dispositivos m\u00f3veis e desktops<\/li>\n<li>Modera\u00e7\u00e3o forte e configura\u00e7\u00f5es de privacidade<\/li>\n<\/ul>\n<p>Contras:<\/p>\n<ul>\n<li>O acesso completo requer moedas ou assinatura<\/li>\n<li>Alguns perfis falsos ou inativos (comum em todas as grandes plataformas)<\/li>\n<li>Mensagens gratuitas limitadas podem ser frustrantes<\/li>\n<li>Menos popular na Am\u00e9rica do Norte do que no Leste Europeu, na \u00c1sia ou na Am\u00e9rica do Sul<\/li>\n<\/ul>\n<h2>Casos de uso ideais<\/h2>\n<p>O Topface \u00e9 ideal para:<\/p>\n<ul>\n<li>Solteiros que buscam namoro ou amizades internacionais<\/li>\n<li>Viajantes ou expatriados em busca de conex\u00f5es locais<\/li>\n<li>Pessoas que gostam de uma combina\u00e7\u00e3o de recursos de rede social e de namoro<\/li>\n<li>Qualquer pessoa que queira uma comunidade de bate-papo animada e com v\u00eddeo<\/li>\n<li>Usu\u00e1rios interessados em interc\u00e2mbio de idiomas ou descoberta cultural<\/li>\n<\/ul>\n<p>\u00c9 menos ideal para:<\/p>\n<ul>\n<li>Aqueles que desejam 100% mensagens ilimitadas gratuitas<\/li>\n<li>Pessoas que buscam apenas encontros hiperlocais<\/li>\n<li>Usu\u00e1rios desconfort\u00e1veis com intera\u00e7\u00f5es globais ou interculturais<\/li>\n<\/ul>\n<h2>Veredicto final<\/h2>\n<p>O Topface se destaca como uma das plataformas de bate-papo e namoro mais vers\u00e1teis e internacionais do mundo. Com sua base de usu\u00e1rios animada, recursos sociais divertidos e \u00eanfase em v\u00eddeo e bate-papo interativo, \u00e9 muito mais do que um aplicativo de namoro - \u00e9 uma porta de entrada para novas culturas, idiomas e amizades, al\u00e9m de romance.<\/p>\n<p>Se voc\u00ea deseja expandir seus horizontes sociais, conhecer pessoas do mundo todo ou simplesmente desfrutar de uma experi\u00eancia de bate-papo divertida e envolvente, vale a pena experimentar o Topface em 2025.<\/p>","protected":false},"excerpt":{"rendered":"<p>In a dating landscape crowded with apps and websites, only a few platforms manage to stand out on a global scale. Topface is one such platform\u2014blending elements of social discovery, traditional online dating, and casual chat into a single, multilingual experience. With millions of users worldwide and a reputation for cross-cultural connections, Topface has built [&hellip;]<\/p>\n","protected":false},"author":6,"featured_media":0,"parent":0,"menu_order":0,"comment_status":"closed","ping_status":"closed","template":"","meta":{"footnotes":""},"class_list":["post-12907","page","type-page","status-publish","hentry"],"yoast_head":"<!-- This site is optimized with the Yoast SEO plugin v27.4 - https:\/\/yoast.com\/product\/yoast-seo-wordpress\/ -->\n<title>Topface - Meet girls and guys, chat on StrangerCam.com<\/title>\n<meta name=\"description\" content=\"Like Topface? Come chat with more than 5.000.000 strangers on Stranger Cam for Free! Turn on your cam and find new friends &amp; maby a match!\" \/>\n<meta name=\"robots\" content=\"index, follow, max-snippet:-1, max-image-preview:large, max-video-preview:-1\" \/>\n<link rel=\"canonical\" href=\"https:\/\/strangercam.com\/pt-br\/face-superior\/\" \/>\n<meta property=\"og:locale\" content=\"pt_BR\" \/>\n<meta property=\"og:type\" content=\"article\" \/>\n<meta property=\"og:title\" content=\"Topface - Meet girls and guys, chat on StrangerCam.com\" \/>\n<meta property=\"og:description\" content=\"Like Topface? Come chat with more than 5.000.000 strangers on Stranger Cam for Free! Turn on your cam and find new friends &amp; maby a match!\" \/>\n<meta property=\"og:url\" content=\"https:\/\/strangercam.com\/pt-br\/face-superior\/\" \/>\n<meta property=\"og:site_name\" content=\"Strangercam\" \/>\n<meta property=\"article:publisher\" content=\"https:\/\/www.facebook.com\/strangercam\" \/>\n<meta property=\"og:image\" content=\"https:\/\/strangercam.com\/wp-content\/uploads\/2021\/10\/Untitled-2.png\" \/>\n\t<meta property=\"og:image:width\" content=\"800\" \/>\n\t<meta property=\"og:image:height\" content=\"532\" \/>\n\t<meta property=\"og:image:type\" content=\"image\/png\" \/>\n<meta name=\"twitter:card\" content=\"summary_large_image\" \/>\n<meta name=\"twitter:site\" content=\"@strangercamapp\" \/>\n<meta name=\"twitter:label1\" content=\"Est. tempo de leitura\" \/>\n\t<meta name=\"twitter:data1\" content=\"6 minutos\" \/>\n<script type=\"application\/ld+json\" class=\"yoast-schema-graph\">{\"@context\":\"https:\\\/\\\/schema.org\",\"@graph\":[{\"@type\":\"WebPage\",\"@id\":\"https:\\\/\\\/strangercam.com\\\/topface\\\/\",\"url\":\"https:\\\/\\\/strangercam.com\\\/topface\\\/\",\"name\":\"Topface - Meet girls and guys, chat on StrangerCam.com\",\"isPartOf\":{\"@id\":\"https:\\\/\\\/strangercam.com\\\/#website\"},\"datePublished\":\"2025-07-14T11:41:45+00:00\",\"description\":\"Like Topface? Come chat with more than 5.000.000 strangers on Stranger Cam for Free! Turn on your cam and find new friends & maby a match!\",\"breadcrumb\":{\"@id\":\"https:\\\/\\\/strangercam.com\\\/topface\\\/#breadcrumb\"},\"inLanguage\":\"pt-BR\",\"potentialAction\":[{\"@type\":\"ReadAction\",\"target\":[\"https:\\\/\\\/strangercam.com\\\/topface\\\/\"]}]},{\"@type\":\"BreadcrumbList\",\"@id\":\"https:\\\/\\\/strangercam.com\\\/topface\\\/#breadcrumb\",\"itemListElement\":[{\"@type\":\"ListItem\",\"position\":1,\"name\":\"Home\",\"item\":\"https:\\\/\\\/strangercam.com\\\/\"},{\"@type\":\"ListItem\",\"position\":2,\"name\":\"Topface\"}]},{\"@type\":\"WebSite\",\"@id\":\"https:\\\/\\\/strangercam.com\\\/#website\",\"url\":\"https:\\\/\\\/strangercam.com\\\/\",\"name\":\"Strangercam\",\"description\":\"Random Video Chat with Strangers\",\"publisher\":{\"@id\":\"https:\\\/\\\/strangercam.com\\\/#organization\"},\"alternateName\":\"Strangercam.com\",\"potentialAction\":[{\"@type\":\"SearchAction\",\"target\":{\"@type\":\"EntryPoint\",\"urlTemplate\":\"https:\\\/\\\/strangercam.com\\\/?s={search_term_string}\"},\"query-input\":{\"@type\":\"PropertyValueSpecification\",\"valueRequired\":true,\"valueName\":\"search_term_string\"}}],\"inLanguage\":\"pt-BR\"},{\"@type\":\"Organization\",\"@id\":\"https:\\\/\\\/strangercam.com\\\/#organization\",\"name\":\"Strangercam\",\"alternateName\":\"Strangercam.com\",\"url\":\"https:\\\/\\\/strangercam.com\\\/\",\"logo\":{\"@type\":\"ImageObject\",\"inLanguage\":\"pt-BR\",\"@id\":\"https:\\\/\\\/strangercam.com\\\/#\\\/schema\\\/logo\\\/image\\\/\",\"url\":\"https:\\\/\\\/strangercam.com\\\/wp-content\\\/uploads\\\/2020\\\/11\\\/cropped-new-favicon-black.png\",\"contentUrl\":\"https:\\\/\\\/strangercam.com\\\/wp-content\\\/uploads\\\/2020\\\/11\\\/cropped-new-favicon-black.png\",\"width\":512,\"height\":512,\"caption\":\"Strangercam\"},\"image\":{\"@id\":\"https:\\\/\\\/strangercam.com\\\/#\\\/schema\\\/logo\\\/image\\\/\"},\"sameAs\":[\"https:\\\/\\\/www.facebook.com\\\/strangercam\",\"https:\\\/\\\/x.com\\\/strangercamapp\"]}]}<\/script>\n<!-- \/ Yoast SEO plugin. -->","yoast_head_json":{"title":"Topface - Conhe\u00e7a garotas e garotos, converse no StrangerCam.com","description":"Gosta de Topface? Venha bater papo com mais de 5.000.000 de estranhos no Stranger Cam de gra\u00e7a! Ligue sua c\u00e2mera e encontre novos amigos e talvez um par!","robots":{"index":"index","follow":"follow","max-snippet":"max-snippet:-1","max-image-preview":"max-image-preview:large","max-video-preview":"max-video-preview:-1"},"canonical":"https:\/\/strangercam.com\/pt-br\/face-superior\/","og_locale":"pt_BR","og_type":"article","og_title":"Topface - Meet girls and guys, chat on StrangerCam.com","og_description":"Like Topface? Come chat with more than 5.000.000 strangers on Stranger Cam for Free! Turn on your cam and find new friends & maby a match!","og_url":"https:\/\/strangercam.com\/pt-br\/face-superior\/","og_site_name":"Strangercam","article_publisher":"https:\/\/www.facebook.com\/strangercam","og_image":[{"width":800,"height":532,"url":"https:\/\/strangercam.com\/wp-content\/uploads\/2021\/10\/Untitled-2.png","type":"image\/png"}],"twitter_card":"summary_large_image","twitter_site":"@strangercamapp","twitter_misc":{"Est. tempo de leitura":"6 minutos"},"schema":{"@context":"https:\/\/schema.org","@graph":[{"@type":"WebPage","@id":"https:\/\/strangercam.com\/topface\/","url":"https:\/\/strangercam.com\/topface\/","name":"Topface - Conhe\u00e7a garotas e garotos, converse no StrangerCam.com","isPartOf":{"@id":"https:\/\/strangercam.com\/#website"},"datePublished":"2025-07-14T11:41:45+00:00","description":"Gosta de Topface? Venha bater papo com mais de 5.000.000 de estranhos no Stranger Cam de gra\u00e7a! Ligue sua c\u00e2mera e encontre novos amigos e talvez um par!","breadcrumb":{"@id":"https:\/\/strangercam.com\/topface\/#breadcrumb"},"inLanguage":"pt-BR","potentialAction":[{"@type":"ReadAction","target":["https:\/\/strangercam.com\/topface\/"]}]},{"@type":"BreadcrumbList","@id":"https:\/\/strangercam.com\/topface\/#breadcrumb","itemListElement":[{"@type":"ListItem","position":1,"name":"Home","item":"https:\/\/strangercam.com\/"},{"@type":"ListItem","position":2,"name":"Topface"}]},{"@type":"WebSite","@id":"https:\/\/strangercam.com\/#website","url":"https:\/\/strangercam.com\/","name":"Strangercam","description":"Bate-papo por v\u00eddeo aleat\u00f3rio com estranhos","publisher":{"@id":"https:\/\/strangercam.com\/#organization"},"alternateName":"Strangercam.com","potentialAction":[{"@type":"SearchAction","target":{"@type":"EntryPoint","urlTemplate":"https:\/\/strangercam.com\/?s={search_term_string}"},"query-input":{"@type":"PropertyValueSpecification","valueRequired":true,"valueName":"search_term_string"}}],"inLanguage":"pt-BR"},{"@type":"Organization","@id":"https:\/\/strangercam.com\/#organization","name":"Strangercam","alternateName":"Strangercam.com","url":"https:\/\/strangercam.com\/","logo":{"@type":"ImageObject","inLanguage":"pt-BR","@id":"https:\/\/strangercam.com\/#\/schema\/logo\/image\/","url":"https:\/\/strangercam.com\/wp-content\/uploads\/2020\/11\/cropped-new-favicon-black.png","contentUrl":"https:\/\/strangercam.com\/wp-content\/uploads\/2020\/11\/cropped-new-favicon-black.png","width":512,"height":512,"caption":"Strangercam"},"image":{"@id":"https:\/\/strangercam.com\/#\/schema\/logo\/image\/"},"sameAs":["https:\/\/www.facebook.com\/strangercam","https:\/\/x.com\/strangercamapp"]}]}},"_links":{"self":[{"href":"https:\/\/strangercam.com\/pt-br\/wp-json\/wp\/v2\/pages\/12907","targetHints":{"allow":["GET"]}}],"collection":[{"href":"https:\/\/strangercam.com\/pt-br\/wp-json\/wp\/v2\/pages"}],"about":[{"href":"https:\/\/strangercam.com\/pt-br\/wp-json\/wp\/v2\/types\/page"}],"author":[{"embeddable":true,"href":"https:\/\/strangercam.com\/pt-br\/wp-json\/wp\/v2\/users\/6"}],"replies":[{"embeddable":true,"href":"https:\/\/strangercam.com\/pt-br\/wp-json\/wp\/v2\/comments?post=12907"}],"version-history":[{"count":1,"href":"https:\/\/strangercam.com\/pt-br\/wp-json\/wp\/v2\/pages\/12907\/revisions"}],"predecessor-version":[{"id":12908,"href":"https:\/\/strangercam.com\/pt-br\/wp-json\/wp\/v2\/pages\/12907\/revisions\/12908"}],"wp:attachment":[{"href":"https:\/\/strangercam.com\/pt-br\/wp-json\/wp\/v2\/media?parent=12907"}],"curies":[{"name":"wp","href":"https:\/\/api.w.org\/{rel}","templated":true}]}}