{"id":12903,"date":"2025-07-14T13:33:31","date_gmt":"2025-07-14T11:33:31","guid":{"rendered":"https:\/\/strangercam.com\/?page_id=12903"},"modified":"2025-07-14T13:33:31","modified_gmt":"2025-07-14T11:33:31","slug":"chaty","status":"publish","type":"page","link":"https:\/\/strangercam.com\/pt-br\/chaty\/","title":{"rendered":"Chaty"},"content":{"rendered":"<p>Como o apetite por v\u00eddeos espont\u00e2neos e presenciais <a href=\"https:\/\/strangercam.com\/pt-br\/chathub\/\">bate-papo<\/a> continua a crescer, uma nova gera\u00e7\u00e3o de plataformas surgiu para preencher a lacuna deixada por <a href=\"https:\/\/strangercam.com\/pt-br\/omegle\/\">Omegle<\/a> e <a href=\"https:\/\/strangercam.com\/pt-br\/chatroulette\/\">Chatroulette<\/a>. O Chaty \u00e9 um desses concorrentes, projetado para usu\u00e1rios que desejam chats de v\u00eddeo instant\u00e2neos e an\u00f4nimos sem o inc\u00f4modo de se inscrever, criar perfis ou fazer download de aplicativos.<\/p>\n<p>Com a promessa de \"conhecer estranhos de todo o mundo em segundos\", o Chaty se posiciona como uma alternativa moderna e f\u00e1cil de usar ao formato cl\u00e1ssico de bate-papo aleat\u00f3rio. Mas como ele se compara \u00e0 concorr\u00eancia em 2025? Ele \u00e9 seguro, f\u00e1cil de usar e vale seu tempo?<\/p>\n<p>Nesta an\u00e1lise abrangente, exploraremos exatamente o que \u00e9 o Chaty, como ele funciona, quais recursos oferece, quem o est\u00e1 usando e como ele se compara a outros sites de bate-papo por v\u00eddeo.<\/p>\n<h2>O que \u00e9 Chaty?<\/h2>\n<p>O Chaty \u00e9 um site de bate-papo por v\u00eddeo aleat\u00f3rio gratuito, baseado em navegador, que conecta usu\u00e1rios de todo o mundo para conversas individuais em tempo real. A experi\u00eancia \u00e9 simples e an\u00f4nima - basta clicar para iniciar, permitir a c\u00e2mera e o microfone, e voc\u00ea ser\u00e1 instantaneamente conectado a um estranho.<\/p>\n<p>N\u00e3o h\u00e1 necessidade de criar uma conta, fornecer um e-mail ou fazer download de um aplicativo. O Chaty se concentra no essencial: acesso r\u00e1pido, qualidade de v\u00eddeo suave e uma interface simples que permite que voc\u00ea converse em segundos.<\/p>\n<p>O site atrai qualquer pessoa que esteja procurando:<\/p>\n<ul>\n<li>Intera\u00e7\u00e3o casual e em tempo real<\/li>\n<li>Bate-papo por v\u00eddeo com estranhos, de forma amig\u00e1vel ou sedutora<\/li>\n<li>Pr\u00e1tica de idiomas ou interc\u00e2mbio cultural<\/li>\n<li>Uma maneira de passar o tempo ou <a href=\"https:\/\/strangercam.com\/pt-br\/coomeet\/\">conhecer<\/a> novas pessoas de forma an\u00f4nima<\/li>\n<\/ul>\n<h2>Qual \u00e9 o objetivo do Chaty?<\/h2>\n<p>O principal objetivo do Chaty \u00e9 trazer de volta a experi\u00eancia cl\u00e1ssica de bate-papo aleat\u00f3rio, mas com uma tecnologia melhor e uma interface mais segura e f\u00e1cil de usar. Em uma era de aplicativos de namoro, feeds sociais e plataformas de streaming altamente selecionados, o Chaty se destaca por se concentrar em uma conex\u00e3o humana pura e sem filtros - sem necessidade de biografias, swipes ou integra\u00e7\u00f5es de m\u00eddia social.<\/p>\n<p>Ele foi desenvolvido para:<\/p>\n<ul>\n<li>Usu\u00e1rios cansados de rolar a tela e fazer combina\u00e7\u00f5es intermin\u00e1veis em aplicativos de namoro<\/li>\n<li>Qualquer pessoa que esteja procurando uma maneira instant\u00e2nea e sem press\u00e3o de conhecer novas pessoas<\/li>\n<li>Pessoas que valorizam a privacidade e o anonimato em bate-papos on-line<\/li>\n<li>Usu\u00e1rios globais em busca de uma alternativa moderna ao Omegle ou Chatroulette<\/li>\n<\/ul>\n<h2>Principais recursos<\/h2>\n<p>1. Bate-papo por v\u00eddeo aleat\u00f3rio individual<br \/>\nO principal recurso do Chaty \u00e9 a conex\u00e3o de v\u00eddeo instant\u00e2nea e an\u00f4nima. Voc\u00ea \u00e9 emparelhado aleatoriamente com outro usu\u00e1rio on-line para uma conversa privada e cara a cara. Se n\u00e3o estiver gostando do bate-papo, basta clicar em \"Next\" para seguir em frente.<\/p>\n<p>2. Sem registro ou download de aplicativo<br \/>\nToda a experi\u00eancia acontece em seu navegador da Web. N\u00e3o h\u00e1 necessidade de se registrar, criar um perfil ou instalar qualquer software. Isso mant\u00e9m seus dados pessoais privados e o processo de integra\u00e7\u00e3o o mais r\u00e1pido poss\u00edvel.<\/p>\n<p>3. Correspond\u00eancia e salto r\u00e1pidos<br \/>\nO backend do Chaty foi desenvolvido para ser r\u00e1pido. As novas partidas s\u00e3o carregadas rapidamente e a transi\u00e7\u00e3o entre os bate-papos \u00e9 perfeita, mesmo em navegadores m\u00f3veis.<\/p>\n<p>4. Op\u00e7\u00e3o de bate-papo por texto<br \/>\nPara quem prefere digitar, tem largura de banda limitada ou n\u00e3o gosta de usar c\u00e2meras, o Chaty tamb\u00e9m oferece um modo de bate-papo somente com texto. Voc\u00ea pode alternar entre os modos a qualquer momento.<\/p>\n<p>5. Design compat\u00edvel com dispositivos m\u00f3veis<br \/>\nO Chaty funciona perfeitamente em navegadores de desktop e m\u00f3veis. A interface \u00e9 responsiva e otimizada para toque, garantindo uma opera\u00e7\u00e3o suave, seja em um laptop, tablet ou smartphone.<\/p>\n<p>6. Controles simples<br \/>\nGrandes janelas de v\u00eddeo, bot\u00f5es claros \"Next\" e \"Report\" e um layout intuitivo mant\u00eam a experi\u00eancia do usu\u00e1rio sem atritos. Voc\u00ea pode silenciar o microfone, ignorar um usu\u00e1rio ou denunciar um comportamento inadequado com um \u00fanico toque.<\/p>\n<p>7. Ferramentas de relat\u00f3rio e modera\u00e7\u00e3o<br \/>\nA seguran\u00e7a do usu\u00e1rio \u00e9 apoiada por relat\u00f3rios no chat. Usu\u00e1rios ofensivos ou inadequados podem ser sinalizados para revis\u00e3o, e o Chaty usa uma combina\u00e7\u00e3o de modera\u00e7\u00e3o humana e IA b\u00e1sica para ajudar a manter um ambiente seguro.<\/p>\n<h2>O Chaty \u00e9 gratuito?<\/h2>\n<p>Sim, o uso do Chaty \u00e9 totalmente gratuito. N\u00e3o h\u00e1:<\/p>\n<ul>\n<li>Paywalls<\/li>\n<li>Assinaturas<\/li>\n<li>Compras no aplicativo<\/li>\n<li>Sistemas de cr\u00e9ditos ou tokens<\/li>\n<\/ul>\n<p>Todos os usu\u00e1rios t\u00eam acesso igual \u00e0 funcionalidade completa da plataforma. O Chaty pode exibir an\u00fancios leves para cobrir os custos operacionais, mas eles n\u00e3o interferem na experi\u00eancia de bate-papo nem exigem intera\u00e7\u00e3o.<\/p>\n<h2>Quem usa o Chaty?<\/h2>\n<p>O Chaty atrai uma ampla base de usu\u00e1rios internacionais. A maioria dos usu\u00e1rios se enquadra na faixa et\u00e1ria de 18 a 35 anos e a propor\u00e7\u00e3o de g\u00eanero \u00e9 semelhante \u00e0 de outros sites de bate-papo aleat\u00f3rios (mais homens, mas usu\u00e1rios ativos do sexo feminino, especialmente nos hor\u00e1rios de pico).<\/p>\n<p>Os perfis de usu\u00e1rio comuns incluem:<\/p>\n<ul>\n<li>Estudantes universit\u00e1rios e jovens profissionais<\/li>\n<li>Viajantes e n\u00f4mades digitais<\/li>\n<li>Alunos de idiomas que buscam parceiros reais de conversa\u00e7\u00e3o<\/li>\n<li>Pessoas em busca de divers\u00e3o, flerte ou intera\u00e7\u00e3o amig\u00e1vel<\/li>\n<li>Qualquer pessoa que sinta falta das conex\u00f5es espont\u00e2neas e cruas do Omegle cl\u00e1ssico<\/li>\n<\/ul>\n<p>Como n\u00e3o h\u00e1 registro, a base de usu\u00e1rios do Chaty \u00e9 fluida e est\u00e1 sempre mudando. Voc\u00ea encontrar\u00e1 usu\u00e1rios dos Estados Unidos, do Reino Unido, da \u00cdndia, da Alemanha, do Brasil e de outros pa\u00edses, o que a torna uma comunidade verdadeiramente global.<\/p>\n<h2>Seguran\u00e7a, privacidade e modera\u00e7\u00e3o<\/h2>\n<p>Embora o Chaty enfatize a privacidade e o anonimato, ele tamb\u00e9m implementa medidas para proteger os usu\u00e1rios:<\/p>\n<h3>Privacidade<\/h3>\n<ul>\n<li>N\u00e3o \u00e9 necess\u00e1rio se inscrever, enviar e-mail ou fornecer dados pessoais<\/li>\n<li>Os bate-papos n\u00e3o s\u00e3o gravados ou salvos<\/li>\n<li>Voc\u00ea \u00e9 identificado apenas por sua webcam\/microfone (sem nomes de usu\u00e1rio ou fotos de perfil)<\/li>\n<li>Os endere\u00e7os IP n\u00e3o s\u00e3o expostos a outros usu\u00e1rios<\/li>\n<\/ul>\n<h3>Modera\u00e7\u00e3o<\/h3>\n<ul>\n<li>Den\u00fancias no chat: Sinalize rapidamente qualquer usu\u00e1rio ofensivo ou inadequado<\/li>\n<li>Modera\u00e7\u00e3o b\u00e1sica de IA: Detec\u00e7\u00e3o autom\u00e1tica de nudez ou conte\u00fado expl\u00edcito, embora n\u00e3o seja infal\u00edvel<\/li>\n<li>Revis\u00e3o manual: As den\u00fancias s\u00e3o revisadas por moderadores humanos e os infratores reincidentes s\u00e3o banidos<\/li>\n<\/ul>\n<h3>Limita\u00e7\u00f5es<\/h3>\n<p>Como todas as plataformas de bate-papo an\u00f4nimo, o Chaty n\u00e3o est\u00e1 imune a agentes mal-intencionados. Os usu\u00e1rios devem:<\/p>\n<ul>\n<li>Nunca compartilhe informa\u00e7\u00f5es pessoais (nome real, detalhes de contato, m\u00eddia social)<\/li>\n<li>Use os recursos \"Reportar\" e \"Avan\u00e7ar\" sempre que se sentir desconfort\u00e1vel<\/li>\n<li>Esteja ciente de que alguns bate-papos podem terminar abruptamente ou apresentar comportamento inadequado<\/li>\n<\/ul>\n<h2>Experi\u00eancia do usu\u00e1rio e design<\/h2>\n<p>O design do Chaty tem como foco a clareza, a velocidade e a facilidade de uso. A p\u00e1gina inicial \u00e9 m\u00ednima, geralmente com apenas um bot\u00e3o \"Iniciar\" em destaque e informa\u00e7\u00f5es claras sobre privacidade e regras. Em dois cliques, voc\u00ea estar\u00e1 cara a cara com um desconhecido.<\/p>\n<h3>Destaques:<\/h3>\n<ul>\n<li>Carregamento r\u00e1pido e correspond\u00eancia quase instant\u00e2nea<\/li>\n<li>Feeds de v\u00eddeo grandes e de alta qualidade<\/li>\n<li>Layout limpo, sem pop-ups ou distra\u00e7\u00f5es<\/li>\n<li>Controles simples para silenciar, pular ou reportar<\/li>\n<li>Desempenho consistente em navegadores de desktop e m\u00f3veis<\/li>\n<\/ul>\n<p>Em compara\u00e7\u00e3o com outros sites de bate-papo aleat\u00f3rios, o Chaty parece mais moderno e est\u00e1vel, especialmente em smartphones.<\/p>\n<h2>Chaty vs. outras plataformas de bate-papo por v\u00eddeo<\/h2>\n<p>Como o Chaty se compara a outras plataformas l\u00edderes de bate-papo por v\u00eddeo aleat\u00f3rio em 2025?<\/p>\n<table>\n<thead>\n<tr>\n<th>Recurso<\/th>\n<th>Chaty<\/th>\n<th>Ohmegle<\/th>\n<th>Chatroulette<\/th>\n<th>Chatrandom<\/th>\n<th><a href=\"https:\/\/strangercam.com\/pt-br\/ometv\/\">OmeTV<\/a><\/th>\n<\/tr>\n<\/thead>\n<tbody>\n<tr>\n<td>Random Video Chat com Estranhos<\/td>\n<td>Sim<\/td>\n<td>Sim<\/td>\n<td>Sim<\/td>\n<td>Sim<\/td>\n<td>Sim<\/td>\n<\/tr>\n<tr>\n<td>Op\u00e7\u00e3o de bate-papo por texto<\/td>\n<td>Sim<\/td>\n<td>Sim<\/td>\n<td>N\u00e3o<\/td>\n<td>Sim<\/td>\n<td>Sim<\/td>\n<\/tr>\n<tr>\n<td>Registro necess\u00e1rio<\/td>\n<td>N\u00e3o<\/td>\n<td>N\u00e3o<\/td>\n<td>N\u00e3o<\/td>\n<td>Opcional<\/td>\n<td>N\u00e3o<\/td>\n<\/tr>\n<tr>\n<td>Suporte m\u00f3vel<\/td>\n<td>Excelente<\/td>\n<td>Excelente<\/td>\n<td>Bom<\/td>\n<td>Bom<\/td>\n<td>Bom<\/td>\n<\/tr>\n<tr>\n<td>Filtro de g\u00eanero\/pa\u00eds<\/td>\n<td>N\u00e3o<\/td>\n<td>N\u00e3o<\/td>\n<td>Pago<\/td>\n<td>Pago<\/td>\n<td>Pago<\/td>\n<\/tr>\n<tr>\n<td>Ferramentas de modera\u00e7\u00e3o<\/td>\n<td>Moderado<\/td>\n<td>Moderado<\/td>\n<td>Fraco<\/td>\n<td>Moderado<\/td>\n<td>Forte<\/td>\n<\/tr>\n<tr>\n<td>Gratuito para uso<\/td>\n<td>Sim<\/td>\n<td>Sim<\/td>\n<td>Sim<\/td>\n<td>Sim\/Pago<\/td>\n<td>Sim<\/td>\n<\/tr>\n<\/tbody>\n<\/table>\n<p>Resumo: O Chaty \u00e9 o mais pr\u00f3ximo em esp\u00edrito e simplicidade do Ohmegle, mas com uma interface mais moderna e melhor suporte para navegadores m\u00f3veis. \u00c9 ideal para usu\u00e1rios que desejam um bate-papo puro e sem filtros - sem filtros, perfis ou upsells.<\/p>\n<h2>Pr\u00f3s e contras<\/h2>\n<p>Pr\u00f3s:<\/p>\n<ul>\n<li>100% gratuito e an\u00f4nimo<\/li>\n<li>N\u00e3o \u00e9 necess\u00e1rio registro ou download<\/li>\n<li>Correspond\u00eancia e salto r\u00e1pidos e f\u00e1ceis<\/li>\n<li>Modos de bate-papo por v\u00eddeo e texto<\/li>\n<li>Forte compatibilidade com dispositivos m\u00f3veis<\/li>\n<li>Interface de usu\u00e1rio limpa e intuitiva<\/li>\n<\/ul>\n<p>Contras:<\/p>\n<ul>\n<li>Sem filtragem por g\u00eanero ou regi\u00e3o<\/li>\n<li>Conte\u00fado inadequado ocasional (apesar da modera\u00e7\u00e3o)<\/li>\n<li>Sem perfis, hist\u00f3rico do usu\u00e1rio ou recursos de acompanhamento<\/li>\n<li>Mais usu\u00e1rios homens do que mulheres<\/li>\n<li>Os bate-papos s\u00e3o ef\u00eameros - n\u00e3o h\u00e1 como se reconectar<\/li>\n<\/ul>\n<h2>Casos de uso ideais<\/h2>\n<p>O Chaty \u00e9 perfeito para:<\/p>\n<ul>\n<li>Qualquer pessoa que sinta falta do Omegle e queira ter uma experi\u00eancia semelhante<\/li>\n<li>Pessoas em busca de novos amigos ou de intera\u00e7\u00e3o espont\u00e2nea e em tempo real<\/li>\n<li>Alunos de idiomas praticando habilidades de conversa\u00e7\u00e3o<\/li>\n<li>Aqueles que valorizam a privacidade e o anonimato on-line<\/li>\n<li>Usu\u00e1rios que desejam passar o tempo ou conhecer algu\u00e9m fora de seu c\u00edrculo social<\/li>\n<\/ul>\n<p>\u00c9 menos adequado para:<\/p>\n<ul>\n<li>Usu\u00e1rios menores de 18 anos (a plataforma \u00e9 exclusiva para adultos)<\/li>\n<li>Aqueles que buscam filtros de namoro\/encontro ou experi\u00eancias selecionadas<\/li>\n<li>Pessoas que n\u00e3o se sentem \u00e0 vontade com encontros de bate-papo imprevis\u00edveis ou brutos<\/li>\n<\/ul>\n<h2>Veredicto final<\/h2>\n<p>O Chaty \u00e9 uma plataforma de chat de v\u00eddeo aleat\u00f3rio de destaque em 2025, oferecendo exatamente o que os usu\u00e1rios adoravam nos cl\u00e1ssicos Omegle e Chatroulette: conex\u00e3o humana r\u00e1pida, gratuita e an\u00f4nima, sem barreiras ou distra\u00e7\u00f5es. Sua interface limpa, desempenho confi\u00e1vel e foco na privacidade fazem dele uma das melhores op\u00e7\u00f5es para conversas espont\u00e2neas face a face on-line.<\/p>\n<p>Embora a modera\u00e7\u00e3o e a filtragem possam ser aprimoradas, os pontos fortes da plataforma est\u00e3o em sua simplicidade e facilidade de uso. Se voc\u00ea estiver procurando um bate-papo genu\u00edno e sem script com estranhos de todo o mundo - seja para se divertir, aprender ou apenas para escapar do t\u00e9dio - vale a pena conferir o Chaty.<\/p>","protected":false},"excerpt":{"rendered":"<p>As the appetite for spontaneous, face-to-face video chat continues to grow, a new generation of platforms has emerged to fill the gap left by Omegle and Chatroulette. Chaty is one such contender, designed for users who crave instant, anonymous video chats without the hassle of sign-up, profile-building, or downloading apps. With a promise of \u201cmeeting [&hellip;]<\/p>\n","protected":false},"author":6,"featured_media":0,"parent":0,"menu_order":0,"comment_status":"closed","ping_status":"closed","template":"","meta":{"footnotes":""},"class_list":["post-12903","page","type-page","status-publish","hentry"],"yoast_head":"<!-- This site is optimized with the Yoast SEO plugin v27.4 - https:\/\/yoast.com\/product\/yoast-seo-wordpress\/ -->\n<title>Chaty - Chat with People Nearby on StrangerCam.com<\/title>\n<meta name=\"description\" content=\"Like Chaty? Come chat with more than 5.000.000 strangers on Stranger Cam for Free! Turn on your cam and find new friends &amp; maby a match!\" \/>\n<meta name=\"robots\" content=\"index, follow, max-snippet:-1, max-image-preview:large, max-video-preview:-1\" \/>\n<link rel=\"canonical\" href=\"https:\/\/strangercam.com\/pt-br\/chaty\/\" \/>\n<meta property=\"og:locale\" content=\"pt_BR\" \/>\n<meta property=\"og:type\" content=\"article\" \/>\n<meta property=\"og:title\" content=\"Chaty - Chat with People Nearby on StrangerCam.com\" \/>\n<meta property=\"og:description\" content=\"Like Chaty? Come chat with more than 5.000.000 strangers on Stranger Cam for Free! Turn on your cam and find new friends &amp; maby a match!\" \/>\n<meta property=\"og:url\" content=\"https:\/\/strangercam.com\/pt-br\/chaty\/\" \/>\n<meta property=\"og:site_name\" content=\"Strangercam\" \/>\n<meta property=\"article:publisher\" content=\"https:\/\/www.facebook.com\/strangercam\" \/>\n<meta property=\"og:image\" content=\"https:\/\/strangercam.com\/wp-content\/uploads\/2021\/10\/Untitled-2.png\" \/>\n\t<meta property=\"og:image:width\" content=\"800\" \/>\n\t<meta property=\"og:image:height\" content=\"532\" \/>\n\t<meta property=\"og:image:type\" content=\"image\/png\" \/>\n<meta name=\"twitter:card\" content=\"summary_large_image\" \/>\n<meta name=\"twitter:site\" content=\"@strangercamapp\" \/>\n<meta name=\"twitter:label1\" content=\"Est. tempo de leitura\" \/>\n\t<meta name=\"twitter:data1\" content=\"6 minutos\" \/>\n<script type=\"application\/ld+json\" class=\"yoast-schema-graph\">{\"@context\":\"https:\\\/\\\/schema.org\",\"@graph\":[{\"@type\":\"WebPage\",\"@id\":\"https:\\\/\\\/strangercam.com\\\/chaty\\\/\",\"url\":\"https:\\\/\\\/strangercam.com\\\/chaty\\\/\",\"name\":\"Chaty - Chat with People Nearby on StrangerCam.com\",\"isPartOf\":{\"@id\":\"https:\\\/\\\/strangercam.com\\\/#website\"},\"datePublished\":\"2025-07-14T11:33:31+00:00\",\"description\":\"Like Chaty? Come chat with more than 5.000.000 strangers on Stranger Cam for Free! Turn on your cam and find new friends & maby a match!\",\"breadcrumb\":{\"@id\":\"https:\\\/\\\/strangercam.com\\\/chaty\\\/#breadcrumb\"},\"inLanguage\":\"pt-BR\",\"potentialAction\":[{\"@type\":\"ReadAction\",\"target\":[\"https:\\\/\\\/strangercam.com\\\/chaty\\\/\"]}]},{\"@type\":\"BreadcrumbList\",\"@id\":\"https:\\\/\\\/strangercam.com\\\/chaty\\\/#breadcrumb\",\"itemListElement\":[{\"@type\":\"ListItem\",\"position\":1,\"name\":\"Home\",\"item\":\"https:\\\/\\\/strangercam.com\\\/\"},{\"@type\":\"ListItem\",\"position\":2,\"name\":\"Chaty\"}]},{\"@type\":\"WebSite\",\"@id\":\"https:\\\/\\\/strangercam.com\\\/#website\",\"url\":\"https:\\\/\\\/strangercam.com\\\/\",\"name\":\"Strangercam\",\"description\":\"Random Video Chat with Strangers\",\"publisher\":{\"@id\":\"https:\\\/\\\/strangercam.com\\\/#organization\"},\"alternateName\":\"Strangercam.com\",\"potentialAction\":[{\"@type\":\"SearchAction\",\"target\":{\"@type\":\"EntryPoint\",\"urlTemplate\":\"https:\\\/\\\/strangercam.com\\\/?s={search_term_string}\"},\"query-input\":{\"@type\":\"PropertyValueSpecification\",\"valueRequired\":true,\"valueName\":\"search_term_string\"}}],\"inLanguage\":\"pt-BR\"},{\"@type\":\"Organization\",\"@id\":\"https:\\\/\\\/strangercam.com\\\/#organization\",\"name\":\"Strangercam\",\"alternateName\":\"Strangercam.com\",\"url\":\"https:\\\/\\\/strangercam.com\\\/\",\"logo\":{\"@type\":\"ImageObject\",\"inLanguage\":\"pt-BR\",\"@id\":\"https:\\\/\\\/strangercam.com\\\/#\\\/schema\\\/logo\\\/image\\\/\",\"url\":\"https:\\\/\\\/strangercam.com\\\/wp-content\\\/uploads\\\/2020\\\/11\\\/cropped-new-favicon-black.png\",\"contentUrl\":\"https:\\\/\\\/strangercam.com\\\/wp-content\\\/uploads\\\/2020\\\/11\\\/cropped-new-favicon-black.png\",\"width\":512,\"height\":512,\"caption\":\"Strangercam\"},\"image\":{\"@id\":\"https:\\\/\\\/strangercam.com\\\/#\\\/schema\\\/logo\\\/image\\\/\"},\"sameAs\":[\"https:\\\/\\\/www.facebook.com\\\/strangercam\",\"https:\\\/\\\/x.com\\\/strangercamapp\"]}]}<\/script>\n<!-- \/ Yoast SEO plugin. -->","yoast_head_json":{"title":"Chaty - Converse com pessoas pr\u00f3ximas em StrangerCam.com","description":"Gosta do Chaty? Venha bater papo com mais de 5.000.000 de estranhos no Stranger Cam de gra\u00e7a! Ligue sua c\u00e2mera e encontre novos amigos e talvez um par!","robots":{"index":"index","follow":"follow","max-snippet":"max-snippet:-1","max-image-preview":"max-image-preview:large","max-video-preview":"max-video-preview:-1"},"canonical":"https:\/\/strangercam.com\/pt-br\/chaty\/","og_locale":"pt_BR","og_type":"article","og_title":"Chaty - Chat with People Nearby on StrangerCam.com","og_description":"Like Chaty? Come chat with more than 5.000.000 strangers on Stranger Cam for Free! Turn on your cam and find new friends & maby a match!","og_url":"https:\/\/strangercam.com\/pt-br\/chaty\/","og_site_name":"Strangercam","article_publisher":"https:\/\/www.facebook.com\/strangercam","og_image":[{"width":800,"height":532,"url":"https:\/\/strangercam.com\/wp-content\/uploads\/2021\/10\/Untitled-2.png","type":"image\/png"}],"twitter_card":"summary_large_image","twitter_site":"@strangercamapp","twitter_misc":{"Est. tempo de leitura":"6 minutos"},"schema":{"@context":"https:\/\/schema.org","@graph":[{"@type":"WebPage","@id":"https:\/\/strangercam.com\/chaty\/","url":"https:\/\/strangercam.com\/chaty\/","name":"Chaty - Converse com pessoas pr\u00f3ximas em StrangerCam.com","isPartOf":{"@id":"https:\/\/strangercam.com\/#website"},"datePublished":"2025-07-14T11:33:31+00:00","description":"Gosta do Chaty? Venha bater papo com mais de 5.000.000 de estranhos no Stranger Cam de gra\u00e7a! Ligue sua c\u00e2mera e encontre novos amigos e talvez um par!","breadcrumb":{"@id":"https:\/\/strangercam.com\/chaty\/#breadcrumb"},"inLanguage":"pt-BR","potentialAction":[{"@type":"ReadAction","target":["https:\/\/strangercam.com\/chaty\/"]}]},{"@type":"BreadcrumbList","@id":"https:\/\/strangercam.com\/chaty\/#breadcrumb","itemListElement":[{"@type":"ListItem","position":1,"name":"Home","item":"https:\/\/strangercam.com\/"},{"@type":"ListItem","position":2,"name":"Chaty"}]},{"@type":"WebSite","@id":"https:\/\/strangercam.com\/#website","url":"https:\/\/strangercam.com\/","name":"Strangercam","description":"Bate-papo por v\u00eddeo aleat\u00f3rio com estranhos","publisher":{"@id":"https:\/\/strangercam.com\/#organization"},"alternateName":"Strangercam.com","potentialAction":[{"@type":"SearchAction","target":{"@type":"EntryPoint","urlTemplate":"https:\/\/strangercam.com\/?s={search_term_string}"},"query-input":{"@type":"PropertyValueSpecification","valueRequired":true,"valueName":"search_term_string"}}],"inLanguage":"pt-BR"},{"@type":"Organization","@id":"https:\/\/strangercam.com\/#organization","name":"Strangercam","alternateName":"Strangercam.com","url":"https:\/\/strangercam.com\/","logo":{"@type":"ImageObject","inLanguage":"pt-BR","@id":"https:\/\/strangercam.com\/#\/schema\/logo\/image\/","url":"https:\/\/strangercam.com\/wp-content\/uploads\/2020\/11\/cropped-new-favicon-black.png","contentUrl":"https:\/\/strangercam.com\/wp-content\/uploads\/2020\/11\/cropped-new-favicon-black.png","width":512,"height":512,"caption":"Strangercam"},"image":{"@id":"https:\/\/strangercam.com\/#\/schema\/logo\/image\/"},"sameAs":["https:\/\/www.facebook.com\/strangercam","https:\/\/x.com\/strangercamapp"]}]}},"_links":{"self":[{"href":"https:\/\/strangercam.com\/pt-br\/wp-json\/wp\/v2\/pages\/12903","targetHints":{"allow":["GET"]}}],"collection":[{"href":"https:\/\/strangercam.com\/pt-br\/wp-json\/wp\/v2\/pages"}],"about":[{"href":"https:\/\/strangercam.com\/pt-br\/wp-json\/wp\/v2\/types\/page"}],"author":[{"embeddable":true,"href":"https:\/\/strangercam.com\/pt-br\/wp-json\/wp\/v2\/users\/6"}],"replies":[{"embeddable":true,"href":"https:\/\/strangercam.com\/pt-br\/wp-json\/wp\/v2\/comments?post=12903"}],"version-history":[{"count":1,"href":"https:\/\/strangercam.com\/pt-br\/wp-json\/wp\/v2\/pages\/12903\/revisions"}],"predecessor-version":[{"id":12904,"href":"https:\/\/strangercam.com\/pt-br\/wp-json\/wp\/v2\/pages\/12903\/revisions\/12904"}],"wp:attachment":[{"href":"https:\/\/strangercam.com\/pt-br\/wp-json\/wp\/v2\/media?parent=12903"}],"curies":[{"name":"wp","href":"https:\/\/api.w.org\/{rel}","templated":true}]}}