{"id":12892,"date":"2025-06-16T15:00:37","date_gmt":"2025-06-16T13:00:37","guid":{"rendered":"https:\/\/strangercam.com\/?page_id=12892"},"modified":"2025-06-16T15:00:37","modified_gmt":"2025-06-16T13:00:37","slug":"ohmegle","status":"publish","type":"page","link":"https:\/\/strangercam.com\/pt-br\/ohmegle\/","title":{"rendered":"Ohmegle"},"content":{"rendered":"<p>Quando <a href=\"https:\/\/strangercam.com\/pt-br\/omegle\/\">Omegle<\/a> Ao encerrar as atividades do Ohmegle em 2023, milh\u00f5es de usu\u00e1rios ficaram sem um lugar para conversar por v\u00eddeo de forma espont\u00e2nea e an\u00f4nima com estranhos. Ap\u00f3s o seu desaparecimento, surgiram v\u00e1rias alternativas, mas poucas ganharam tanta for\u00e7a quanto o Ohmegle. Projetado para preencher exatamente a lacuna deixada para tr\u00e1s, o Ohmegle oferece uma experi\u00eancia quase id\u00eantica com melhorias modernas, melhor desempenho e uma base de usu\u00e1rios leal e crescente.<\/p>\n<p>Nesta an\u00e1lise, exploraremos tudo o que voc\u00ea precisa saber sobre o Ohmegle - como ele funciona, o que o torna o melhor substituto do Omegle, seus recursos, padr\u00f5es de seguran\u00e7a e como ele se compara a v\u00eddeos aleat\u00f3rios semelhantes <a href=\"https:\/\/strangercam.com\/pt-br\/chatroulette\/\">bate-papo<\/a> locais.<\/p>\n<h2>O que \u00e9 Ohmegle?<\/h2>\n<p>O Ohmegle \u00e9 um servi\u00e7o gratuito e an\u00f4nimo <a href=\"https:\/\/strangercam.com\/pt-br\/chathub\/\">bate-papo por v\u00eddeo aleat\u00f3rio<\/a> site que conecta voc\u00ea a estranhos para conversas presenciais ao vivo. \u00c9 um sucessor espiritual do Omegle, imitando seu formato e interface quase exatamente - mas com melhor tempo de atividade, suporte m\u00f3vel e uma comunidade criada especificamente para usu\u00e1rios que sentem falta do original.<\/p>\n<p>N\u00e3o h\u00e1 cria\u00e7\u00e3o de conta, n\u00e3o s\u00e3o necess\u00e1rios dados pessoais e n\u00e3o h\u00e1 algoritmos de correspond\u00eancia complicados. Basta carregar o site, permitir permiss\u00f5es de c\u00e2mera\/microfone e come\u00e7ar a conversar com algu\u00e9m novo - de forma aleat\u00f3ria, instant\u00e2nea e an\u00f4nima.<\/p>\n<h2>Qual \u00e9 o objetivo do Ohmegle?<\/h2>\n<p>A miss\u00e3o da Ohmegle \u00e9 simples: trazer de volta a experi\u00eancia aut\u00eantica do Omegle em um formato seguro e acess\u00edvel para 2025 e al\u00e9m. Destina-se a:<\/p>\n<ul>\n<li>Pessoas que sentem falta do ambiente de bate-papo espont\u00e2neo do Omegle<\/li>\n<li>Usu\u00e1rios que preferem v\u00eddeo a aplicativos sociais ou de namoro baseados em texto<\/li>\n<li>Qualquer pessoa que esteja procurando uma conex\u00e3o humana an\u00f4nima, sem compromisso<\/li>\n<\/ul>\n<p>Se voc\u00ea estiver procurando por conversas casuais, encontros de paquera ou apenas algu\u00e9m para ouvir, o Ohmegle foi projetado para reproduzir o charme da cultura de bate-papo do in\u00edcio da Internet - de forma totalmente an\u00f4nima e em tempo real.<\/p>\n<h2>Principais recursos<\/h2>\n<p>1. Bate-papo por v\u00eddeo aleat\u00f3rio individual<br \/>\nAssim como o Omegle, o Ohmegle conecta voc\u00ea instantaneamente a um estranho por meio de webcam e microfone. Sem perfis, sem deslizar - apenas intera\u00e7\u00e3o direta.<\/p>\n<p>2. Funcionalidade de pular\/seguinte<br \/>\nN\u00e3o est\u00e1 se sentindo \u00e0 vontade com algu\u00e9m? Clique em \u201cNext\u201d (Avan\u00e7ar) para ser instantaneamente combinado com outro usu\u00e1rio. \u00c9 r\u00e1pido e sem atritos, permitindo que voc\u00ea <a href=\"https:\/\/strangercam.com\/pt-br\/coomeet\/\">conhecer<\/a> dezenas de pessoas em uma \u00fanica sess\u00e3o.<\/p>\n<p>3. N\u00e3o \u00e9 necess\u00e1rio registrar-se<br \/>\nO Ohmegle permanece completamente an\u00f4nimo. N\u00e3o h\u00e1 necessidade de inserir nome, e-mail ou n\u00famero de telefone. Ele respeita o princ\u00edpio fundamental do Omegle: falar com estranhos, n\u00e3o com seguidores.<\/p>\n<p>4. Modo opcional de bate-papo por texto<br \/>\nSe n\u00e3o se sentir confort\u00e1vel com a c\u00e2mera, poder\u00e1 optar por uma vers\u00e3o de bate-papo somente com texto. A interface do usu\u00e1rio permanece elegante e simples.<\/p>\n<p>5. Compatibilidade com dispositivos m\u00f3veis<br \/>\nO Ohmegle \u00e9 otimizado para navegadores de desktop e m\u00f3veis. Voc\u00ea pode bater papo pelo celular sem precisar baixar um aplicativo, e o site se adapta bem a diferentes tamanhos de tela e n\u00edveis de largura de banda.<\/p>\n<p>6. Design simplificado<br \/>\nO layout \u00e9 intencionalmente minimalista, espelhando o visual cl\u00e1ssico do Omegle, mas com desempenho atualizado. As janelas de v\u00eddeo s\u00e3o grandes, os controles s\u00e3o f\u00e1ceis de usar e n\u00e3o h\u00e1 nada desnecess\u00e1rio na tela.<\/p>\n<p>7. Ferramentas de relat\u00f3rio e modera\u00e7\u00e3o<br \/>\nOs usu\u00e1rios podem denunciar comportamentos inadequados diretamente na janela de bate-papo. O Ohmegle implementou ferramentas b\u00e1sicas de modera\u00e7\u00e3o e detec\u00e7\u00e3o de nudez com base em IA para coibir abusos e manter a experi\u00eancia segura.<\/p>\n<h2>O Ohmegle \u00e9 gratuito?<\/h2>\n<p>Sim, o Ohmegle \u00e9 100% gratuito. N\u00e3o h\u00e1 paywalls, assinaturas ou n\u00edveis freemium. Todos os usu\u00e1rios t\u00eam acesso igual ao bate-papo por v\u00eddeo, ao bate-papo por texto e \u00e0 plataforma completa.<\/p>\n<p>Tamb\u00e9m n\u00e3o h\u00e1 an\u00fancios na tela, o que \u00e9 raro em sites de bate-papo por v\u00eddeo. A monetiza\u00e7\u00e3o parece ter sido mantida no m\u00ednimo para preservar a experi\u00eancia r\u00e1pida e fluida que os usu\u00e1rios esperam.<\/p>\n<h2>Quem usa o Ohmegle?<\/h2>\n<p>O Ohmegle atrai uma ampla gama de usu\u00e1rios, mas geralmente reflete o perfil demogr\u00e1fico do Omegle original:<\/p>\n<ul>\n<li>Idades: Principalmente de 18 a 35 anos, embora a plataforma seja estritamente para adultos (18+)<\/li>\n<li>P\u00fablico global: Usu\u00e1rios dos EUA, Canad\u00e1, Europa, \u00cdndia, Brasil e Sudeste Asi\u00e1tico<\/li>\n<li>Inten\u00e7\u00e3o do usu\u00e1rio: Dividida entre bate-papo casual, fazer amigos, paquerar e apenas passar o tempo<\/li>\n<\/ul>\n<p>N\u00e3o h\u00e1 uma estrutura formal para a intera\u00e7\u00e3o dos usu\u00e1rios - cabe a voc\u00ea e ao seu par conduzir a conversa. Alguns est\u00e3o em busca de risadas, outros de companheirismo e outros simplesmente de novidades.<\/p>\n<h2>Seguran\u00e7a e modera\u00e7\u00e3o<\/h2>\n<p>Como em qualquer plataforma de bate-papo por v\u00eddeo an\u00f4nimo, a seguran\u00e7a do usu\u00e1rio \u00e9 uma preocupa\u00e7\u00e3o, mas o Ohmegle se esfor\u00e7a para oferecer um ambiente seguro sem arruinar a natureza espont\u00e2nea do bate-papo.<\/p>\n<h3>Privacidade<\/h3>\n<ul>\n<li>Sem registro, contas ou rastreamento<\/li>\n<li>Os bate-papos n\u00e3o s\u00e3o gravados ou armazenados<\/li>\n<li>Seu endere\u00e7o IP nunca \u00e9 mostrado ao outro usu\u00e1rio<\/li>\n<\/ul>\n<h3>Modera\u00e7\u00e3o<\/h3>\n<ul>\n<li>Bot\u00e3o Denunciar dispon\u00edvel durante o bate-papo ao vivo<\/li>\n<li>A detec\u00e7\u00e3o de nudez baseada em IA filtra alguns conte\u00fados inadequados<\/li>\n<li>Os usu\u00e1rios denunciados v\u00e1rias vezes podem ser banidos da plataforma<\/li>\n<\/ul>\n<p>Dito isso, o Ohmegle n\u00e3o censura nem modera em excesso, portanto, ainda h\u00e1 uma chance de encontrar um comportamento inadequado. Use a plataforma com sabedoria:<\/p>\n<ul>\n<li>Ignore imediatamente se algu\u00e9m o deixar desconfort\u00e1vel<\/li>\n<li>Nunca compartilhe detalhes pessoais como seu nome, local ou m\u00eddia social<\/li>\n<li>N\u00e3o hesite em denunciar os infratores<\/li>\n<\/ul>\n<h2>Experi\u00eancia e desempenho do usu\u00e1rio<\/h2>\n<p>O Ohmegle \u00e9 impressionantemente leve e responsivo. A p\u00e1gina inicial carrega rapidamente e as correspond\u00eancias acontecem em segundos. Tanto no desktop quanto no celular, a plataforma oferece:<\/p>\n<ul>\n<li>Feeds de v\u00eddeo claros e grandes<\/li>\n<li>Bot\u00f5es de controle simples (Next, Stop, Report)<\/li>\n<li>Acesso confi\u00e1vel \u00e0 c\u00e2mera e ao microfone<\/li>\n<li>M\u00ednimo atraso ou buffering, mesmo em conex\u00f5es mais lentas<\/li>\n<\/ul>\n<p>\u00c9 uma das experi\u00eancias de bate-papo por v\u00eddeo aleat\u00f3rio mais tranquilas atualmente on-line, especialmente em compara\u00e7\u00e3o com concorrentes sobrecarregados que sofrem com carregamento lento ou interfaces com bugs.<\/p>\n<h2>Ohmegle vs. outros sites de bate-papo por v\u00eddeo aleat\u00f3rios<\/h2>\n<p>Com tantas alternativas ao Omegle dispon\u00edveis, como o Ohmegle se sai?<\/p>\n<table>\n<thead>\n<tr>\n<th>Plataforma<\/th>\n<th>Registro<\/th>\n<th>Bate-papo por v\u00eddeo<\/th>\n<th>Bate-papo por texto<\/th>\n<th>Filtro de g\u00eanero<\/th>\n<th>Suporte m\u00f3vel<\/th>\n<th>Modera\u00e7\u00e3o<\/th>\n<\/tr>\n<\/thead>\n<tbody>\n<tr>\n<td>Ohmegle<\/td>\n<td>N\u00e3o<\/td>\n<td>Sim<\/td>\n<td>Sim<\/td>\n<td>N\u00e3o<\/td>\n<td>Excelente<\/td>\n<td>Moderado<\/td>\n<\/tr>\n<tr>\n<td><a href=\"https:\/\/strangercam.com\/pt-br\/ometv\/\">OmeTV<\/a><\/td>\n<td>N\u00e3o<\/td>\n<td>Sim<\/td>\n<td>Sim<\/td>\n<td>Sim (pago)<\/td>\n<td>Bom<\/td>\n<td>Forte<\/td>\n<\/tr>\n<tr>\n<td>Chatrandom<\/td>\n<td>Opcional<\/td>\n<td>Sim<\/td>\n<td>Sim<\/td>\n<td>Sim (pago)<\/td>\n<td>Bom<\/td>\n<td>Moderado<\/td>\n<\/tr>\n<tr>\n<td>Chatspin<\/td>\n<td>Opcional<\/td>\n<td>Sim<\/td>\n<td>Sim<\/td>\n<td>Sim (gratuito\/pago)<\/td>\n<td>Excelente<\/td>\n<td>Moderado<\/td>\n<\/tr>\n<tr>\n<td>Camgo<\/td>\n<td>N\u00e3o<\/td>\n<td>Sim<\/td>\n<td>Sim<\/td>\n<td>Sim (pago)<\/td>\n<td>Bom<\/td>\n<td>B\u00e1sico<\/td>\n<\/tr>\n<\/tbody>\n<\/table>\n<p>Resumo: O maior argumento de venda do Ohmegle \u00e9 a autenticidade e a simplicidade. Ao contr\u00e1rio de muitos concorrentes que empurram os usu\u00e1rios para assinaturas premium ou for\u00e7am logins, o Ohmegle mant\u00e9m a simplicidade e a gratuidade. Para aqueles que procuram especificamente replicar a sensa\u00e7\u00e3o do antigo Omegle, este \u00e9 o mais pr\u00f3ximo que voc\u00ea chegar\u00e1.<\/p>\n<h2>Pr\u00f3s e contras<\/h2>\n<h3>Pr\u00f3s<\/h3>\n<ul>\n<li>100% gratuito e an\u00f4nimo<\/li>\n<li>Sem registro ou downloads<\/li>\n<li>Correspond\u00eancia r\u00e1pida e baixo atraso<\/li>\n<li>Compat\u00edvel com dispositivos m\u00f3veis e funciona em todos os principais navegadores<\/li>\n<li>Interface limpa e minimalista<\/li>\n<li>Excelente para conversas espont\u00e2neas e intera\u00e7\u00f5es casuais<\/li>\n<\/ul>\n<h3>Contras<\/h3>\n<ul>\n<li>Sem filtros de g\u00eanero ou regi\u00e3o<\/li>\n<li>Exposi\u00e7\u00e3o potencial a conte\u00fado inadequado<\/li>\n<li>Sem hist\u00f3rico de bate-papo ou recurso de reconex\u00e3o<\/li>\n<li>Sem ferramentas de descoberta social ou op\u00e7\u00f5es de acompanhamento<\/li>\n<\/ul>\n<h2>Casos de uso ideais<\/h2>\n<p>O Ohmegle \u00e9 mais adequado para:<\/p>\n<ul>\n<li>Pessoas nost\u00e1lgicas com a experi\u00eancia original do Omegle<\/li>\n<li>Usu\u00e1rios que gostam de intera\u00e7\u00e3o social an\u00f4nima<\/li>\n<li>Not\u00edvagos, viajantes ou qualquer pessoa que esteja procurando conversas espont\u00e2neas<\/li>\n<li>Pessoas que desejam conhecer estranhos sem press\u00e3o ou expectativas de perfil<\/li>\n<\/ul>\n<p>N\u00e3o \u00e9 ideal para:<\/p>\n<ul>\n<li>Usu\u00e1rios que procuram encontros s\u00e9rios ou conex\u00f5es de longo prazo<\/li>\n<li>Aqueles que n\u00e3o gostam de ser filmados<\/li>\n<li>Qualquer pessoa que n\u00e3o se sinta \u00e0 vontade com conte\u00fado n\u00e3o moderado<\/li>\n<li>Usu\u00e1rios menores de 18 anos (n\u00e3o permitidos na plataforma)<\/li>\n<\/ul>\n<p>O Ohmegle \u00e9 a coisa mais pr\u00f3xima que temos do cl\u00e1ssico Omegle em 2025 - e isso \u00e9 bom. Ele elimina o ru\u00eddo e a desordem dos aplicativos sociais modernos, retornando a um formato r\u00e1pido, an\u00f4nimo e bruto. Se voc\u00ea gostou do Omegle pelo que ele era - uma conex\u00e3o humana sem roteiro e sem filtro - o Ohmegle oferece isso e muito mais.<\/p>\n<p>N\u00e3o h\u00e1 truques. N\u00e3o h\u00e1 formul\u00e1rios de inscri\u00e7\u00e3o intermin\u00e1veis. N\u00e3o h\u00e1 press\u00e3o para atuar. Apenas voc\u00ea, sua webcam e a pessoa com quem o algoritmo o conectar em seguida.<\/p>\n<p>Se voc\u00ea est\u00e1 procurando a melhor alternativa gratuita e an\u00f4nima ao Omegle, o Ohmegle merece o primeiro lugar. Independentemente de voc\u00ea ficar por cinco minutos ou cinco horas, a experi\u00eancia \u00e9 exclusivamente humana - e isso \u00e9 raro no mundo atual de curadoria.<\/p>","protected":false},"excerpt":{"rendered":"<p>When Omegle shut down in 2023, millions of users were left without a go-to place for spontaneous, anonymous video chatting with strangers. In the wake of its disappearance, several alternatives have emerged\u2014but few have gained as much traction as Ohmegle. Designed to fill the exact void left behind, Ohmegle offers a nearly identical experience with [&hellip;]<\/p>\n","protected":false},"author":6,"featured_media":0,"parent":0,"menu_order":0,"comment_status":"closed","ping_status":"closed","template":"","meta":{"footnotes":""},"class_list":["post-12892","page","type-page","status-publish","hentry"],"yoast_head":"<!-- This site is optimized with the Yoast SEO plugin v27.4 - https:\/\/yoast.com\/product\/yoast-seo-wordpress\/ -->\n<title>Ohmegle - Talk to Strangers Omegle Alternative on StrangerCam.com<\/title>\n<meta name=\"description\" content=\"Like Ohmegle? Come chat with more than 5.000.000 strangers on Stranger Cam for Free! Turn on your cam and find new friends &amp; maby a match!\" \/>\n<meta name=\"robots\" content=\"index, follow, max-snippet:-1, max-image-preview:large, max-video-preview:-1\" \/>\n<link rel=\"canonical\" href=\"https:\/\/strangercam.com\/pt-br\/ohmegle\/\" \/>\n<meta property=\"og:locale\" content=\"pt_BR\" \/>\n<meta property=\"og:type\" content=\"article\" \/>\n<meta property=\"og:title\" content=\"Ohmegle - Talk to Strangers Omegle Alternative on StrangerCam.com\" \/>\n<meta property=\"og:description\" content=\"Like Ohmegle? Come chat with more than 5.000.000 strangers on Stranger Cam for Free! Turn on your cam and find new friends &amp; maby a match!\" \/>\n<meta property=\"og:url\" content=\"https:\/\/strangercam.com\/pt-br\/ohmegle\/\" \/>\n<meta property=\"og:site_name\" content=\"Strangercam\" \/>\n<meta property=\"article:publisher\" content=\"https:\/\/www.facebook.com\/strangercam\" \/>\n<meta property=\"og:image\" content=\"https:\/\/strangercam.com\/wp-content\/uploads\/2021\/10\/Untitled-2.png\" \/>\n\t<meta property=\"og:image:width\" content=\"800\" \/>\n\t<meta property=\"og:image:height\" content=\"532\" \/>\n\t<meta property=\"og:image:type\" content=\"image\/png\" \/>\n<meta name=\"twitter:card\" content=\"summary_large_image\" \/>\n<meta name=\"twitter:site\" content=\"@strangercamapp\" \/>\n<meta name=\"twitter:label1\" content=\"Est. tempo de leitura\" \/>\n\t<meta name=\"twitter:data1\" content=\"6 minutos\" \/>\n<script type=\"application\/ld+json\" class=\"yoast-schema-graph\">{\"@context\":\"https:\\\/\\\/schema.org\",\"@graph\":[{\"@type\":\"WebPage\",\"@id\":\"https:\\\/\\\/strangercam.com\\\/ohmegle\\\/\",\"url\":\"https:\\\/\\\/strangercam.com\\\/ohmegle\\\/\",\"name\":\"Ohmegle - Talk to Strangers Omegle Alternative on StrangerCam.com\",\"isPartOf\":{\"@id\":\"https:\\\/\\\/strangercam.com\\\/#website\"},\"datePublished\":\"2025-06-16T13:00:37+00:00\",\"description\":\"Like Ohmegle? Come chat with more than 5.000.000 strangers on Stranger Cam for Free! Turn on your cam and find new friends & maby a match!\",\"breadcrumb\":{\"@id\":\"https:\\\/\\\/strangercam.com\\\/ohmegle\\\/#breadcrumb\"},\"inLanguage\":\"pt-BR\",\"potentialAction\":[{\"@type\":\"ReadAction\",\"target\":[\"https:\\\/\\\/strangercam.com\\\/ohmegle\\\/\"]}]},{\"@type\":\"BreadcrumbList\",\"@id\":\"https:\\\/\\\/strangercam.com\\\/ohmegle\\\/#breadcrumb\",\"itemListElement\":[{\"@type\":\"ListItem\",\"position\":1,\"name\":\"Home\",\"item\":\"https:\\\/\\\/strangercam.com\\\/\"},{\"@type\":\"ListItem\",\"position\":2,\"name\":\"Ohmegle\"}]},{\"@type\":\"WebSite\",\"@id\":\"https:\\\/\\\/strangercam.com\\\/#website\",\"url\":\"https:\\\/\\\/strangercam.com\\\/\",\"name\":\"Strangercam\",\"description\":\"Random Video Chat with Strangers\",\"publisher\":{\"@id\":\"https:\\\/\\\/strangercam.com\\\/#organization\"},\"alternateName\":\"Strangercam.com\",\"potentialAction\":[{\"@type\":\"SearchAction\",\"target\":{\"@type\":\"EntryPoint\",\"urlTemplate\":\"https:\\\/\\\/strangercam.com\\\/?s={search_term_string}\"},\"query-input\":{\"@type\":\"PropertyValueSpecification\",\"valueRequired\":true,\"valueName\":\"search_term_string\"}}],\"inLanguage\":\"pt-BR\"},{\"@type\":\"Organization\",\"@id\":\"https:\\\/\\\/strangercam.com\\\/#organization\",\"name\":\"Strangercam\",\"alternateName\":\"Strangercam.com\",\"url\":\"https:\\\/\\\/strangercam.com\\\/\",\"logo\":{\"@type\":\"ImageObject\",\"inLanguage\":\"pt-BR\",\"@id\":\"https:\\\/\\\/strangercam.com\\\/#\\\/schema\\\/logo\\\/image\\\/\",\"url\":\"https:\\\/\\\/strangercam.com\\\/wp-content\\\/uploads\\\/2020\\\/11\\\/cropped-new-favicon-black.png\",\"contentUrl\":\"https:\\\/\\\/strangercam.com\\\/wp-content\\\/uploads\\\/2020\\\/11\\\/cropped-new-favicon-black.png\",\"width\":512,\"height\":512,\"caption\":\"Strangercam\"},\"image\":{\"@id\":\"https:\\\/\\\/strangercam.com\\\/#\\\/schema\\\/logo\\\/image\\\/\"},\"sameAs\":[\"https:\\\/\\\/www.facebook.com\\\/strangercam\",\"https:\\\/\\\/x.com\\\/strangercamapp\"]}]}<\/script>\n<!-- \/ Yoast SEO plugin. -->","yoast_head_json":{"title":"Ohmegle - Alternativa ao Talk to Strangers Omegle no StrangerCam.com","description":"Gosta do Ohmegle? Venha conversar com mais de 5.000.000 de desconhecidos no Stranger Cam gratuitamente! Ligue sua c\u00e2mera e encontre novos amigos e talvez um par!","robots":{"index":"index","follow":"follow","max-snippet":"max-snippet:-1","max-image-preview":"max-image-preview:large","max-video-preview":"max-video-preview:-1"},"canonical":"https:\/\/strangercam.com\/pt-br\/ohmegle\/","og_locale":"pt_BR","og_type":"article","og_title":"Ohmegle - Talk to Strangers Omegle Alternative on StrangerCam.com","og_description":"Like Ohmegle? Come chat with more than 5.000.000 strangers on Stranger Cam for Free! Turn on your cam and find new friends & maby a match!","og_url":"https:\/\/strangercam.com\/pt-br\/ohmegle\/","og_site_name":"Strangercam","article_publisher":"https:\/\/www.facebook.com\/strangercam","og_image":[{"width":800,"height":532,"url":"https:\/\/strangercam.com\/wp-content\/uploads\/2021\/10\/Untitled-2.png","type":"image\/png"}],"twitter_card":"summary_large_image","twitter_site":"@strangercamapp","twitter_misc":{"Est. tempo de leitura":"6 minutos"},"schema":{"@context":"https:\/\/schema.org","@graph":[{"@type":"WebPage","@id":"https:\/\/strangercam.com\/ohmegle\/","url":"https:\/\/strangercam.com\/ohmegle\/","name":"Ohmegle - Alternativa ao Talk to Strangers Omegle no StrangerCam.com","isPartOf":{"@id":"https:\/\/strangercam.com\/#website"},"datePublished":"2025-06-16T13:00:37+00:00","description":"Gosta do Ohmegle? Venha conversar com mais de 5.000.000 de desconhecidos no Stranger Cam gratuitamente! Ligue sua c\u00e2mera e encontre novos amigos e talvez um par!","breadcrumb":{"@id":"https:\/\/strangercam.com\/ohmegle\/#breadcrumb"},"inLanguage":"pt-BR","potentialAction":[{"@type":"ReadAction","target":["https:\/\/strangercam.com\/ohmegle\/"]}]},{"@type":"BreadcrumbList","@id":"https:\/\/strangercam.com\/ohmegle\/#breadcrumb","itemListElement":[{"@type":"ListItem","position":1,"name":"Home","item":"https:\/\/strangercam.com\/"},{"@type":"ListItem","position":2,"name":"Ohmegle"}]},{"@type":"WebSite","@id":"https:\/\/strangercam.com\/#website","url":"https:\/\/strangercam.com\/","name":"Strangercam","description":"Bate-papo por v\u00eddeo aleat\u00f3rio com estranhos","publisher":{"@id":"https:\/\/strangercam.com\/#organization"},"alternateName":"Strangercam.com","potentialAction":[{"@type":"SearchAction","target":{"@type":"EntryPoint","urlTemplate":"https:\/\/strangercam.com\/?s={search_term_string}"},"query-input":{"@type":"PropertyValueSpecification","valueRequired":true,"valueName":"search_term_string"}}],"inLanguage":"pt-BR"},{"@type":"Organization","@id":"https:\/\/strangercam.com\/#organization","name":"Strangercam","alternateName":"Strangercam.com","url":"https:\/\/strangercam.com\/","logo":{"@type":"ImageObject","inLanguage":"pt-BR","@id":"https:\/\/strangercam.com\/#\/schema\/logo\/image\/","url":"https:\/\/strangercam.com\/wp-content\/uploads\/2020\/11\/cropped-new-favicon-black.png","contentUrl":"https:\/\/strangercam.com\/wp-content\/uploads\/2020\/11\/cropped-new-favicon-black.png","width":512,"height":512,"caption":"Strangercam"},"image":{"@id":"https:\/\/strangercam.com\/#\/schema\/logo\/image\/"},"sameAs":["https:\/\/www.facebook.com\/strangercam","https:\/\/x.com\/strangercamapp"]}]}},"_links":{"self":[{"href":"https:\/\/strangercam.com\/pt-br\/wp-json\/wp\/v2\/pages\/12892","targetHints":{"allow":["GET"]}}],"collection":[{"href":"https:\/\/strangercam.com\/pt-br\/wp-json\/wp\/v2\/pages"}],"about":[{"href":"https:\/\/strangercam.com\/pt-br\/wp-json\/wp\/v2\/types\/page"}],"author":[{"embeddable":true,"href":"https:\/\/strangercam.com\/pt-br\/wp-json\/wp\/v2\/users\/6"}],"replies":[{"embeddable":true,"href":"https:\/\/strangercam.com\/pt-br\/wp-json\/wp\/v2\/comments?post=12892"}],"version-history":[{"count":2,"href":"https:\/\/strangercam.com\/pt-br\/wp-json\/wp\/v2\/pages\/12892\/revisions"}],"predecessor-version":[{"id":12894,"href":"https:\/\/strangercam.com\/pt-br\/wp-json\/wp\/v2\/pages\/12892\/revisions\/12894"}],"wp:attachment":[{"href":"https:\/\/strangercam.com\/pt-br\/wp-json\/wp\/v2\/media?parent=12892"}],"curies":[{"name":"wp","href":"https:\/\/api.w.org\/{rel}","templated":true}]}}