{"id":12890,"date":"2025-06-16T14:55:58","date_gmt":"2025-06-16T12:55:58","guid":{"rendered":"https:\/\/strangercam.com\/?page_id=12890"},"modified":"2025-06-16T14:57:21","modified_gmt":"2025-06-16T12:57:21","slug":"anoncam","status":"publish","type":"page","link":"https:\/\/strangercam.com\/pt-br\/anoncam\/","title":{"rendered":"AnonCam"},"content":{"rendered":"<p>Se voc\u00ea sente falta da simplicidade do original <a href=\"https:\/\/strangercam.com\/pt-br\/omegle\/\">Omegle<\/a>, Se voc\u00ea n\u00e3o tem mais o h\u00e1bito de bater papo por v\u00eddeo com um estranho de forma instant\u00e2nea e an\u00f4nima, o Anoncam pode ser a alternativa moderna que voc\u00ea procura. Criado para usu\u00e1rios que valorizam a privacidade, a espontaneidade e o compromisso zero, o Anoncam reduz o bate-papo por v\u00eddeo aleat\u00f3rio \u00e0 sua forma mais essencial - sem contas, sem biografias, sem filtros - apenas dois estranhos conectados pela webcam.<\/p>\n<p>Nesta an\u00e1lise detalhada, vamos detalhar o que \u00e9 o Anoncam, quais recursos ele oferece e como ele se compara a outros sites populares, como o Omegle, <a href=\"https:\/\/strangercam.com\/pt-br\/chatroulette\/\">Chatroulette<\/a>, e Chatrandom, e se essa \u00e9 a plataforma certa para voc\u00ea em 2025.<\/p>\n<h2>O que \u00e9 Anoncam?<\/h2>\n<p>O Anoncam \u00e9 uma plataforma de bate-papo por v\u00eddeo aleat\u00f3rio an\u00f4nimo 100% que o conecta cara a cara com estranhos em todo o mundo. Ela segue o modelo tradicional de bate-papo com webcam um a um, popularizado pelo Omegle, mas o aprimora com uma interface mais r\u00e1pida, melhor desempenho em dispositivos m\u00f3veis e um foco maior na seguran\u00e7a do usu\u00e1rio.<\/p>\n<p>N\u00e3o h\u00e1 inscri\u00e7\u00f5es, nomes de usu\u00e1rio, perfis ou fotos. Quando voc\u00ea visita o Anoncam, est\u00e1 a um clique de dist\u00e2ncia de um bate-papo por v\u00eddeo ao vivo com algu\u00e9m novo.<\/p>\n<h2>Qual \u00e9 o objetivo da Anoncam?<\/h2>\n<p>A Anoncam foi criada com base em uma ideia simples: conversar com estranhos sem revelar quem voc\u00ea \u00e9. Em uma era em que a maioria das plataformas sociais \u00e9 orientada por perfis, seguidores e identidades digitais, a Anoncam oferece uma rara escapat\u00f3ria. Ela revive o esp\u00edrito dos prim\u00f3rdios da Internet - conversas espont\u00e2neas e em tempo real com completos estranhos, sem se desligar da sua vida na m\u00eddia social.<\/p>\n<p>Seus principais objetivos s\u00e3o:<\/p>\n<ul>\n<li>Para facilitar a intera\u00e7\u00e3o humana genu\u00edna e an\u00f4nima<\/li>\n<li>Para ajudar os usu\u00e1rios <a href=\"https:\/\/strangercam.com\/pt-br\/coomeet\/\">conhecer<\/a> pessoas sem a bagagem de perfis ou hist\u00f3ria<\/li>\n<li>Oferecer um espa\u00e7o seguro para express\u00e3o, conex\u00e3o e conversa<\/li>\n<\/ul>\n<p>Se voc\u00ea estiver entediado, solit\u00e1rio, curioso ou apenas quiser conversar livremente sem julgamentos, o Anoncam oferece um ambiente sem press\u00e3o para isso.<\/p>\n<h2>Principais recursos<\/h2>\n<p>1. Chat de v\u00eddeo an\u00f4nimo individual<br \/>\nEm sua ess\u00eancia, o Anoncam trata de conex\u00f5es de v\u00eddeo instant\u00e2neas. Voc\u00ea carrega o site, clica em \"Start\" (Iniciar) e \u00e9 combinado com outro desconhecido usando a webcam dele. Sem nomes de usu\u00e1rio, sem processo de correspond\u00eancia - apenas duas pessoas frente a frente.<\/p>\n<p>2. Funcionalidade de correspond\u00eancia r\u00e1pida e pular<br \/>\nVoc\u00ea pode pular para a pr\u00f3xima pessoa com um \u00fanico clique. A correspond\u00eancia \u00e9 quase instant\u00e2nea, com o m\u00ednimo de buffering ou tempo de inatividade entre as sess\u00f5es, especialmente nos hor\u00e1rios de pico.<\/p>\n<p>3. N\u00e3o \u00e9 necess\u00e1rio ter conta ou fazer login<br \/>\nUma das caracter\u00edsticas que definem o Anoncam \u00e9 sua experi\u00eancia totalmente an\u00f4nima. N\u00e3o \u00e9 necess\u00e1rio se registrar ou fornecer qualquer informa\u00e7\u00e3o para usar o site. Cada sess\u00e3o de bate-papo \u00e9 tempor\u00e1ria e n\u00e3o deixa nenhum rastro digital.<\/p>\n<p>4. Design compat\u00edvel com dispositivos m\u00f3veis<br \/>\nO Anoncam funciona bem em navegadores de desktop e m\u00f3veis. Seu design \u00e9 otimizado para toque, permitindo acesso r\u00e1pido \u00e0 c\u00e2mera e correspond\u00eancia sem a necessidade de um aplicativo ou download.<\/p>\n<p>5. Chat de texto opcional<br \/>\nEmbora o foco seja o v\u00eddeo, o Anoncam tamb\u00e9m inclui uma op\u00e7\u00e3o de bate-papo por texto, juntamente com o v\u00eddeo ou como alternativa para usu\u00e1rios que n\u00e3o querem falar ou t\u00eam problemas t\u00e9cnicos.<\/p>\n<p>6. Ferramentas de relat\u00f3rio e modera\u00e7\u00e3o<br \/>\nOs usu\u00e1rios podem denunciar rapidamente comportamentos inadequados, e uma equipe de modera\u00e7\u00e3o trabalha para analisar e banir os usu\u00e1rios que violam as regras da plataforma. Embora nenhum site de bate-papo seja perfeito, o Anoncam leva a seguran\u00e7a do usu\u00e1rio a s\u00e9rio.<\/p>\n<h2>O Anoncam \u00e9 gratuito?<\/h2>\n<p>Sim, o uso do Anoncam \u00e9 totalmente gratuito. N\u00e3o h\u00e1 custos ocultos, paywalls ou recursos bloqueados. Voc\u00ea obt\u00e9m acesso ilimitado a:<\/p>\n<ul>\n<li>Bate-papo por v\u00eddeo<\/li>\n<li>Bate-papo por texto<\/li>\n<li>Pular partidas<\/li>\n<li>Uso de celulares e desktops<\/li>\n<\/ul>\n<p>N\u00e3o h\u00e1 n\u00edvel premium (a partir de 2025), o que mant\u00e9m a experi\u00eancia acess\u00edvel a todos e reduz o risco de golpistas abusarem dos recursos premium.<\/p>\n<h2>Quem usa a Anoncam?<\/h2>\n<p>A Anoncam criou uma base de usu\u00e1rios global que abrange diferentes grupos demogr\u00e1ficos, mas compartilha algumas caracter\u00edsticas principais:<\/p>\n<ul>\n<li>Faixa et\u00e1ria: Principalmente de 18 a 35 anos<\/li>\n<li>Distribui\u00e7\u00e3o por g\u00eanero: A maioria \u00e9 do sexo masculino, mas as mulheres s\u00e3o ativas, especialmente nos hor\u00e1rios de maior movimento<\/li>\n<li>Inten\u00e7\u00e3o: Conversas casuais, flertes, desabafos, pr\u00e1tica do idioma ou apenas passar o tempo<\/li>\n<\/ul>\n<p>\u00c9 particularmente popular entre:<\/p>\n<ul>\n<li>Estudantes universit\u00e1rios<\/li>\n<li>Not\u00edvagos em busca de companhia<\/li>\n<li>N\u00f4mades digitais e viajantes<\/li>\n<li>Pessoas que buscam uma pausa na m\u00eddia social<\/li>\n<\/ul>\n<p>Devido ao seu anonimato, o Anoncam tamb\u00e9m atrai usu\u00e1rios que desejam falar livremente, compartilhar pensamentos ou explorar t\u00f3picos sem vincul\u00e1-los a uma identidade pessoal.<\/p>\n<h2>Seguran\u00e7a, privacidade e modera\u00e7\u00e3o<\/h2>\n<p>O anonimato pode ser libertador, mas tamb\u00e9m levanta preocupa\u00e7\u00f5es v\u00e1lidas sobre o comportamento do usu\u00e1rio. A Anoncam tenta resolver isso com uma estrat\u00e9gia de seguran\u00e7a equilibrada:<\/p>\n<h3>Privacidade<\/h3>\n<ul>\n<li>Sem contas ou logins<\/li>\n<li>N\u00e3o h\u00e1 grava\u00e7\u00e3o ou salvamento de bate-papos com v\u00eddeo<\/li>\n<li>Seu endere\u00e7o IP n\u00e3o \u00e9 vis\u00edvel publicamente<\/li>\n<li>Nenhum dado \u00e9 compartilhado com terceiros<\/li>\n<\/ul>\n<h3>Modera\u00e7\u00e3o<\/h3>\n<ul>\n<li>Bot\u00e3o de den\u00fancia no aplicativo durante chats de v\u00eddeo<\/li>\n<li>Detec\u00e7\u00e3o de nudez ou conte\u00fado ofensivo com base em IA<\/li>\n<li>Banimentos r\u00e1pidos para infratores reincidentes ou usu\u00e1rios denunciados<\/li>\n<li>Modera\u00e7\u00e3o em tempo real de sess\u00f5es de alto tr\u00e1fego<\/li>\n<\/ul>\n<p>Como sempre, os usu\u00e1rios devem ser cautelosos:<\/p>\n<ul>\n<li>Nunca compartilhe informa\u00e7\u00f5es pessoais<\/li>\n<li>Ignorar usu\u00e1rios que agem de forma suspeita ou agressiva<\/li>\n<li>Use a fun\u00e7\u00e3o de relat\u00f3rio quando necess\u00e1rio<\/li>\n<\/ul>\n<h2>Interface e experi\u00eancia do usu\u00e1rio<\/h2>\n<p>A interface de usu\u00e1rio do Anoncam \u00e9 simples e eficiente. A p\u00e1gina inicial cont\u00e9m apenas o essencial:<\/p>\n<ul>\n<li>Um bot\u00e3o \"Iniciar bate-papo<\/li>\n<li>Regras b\u00e1sicas<\/li>\n<li>Avisos de permiss\u00e3o de c\u00e2mera e microfone<\/li>\n<\/ul>\n<p>Depois de clicar para come\u00e7ar, voc\u00ea ser\u00e1 combinado com algu\u00e9m em segundos. Os controles na tela permitem que voc\u00ea:<\/p>\n<ul>\n<li>Pular<\/li>\n<li>Silencie seu microfone<\/li>\n<li>Encerrar o bate-papo<\/li>\n<li>Relat\u00f3rio<\/li>\n<\/ul>\n<p>N\u00e3o h\u00e1 pop-ups, solicita\u00e7\u00f5es de registro ou distra\u00e7\u00f5es - uma mudan\u00e7a refrescante em rela\u00e7\u00e3o a muitos <a href=\"https:\/\/strangercam.com\/pt-br\/bazoocam\/\">c\u00e2mera<\/a> plataformas de bate-papo que promovem upsells ou an\u00fancios de forma agressiva.<\/p>\n<p>Em termos de desempenho, o site funciona sem problemas, mesmo em dispositivos de m\u00e9dio porte, e \u00e9 compat\u00edvel com Chrome, Firefox, Safari e Edge em todas as plataformas.<\/p>\n<h2>Anoncam vs. outras plataformas de bate-papo an\u00f4nimo<\/h2>\n<p>O Anoncam est\u00e1 em um nicho espec\u00edfico de bate-papo por v\u00eddeo aleat\u00f3rio verdadeiramente an\u00f4nimo. Veja como ele se compara a outros grandes players:<\/p>\n<table>\n<thead>\n<tr>\n<th>Plataforma<\/th>\n<th>Registro<\/th>\n<th>Bate-papo por v\u00eddeo<\/th>\n<th>Bate-papo por texto<\/th>\n<th>Filtros<\/th>\n<th>Anonimato<\/th>\n<th>Modera\u00e7\u00e3o<\/th>\n<\/tr>\n<\/thead>\n<tbody>\n<tr>\n<td>Anoncam<\/td>\n<td>N\u00e3o<\/td>\n<td>Sim<\/td>\n<td>Sim<\/td>\n<td>N\u00e3o<\/td>\n<td>Forte<\/td>\n<td>Moderado<\/td>\n<\/tr>\n<tr>\n<td>Omegle<\/td>\n<td>N\u00e3o<\/td>\n<td>Sim<\/td>\n<td>Sim<\/td>\n<td>N\u00e3o<\/td>\n<td>Forte<\/td>\n<td>Fraco<\/td>\n<\/tr>\n<tr>\n<td>Chatroulette<\/td>\n<td>N\u00e3o<\/td>\n<td>Sim<\/td>\n<td>Limitada<\/td>\n<td>Sim<\/td>\n<td>Moderado<\/td>\n<td>Moderado<\/td>\n<\/tr>\n<tr>\n<td>Chatrandom<\/td>\n<td>Opcional<\/td>\n<td>Sim<\/td>\n<td>Sim<\/td>\n<td>Sim<\/td>\n<td>Moderado<\/td>\n<td>Forte<\/td>\n<\/tr>\n<tr>\n<td><a href=\"https:\/\/strangercam.com\/pt-br\/ometv\/\">OmeTV<\/a><\/td>\n<td>N\u00e3o<\/td>\n<td>Sim<\/td>\n<td>Sim<\/td>\n<td>Sim<\/td>\n<td>Moderado<\/td>\n<td>Forte<\/td>\n<\/tr>\n<\/tbody>\n<\/table>\n<p>Resumo: a Anoncam prioriza o anonimato em vez de filtros ou recursos premium. Se voc\u00ea estiver procurando algo m\u00ednimo, bruto e instant\u00e2neo, ele supera as plataformas que se desviaram para sistemas baseados em contas ou monetizados.<\/p>\n<h2>Pr\u00f3s e contras<\/h2>\n<h3>Pr\u00f3s<\/h3>\n<ul>\n<li>Bate-papo por v\u00eddeo verdadeiramente an\u00f4nimo<\/li>\n<li>N\u00e3o \u00e9 necess\u00e1rio registro ou informa\u00e7\u00f5es pessoais<\/li>\n<li>Correspond\u00eancia r\u00e1pida e desempenho est\u00e1vel<\/li>\n<li>Compat\u00edvel com dispositivos m\u00f3veis e computadores<\/li>\n<li>Gratuito para sempre - sem taxas ocultas<\/li>\n<li>\u00d3timo para conversas casuais, desabafos ou bate-papos espont\u00e2neos<\/li>\n<\/ul>\n<h3>Contras<\/h3>\n<ul>\n<li>Sem filtros de g\u00eanero ou pa\u00eds<\/li>\n<li>Exposi\u00e7\u00e3o ocasional a usu\u00e1rios inadequados<\/li>\n<li>Base de usu\u00e1rios limitada em compara\u00e7\u00e3o com plataformas mais antigas<\/li>\n<li>N\u00e3o h\u00e1 partidas salvas ou recursos sociais<\/li>\n<\/ul>\n<h2>Casos de uso ideais<\/h2>\n<p>A Anoncam \u00e9 uma \u00f3tima op\u00e7\u00e3o para pessoas que:<\/p>\n<ul>\n<li>Deseja intera\u00e7\u00e3o an\u00f4nima e face a face<\/li>\n<li>Perder a simplicidade original do Omegle<\/li>\n<li>Os introvertidos est\u00e3o buscando conex\u00e3o sem a press\u00e3o de um perfil?<\/li>\n<li>Apenas deseja conversar ou desabafar sem julgamento<\/li>\n<li>Est\u00e3o explorando conversas e amizades internacionais<\/li>\n<\/ul>\n<p>N\u00e3o \u00e9 ideal para:<\/p>\n<ul>\n<li>Usu\u00e1rios que buscam experi\u00eancias focadas em namoro<\/li>\n<li>Pessoas que n\u00e3o se sentem \u00e0 vontade em uma webcam<\/li>\n<li>Aqueles que esperam um matchmaking baseado em perfil<\/li>\n<li>Usu\u00e1rios menores de idade (Anoncam \u00e9 apenas para maiores de 18 anos)<\/li>\n<\/ul>\n<p>O Anoncam revive com sucesso a vis\u00e3o original do bate-papo por v\u00eddeo aleat\u00f3rio - r\u00e1pido, an\u00f4nimo e humano. Em uma \u00e9poca em que a maioria dos aplicativos quer seus dados, seu dinheiro e seu tempo, o Anoncam quer apenas uma coisa: uma conversa em tempo real entre dois estranhos.<\/p>\n<p>N\u00e3o \u00e9 cheio de recursos ou assinaturas. N\u00e3o pretende ser um aplicativo de encontros. E n\u00e3o exige seu e-mail, nome ou localiza\u00e7\u00e3o. \u00c9 apenas voc\u00ea e a outra pessoa, cara a cara, por alguns segundos - ou minutos - antes de seguir em frente.<\/p>\n<p>Se voc\u00ea estiver procurando uma maneira privada e sem compromisso de conhecer novas pessoas on-line em 2025, o Anoncam \u00e9 uma das melhores plataformas minimalistas dispon\u00edveis. Simples, gratuito e an\u00f4nimo - exatamente como o bate-papo aleat\u00f3rio deveria ser.<\/p>","protected":false},"excerpt":{"rendered":"<p>If you miss the simplicity of the original Omegle, where you could jump into a video chat with a stranger instantly and anonymously, Anoncam might just be the modern-day alternative you\u2019re looking for. Built for users who value privacy, spontaneity, and zero commitment, Anoncam strips random video chat down to its most essential form\u2014no accounts, [&hellip;]<\/p>\n","protected":false},"author":6,"featured_media":0,"parent":0,"menu_order":0,"comment_status":"closed","ping_status":"closed","template":"","meta":{"footnotes":""},"class_list":["post-12890","page","type-page","status-publish","hentry"],"yoast_head":"<!-- This site is optimized with the Yoast SEO plugin v27.4 - https:\/\/yoast.com\/product\/yoast-seo-wordpress\/ -->\n<title>AnonCam - Real Anon Random Video Chat on StrangerCam.com<\/title>\n<meta name=\"description\" content=\"Like AnonCam? Come chat with more than 5.000.000 strangers on Stranger Cam for Free! Turn on your cam and find new friends &amp; maby a match!\" \/>\n<meta name=\"robots\" content=\"index, follow, max-snippet:-1, max-image-preview:large, max-video-preview:-1\" \/>\n<link rel=\"canonical\" href=\"https:\/\/strangercam.com\/pt-br\/anoncam\/\" \/>\n<meta property=\"og:locale\" content=\"pt_BR\" \/>\n<meta property=\"og:type\" content=\"article\" \/>\n<meta property=\"og:title\" content=\"AnonCam - Real Anon Random Video Chat on StrangerCam.com\" \/>\n<meta property=\"og:description\" content=\"Like AnonCam? Come chat with more than 5.000.000 strangers on Stranger Cam for Free! Turn on your cam and find new friends &amp; maby a match!\" \/>\n<meta property=\"og:url\" content=\"https:\/\/strangercam.com\/pt-br\/anoncam\/\" \/>\n<meta property=\"og:site_name\" content=\"Strangercam\" \/>\n<meta property=\"article:publisher\" content=\"https:\/\/www.facebook.com\/strangercam\" \/>\n<meta property=\"article:modified_time\" content=\"2025-06-16T12:57:21+00:00\" \/>\n<meta property=\"og:image\" content=\"https:\/\/strangercam.com\/wp-content\/uploads\/2021\/10\/Untitled-2.png\" \/>\n\t<meta property=\"og:image:width\" content=\"800\" \/>\n\t<meta property=\"og:image:height\" content=\"532\" \/>\n\t<meta property=\"og:image:type\" content=\"image\/png\" \/>\n<meta name=\"twitter:card\" content=\"summary_large_image\" \/>\n<meta name=\"twitter:site\" content=\"@strangercamapp\" \/>\n<meta name=\"twitter:label1\" content=\"Est. tempo de leitura\" \/>\n\t<meta name=\"twitter:data1\" content=\"6 minutos\" \/>\n<script type=\"application\/ld+json\" class=\"yoast-schema-graph\">{\"@context\":\"https:\\\/\\\/schema.org\",\"@graph\":[{\"@type\":\"WebPage\",\"@id\":\"https:\\\/\\\/strangercam.com\\\/anoncam\\\/\",\"url\":\"https:\\\/\\\/strangercam.com\\\/anoncam\\\/\",\"name\":\"AnonCam - Real Anon Random Video Chat on StrangerCam.com\",\"isPartOf\":{\"@id\":\"https:\\\/\\\/strangercam.com\\\/#website\"},\"datePublished\":\"2025-06-16T12:55:58+00:00\",\"dateModified\":\"2025-06-16T12:57:21+00:00\",\"description\":\"Like AnonCam? Come chat with more than 5.000.000 strangers on Stranger Cam for Free! Turn on your cam and find new friends & maby a match!\",\"breadcrumb\":{\"@id\":\"https:\\\/\\\/strangercam.com\\\/anoncam\\\/#breadcrumb\"},\"inLanguage\":\"pt-BR\",\"potentialAction\":[{\"@type\":\"ReadAction\",\"target\":[\"https:\\\/\\\/strangercam.com\\\/anoncam\\\/\"]}]},{\"@type\":\"BreadcrumbList\",\"@id\":\"https:\\\/\\\/strangercam.com\\\/anoncam\\\/#breadcrumb\",\"itemListElement\":[{\"@type\":\"ListItem\",\"position\":1,\"name\":\"Home\",\"item\":\"https:\\\/\\\/strangercam.com\\\/\"},{\"@type\":\"ListItem\",\"position\":2,\"name\":\"AnonCam\"}]},{\"@type\":\"WebSite\",\"@id\":\"https:\\\/\\\/strangercam.com\\\/#website\",\"url\":\"https:\\\/\\\/strangercam.com\\\/\",\"name\":\"Strangercam\",\"description\":\"Random Video Chat with Strangers\",\"publisher\":{\"@id\":\"https:\\\/\\\/strangercam.com\\\/#organization\"},\"alternateName\":\"Strangercam.com\",\"potentialAction\":[{\"@type\":\"SearchAction\",\"target\":{\"@type\":\"EntryPoint\",\"urlTemplate\":\"https:\\\/\\\/strangercam.com\\\/?s={search_term_string}\"},\"query-input\":{\"@type\":\"PropertyValueSpecification\",\"valueRequired\":true,\"valueName\":\"search_term_string\"}}],\"inLanguage\":\"pt-BR\"},{\"@type\":\"Organization\",\"@id\":\"https:\\\/\\\/strangercam.com\\\/#organization\",\"name\":\"Strangercam\",\"alternateName\":\"Strangercam.com\",\"url\":\"https:\\\/\\\/strangercam.com\\\/\",\"logo\":{\"@type\":\"ImageObject\",\"inLanguage\":\"pt-BR\",\"@id\":\"https:\\\/\\\/strangercam.com\\\/#\\\/schema\\\/logo\\\/image\\\/\",\"url\":\"https:\\\/\\\/strangercam.com\\\/wp-content\\\/uploads\\\/2020\\\/11\\\/cropped-new-favicon-black.png\",\"contentUrl\":\"https:\\\/\\\/strangercam.com\\\/wp-content\\\/uploads\\\/2020\\\/11\\\/cropped-new-favicon-black.png\",\"width\":512,\"height\":512,\"caption\":\"Strangercam\"},\"image\":{\"@id\":\"https:\\\/\\\/strangercam.com\\\/#\\\/schema\\\/logo\\\/image\\\/\"},\"sameAs\":[\"https:\\\/\\\/www.facebook.com\\\/strangercam\",\"https:\\\/\\\/x.com\\\/strangercamapp\"]}]}<\/script>\n<!-- \/ Yoast SEO plugin. -->","yoast_head_json":{"title":"AnonCam - Bate-papo com v\u00eddeo aleat\u00f3rio de an\u00f4nimos reais no StrangerCam.com","description":"Gosta de AnonCam? Venha bater papo com mais de 5.000.000 de estranhos no Stranger Cam de gra\u00e7a! Ligue sua c\u00e2mera e encontre novos amigos e talvez um par!","robots":{"index":"index","follow":"follow","max-snippet":"max-snippet:-1","max-image-preview":"max-image-preview:large","max-video-preview":"max-video-preview:-1"},"canonical":"https:\/\/strangercam.com\/pt-br\/anoncam\/","og_locale":"pt_BR","og_type":"article","og_title":"AnonCam - Real Anon Random Video Chat on StrangerCam.com","og_description":"Like AnonCam? Come chat with more than 5.000.000 strangers on Stranger Cam for Free! Turn on your cam and find new friends & maby a match!","og_url":"https:\/\/strangercam.com\/pt-br\/anoncam\/","og_site_name":"Strangercam","article_publisher":"https:\/\/www.facebook.com\/strangercam","article_modified_time":"2025-06-16T12:57:21+00:00","og_image":[{"width":800,"height":532,"url":"https:\/\/strangercam.com\/wp-content\/uploads\/2021\/10\/Untitled-2.png","type":"image\/png"}],"twitter_card":"summary_large_image","twitter_site":"@strangercamapp","twitter_misc":{"Est. tempo de leitura":"6 minutos"},"schema":{"@context":"https:\/\/schema.org","@graph":[{"@type":"WebPage","@id":"https:\/\/strangercam.com\/anoncam\/","url":"https:\/\/strangercam.com\/anoncam\/","name":"AnonCam - Bate-papo com v\u00eddeo aleat\u00f3rio de an\u00f4nimos reais no StrangerCam.com","isPartOf":{"@id":"https:\/\/strangercam.com\/#website"},"datePublished":"2025-06-16T12:55:58+00:00","dateModified":"2025-06-16T12:57:21+00:00","description":"Gosta de AnonCam? Venha bater papo com mais de 5.000.000 de estranhos no Stranger Cam de gra\u00e7a! Ligue sua c\u00e2mera e encontre novos amigos e talvez um par!","breadcrumb":{"@id":"https:\/\/strangercam.com\/anoncam\/#breadcrumb"},"inLanguage":"pt-BR","potentialAction":[{"@type":"ReadAction","target":["https:\/\/strangercam.com\/anoncam\/"]}]},{"@type":"BreadcrumbList","@id":"https:\/\/strangercam.com\/anoncam\/#breadcrumb","itemListElement":[{"@type":"ListItem","position":1,"name":"Home","item":"https:\/\/strangercam.com\/"},{"@type":"ListItem","position":2,"name":"AnonCam"}]},{"@type":"WebSite","@id":"https:\/\/strangercam.com\/#website","url":"https:\/\/strangercam.com\/","name":"Strangercam","description":"Bate-papo por v\u00eddeo aleat\u00f3rio com estranhos","publisher":{"@id":"https:\/\/strangercam.com\/#organization"},"alternateName":"Strangercam.com","potentialAction":[{"@type":"SearchAction","target":{"@type":"EntryPoint","urlTemplate":"https:\/\/strangercam.com\/?s={search_term_string}"},"query-input":{"@type":"PropertyValueSpecification","valueRequired":true,"valueName":"search_term_string"}}],"inLanguage":"pt-BR"},{"@type":"Organization","@id":"https:\/\/strangercam.com\/#organization","name":"Strangercam","alternateName":"Strangercam.com","url":"https:\/\/strangercam.com\/","logo":{"@type":"ImageObject","inLanguage":"pt-BR","@id":"https:\/\/strangercam.com\/#\/schema\/logo\/image\/","url":"https:\/\/strangercam.com\/wp-content\/uploads\/2020\/11\/cropped-new-favicon-black.png","contentUrl":"https:\/\/strangercam.com\/wp-content\/uploads\/2020\/11\/cropped-new-favicon-black.png","width":512,"height":512,"caption":"Strangercam"},"image":{"@id":"https:\/\/strangercam.com\/#\/schema\/logo\/image\/"},"sameAs":["https:\/\/www.facebook.com\/strangercam","https:\/\/x.com\/strangercamapp"]}]}},"_links":{"self":[{"href":"https:\/\/strangercam.com\/pt-br\/wp-json\/wp\/v2\/pages\/12890","targetHints":{"allow":["GET"]}}],"collection":[{"href":"https:\/\/strangercam.com\/pt-br\/wp-json\/wp\/v2\/pages"}],"about":[{"href":"https:\/\/strangercam.com\/pt-br\/wp-json\/wp\/v2\/types\/page"}],"author":[{"embeddable":true,"href":"https:\/\/strangercam.com\/pt-br\/wp-json\/wp\/v2\/users\/6"}],"replies":[{"embeddable":true,"href":"https:\/\/strangercam.com\/pt-br\/wp-json\/wp\/v2\/comments?post=12890"}],"version-history":[{"count":1,"href":"https:\/\/strangercam.com\/pt-br\/wp-json\/wp\/v2\/pages\/12890\/revisions"}],"predecessor-version":[{"id":12891,"href":"https:\/\/strangercam.com\/pt-br\/wp-json\/wp\/v2\/pages\/12890\/revisions\/12891"}],"wp:attachment":[{"href":"https:\/\/strangercam.com\/pt-br\/wp-json\/wp\/v2\/media?parent=12890"}],"curies":[{"name":"wp","href":"https:\/\/api.w.org\/{rel}","templated":true}]}}