{"id":12887,"date":"2025-06-16T14:52:18","date_gmt":"2025-06-16T12:52:18","guid":{"rendered":"https:\/\/strangercam.com\/?page_id=12887"},"modified":"2025-06-16T14:52:18","modified_gmt":"2025-06-16T12:52:18","slug":"lupulado","status":"publish","type":"page","link":"https:\/\/strangercam.com\/pt-br\/hoppy\/","title":{"rendered":"L\u00fapulo"},"content":{"rendered":"<p>Em um mundo de fadiga de deslizamento e rolagem intermin\u00e1vel de perfis de namoro, o Hoppy traz algo diferente para a mesa: v\u00eddeo em tempo real <a href=\"https:\/\/strangercam.com\/pt-br\/chathub\/\">bate-papo<\/a> como o primeiro passo para conhecer algu\u00e9m novo. Ao misturar a divers\u00e3o de bate-papos aleat\u00f3rios entre c\u00e2meras com a inten\u00e7\u00e3o de namorar, o Hoppy se posiciona em algum lugar entre um aplicativo de namoro e uma experi\u00eancia de v\u00eddeo matchmaking.<\/p>\n<p>Se voc\u00ea est\u00e1 cansado de bate-papos apenas por texto que fracassam antes do primeiro encontro - ou de aplicativos de namoro em que as pessoas raramente respondem -, o Hoppy oferece uma maneira r\u00e1pida, interativa e humana de criar conex\u00f5es genu\u00ednas.<\/p>\n<p>Nesta an\u00e1lise, exploraremos exatamente como o Hoppy funciona, para quem ele \u00e9 mais indicado, quais recursos ele inclui, como ele se compara a outras plataformas e se vale a pena gastar seu tempo em 2025.<\/p>\n<h2>O que \u00e9 Hoppy?<\/h2>\n<p>O Hoppy \u00e9 uma plataforma de namoro por v\u00eddeo chat em que os usu\u00e1rios conhecem outras pessoas por meio de chamadas de v\u00eddeo individuais e aleat\u00f3rias. Diferentemente dos aplicativos de namoro tradicionais, em que voc\u00ea percorre os perfis e espera por pares, o Hoppy o coloca em uma intera\u00e7\u00e3o ao vivo desde o in\u00edcio. Voc\u00ea v\u00ea e fala com o seu par em tempo real, decidindo instantaneamente se h\u00e1 qu\u00edmica - ou se vai seguir em frente.<\/p>\n<p>A ideia \u00e9 simples: bate-papos em v\u00eddeo curtos e presenciais que funcionam como \"primeiros encontros\" virtuais, ajudando voc\u00ea a evitar as intermin\u00e1veis mensagens de texto e a verificar se h\u00e1 uma conex\u00e3o real desde o in\u00edcio.<\/p>\n<p>\u00c9 frequentemente descrito como:<\/p>\n<ul>\n<li>Um site de namoro com v\u00eddeo em primeiro lugar<\/li>\n<li>Uma plataforma de encontros r\u00e1pidos para a era digital<\/li>\n<li>Um h\u00edbrido entre <a href=\"https:\/\/strangercam.com\/pt-br\/chatroulette\/\">Chatroulette<\/a> e Tinder<\/li>\n<\/ul>\n<h2>Qual \u00e9 o objetivo do Hoppy?<\/h2>\n<p>A miss\u00e3o da Hoppy \u00e9 ajudar as pessoas a criar conex\u00f5es reais e rom\u00e2nticas por meio de v\u00eddeos ao vivo. A plataforma foi projetada para:<\/p>\n<ul>\n<li>Solteiros em busca de primeiras impress\u00f5es mais aut\u00eanticas<\/li>\n<li>Pessoas cansadas de ghosting e perfis falsos<\/li>\n<li>Usu\u00e1rios que preferem qu\u00edmica visual e intera\u00e7\u00f5es ao vivo em vez de texto<\/li>\n<\/ul>\n<p>Enquanto a maioria dos aplicativos de namoro se baseia em biografias selecionadas e fotos filtradas, o Hoppy vai direto para a situa\u00e7\u00e3o real - dois estranhos frente a frente via webcam, decidindo se querem conversar mais ou seguir em frente.<\/p>\n<p>A plataforma \u00e9 casual o suficiente para flertar e se divertir, mas estruturada o suficiente para atrair pessoas genuinamente interessadas em namorar, n\u00e3o apenas em bater papo sem objetivo.<\/p>\n<h2>Principais recursos<\/h2>\n<p>1. Correspond\u00eancia aleat\u00f3ria de v\u00eddeos individuais<br \/>\nO principal recurso do Hoppy s\u00e3o os bate-papos de v\u00eddeo ao vivo, um a um, com usu\u00e1rios combinados aleatoriamente. Cada conversa \u00e9 cronometrada, geralmente com dura\u00e7\u00e3o de um ou dois minutos, ap\u00f3s os quais os dois usu\u00e1rios podem optar por se conectar mais ou seguir em frente.<\/p>\n<p>2. Sistema de correspond\u00eancia de opt-in duplo<br \/>\nDepois de um bate-papo por v\u00eddeo, os dois usu\u00e1rios podem \"curtir\" a intera\u00e7\u00e3o. Se ambas as pessoas quiserem conversar novamente, ser\u00e1 criada uma correspond\u00eancia e voc\u00eas poder\u00e3o continuar conversando por texto ou v\u00eddeo no aplicativo.<\/p>\n<p>3. Fila de correspond\u00eancia e reconex\u00f5es<br \/>\nO Hoppy inclui um hist\u00f3rico de correspond\u00eancias e uma lista de bate-papos recentes, permitindo que voc\u00ea reveja conversas ou se reconecte com algu\u00e9m com quem gostou de conversar.<\/p>\n<p>4. Filtros para g\u00eanero e interesses <em>(Recurso Premium)<\/em><br \/>\nEmbora a experi\u00eancia b\u00e1sica seja aleat\u00f3ria, o Hoppy oferece filtros para que voc\u00ea possa combinar com pessoas de um g\u00eanero ou regi\u00e3o espec\u00edficos. Isso ajuda a aumentar a chance de encontrar uma combina\u00e7\u00e3o que se alinhe \u00e0s suas prefer\u00eancias.<\/p>\n<p>5. Personaliza\u00e7\u00e3o de perfil<br \/>\nCada usu\u00e1rio pode criar um perfil de luz com:<\/p>\n<ul>\n<li>Foto do perfil<\/li>\n<li>Biografia b\u00e1sica<\/li>\n<li>Localiza\u00e7\u00e3o<\/li>\n<li>Prefer\u00eancias de g\u00eanero e namoro<\/li>\n<\/ul>\n<p>No entanto, esses perfis s\u00f3 s\u00e3o revelados ap\u00f3s uma correspond\u00eancia, mantendo o bate-papo inicial por v\u00eddeo an\u00f4nimo e focado na qu\u00edmica natural.<\/p>\n<p>6. Ferramentas anti-ghosting<br \/>\nO Hoppy usa est\u00edmulos de conversa\u00e7\u00e3o e sugest\u00f5es de correspond\u00eancia para incentivar o acompanhamento de bate-papos, minimizando o efeito de \"cidade fantasma\" que afeta muitos aplicativos de namoro.<\/p>\n<p>7. Padr\u00f5es de comunidade segura<br \/>\nOs usu\u00e1rios podem denunciar comportamentos inadequados em tempo real. Viola\u00e7\u00f5es repetidas resultam em proibi\u00e7\u00f5es ou restri\u00e7\u00e3o de acesso, e h\u00e1 uma equipe de modera\u00e7\u00e3o para analisar as den\u00fancias.<\/p>\n<h2>O Hoppy \u00e9 gratuito?<\/h2>\n<p>O Hoppy \u00e9 gratuito para testar, com todas as fun\u00e7\u00f5es essenciais de bate-papo por v\u00eddeo dispon\u00edveis gratuitamente. No entanto, ele opera em um modelo freemium que desbloqueia recursos premium por uma taxa mensal.<\/p>\n<h3>Usu\u00e1rios gratuitos podem:<\/h3>\n<ul>\n<li>Entre em chats de v\u00eddeo ilimitados<\/li>\n<li>Combine e converse com qualquer pessoa que goste deles mutuamente<\/li>\n<li>Criar um perfil b\u00e1sico<\/li>\n<li>Reconectar-se com partidas recentes<\/li>\n<\/ul>\n<h3>Usu\u00e1rios Premium recebem:<\/h3>\n<ul>\n<li>Filtros de g\u00eanero e regi\u00e3o<\/li>\n<li>Acesso a mais informa\u00e7\u00f5es de perfil antes da correspond\u00eancia<\/li>\n<li>Reencontro ilimitado e tempo de bate-papo estendido<\/li>\n<li>Aumento da visibilidade e correspond\u00eancia de prioridades<\/li>\n<\/ul>\n<p>Os pre\u00e7os variam de acordo com a regi\u00e3o, mas os planos premium t\u00edpicos variam de $9,99 a $19,99\/m\u00eas, dependendo da dura\u00e7\u00e3o da assinatura.<\/p>\n<h2>Para quem \u00e9 o Hoppy?<\/h2>\n<p>O Hoppy foi criado especificamente para solteiros de 18 a 35 anos, embora usu\u00e1rios mais velhos tamb\u00e9m sejam bem-vindos. Ele \u00e9 mais atraente para:<\/p>\n<ul>\n<li>Pessoas que levam a s\u00e9rio o namoro, mas est\u00e3o frustradas com os aplicativos comuns<\/li>\n<li>Usu\u00e1rios que preferem comunica\u00e7\u00e3o por v\u00eddeo a mensagens de texto<\/li>\n<li>Aqueles que desejam conhecer parceiros em potencial pessoalmente e instantaneamente<\/li>\n<li>Qualquer pessoa que busque uma intera\u00e7\u00e3o on-line mais humana e com menos scripts<\/li>\n<\/ul>\n<h3>Dados demogr\u00e1ficos comuns:<\/h3>\n<ul>\n<li>Divis\u00e3o igualit\u00e1ria de g\u00eanero (mais equilibrada do que muitas <a href=\"https:\/\/strangercam.com\/pt-br\/bazoocam\/\">c\u00e2mera<\/a> plataformas de bate-papo)<\/li>\n<li>Usu\u00e1rios da Am\u00e9rica do Norte, Europa, Sudeste Asi\u00e1tico e Am\u00e9rica do Sul<\/li>\n<li>Pessoas em busca de amor, namoro casual ou conversas de paquera<\/li>\n<\/ul>\n<p>Ao contr\u00e1rio de plataformas de bate-papo puramente aleat\u00f3rias, como <a href=\"https:\/\/strangercam.com\/pt-br\/omegle\/\">Omegle<\/a>, O Hoppy filtra por inten\u00e7\u00e3o - a maioria dos usu\u00e1rios est\u00e1 l\u00e1 para namorar ou pelo menos flertar, n\u00e3o apenas para conversas casuais ou trollagem.<\/p>\n<h2>Seguran\u00e7a, privacidade e modera\u00e7\u00e3o<\/h2>\n<p>O Hoppy leva a seguran\u00e7a a s\u00e9rio, equilibrando o anonimato com a responsabilidade.<\/p>\n<p>Recursos de privacidade:<\/p>\n<ul>\n<li>Os bate-papos s\u00e3o criptografados e n\u00e3o s\u00e3o gravados<\/li>\n<li>Nenhum compartilhamento externo de correspond\u00eancias ou dados<\/li>\n<li>Seu perfil s\u00f3 fica vis\u00edvel ap\u00f3s uma correspond\u00eancia m\u00fatua<\/li>\n<\/ul>\n<p>Ferramentas de modera\u00e7\u00e3o:<\/p>\n<ul>\n<li>Relat\u00f3rios em tempo real<\/li>\n<li>Detec\u00e7\u00e3o de comportamento inadequado por meio de IA e an\u00e1lise humana<\/li>\n<li>Proibi\u00e7\u00f5es para usu\u00e1rios que violam os padr\u00f5es da comunidade<\/li>\n<\/ul>\n<p>Controle do usu\u00e1rio:<\/p>\n<ul>\n<li>Pular ou encerrar um bate-papo a qualquer momento<\/li>\n<li>Impedir que os usu\u00e1rios refa\u00e7am a correspond\u00eancia<\/li>\n<li>Controle quem v\u00ea seu perfil<\/li>\n<\/ul>\n<p>Como sempre, os usu\u00e1rios nunca devem compartilhar informa\u00e7\u00f5es pessoais, mesmo no bate-papo por v\u00eddeo, at\u00e9 que a confian\u00e7a seja estabelecida.<\/p>\n<h2>Experi\u00eancia do usu\u00e1rio e design<\/h2>\n<p>O design do Hoppy \u00e9 elegante, moderno e otimizado para uso priorit\u00e1rio em dispositivos m\u00f3veis, embora os usu\u00e1rios de desktop tamb\u00e9m tenham suporte. Os principais elementos incluem:<\/p>\n<ul>\n<li>Uma grande janela de v\u00eddeo ao vivo durante os bate-papos<\/li>\n<li>M\u00ednimo de distra\u00e7\u00f5es ou sobreposi\u00e7\u00f5es<\/li>\n<li>Bot\u00f5es de limpeza para combinar\/pular\/relatar<\/li>\n<li>Transi\u00e7\u00f5es r\u00e1pidas entre usu\u00e1rios<\/li>\n<\/ul>\n<p>O formato de bate-papo cronometrado mant\u00e9m as coisas interessantes e com pouca press\u00e3o. Cada conversa \u00e9 breve, mas significativa, e voc\u00ea nunca fica preso em uma sess\u00e3o da qual n\u00e3o gosta.<\/p>\n<h2>Hoppy vs. outras plataformas de namoro por v\u00eddeo chat<\/h2>\n<p>Como o Hoppy se compara a aplicativos semelhantes na \u00e1rea de cam-dating?<\/p>\n<table>\n<thead>\n<tr>\n<th>Recurso<\/th>\n<th>L\u00fapulo<\/th>\n<th>Macaco<\/th>\n<th>Camgo<\/th>\n<th><a href=\"https:\/\/strangercam.com\/pt-br\/coomeet\/\">CooMeet<\/a><\/th>\n<th>Azar<\/th>\n<\/tr>\n<\/thead>\n<tbody>\n<tr>\n<td>Bate-papo por v\u00eddeo individual<\/td>\n<td>Sim<\/td>\n<td>Sim<\/td>\n<td>Sim<\/td>\n<td>Sim<\/td>\n<td>Sim<\/td>\n<\/tr>\n<tr>\n<td>Foco no namoro<\/td>\n<td>Forte<\/td>\n<td>Fraco<\/td>\n<td>Moderado<\/td>\n<td>Forte<\/td>\n<td>Fraco<\/td>\n<\/tr>\n<tr>\n<td>Gratuito para uso<\/td>\n<td>Sim<\/td>\n<td>Sim<\/td>\n<td>Sim<\/td>\n<td>Limitada<\/td>\n<td>Sim<\/td>\n<\/tr>\n<tr>\n<td>Filtros de g\u00eanero<\/td>\n<td>Pago<\/td>\n<td>N\u00e3o<\/td>\n<td>Pago<\/td>\n<td>Pago<\/td>\n<td>Pago<\/td>\n<\/tr>\n<tr>\n<td>Registro obrigat\u00f3rio<\/td>\n<td>Sim<\/td>\n<td>Opcional<\/td>\n<td>N\u00e3o<\/td>\n<td>Sim<\/td>\n<td>Sim<\/td>\n<\/tr>\n<tr>\n<td>Correspond\u00eancia em tempo real<\/td>\n<td>Sim<\/td>\n<td>Sim<\/td>\n<td>Sim<\/td>\n<td>Sim<\/td>\n<td>Sim<\/td>\n<\/tr>\n<tr>\n<td>Seguran\u00e7a da comunidade<\/td>\n<td>Moderado<\/td>\n<td>Fraco<\/td>\n<td>Moderado<\/td>\n<td>Forte<\/td>\n<td>Moderado<\/td>\n<\/tr>\n<\/tbody>\n<\/table>\n<p>Resumo: O Hoppy oferece uma abordagem mais forte de namoro em compara\u00e7\u00e3o com a maioria dos aplicativos de v\u00eddeo aleat\u00f3rios, sem se tornar totalmente pago como o CooMeet. Ele mant\u00e9m as coisas espont\u00e2neas, mas significativas, o que \u00e9 ideal para usu\u00e1rios que buscam conex\u00f5es reais por v\u00eddeo.<\/p>\n<h2>Pr\u00f3s e contras<\/h2>\n<p>Pr\u00f3s:<\/p>\n<ul>\n<li>Intera\u00e7\u00e3o instant\u00e2nea face a face<\/li>\n<li>Grande foco em namoro, n\u00e3o apenas em bate-papo casual<\/li>\n<li>Uso gratuito com acesso generoso<\/li>\n<li>Experi\u00eancia otimizada para celular<\/li>\n<li>Alta qualidade de correspond\u00eancia por meio de opt-in duplo<\/li>\n<li>Filtros e ferramentas de seguran\u00e7a dispon\u00edveis<\/li>\n<\/ul>\n<p>Contras:<\/p>\n<ul>\n<li>Os recursos premium podem ser caros<\/li>\n<li>Alguns usu\u00e1rios ainda podem abusar do sistema<\/li>\n<li>Base de usu\u00e1rios limitada em determinados fusos hor\u00e1rios<\/li>\n<li>Voc\u00ea deve estar pronto para a c\u00e2mera para participar<\/li>\n<\/ul>\n<h2>Casos de uso ideais<\/h2>\n<p>Hoppy \u00e9 ideal para:<\/p>\n<ul>\n<li>Usu\u00e1rios de aplicativos de namoro que querem evitar mensagens de texto intermin\u00e1veis<\/li>\n<li>Solteiros que preferem qu\u00edmica a fotos<\/li>\n<li>Extrovertidos que prosperam em conversas ao vivo<\/li>\n<li>Pessoas curiosas sobre o speed dating moderno por v\u00eddeo<\/li>\n<\/ul>\n<p>N\u00e3o \u00e9 ideal para:<\/p>\n<ul>\n<li>Usu\u00e1rios que n\u00e3o gostam de ser filmados<\/li>\n<li>Pessoas com menos de 18 anos (estritamente para adultos)<\/li>\n<li>Aqueles que procuram um matchmaking lento ou perfis de namoro tradicionais<\/li>\n<\/ul>\n<p>O Hoppy traz um toque refrescante ao cen\u00e1rio de encontros on-line, colocando a intera\u00e7\u00e3o ao vivo e face a face em primeiro plano. Em vez de passar o dedo sem parar ou enviar mensagens de texto por dias, os usu\u00e1rios t\u00eam uma primeira impress\u00e3o real instantaneamente e decidem em segundos se h\u00e1 potencial.<\/p>\n<p>\u00c9 r\u00e1pido, divertido e surpreendentemente aut\u00eantico. Se voc\u00ea est\u00e1 procurando um flerte casual, um namoro s\u00e9rio ou apenas quer conhecer algu\u00e9m interessante hoje \u00e0 noite, o Hoppy oferece uma maneira elegante e acess\u00edvel de fazer isso acontecer - sem a necessidade de downloads ou biografias estranhas.<\/p>\n<p>Se voc\u00ea estiver pronto para abandonar o cansa\u00e7o dos aplicativos de namoro e conhecer pessoas reais em tempo real, vale a pena experimentar o Hoppy.<\/p>","protected":false},"excerpt":{"rendered":"<p>In a world of swiping fatigue and endless scrolling through dating profiles, Hoppy brings something different to the table: real-time video chat as the first step to meeting someone new. By blending the fun of random cam-to-cam chats with the intention of dating, Hoppy positions itself somewhere between a dating app and a video matchmaking [&hellip;]<\/p>\n","protected":false},"author":6,"featured_media":0,"parent":0,"menu_order":0,"comment_status":"closed","ping_status":"closed","template":"","meta":{"footnotes":""},"class_list":["post-12887","page","type-page","status-publish","hentry"],"yoast_head":"<!-- This site is optimized with the Yoast SEO plugin v27.4 - https:\/\/yoast.com\/product\/yoast-seo-wordpress\/ -->\n<title>Hoppy - It Takes One Video To Match on StrangerCam.com<\/title>\n<meta name=\"description\" content=\"Like Hoppy? Come chat with more than 5.000.000 strangers on Stranger Cam for Free! Turn on your cam and find new friends &amp; maby a match!\" \/>\n<meta name=\"robots\" content=\"index, follow, max-snippet:-1, max-image-preview:large, max-video-preview:-1\" \/>\n<link rel=\"canonical\" href=\"https:\/\/strangercam.com\/pt-br\/lupulado\/\" \/>\n<meta property=\"og:locale\" content=\"pt_BR\" \/>\n<meta property=\"og:type\" content=\"article\" \/>\n<meta property=\"og:title\" content=\"Hoppy - It Takes One Video To Match on StrangerCam.com\" \/>\n<meta property=\"og:description\" content=\"Like Hoppy? Come chat with more than 5.000.000 strangers on Stranger Cam for Free! Turn on your cam and find new friends &amp; maby a match!\" \/>\n<meta property=\"og:url\" content=\"https:\/\/strangercam.com\/pt-br\/lupulado\/\" \/>\n<meta property=\"og:site_name\" content=\"Strangercam\" \/>\n<meta property=\"article:publisher\" content=\"https:\/\/www.facebook.com\/strangercam\" \/>\n<meta property=\"og:image\" content=\"https:\/\/strangercam.com\/wp-content\/uploads\/2021\/10\/Untitled-2.png\" \/>\n\t<meta property=\"og:image:width\" content=\"800\" \/>\n\t<meta property=\"og:image:height\" content=\"532\" \/>\n\t<meta property=\"og:image:type\" content=\"image\/png\" \/>\n<meta name=\"twitter:card\" content=\"summary_large_image\" \/>\n<meta name=\"twitter:site\" content=\"@strangercamapp\" \/>\n<meta name=\"twitter:label1\" content=\"Est. tempo de leitura\" \/>\n\t<meta name=\"twitter:data1\" content=\"6 minutos\" \/>\n<script type=\"application\/ld+json\" class=\"yoast-schema-graph\">{\"@context\":\"https:\\\/\\\/schema.org\",\"@graph\":[{\"@type\":\"WebPage\",\"@id\":\"https:\\\/\\\/strangercam.com\\\/hoppy\\\/\",\"url\":\"https:\\\/\\\/strangercam.com\\\/hoppy\\\/\",\"name\":\"Hoppy - It Takes One Video To Match on StrangerCam.com\",\"isPartOf\":{\"@id\":\"https:\\\/\\\/strangercam.com\\\/#website\"},\"datePublished\":\"2025-06-16T12:52:18+00:00\",\"description\":\"Like Hoppy? Come chat with more than 5.000.000 strangers on Stranger Cam for Free! Turn on your cam and find new friends & maby a match!\",\"breadcrumb\":{\"@id\":\"https:\\\/\\\/strangercam.com\\\/hoppy\\\/#breadcrumb\"},\"inLanguage\":\"pt-BR\",\"potentialAction\":[{\"@type\":\"ReadAction\",\"target\":[\"https:\\\/\\\/strangercam.com\\\/hoppy\\\/\"]}]},{\"@type\":\"BreadcrumbList\",\"@id\":\"https:\\\/\\\/strangercam.com\\\/hoppy\\\/#breadcrumb\",\"itemListElement\":[{\"@type\":\"ListItem\",\"position\":1,\"name\":\"Home\",\"item\":\"https:\\\/\\\/strangercam.com\\\/\"},{\"@type\":\"ListItem\",\"position\":2,\"name\":\"Hoppy\"}]},{\"@type\":\"WebSite\",\"@id\":\"https:\\\/\\\/strangercam.com\\\/#website\",\"url\":\"https:\\\/\\\/strangercam.com\\\/\",\"name\":\"Strangercam\",\"description\":\"Random Video Chat with Strangers\",\"publisher\":{\"@id\":\"https:\\\/\\\/strangercam.com\\\/#organization\"},\"alternateName\":\"Strangercam.com\",\"potentialAction\":[{\"@type\":\"SearchAction\",\"target\":{\"@type\":\"EntryPoint\",\"urlTemplate\":\"https:\\\/\\\/strangercam.com\\\/?s={search_term_string}\"},\"query-input\":{\"@type\":\"PropertyValueSpecification\",\"valueRequired\":true,\"valueName\":\"search_term_string\"}}],\"inLanguage\":\"pt-BR\"},{\"@type\":\"Organization\",\"@id\":\"https:\\\/\\\/strangercam.com\\\/#organization\",\"name\":\"Strangercam\",\"alternateName\":\"Strangercam.com\",\"url\":\"https:\\\/\\\/strangercam.com\\\/\",\"logo\":{\"@type\":\"ImageObject\",\"inLanguage\":\"pt-BR\",\"@id\":\"https:\\\/\\\/strangercam.com\\\/#\\\/schema\\\/logo\\\/image\\\/\",\"url\":\"https:\\\/\\\/strangercam.com\\\/wp-content\\\/uploads\\\/2020\\\/11\\\/cropped-new-favicon-black.png\",\"contentUrl\":\"https:\\\/\\\/strangercam.com\\\/wp-content\\\/uploads\\\/2020\\\/11\\\/cropped-new-favicon-black.png\",\"width\":512,\"height\":512,\"caption\":\"Strangercam\"},\"image\":{\"@id\":\"https:\\\/\\\/strangercam.com\\\/#\\\/schema\\\/logo\\\/image\\\/\"},\"sameAs\":[\"https:\\\/\\\/www.facebook.com\\\/strangercam\",\"https:\\\/\\\/x.com\\\/strangercamapp\"]}]}<\/script>\n<!-- \/ Yoast SEO plugin. -->","yoast_head_json":{"title":"Hoppy - \u00c9 preciso um v\u00eddeo para combinar em StrangerCam.com","description":"Gosta de Hoppy? Venha bater papo com mais de 5.000.000 de estranhos no Stranger Cam de gra\u00e7a! Ligue sua c\u00e2mera e encontre novos amigos e talvez um par!","robots":{"index":"index","follow":"follow","max-snippet":"max-snippet:-1","max-image-preview":"max-image-preview:large","max-video-preview":"max-video-preview:-1"},"canonical":"https:\/\/strangercam.com\/pt-br\/lupulado\/","og_locale":"pt_BR","og_type":"article","og_title":"Hoppy - It Takes One Video To Match on StrangerCam.com","og_description":"Like Hoppy? Come chat with more than 5.000.000 strangers on Stranger Cam for Free! Turn on your cam and find new friends & maby a match!","og_url":"https:\/\/strangercam.com\/pt-br\/lupulado\/","og_site_name":"Strangercam","article_publisher":"https:\/\/www.facebook.com\/strangercam","og_image":[{"width":800,"height":532,"url":"https:\/\/strangercam.com\/wp-content\/uploads\/2021\/10\/Untitled-2.png","type":"image\/png"}],"twitter_card":"summary_large_image","twitter_site":"@strangercamapp","twitter_misc":{"Est. tempo de leitura":"6 minutos"},"schema":{"@context":"https:\/\/schema.org","@graph":[{"@type":"WebPage","@id":"https:\/\/strangercam.com\/hoppy\/","url":"https:\/\/strangercam.com\/hoppy\/","name":"Hoppy - \u00c9 preciso um v\u00eddeo para combinar em StrangerCam.com","isPartOf":{"@id":"https:\/\/strangercam.com\/#website"},"datePublished":"2025-06-16T12:52:18+00:00","description":"Gosta de Hoppy? Venha bater papo com mais de 5.000.000 de estranhos no Stranger Cam de gra\u00e7a! Ligue sua c\u00e2mera e encontre novos amigos e talvez um par!","breadcrumb":{"@id":"https:\/\/strangercam.com\/hoppy\/#breadcrumb"},"inLanguage":"pt-BR","potentialAction":[{"@type":"ReadAction","target":["https:\/\/strangercam.com\/hoppy\/"]}]},{"@type":"BreadcrumbList","@id":"https:\/\/strangercam.com\/hoppy\/#breadcrumb","itemListElement":[{"@type":"ListItem","position":1,"name":"Home","item":"https:\/\/strangercam.com\/"},{"@type":"ListItem","position":2,"name":"Hoppy"}]},{"@type":"WebSite","@id":"https:\/\/strangercam.com\/#website","url":"https:\/\/strangercam.com\/","name":"Strangercam","description":"Bate-papo por v\u00eddeo aleat\u00f3rio com estranhos","publisher":{"@id":"https:\/\/strangercam.com\/#organization"},"alternateName":"Strangercam.com","potentialAction":[{"@type":"SearchAction","target":{"@type":"EntryPoint","urlTemplate":"https:\/\/strangercam.com\/?s={search_term_string}"},"query-input":{"@type":"PropertyValueSpecification","valueRequired":true,"valueName":"search_term_string"}}],"inLanguage":"pt-BR"},{"@type":"Organization","@id":"https:\/\/strangercam.com\/#organization","name":"Strangercam","alternateName":"Strangercam.com","url":"https:\/\/strangercam.com\/","logo":{"@type":"ImageObject","inLanguage":"pt-BR","@id":"https:\/\/strangercam.com\/#\/schema\/logo\/image\/","url":"https:\/\/strangercam.com\/wp-content\/uploads\/2020\/11\/cropped-new-favicon-black.png","contentUrl":"https:\/\/strangercam.com\/wp-content\/uploads\/2020\/11\/cropped-new-favicon-black.png","width":512,"height":512,"caption":"Strangercam"},"image":{"@id":"https:\/\/strangercam.com\/#\/schema\/logo\/image\/"},"sameAs":["https:\/\/www.facebook.com\/strangercam","https:\/\/x.com\/strangercamapp"]}]}},"_links":{"self":[{"href":"https:\/\/strangercam.com\/pt-br\/wp-json\/wp\/v2\/pages\/12887","targetHints":{"allow":["GET"]}}],"collection":[{"href":"https:\/\/strangercam.com\/pt-br\/wp-json\/wp\/v2\/pages"}],"about":[{"href":"https:\/\/strangercam.com\/pt-br\/wp-json\/wp\/v2\/types\/page"}],"author":[{"embeddable":true,"href":"https:\/\/strangercam.com\/pt-br\/wp-json\/wp\/v2\/users\/6"}],"replies":[{"embeddable":true,"href":"https:\/\/strangercam.com\/pt-br\/wp-json\/wp\/v2\/comments?post=12887"}],"version-history":[{"count":2,"href":"https:\/\/strangercam.com\/pt-br\/wp-json\/wp\/v2\/pages\/12887\/revisions"}],"predecessor-version":[{"id":12889,"href":"https:\/\/strangercam.com\/pt-br\/wp-json\/wp\/v2\/pages\/12887\/revisions\/12889"}],"wp:attachment":[{"href":"https:\/\/strangercam.com\/pt-br\/wp-json\/wp\/v2\/media?parent=12887"}],"curies":[{"name":"wp","href":"https:\/\/api.w.org\/{rel}","templated":true}]}}