{"id":12846,"date":"2025-05-14T09:44:05","date_gmt":"2025-05-14T07:44:05","guid":{"rendered":"https:\/\/strangercam.com\/?page_id=12846"},"modified":"2025-05-14T09:44:05","modified_gmt":"2025-05-14T07:44:05","slug":"meetskip","status":"publish","type":"page","link":"https:\/\/strangercam.com\/pt-br\/meetskip\/","title":{"rendered":"MeetSkip"},"content":{"rendered":"<p>\u00c0 medida que mais pessoas procuram intera\u00e7\u00f5es espont\u00e2neas e face a face on-line, as plataformas de bate-papo com v\u00eddeo aleat\u00f3rio continuam a prosperar, especialmente na era p\u00f3s-Omegle. Um dos nomes mais recentes que est\u00e1 circulando \u00e9 o MeetSkip, uma plataforma de bate-papo por v\u00eddeo aleat\u00f3rio baseada em navegador. <a href=\"https:\/\/strangercam.com\/pt-br\/bazoocam\/\">c\u00e2mera<\/a> site de bate-papo que oferece conex\u00f5es r\u00e1pidas, configura\u00e7\u00e3o m\u00ednima e uma experi\u00eancia que lembra os primeiros <a href=\"https:\/\/strangercam.com\/pt-br\/omegle\/\">Omegle<\/a> dias.<\/p>\n<p>Mas com dezenas de sites semelhantes competindo por tr\u00e1fego, como o MeetSkip se compara? Ele \u00e9 apenas mais um clone ou oferece algo que vale seu tempo?<\/p>\n<p>Nesta an\u00e1lise, daremos uma olhada detalhada no MeetSkip: o que \u00e9, o que oferece, para quem se destina e como se compara com a concorr\u00eancia.<\/p>\n<h2>O que \u00e9 o MeetSkip?<\/h2>\n<p>O MeetSkip \u00e9 um site de bate-papo por v\u00eddeo aleat\u00f3rio, gratuito e an\u00f4nimo que conecta usu\u00e1rios um a um por meio de webcam e microfone. Ele n\u00e3o requer registro, download ou informa\u00e7\u00f5es pessoais. Basta clicar em \"Start\" e voc\u00ea estar\u00e1 instantaneamente cara a cara com algu\u00e9m novo.<\/p>\n<p>O conceito \u00e9 simples - como o Omegle, <a href=\"https:\/\/strangercam.com\/pt-br\/chatroulette\/\">Chatroulette<\/a>, ou Chatrandom, ele enfatiza os encontros aleat\u00f3rios em tempo real, dando aos usu\u00e1rios a possibilidade de pular ou ficar com base em como se sentem em rela\u00e7\u00e3o \u00e0 partida atual.<\/p>\n<p>Ele foi projetado para usu\u00e1rios que desejam conversas r\u00e1pidas e espont\u00e2neas sem a necessidade de contas, aplicativos ou m\u00eddias sociais.<\/p>\n<h2>Qual \u00e9 o objetivo do MeetSkip?<\/h2>\n<p>O objetivo do MeetSkip \u00e9 recriar a experi\u00eancia de bate-papo por v\u00eddeo pura, aleat\u00f3ria e an\u00f4nima que tornou o Omegle popular em primeiro lugar, mas com uma interface um pouco mais suave e melhor suporte para dispositivos modernos.<\/p>\n<p>Ele foi desenvolvido para:<\/p>\n<ul>\n<li>Pessoas que gostam de conversas espont\u00e2neas pela webcam<\/li>\n<li>Usu\u00e1rios que n\u00e3o querem se registrar ou criar perfis<\/li>\n<li>Conversas casuais, flertes, viajantes e estudantes de idiomas<\/li>\n<li>Qualquer pessoa que esteja cansada de aplicativos de namoro e esteja procurando intera\u00e7\u00e3o ao vivo<\/li>\n<\/ul>\n<p>N\u00e3o h\u00e1 biografias, curtidas ou recursos de mensagens. O usu\u00e1rio <a href=\"https:\/\/strangercam.com\/pt-br\/coomeet\/\">conhecer<\/a> algu\u00e9m, conversar e depois seguir em frente ou continuar conversando. \u00c9 isso a\u00ed.<\/p>\n<h2>Principais recursos<\/h2>\n<p>1. Bate-papo por v\u00eddeo individual<br \/>\nA principal fun\u00e7\u00e3o do MeetSkip \u00e9 o bate-papo r\u00e1pido e an\u00f4nimo pela webcam. Quando a c\u00e2mera e o microfone s\u00e3o permitidos, voc\u00ea \u00e9 emparelhado com outro usu\u00e1rio automaticamente. Se a conversa n\u00e3o estiver indo bem, clique em \"Next\" e voc\u00ea ser\u00e1 reconectado instantaneamente com outra pessoa.<\/p>\n<p>2. Op\u00e7\u00e3o de bate-papo por texto<br \/>\nPara usu\u00e1rios que n\u00e3o querem usar uma webcam ou est\u00e3o em um ambiente com pouca largura de banda, o MeetSkip tamb\u00e9m oferece o modo de bate-papo somente com texto. Esse modo pode ser alternado facilmente e funciona bem para conversas mais casuais ou se voc\u00ea estiver apenas testando as \u00e1guas.<\/p>\n<p>3. N\u00e3o \u00e9 necess\u00e1rio registrar-se<br \/>\nVoc\u00ea pode acessar todos os principais recursos do MeetSkip sem criar uma conta. \u00c9 totalmente an\u00f4nimo - n\u00e3o \u00e9 necess\u00e1rio fornecer nome, e-mail ou nome de usu\u00e1rio social. Isso torna a barreira de entrada extremamente baixa.<\/p>\n<p>4. Filtros de g\u00eanero e localiza\u00e7\u00e3o (limitado)<br \/>\nAlguns filtros est\u00e3o dispon\u00edveis, permitindo que voc\u00ea tente combinar com pessoas com base no g\u00eanero ou no pa\u00eds, embora nem sempre seja confi\u00e1vel e possa exigir a concess\u00e3o de permiss\u00f5es adicionais.<\/p>\n<p>5. Pulo instant\u00e2neo<br \/>\nFiel ao seu nome, o MeetSkip apresenta um r\u00e1pido bot\u00e3o \"Next\" que permite que voc\u00ea passe para um novo parceiro de bate-papo em menos de um segundo. Essa \u00e9 uma parte importante do apelo para os usu\u00e1rios que desejam velocidade e variedade.<\/p>\n<p>6. Funciona em navegadores de desktop e m\u00f3veis<br \/>\nO MeetSkip \u00e9 executado inteiramente em seu navegador e \u00e9 responsivo a dispositivos m\u00f3veis, o que significa que voc\u00ea pode us\u00e1-lo em seu telefone ou tablet sem instalar um aplicativo. Embora seja melhor no desktop para posicionamento e layout da c\u00e2mera, a experi\u00eancia m\u00f3vel \u00e9 suave e funcional.<\/p>\n<p>7. Interface m\u00ednima<br \/>\nA interface do usu\u00e1rio \u00e9 simples e direta: grande feed de v\u00eddeo, caixa de bate-papo b\u00e1sica, bot\u00e3o mudo, bot\u00e3o pular e op\u00e7\u00e3o de den\u00fancia. N\u00e3o h\u00e1 recursos chamativos ou artif\u00edcios sociais.<\/p>\n<h2>O MeetSkip \u00e9 gratuito?<\/h2>\n<p>Sim, o MeetSkip \u00e9 100% de uso gratuito. N\u00e3o h\u00e1:<\/p>\n<ul>\n<li>Paywalls<\/li>\n<li>Cr\u00e9ditos ou moedas<\/li>\n<li>Associa\u00e7\u00f5es VIP<\/li>\n<li>Fazer download de prompts<\/li>\n<\/ul>\n<p>Embora a MeetSkip possa exibir an\u00fancios para apoiar o servi\u00e7o, eles n\u00e3o s\u00e3o intrusivos no momento, e todos os recursos de bate-papo permanecem acess\u00edveis a todos.<\/p>\n<h2>Quem usa o MeetSkip?<\/h2>\n<p>A MeetSkip tem uma base de usu\u00e1rios crescente em v\u00e1rias regi\u00f5es, especialmente:<\/p>\n<ul>\n<li>Estados Unidos<\/li>\n<li>\u00cdndia<\/li>\n<li>Alemanha<\/li>\n<li>Brasil<\/li>\n<li>REINO UNIDO<\/li>\n<li>Canad\u00e1<\/li>\n<\/ul>\n<p>A maioria dos usu\u00e1rios est\u00e1 na faixa et\u00e1ria de 18 a 35 anos e, como na maioria das plataformas de bate-papo com v\u00eddeo aleat\u00f3rio, a base de usu\u00e1rios \u00e9 dominada por homens. As usu\u00e1rias est\u00e3o presentes, mas normalmente recebem um n\u00famero muito maior de solicita\u00e7\u00f5es de bate-papo.<\/p>\n<p>Em geral, os usu\u00e1rios est\u00e3o procurando:<\/p>\n<ul>\n<li>Bate-papos casuais<\/li>\n<li>Intera\u00e7\u00f5es divertidas e sedutoras<\/li>\n<li>Conhecer estranhos em tempo real<\/li>\n<li>Socializa\u00e7\u00e3o leve em vez de encontros estruturados<\/li>\n<\/ul>\n<p>O MeetSkip n\u00e3o se destina \u00e0 comunica\u00e7\u00e3o de longo prazo. N\u00e3o h\u00e1 como favoritar usu\u00e1rios ou adicionar amigos - ele foi criado inteiramente com base na ideia de aleatoriedade e imperman\u00eancia.<\/p>\n<h2>Seguran\u00e7a, privacidade e modera\u00e7\u00e3o<\/h2>\n<p>Como o MeetSkip \u00e9 an\u00f4nimo, a privacidade \u00e9 inerentemente forte, mas isso tamb\u00e9m apresenta desafios de seguran\u00e7a.<\/p>\n<h3>O que a MeetSkip faz bem:<\/h3>\n<ul>\n<li>Sem contas: Voc\u00ea n\u00e3o precisa fornecer informa\u00e7\u00f5es pessoais para us\u00e1-lo.<\/li>\n<li>Somente bate-papo individual: N\u00e3o h\u00e1 salas ou perfis p\u00fablicos.<\/li>\n<li>N\u00e3o h\u00e1 bate-papos armazenados: As conversas n\u00e3o s\u00e3o salvas ou revisadas (embora o comportamento possa ser monitorado em tempo real).<\/li>\n<li>Bot\u00e3o Denunciar: Os usu\u00e1rios podem sinalizar conte\u00fado inadequado.<\/li>\n<\/ul>\n<h3>Limita\u00e7\u00f5es:<\/h3>\n<ul>\n<li>A modera\u00e7\u00e3o \u00e9 leve: Como em muitas plataformas de bate-papo an\u00f4nimo, a fiscaliza\u00e7\u00e3o \u00e9 limitada at\u00e9 que o abuso seja denunciado.<\/li>\n<li>\u00c9 poss\u00edvel haver conte\u00fado inadequado: Alguns usu\u00e1rios fazem mau uso da plataforma, especialmente tarde da noite.<\/li>\n<li>Nenhuma ferramenta avan\u00e7ada de modera\u00e7\u00e3o de IA (ainda): A nudez e os gestos ofensivos podem passar despercebidos por breves per\u00edodos.<\/li>\n<\/ul>\n<p>Como em qualquer plataforma aberta de bate-papo por v\u00eddeo, os usu\u00e1rios s\u00e3o aconselhados a:<\/p>\n<ul>\n<li>Evite compartilhar detalhes pessoais<\/li>\n<li>Use a plataforma durante os hor\u00e1rios de pico para ter uma experi\u00eancia melhor<\/li>\n<li>Sair do bate-papo imediatamente caso se sintam desconfort\u00e1veis<\/li>\n<\/ul>\n<h2>Experi\u00eancia do usu\u00e1rio e design<\/h2>\n<p>O MeetSkip se concentra na velocidade e na simplicidade, e isso \u00e9 vis\u00edvel. A partir do momento em que o site \u00e9 carregado, voc\u00ea est\u00e1 a dois cliques de dist\u00e2ncia de um site ao vivo. <a href=\"https:\/\/strangercam.com\/pt-br\/cam-to-cam-chat\/\">bate-papo com c\u00e2mera<\/a>. A interface \u00e9 m\u00ednima: um fundo escuro, caixas de v\u00eddeo e alguns bot\u00f5es. \u00c9 s\u00f3 isso.<\/p>\n<h3>Pr\u00f3s da experi\u00eancia do usu\u00e1rio:<\/h3>\n<ul>\n<li>Carrega rapidamente, mesmo em conex\u00f5es lentas<\/li>\n<li>Sem distra\u00e7\u00f5es ou bagun\u00e7a<\/li>\n<li>Grande janela de v\u00eddeo para intera\u00e7\u00e3o face a face<\/li>\n<li>Os bot\u00f5es Avan\u00e7ar\/mutar\/relatar est\u00e3o claramente vis\u00edveis<\/li>\n<li>Funciona bem no Chrome e no Safari<\/li>\n<\/ul>\n<h3>Espa\u00e7o para melhorias:<\/h3>\n<ul>\n<li>Nenhuma op\u00e7\u00e3o de perfil, nem mesmo as opcionais<\/li>\n<li>Os filtros s\u00e3o limitados ou n\u00e3o s\u00e3o confi\u00e1veis<\/li>\n<li>Nenhuma op\u00e7\u00e3o para se reconectar com usu\u00e1rios anteriores<\/li>\n<li>N\u00e3o h\u00e1 ferramentas de tradu\u00e7\u00e3o ou de idioma incorporadas<\/li>\n<\/ul>\n<p>Mas, no geral, para o que se prop\u00f5e a ser - uma experi\u00eancia de roleta de bate-papo r\u00e1pida, gratuita e simples - a experi\u00eancia do usu\u00e1rio \u00e9 s\u00f3lida.<\/p>\n<h2>MeetSkip vs. outras plataformas de bate-papo<\/h2>\n<p>Como a MeetSkip se compara a alguns dos maiores nomes do setor?<\/p>\n<table>\n<thead>\n<tr>\n<th>Recurso<\/th>\n<th>MeetSkip<\/th>\n<th>Omegle (fechado)<\/th>\n<th>Chatroulette<\/th>\n<th>Chatrandom<\/th>\n<th>Emerald Chat<\/th>\n<\/tr>\n<\/thead>\n<tbody>\n<tr>\n<td>Random Video Chat com Estranhos<\/td>\n<td>Sim<\/td>\n<td>Sim<\/td>\n<td>Sim<\/td>\n<td>Sim<\/td>\n<td>Sim<\/td>\n<\/tr>\n<tr>\n<td>Op\u00e7\u00e3o de bate-papo por texto<\/td>\n<td>Sim<\/td>\n<td>Sim<\/td>\n<td>N\u00e3o<\/td>\n<td>Sim<\/td>\n<td>Sim<\/td>\n<\/tr>\n<tr>\n<td>Filtros de g\u00eanero<\/td>\n<td>B\u00e1sico<\/td>\n<td>Pago (anteriormente)<\/td>\n<td>N\u00e3o<\/td>\n<td>Pago<\/td>\n<td>Sim<\/td>\n<\/tr>\n<tr>\n<td>Compatibilidade com dispositivos m\u00f3veis<\/td>\n<td>Bom<\/td>\n<td>Ruim<\/td>\n<td>Ruim<\/td>\n<td>Excelente<\/td>\n<td>Bom<\/td>\n<\/tr>\n<tr>\n<td>Conta necess\u00e1ria<\/td>\n<td>N\u00e3o<\/td>\n<td>N\u00e3o<\/td>\n<td>N\u00e3o<\/td>\n<td>Opcional<\/td>\n<td>Sim<\/td>\n<\/tr>\n<tr>\n<td>Mensagens privadas<\/td>\n<td>N\u00e3o<\/td>\n<td>N\u00e3o<\/td>\n<td>N\u00e3o<\/td>\n<td>Sim<\/td>\n<td>Sim<\/td>\n<\/tr>\n<tr>\n<td>Qualidade da modera\u00e7\u00e3o<\/td>\n<td>Luz<\/td>\n<td>M\u00ednimo<\/td>\n<td>Fraco<\/td>\n<td>Moderado<\/td>\n<td>Forte<\/td>\n<\/tr>\n<\/tbody>\n<\/table>\n<p>Resumo: O MeetSkip n\u00e3o reinventa a roda, mas \u00e9 uma das op\u00e7\u00f5es mais limpas e otimizadas dispon\u00edveis no momento, especialmente se voc\u00ea estiver procurando uma plataforma no estilo Omegle com uma interface de usu\u00e1rio mais est\u00e1vel.<\/p>\n<h2>Pr\u00f3s e contras<\/h2>\n<p>Pr\u00f3s:<\/p>\n<ul>\n<li>Totalmente gratuito e sem necessidade de registro<\/li>\n<li>Bate-papo instant\u00e2neo por v\u00eddeo com estranhos<\/li>\n<li>Funciona bem tanto no desktop quanto no celular<\/li>\n<li>Modos de bate-papo por texto e v\u00eddeo dispon\u00edveis<\/li>\n<li>Leve, r\u00e1pido e f\u00e1cil de usar<\/li>\n<li>Anonimato preservado durante todo o processo<\/li>\n<\/ul>\n<p>Contras:<\/p>\n<ul>\n<li>Op\u00e7\u00f5es de filtragem b\u00e1sicas ou n\u00e3o confi\u00e1veis<\/li>\n<li>Pode aparecer algum conte\u00fado inadequado<\/li>\n<li>Sem recursos sociais ou de correspond\u00eancia<\/li>\n<li>Sem hist\u00f3rico de usu\u00e1rio ou capacidade de reconex\u00e3o<\/li>\n<li>Base de usu\u00e1rios masculina<\/li>\n<\/ul>\n<h2>Casos de uso ideais<\/h2>\n<p>O MeetSkip \u00e9 \u00f3timo para:<\/p>\n<ul>\n<li>Pessoas que querem conversar aleatoriamente com estranhos, como o Omegle original<\/li>\n<li>Usu\u00e1rios que procuram uma distra\u00e7\u00e3o social r\u00e1pida ou uma maneira divertida de passar o tempo<\/li>\n<li>Qualquer pessoa que n\u00e3o queira se registrar ou fazer download de um aplicativo<\/li>\n<li>Usu\u00e1rios internacionais que procuram conhecer pessoas de outros pa\u00edses<\/li>\n<\/ul>\n<p>N\u00e3o \u00e9 ideal para:<\/p>\n<ul>\n<li>Usu\u00e1rios que buscam uma experi\u00eancia de encontros ou combina\u00e7\u00f5es com curadoria<\/li>\n<li>Pessoas que preferem salas de bate-papo em grupo ou t\u00f3picos de discuss\u00e3o tem\u00e1ticos<\/li>\n<li>Usu\u00e1rios mais jovens que podem n\u00e3o se sentir \u00e0 vontade para navegar por conte\u00fado adulto<\/li>\n<li>Usu\u00e1rios que desejam conversas cont\u00ednuas ou recursos de adi\u00e7\u00e3o de amigos<\/li>\n<\/ul>\n<h2>Veredicto final<\/h2>\n<p>O MeetSkip \u00e9 uma das melhores plataformas de bate-papo por v\u00eddeo aleat\u00f3rio no estilo Omegle dispon\u00edveis. Embora n\u00e3o ofere\u00e7a recursos avan\u00e7ados ou modera\u00e7\u00e3o de ponta, ela \u00e9 bem-sucedida no que se prop\u00f5e a fazer: oferecer bate-papo face a face gratuito, an\u00f4nimo e instant\u00e2neo com estranhos em todo o mundo.<\/p>\n<p>Se voc\u00ea est\u00e1 procurando um site de bate-papo com c\u00e2mera leve e sem compromisso, com o m\u00ednimo de confus\u00e3o e correspond\u00eancia r\u00e1pida, vale a pena conferir o MeetSkip. N\u00e3o \u00e9 o mais chamativo, mas \u00e9 confi\u00e1vel - e, \u00e0s vezes, \u00e9 exatamente isso que os entusiastas de bate-papo aleat\u00f3rio est\u00e3o procurando.<\/p>","protected":false},"excerpt":{"rendered":"<p>As more people look for spontaneous, face-to-face interactions online, random video chat platforms continue to thrive \u2014 especially in the post-Omegle era. One of the newer names making the rounds is MeetSkip, a browser-based random cam chat site offering quick connections, minimal setup, and an experience reminiscent of the early Omegle days. But with dozens [&hellip;]<\/p>\n","protected":false},"author":6,"featured_media":0,"parent":0,"menu_order":0,"comment_status":"closed","ping_status":"closed","template":"","meta":{"footnotes":""},"class_list":["post-12846","page","type-page","status-publish","hentry"],"yoast_head":"<!-- This site is optimized with the Yoast SEO plugin v27.4 - https:\/\/yoast.com\/product\/yoast-seo-wordpress\/ -->\n<title>MeetSkip - Free Online Chat Rooms on StrangerCam.com<\/title>\n<meta name=\"description\" content=\"Like MeetSkip? Come chat with more than 5.000.000 strangers on Stranger Cam for Free! Turn on your cam and find new friends &amp; maby a match!\" \/>\n<meta name=\"robots\" content=\"index, follow, max-snippet:-1, max-image-preview:large, max-video-preview:-1\" \/>\n<link rel=\"canonical\" href=\"https:\/\/strangercam.com\/pt-br\/meetskip\/\" \/>\n<meta property=\"og:locale\" content=\"pt_BR\" \/>\n<meta property=\"og:type\" content=\"article\" \/>\n<meta property=\"og:title\" content=\"MeetSkip - Free Online Chat Rooms on StrangerCam.com\" \/>\n<meta property=\"og:description\" content=\"Like MeetSkip? Come chat with more than 5.000.000 strangers on Stranger Cam for Free! Turn on your cam and find new friends &amp; maby a match!\" \/>\n<meta property=\"og:url\" content=\"https:\/\/strangercam.com\/pt-br\/meetskip\/\" \/>\n<meta property=\"og:site_name\" content=\"Strangercam\" \/>\n<meta property=\"article:publisher\" content=\"https:\/\/www.facebook.com\/strangercam\" \/>\n<meta property=\"og:image\" content=\"https:\/\/strangercam.com\/wp-content\/uploads\/2021\/10\/Untitled-2.png\" \/>\n\t<meta property=\"og:image:width\" content=\"800\" \/>\n\t<meta property=\"og:image:height\" content=\"532\" \/>\n\t<meta property=\"og:image:type\" content=\"image\/png\" \/>\n<meta name=\"twitter:card\" content=\"summary_large_image\" \/>\n<meta name=\"twitter:site\" content=\"@strangercamapp\" \/>\n<meta name=\"twitter:label1\" content=\"Est. tempo de leitura\" \/>\n\t<meta name=\"twitter:data1\" content=\"6 minutos\" \/>\n<script type=\"application\/ld+json\" class=\"yoast-schema-graph\">{\"@context\":\"https:\\\/\\\/schema.org\",\"@graph\":[{\"@type\":\"WebPage\",\"@id\":\"https:\\\/\\\/strangercam.com\\\/meetskip\\\/\",\"url\":\"https:\\\/\\\/strangercam.com\\\/meetskip\\\/\",\"name\":\"MeetSkip - Free Online Chat Rooms on StrangerCam.com\",\"isPartOf\":{\"@id\":\"https:\\\/\\\/strangercam.com\\\/#website\"},\"datePublished\":\"2025-05-14T07:44:05+00:00\",\"description\":\"Like MeetSkip? Come chat with more than 5.000.000 strangers on Stranger Cam for Free! Turn on your cam and find new friends & maby a match!\",\"breadcrumb\":{\"@id\":\"https:\\\/\\\/strangercam.com\\\/meetskip\\\/#breadcrumb\"},\"inLanguage\":\"pt-BR\",\"potentialAction\":[{\"@type\":\"ReadAction\",\"target\":[\"https:\\\/\\\/strangercam.com\\\/meetskip\\\/\"]}]},{\"@type\":\"BreadcrumbList\",\"@id\":\"https:\\\/\\\/strangercam.com\\\/meetskip\\\/#breadcrumb\",\"itemListElement\":[{\"@type\":\"ListItem\",\"position\":1,\"name\":\"Home\",\"item\":\"https:\\\/\\\/strangercam.com\\\/\"},{\"@type\":\"ListItem\",\"position\":2,\"name\":\"MeetSkip\"}]},{\"@type\":\"WebSite\",\"@id\":\"https:\\\/\\\/strangercam.com\\\/#website\",\"url\":\"https:\\\/\\\/strangercam.com\\\/\",\"name\":\"Strangercam\",\"description\":\"Random Video Chat with Strangers\",\"publisher\":{\"@id\":\"https:\\\/\\\/strangercam.com\\\/#organization\"},\"alternateName\":\"Strangercam.com\",\"potentialAction\":[{\"@type\":\"SearchAction\",\"target\":{\"@type\":\"EntryPoint\",\"urlTemplate\":\"https:\\\/\\\/strangercam.com\\\/?s={search_term_string}\"},\"query-input\":{\"@type\":\"PropertyValueSpecification\",\"valueRequired\":true,\"valueName\":\"search_term_string\"}}],\"inLanguage\":\"pt-BR\"},{\"@type\":\"Organization\",\"@id\":\"https:\\\/\\\/strangercam.com\\\/#organization\",\"name\":\"Strangercam\",\"alternateName\":\"Strangercam.com\",\"url\":\"https:\\\/\\\/strangercam.com\\\/\",\"logo\":{\"@type\":\"ImageObject\",\"inLanguage\":\"pt-BR\",\"@id\":\"https:\\\/\\\/strangercam.com\\\/#\\\/schema\\\/logo\\\/image\\\/\",\"url\":\"https:\\\/\\\/strangercam.com\\\/wp-content\\\/uploads\\\/2020\\\/11\\\/cropped-new-favicon-black.png\",\"contentUrl\":\"https:\\\/\\\/strangercam.com\\\/wp-content\\\/uploads\\\/2020\\\/11\\\/cropped-new-favicon-black.png\",\"width\":512,\"height\":512,\"caption\":\"Strangercam\"},\"image\":{\"@id\":\"https:\\\/\\\/strangercam.com\\\/#\\\/schema\\\/logo\\\/image\\\/\"},\"sameAs\":[\"https:\\\/\\\/www.facebook.com\\\/strangercam\",\"https:\\\/\\\/x.com\\\/strangercamapp\"]}]}<\/script>\n<!-- \/ Yoast SEO plugin. -->","yoast_head_json":{"title":"MeetSkip - Salas de bate-papo on-line gratuitas no StrangerCam.com","description":"Gosta do MeetSkip? Venha conversar com mais de 5.000.000 de desconhecidos no Stranger Cam gratuitamente! Ligue sua c\u00e2mera e encontre novos amigos e talvez um par!","robots":{"index":"index","follow":"follow","max-snippet":"max-snippet:-1","max-image-preview":"max-image-preview:large","max-video-preview":"max-video-preview:-1"},"canonical":"https:\/\/strangercam.com\/pt-br\/meetskip\/","og_locale":"pt_BR","og_type":"article","og_title":"MeetSkip - Free Online Chat Rooms on StrangerCam.com","og_description":"Like MeetSkip? Come chat with more than 5.000.000 strangers on Stranger Cam for Free! Turn on your cam and find new friends & maby a match!","og_url":"https:\/\/strangercam.com\/pt-br\/meetskip\/","og_site_name":"Strangercam","article_publisher":"https:\/\/www.facebook.com\/strangercam","og_image":[{"width":800,"height":532,"url":"https:\/\/strangercam.com\/wp-content\/uploads\/2021\/10\/Untitled-2.png","type":"image\/png"}],"twitter_card":"summary_large_image","twitter_site":"@strangercamapp","twitter_misc":{"Est. tempo de leitura":"6 minutos"},"schema":{"@context":"https:\/\/schema.org","@graph":[{"@type":"WebPage","@id":"https:\/\/strangercam.com\/meetskip\/","url":"https:\/\/strangercam.com\/meetskip\/","name":"MeetSkip - Salas de bate-papo on-line gratuitas no StrangerCam.com","isPartOf":{"@id":"https:\/\/strangercam.com\/#website"},"datePublished":"2025-05-14T07:44:05+00:00","description":"Gosta do MeetSkip? Venha conversar com mais de 5.000.000 de desconhecidos no Stranger Cam gratuitamente! Ligue sua c\u00e2mera e encontre novos amigos e talvez um par!","breadcrumb":{"@id":"https:\/\/strangercam.com\/meetskip\/#breadcrumb"},"inLanguage":"pt-BR","potentialAction":[{"@type":"ReadAction","target":["https:\/\/strangercam.com\/meetskip\/"]}]},{"@type":"BreadcrumbList","@id":"https:\/\/strangercam.com\/meetskip\/#breadcrumb","itemListElement":[{"@type":"ListItem","position":1,"name":"Home","item":"https:\/\/strangercam.com\/"},{"@type":"ListItem","position":2,"name":"MeetSkip"}]},{"@type":"WebSite","@id":"https:\/\/strangercam.com\/#website","url":"https:\/\/strangercam.com\/","name":"Strangercam","description":"Bate-papo por v\u00eddeo aleat\u00f3rio com estranhos","publisher":{"@id":"https:\/\/strangercam.com\/#organization"},"alternateName":"Strangercam.com","potentialAction":[{"@type":"SearchAction","target":{"@type":"EntryPoint","urlTemplate":"https:\/\/strangercam.com\/?s={search_term_string}"},"query-input":{"@type":"PropertyValueSpecification","valueRequired":true,"valueName":"search_term_string"}}],"inLanguage":"pt-BR"},{"@type":"Organization","@id":"https:\/\/strangercam.com\/#organization","name":"Strangercam","alternateName":"Strangercam.com","url":"https:\/\/strangercam.com\/","logo":{"@type":"ImageObject","inLanguage":"pt-BR","@id":"https:\/\/strangercam.com\/#\/schema\/logo\/image\/","url":"https:\/\/strangercam.com\/wp-content\/uploads\/2020\/11\/cropped-new-favicon-black.png","contentUrl":"https:\/\/strangercam.com\/wp-content\/uploads\/2020\/11\/cropped-new-favicon-black.png","width":512,"height":512,"caption":"Strangercam"},"image":{"@id":"https:\/\/strangercam.com\/#\/schema\/logo\/image\/"},"sameAs":["https:\/\/www.facebook.com\/strangercam","https:\/\/x.com\/strangercamapp"]}]}},"_links":{"self":[{"href":"https:\/\/strangercam.com\/pt-br\/wp-json\/wp\/v2\/pages\/12846","targetHints":{"allow":["GET"]}}],"collection":[{"href":"https:\/\/strangercam.com\/pt-br\/wp-json\/wp\/v2\/pages"}],"about":[{"href":"https:\/\/strangercam.com\/pt-br\/wp-json\/wp\/v2\/types\/page"}],"author":[{"embeddable":true,"href":"https:\/\/strangercam.com\/pt-br\/wp-json\/wp\/v2\/users\/6"}],"replies":[{"embeddable":true,"href":"https:\/\/strangercam.com\/pt-br\/wp-json\/wp\/v2\/comments?post=12846"}],"version-history":[{"count":1,"href":"https:\/\/strangercam.com\/pt-br\/wp-json\/wp\/v2\/pages\/12846\/revisions"}],"predecessor-version":[{"id":12847,"href":"https:\/\/strangercam.com\/pt-br\/wp-json\/wp\/v2\/pages\/12846\/revisions\/12847"}],"wp:attachment":[{"href":"https:\/\/strangercam.com\/pt-br\/wp-json\/wp\/v2\/media?parent=12846"}],"curies":[{"name":"wp","href":"https:\/\/api.w.org\/{rel}","templated":true}]}}