{"id":12842,"date":"2025-05-14T09:40:39","date_gmt":"2025-05-14T07:40:39","guid":{"rendered":"https:\/\/strangercam.com\/?page_id=12842"},"modified":"2025-05-14T09:42:02","modified_gmt":"2025-05-14T07:42:02","slug":"meetgle","status":"publish","type":"page","link":"https:\/\/strangercam.com\/pt-br\/meetgle\/","title":{"rendered":"Meetgle"},"content":{"rendered":"<p>Com <a href=\"https:\/\/strangercam.com\/pt-br\/omegle\/\">Omegle<\/a> agora desligado e <a href=\"https:\/\/strangercam.com\/pt-br\/chatroulette\/\">Chatroulette<\/a> uma sombra de seu antigo eu, um n\u00famero crescente de plataformas surgiu para preencher a lacuna no mercado de v\u00eddeos aleat\u00f3rios <a href=\"https:\/\/strangercam.com\/pt-br\/chathub\/\">bate-papo<\/a> espa\u00e7o. Um deles \u00e9 o Meetgle - um site de bate-papo c\u00e2mera a c\u00e2mera gratuito e baseado em navegador, projetado para conect\u00e1-lo instantaneamente com estranhos de todo o mundo.<\/p>\n<p>Apresentado como uma alternativa moderna ao Omegle, o Meetgle promete correspond\u00eancia r\u00e1pida, conversas globais e zero registros. Mas em um mundo onde dezenas de sites de bate-papo semelhantes competem por aten\u00e7\u00e3o, o Meetgle oferece algo especial? Ou \u00e9 apenas mais um clone gen\u00e9rico?<\/p>\n<p>Nesta an\u00e1lise detalhada, exploraremos exatamente o que \u00e9 o Meetgle, como ele funciona, quais recursos oferece, quem o utiliza e como ele se compara a outras plataformas.<\/p>\n<h2>O que \u00e9 Meetgle?<\/h2>\n<p>O Meetgle \u00e9 um site gratuito e an\u00f4nimo de bate-papo por v\u00eddeo que conecta usu\u00e1rios aleatoriamente em conversas individuais pela webcam. Assim como o extinto Omegle, voc\u00ea n\u00e3o precisa se registrar nem instalar nada. Basta acessar o site, clicar em \"Start Chat\" (Iniciar bate-papo) e voc\u00ea ser\u00e1 conectado a um desconhecido.<\/p>\n<p>A plataforma \u00e9 compat\u00edvel com os modos de bate-papo por v\u00eddeo e texto e oferece uma maneira r\u00e1pida e sem atritos de interagir com pessoas de todo o mundo. Seja para paquerar, fazer amigos, praticar um idioma ou apenas rir com algu\u00e9m aleat\u00f3rio, a Meetgle oferece uma porta de entrada r\u00e1pida para uma conex\u00e3o humana espont\u00e2nea.<\/p>\n<h2>Qual \u00e9 o objetivo da Meetgle?<\/h2>\n<p>O objetivo principal do Meetgle \u00e9 recriar a experi\u00eancia original do Omegle: bate-papos r\u00e1pidos e an\u00f4nimos com estranhos via webcam ou texto. Ele elimina perfis, logins e feeds sociais, mantendo as coisas simples e sem filtros.<\/p>\n<p>Ele foi projetado para:<\/p>\n<ul>\n<li>Usu\u00e1rios em busca de conversas casuais e n\u00e3o estruturadas<\/li>\n<li>Pessoas que gostam de experi\u00eancias aleat\u00f3rias de bate-papo por v\u00eddeo<\/li>\n<li>Quem sente falta do antigo formato Omegle<\/li>\n<li>Viajantes ou estudantes de idiomas que desejam <a href=\"https:\/\/strangercam.com\/pt-br\/coomeet\/\">conhecer<\/a> pessoas em todo o mundo<\/li>\n<\/ul>\n<p>N\u00e3o h\u00e1 press\u00e3o para permanecer conectado, n\u00e3o h\u00e1 transmiss\u00e3o p\u00fablica e n\u00e3o h\u00e1 necessidade de revelar detalhes pessoais. O objetivo \u00e9 a intera\u00e7\u00e3o em tempo real, um a um, cara a cara - crua, n\u00e3o editada e sem script.<\/p>\n<h2>Principais recursos<\/h2>\n<p>1. Bate-papo por v\u00eddeo aleat\u00f3rio<br \/>\nO principal recurso da Meetgle \u00e9 o bate-papo por v\u00eddeo instant\u00e2neo, c\u00e2mera a c\u00e2mera. Com um clique, voc\u00ea se conecta a algu\u00e9m novo. A correspond\u00eancia \u00e9 aleat\u00f3ria e a experi\u00eancia \u00e9 privada. N\u00e3o h\u00e1 p\u00fablico, nem algoritmo - apenas uma pessoa na frente de outra, conectada pela webcam.<\/p>\n<p>2. Modo de bate-papo por texto<br \/>\nN\u00e3o est\u00e1 pronto para o v\u00eddeo? Voc\u00ea pode alternar para o modo somente texto a qualquer momento. Essa op\u00e7\u00e3o \u00e9 excelente para usu\u00e1rios t\u00edmidos, situa\u00e7\u00f5es de baixa largura de banda ou para aqueles que preferem digitar para participar de conversas.<\/p>\n<p>3. An\u00f4nimo e sem registro<br \/>\nO Meetgle n\u00e3o requer registro, login ou e-mail para ser usado. Ele n\u00e3o armazena o hist\u00f3rico de bate-papo nem solicita dados pessoais. Os usu\u00e1rios podem entrar, conversar e sair de forma totalmente an\u00f4nima.<\/p>\n<p>4. Bot\u00f5es Skip e Next<br \/>\nSe n\u00e3o estiver gostando de uma conversa, basta clicar em \"Next\" para se conectar instantaneamente a outra pessoa. Esse recurso \u00e9 r\u00e1pido e \u00e1gil, facilitando a navega\u00e7\u00e3o entre os usu\u00e1rios at\u00e9 encontrar algu\u00e9m interessante.<\/p>\n<p>5. Acesso global<br \/>\nO Meetgle conecta usu\u00e1rios de todo o mundo. N\u00e3o h\u00e1 restri\u00e7\u00f5es regionais e voc\u00ea pode conversar com pessoas de qualquer pa\u00eds, o que o torna ideal para interc\u00e2mbio cultural ou simplesmente para ampliar sua perspectiva.<\/p>\n<p>6. Suporte m\u00f3vel<br \/>\nEmbora o Meetgle n\u00e3o tenha um aplicativo dedicado, o site \u00e9 compat\u00edvel com dispositivos m\u00f3veis e funciona na maioria dos navegadores de smartphones modernos. A experi\u00eancia \u00e9 melhor no desktop, mas os usu\u00e1rios m\u00f3veis ainda podem acessar os recursos completos de bate-papo por v\u00eddeo e texto.<\/p>\n<p>7. N\u00e3o \u00e9 necess\u00e1rio fazer download<br \/>\nTudo \u00e9 executado no navegador. Voc\u00ea n\u00e3o precisa instalar nenhum software ou extens\u00e3o. Desde que tenha uma webcam, um microfone e um navegador, voc\u00ea est\u00e1 pronto para come\u00e7ar.<\/p>\n<h2>A Meetgle \u00e9 gratuita?<\/h2>\n<p>Sim, o Meetgle \u00e9 totalmente gratuito. Existem:<\/p>\n<ul>\n<li>Sem contas premium<\/li>\n<li>Sem tokens ou cr\u00e9ditos<\/li>\n<li>Sem paywalls ou custos ocultos<\/li>\n<\/ul>\n<p>Todos os usu\u00e1rios t\u00eam o mesmo acesso aos recursos de bate-papo por v\u00eddeo e texto sem pagar um centavo. O Meetgle pode exibir an\u00fancios para cobrir os custos operacionais, mas, no momento em que este artigo foi escrito, a plataforma continua gratuita e relativamente organizada.<\/p>\n<h2>Quem usa a Meetgle?<\/h2>\n<p>A base de usu\u00e1rios da Meetgle \u00e9 global e diversificada, mas tende a seguir os padr\u00f5es observados no espa\u00e7o de bate-papo aleat\u00f3rio:<\/p>\n<ul>\n<li>Idades: Principalmente de 18 a 35 anos<\/li>\n<li>G\u00eanero: Principalmente homens, com usu\u00e1rios do sexo feminino recebendo mais solicita\u00e7\u00f5es de bate-papo<\/li>\n<li>Locais: Forte atividade nos Estados Unidos, na \u00cdndia, na Alemanha, no Brasil e no Reino Unido<\/li>\n<li>Inten\u00e7\u00e3o: Uma mistura de conversa casual, flerte e curiosidade social<\/li>\n<\/ul>\n<p>A plataforma atrai pessoas que:<\/p>\n<ul>\n<li>Senhorita Omegle ou Chatroulette<\/li>\n<li>Aproveite o bate-papo por v\u00eddeo espont\u00e2neo e sem filtros<\/li>\n<li>N\u00e3o deseja se registrar ou criar perfis<\/li>\n<li>Gosta da emo\u00e7\u00e3o da intera\u00e7\u00e3o social imprevis\u00edvel<\/li>\n<\/ul>\n<p>Como n\u00e3o h\u00e1 login, \u00e9 imposs\u00edvel criar seguidores, adicionar amigos ou retornar a partidas anteriores. Cada sess\u00e3o \u00e9 tempor\u00e1ria, o que aumenta o apelo para os usu\u00e1rios que buscam uma fuga tempor\u00e1ria ou uma intera\u00e7\u00e3o leve.<\/p>\n<h2>Seguran\u00e7a, privacidade e modera\u00e7\u00e3o<\/h2>\n<p>Como em qualquer plataforma de bate-papo por v\u00eddeo an\u00f4nimo, a seguran\u00e7a \u00e9 uma preocupa\u00e7\u00e3o, e o Meetgle faz um esfor\u00e7o, embora n\u00e3o seja perfeito.<\/p>\n<h3>Privacidade<\/h3>\n<ul>\n<li>N\u00e3o \u00e9 necess\u00e1rio registro<\/li>\n<li>Nenhuma informa\u00e7\u00e3o pessoal \u00e9 coletada<\/li>\n<li>Os bate-papos n\u00e3o s\u00e3o salvos ou gravados<\/li>\n<li>Voc\u00ea pode sair de uma sess\u00e3o a qualquer momento<\/li>\n<\/ul>\n<h3>Modera\u00e7\u00e3o<\/h3>\n<ul>\n<li>Bot\u00e3o Denunciar dispon\u00edvel para sinalizar conte\u00fado inadequado<\/li>\n<li>A detec\u00e7\u00e3o de nudez baseada em IA ajuda a limitar o conte\u00fado adulto<\/li>\n<li>Podem ocorrer banimentos aleat\u00f3rios ou shadowbans por viola\u00e7\u00f5es de regras<\/li>\n<\/ul>\n<p>Dito isso, a modera\u00e7\u00e3o \u00e9 principalmente reativa. Embora a plataforma use alguma varredura automatizada e revis\u00e3o manual, os usu\u00e1rios ainda podem encontrar nudez, ass\u00e9dio ou trollagem, especialmente fora do hor\u00e1rio de pico.<\/p>\n<p>Os usu\u00e1rios s\u00e3o fortemente aconselhados a:<\/p>\n<ul>\n<li>Evite compartilhar qualquer informa\u00e7\u00e3o pessoal<\/li>\n<li>Use os recursos \"Report\" e \"Next\" livremente<\/li>\n<li>Bate-papo em ambientes p\u00fablicos ou monitorados<\/li>\n<li>Seja cauteloso ao conversar por meio de dados m\u00f3veis ou Wi-Fi p\u00fablico<\/li>\n<\/ul>\n<h2>Experi\u00eancia e interface do usu\u00e1rio<\/h2>\n<p>O Meetgle oferece um design muito simples e intuitivo. N\u00e3o h\u00e1 curva de aprendizado. Ao acessar a p\u00e1gina inicial, voc\u00ea \u00e9 recebido com um grande bot\u00e3o \"Start\" (Iniciar) e, em segundos, j\u00e1 est\u00e1 em um bate-papo.<\/p>\n<p>Principais aspectos do projeto:<\/p>\n<ul>\n<li>Grandes janelas de v\u00eddeo<\/li>\n<li>Caixa de bate-papo simples para digita\u00e7\u00e3o<\/li>\n<li>Bot\u00f5es para iniciar, pr\u00f3ximo, mudo e relat\u00f3rio<\/li>\n<li>Nenhum an\u00fancio interrompendo a tela principal (at\u00e9 o momento)<\/li>\n<\/ul>\n<p>O tempo de carregamento \u00e9 r\u00e1pido, as transi\u00e7\u00f5es s\u00e3o suaves e a qualidade do v\u00eddeo \u00e9 decente, desde que sua conex\u00e3o seja est\u00e1vel.<\/p>\n<p>Embora a plataforma n\u00e3o tenha uma interface de usu\u00e1rio moderna e polida ou uma marca, seu estilo simples na verdade funciona a seu favor. Ele sai do caminho e permite que os usu\u00e1rios se concentrem na conversa.<\/p>\n<h2>Meetgle vs. outros sites de bate-papo por v\u00eddeo<\/h2>\n<p>Vamos ver como o Meetgle se compara a algumas alternativas populares:<\/p>\n<table>\n<thead>\n<tr>\n<th>Recurso<\/th>\n<th>Meetgle<\/th>\n<th>Omegle (j\u00e1 encerrado)<\/th>\n<th>Chatroulette<\/th>\n<th>Chatrandom<\/th>\n<th>Emerald Chat<\/th>\n<\/tr>\n<\/thead>\n<tbody>\n<tr>\n<td>Random Video Chat com Estranhos<\/td>\n<td>Sim<\/td>\n<td>Sim<\/td>\n<td>Sim<\/td>\n<td>Sim<\/td>\n<td>Sim<\/td>\n<\/tr>\n<tr>\n<td>Op\u00e7\u00e3o de bate-papo por texto<\/td>\n<td>Sim<\/td>\n<td>Sim<\/td>\n<td>N\u00e3o<\/td>\n<td>Sim<\/td>\n<td>Sim<\/td>\n<\/tr>\n<tr>\n<td>Registro obrigat\u00f3rio<\/td>\n<td>N\u00e3o<\/td>\n<td>N\u00e3o<\/td>\n<td>N\u00e3o<\/td>\n<td>Opcional<\/td>\n<td>Sim<\/td>\n<\/tr>\n<tr>\n<td>Filtro de g\u00eanero<\/td>\n<td>N\u00e3o<\/td>\n<td>N\u00e3o (pago posteriormente)<\/td>\n<td>N\u00e3o<\/td>\n<td>Pago<\/td>\n<td>Sim<\/td>\n<\/tr>\n<tr>\n<td>Otimiza\u00e7\u00e3o de dispositivos m\u00f3veis<\/td>\n<td>Moderado<\/td>\n<td>Ruim<\/td>\n<td>Ruim<\/td>\n<td>Excelente<\/td>\n<td>Bom<\/td>\n<\/tr>\n<tr>\n<td>Ferramentas de modera\u00e7\u00e3o<\/td>\n<td>B\u00e1sico<\/td>\n<td>M\u00ednimo<\/td>\n<td>Fraco<\/td>\n<td>Moderado<\/td>\n<td>Forte<\/td>\n<\/tr>\n<tr>\n<td>Gratuito para uso<\/td>\n<td>Sim<\/td>\n<td>Sim<\/td>\n<td>Sim<\/td>\n<td>Sim\/Pago<\/td>\n<td>Sim<\/td>\n<\/tr>\n<\/tbody>\n<\/table>\n<p>Resumo: O Meetgle oferece a experi\u00eancia atual mais pr\u00f3xima do Omegle original - bate-papo por v\u00eddeo r\u00e1pido, gratuito e an\u00f4nimo - mas com suporte m\u00f3vel um pouco melhor e modera\u00e7\u00e3o mais leve.<\/p>\n<h2>Pr\u00f3s e contras<\/h2>\n<p>Pr\u00f3s:<\/p>\n<ul>\n<li>100% gratuito e an\u00f4nimo<\/li>\n<li>N\u00e3o \u00e9 necess\u00e1rio registro ou download<\/li>\n<li>F\u00e1cil de usar, r\u00e1pido para carregar<\/li>\n<li>Modos de texto e v\u00eddeo dispon\u00edveis<\/li>\n<li>Funciona em computadores e celulares<\/li>\n<li>A alternativa mais pr\u00f3xima da experi\u00eancia cl\u00e1ssica do Omegle<\/li>\n<\/ul>\n<p>Contras:<\/p>\n<ul>\n<li>Modera\u00e7\u00e3o m\u00ednima - ainda h\u00e1 algum conte\u00fado inadequado<\/li>\n<li>Sem filtros de g\u00eanero ou interesse<\/li>\n<li>N\u00e3o h\u00e1 como se reconectar com usu\u00e1rios anteriores<\/li>\n<li>Interface b\u00e1sica, sem contas de usu\u00e1rio ou recursos sociais<\/li>\n<li>Comportamento ocasional de bots ou spam<\/li>\n<\/ul>\n<h2>Casos de uso ideais<\/h2>\n<p>A Meetgle \u00e9 ideal para:<\/p>\n<ul>\n<li>Usu\u00e1rios que sentem falta do Omegle e querem um substituto semelhante<\/li>\n<li>Pessoas que desejam conversar aleatoriamente com estranhos sem fazer login<\/li>\n<li>Conversa casual e an\u00f4nima e entretenimento social<\/li>\n<li>Intera\u00e7\u00f5es r\u00e1pidas e sem press\u00e3o via webcam ou texto<\/li>\n<\/ul>\n<p>N\u00e3o \u00e9 ideal para:<\/p>\n<p>Usu\u00e1rios que desejam op\u00e7\u00f5es de filtragem ou conex\u00f5es de longo prazo<\/p>\n<p>Aqueles que buscam experi\u00eancias de namoro ou de correspond\u00eancia com curadoria<\/p>\n<p>Pessoas que n\u00e3o se sentem \u00e0 vontade com conte\u00fado potencialmente n\u00e3o moderado<\/p>\n<p>Usu\u00e1rios em busca de aplicativos m\u00f3veis ou recursos premium<\/p>\n<h2>Veredicto final<\/h2>\n<p>O Meetgle \u00e9 uma das plataformas mais diretas e eficazes do tipo Omegle ainda em funcionamento. Ele n\u00e3o tenta ser um aplicativo de namoro, uma plataforma de streaming ou uma rede social - \u00e9 apenas um bate-papo por v\u00eddeo r\u00e1pido e an\u00f4nimo. Essa simplicidade \u00e9 seu ponto forte.<\/p>\n<p>Embora a falta de modera\u00e7\u00e3o e filtragem possa ser um ponto negativo, a plataforma continua sendo uma das coisas mais pr\u00f3ximas da experi\u00eancia original do Omegle. Para usu\u00e1rios que valorizam a velocidade, o anonimato e a espontaneidade, vale a pena conferir o Meetgle.<\/p>\n<p>Se estiver procurando uma alternativa para a aleatoriedade ca\u00f3tica do Chatroulette ou para a monetiza\u00e7\u00e3o excessiva do Chatspin, o Meetgle \u00e9 um bom meio-termo: leve, gratuito e surpreendentemente divertido.<\/p>","protected":false},"excerpt":{"rendered":"<p>With Omegle now shut down and Chatroulette a shadow of its former self, a growing number of platforms have emerged to fill the gap in the random video chat space. One of those is Meetgle \u2014 a free, browser-based cam-to-cam chat site designed to connect you instantly with strangers from around the world. Touted as [&hellip;]<\/p>\n","protected":false},"author":6,"featured_media":0,"parent":0,"menu_order":0,"comment_status":"closed","ping_status":"closed","template":"","meta":{"footnotes":""},"class_list":["post-12842","page","type-page","status-publish","hentry"],"yoast_head":"<!-- This site is optimized with the Yoast SEO plugin v27.4 - https:\/\/yoast.com\/product\/yoast-seo-wordpress\/ -->\n<title>Meetgle - Alternative Random Video Chat on StrangerCam.com<\/title>\n<meta name=\"description\" content=\"Like Meetgle? Come chat with more than 5.000.000 strangers on Stranger Cam for Free! Turn on your cam and find new friends &amp; maby a match!\" \/>\n<meta name=\"robots\" content=\"index, follow, max-snippet:-1, max-image-preview:large, max-video-preview:-1\" \/>\n<link rel=\"canonical\" href=\"https:\/\/strangercam.com\/pt-br\/meetgle\/\" \/>\n<meta property=\"og:locale\" content=\"pt_BR\" \/>\n<meta property=\"og:type\" content=\"article\" \/>\n<meta property=\"og:title\" content=\"Meetgle - Alternative Random Video Chat on StrangerCam.com\" \/>\n<meta property=\"og:description\" content=\"Like Meetgle? Come chat with more than 5.000.000 strangers on Stranger Cam for Free! Turn on your cam and find new friends &amp; maby a match!\" \/>\n<meta property=\"og:url\" content=\"https:\/\/strangercam.com\/pt-br\/meetgle\/\" \/>\n<meta property=\"og:site_name\" content=\"Strangercam\" \/>\n<meta property=\"article:publisher\" content=\"https:\/\/www.facebook.com\/strangercam\" \/>\n<meta property=\"article:modified_time\" content=\"2025-05-14T07:42:02+00:00\" \/>\n<meta property=\"og:image\" content=\"https:\/\/strangercam.com\/wp-content\/uploads\/2021\/10\/Untitled-2.png\" \/>\n\t<meta property=\"og:image:width\" content=\"800\" \/>\n\t<meta property=\"og:image:height\" content=\"532\" \/>\n\t<meta property=\"og:image:type\" content=\"image\/png\" \/>\n<meta name=\"twitter:card\" content=\"summary_large_image\" \/>\n<meta name=\"twitter:site\" content=\"@strangercamapp\" \/>\n<meta name=\"twitter:label1\" content=\"Est. tempo de leitura\" \/>\n\t<meta name=\"twitter:data1\" content=\"6 minutos\" \/>\n<script type=\"application\/ld+json\" class=\"yoast-schema-graph\">{\"@context\":\"https:\\\/\\\/schema.org\",\"@graph\":[{\"@type\":\"WebPage\",\"@id\":\"https:\\\/\\\/strangercam.com\\\/meetgle\\\/\",\"url\":\"https:\\\/\\\/strangercam.com\\\/meetgle\\\/\",\"name\":\"Meetgle - Alternative Random Video Chat on StrangerCam.com\",\"isPartOf\":{\"@id\":\"https:\\\/\\\/strangercam.com\\\/#website\"},\"datePublished\":\"2025-05-14T07:40:39+00:00\",\"dateModified\":\"2025-05-14T07:42:02+00:00\",\"description\":\"Like Meetgle? Come chat with more than 5.000.000 strangers on Stranger Cam for Free! Turn on your cam and find new friends & maby a match!\",\"breadcrumb\":{\"@id\":\"https:\\\/\\\/strangercam.com\\\/meetgle\\\/#breadcrumb\"},\"inLanguage\":\"pt-BR\",\"potentialAction\":[{\"@type\":\"ReadAction\",\"target\":[\"https:\\\/\\\/strangercam.com\\\/meetgle\\\/\"]}]},{\"@type\":\"BreadcrumbList\",\"@id\":\"https:\\\/\\\/strangercam.com\\\/meetgle\\\/#breadcrumb\",\"itemListElement\":[{\"@type\":\"ListItem\",\"position\":1,\"name\":\"Home\",\"item\":\"https:\\\/\\\/strangercam.com\\\/\"},{\"@type\":\"ListItem\",\"position\":2,\"name\":\"Meetgle\"}]},{\"@type\":\"WebSite\",\"@id\":\"https:\\\/\\\/strangercam.com\\\/#website\",\"url\":\"https:\\\/\\\/strangercam.com\\\/\",\"name\":\"Strangercam\",\"description\":\"Random Video Chat with Strangers\",\"publisher\":{\"@id\":\"https:\\\/\\\/strangercam.com\\\/#organization\"},\"alternateName\":\"Strangercam.com\",\"potentialAction\":[{\"@type\":\"SearchAction\",\"target\":{\"@type\":\"EntryPoint\",\"urlTemplate\":\"https:\\\/\\\/strangercam.com\\\/?s={search_term_string}\"},\"query-input\":{\"@type\":\"PropertyValueSpecification\",\"valueRequired\":true,\"valueName\":\"search_term_string\"}}],\"inLanguage\":\"pt-BR\"},{\"@type\":\"Organization\",\"@id\":\"https:\\\/\\\/strangercam.com\\\/#organization\",\"name\":\"Strangercam\",\"alternateName\":\"Strangercam.com\",\"url\":\"https:\\\/\\\/strangercam.com\\\/\",\"logo\":{\"@type\":\"ImageObject\",\"inLanguage\":\"pt-BR\",\"@id\":\"https:\\\/\\\/strangercam.com\\\/#\\\/schema\\\/logo\\\/image\\\/\",\"url\":\"https:\\\/\\\/strangercam.com\\\/wp-content\\\/uploads\\\/2020\\\/11\\\/cropped-new-favicon-black.png\",\"contentUrl\":\"https:\\\/\\\/strangercam.com\\\/wp-content\\\/uploads\\\/2020\\\/11\\\/cropped-new-favicon-black.png\",\"width\":512,\"height\":512,\"caption\":\"Strangercam\"},\"image\":{\"@id\":\"https:\\\/\\\/strangercam.com\\\/#\\\/schema\\\/logo\\\/image\\\/\"},\"sameAs\":[\"https:\\\/\\\/www.facebook.com\\\/strangercam\",\"https:\\\/\\\/x.com\\\/strangercamapp\"]}]}<\/script>\n<!-- \/ Yoast SEO plugin. -->","yoast_head_json":{"title":"Meetgle - Bate-papo por v\u00eddeo aleat\u00f3rio alternativo em StrangerCam.com","description":"Gosta do Meetgle? Venha conversar com mais de 5.000.000 de desconhecidos no Stranger Cam gratuitamente! Ligue sua c\u00e2mera e encontre novos amigos e talvez um par!","robots":{"index":"index","follow":"follow","max-snippet":"max-snippet:-1","max-image-preview":"max-image-preview:large","max-video-preview":"max-video-preview:-1"},"canonical":"https:\/\/strangercam.com\/pt-br\/meetgle\/","og_locale":"pt_BR","og_type":"article","og_title":"Meetgle - Alternative Random Video Chat on StrangerCam.com","og_description":"Like Meetgle? Come chat with more than 5.000.000 strangers on Stranger Cam for Free! Turn on your cam and find new friends & maby a match!","og_url":"https:\/\/strangercam.com\/pt-br\/meetgle\/","og_site_name":"Strangercam","article_publisher":"https:\/\/www.facebook.com\/strangercam","article_modified_time":"2025-05-14T07:42:02+00:00","og_image":[{"width":800,"height":532,"url":"https:\/\/strangercam.com\/wp-content\/uploads\/2021\/10\/Untitled-2.png","type":"image\/png"}],"twitter_card":"summary_large_image","twitter_site":"@strangercamapp","twitter_misc":{"Est. tempo de leitura":"6 minutos"},"schema":{"@context":"https:\/\/schema.org","@graph":[{"@type":"WebPage","@id":"https:\/\/strangercam.com\/meetgle\/","url":"https:\/\/strangercam.com\/meetgle\/","name":"Meetgle - Bate-papo por v\u00eddeo aleat\u00f3rio alternativo em StrangerCam.com","isPartOf":{"@id":"https:\/\/strangercam.com\/#website"},"datePublished":"2025-05-14T07:40:39+00:00","dateModified":"2025-05-14T07:42:02+00:00","description":"Gosta do Meetgle? Venha conversar com mais de 5.000.000 de desconhecidos no Stranger Cam gratuitamente! Ligue sua c\u00e2mera e encontre novos amigos e talvez um par!","breadcrumb":{"@id":"https:\/\/strangercam.com\/meetgle\/#breadcrumb"},"inLanguage":"pt-BR","potentialAction":[{"@type":"ReadAction","target":["https:\/\/strangercam.com\/meetgle\/"]}]},{"@type":"BreadcrumbList","@id":"https:\/\/strangercam.com\/meetgle\/#breadcrumb","itemListElement":[{"@type":"ListItem","position":1,"name":"Home","item":"https:\/\/strangercam.com\/"},{"@type":"ListItem","position":2,"name":"Meetgle"}]},{"@type":"WebSite","@id":"https:\/\/strangercam.com\/#website","url":"https:\/\/strangercam.com\/","name":"Strangercam","description":"Bate-papo por v\u00eddeo aleat\u00f3rio com estranhos","publisher":{"@id":"https:\/\/strangercam.com\/#organization"},"alternateName":"Strangercam.com","potentialAction":[{"@type":"SearchAction","target":{"@type":"EntryPoint","urlTemplate":"https:\/\/strangercam.com\/?s={search_term_string}"},"query-input":{"@type":"PropertyValueSpecification","valueRequired":true,"valueName":"search_term_string"}}],"inLanguage":"pt-BR"},{"@type":"Organization","@id":"https:\/\/strangercam.com\/#organization","name":"Strangercam","alternateName":"Strangercam.com","url":"https:\/\/strangercam.com\/","logo":{"@type":"ImageObject","inLanguage":"pt-BR","@id":"https:\/\/strangercam.com\/#\/schema\/logo\/image\/","url":"https:\/\/strangercam.com\/wp-content\/uploads\/2020\/11\/cropped-new-favicon-black.png","contentUrl":"https:\/\/strangercam.com\/wp-content\/uploads\/2020\/11\/cropped-new-favicon-black.png","width":512,"height":512,"caption":"Strangercam"},"image":{"@id":"https:\/\/strangercam.com\/#\/schema\/logo\/image\/"},"sameAs":["https:\/\/www.facebook.com\/strangercam","https:\/\/x.com\/strangercamapp"]}]}},"_links":{"self":[{"href":"https:\/\/strangercam.com\/pt-br\/wp-json\/wp\/v2\/pages\/12842","targetHints":{"allow":["GET"]}}],"collection":[{"href":"https:\/\/strangercam.com\/pt-br\/wp-json\/wp\/v2\/pages"}],"about":[{"href":"https:\/\/strangercam.com\/pt-br\/wp-json\/wp\/v2\/types\/page"}],"author":[{"embeddable":true,"href":"https:\/\/strangercam.com\/pt-br\/wp-json\/wp\/v2\/users\/6"}],"replies":[{"embeddable":true,"href":"https:\/\/strangercam.com\/pt-br\/wp-json\/wp\/v2\/comments?post=12842"}],"version-history":[{"count":2,"href":"https:\/\/strangercam.com\/pt-br\/wp-json\/wp\/v2\/pages\/12842\/revisions"}],"predecessor-version":[{"id":12844,"href":"https:\/\/strangercam.com\/pt-br\/wp-json\/wp\/v2\/pages\/12842\/revisions\/12844"}],"wp:attachment":[{"href":"https:\/\/strangercam.com\/pt-br\/wp-json\/wp\/v2\/media?parent=12842"}],"curies":[{"name":"wp","href":"https:\/\/api.w.org\/{rel}","templated":true}]}}