{"id":12836,"date":"2025-05-14T09:31:13","date_gmt":"2025-05-14T07:31:13","guid":{"rendered":"https:\/\/strangercam.com\/?page_id=12836"},"modified":"2025-05-14T09:31:13","modified_gmt":"2025-05-14T07:31:13","slug":"omgchat","status":"publish","type":"page","link":"https:\/\/strangercam.com\/pt-br\/omgchat\/","title":{"rendered":"OMGchat"},"content":{"rendered":"<p>Em um mar de plataformas de bate-papo por v\u00eddeo em constante evolu\u00e7\u00e3o, alguns nomes conseguiram se manter gra\u00e7as \u00e0 sua simplicidade, base de usu\u00e1rios de longa data e abordagem direta. O OMGChat \u00e9 uma dessas plataformas. Embora possa n\u00e3o ter o mesmo impacto que os aplicativos mais recentes, como o Chatspin ou o Bigo Live, ele manteve discretamente uma comunidade fiel e continua a oferecer uma maneira f\u00e1cil de <a href=\"https:\/\/strangercam.com\/pt-br\/coomeet\/\">conhecer<\/a> pessoas via webcam.<\/p>\n<p>Mas em 2025, com tantas alternativas modernas, o OMGChat ainda \u00e9 relevante? O que ele oferece exatamente e, o mais importante, vale seu tempo?<\/p>\n<p>Nesta an\u00e1lise completa, exploraremos os recursos, a experi\u00eancia do usu\u00e1rio, o p\u00fablico, os pr\u00f3s e os contras e como o OMGChat se compara \u00e0s principais plataformas de bate-papo por v\u00eddeo da atualidade.<\/p>\n<h2>O que \u00e9 o OMGChat?<\/h2>\n<p>O OMGChat \u00e9 um site gratuito de bate-papo com v\u00eddeo baseado em webcam que permite que os usu\u00e1rios participem de salas de bate-papo p\u00fablicas ou de conversas individuais privadas. Ao contr\u00e1rio de plataformas de bate-papo por v\u00eddeo puramente aleat\u00f3rias, como <a href=\"https:\/\/strangercam.com\/pt-br\/omegle\/\">Omegle<\/a> ou <a href=\"https:\/\/strangercam.com\/pt-br\/chatroulette\/\">Chatroulette<\/a>, O OMGChat usa um sistema baseado em salas, semelhante ao do in\u00edcio dos anos 2000 <a href=\"https:\/\/strangercam.com\/pt-br\/bazoocam\/\">c\u00e2mera<\/a> onde os usu\u00e1rios podem navegar por categorias, entrar em salas com base em interesses ou g\u00eanero e visualizar v\u00e1rias c\u00e2meras ao mesmo tempo.<\/p>\n<p>Lan\u00e7ado no in\u00edcio da d\u00e9cada de 2010, o OMGChat foi criado para usu\u00e1rios que buscam mais controle do que o que a correspond\u00eancia aleat\u00f3ria oferece. Embora n\u00e3o tenha mudado muito em termos de design ou funcionalidade, ele continua popular entre os usu\u00e1rios que gostam de um relacionamento mais tradicional. <a href=\"https:\/\/strangercam.com\/pt-br\/cam-to-cam-chat\/\">bate-papo com c\u00e2mera<\/a> ambientes.<\/p>\n<h2>Qual \u00e9 o objetivo do OMGChat?<\/h2>\n<p>O OMGChat tem como objetivo criar uma experi\u00eancia de bate-papo voltada para a comunidade e focada na webcam, na qual os usu\u00e1rios podem navegar por v\u00e1rias c\u00e2meras ao vivo, entrar em salas de bate-papo baseadas em t\u00f3picos e iniciar chamadas de v\u00eddeo privadas com os usu\u00e1rios que escolherem. Trata-se menos de aleatoriedade e mais de socializa\u00e7\u00e3o em espa\u00e7os virtuais.<\/p>\n<p>A plataforma \u00e9 destinada a:<\/p>\n<ul>\n<li>Pessoas que gostam de salas de bate-papo com webcam da velha guarda<\/li>\n<li>Usu\u00e1rios que desejam navegar e escolher com quem falar<\/li>\n<li>F\u00e3s de bate-papo por v\u00eddeo voltado para a comunidade com controle do usu\u00e1rio<\/li>\n<li>Indiv\u00edduos que buscam amizades casuais on-line ou paqueras em um formato menos ca\u00f3tico do que a correspond\u00eancia aleat\u00f3ria<\/li>\n<\/ul>\n<p>O OMGChat fica entre as comunidades cl\u00e1ssicas de c\u00e2meras e as modernas ferramentas de bate-papo por v\u00eddeo. Ele n\u00e3o incentiva o namoro, n\u00e3o torna a experi\u00eancia mais divertida e n\u00e3o enfatiza os algoritmos. Em vez disso, ele oferece um estilo mais org\u00e2nico, baseado em salas, para conhecer novas pessoas.<\/p>\n<h2>Principais recursos<\/h2>\n<p>1. Salas de bate-papo com webcam<br \/>\nOs usu\u00e1rios podem entrar em v\u00e1rias salas de bate-papo, muitas das quais s\u00e3o organizadas por g\u00eanero (por exemplo, \"Somente homens\", \"Somente meninas\", \"Casais\"), local ou interesse. Dentro de cada sala, os usu\u00e1rios aparecem na c\u00e2mera e todos podem ver os feeds de v\u00eddeo uns dos outros, como em um lounge virtual da velha guarda.<\/p>\n<p>2. Bate-papo privado entre c\u00e2meras<br \/>\nAl\u00e9m das salas p\u00fablicas, os usu\u00e1rios podem iniciar chamadas de v\u00eddeo privadas com outras pessoas. Isso permite a intera\u00e7\u00e3o individual sem as distra\u00e7\u00f5es do feed p\u00fablico.<\/p>\n<p>3. Visualiza\u00e7\u00e3o de v\u00e1rias c\u00e2meras<br \/>\nUm dos recursos de destaque do OMGChat \u00e9 a capacidade de visualizar v\u00e1rias c\u00e2meras ao mesmo tempo em formato de grade. \u00c9 poss\u00edvel ver at\u00e9 uma d\u00fazia de pessoas ao mesmo tempo em uma sala e, em seguida, escolher com quem interagir mais diretamente.<\/p>\n<p>4. Integra\u00e7\u00e3o de bate-papo por texto<br \/>\nCada sala tem uma caixa de bate-papo de texto incorporada ao lado do feed de v\u00eddeo. Isso permite que os usu\u00e1rios se comuniquem com todos na sala, enviem mensagens privadas ou simplesmente permane\u00e7am envolvidos sem estarem na c\u00e2mera.<\/p>\n<p>5. Bate-papo com \u00e1udio e microfone<br \/>\nOs usu\u00e1rios tamb\u00e9m podem optar por ativar o bate-papo por voz sem usar a webcam, o que torna a plataforma mais acess\u00edvel para aqueles que preferem n\u00e3o ficar diante da c\u00e2mera o tempo todo.<\/p>\n<p>6. Ferramentas de modera\u00e7\u00e3o de usu\u00e1rios<br \/>\nOs usu\u00e1rios podem bloquear, silenciar ou denunciar outras pessoas por comportamento inadequado. Cada sala tamb\u00e9m tem moderadores que podem remover usu\u00e1rios inconvenientes, garantindo que o ambiente permane\u00e7a relativamente limpo.<\/p>\n<p>7. Design focado em desktop<br \/>\nO OMGChat \u00e9 otimizado principalmente para uso em desktop. N\u00e3o h\u00e1 um aplicativo m\u00f3vel oficial e, embora o site carregue em navegadores m\u00f3veis, a experi\u00eancia completa com v\u00e1rias c\u00e2meras n\u00e3o se adapta bem a telas menores.<\/p>\n<h2>O OMGChat \u00e9 gratuito?<\/h2>\n<p>Sim, o OMGChat \u00e9 totalmente gratuito, sem necessidade de registro nas salas p\u00fablicas. Os usu\u00e1rios podem:<\/p>\n<ul>\n<li>Entre em salas de bate-papo<\/li>\n<li>Assista a v\u00e1rias c\u00e2meras ao vivo<\/li>\n<li>Bate-papo por texto ou microfone<\/li>\n<li>Enviar mensagens privadas<\/li>\n<\/ul>\n<p>No entanto, a plataforma tem um sistema VIP, que oferece vantagens premium, como:<\/p>\n<ul>\n<li>Destaque do perfil<\/li>\n<li>Coloca\u00e7\u00e3o priorit\u00e1ria em salas<\/li>\n<li>Ferramentas avan\u00e7adas de modera\u00e7\u00e3o<\/li>\n<li>Acesso a recursos adicionais ou salas privativas<\/li>\n<\/ul>\n<p>A associa\u00e7\u00e3o VIP \u00e9 totalmente opcional e destina-se principalmente a usu\u00e1rios avan\u00e7ados ou visitantes frequentes.<\/p>\n<h2>Quem usa o OMGChat?<\/h2>\n<p>O OMGChat tem uma base de usu\u00e1rios de longa data, e os dados demogr\u00e1ficos refletem isso. Voc\u00ea encontrar\u00e1:<\/p>\n<ul>\n<li>Adultos de 25 a 45 anos, com muitos usu\u00e1rios que retornam ao longo dos anos<\/li>\n<li>Um p\u00fablico predominantemente masculino, embora sempre haja usu\u00e1rias ativas e casais em salas espec\u00edficas para cada g\u00eanero<\/li>\n<li>Usu\u00e1rios da Am\u00e9rica do Norte, Reino Unido, Austr\u00e1lia e partes da Europa<\/li>\n<\/ul>\n<p>Diferentemente das plataformas mais novas, o OMGChat tem menos usu\u00e1rios adolescentes ou da Gera\u00e7\u00e3o Z, provavelmente devido ao seu design ultrapassado e \u00e0 falta de otimiza\u00e7\u00e3o para dispositivos m\u00f3veis. Ele atrai usu\u00e1rios que j\u00e1 est\u00e3o familiarizados com plataformas de bate-papo baseadas em c\u00e2meras e que buscam uma experi\u00eancia que n\u00e3o envolva deslizar o dedo ou fazer streaming.<\/p>\n<p>O ambiente se inclina para a intera\u00e7\u00e3o social casual e de flerte, mas n\u00e3o \u00e9 t\u00e3o voltado para adultos quanto os sites de c\u00e2meras expl\u00edcitas. O tom est\u00e1 em algum lugar entre um encontro amig\u00e1vel e um bate-papo para maiores de 13 anos.<\/p>\n<h2>Seguran\u00e7a, privacidade e modera\u00e7\u00e3o<\/h2>\n<p>O OMGChat lida com a modera\u00e7\u00e3o via:<\/p>\n<ul>\n<li>Moderadores de sala que podem expulsar ou banir usu\u00e1rios<\/li>\n<li>Ferramentas de relat\u00f3rio e bloqueio de usu\u00e1rios<\/li>\n<li>Um contrato de termos de servi\u00e7o que pro\u00edba nudez, ass\u00e9dio ou conte\u00fado ilegal em salas gerais<\/li>\n<\/ul>\n<p>No entanto, a modera\u00e7\u00e3o depende um pouco da comunidade da sala. Como n\u00e3o h\u00e1 registro de nome real, o anonimato pode levar a comportamentos inadequados ocasionais, especialmente em salas mais ativas.<\/p>\n<p>N\u00e3o h\u00e1 ferramentas sofisticadas de IA ou sistemas de seguran\u00e7a avan\u00e7ados como os vistos no Emerald Chat ou no Yubo. Dito isso, a presen\u00e7a de moderadores vis\u00edveis nas salas ajuda a manter um n\u00edvel b\u00e1sico de ordem.<\/p>\n<p>Os usu\u00e1rios devem:<\/p>\n<ul>\n<li>Evite compartilhar informa\u00e7\u00f5es pessoais<\/li>\n<li>Fique em salas com moderadores ativos<\/li>\n<li>Denunciar qualquer conte\u00fado inadequado<\/li>\n<\/ul>\n<h2>Experi\u00eancia do usu\u00e1rio e design<\/h2>\n<p>\u00c9 nesse ponto que o OMGChat pode dividir opini\u00f5es. A plataforma n\u00e3o passou por uma reformula\u00e7\u00e3o significativa em muitos anos. O layout \u00e9 o mesmo:<\/p>\n<ul>\n<li>Funcional, mas ultrapassado<\/li>\n<li>Mais adequado para uso em desktop com um mouse e teclado<\/li>\n<li>Grande quantidade de layouts no estilo Flash e interfaces no estilo pop-up<\/li>\n<\/ul>\n<p>No entanto, muitos usu\u00e1rios apreciam o charme e a estabilidade da velha guarda. As salas com v\u00e1rias c\u00e2meras em estilo de grade carregam rapidamente e, depois que voc\u00ea se acostuma com a navega\u00e7\u00e3o, a experi\u00eancia \u00e9 tranquila.<\/p>\n<p>Em dispositivos m\u00f3veis, a experi\u00eancia \u00e9 limitada. A plataforma nunca foi projetada tendo em mente os usu\u00e1rios que priorizam os dispositivos m\u00f3veis, e isso \u00e9 vis\u00edvel. Como resultado, o OMGChat \u00e9 melhor aproveitado em um monitor de tela cheia com uma webcam e um microfone.<\/p>\n<h2>OMGChat versus outras plataformas<\/h2>\n<p>Como o OMGChat se compara aos seus concorrentes? Vamos dar uma olhada:<\/p>\n<table>\n<thead>\n<tr>\n<th>Recurso<\/th>\n<th>OMGChat<\/th>\n<th>Omegle<\/th>\n<th>Chatroulette<\/th>\n<th>Emerald Chat<\/th>\n<th>Camfrog<\/th>\n<\/tr>\n<\/thead>\n<tbody>\n<tr>\n<td>Bate-papo em sala<\/td>\n<td>Sim<\/td>\n<td>N\u00e3o<\/td>\n<td>N\u00e3o<\/td>\n<td>N\u00e3o<\/td>\n<td>Sim<\/td>\n<\/tr>\n<tr>\n<td>Visualiza\u00e7\u00e3o de grade de v\u00e1rias c\u00e2meras<\/td>\n<td>Sim<\/td>\n<td>N\u00e3o<\/td>\n<td>N\u00e3o<\/td>\n<td>N\u00e3o<\/td>\n<td>Sim<\/td>\n<\/tr>\n<tr>\n<td>Bate-papo por v\u00eddeo privado<\/td>\n<td>Sim<\/td>\n<td>Sim<\/td>\n<td>Sim<\/td>\n<td>Sim<\/td>\n<td>Sim<\/td>\n<\/tr>\n<tr>\n<td>Perfis de usu\u00e1rio<\/td>\n<td>B\u00e1sico<\/td>\n<td>Nenhum<\/td>\n<td>Nenhum<\/td>\n<td>Completo<\/td>\n<td>Sim<\/td>\n<\/tr>\n<tr>\n<td>Sistema de modera\u00e7\u00e3o<\/td>\n<td>Comunidade<\/td>\n<td>M\u00ednimo<\/td>\n<td>Fraco<\/td>\n<td>Forte<\/td>\n<td>Forte<\/td>\n<\/tr>\n<tr>\n<td>Otimiza\u00e7\u00e3o de dispositivos m\u00f3veis<\/td>\n<td>Ruim<\/td>\n<td>Moderado<\/td>\n<td>Ruim<\/td>\n<td>Bom<\/td>\n<td>Moderado<\/td>\n<\/tr>\n<tr>\n<td>Op\u00e7\u00f5es pagas<\/td>\n<td>VIP<\/td>\n<td>Nenhum<\/td>\n<td>Nenhum<\/td>\n<td>Sim<\/td>\n<td>Sim<\/td>\n<\/tr>\n<\/tbody>\n<\/table>\n<p>Resumo: O OMGChat se destaca para usu\u00e1rios que desejam intera\u00e7\u00e3o baseada em salas com c\u00e2meras vis\u00edveis, mas fica para tr\u00e1s quando se trata de UX moderna ou suporte m\u00f3vel.<\/p>\n<h2>Pr\u00f3s e contras<\/h2>\n<p>Pr\u00f3s:<\/p>\n<ul>\n<li>Acesso gratuito, sem necessidade de registro<\/li>\n<li>Estrutura cl\u00e1ssica de sala de bate-papo com webcam<\/li>\n<li>V\u00e1rias c\u00e2meras vis\u00edveis ao mesmo tempo<\/li>\n<li>Op\u00e7\u00f5es de bate-papo privado e p\u00fablico<\/li>\n<li>Base de usu\u00e1rios leais e recorrentes<\/li>\n<li>A modera\u00e7\u00e3o da sala oferece alguma seguran\u00e7a<\/li>\n<\/ul>\n<p>Contras:<\/p>\n<ul>\n<li>Design e interface do usu\u00e1rio desatualizados<\/li>\n<li>Experi\u00eancia m\u00f3vel ruim<\/li>\n<li>Desequil\u00edbrio de g\u00eanero na maioria das salas<\/li>\n<li>Lacunas ocasionais de modera\u00e7\u00e3o<\/li>\n<li>N\u00e3o \u00e9 ideal para a gera\u00e7\u00e3o Z ou para usu\u00e1rios m\u00f3veis casuais<\/li>\n<\/ul>\n<h2>Casos de uso ideais<\/h2>\n<p>O OMGChat \u00e9 ideal para:<\/p>\n<ul>\n<li>Adultos que gostaram dos primeiros dias das salas de bate-papo com webcam<\/li>\n<li>Usu\u00e1rios que desejam navegar por v\u00e1rias c\u00e2meras antes de escolher com quem conversar<\/li>\n<li>F\u00e3s de ambientes de bate-papo p\u00fablicos e casuais com a op\u00e7\u00e3o de chamadas privadas<\/li>\n<li>Pessoas que buscam mais estrutura do que um bate-papo aleat\u00f3rio, mas menos press\u00e3o do que os aplicativos de namoro<\/li>\n<\/ul>\n<p>N\u00e3o \u00e9 adequado para:<\/p>\n<ul>\n<li>Usu\u00e1rios menores de 18 anos (n\u00e3o permitido)<\/li>\n<li>Pessoas que procuram encontros no estilo swipe ou correspond\u00eancias algor\u00edtmicas<\/li>\n<li>Usu\u00e1rios que priorizam os dispositivos m\u00f3veis ou que buscam uma interface de usu\u00e1rio refinada<\/li>\n<li>Aqueles que n\u00e3o se sentem \u00e0 vontade com a natureza menos filtrada das salas de c\u00e2meras an\u00f4nimas<\/li>\n<\/ul>\n<h2>Veredicto final<\/h2>\n<p>O OMGChat \u00e9 uma op\u00e7\u00e3o s\u00f3lida para usu\u00e1rios que apreciam as tradicionais salas de bate-papo com webcam e desejam ter mais controle sobre com quem interagem. Embora n\u00e3o ofere\u00e7a o design elegante ou a capacidade de resposta m\u00f3vel das plataformas mais novas, ele consegue oferecer uma experi\u00eancia de c\u00e2mera focada e com v\u00e1rios usu\u00e1rios sem a aleatoriedade ou o caos de outros sites de bate-papo com v\u00eddeo gratuitos.<\/p>\n<p>N\u00e3o se trata de uma plataforma que tenta reinventar a roda - e isso \u00e9 parte de seu apelo. Tanto para os usu\u00e1rios fi\u00e9is quanto para os rec\u00e9m-chegados, o OMGChat oferece uma maneira f\u00e1cil e direta de sair, conhecer pessoas e participar de conversas por v\u00eddeo em tempo real com um clima de comunidade.<\/p>\n<p>Se voc\u00ea sente falta das salas com webcam dos prim\u00f3rdios da Internet ou simplesmente deseja explorar uma plataforma com um pouco mais de estrutura do que o Omegle, vale a pena experimentar o OMGChat - apenas certifique-se de estar em um desktop para obter a melhor experi\u00eancia.<\/p>","protected":false},"excerpt":{"rendered":"<p>In a sea of ever-evolving video chat platforms, some names have managed to stick around thanks to their simplicity, long-standing user base, and straightforward approach. OMGChat is one such platform. While it may not have the same buzz as newer apps like Chatspin or Bigo Live, it has quietly sustained a loyal community and continues [&hellip;]<\/p>\n","protected":false},"author":6,"featured_media":0,"parent":0,"menu_order":0,"comment_status":"closed","ping_status":"closed","template":"","meta":{"footnotes":""},"class_list":["post-12836","page","type-page","status-publish","hentry"],"yoast_head":"<!-- This site is optimized with the Yoast SEO plugin v27.4 - https:\/\/yoast.com\/product\/yoast-seo-wordpress\/ -->\n<title>OMGchat - Instant FREE Webcam Chat on StrangerCam.com<\/title>\n<meta name=\"description\" content=\"Like OMGchat? Come chat with more than 5.000.000 strangers on Stranger Cam for Free! Turn on your cam and find new friends &amp; maby a match!\" \/>\n<meta name=\"robots\" content=\"index, follow, max-snippet:-1, max-image-preview:large, max-video-preview:-1\" \/>\n<link rel=\"canonical\" href=\"https:\/\/strangercam.com\/pt-br\/omgchat\/\" \/>\n<meta property=\"og:locale\" content=\"pt_BR\" \/>\n<meta property=\"og:type\" content=\"article\" \/>\n<meta property=\"og:title\" content=\"OMGchat - Instant FREE Webcam Chat on StrangerCam.com\" \/>\n<meta property=\"og:description\" content=\"Like OMGchat? Come chat with more than 5.000.000 strangers on Stranger Cam for Free! Turn on your cam and find new friends &amp; maby a match!\" \/>\n<meta property=\"og:url\" content=\"https:\/\/strangercam.com\/pt-br\/omgchat\/\" \/>\n<meta property=\"og:site_name\" content=\"Strangercam\" \/>\n<meta property=\"article:publisher\" content=\"https:\/\/www.facebook.com\/strangercam\" \/>\n<meta property=\"og:image\" content=\"https:\/\/strangercam.com\/wp-content\/uploads\/2021\/10\/Untitled-2.png\" \/>\n\t<meta property=\"og:image:width\" content=\"800\" \/>\n\t<meta property=\"og:image:height\" content=\"532\" \/>\n\t<meta property=\"og:image:type\" content=\"image\/png\" \/>\n<meta name=\"twitter:card\" content=\"summary_large_image\" \/>\n<meta name=\"twitter:site\" content=\"@strangercamapp\" \/>\n<meta name=\"twitter:label1\" content=\"Est. tempo de leitura\" \/>\n\t<meta name=\"twitter:data1\" content=\"7 minutos\" \/>\n<script type=\"application\/ld+json\" class=\"yoast-schema-graph\">{\"@context\":\"https:\\\/\\\/schema.org\",\"@graph\":[{\"@type\":\"WebPage\",\"@id\":\"https:\\\/\\\/strangercam.com\\\/omgchat\\\/\",\"url\":\"https:\\\/\\\/strangercam.com\\\/omgchat\\\/\",\"name\":\"OMGchat - Instant FREE Webcam Chat on StrangerCam.com\",\"isPartOf\":{\"@id\":\"https:\\\/\\\/strangercam.com\\\/#website\"},\"datePublished\":\"2025-05-14T07:31:13+00:00\",\"description\":\"Like OMGchat? Come chat with more than 5.000.000 strangers on Stranger Cam for Free! Turn on your cam and find new friends & maby a match!\",\"breadcrumb\":{\"@id\":\"https:\\\/\\\/strangercam.com\\\/omgchat\\\/#breadcrumb\"},\"inLanguage\":\"pt-BR\",\"potentialAction\":[{\"@type\":\"ReadAction\",\"target\":[\"https:\\\/\\\/strangercam.com\\\/omgchat\\\/\"]}]},{\"@type\":\"BreadcrumbList\",\"@id\":\"https:\\\/\\\/strangercam.com\\\/omgchat\\\/#breadcrumb\",\"itemListElement\":[{\"@type\":\"ListItem\",\"position\":1,\"name\":\"Home\",\"item\":\"https:\\\/\\\/strangercam.com\\\/\"},{\"@type\":\"ListItem\",\"position\":2,\"name\":\"OMGchat\"}]},{\"@type\":\"WebSite\",\"@id\":\"https:\\\/\\\/strangercam.com\\\/#website\",\"url\":\"https:\\\/\\\/strangercam.com\\\/\",\"name\":\"Strangercam\",\"description\":\"Random Video Chat with Strangers\",\"publisher\":{\"@id\":\"https:\\\/\\\/strangercam.com\\\/#organization\"},\"alternateName\":\"Strangercam.com\",\"potentialAction\":[{\"@type\":\"SearchAction\",\"target\":{\"@type\":\"EntryPoint\",\"urlTemplate\":\"https:\\\/\\\/strangercam.com\\\/?s={search_term_string}\"},\"query-input\":{\"@type\":\"PropertyValueSpecification\",\"valueRequired\":true,\"valueName\":\"search_term_string\"}}],\"inLanguage\":\"pt-BR\"},{\"@type\":\"Organization\",\"@id\":\"https:\\\/\\\/strangercam.com\\\/#organization\",\"name\":\"Strangercam\",\"alternateName\":\"Strangercam.com\",\"url\":\"https:\\\/\\\/strangercam.com\\\/\",\"logo\":{\"@type\":\"ImageObject\",\"inLanguage\":\"pt-BR\",\"@id\":\"https:\\\/\\\/strangercam.com\\\/#\\\/schema\\\/logo\\\/image\\\/\",\"url\":\"https:\\\/\\\/strangercam.com\\\/wp-content\\\/uploads\\\/2020\\\/11\\\/cropped-new-favicon-black.png\",\"contentUrl\":\"https:\\\/\\\/strangercam.com\\\/wp-content\\\/uploads\\\/2020\\\/11\\\/cropped-new-favicon-black.png\",\"width\":512,\"height\":512,\"caption\":\"Strangercam\"},\"image\":{\"@id\":\"https:\\\/\\\/strangercam.com\\\/#\\\/schema\\\/logo\\\/image\\\/\"},\"sameAs\":[\"https:\\\/\\\/www.facebook.com\\\/strangercam\",\"https:\\\/\\\/x.com\\\/strangercamapp\"]}]}<\/script>\n<!-- \/ Yoast SEO plugin. -->","yoast_head_json":{"title":"OMGchat - Bate-papo instant\u00e2neo e gratuito com webcam no StrangerCam.com","description":"Gosta do OMGchat? Venha bater papo com mais de 5.000.000 de estranhos no Stranger Cam de gra\u00e7a! Ligue sua c\u00e2mera e encontre novos amigos e talvez um par!","robots":{"index":"index","follow":"follow","max-snippet":"max-snippet:-1","max-image-preview":"max-image-preview:large","max-video-preview":"max-video-preview:-1"},"canonical":"https:\/\/strangercam.com\/pt-br\/omgchat\/","og_locale":"pt_BR","og_type":"article","og_title":"OMGchat - Instant FREE Webcam Chat on StrangerCam.com","og_description":"Like OMGchat? Come chat with more than 5.000.000 strangers on Stranger Cam for Free! Turn on your cam and find new friends & maby a match!","og_url":"https:\/\/strangercam.com\/pt-br\/omgchat\/","og_site_name":"Strangercam","article_publisher":"https:\/\/www.facebook.com\/strangercam","og_image":[{"width":800,"height":532,"url":"https:\/\/strangercam.com\/wp-content\/uploads\/2021\/10\/Untitled-2.png","type":"image\/png"}],"twitter_card":"summary_large_image","twitter_site":"@strangercamapp","twitter_misc":{"Est. tempo de leitura":"7 minutos"},"schema":{"@context":"https:\/\/schema.org","@graph":[{"@type":"WebPage","@id":"https:\/\/strangercam.com\/omgchat\/","url":"https:\/\/strangercam.com\/omgchat\/","name":"OMGchat - Bate-papo instant\u00e2neo e gratuito com webcam no StrangerCam.com","isPartOf":{"@id":"https:\/\/strangercam.com\/#website"},"datePublished":"2025-05-14T07:31:13+00:00","description":"Gosta do OMGchat? Venha bater papo com mais de 5.000.000 de estranhos no Stranger Cam de gra\u00e7a! Ligue sua c\u00e2mera e encontre novos amigos e talvez um par!","breadcrumb":{"@id":"https:\/\/strangercam.com\/omgchat\/#breadcrumb"},"inLanguage":"pt-BR","potentialAction":[{"@type":"ReadAction","target":["https:\/\/strangercam.com\/omgchat\/"]}]},{"@type":"BreadcrumbList","@id":"https:\/\/strangercam.com\/omgchat\/#breadcrumb","itemListElement":[{"@type":"ListItem","position":1,"name":"Home","item":"https:\/\/strangercam.com\/"},{"@type":"ListItem","position":2,"name":"OMGchat"}]},{"@type":"WebSite","@id":"https:\/\/strangercam.com\/#website","url":"https:\/\/strangercam.com\/","name":"Strangercam","description":"Bate-papo por v\u00eddeo aleat\u00f3rio com estranhos","publisher":{"@id":"https:\/\/strangercam.com\/#organization"},"alternateName":"Strangercam.com","potentialAction":[{"@type":"SearchAction","target":{"@type":"EntryPoint","urlTemplate":"https:\/\/strangercam.com\/?s={search_term_string}"},"query-input":{"@type":"PropertyValueSpecification","valueRequired":true,"valueName":"search_term_string"}}],"inLanguage":"pt-BR"},{"@type":"Organization","@id":"https:\/\/strangercam.com\/#organization","name":"Strangercam","alternateName":"Strangercam.com","url":"https:\/\/strangercam.com\/","logo":{"@type":"ImageObject","inLanguage":"pt-BR","@id":"https:\/\/strangercam.com\/#\/schema\/logo\/image\/","url":"https:\/\/strangercam.com\/wp-content\/uploads\/2020\/11\/cropped-new-favicon-black.png","contentUrl":"https:\/\/strangercam.com\/wp-content\/uploads\/2020\/11\/cropped-new-favicon-black.png","width":512,"height":512,"caption":"Strangercam"},"image":{"@id":"https:\/\/strangercam.com\/#\/schema\/logo\/image\/"},"sameAs":["https:\/\/www.facebook.com\/strangercam","https:\/\/x.com\/strangercamapp"]}]}},"_links":{"self":[{"href":"https:\/\/strangercam.com\/pt-br\/wp-json\/wp\/v2\/pages\/12836","targetHints":{"allow":["GET"]}}],"collection":[{"href":"https:\/\/strangercam.com\/pt-br\/wp-json\/wp\/v2\/pages"}],"about":[{"href":"https:\/\/strangercam.com\/pt-br\/wp-json\/wp\/v2\/types\/page"}],"author":[{"embeddable":true,"href":"https:\/\/strangercam.com\/pt-br\/wp-json\/wp\/v2\/users\/6"}],"replies":[{"embeddable":true,"href":"https:\/\/strangercam.com\/pt-br\/wp-json\/wp\/v2\/comments?post=12836"}],"version-history":[{"count":1,"href":"https:\/\/strangercam.com\/pt-br\/wp-json\/wp\/v2\/pages\/12836\/revisions"}],"predecessor-version":[{"id":12837,"href":"https:\/\/strangercam.com\/pt-br\/wp-json\/wp\/v2\/pages\/12836\/revisions\/12837"}],"wp:attachment":[{"href":"https:\/\/strangercam.com\/pt-br\/wp-json\/wp\/v2\/media?parent=12836"}],"curies":[{"name":"wp","href":"https:\/\/api.w.org\/{rel}","templated":true}]}}