{"id":12830,"date":"2025-05-14T09:17:21","date_gmt":"2025-05-14T07:17:21","guid":{"rendered":"https:\/\/strangercam.com\/?page_id=12830"},"modified":"2025-05-14T09:17:21","modified_gmt":"2025-05-14T07:17:21","slug":"yubo","status":"publish","type":"page","link":"https:\/\/strangercam.com\/pt-br\/yubo\/","title":{"rendered":"Yubo"},"content":{"rendered":"<p>O Yubo \u00e9 descrito por muitos como \"o Tinder encontra o Snapchat\", com uma forte pitada de transmiss\u00e3o ao vivo. O Yubo foi criado para usu\u00e1rios mais jovens - especificamente a Gera\u00e7\u00e3o Z - que desejam se conectar, transmitir e socializar em tempo real com pessoas de todo o mundo.<\/p>\n<p>Quer voc\u00ea a conhe\u00e7a como Yubo, Yubo Live ou yubo.live, a plataforma cresceu rapidamente e se tornou um dos principais aplicativos de descoberta social do mundo. Mas ser\u00e1 que ela \u00e9 segura? Quem realmente a est\u00e1 usando? E como ela se compara a outras plataformas no v\u00eddeo? <a href=\"https:\/\/strangercam.com\/pt-br\/chathub\/\">bate-papo<\/a> e transmiss\u00e3o ao vivo <a href=\"https:\/\/strangercam.com\/pt-br\/mocospace\/\">espa\u00e7o<\/a>?<\/p>\n<p>Nesta an\u00e1lise completa, detalharemos o que \u00e9 o Yubo, quais recursos ele oferece, como funciona, para quem \u00e9 indicado e se vale a pena gastar seu tempo em 2025.<\/p>\n<h2>O que \u00e9 Yubo?<\/h2>\n<p>O Yubo \u00e9 um aplicativo de descoberta social e transmiss\u00e3o ao vivo desenvolvido para jovens (principalmente de 13 a 25 anos) para <a href=\"https:\/\/strangercam.com\/pt-br\/coomeet\/\">conhecer<\/a> novos amigos, participar de transmiss\u00f5es ao vivo em grupo e bater papo por texto ou v\u00eddeo. Foi lan\u00e7ado em 2015 na Fran\u00e7a e, desde ent\u00e3o, tornou-se um sucesso global, com mais de 60 milh\u00f5es de usu\u00e1rios em mais de 140 pa\u00edses.<\/p>\n<p>O que torna o Yubo \u00fanico \u00e9 que ele n\u00e3o \u00e9 um aplicativo de namoro, embora possa parecer um. Em vez disso, ele se posiciona como uma plataforma para fazer amigos criada para conex\u00e3o em tempo real e envolvimento da comunidade. Ele combina recursos de m\u00eddia social, v\u00eddeo ao vivo e encontros aleat\u00f3rios de uma forma que parece aut\u00eantica e divertida, especialmente para a Gera\u00e7\u00e3o Z.<\/p>\n<h2>Qual \u00e9 o objetivo do Yubo?<\/h2>\n<p>O objetivo da Yubo \u00e9 fazer com que conhecer novas pessoas on-line seja natural, seguro e divertido, sem a press\u00e3o de curtidas, seguidores ou perfis selecionados. Em vez de perseguir o status de influenciador, a Yubo incentiva os usu\u00e1rios a serem sociais em tempo real - pense em bate-papos de v\u00eddeo em grupo, encontros casuais e deslizes aleat\u00f3rios para descobrir outras pessoas.<\/p>\n<p>Seu foco principal \u00e9 a intera\u00e7\u00e3o que prioriza a amizade, n\u00e3o o namoro ou a cria\u00e7\u00e3o de conte\u00fado. Essa \u00e9 uma grande diferen\u00e7a em rela\u00e7\u00e3o a plataformas como o TikTok ou o Instagram, em que o foco est\u00e1 no desempenho e na visibilidade. No Yubo, voc\u00ea aparece ao vivo, conversa e se conecta - sem filtros, sem seguidores, sem press\u00e3o.<\/p>\n<p>\u00c9 mais adequado para:<\/p>\n<ul>\n<li>Adolescentes e jovens adultos que desejam expandir seu c\u00edrculo social<\/li>\n<li>Pessoas que gostam de fazer transmiss\u00f5es ao vivo ou participar de bate-papos em grupo com v\u00eddeo<\/li>\n<li>Usu\u00e1rios que desejam conversas reais em vez de rolagem passiva<\/li>\n<\/ul>\n<h2>Principais recursos<\/h2>\n<p>1. Transmiss\u00e3o de grupo ao vivo<br \/>\nO principal recurso do Yubo \u00e9 a transmiss\u00e3o ao vivo em grupo. Os usu\u00e1rios podem entrar ao vivo com at\u00e9 10 pessoas na tela, enquanto outras pessoas podem assistir, comentar e pedir para participar. Essas transmiss\u00f5es s\u00e3o casuais, geralmente apenas pessoas conversando, tocando m\u00fasica ou se divertindo.<\/p>\n<p>2. Deslize para fazer amigos<br \/>\nSemelhante aos aplicativos de namoro, o Yubo usa um recurso de deslizar para ajudar os usu\u00e1rios a descobrir novas pessoas. Deslize para a direita para se conectar, deslize para a esquerda para ignorar. Mas, ao contr\u00e1rio do Tinder, n\u00e3o h\u00e1 \u00eanfase no namoro. O objetivo \u00e9 iniciar um bate-papo, n\u00e3o criar um perfil rom\u00e2ntico.<\/p>\n<p>3. Bate-papo e chamadas de v\u00eddeo em tempo real<br \/>\nDepois de encontrar algu\u00e9m, voc\u00ea pode iniciar um bate-papo por texto ou uma chamada de v\u00eddeo privada. Essas conversas s\u00e3o casuais e geralmente levam a intera\u00e7\u00f5es mais longas ou a convites para transmiss\u00f5es em grupo.<\/p>\n<p>4. Interesses e correspond\u00eancia de tags<br \/>\nO Yubo permite que os usu\u00e1rios selecionem interesses (por exemplo, moda, jogos, anime, fitness, viagens) que ajudam a personalizar o feed de deslizamento e as recomenda\u00e7\u00f5es. Essa pequena camada de correspond\u00eancia melhora a qualidade das conex\u00f5es e ajuda os usu\u00e1rios a encontrar pessoas com a mesma opini\u00e3o.<\/p>\n<p>5. Comunidades e fluxos de t\u00f3picos<br \/>\nOs usu\u00e1rios podem participar de transmiss\u00f5es ao vivo da comunidade com base no local ou no interesse. Pense em \"New York Teens Chat\", \"Anime Fans\" ou \"Study Room\" - esses espa\u00e7os re\u00fanem usu\u00e1rios com hobbies ou dados demogr\u00e1ficos em comum para encontros tem\u00e1ticos.<\/p>\n<p>6. Yubo Power Pack (recursos premium)<br \/>\nO Yubo oferece um conjunto de recursos pagos que aumentam a visibilidade e o alcance. Esses recursos incluem:<\/p>\n<ul>\n<li>Boosts para promover seu perfil<\/li>\n<li>Retrocede para desfazer um deslizamento<\/li>\n<li>Spotlight para aparecer em mais feeds<\/li>\n<li>Modo fantasma para navegar de forma invis\u00edvel<\/li>\n<\/ul>\n<p>7. Segmenta\u00e7\u00e3o com base na idade<br \/>\nO Yubo separa os usu\u00e1rios por faixas et\u00e1rias - 13-17 e 18+ - para proteger os menores e garantir intera\u00e7\u00f5es adequadas \u00e0 idade. Os usu\u00e1rios n\u00e3o podem interagir al\u00e9m desses limites de idade, e a modera\u00e7\u00e3o \u00e9 mais rigorosa nos grupos de menores de idade.<\/p>\n<p>8. Ferramentas de seguran\u00e7a e modera\u00e7\u00e3o<br \/>\nA Yubo usa modera\u00e7\u00e3o orientada por IA, varredura de conte\u00fado em tempo real, reconhecimento facial para verifica\u00e7\u00e3o de idade e ferramentas de den\u00fancia da comunidade para manter um ambiente seguro. H\u00e1 tamb\u00e9m modera\u00e7\u00e3o humana para transmiss\u00f5es ao vivo e casos delicados.<\/p>\n<p>9. Personaliza\u00e7\u00e3o de perfil<br \/>\nOs usu\u00e1rios podem fazer upload de fotos, adicionar biografias e mostrar interesses. Mas o foco continua sendo a intera\u00e7\u00e3o, e n\u00e3o a cria\u00e7\u00e3o de uma personalidade on-line bem-acabada.<\/p>\n<h2>O Yubo \u00e9 gratuito?<\/h2>\n<p>Sim, o download e o uso do Yubo s\u00e3o gratuitos, e a maioria dos principais recursos - como deslizar, transmiss\u00f5es ao vivo e bate-papo - est\u00e1 dispon\u00edvel sem custo. No entanto, o aplicativo \u00e9 monetizado por meio de compras no aplicativo, como:<\/p>\n<ul>\n<li>Yubo Power Pack (planos semanais, mensais ou anuais)<\/li>\n<li>Impulsos e holofotes<\/li>\n<li>Pacotes de furto e vantagens de personaliza\u00e7\u00e3o de perfil<\/li>\n<\/ul>\n<p>Os recursos premium s\u00e3o opcionais, mas podem ajudar os usu\u00e1rios a se destacarem em um ambiente de aplicativos movimentado. A maioria dos usu\u00e1rios casuais n\u00e3o precisar\u00e1 gastar dinheiro, mas os usu\u00e1rios mais ativos ou ambiciosos podem optar por upgrades.<\/p>\n<h2>Quem usa o Yubo?<\/h2>\n<p>O p\u00fablico-alvo do Yubo \u00e9 a Gera\u00e7\u00e3o Z, especificamente adolescentes e jovens adultos entre 13 e 25 anos. Ele n\u00e3o foi projetado para p\u00fablicos mais velhos e imp\u00f5e uma segmenta\u00e7\u00e3o rigorosa por idade para garantir intera\u00e7\u00f5es seguras dentro dos grupos de colegas.<\/p>\n<p>Principais dados demogr\u00e1ficos:<\/p>\n<ul>\n<li>Idade: 13 a 25 anos<\/li>\n<li>G\u00eanero: Bastante equilibrado, mas os swipers e as conversas privadas s\u00e3o ligeiramente masculinos<\/li>\n<li>Localiza\u00e7\u00f5es: EUA, Reino Unido, Canad\u00e1, Fran\u00e7a, Brasil, Austr\u00e1lia, Alemanha e Sudeste Asi\u00e1tico<\/li>\n<\/ul>\n<p>\u00c9 particularmente popular entre:<\/p>\n<ul>\n<li>Adolescentes que buscam novas amizades fora da escola ou das comunidades locais<\/li>\n<li>Jovens adultos exploram o v\u00eddeo social como uma alternativa aos aplicativos de namoro<\/li>\n<li>Criadores que preferem intera\u00e7\u00e3o ao vivo em vez de postar v\u00eddeos<\/li>\n<\/ul>\n<h2>Seguran\u00e7a, privacidade e modera\u00e7\u00e3o<\/h2>\n<p>O Yubo enfrentou cr\u00edticas no passado com rela\u00e7\u00e3o \u00e0 seguran\u00e7a de menores e \u00e0 modera\u00e7\u00e3o de conte\u00fado. Em resposta, investiu muito na seguran\u00e7a do usu\u00e1rio, incluindo:<\/p>\n<ul>\n<li>Modera\u00e7\u00e3o de IA ao vivo: O Yubo examina textos, v\u00eddeos e imagens em tempo real para detectar conte\u00fado inadequado.<\/li>\n<li>Reconhecimento facial: Necess\u00e1rio para verifica\u00e7\u00e3o de idade para evitar que adultos entrem em \u00e1reas exclusivas para adolescentes.<\/li>\n<li>Den\u00fancias da comunidade: Os usu\u00e1rios podem denunciar facilmente comportamentos inadequados, nudez, ass\u00e9dio ou contas falsas.<\/li>\n<li>Grupos et\u00e1rios separados: usu\u00e1rios de 13 a 17 anos n\u00e3o podem entrar em contato com usu\u00e1rios com mais de 18 anos.<\/li>\n<li>Contas verificadas: Os usu\u00e1rios podem verificar sua identidade para criar confian\u00e7a.<\/li>\n<\/ul>\n<p>Embora nenhuma plataforma seja perfeita, o Yubo agora \u00e9 considerado um dos aplicativos sociais mais seguros para usu\u00e1rios mais jovens, gra\u00e7as \u00e0 sua modera\u00e7\u00e3o proativa e aos padr\u00f5es transparentes da comunidade. Os pais ainda devem monitorar os adolescentes mais jovens que usam a plataforma, mas para usu\u00e1rios com mais de 18 anos, a experi\u00eancia \u00e9 compar\u00e1vel a outros aplicativos sociais convencionais.<\/p>\n<h2>Experi\u00eancia e interface do usu\u00e1rio<\/h2>\n<p>A interface do Yubo \u00e9 limpa, minimalista e claramente projetada para uso m\u00f3vel. A navega\u00e7\u00e3o \u00e9 intuitiva, o deslizamento \u00e9 r\u00e1pido e basta alguns toques para entrar no ar. O aplicativo se concentra na conex\u00e3o em tempo real em vez da navega\u00e7\u00e3o de perfil, o que se alinha com a maneira como a Gera\u00e7\u00e3o Z prefere se comunicar.<\/p>\n<p>Visuais coloridos, transi\u00e7\u00f5es suaves e \u00edcones divertidos fazem com que a experi\u00eancia seja envolvente sem ser excessiva. N\u00e3o h\u00e1 feeds, hist\u00f3rias ou conte\u00fado intermin\u00e1vel para rolar - tudo leva \u00e0 intera\u00e7\u00e3o ao vivo ou em tempo real.<\/p>\n<p>Mesmo em dispositivos ou redes mais lentos, o desempenho \u00e9 s\u00f3lido, embora as transmiss\u00f5es em grupo possam exigir muito da largura de banda. O aplicativo est\u00e1 dispon\u00edvel para iOS e Android, com funcionalidade limitada no desktop.<\/p>\n<h2>Yubo vs. outras plataformas<\/h2>\n<p>Vamos ver como o Yubo se compara a outros aplicativos sociais e de bate-papo com v\u00eddeo ao vivo:<\/p>\n<table>\n<thead>\n<tr>\n<th>Recurso<\/th>\n<th>Yubo<\/th>\n<th>Bigo Live<\/th>\n<th>ChatMatch<\/th>\n<th><a href=\"https:\/\/strangercam.com\/pt-br\/omegle\/\">Omegle<\/a><\/th>\n<th>Snapchat<\/th>\n<\/tr>\n<\/thead>\n<tbody>\n<tr>\n<td>Transmiss\u00e3o ao vivo (grupo)<\/td>\n<td>Sim<\/td>\n<td>Sim<\/td>\n<td>N\u00e3o<\/td>\n<td>N\u00e3o<\/td>\n<td>Sim<\/td>\n<\/tr>\n<tr>\n<td>Segmenta\u00e7\u00e3o por idade<\/td>\n<td>Sim<\/td>\n<td>N\u00e3o<\/td>\n<td>N\u00e3o<\/td>\n<td>N\u00e3o<\/td>\n<td>N\u00e3o<\/td>\n<\/tr>\n<tr>\n<td>Deslize para combinar<\/td>\n<td>Sim<\/td>\n<td>N\u00e3o<\/td>\n<td>Sim<\/td>\n<td>N\u00e3o<\/td>\n<td>N\u00e3o<\/td>\n<\/tr>\n<tr>\n<td>Bate-papo por v\u00eddeo individual<\/td>\n<td>Sim<\/td>\n<td>Sim<\/td>\n<td>Sim<\/td>\n<td>Sim<\/td>\n<td>Sim<\/td>\n<\/tr>\n<tr>\n<td>Comunidades e interesses<\/td>\n<td>Sim<\/td>\n<td>N\u00e3o<\/td>\n<td>Parcial<\/td>\n<td>N\u00e3o<\/td>\n<td>Sim<\/td>\n<\/tr>\n<tr>\n<td>Modera\u00e7\u00e3o de seguran\u00e7a<\/td>\n<td>Forte<\/td>\n<td>Moderado<\/td>\n<td>Moderado<\/td>\n<td>Fraco<\/td>\n<td>Moderado<\/td>\n<\/tr>\n<tr>\n<td>Op\u00e7\u00f5es de monetiza\u00e7\u00e3o<\/td>\n<td>Sim<\/td>\n<td>Sim<\/td>\n<td>Sim<\/td>\n<td>N\u00e3o<\/td>\n<td>Sim<\/td>\n<\/tr>\n<tr>\n<td>P\u00fablico-alvo<\/td>\n<td>Gera\u00e7\u00e3o Z<\/td>\n<td>Geral<\/td>\n<td>18+ Solteiros<\/td>\n<td>Geral<\/td>\n<td>Adolescentes e gera\u00e7\u00e3o Z<\/td>\n<\/tr>\n<\/tbody>\n<\/table>\n<h2>Pr\u00f3s e contras<\/h2>\n<p>Pr\u00f3s:<\/p>\n<ul>\n<li>Projetado especificamente para a Gera\u00e7\u00e3o Z e jovens adultos<\/li>\n<li>A transmiss\u00e3o ao vivo \u00e9 f\u00e1cil e interativa<\/li>\n<li>O recurso de deslizar para combinar torna divertido descobrir amigos<\/li>\n<li>Fortes controles de modera\u00e7\u00e3o e seguran\u00e7a por idade<\/li>\n<li>A correspond\u00eancia de interesses ajuda a melhorar a qualidade do bate-papo<\/li>\n<li>Experi\u00eancia r\u00e1pida, limpa e que prioriza os dispositivos m\u00f3veis<\/li>\n<\/ul>\n<p>Contras:<\/p>\n<ul>\n<li>N\u00e3o \u00e9 ideal para usu\u00e1rios acima de 25 anos<\/li>\n<li>Algumas compras no aplicativo podem parecer agressivas<\/li>\n<li>Requer reconhecimento facial para acesso total<\/li>\n<li>N\u00e3o dispon\u00edvel no desktop<\/li>\n<li>Comportamento imaturo ocasional em salas p\u00fablicas<\/li>\n<\/ul>\n<h2>Casos de uso ideais<\/h2>\n<p>O Yubo \u00e9 \u00f3timo para:<\/p>\n<ul>\n<li>Adolescentes e jovens adultos buscando novas amizades on-line<\/li>\n<li>Usu\u00e1rios que desejam chats de v\u00eddeo em grupo casuais e transmiss\u00f5es ao vivo com pouca press\u00e3o<\/li>\n<li>Exploradores sociais que gostam de descobrir pessoas de todo o mundo<\/li>\n<li>F\u00e3s da intera\u00e7\u00e3o em tempo real em rela\u00e7\u00e3o \u00e0 cria\u00e7\u00e3o de conte\u00fado<\/li>\n<\/ul>\n<p>O Yubo n\u00e3o \u00e9 ideal para:<\/p>\n<ul>\n<li>Adultos fora do grupo demogr\u00e1fico da Gera\u00e7\u00e3o Z<\/li>\n<li>Usu\u00e1rios que buscam experi\u00eancias de bate-papo por v\u00eddeo privadas e an\u00f4nimas<\/li>\n<li>Pessoas que buscam conte\u00fado longo ou feeds sociais com curadoria<\/li>\n<\/ul>\n<h2>Veredicto final<\/h2>\n<p>O Yubo \u00e9 um aplicativo de v\u00eddeo social de destaque para a Gera\u00e7\u00e3o Z em 2025. Ele oferece uma nova alternativa \u00e0 m\u00eddia social tradicional, concentrando-se na intera\u00e7\u00e3o em tempo real, nas primeiras conex\u00f5es de amizade e no envolvimento de grupos ao vivo. Com forte modera\u00e7\u00e3o, segmenta\u00e7\u00e3o por idade e um sistema de deslizar para combinar, ele parece uma evolu\u00e7\u00e3o moderna e mais segura de aplicativos como o Omegle ou o <a href=\"https:\/\/strangercam.com\/pt-br\/chatroulette\/\">Chatroulette<\/a>.<\/p>\n<p>Para seu p\u00fablico-alvo - jovem, social e que prioriza os dispositivos m\u00f3veis - o Yubo oferece exatamente o que promete: uma plataforma divertida, ao vivo e voltada para a comunidade para conhecer novas pessoas e conviver em tempo real.<\/p>\n<p>Se voc\u00ea tem entre 13 e 25 anos e deseja se socializar al\u00e9m do seu c\u00edrculo existente, vale a pena conferir o Yubo.<\/p>","protected":false},"excerpt":{"rendered":"<p>Yubo is described by many as \u201cTinder meets Snapchat\u201d with a heavy dash of livestreaming, Yubo is tailored for younger users \u2014 specifically Gen Z \u2014 who want to connect, stream, and socialize in real time with people from around the world. Whether you know it as Yubo, Yubo Live, or yubo.live, the platform has [&hellip;]<\/p>\n","protected":false},"author":6,"featured_media":0,"parent":0,"menu_order":0,"comment_status":"closed","ping_status":"closed","template":"","meta":{"footnotes":""},"class_list":["post-12830","page","type-page","status-publish","hentry"],"yoast_head":"<!-- This site is optimized with the Yoast SEO plugin v27.4 - https:\/\/yoast.com\/product\/yoast-seo-wordpress\/ -->\n<title>Yubo - Make new friends with chat on StrangerCam.com<\/title>\n<meta name=\"description\" content=\"Like Yubo? Come chat with more than 5.000.000 strangers on Stranger Cam for Free! Turn on your cam and find new friends &amp; maby a match!\" \/>\n<meta name=\"robots\" content=\"index, follow, max-snippet:-1, max-image-preview:large, max-video-preview:-1\" \/>\n<link rel=\"canonical\" href=\"https:\/\/strangercam.com\/pt-br\/yubo\/\" \/>\n<meta property=\"og:locale\" content=\"pt_BR\" \/>\n<meta property=\"og:type\" content=\"article\" \/>\n<meta property=\"og:title\" content=\"Yubo - Make new friends with chat on StrangerCam.com\" \/>\n<meta property=\"og:description\" content=\"Like Yubo? Come chat with more than 5.000.000 strangers on Stranger Cam for Free! Turn on your cam and find new friends &amp; maby a match!\" \/>\n<meta property=\"og:url\" content=\"https:\/\/strangercam.com\/pt-br\/yubo\/\" \/>\n<meta property=\"og:site_name\" content=\"Strangercam\" \/>\n<meta property=\"article:publisher\" content=\"https:\/\/www.facebook.com\/strangercam\" \/>\n<meta property=\"og:image\" content=\"https:\/\/strangercam.com\/wp-content\/uploads\/2021\/10\/Untitled-2.png\" \/>\n\t<meta property=\"og:image:width\" content=\"800\" \/>\n\t<meta property=\"og:image:height\" content=\"532\" \/>\n\t<meta property=\"og:image:type\" content=\"image\/png\" \/>\n<meta name=\"twitter:card\" content=\"summary_large_image\" \/>\n<meta name=\"twitter:site\" content=\"@strangercamapp\" \/>\n<meta name=\"twitter:label1\" content=\"Est. tempo de leitura\" \/>\n\t<meta name=\"twitter:data1\" content=\"7 minutos\" \/>\n<script type=\"application\/ld+json\" class=\"yoast-schema-graph\">{\"@context\":\"https:\\\/\\\/schema.org\",\"@graph\":[{\"@type\":\"WebPage\",\"@id\":\"https:\\\/\\\/strangercam.com\\\/yubo\\\/\",\"url\":\"https:\\\/\\\/strangercam.com\\\/yubo\\\/\",\"name\":\"Yubo - Make new friends with chat on StrangerCam.com\",\"isPartOf\":{\"@id\":\"https:\\\/\\\/strangercam.com\\\/#website\"},\"datePublished\":\"2025-05-14T07:17:21+00:00\",\"description\":\"Like Yubo? Come chat with more than 5.000.000 strangers on Stranger Cam for Free! Turn on your cam and find new friends & maby a match!\",\"breadcrumb\":{\"@id\":\"https:\\\/\\\/strangercam.com\\\/yubo\\\/#breadcrumb\"},\"inLanguage\":\"pt-BR\",\"potentialAction\":[{\"@type\":\"ReadAction\",\"target\":[\"https:\\\/\\\/strangercam.com\\\/yubo\\\/\"]}]},{\"@type\":\"BreadcrumbList\",\"@id\":\"https:\\\/\\\/strangercam.com\\\/yubo\\\/#breadcrumb\",\"itemListElement\":[{\"@type\":\"ListItem\",\"position\":1,\"name\":\"Home\",\"item\":\"https:\\\/\\\/strangercam.com\\\/\"},{\"@type\":\"ListItem\",\"position\":2,\"name\":\"Yubo\"}]},{\"@type\":\"WebSite\",\"@id\":\"https:\\\/\\\/strangercam.com\\\/#website\",\"url\":\"https:\\\/\\\/strangercam.com\\\/\",\"name\":\"Strangercam\",\"description\":\"Random Video Chat with Strangers\",\"publisher\":{\"@id\":\"https:\\\/\\\/strangercam.com\\\/#organization\"},\"alternateName\":\"Strangercam.com\",\"potentialAction\":[{\"@type\":\"SearchAction\",\"target\":{\"@type\":\"EntryPoint\",\"urlTemplate\":\"https:\\\/\\\/strangercam.com\\\/?s={search_term_string}\"},\"query-input\":{\"@type\":\"PropertyValueSpecification\",\"valueRequired\":true,\"valueName\":\"search_term_string\"}}],\"inLanguage\":\"pt-BR\"},{\"@type\":\"Organization\",\"@id\":\"https:\\\/\\\/strangercam.com\\\/#organization\",\"name\":\"Strangercam\",\"alternateName\":\"Strangercam.com\",\"url\":\"https:\\\/\\\/strangercam.com\\\/\",\"logo\":{\"@type\":\"ImageObject\",\"inLanguage\":\"pt-BR\",\"@id\":\"https:\\\/\\\/strangercam.com\\\/#\\\/schema\\\/logo\\\/image\\\/\",\"url\":\"https:\\\/\\\/strangercam.com\\\/wp-content\\\/uploads\\\/2020\\\/11\\\/cropped-new-favicon-black.png\",\"contentUrl\":\"https:\\\/\\\/strangercam.com\\\/wp-content\\\/uploads\\\/2020\\\/11\\\/cropped-new-favicon-black.png\",\"width\":512,\"height\":512,\"caption\":\"Strangercam\"},\"image\":{\"@id\":\"https:\\\/\\\/strangercam.com\\\/#\\\/schema\\\/logo\\\/image\\\/\"},\"sameAs\":[\"https:\\\/\\\/www.facebook.com\\\/strangercam\",\"https:\\\/\\\/x.com\\\/strangercamapp\"]}]}<\/script>\n<!-- \/ Yoast SEO plugin. -->","yoast_head_json":{"title":"Yubo - Fa\u00e7a novos amigos com bate-papo no StrangerCam.com","description":"Gosta de Yubo? Venha bater papo com mais de 5.000.000 de desconhecidos no Stranger Cam de gra\u00e7a! Ligue sua c\u00e2mera e encontre novos amigos e talvez um par!","robots":{"index":"index","follow":"follow","max-snippet":"max-snippet:-1","max-image-preview":"max-image-preview:large","max-video-preview":"max-video-preview:-1"},"canonical":"https:\/\/strangercam.com\/pt-br\/yubo\/","og_locale":"pt_BR","og_type":"article","og_title":"Yubo - Make new friends with chat on StrangerCam.com","og_description":"Like Yubo? Come chat with more than 5.000.000 strangers on Stranger Cam for Free! Turn on your cam and find new friends & maby a match!","og_url":"https:\/\/strangercam.com\/pt-br\/yubo\/","og_site_name":"Strangercam","article_publisher":"https:\/\/www.facebook.com\/strangercam","og_image":[{"width":800,"height":532,"url":"https:\/\/strangercam.com\/wp-content\/uploads\/2021\/10\/Untitled-2.png","type":"image\/png"}],"twitter_card":"summary_large_image","twitter_site":"@strangercamapp","twitter_misc":{"Est. tempo de leitura":"7 minutos"},"schema":{"@context":"https:\/\/schema.org","@graph":[{"@type":"WebPage","@id":"https:\/\/strangercam.com\/yubo\/","url":"https:\/\/strangercam.com\/yubo\/","name":"Yubo - Fa\u00e7a novos amigos com bate-papo no StrangerCam.com","isPartOf":{"@id":"https:\/\/strangercam.com\/#website"},"datePublished":"2025-05-14T07:17:21+00:00","description":"Gosta de Yubo? Venha bater papo com mais de 5.000.000 de desconhecidos no Stranger Cam de gra\u00e7a! Ligue sua c\u00e2mera e encontre novos amigos e talvez um par!","breadcrumb":{"@id":"https:\/\/strangercam.com\/yubo\/#breadcrumb"},"inLanguage":"pt-BR","potentialAction":[{"@type":"ReadAction","target":["https:\/\/strangercam.com\/yubo\/"]}]},{"@type":"BreadcrumbList","@id":"https:\/\/strangercam.com\/yubo\/#breadcrumb","itemListElement":[{"@type":"ListItem","position":1,"name":"Home","item":"https:\/\/strangercam.com\/"},{"@type":"ListItem","position":2,"name":"Yubo"}]},{"@type":"WebSite","@id":"https:\/\/strangercam.com\/#website","url":"https:\/\/strangercam.com\/","name":"Strangercam","description":"Bate-papo por v\u00eddeo aleat\u00f3rio com estranhos","publisher":{"@id":"https:\/\/strangercam.com\/#organization"},"alternateName":"Strangercam.com","potentialAction":[{"@type":"SearchAction","target":{"@type":"EntryPoint","urlTemplate":"https:\/\/strangercam.com\/?s={search_term_string}"},"query-input":{"@type":"PropertyValueSpecification","valueRequired":true,"valueName":"search_term_string"}}],"inLanguage":"pt-BR"},{"@type":"Organization","@id":"https:\/\/strangercam.com\/#organization","name":"Strangercam","alternateName":"Strangercam.com","url":"https:\/\/strangercam.com\/","logo":{"@type":"ImageObject","inLanguage":"pt-BR","@id":"https:\/\/strangercam.com\/#\/schema\/logo\/image\/","url":"https:\/\/strangercam.com\/wp-content\/uploads\/2020\/11\/cropped-new-favicon-black.png","contentUrl":"https:\/\/strangercam.com\/wp-content\/uploads\/2020\/11\/cropped-new-favicon-black.png","width":512,"height":512,"caption":"Strangercam"},"image":{"@id":"https:\/\/strangercam.com\/#\/schema\/logo\/image\/"},"sameAs":["https:\/\/www.facebook.com\/strangercam","https:\/\/x.com\/strangercamapp"]}]}},"_links":{"self":[{"href":"https:\/\/strangercam.com\/pt-br\/wp-json\/wp\/v2\/pages\/12830","targetHints":{"allow":["GET"]}}],"collection":[{"href":"https:\/\/strangercam.com\/pt-br\/wp-json\/wp\/v2\/pages"}],"about":[{"href":"https:\/\/strangercam.com\/pt-br\/wp-json\/wp\/v2\/types\/page"}],"author":[{"embeddable":true,"href":"https:\/\/strangercam.com\/pt-br\/wp-json\/wp\/v2\/users\/6"}],"replies":[{"embeddable":true,"href":"https:\/\/strangercam.com\/pt-br\/wp-json\/wp\/v2\/comments?post=12830"}],"version-history":[{"count":1,"href":"https:\/\/strangercam.com\/pt-br\/wp-json\/wp\/v2\/pages\/12830\/revisions"}],"predecessor-version":[{"id":12831,"href":"https:\/\/strangercam.com\/pt-br\/wp-json\/wp\/v2\/pages\/12830\/revisions\/12831"}],"wp:attachment":[{"href":"https:\/\/strangercam.com\/pt-br\/wp-json\/wp\/v2\/media?parent=12830"}],"curies":[{"name":"wp","href":"https:\/\/api.w.org\/{rel}","templated":true}]}}