{"id":12815,"date":"2025-04-22T13:50:44","date_gmt":"2025-04-22T11:50:44","guid":{"rendered":"https:\/\/strangercam.com\/?page_id=12815"},"modified":"2025-04-22T13:50:44","modified_gmt":"2025-04-22T11:50:44","slug":"vanachat","status":"publish","type":"page","link":"https:\/\/strangercam.com\/pt-br\/vanachat\/","title":{"rendered":"VanaChat"},"content":{"rendered":"<p>O mundo dos v\u00eddeos aleat\u00f3rios <a href=\"https:\/\/strangercam.com\/pt-br\/chathub\/\">bate-papo<\/a> aplicativos \u00e9 altamente competitivo, com plataformas como <a href=\"https:\/\/strangercam.com\/pt-br\/omegle\/\">Omegle<\/a>, <a href=\"https:\/\/strangercam.com\/pt-br\/chatroulette\/\">Chatroulette<\/a>, e nomes mais novos, como ChatMatch, lutando pelo dom\u00ednio. Mas, de vez em quando, um novo concorrente entra no mercado com uma abordagem exclusiva. O VanaChat \u00e9 um desses nomes. Posicionado em algum lugar entre um <a href=\"https:\/\/strangercam.com\/pt-br\/bazoocam\/\">c\u00e2mera<\/a> site de bate-papo e um aplicativo social leve, o VanaChat est\u00e1 atraindo rapidamente a aten\u00e7\u00e3o - mas ser\u00e1 que realmente vale a pena us\u00e1-lo?<\/p>\n<p>Nesta an\u00e1lise abrangente, exploramos tudo o que o VanaChat oferece: seus recursos, experi\u00eancia do usu\u00e1rio, p\u00fablico, ferramentas de seguran\u00e7a e como ele se compara a outras plataformas de bate-papo populares.<\/p>\n<h2>O que \u00e9 o VanaChat?<\/h2>\n<p>O VanaChat \u00e9 uma plataforma de bate-papo por v\u00eddeo aleat\u00f3rio baseada em navegador que combina as tradicionais conversas por v\u00eddeo individuais com recursos leves de descoberta social. Ao contr\u00e1rio de sites mais antigos que se concentram apenas na aleatoriedade, o VanaChat acrescenta uma camada social mais moderna \u00e0 experi\u00eancia, oferecendo perfis opcionais, correspond\u00eancia baseada em interesses e at\u00e9 mesmo um sistema de reputa\u00e7\u00e3o leve.<\/p>\n<p>Lan\u00e7ado em meados da d\u00e9cada de 2020, o VanaChat se comercializa como um \u201cespa\u00e7o seguro e amig\u00e1vel para <a href=\"https:\/\/strangercam.com\/pt-br\/coomeet\/\">conhecer<\/a> novas pessoas cara a cara\". Embora a experi\u00eancia principal ainda gire em torno de intera\u00e7\u00f5es instant\u00e2neas baseadas em webcam com estranhos, a plataforma faz um esfor\u00e7o para promover um ambiente mais respeitoso e envolvente.<\/p>\n<h2>O objetivo do VanaChat<\/h2>\n<p>O principal objetivo do VanaChat \u00e9 proporcionar uma experi\u00eancia de bate-papo por v\u00eddeo aleat\u00f3rio que pare\u00e7a mais humana e menos ca\u00f3tica. Ele foi projetado para ser divertido e espont\u00e2neo, mas sem o trolling desenfreado, a nudez e o spam geralmente encontrados em plataformas totalmente an\u00f4nimas.<\/p>\n<p>O VanaChat \u00e9 ideal para:<\/p>\n<ul>\n<li>Pessoas que desejam conhecer outras pessoas pessoalmente e em tempo real<\/li>\n<li>Usu\u00e1rios em busca de conversas casuais ou novas amizades<\/li>\n<li>Usu\u00e1rios socialmente curiosos que gostam de conversar com estranhos, mas preferem ter um pouco mais de controle sobre com quem se conectam<\/li>\n<li>Qualquer pessoa que esteja procurando uma alternativa mais segura e moderna aos sites de c\u00e2meras sem modera\u00e7\u00e3o<\/li>\n<\/ul>\n<p>A plataforma n\u00e3o \u00e9 um aplicativo de namoro propriamente dito, mas aceita flertes leves e descobertas sociais, especialmente entre adultos mais jovens.<\/p>\n<h2>Principais recursos<\/h2>\n<p>1. Bate-papo por v\u00eddeo individual<br \/>\nEm sua ess\u00eancia, o VanaChat oferece bate-papo por v\u00eddeo r\u00e1pido e aleat\u00f3rio entre usu\u00e1rios. Com um clique, voc\u00ea se conecta a algu\u00e9m novo. Os feeds de v\u00eddeo s\u00e3o responsivos e o layout \u00e9 limpo, priorizando a experi\u00eancia face a face.<\/p>\n<p>2. Correspond\u00eancia baseada em interesses<br \/>\nOs usu\u00e1rios podem selecionar a partir de uma lista de interesses - que variam de filmes e jogos a idiomas e estilo de vida - e a plataforma tenta combinar pessoas com prefer\u00eancias semelhantes. Embora n\u00e3o seja t\u00e3o profunda quanto os aplicativos de namoro baseados em algoritmos, ela reduz a aleatoriedade e ajuda a estimular conversas mais significativas.<\/p>\n<p>3. Perfis de usu\u00e1rio opcionais<br \/>\nVoc\u00ea pode criar um perfil b\u00e1sico com um nome de exibi\u00e7\u00e3o, interesses e uma breve biografia. Voc\u00ea tamb\u00e9m pode carregar uma foto de perfil. Embora os perfis n\u00e3o sejam obrigat\u00f3rios, os usu\u00e1rios com perfis completos tendem a obter correspond\u00eancias mais longas e mais frequentes.<\/p>\n<p>4. Sistema de reputa\u00e7\u00e3o<br \/>\nAp\u00f3s cada bate-papo, os usu\u00e1rios podem avaliar sua experi\u00eancia. Com o tempo, isso cria uma pontua\u00e7\u00e3o de reputa\u00e7\u00e3o suave que ajuda a revelar usu\u00e1rios de melhor qualidade e a afastar spammers ou trolls. Embora ainda esteja na vers\u00e3o beta, esse sistema \u00e9 promissor para melhorar a vibra\u00e7\u00e3o geral da plataforma.<\/p>\n<p>5. Controles de bate-papo e ferramentas de modera\u00e7\u00e3o<br \/>\nVoc\u00ea pode ignorar usu\u00e1rios, silenci\u00e1-los, denunciar comportamentos inadequados e bloquear qualquer pessoa com quem n\u00e3o queira falar novamente. As den\u00fancias s\u00e3o analisadas por moderadores, e o sistema \u00e9 apoiado por uma varredura b\u00e1sica de conte\u00fado com IA para detectar nudez ou comportamento ofensivo.<\/p>\n<p>6. Otimiza\u00e7\u00e3o para desktop e dispositivos m\u00f3veis<br \/>\nO VanaChat funciona perfeitamente em navegadores modernos, tanto no desktop quanto no celular. Ainda n\u00e3o h\u00e1 um aplicativo m\u00f3vel dedicado, mas a experi\u00eancia do navegador m\u00f3vel \u00e9 responsiva e intuitiva. N\u00e3o s\u00e3o necess\u00e1rios downloads.<\/p>\n<p>7. N\u00e3o \u00e9 necess\u00e1rio registro (mas \u00e9 incentivado)<br \/>\nVoc\u00ea pode come\u00e7ar a conversar sem criar uma conta, mas o registro desbloqueia recursos adicionais, como filtragem de interesses, salvamento do seu perfil e acesso \u00e0 sua pontua\u00e7\u00e3o de reputa\u00e7\u00e3o.<\/p>\n<h2>O VanaChat \u00e9 gratuito?<\/h2>\n<p>Sim, o VanaChat \u00e9 gratuito e voc\u00ea pode acessar a funcionalidade principal do bate-papo por v\u00eddeo sem pagar um centavo. No entanto, h\u00e1 um plano premium dispon\u00edvel que desbloqueia:<\/p>\n<ul>\n<li>Correspond\u00eancia aprimorada por regi\u00e3o ou g\u00eanero<\/li>\n<li>Coloca\u00e7\u00e3o priorit\u00e1ria na fila de bate-papo<\/li>\n<li>Uma experi\u00eancia sem an\u00fancios<\/li>\n<li>Op\u00e7\u00f5es de personaliza\u00e7\u00e3o do perfil<\/li>\n<\/ul>\n<p>A camada premium tem um pre\u00e7o competitivo, normalmente entre $6-$10 por m\u00eas, dependendo do plano de assinatura. Para a maioria dos usu\u00e1rios, a vers\u00e3o gratuita \u00e9 perfeitamente funcional, mas a vers\u00e3o premium \u00e9 um bom valor para aqueles que buscam mais controle e um fluxo de usu\u00e1rio mais suave.<\/p>\n<h2>Quem usa o VanaChat?<\/h2>\n<p>O VanaChat tem uma base de usu\u00e1rios crescente em v\u00e1rias regi\u00f5es importantes:<\/p>\n<ul>\n<li>Estados Unidos<\/li>\n<li>Canad\u00e1<\/li>\n<li>Reino Unido<\/li>\n<li>Alemanha<\/li>\n<li>Brasil<\/li>\n<li>\u00cdndia<\/li>\n<\/ul>\n<p>A maioria dos usu\u00e1rios tem entre 18 e 34 anos, com uma mistura bastante diversificada de g\u00eaneros e origens. Embora a maioria esteja usando a plataforma para divers\u00e3o e conversas casuais, uma parte not\u00e1vel dos usu\u00e1rios parece genuinamente interessada em fazer amigos ou encontrar pessoas com interesses em comum.<\/p>\n<p>O VanaChat \u00e9 particularmente popular entre os usu\u00e1rios:<\/p>\n<ul>\n<li>Estudantes universit\u00e1rios<\/li>\n<li>Jovens profissionais<\/li>\n<li>N\u00f4mades digitais e expatriados que buscam conhecer pessoas em novos lugares<\/li>\n<li>Alunos de idiomas que desejam praticar com falantes nativos<\/li>\n<\/ul>\n<h2>Seguran\u00e7a, privacidade e modera\u00e7\u00e3o<\/h2>\n<p>As plataformas de bate-papo on-line geralmente t\u00eam dificuldades com a seguran\u00e7a e a modera\u00e7\u00e3o, mas o VanaChat est\u00e1 levando o assunto a s\u00e9rio. Veja como:<\/p>\n<ul>\n<li>Monitoramento baseado em IA: A plataforma usa aprendizado de m\u00e1quina para detectar automaticamente nudez ou gestos ofensivos em transmiss\u00f5es de v\u00eddeo. Embora n\u00e3o seja perfeita, ela reduz a exposi\u00e7\u00e3o ao conte\u00fado expl\u00edcito.<\/li>\n<li>Den\u00fancias de usu\u00e1rios e modera\u00e7\u00e3o: Todo bate-papo termina com uma solicita\u00e7\u00e3o de feedback, e as den\u00fancias s\u00e3o analisadas em 24 horas.<\/li>\n<li>Sistema de reputa\u00e7\u00e3o e classifica\u00e7\u00e3o: Ajuda a filtrar usu\u00e1rios problem\u00e1ticos e a promover um comportamento mais respeitoso ao longo do tempo.<\/li>\n<li>N\u00e3o s\u00e3o necess\u00e1rias informa\u00e7\u00f5es pessoais: N\u00e3o s\u00e3o solicitados n\u00fameros de telefone ou e-mails, a menos que voc\u00ea se registre (e, mesmo assim, isso \u00e9 opcional).<\/li>\n<\/ul>\n<p>O VanaChat n\u00e3o coleta dados excessivos e permite que os usu\u00e1rios permane\u00e7am t\u00e3o an\u00f4nimos quanto desejarem. Ainda assim, os usu\u00e1rios devem praticar o bom senso - n\u00e3o compartilhe detalhes pessoais, n\u00e3o clique em links e n\u00e3o se envolva com usu\u00e1rios que o deixem desconfort\u00e1vel.<\/p>\n<h2>Experi\u00eancia do usu\u00e1rio e design<\/h2>\n<p>A interface do VanaChat \u00e9 moderna e refrescante. A plataforma \u00e9 visualmente limpa, intuitiva e responsiva. A navega\u00e7\u00e3o \u00e9 simples: uma grande tela de v\u00eddeo domina a interface, com controles de bate-papo e configura\u00e7\u00f5es bem organizados em pain\u00e9is laterais. N\u00e3o h\u00e1 banners, pop-ups ou an\u00fancios irritantes que interrompam o fluxo.<\/p>\n<p>A est\u00e9tica geral \u00e9 jovem e amig\u00e1vel, sem se esfor\u00e7ar demais para atrair um grupo demogr\u00e1fico espec\u00edfico. Parece um produto criado para intera\u00e7\u00e3o casual - n\u00e3o para conte\u00fado adulto e n\u00e3o para encontros - o que o torna um bom meio-termo.<\/p>\n<p>O tempo de carregamento da p\u00e1gina \u00e9 r\u00e1pido, a qualidade do v\u00eddeo \u00e9 s\u00f3lida e as transi\u00e7\u00f5es entre os bate-papos s\u00e3o suaves e sem atrasos na maioria dos casos. No celular, a plataforma parece quase como um aplicativo em termos de velocidade e usabilidade, o que \u00e9 impressionante para uma experi\u00eancia baseada em navegador.<\/p>\n<h2>VanaChat versus outras plataformas de bate-papo<\/h2>\n<p>Vamos dar uma olhada em como o VanaChat se compara a algumas outras plataformas l\u00edderes:<\/p>\n<table>\n<thead>\n<tr>\n<th>Recurso<\/th>\n<th>VanaChat<\/th>\n<th>Omegle<\/th>\n<th>ChatMatch<\/th>\n<th>Chatspin<\/th>\n<th>Emerald Chat<\/th>\n<\/tr>\n<\/thead>\n<tbody>\n<tr>\n<td>Bate-papo por v\u00eddeo<\/td>\n<td>Sim<\/td>\n<td>Sim<\/td>\n<td>Sim<\/td>\n<td>Sim<\/td>\n<td>Sim<\/td>\n<\/tr>\n<tr>\n<td>Correspond\u00eancia de juros<\/td>\n<td>Sim<\/td>\n<td>N\u00e3o<\/td>\n<td>Sim<\/td>\n<td>Sim<\/td>\n<td>Sim<\/td>\n<\/tr>\n<tr>\n<td>Perfis (opcional)<\/td>\n<td>Sim<\/td>\n<td>N\u00e3o<\/td>\n<td>Opcional<\/td>\n<td>Opcional<\/td>\n<td>Sim<\/td>\n<\/tr>\n<tr>\n<td>Sistema de reputa\u00e7\u00e3o<\/td>\n<td>Sim<\/td>\n<td>N\u00e3o<\/td>\n<td>N\u00e3o<\/td>\n<td>N\u00e3o<\/td>\n<td>Sim<\/td>\n<\/tr>\n<tr>\n<td>Filtros de g\u00eanero\/regi\u00e3o<\/td>\n<td>Pago<\/td>\n<td>Pago<\/td>\n<td>Pago<\/td>\n<td>Gratuito\/Pago<\/td>\n<td>Sim<\/td>\n<\/tr>\n<tr>\n<td>Otimizado para celular<\/td>\n<td>Sim<\/td>\n<td>Moderado<\/td>\n<td>Sim<\/td>\n<td>Excelente<\/td>\n<td>Bom<\/td>\n<\/tr>\n<tr>\n<td>Ferramentas de modera\u00e7\u00e3o<\/td>\n<td>Forte<\/td>\n<td>Fraco<\/td>\n<td>Moderado<\/td>\n<td>Bom<\/td>\n<td>Forte<\/td>\n<\/tr>\n<tr>\n<td>Registro obrigat\u00f3rio<\/td>\n<td>N\u00e3o<\/td>\n<td>N\u00e3o<\/td>\n<td>Opcional<\/td>\n<td>Opcional<\/td>\n<td>Sim<\/td>\n<\/tr>\n<\/tbody>\n<\/table>\n<h2>Pr\u00f3s e contras<\/h2>\n<p>Pr\u00f3s:<\/p>\n<ul>\n<li>Uso gratuito, sem necessidade de login<\/li>\n<li>Interface limpa e moderna com desempenho r\u00e1pido<\/li>\n<li>A correspond\u00eancia baseada em interesses melhora a qualidade da conversa<\/li>\n<li>O sistema de reputa\u00e7\u00e3o recompensa o bom comportamento<\/li>\n<li>Perfis opcionais sem serem intrusivos<\/li>\n<li>Modera\u00e7\u00e3o ativa e varredura de conte\u00fado<\/li>\n<li>Compat\u00edvel com dispositivos m\u00f3veis sem a necessidade de um aplicativo<\/li>\n<\/ul>\n<p>Contras:<\/p>\n<ul>\n<li>Base de usu\u00e1rios menor do que plataformas como Omegle<\/li>\n<li>Os filtros de g\u00eanero e regi\u00e3o exigem pr\u00eamio<\/li>\n<li>Ainda sujeito a comportamentos inadequados ocasionais<\/li>\n<li>N\u00e3o h\u00e1 tradutor integrado para bate-papos internacionais<\/li>\n<li>Ainda n\u00e3o h\u00e1 recursos de bate-papo em grupo ou multiusu\u00e1rio<\/li>\n<\/ul>\n<h2>Casos de uso ideais<\/h2>\n<p>O VanaChat \u00e9 perfeito para:<\/p>\n<ul>\n<li>Pessoas que gostam de um bate-papo por v\u00eddeo individual com um pouco mais de estrutura<\/li>\n<li>Usu\u00e1rios que procuram conversas espont\u00e2neas, mas respeitosas<\/li>\n<li>Socializa\u00e7\u00e3o casual, flerte leve e conhecer novas pessoas globalmente<\/li>\n<li>Aqueles que n\u00e3o gostam do caos de plataformas n\u00e3o moderadas como o Omegle<\/li>\n<\/ul>\n<p>N\u00e3o \u00e9 ideal para:<\/p>\n<ul>\n<li>Usu\u00e1rios que esperam uma curadoria ou combina\u00e7\u00e3o de n\u00edvel de aplicativo de namoro<\/li>\n<li>Aqueles que procuram bate-papos em grupo ou salas de bate-papo baseadas em t\u00f3picos<\/li>\n<li>Pessoas que preferem intera\u00e7\u00f5es puramente an\u00f4nimas, apenas por texto<\/li>\n<\/ul>\n<h2>Veredicto final<\/h2>\n<p>O VanaChat \u00e9 uma adi\u00e7\u00e3o inovadora ao cen\u00e1rio de bate-papo por v\u00eddeo. Ele combina o imediatismo das plataformas de bate-papo aleat\u00f3rias com alguns aprimoramentos modernos - filtros de interesse, sistemas de reputa\u00e7\u00e3o e perfis opcionais - que tornam a experi\u00eancia mais agrad\u00e1vel e f\u00e1cil de usar.<\/p>\n<p>Para aqueles que est\u00e3o cansados de bots, trolls ou surpresas NSFW em outros sites, o VanaChat oferece uma experi\u00eancia mais limpa, mais amig\u00e1vel e mais humana. Ele pode n\u00e3o ter o mesmo volume de usu\u00e1rios que as plataformas de grande nome, mas o que falta em escala \u00e9 compensado em qualidade.<\/p>\n<p>Se voc\u00ea deseja conversar com estranhos, fazer amigos ou apenas passar o tempo de uma forma mais social, vale a pena conferir o VanaChat.<\/p>","protected":false},"excerpt":{"rendered":"<p>The world of random video chat apps is highly competitive, with platforms like Omegle, Chatroulette, and newer names like ChatMatch fighting for dominance. But every now and then, a new contender enters the space with a unique approach. VanaChat is one of those names. Positioned somewhere between a casual cam chat site and a lightweight [&hellip;]<\/p>\n","protected":false},"author":6,"featured_media":0,"parent":0,"menu_order":0,"comment_status":"closed","ping_status":"closed","template":"","meta":{"footnotes":""},"class_list":["post-12815","page","type-page","status-publish","hentry"],"yoast_head":"<!-- This site is optimized with the Yoast SEO plugin v27.4 - https:\/\/yoast.com\/product\/yoast-seo-wordpress\/ -->\n<title>VanaChat - Live video chat with girls on StrangerCam.com<\/title>\n<meta name=\"description\" content=\"Like VanaChat? Come chat with more than 5.000.000 strangers on Stranger Cam for Free! Turn on your cam and find new friends &amp; maby a match!\" \/>\n<meta name=\"robots\" content=\"index, follow, max-snippet:-1, max-image-preview:large, max-video-preview:-1\" \/>\n<link rel=\"canonical\" href=\"https:\/\/strangercam.com\/pt-br\/vanachat\/\" \/>\n<meta property=\"og:locale\" content=\"pt_BR\" \/>\n<meta property=\"og:type\" content=\"article\" \/>\n<meta property=\"og:title\" content=\"VanaChat - Live video chat with girls on StrangerCam.com\" \/>\n<meta property=\"og:description\" content=\"Like VanaChat? Come chat with more than 5.000.000 strangers on Stranger Cam for Free! Turn on your cam and find new friends &amp; maby a match!\" \/>\n<meta property=\"og:url\" content=\"https:\/\/strangercam.com\/pt-br\/vanachat\/\" \/>\n<meta property=\"og:site_name\" content=\"Strangercam\" \/>\n<meta property=\"article:publisher\" content=\"https:\/\/www.facebook.com\/strangercam\" \/>\n<meta property=\"og:image\" content=\"https:\/\/strangercam.com\/wp-content\/uploads\/2021\/10\/Untitled-2.png\" \/>\n\t<meta property=\"og:image:width\" content=\"800\" \/>\n\t<meta property=\"og:image:height\" content=\"532\" \/>\n\t<meta property=\"og:image:type\" content=\"image\/png\" \/>\n<meta name=\"twitter:card\" content=\"summary_large_image\" \/>\n<meta name=\"twitter:site\" content=\"@strangercamapp\" \/>\n<meta name=\"twitter:label1\" content=\"Est. tempo de leitura\" \/>\n\t<meta name=\"twitter:data1\" content=\"7 minutos\" \/>\n<script type=\"application\/ld+json\" class=\"yoast-schema-graph\">{\"@context\":\"https:\\\/\\\/schema.org\",\"@graph\":[{\"@type\":\"WebPage\",\"@id\":\"https:\\\/\\\/strangercam.com\\\/vanachat\\\/\",\"url\":\"https:\\\/\\\/strangercam.com\\\/vanachat\\\/\",\"name\":\"VanaChat - Live video chat with girls on StrangerCam.com\",\"isPartOf\":{\"@id\":\"https:\\\/\\\/strangercam.com\\\/#website\"},\"datePublished\":\"2025-04-22T11:50:44+00:00\",\"description\":\"Like VanaChat? Come chat with more than 5.000.000 strangers on Stranger Cam for Free! Turn on your cam and find new friends & maby a match!\",\"breadcrumb\":{\"@id\":\"https:\\\/\\\/strangercam.com\\\/vanachat\\\/#breadcrumb\"},\"inLanguage\":\"pt-BR\",\"potentialAction\":[{\"@type\":\"ReadAction\",\"target\":[\"https:\\\/\\\/strangercam.com\\\/vanachat\\\/\"]}]},{\"@type\":\"BreadcrumbList\",\"@id\":\"https:\\\/\\\/strangercam.com\\\/vanachat\\\/#breadcrumb\",\"itemListElement\":[{\"@type\":\"ListItem\",\"position\":1,\"name\":\"Home\",\"item\":\"https:\\\/\\\/strangercam.com\\\/\"},{\"@type\":\"ListItem\",\"position\":2,\"name\":\"VanaChat\"}]},{\"@type\":\"WebSite\",\"@id\":\"https:\\\/\\\/strangercam.com\\\/#website\",\"url\":\"https:\\\/\\\/strangercam.com\\\/\",\"name\":\"Strangercam\",\"description\":\"Random Video Chat with Strangers\",\"publisher\":{\"@id\":\"https:\\\/\\\/strangercam.com\\\/#organization\"},\"alternateName\":\"Strangercam.com\",\"potentialAction\":[{\"@type\":\"SearchAction\",\"target\":{\"@type\":\"EntryPoint\",\"urlTemplate\":\"https:\\\/\\\/strangercam.com\\\/?s={search_term_string}\"},\"query-input\":{\"@type\":\"PropertyValueSpecification\",\"valueRequired\":true,\"valueName\":\"search_term_string\"}}],\"inLanguage\":\"pt-BR\"},{\"@type\":\"Organization\",\"@id\":\"https:\\\/\\\/strangercam.com\\\/#organization\",\"name\":\"Strangercam\",\"alternateName\":\"Strangercam.com\",\"url\":\"https:\\\/\\\/strangercam.com\\\/\",\"logo\":{\"@type\":\"ImageObject\",\"inLanguage\":\"pt-BR\",\"@id\":\"https:\\\/\\\/strangercam.com\\\/#\\\/schema\\\/logo\\\/image\\\/\",\"url\":\"https:\\\/\\\/strangercam.com\\\/wp-content\\\/uploads\\\/2020\\\/11\\\/cropped-new-favicon-black.png\",\"contentUrl\":\"https:\\\/\\\/strangercam.com\\\/wp-content\\\/uploads\\\/2020\\\/11\\\/cropped-new-favicon-black.png\",\"width\":512,\"height\":512,\"caption\":\"Strangercam\"},\"image\":{\"@id\":\"https:\\\/\\\/strangercam.com\\\/#\\\/schema\\\/logo\\\/image\\\/\"},\"sameAs\":[\"https:\\\/\\\/www.facebook.com\\\/strangercam\",\"https:\\\/\\\/x.com\\\/strangercamapp\"]}]}<\/script>\n<!-- \/ Yoast SEO plugin. -->","yoast_head_json":{"title":"VanaChat - Bate-papo por v\u00eddeo ao vivo com garotas no StrangerCam.com","description":"Gosta do VanaChat? Venha bater papo com mais de 5.000.000 de estranhos no Stranger Cam de gra\u00e7a! Ligue sua c\u00e2mera e encontre novos amigos e talvez um par!","robots":{"index":"index","follow":"follow","max-snippet":"max-snippet:-1","max-image-preview":"max-image-preview:large","max-video-preview":"max-video-preview:-1"},"canonical":"https:\/\/strangercam.com\/pt-br\/vanachat\/","og_locale":"pt_BR","og_type":"article","og_title":"VanaChat - Live video chat with girls on StrangerCam.com","og_description":"Like VanaChat? Come chat with more than 5.000.000 strangers on Stranger Cam for Free! Turn on your cam and find new friends & maby a match!","og_url":"https:\/\/strangercam.com\/pt-br\/vanachat\/","og_site_name":"Strangercam","article_publisher":"https:\/\/www.facebook.com\/strangercam","og_image":[{"width":800,"height":532,"url":"https:\/\/strangercam.com\/wp-content\/uploads\/2021\/10\/Untitled-2.png","type":"image\/png"}],"twitter_card":"summary_large_image","twitter_site":"@strangercamapp","twitter_misc":{"Est. tempo de leitura":"7 minutos"},"schema":{"@context":"https:\/\/schema.org","@graph":[{"@type":"WebPage","@id":"https:\/\/strangercam.com\/vanachat\/","url":"https:\/\/strangercam.com\/vanachat\/","name":"VanaChat - Bate-papo por v\u00eddeo ao vivo com garotas no StrangerCam.com","isPartOf":{"@id":"https:\/\/strangercam.com\/#website"},"datePublished":"2025-04-22T11:50:44+00:00","description":"Gosta do VanaChat? Venha bater papo com mais de 5.000.000 de estranhos no Stranger Cam de gra\u00e7a! Ligue sua c\u00e2mera e encontre novos amigos e talvez um par!","breadcrumb":{"@id":"https:\/\/strangercam.com\/vanachat\/#breadcrumb"},"inLanguage":"pt-BR","potentialAction":[{"@type":"ReadAction","target":["https:\/\/strangercam.com\/vanachat\/"]}]},{"@type":"BreadcrumbList","@id":"https:\/\/strangercam.com\/vanachat\/#breadcrumb","itemListElement":[{"@type":"ListItem","position":1,"name":"Home","item":"https:\/\/strangercam.com\/"},{"@type":"ListItem","position":2,"name":"VanaChat"}]},{"@type":"WebSite","@id":"https:\/\/strangercam.com\/#website","url":"https:\/\/strangercam.com\/","name":"Strangercam","description":"Bate-papo por v\u00eddeo aleat\u00f3rio com estranhos","publisher":{"@id":"https:\/\/strangercam.com\/#organization"},"alternateName":"Strangercam.com","potentialAction":[{"@type":"SearchAction","target":{"@type":"EntryPoint","urlTemplate":"https:\/\/strangercam.com\/?s={search_term_string}"},"query-input":{"@type":"PropertyValueSpecification","valueRequired":true,"valueName":"search_term_string"}}],"inLanguage":"pt-BR"},{"@type":"Organization","@id":"https:\/\/strangercam.com\/#organization","name":"Strangercam","alternateName":"Strangercam.com","url":"https:\/\/strangercam.com\/","logo":{"@type":"ImageObject","inLanguage":"pt-BR","@id":"https:\/\/strangercam.com\/#\/schema\/logo\/image\/","url":"https:\/\/strangercam.com\/wp-content\/uploads\/2020\/11\/cropped-new-favicon-black.png","contentUrl":"https:\/\/strangercam.com\/wp-content\/uploads\/2020\/11\/cropped-new-favicon-black.png","width":512,"height":512,"caption":"Strangercam"},"image":{"@id":"https:\/\/strangercam.com\/#\/schema\/logo\/image\/"},"sameAs":["https:\/\/www.facebook.com\/strangercam","https:\/\/x.com\/strangercamapp"]}]}},"_links":{"self":[{"href":"https:\/\/strangercam.com\/pt-br\/wp-json\/wp\/v2\/pages\/12815","targetHints":{"allow":["GET"]}}],"collection":[{"href":"https:\/\/strangercam.com\/pt-br\/wp-json\/wp\/v2\/pages"}],"about":[{"href":"https:\/\/strangercam.com\/pt-br\/wp-json\/wp\/v2\/types\/page"}],"author":[{"embeddable":true,"href":"https:\/\/strangercam.com\/pt-br\/wp-json\/wp\/v2\/users\/6"}],"replies":[{"embeddable":true,"href":"https:\/\/strangercam.com\/pt-br\/wp-json\/wp\/v2\/comments?post=12815"}],"version-history":[{"count":2,"href":"https:\/\/strangercam.com\/pt-br\/wp-json\/wp\/v2\/pages\/12815\/revisions"}],"predecessor-version":[{"id":12817,"href":"https:\/\/strangercam.com\/pt-br\/wp-json\/wp\/v2\/pages\/12815\/revisions\/12817"}],"wp:attachment":[{"href":"https:\/\/strangercam.com\/pt-br\/wp-json\/wp\/v2\/media?parent=12815"}],"curies":[{"name":"wp","href":"https:\/\/api.w.org\/{rel}","templated":true}]}}