{"id":12812,"date":"2025-04-22T13:45:21","date_gmt":"2025-04-22T11:45:21","guid":{"rendered":"https:\/\/strangercam.com\/?page_id=12812"},"modified":"2025-04-22T13:45:21","modified_gmt":"2025-04-22T11:45:21","slug":"chatmatch","status":"publish","type":"page","link":"https:\/\/strangercam.com\/pt-br\/chatmatch\/","title":{"rendered":"ChatMatch"},"content":{"rendered":"<p>Como o site <a href=\"https:\/\/strangercam.com\/pt-br\/chathub\/\">bate-papo<\/a> Enquanto o espa\u00e7o da Internet se torna mais concorrido, as plataformas est\u00e3o correndo para se destacar com recursos mais inteligentes, designs mais limpos e melhores experi\u00eancias de usu\u00e1rio. Uma plataforma que est\u00e1 come\u00e7ando a se destacar \u00e9 o ChatMatch, um servi\u00e7o de bate-papo por v\u00eddeo aleat\u00f3rio baseado na Web que se apoia na correspond\u00eancia algor\u00edtmica e na intera\u00e7\u00e3o em tempo real sem comprometer a simplicidade.<\/p>\n<p>Mas ser\u00e1 que o ChatMatch \u00e9 apenas mais um rosto na multid\u00e3o ou traz algo novo para a mesa? Nesta an\u00e1lise aprofundada, detalhamos tudo o que voc\u00ea precisa saber sobre o ChatMatch: como funciona, para quem \u00e9, o que oferece e se vale a pena investir seu tempo no atual cen\u00e1rio de aplicativos de bate-papo por v\u00eddeo aleat\u00f3rios.<\/p>\n<h2>O que \u00e9 o ChatMatch?<\/h2>\n<p>O ChatMatch \u00e9 uma plataforma on-line que conecta estranhos por meio de bate-papo por v\u00eddeo, com uma diferen\u00e7a: em vez de ser completamente aleat\u00f3rio, como o <a href=\"https:\/\/strangercam.com\/pt-br\/omegle\/\">Omegle<\/a> ou <a href=\"https:\/\/strangercam.com\/pt-br\/chatroulette\/\">Chatroulette<\/a>O ChatMatch apresenta recursos de correspond\u00eancia inteligente que tentam emparelhar usu\u00e1rios com base em interesses compartilhados, localiza\u00e7\u00e3o ou prefer\u00eancia de g\u00eanero.<\/p>\n<p>Lan\u00e7ado no in\u00edcio da d\u00e9cada de 2020, o ChatMatch tem crescido lentamente com uma base fiel de usu\u00e1rios que buscam algo um pouco mais intencional do que a pura aleatoriedade. Ele oferece uma experi\u00eancia que prioriza a webcam, destinada a pessoas que desejam estabelecer conex\u00f5es reais, seja para amizade, paquera casual ou at\u00e9 mesmo namoro.<\/p>\n<p>Embora n\u00e3o seja um aplicativo de namoro completo, o ChatMatch se situa na linha entre o bate-papo por v\u00eddeo instant\u00e2neo e a cria\u00e7\u00e3o de encontros leves, o que o torna ideal para usu\u00e1rios que desejam ir al\u00e9m da conversa fiada sem sentido.<\/p>\n<h2>Qual \u00e9 o objetivo do ChatMatch?<\/h2>\n<p>O objetivo principal do ChatMatch \u00e9 criar intera\u00e7\u00f5es mais significativas no mundo do bate-papo por v\u00eddeo on-line. Ao contr\u00e1rio das plataformas tradicionais, em que os usu\u00e1rios s\u00e3o combinados de forma totalmente aleat\u00f3ria - o que muitas vezes leva a desencontros ou a bate-papos de curta dura\u00e7\u00e3o -, o ChatMatch tenta dar a voc\u00ea uma chance maior de encontrar algu\u00e9m com quem esteja realmente interessado em conversar.<\/p>\n<p>Ele foi desenvolvido para:<\/p>\n<ul>\n<li>Pessoas que desejam conex\u00f5es r\u00e1pidas e ao vivo com um rosto humano<\/li>\n<li>Usu\u00e1rios que buscam experi\u00eancias semicuradas sem perfis completos de namoro<\/li>\n<li>Indiv\u00edduos cansados de trolls, bots ou de produtos puramente voltados para adultos <a href=\"https:\/\/strangercam.com\/pt-br\/bazoocam\/\">c\u00e2mera<\/a> locais<\/li>\n<li>Qualquer pessoa aberta a uma socializa\u00e7\u00e3o casual, flerte leve ou poss\u00edvel namoro<\/li>\n<\/ul>\n<h2>Principais recursos<\/h2>\n<p>1. Correspond\u00eancia instant\u00e2nea de v\u00eddeos<br \/>\nA ess\u00eancia do ChatMatch \u00e9 o bate-papo por v\u00eddeo aleat\u00f3rio, no qual voc\u00ea \u00e9 emparelhado com outro usu\u00e1rio instantaneamente. A interface \u00e9 elegante e moderna, com suporte para v\u00eddeo HD e \u00e1udio n\u00edtido. Ao contr\u00e1rio das plataformas mais antigas, o ChatMatch n\u00e3o parece desatualizado ou desajeitado.<\/p>\n<p>2. Correspond\u00eancia de prefer\u00eancias<br \/>\n\u00c9 aqui que o ChatMatch se diferencia. Os usu\u00e1rios podem selecionar prefer\u00eancias com base em:<\/p>\n<ul>\n<li>G\u00eanero (masculino, feminino ou todos)<\/li>\n<li>Regi\u00e3o ou idioma<\/li>\n<li>Interesses compartilhados (escolhidos em uma lista de tags ou categorias)<\/li>\n<\/ul>\n<p>Esses filtros n\u00e3o s\u00e3o perfeitos, mas ajudam a reduzir as correspond\u00eancias completamente irrelevantes e levam a melhores conversas.<\/p>\n<p>3. Suporte a chat de texto<br \/>\nN\u00e3o est\u00e1 pronto para entrar na c\u00e2mera imediatamente? N\u00e3o tem problema. O ChatMatch inclui uma op\u00e7\u00e3o de bate-papo de texto integrada que funciona junto com o v\u00eddeo, permitindo que os usu\u00e1rios quebrem o gelo por meio de mensagens antes de se envolverem totalmente cara a cara.<\/p>\n<p>4. Sistema de conta e perfil (opcional)<br \/>\nDiferentemente de plataformas como o Omegle, o ChatMatch permite que voc\u00ea crie um perfil como op\u00e7\u00e3o. Voc\u00ea pode carregar uma foto de exibi\u00e7\u00e3o, selecionar interesses e at\u00e9 mesmo vincular seu Instagram (se voc\u00ea se sentir confort\u00e1vel). A cria\u00e7\u00e3o de um perfil \u00e9 opcional, mas ter um aumenta suas chances de ser combinado com usu\u00e1rios semelhantes.<\/p>\n<p>5. Design compat\u00edvel com dispositivos m\u00f3veis<br \/>\nO ChatMatch \u00e9 totalmente otimizado para dispositivos m\u00f3veis. Ele carrega rapidamente, ajusta-se a telas menores e mant\u00e9m a funcionalidade na maioria dos dispositivos. Embora ainda n\u00e3o haja um aplicativo aut\u00f4nomo, a experi\u00eancia do navegador m\u00f3vel \u00e9 suave e acess\u00edvel.<\/p>\n<p>6. Modera\u00e7\u00e3o de usu\u00e1rios e relat\u00f3rios<br \/>\nA plataforma tem ferramentas de modera\u00e7\u00e3o incorporadas, incluindo:<\/p>\n<ul>\n<li>Um bot\u00e3o de den\u00fancia de comportamento inadequado<\/li>\n<li>Uma fun\u00e7\u00e3o de bloco<\/li>\n<li>Detec\u00e7\u00e3o de nudez e spam baseada em IA<\/li>\n<\/ul>\n<p>Embora nenhum sistema seja perfeito, o ChatMatch faz um trabalho melhor do que a maioria para manter o ambiente relativamente limpo e respeitoso.<\/p>\n<h2>O ChatMatch \u00e9 gratuito?<\/h2>\n<p>O ChatMatch oferece um modelo freemium.<\/p>\n<p>Os usu\u00e1rios gratuitos podem:<\/p>\n<ul>\n<li>Participe de chats de v\u00eddeo aleat\u00f3rios<\/li>\n<li>Definir prefer\u00eancias b\u00e1sicas de correspond\u00eancia<\/li>\n<li>Use a plataforma sem limite de tempo<\/li>\n<\/ul>\n<p>Os usu\u00e1rios pagos t\u00eam acesso a:<\/p>\n<ul>\n<li>Correspond\u00eancia mais refinada (incluindo filtros avan\u00e7ados por pa\u00eds, idioma ou interesses)<\/li>\n<li>Um recurso de impulso que o coloca na frente da fila<\/li>\n<li>Experi\u00eancia sem an\u00fancios<\/li>\n<li>Crach\u00e1 premium e maior visibilidade<\/li>\n<\/ul>\n<p>O plano premium tem um pre\u00e7o acess\u00edvel (normalmente abaixo de $10\/m\u00eas) e, embora n\u00e3o seja necess\u00e1rio para aproveitar a plataforma, \u00e9 um bom upgrade para usu\u00e1rios que desejam melhores correspond\u00eancias e menos interrup\u00e7\u00f5es.<\/p>\n<h2>Quem usa o ChatMatch?<\/h2>\n<p>O ChatMatch atraiu uma base de usu\u00e1rios bastante equilibrada e internacional. A plataforma \u00e9 popular em:<\/p>\n<ul>\n<li>Am\u00e9rica do Norte<\/li>\n<li>Europa Ocidental<\/li>\n<li>Sudeste Asi\u00e1tico<\/li>\n<\/ul>\n<p>Em termos de dados demogr\u00e1ficos:<\/p>\n<ul>\n<li>Os usu\u00e1rios geralmente t\u00eam entre 18 e 35 anos<\/li>\n<li>Uma propor\u00e7\u00e3o relativamente equilibrada entre homens e mulheres (melhor do que a de muitos concorrentes)<\/li>\n<li>Muitos usu\u00e1rios est\u00e3o abertos a encontros casuais ou paqueras, enquanto outros est\u00e3o l\u00e1 simplesmente para conversar<\/li>\n<\/ul>\n<p>Essa variedade \u00e9 parte do apelo do ChatMatch - o site consegue ser casual sem parecer vulgar e social sem ser excessivamente s\u00e9rio.<\/p>\n<h2>Seguran\u00e7a e modera\u00e7\u00e3o<\/h2>\n<p>As plataformas de bate-papo on-line s\u00e3o sempre um misto quando se trata de seguran\u00e7a, mas o ChatMatch lida com isso melhor do que muitos.<\/p>\n<p>Veja o que ele faz bem:<\/p>\n<ul>\n<li>Filtragem automatizada de conte\u00fado para detectar nudez ou conte\u00fado ofensivo<\/li>\n<li>Ferramentas de relat\u00f3rio e bloqueio de usu\u00e1rios que realmente funcionam<\/li>\n<li>Equipe de modera\u00e7\u00e3o ativa que analisa os usu\u00e1rios sinalizados<\/li>\n<li>N\u00e3o h\u00e1 necessidade de compartilhar informa\u00e7\u00f5es pessoais ou conectar contas sociais, a menos que voc\u00ea queira<\/li>\n<\/ul>\n<p>Ainda assim, como em qualquer plataforma de bate-papo, os usu\u00e1rios devem tomar as precau\u00e7\u00f5es padr\u00e3o:<\/p>\n<ul>\n<li>N\u00e3o compartilhe detalhes particulares (e-mail, n\u00famero de telefone, localiza\u00e7\u00e3o)<\/li>\n<li>N\u00e3o clique em links suspeitos<\/li>\n<li>Use os recursos de bloco e relat\u00f3rio livremente<\/li>\n<li>Se voc\u00ea for menor de idade, evite a plataforma - ela \u00e9 exclusiva para maiores de 18 anos<\/li>\n<\/ul>\n<h2>Experi\u00eancia e interface do usu\u00e1rio<\/h2>\n<p>O design do ChatMatch \u00e9 um de seus melhores recursos. Ele \u00e9 elegante, moderno e organizado. Os feeds de v\u00eddeo s\u00e3o grandes, os bot\u00f5es s\u00e3o intuitivos e as configura\u00e7\u00f5es s\u00e3o f\u00e1ceis de encontrar. Quer voc\u00ea esteja usando-o no desktop ou no celular, o layout se adapta bem, com foco em manter as coisas livres de distra\u00e7\u00f5es.<\/p>\n<p>Os tempos de carregamento s\u00e3o r\u00e1pidos, h\u00e1 pouco atraso mesmo em conex\u00f5es mais lentas e, de modo geral, a plataforma parece est\u00e1vel e profissionalmente constru\u00edda. Ela n\u00e3o o sobrecarrega com pop-ups, notifica\u00e7\u00f5es ou an\u00fancios com spam - uma mudan\u00e7a refrescante em rela\u00e7\u00e3o a muitas outras plataformas de bate-papo gratuitas.<\/p>\n<h2>ChatMatch vs. outras plataformas de bate-papo<\/h2>\n<p>Vamos ver como o ChatMatch se compara a alguns de seus concorrentes mais populares:<\/p>\n<table>\n<thead>\n<tr>\n<th>Recurso<\/th>\n<th>ChatMatch<\/th>\n<th>Omegle<\/th>\n<th>Chatroulette<\/th>\n<th>Chatspin<\/th>\n<th>Emerald Chat<\/th>\n<\/tr>\n<\/thead>\n<tbody>\n<tr>\n<td>Bate-papo por v\u00eddeo<\/td>\n<td>Sim<\/td>\n<td>Sim<\/td>\n<td>Sim<\/td>\n<td>Sim<\/td>\n<td>Sim<\/td>\n<\/tr>\n<tr>\n<td>Prefer\u00eancias de correspond\u00eancia<\/td>\n<td>Sim<\/td>\n<td>Limitada<\/td>\n<td>N\u00e3o<\/td>\n<td>Sim<\/td>\n<td>Sim<\/td>\n<\/tr>\n<tr>\n<td>Op\u00e7\u00e3o de bate-papo por texto<\/td>\n<td>Sim<\/td>\n<td>Sim<\/td>\n<td>N\u00e3o<\/td>\n<td>Sim<\/td>\n<td>Sim<\/td>\n<\/tr>\n<tr>\n<td>Registro obrigat\u00f3rio<\/td>\n<td>Opcional<\/td>\n<td>N\u00e3o<\/td>\n<td>N\u00e3o<\/td>\n<td>Opcional<\/td>\n<td>Sim<\/td>\n<\/tr>\n<tr>\n<td>Otimizado para celular<\/td>\n<td>Sim<\/td>\n<td>Bom<\/td>\n<td>Justo<\/td>\n<td>Excelente<\/td>\n<td>Bom<\/td>\n<\/tr>\n<tr>\n<td>Modera\u00e7\u00e3o<\/td>\n<td>Bom<\/td>\n<td>Fraco<\/td>\n<td>M\u00ednimo<\/td>\n<td>Moderado<\/td>\n<td>Bom<\/td>\n<\/tr>\n<tr>\n<td>Recursos pagos<\/td>\n<td>Opcional<\/td>\n<td>N\u00e3o<\/td>\n<td>N\u00e3o<\/td>\n<td>Sim<\/td>\n<td>Sim<\/td>\n<\/tr>\n<\/tbody>\n<\/table>\n<p>Como mostra a tabela, o ChatMatch equilibra a simplicidade do Omegle com a sofistica\u00e7\u00e3o de plataformas como o Emerald Chat, oferecendo uma experi\u00eancia h\u00edbrida que proporciona a voc\u00ea o melhor dos dois mundos.<\/p>\n<h2>Pr\u00f3s e contras<\/h2>\n<p>Pr\u00f3s<\/p>\n<ul>\n<li>Interface limpa e moderna<\/li>\n<li>Os filtros de correspond\u00eancia melhoram a qualidade da conversa<\/li>\n<li>Perfis opcionais sem for\u00e7ar a inscri\u00e7\u00e3o<\/li>\n<li>Ambiente mais seguro do que a maioria das plataformas de bate-papo por v\u00eddeo gratuitas<\/li>\n<li>Op\u00e7\u00f5es de bate-papo por texto e v\u00eddeo dispon\u00edveis<\/li>\n<li>Funciona bem em dispositivos m\u00f3veis e computadores<\/li>\n<li>Modelo freemium com valiosos upgrades premium<\/li>\n<\/ul>\n<p>Contras<\/p>\n<ul>\n<li>Ainda sujeito a conte\u00fado inapropriado ocasional<\/li>\n<li>Os filtros de g\u00eanero e a correspond\u00eancia de interesses n\u00e3o s\u00e3o perfeitos<\/li>\n<li>Ainda n\u00e3o h\u00e1 aplicativo m\u00f3vel aut\u00f4nomo<\/li>\n<li>Base de usu\u00e1rios menor que a do Omegle ou Chatroulette<\/li>\n<li>N\u00e3o \u00e9 ideal para encontros de longo prazo ou constru\u00e7\u00e3o de relacionamentos<\/li>\n<\/ul>\n<h2>Casos de uso ideais<\/h2>\n<p>O ChatMatch \u00e9 perfeito para:<\/p>\n<ul>\n<li>Pessoas que desejam bate-papos sociais casuais por v\u00eddeo com uma correspond\u00eancia melhor do que a aleatoriedade total<\/li>\n<li>Usu\u00e1rios em busca de flertes leves ou conversas divertidas<\/li>\n<li>Aqueles que buscam uma alternativa mais segura e respeitosa a outras plataformas de bate-papo por v\u00eddeo<\/li>\n<li>Qualquer pessoa que queira bater papo sem criar um perfil completo ou fazer download de um aplicativo<\/li>\n<\/ul>\n<p>N\u00e3o \u00e9 ideal para:<\/p>\n<ul>\n<li>Usu\u00e1rios que esperam relacionamentos profundos ou compatibilidade no n\u00edvel do aplicativo de namoro<\/li>\n<li>Pessoas que preferem bate-papos an\u00f4nimos apenas com texto<\/li>\n<li>Aqueles que buscam grandes volumes de usu\u00e1rios, como no Omegle<\/li>\n<\/ul>\n<h2>Veredicto final<\/h2>\n<p>O ChatMatch \u00e9 uma das plataformas de bate-papo por v\u00eddeo mais equilibradas e bem projetadas dispon\u00edveis. Ele faz um bom trabalho ao combinar espontaneidade com um senso de estrutura. Se voc\u00ea estiver l\u00e1 para <a href=\"https:\/\/strangercam.com\/pt-br\/coomeet\/\">conhecer<\/a> novas pessoas, paquerar ou simplesmente conversar com algu\u00e9m fora de seu c\u00edrculo habitual, ele oferece uma experi\u00eancia tranquila, segura e agrad\u00e1vel.<\/p>\n<p>A possibilidade de usar a plataforma gratuitamente, juntamente com upgrades \u00fateis (mas opcionais), torna-a acess\u00edvel a todos os tipos de usu\u00e1rios. Ele n\u00e3o est\u00e1 tentando ser um site de relacionamentos ou um aplicativo de m\u00eddia social - e essa clareza de prop\u00f3sito funciona a seu favor.<\/p>\n<h2>Vale a pena experimentar o ChatMatch?<\/h2>\n<p>Absolutamente. Se voc\u00ea ficou frustrado com a sensa\u00e7\u00e3o ca\u00f3tica e sem modera\u00e7\u00e3o das plataformas de bate-papo mais antigas, o ChatMatch oferece uma alternativa melhor. Ele \u00e9 moderno, bem constru\u00eddo e lhe d\u00e1 um pouco mais de controle sobre com quem voc\u00ea est\u00e1 conversando - sem arruinar a espontaneidade.<\/p>\n<p>Se voc\u00ea est\u00e1 procurando uma maneira mais inteligente de conversar com estranhos on-line, o ChatMatch merece um lugar no seu radar.<\/p>","protected":false},"excerpt":{"rendered":"<p>As the online chat space becomes more crowded, platforms are racing to stand out with smarter features, cleaner designs, and better user experiences. One platform that\u2019s starting to make a name for itself is ChatMatch \u2014 a web-based random video chat service that leans into algorithmic matching and real-time interaction without compromising on simplicity. But [&hellip;]<\/p>\n","protected":false},"author":6,"featured_media":0,"parent":0,"menu_order":0,"comment_status":"closed","ping_status":"closed","template":"","meta":{"footnotes":""},"class_list":["post-12812","page","type-page","status-publish","hentry"],"yoast_head":"<!-- This site is optimized with the Yoast SEO plugin v26.9 - https:\/\/yoast.com\/product\/yoast-seo-wordpress\/ -->\n<title>ChatMatch - Live video chat with girls on StrangerCam.com<\/title>\n<meta name=\"description\" content=\"Like ChatMatch? Come chat with more than 5.000.000 strangers on Stranger Cam for Free! Turn on your cam and find new friends &amp; maby a match!\" \/>\n<meta name=\"robots\" content=\"index, follow, max-snippet:-1, max-image-preview:large, max-video-preview:-1\" \/>\n<link rel=\"canonical\" href=\"https:\/\/strangercam.com\/pt-br\/chatmatch\/\" \/>\n<meta property=\"og:locale\" content=\"pt_BR\" \/>\n<meta property=\"og:type\" content=\"article\" \/>\n<meta property=\"og:title\" content=\"ChatMatch - Live video chat with girls on StrangerCam.com\" \/>\n<meta property=\"og:description\" content=\"Like ChatMatch? Come chat with more than 5.000.000 strangers on Stranger Cam for Free! Turn on your cam and find new friends &amp; maby a match!\" \/>\n<meta property=\"og:url\" content=\"https:\/\/strangercam.com\/pt-br\/chatmatch\/\" \/>\n<meta property=\"og:site_name\" content=\"Strangercam\" \/>\n<meta property=\"article:publisher\" content=\"https:\/\/www.facebook.com\/strangercam\" \/>\n<meta property=\"og:image\" content=\"https:\/\/strangercam.com\/wp-content\/uploads\/2021\/10\/Untitled-2.png\" \/>\n\t<meta property=\"og:image:width\" content=\"800\" \/>\n\t<meta property=\"og:image:height\" content=\"532\" \/>\n\t<meta property=\"og:image:type\" content=\"image\/png\" \/>\n<meta name=\"twitter:card\" content=\"summary_large_image\" \/>\n<meta name=\"twitter:site\" content=\"@strangercamapp\" \/>\n<meta name=\"twitter:label1\" content=\"Est. tempo de leitura\" \/>\n\t<meta name=\"twitter:data1\" content=\"7 minutos\" \/>\n<script type=\"application\/ld+json\" class=\"yoast-schema-graph\">{\"@context\":\"https:\/\/schema.org\",\"@graph\":[{\"@type\":\"WebPage\",\"@id\":\"https:\/\/strangercam.com\/chatmatch\/\",\"url\":\"https:\/\/strangercam.com\/chatmatch\/\",\"name\":\"ChatMatch - Live video chat with girls on StrangerCam.com\",\"isPartOf\":{\"@id\":\"https:\/\/strangercam.com\/#website\"},\"datePublished\":\"2025-04-22T11:45:21+00:00\",\"description\":\"Like ChatMatch? Come chat with more than 5.000.000 strangers on Stranger Cam for Free! Turn on your cam and find new friends & maby a match!\",\"breadcrumb\":{\"@id\":\"https:\/\/strangercam.com\/chatmatch\/#breadcrumb\"},\"inLanguage\":\"pt-BR\",\"potentialAction\":[{\"@type\":\"ReadAction\",\"target\":[\"https:\/\/strangercam.com\/chatmatch\/\"]}]},{\"@type\":\"BreadcrumbList\",\"@id\":\"https:\/\/strangercam.com\/chatmatch\/#breadcrumb\",\"itemListElement\":[{\"@type\":\"ListItem\",\"position\":1,\"name\":\"Home\",\"item\":\"https:\/\/strangercam.com\/\"},{\"@type\":\"ListItem\",\"position\":2,\"name\":\"ChatMatch\"}]},{\"@type\":\"WebSite\",\"@id\":\"https:\/\/strangercam.com\/#website\",\"url\":\"https:\/\/strangercam.com\/\",\"name\":\"Strangercam\",\"description\":\"Random Video Chat with Strangers\",\"publisher\":{\"@id\":\"https:\/\/strangercam.com\/#organization\"},\"alternateName\":\"Strangercam.com\",\"potentialAction\":[{\"@type\":\"SearchAction\",\"target\":{\"@type\":\"EntryPoint\",\"urlTemplate\":\"https:\/\/strangercam.com\/?s={search_term_string}\"},\"query-input\":{\"@type\":\"PropertyValueSpecification\",\"valueRequired\":true,\"valueName\":\"search_term_string\"}}],\"inLanguage\":\"pt-BR\"},{\"@type\":\"Organization\",\"@id\":\"https:\/\/strangercam.com\/#organization\",\"name\":\"Strangercam\",\"alternateName\":\"Strangercam.com\",\"url\":\"https:\/\/strangercam.com\/\",\"logo\":{\"@type\":\"ImageObject\",\"inLanguage\":\"pt-BR\",\"@id\":\"https:\/\/strangercam.com\/#\/schema\/logo\/image\/\",\"url\":\"https:\/\/strangercam.com\/wp-content\/uploads\/2020\/11\/cropped-new-favicon-black.png\",\"contentUrl\":\"https:\/\/strangercam.com\/wp-content\/uploads\/2020\/11\/cropped-new-favicon-black.png\",\"width\":512,\"height\":512,\"caption\":\"Strangercam\"},\"image\":{\"@id\":\"https:\/\/strangercam.com\/#\/schema\/logo\/image\/\"},\"sameAs\":[\"https:\/\/www.facebook.com\/strangercam\",\"https:\/\/x.com\/strangercamapp\"]}]}<\/script>\n<!-- \/ Yoast SEO plugin. -->","yoast_head_json":{"title":"ChatMatch - Bate-papo por v\u00eddeo ao vivo com garotas no StrangerCam.com","description":"Gosta do ChatMatch? Venha conversar com mais de 5.000.000 de estranhos no Stranger Cam gratuitamente! Ligue sua c\u00e2mera e encontre novos amigos e talvez um par!","robots":{"index":"index","follow":"follow","max-snippet":"max-snippet:-1","max-image-preview":"max-image-preview:large","max-video-preview":"max-video-preview:-1"},"canonical":"https:\/\/strangercam.com\/pt-br\/chatmatch\/","og_locale":"pt_BR","og_type":"article","og_title":"ChatMatch - Live video chat with girls on StrangerCam.com","og_description":"Like ChatMatch? Come chat with more than 5.000.000 strangers on Stranger Cam for Free! Turn on your cam and find new friends & maby a match!","og_url":"https:\/\/strangercam.com\/pt-br\/chatmatch\/","og_site_name":"Strangercam","article_publisher":"https:\/\/www.facebook.com\/strangercam","og_image":[{"width":800,"height":532,"url":"https:\/\/strangercam.com\/wp-content\/uploads\/2021\/10\/Untitled-2.png","type":"image\/png"}],"twitter_card":"summary_large_image","twitter_site":"@strangercamapp","twitter_misc":{"Est. tempo de leitura":"7 minutos"},"schema":{"@context":"https:\/\/schema.org","@graph":[{"@type":"WebPage","@id":"https:\/\/strangercam.com\/chatmatch\/","url":"https:\/\/strangercam.com\/chatmatch\/","name":"ChatMatch - Bate-papo por v\u00eddeo ao vivo com garotas no StrangerCam.com","isPartOf":{"@id":"https:\/\/strangercam.com\/#website"},"datePublished":"2025-04-22T11:45:21+00:00","description":"Gosta do ChatMatch? Venha conversar com mais de 5.000.000 de estranhos no Stranger Cam gratuitamente! Ligue sua c\u00e2mera e encontre novos amigos e talvez um par!","breadcrumb":{"@id":"https:\/\/strangercam.com\/chatmatch\/#breadcrumb"},"inLanguage":"pt-BR","potentialAction":[{"@type":"ReadAction","target":["https:\/\/strangercam.com\/chatmatch\/"]}]},{"@type":"BreadcrumbList","@id":"https:\/\/strangercam.com\/chatmatch\/#breadcrumb","itemListElement":[{"@type":"ListItem","position":1,"name":"Home","item":"https:\/\/strangercam.com\/"},{"@type":"ListItem","position":2,"name":"ChatMatch"}]},{"@type":"WebSite","@id":"https:\/\/strangercam.com\/#website","url":"https:\/\/strangercam.com\/","name":"Strangercam","description":"Bate-papo por v\u00eddeo aleat\u00f3rio com estranhos","publisher":{"@id":"https:\/\/strangercam.com\/#organization"},"alternateName":"Strangercam.com","potentialAction":[{"@type":"SearchAction","target":{"@type":"EntryPoint","urlTemplate":"https:\/\/strangercam.com\/?s={search_term_string}"},"query-input":{"@type":"PropertyValueSpecification","valueRequired":true,"valueName":"search_term_string"}}],"inLanguage":"pt-BR"},{"@type":"Organization","@id":"https:\/\/strangercam.com\/#organization","name":"Strangercam","alternateName":"Strangercam.com","url":"https:\/\/strangercam.com\/","logo":{"@type":"ImageObject","inLanguage":"pt-BR","@id":"https:\/\/strangercam.com\/#\/schema\/logo\/image\/","url":"https:\/\/strangercam.com\/wp-content\/uploads\/2020\/11\/cropped-new-favicon-black.png","contentUrl":"https:\/\/strangercam.com\/wp-content\/uploads\/2020\/11\/cropped-new-favicon-black.png","width":512,"height":512,"caption":"Strangercam"},"image":{"@id":"https:\/\/strangercam.com\/#\/schema\/logo\/image\/"},"sameAs":["https:\/\/www.facebook.com\/strangercam","https:\/\/x.com\/strangercamapp"]}]}},"_links":{"self":[{"href":"https:\/\/strangercam.com\/pt-br\/wp-json\/wp\/v2\/pages\/12812","targetHints":{"allow":["GET"]}}],"collection":[{"href":"https:\/\/strangercam.com\/pt-br\/wp-json\/wp\/v2\/pages"}],"about":[{"href":"https:\/\/strangercam.com\/pt-br\/wp-json\/wp\/v2\/types\/page"}],"author":[{"embeddable":true,"href":"https:\/\/strangercam.com\/pt-br\/wp-json\/wp\/v2\/users\/6"}],"replies":[{"embeddable":true,"href":"https:\/\/strangercam.com\/pt-br\/wp-json\/wp\/v2\/comments?post=12812"}],"version-history":[{"count":2,"href":"https:\/\/strangercam.com\/pt-br\/wp-json\/wp\/v2\/pages\/12812\/revisions"}],"predecessor-version":[{"id":12814,"href":"https:\/\/strangercam.com\/pt-br\/wp-json\/wp\/v2\/pages\/12812\/revisions\/12814"}],"wp:attachment":[{"href":"https:\/\/strangercam.com\/pt-br\/wp-json\/wp\/v2\/media?parent=12812"}],"curies":[{"name":"wp","href":"https:\/\/api.w.org\/{rel}","templated":true}]}}