{"id":12808,"date":"2025-04-22T13:39:13","date_gmt":"2025-04-22T11:39:13","guid":{"rendered":"https:\/\/strangercam.com\/?page_id=12808"},"modified":"2025-04-22T13:39:25","modified_gmt":"2025-04-22T11:39:25","slug":"ifreechat","status":"publish","type":"page","link":"https:\/\/strangercam.com\/pt-br\/ifreechat\/","title":{"rendered":"iFreeChat"},"content":{"rendered":"<p>Em um mundo onde o v\u00eddeo <a href=\"https:\/\/strangercam.com\/pt-br\/chatroulette\/\">bate-papo<\/a> Os aplicativos est\u00e3o se tornando cada vez mais refinados, filtrados e monetizados, mas h\u00e1 uma demanda pequena, por\u00e9m persistente, por algo mais bruto e minimalista. \u00c9 a\u00ed que entra o iFreeChat. Ele n\u00e3o \u00e9 chamativo, n\u00e3o est\u00e1 repleto de recursos de alta tecnologia e n\u00e3o custar\u00e1 um centavo. Mas ser\u00e1 que ele oferece valor real? E, o que \u00e9 mais importante, vale seu tempo?<\/p>\n<p>Nesta an\u00e1lise detalhada, abordaremos tudo o que voc\u00ea precisa saber sobre o iFreeChat: o que \u00e9, quem o usa, como funciona, se \u00e9 seguro e como ele se compara \u00e0 concorr\u00eancia.<\/p>\n<h2>O que \u00e9 iFreeChat?<\/h2>\n<p>O iFreeChat \u00e9 uma plataforma de bate-papo on-line totalmente gratuita que permite aos usu\u00e1rios participar de conversas individuais baseadas em texto com estranhos de todo o mundo. Ao contr\u00e1rio das plataformas mais modernas que enfatizam v\u00eddeo, filtros ou experi\u00eancias gamificadas, o iFreeChat mant\u00e9m a simplicidade: bate-papo an\u00f4nimo somente por texto, sem necessidade de login e sem compromisso.<\/p>\n<p>Lan\u00e7ado no in\u00edcio da d\u00e9cada de 2010, o iFreeChat tem mantido discretamente um fluxo constante de usu\u00e1rios, principalmente gra\u00e7as ao seu design ultraleve, tempos de carregamento r\u00e1pidos e acesso sem barreiras. Ele pertence \u00e0 mesma classe de plataformas que <a href=\"https:\/\/strangercam.com\/pt-br\/omegle\/\">Omegle<\/a> (era pr\u00e9-v\u00eddeo) e <a href=\"https:\/\/strangercam.com\/pt-br\/chatib\/\">Chatib<\/a>, O sistema de bate-papo \u00e9 um recurso que atrai aqueles que preferem uma vibra\u00e7\u00e3o de sala de bate-papo antiga \u00e0 intera\u00e7\u00e3o com a webcam.<\/p>\n<h2>Qual \u00e9 o objetivo do iFreeChat?<\/h2>\n<p>O principal objetivo do iFreeChat \u00e9 facilitar conversas espont\u00e2neas e an\u00f4nimas entre estranhos. Seja para matar o tempo, fazer um novo amigo, flertar com algu\u00e9m do outro lado do mundo ou apenas desfrutar de um pouco de intera\u00e7\u00e3o humana sem compromisso, o iFreeChat oferece isso da maneira mais simples poss\u00edvel.<\/p>\n<p>Esta n\u00e3o \u00e9 uma plataforma para relacionamentos de longo prazo, perfis de namoro ou personas de m\u00eddia social com curadoria. \u00c9 para conversas casuais e em tempo real - e nada mais. Seu apelo est\u00e1 na capacidade de entrar em uma conversa sem fazer login, inscrever-se ou navegar por an\u00fancios e paywalls.<\/p>\n<h2>Principais recursos<\/h2>\n<p>Embora o iFreeChat seja intencionalmente leve em termos de recursos, aqui est\u00e1 o que ele oferece:<\/p>\n<p>1. Chat an\u00f4nimo instant\u00e2neo<br \/>\nAssim que chegar \u00e0 p\u00e1gina inicial, voc\u00ea estar\u00e1 a apenas um clique de dist\u00e2ncia do bate-papo com um estranho. N\u00e3o h\u00e1 necessidade de se inscrever, criar uma conta ou verificar o e-mail. Basta clicar em \u201cStart Chatting\u201d (Iniciar bate-papo) e voc\u00ea ser\u00e1 combinado com outro usu\u00e1rio em tempo real.<\/p>\n<p>2. Somente bate-papo baseado em texto<br \/>\nAo contr\u00e1rio de muitos concorrentes modernos, o iFreeChat n\u00e3o oferece suporte a bate-papo com v\u00eddeo ou \u00e1udio. Toda a comunica\u00e7\u00e3o \u00e9 feita por meio de texto simples. Isso tem vantagens (mais anonimato, menos press\u00e3o para mostrar seu rosto) e desvantagens (menos conex\u00e3o pessoal, maiores chances de trolls).<\/p>\n<p>3. Salas de bate-papo de t\u00f3picos (limitado)<br \/>\nAl\u00e9m dos bate-papos individuais, o iFreeChat oferece algumas salas de bate-papo p\u00fablicas categorizadas por t\u00f3picos como \u201cAleat\u00f3rio\u201d, \u201cBate-papo para adolescentes\u201d, \u201cPaquera\u201d, \u201cAdulto\u201d e \u201cInternacional\u201d. Essas salas s\u00e3o mais parecidas com os quadros de mensagens cl\u00e1ssicos no estilo IRC do que com as modernas salas de bate-papo em grupo. Elas s\u00e3o muito b\u00e1sicas, mas oferecem aos usu\u00e1rios a op\u00e7\u00e3o de participar de discuss\u00f5es em grupo.<\/p>\n<p>4. Sem filtros ou prefer\u00eancias de correspond\u00eancia<br \/>\nN\u00e3o h\u00e1 filtros de g\u00eanero, local ou interesse. Tudo \u00e9 aleat\u00f3rio. Se voc\u00ea estiver procurando falar com um tipo espec\u00edfico de pessoa, esta n\u00e3o \u00e9 a plataforma para isso. O apelo aqui est\u00e1 na imprevisibilidade.<\/p>\n<p>5. Compat\u00edvel com dispositivos m\u00f3veis e desktops<br \/>\nO iFreeChat funciona razoavelmente bem em dispositivos m\u00f3veis por meio do navegador, embora a experi\u00eancia do usu\u00e1rio seja melhor no desktop. N\u00e3o h\u00e1 um aplicativo m\u00f3vel dedicado.<\/p>\n<p>6. N\u00e3o \u00e9 necess\u00e1rio fazer download<br \/>\nComo ele \u00e9 baseado na Web, n\u00e3o \u00e9 necess\u00e1rio instalar nada. Isso torna o iFreeChat muito acess\u00edvel, especialmente para usu\u00e1rios em computadores p\u00fablicos ou compartilhados.<\/p>\n<h2>O iFreeChat \u00e9 gratuito?<\/h2>\n<p>Sim, o iFreeChat \u00e9 100% de uso gratuito. N\u00e3o h\u00e1 taxas ocultas, upgrades ou associa\u00e7\u00f5es. Voc\u00ea n\u00e3o precisa nem mesmo se registrar. O site \u00e9 monetizado levemente por meio de an\u00fancios, que n\u00e3o s\u00e3o intrusivos e n\u00e3o interferem na experi\u00eancia de bate-papo. Dito isso, a aus\u00eancia de monetiza\u00e7\u00e3o tamb\u00e9m traz algumas limita\u00e7\u00f5es, especialmente quando se trata de recursos de modera\u00e7\u00e3o e seguran\u00e7a.<\/p>\n<h2>Quem usa o iFreeChat?<\/h2>\n<p>A base de usu\u00e1rios do iFreeChat \u00e9 bastante diversificada. Com base em nossas observa\u00e7\u00f5es, a maioria dos usu\u00e1rios se enquadra nas seguintes categorias:<\/p>\n<ul>\n<li>Adolescentes e jovens adultos de 15 a 30 anos<\/li>\n<li>Pessoas em busca de paquera leve ou companhia on-line<\/li>\n<li>Usu\u00e1rios em regi\u00f5es com acesso limitado a aplicativos de bate-papo modernos<\/li>\n<li>F\u00e3s de bate-papo an\u00f4nimo da velha guarda<\/li>\n<li>Usu\u00e1rios t\u00edmidos ou preocupados com a privacidade e que preferem n\u00e3o usar v\u00eddeo<\/li>\n<\/ul>\n<p>Geograficamente, os usu\u00e1rios v\u00eam de todo o mundo, com forte representa\u00e7\u00e3o dos Estados Unidos, \u00cdndia, Reino Unido e partes da Europa e do Sudeste Asi\u00e1tico. Como n\u00e3o h\u00e1 perfil de usu\u00e1rio ou login, \u00e9 dif\u00edcil obter dados demogr\u00e1ficos precisos, mas o p\u00fablico tende a ser bastante internacional e ligeiramente masculino, principalmente no modo de bate-papo privado.<\/p>\n<h2>Seguran\u00e7a e privacidade<\/h2>\n<p>\u00c9 aqui que as coisas ficam mais s\u00e9rias. A maior desvantagem do iFreeChat \u00e9 a falta de modera\u00e7\u00e3o. Como n\u00e3o h\u00e1 registro, tamb\u00e9m n\u00e3o h\u00e1 responsabilidade, o que pode levar a conte\u00fado inadequado, trollagem e, \u00e0s vezes, comportamento ofensivo. H\u00e1 algumas diretrizes b\u00e1sicas e um bot\u00e3o \"Denunciar usu\u00e1rio\", mas elas n\u00e3o parecem ser muito aplicadas ou monitoradas.<\/p>\n<p>Para os usu\u00e1rios que valorizam a privacidade e o anonimato, isso pode ser tanto positivo quanto negativo. Por um lado, voc\u00ea n\u00e3o fornece nenhuma informa\u00e7\u00e3o pessoal. Por outro lado, voc\u00ea pode encontrar pessoas que abusam do anonimato para ter um comportamento negativo.<\/p>\n<p>Aqui est\u00e3o algumas dicas de seguran\u00e7a para usar o iFreeChat:<\/p>\n<ul>\n<li>Nunca compartilhe informa\u00e7\u00f5es pessoais<\/li>\n<li>Evite clicar em links enviados por outros usu\u00e1rios<\/li>\n<li>Use uma VPN se voc\u00ea estiver preocupado com o rastreamento de IP<\/li>\n<li>Esteja preparado para sair rapidamente se a conversa se tornar inadequada<\/li>\n<\/ul>\n<h2>Experi\u00eancia do usu\u00e1rio e design<\/h2>\n<p>O iFreeChat \u00e9 extremamente leve. O design \u00e9 simples: sem elementos modernos de interface do usu\u00e1rio, sem avatares, sem anima\u00e7\u00f5es de carregamento. A interface consiste em uma caixa de bate-papo, alguns bot\u00f5es b\u00e1sicos e nada mais. Isso ajuda a carregar muito rapidamente, mesmo em conex\u00f5es lentas, e \u00e9 surpreendentemente est\u00e1vel apesar de sua simplicidade.<\/p>\n<p>Embora o design minimalista tenha seu charme, alguns usu\u00e1rios podem ach\u00e1-lo muito desatualizado ou pouco convidativo, especialmente em compara\u00e7\u00e3o com plataformas visualmente refinadas como Chatspin ou <a href=\"https:\/\/strangercam.com\/pt-br\/emerald-chat\/\">Esmeralda<\/a> Bate-papo. Ainda assim, para os usu\u00e1rios que valorizam a velocidade e a simplicidade, ele faz o trabalho sem distra\u00e7\u00f5es.<\/p>\n<h2>iFreeChat vs. outras plataformas de bate-papo<\/h2>\n<p>Para entender onde o iFreeChat se encaixa no ecossistema de plataformas de bate-papo on-line, aqui est\u00e1 uma r\u00e1pida compara\u00e7\u00e3o com algumas alternativas populares:<\/p>\n<table>\n<thead>\n<tr>\n<th>Recurso<\/th>\n<th>iFreeChat<\/th>\n<th>Omegle<\/th>\n<th>Chatib<\/th>\n<th>Chatrandom<\/th>\n<th>Emerald Chat<\/th>\n<\/tr>\n<\/thead>\n<tbody>\n<tr>\n<td>Bate-papo por texto<\/td>\n<td>Sim<\/td>\n<td>Sim<\/td>\n<td>Sim<\/td>\n<td>Sim<\/td>\n<td>Sim<\/td>\n<\/tr>\n<tr>\n<td><a href=\"https:\/\/strangercam.com\/pt-br\/coomeet\/\">Bate-papo por v\u00eddeo<\/a><\/td>\n<td>N\u00e3o<\/td>\n<td>Sim<\/td>\n<td>N\u00e3o<\/td>\n<td>Sim<\/td>\n<td>Sim<\/td>\n<\/tr>\n<tr>\n<td>Uso an\u00f4nimo<\/td>\n<td>Sim<\/td>\n<td>Sim<\/td>\n<td>Sim<\/td>\n<td>Sim<\/td>\n<td>Opcional<\/td>\n<\/tr>\n<tr>\n<td>Filtro de g\u00eanero<\/td>\n<td>N\u00e3o<\/td>\n<td>Pago<\/td>\n<td>N\u00e3o<\/td>\n<td>Pago<\/td>\n<td>Sim<\/td>\n<\/tr>\n<tr>\n<td>Salas de bate-papo de t\u00f3picos<\/td>\n<td>Limitada<\/td>\n<td>N\u00e3o<\/td>\n<td>Sim<\/td>\n<td>N\u00e3o<\/td>\n<td>N\u00e3o<\/td>\n<\/tr>\n<tr>\n<td>Modera\u00e7\u00e3o<\/td>\n<td>M\u00ednimo<\/td>\n<td>M\u00ednimo<\/td>\n<td>M\u00ednimo<\/td>\n<td>Moderado<\/td>\n<td>Bom<\/td>\n<\/tr>\n<tr>\n<td>Suporte m\u00f3vel<\/td>\n<td>Certo<\/td>\n<td>Bom<\/td>\n<td>Certo<\/td>\n<td>Bom<\/td>\n<td>Bom<\/td>\n<\/tr>\n<tr>\n<td>Registro obrigat\u00f3rio<\/td>\n<td>N\u00e3o<\/td>\n<td>N\u00e3o<\/td>\n<td>N\u00e3o<\/td>\n<td>N\u00e3o<\/td>\n<td>Sim<\/td>\n<\/tr>\n<\/tbody>\n<\/table>\n<p>O iFreeChat n\u00e3o compete em termos de recursos, mas se mant\u00e9m firme quando se trata de bate-papo puro, r\u00e1pido e an\u00f4nimo.<\/p>\n<h2>Pr\u00f3s e contras<\/h2>\n<p>Pr\u00f3s:<\/p>\n<ul>\n<li>Totalmente gratuito e an\u00f4nimo<\/li>\n<li>N\u00e3o \u00e9 necess\u00e1rio registrar-se ou instalar nada<\/li>\n<li>Acesso instant\u00e2neo a bate-papo individual ou em grupo<\/li>\n<li>Carregamento r\u00e1pido, mesmo em redes lentas<\/li>\n<li>Funciona em navegadores de desktop e m\u00f3veis<\/li>\n<\/ul>\n<p>Contras:<\/p>\n<ul>\n<li>Interface de usu\u00e1rio desatualizada<\/li>\n<li>Sem op\u00e7\u00f5es de v\u00eddeo ou \u00e1udio<\/li>\n<li>Sem controles de filtragem ou correspond\u00eancia<\/li>\n<li>Modera\u00e7\u00e3o m\u00ednima e possibilidade de conte\u00fado inadequado<\/li>\n<li>Atividade limitada da sala de t\u00f3picos<\/li>\n<li>Pode parecer repetitivo ou aleat\u00f3rio com o tempo<\/li>\n<\/ul>\n<h2>Casos de uso ideais<\/h2>\n<p>O iFreeChat \u00e9 mais adequado para:<\/p>\n<ul>\n<li>Usu\u00e1rios que preferem intera\u00e7\u00e3o somente com texto<\/li>\n<li>Pessoas que desejam conversar sem compartilhar informa\u00e7\u00f5es pessoais<\/li>\n<li>Intera\u00e7\u00e3o social casual e de curto prazo<\/li>\n<li>Usu\u00e1rios mais antigos que gostavam das primeiras salas de bate-papo da Internet e querem uma experi\u00eancia nost\u00e1lgica<\/li>\n<\/ul>\n<p>N\u00e3o \u00e9 ideal para:<\/p>\n<ul>\n<li>Aqueles que buscam bate-papo por v\u00eddeo ou formatos mais envolventes<\/li>\n<li>Usu\u00e1rios que desejam recursos de namoro ou algoritmos de correspond\u00eancia<\/li>\n<li>Pessoas que procuram um espa\u00e7o comunit\u00e1rio seguro ou com curadoria<\/li>\n<\/ul>\n<h2>Veredicto final<\/h2>\n<p>O iFreeChat \u00e9 uma reminisc\u00eancia de uma era mais simples da Internet - uma era em que conversar com estranhos significava mergulhar diretamente em conversas baseadas em texto, sem filtros, sem perfis e sem obriga\u00e7\u00f5es. Essa simplicidade \u00e9 sua maior for\u00e7a, mas tamb\u00e9m sua maior fraqueza.<\/p>\n<p>Se estiver procurando por algo sofisticado, social e voltado para a comunidade, h\u00e1 op\u00e7\u00f5es melhores. Mas se voc\u00ea valoriza a velocidade, o anonimato e n\u00e3o se importa com algumas arestas, o iFreeChat ainda tem um lugar no mundo do bate-papo on-line.<\/p>\n<p>Para os usu\u00e1rios que sentem falta dos velhos tempos das conversas no estilo IRC ou que simplesmente querem passar alguns minutos conversando anonimamente, essa \u00e9 uma ferramenta confi\u00e1vel (embora b\u00e1sica) que ainda se mant\u00e9m na era dos aplicativos que priorizam o v\u00eddeo.<\/p>\n<h2>Dicas para uma experi\u00eancia melhor<\/h2>\n<ul>\n<li>Use a \u00e1rea de trabalho para obter um layout mais est\u00e1vel e f\u00e1cil de usar<\/li>\n<li>Experimente sess\u00f5es noturnas para usu\u00e1rios mais ativos<\/li>\n<li>N\u00e3o espere conex\u00f5es profundas ou duradouras - \u00e9 mais para divers\u00e3o e conversas casuais<\/li>\n<li>Manter baixas as expectativas com rela\u00e7\u00e3o \u00e0 modera\u00e7\u00e3o ou seguran\u00e7a<\/li>\n<\/ul>\n<h2>O iFreeChat vale a pena?<\/h2>\n<p>Resumindo: sim, se voc\u00ea deseja simplicidade e anonimato. Mas n\u00e3o, se estiver procurando uma plataforma de bate-papo mais avan\u00e7ada, mais segura ou com mais recursos. Tudo depende do tipo de experi\u00eancia de bate-papo on-line que voc\u00ea deseja.<\/p>","protected":false},"excerpt":{"rendered":"<p>In a world where video chat apps are becoming increasingly polished, filtered, and monetized, there\u2019s a small but persistent demand for something more raw and minimalist. That\u2019s where iFreeChat comes in. It\u2019s not flashy, it\u2019s not packed with high-tech features, and it won\u2019t cost you a cent. But does it offer real value? And more [&hellip;]<\/p>\n","protected":false},"author":6,"featured_media":0,"parent":0,"menu_order":0,"comment_status":"closed","ping_status":"closed","template":"","meta":{"footnotes":""},"class_list":["post-12808","page","type-page","status-publish","hentry"],"yoast_head":"<!-- This site is optimized with the Yoast SEO plugin v27.4 - https:\/\/yoast.com\/product\/yoast-seo-wordpress\/ -->\n<title>iFreeChat - Live video chat with girls on StrangerCam.com<\/title>\n<meta name=\"description\" content=\"Like iFreeChat? Come chat with more than 5.000.000 strangers on Stranger Cam for Free! Turn on your cam and find new friends &amp; maby a match!\" \/>\n<meta name=\"robots\" content=\"index, follow, max-snippet:-1, max-image-preview:large, max-video-preview:-1\" \/>\n<link rel=\"canonical\" href=\"https:\/\/strangercam.com\/pt-br\/ifreechat\/\" \/>\n<meta property=\"og:locale\" content=\"pt_BR\" \/>\n<meta property=\"og:type\" content=\"article\" \/>\n<meta property=\"og:title\" content=\"iFreeChat - Live video chat with girls on StrangerCam.com\" \/>\n<meta property=\"og:description\" content=\"Like iFreeChat? Come chat with more than 5.000.000 strangers on Stranger Cam for Free! Turn on your cam and find new friends &amp; maby a match!\" \/>\n<meta property=\"og:url\" content=\"https:\/\/strangercam.com\/pt-br\/ifreechat\/\" \/>\n<meta property=\"og:site_name\" content=\"Strangercam\" \/>\n<meta property=\"article:publisher\" content=\"https:\/\/www.facebook.com\/strangercam\" \/>\n<meta property=\"article:modified_time\" content=\"2025-04-22T11:39:25+00:00\" \/>\n<meta property=\"og:image\" content=\"https:\/\/strangercam.com\/wp-content\/uploads\/2021\/10\/Untitled-2.png\" \/>\n\t<meta property=\"og:image:width\" content=\"800\" \/>\n\t<meta property=\"og:image:height\" content=\"532\" \/>\n\t<meta property=\"og:image:type\" content=\"image\/png\" \/>\n<meta name=\"twitter:card\" content=\"summary_large_image\" \/>\n<meta name=\"twitter:site\" content=\"@strangercamapp\" \/>\n<meta name=\"twitter:label1\" content=\"Est. tempo de leitura\" \/>\n\t<meta name=\"twitter:data1\" content=\"7 minutos\" \/>\n<script type=\"application\/ld+json\" class=\"yoast-schema-graph\">{\"@context\":\"https:\\\/\\\/schema.org\",\"@graph\":[{\"@type\":\"WebPage\",\"@id\":\"https:\\\/\\\/strangercam.com\\\/ifreechat\\\/\",\"url\":\"https:\\\/\\\/strangercam.com\\\/ifreechat\\\/\",\"name\":\"iFreeChat - Live video chat with girls on StrangerCam.com\",\"isPartOf\":{\"@id\":\"https:\\\/\\\/strangercam.com\\\/#website\"},\"datePublished\":\"2025-04-22T11:39:13+00:00\",\"dateModified\":\"2025-04-22T11:39:25+00:00\",\"description\":\"Like iFreeChat? Come chat with more than 5.000.000 strangers on Stranger Cam for Free! Turn on your cam and find new friends & maby a match!\",\"breadcrumb\":{\"@id\":\"https:\\\/\\\/strangercam.com\\\/ifreechat\\\/#breadcrumb\"},\"inLanguage\":\"pt-BR\",\"potentialAction\":[{\"@type\":\"ReadAction\",\"target\":[\"https:\\\/\\\/strangercam.com\\\/ifreechat\\\/\"]}]},{\"@type\":\"BreadcrumbList\",\"@id\":\"https:\\\/\\\/strangercam.com\\\/ifreechat\\\/#breadcrumb\",\"itemListElement\":[{\"@type\":\"ListItem\",\"position\":1,\"name\":\"Home\",\"item\":\"https:\\\/\\\/strangercam.com\\\/\"},{\"@type\":\"ListItem\",\"position\":2,\"name\":\"iFreeChat\"}]},{\"@type\":\"WebSite\",\"@id\":\"https:\\\/\\\/strangercam.com\\\/#website\",\"url\":\"https:\\\/\\\/strangercam.com\\\/\",\"name\":\"Strangercam\",\"description\":\"Random Video Chat with Strangers\",\"publisher\":{\"@id\":\"https:\\\/\\\/strangercam.com\\\/#organization\"},\"alternateName\":\"Strangercam.com\",\"potentialAction\":[{\"@type\":\"SearchAction\",\"target\":{\"@type\":\"EntryPoint\",\"urlTemplate\":\"https:\\\/\\\/strangercam.com\\\/?s={search_term_string}\"},\"query-input\":{\"@type\":\"PropertyValueSpecification\",\"valueRequired\":true,\"valueName\":\"search_term_string\"}}],\"inLanguage\":\"pt-BR\"},{\"@type\":\"Organization\",\"@id\":\"https:\\\/\\\/strangercam.com\\\/#organization\",\"name\":\"Strangercam\",\"alternateName\":\"Strangercam.com\",\"url\":\"https:\\\/\\\/strangercam.com\\\/\",\"logo\":{\"@type\":\"ImageObject\",\"inLanguage\":\"pt-BR\",\"@id\":\"https:\\\/\\\/strangercam.com\\\/#\\\/schema\\\/logo\\\/image\\\/\",\"url\":\"https:\\\/\\\/strangercam.com\\\/wp-content\\\/uploads\\\/2020\\\/11\\\/cropped-new-favicon-black.png\",\"contentUrl\":\"https:\\\/\\\/strangercam.com\\\/wp-content\\\/uploads\\\/2020\\\/11\\\/cropped-new-favicon-black.png\",\"width\":512,\"height\":512,\"caption\":\"Strangercam\"},\"image\":{\"@id\":\"https:\\\/\\\/strangercam.com\\\/#\\\/schema\\\/logo\\\/image\\\/\"},\"sameAs\":[\"https:\\\/\\\/www.facebook.com\\\/strangercam\",\"https:\\\/\\\/x.com\\\/strangercamapp\"]}]}<\/script>\n<!-- \/ Yoast SEO plugin. -->","yoast_head_json":{"title":"iFreeChat - Bate-papo por v\u00eddeo ao vivo com garotas no StrangerCam.com","description":"Gosta do iFreeChat? Venha bater papo com mais de 5.000.000 de desconhecidos no Stranger Cam de gra\u00e7a! Ligue sua c\u00e2mera e encontre novos amigos e talvez um par!","robots":{"index":"index","follow":"follow","max-snippet":"max-snippet:-1","max-image-preview":"max-image-preview:large","max-video-preview":"max-video-preview:-1"},"canonical":"https:\/\/strangercam.com\/pt-br\/ifreechat\/","og_locale":"pt_BR","og_type":"article","og_title":"iFreeChat - Live video chat with girls on StrangerCam.com","og_description":"Like iFreeChat? Come chat with more than 5.000.000 strangers on Stranger Cam for Free! Turn on your cam and find new friends & maby a match!","og_url":"https:\/\/strangercam.com\/pt-br\/ifreechat\/","og_site_name":"Strangercam","article_publisher":"https:\/\/www.facebook.com\/strangercam","article_modified_time":"2025-04-22T11:39:25+00:00","og_image":[{"width":800,"height":532,"url":"https:\/\/strangercam.com\/wp-content\/uploads\/2021\/10\/Untitled-2.png","type":"image\/png"}],"twitter_card":"summary_large_image","twitter_site":"@strangercamapp","twitter_misc":{"Est. tempo de leitura":"7 minutos"},"schema":{"@context":"https:\/\/schema.org","@graph":[{"@type":"WebPage","@id":"https:\/\/strangercam.com\/ifreechat\/","url":"https:\/\/strangercam.com\/ifreechat\/","name":"iFreeChat - Bate-papo por v\u00eddeo ao vivo com garotas no StrangerCam.com","isPartOf":{"@id":"https:\/\/strangercam.com\/#website"},"datePublished":"2025-04-22T11:39:13+00:00","dateModified":"2025-04-22T11:39:25+00:00","description":"Gosta do iFreeChat? Venha bater papo com mais de 5.000.000 de desconhecidos no Stranger Cam de gra\u00e7a! Ligue sua c\u00e2mera e encontre novos amigos e talvez um par!","breadcrumb":{"@id":"https:\/\/strangercam.com\/ifreechat\/#breadcrumb"},"inLanguage":"pt-BR","potentialAction":[{"@type":"ReadAction","target":["https:\/\/strangercam.com\/ifreechat\/"]}]},{"@type":"BreadcrumbList","@id":"https:\/\/strangercam.com\/ifreechat\/#breadcrumb","itemListElement":[{"@type":"ListItem","position":1,"name":"Home","item":"https:\/\/strangercam.com\/"},{"@type":"ListItem","position":2,"name":"iFreeChat"}]},{"@type":"WebSite","@id":"https:\/\/strangercam.com\/#website","url":"https:\/\/strangercam.com\/","name":"Strangercam","description":"Bate-papo por v\u00eddeo aleat\u00f3rio com estranhos","publisher":{"@id":"https:\/\/strangercam.com\/#organization"},"alternateName":"Strangercam.com","potentialAction":[{"@type":"SearchAction","target":{"@type":"EntryPoint","urlTemplate":"https:\/\/strangercam.com\/?s={search_term_string}"},"query-input":{"@type":"PropertyValueSpecification","valueRequired":true,"valueName":"search_term_string"}}],"inLanguage":"pt-BR"},{"@type":"Organization","@id":"https:\/\/strangercam.com\/#organization","name":"Strangercam","alternateName":"Strangercam.com","url":"https:\/\/strangercam.com\/","logo":{"@type":"ImageObject","inLanguage":"pt-BR","@id":"https:\/\/strangercam.com\/#\/schema\/logo\/image\/","url":"https:\/\/strangercam.com\/wp-content\/uploads\/2020\/11\/cropped-new-favicon-black.png","contentUrl":"https:\/\/strangercam.com\/wp-content\/uploads\/2020\/11\/cropped-new-favicon-black.png","width":512,"height":512,"caption":"Strangercam"},"image":{"@id":"https:\/\/strangercam.com\/#\/schema\/logo\/image\/"},"sameAs":["https:\/\/www.facebook.com\/strangercam","https:\/\/x.com\/strangercamapp"]}]}},"_links":{"self":[{"href":"https:\/\/strangercam.com\/pt-br\/wp-json\/wp\/v2\/pages\/12808","targetHints":{"allow":["GET"]}}],"collection":[{"href":"https:\/\/strangercam.com\/pt-br\/wp-json\/wp\/v2\/pages"}],"about":[{"href":"https:\/\/strangercam.com\/pt-br\/wp-json\/wp\/v2\/types\/page"}],"author":[{"embeddable":true,"href":"https:\/\/strangercam.com\/pt-br\/wp-json\/wp\/v2\/users\/6"}],"replies":[{"embeddable":true,"href":"https:\/\/strangercam.com\/pt-br\/wp-json\/wp\/v2\/comments?post=12808"}],"version-history":[{"count":1,"href":"https:\/\/strangercam.com\/pt-br\/wp-json\/wp\/v2\/pages\/12808\/revisions"}],"predecessor-version":[{"id":12811,"href":"https:\/\/strangercam.com\/pt-br\/wp-json\/wp\/v2\/pages\/12808\/revisions\/12811"}],"wp:attachment":[{"href":"https:\/\/strangercam.com\/pt-br\/wp-json\/wp\/v2\/media?parent=12808"}],"curies":[{"name":"wp","href":"https:\/\/api.w.org\/{rel}","templated":true}]}}