{"id":12708,"date":"2025-02-07T13:30:21","date_gmt":"2025-02-07T11:30:21","guid":{"rendered":"https:\/\/strangercam.com\/?page_id=12708"},"modified":"2025-02-07T13:30:59","modified_gmt":"2025-02-07T11:30:59","slug":"tochato","status":"publish","type":"page","link":"https:\/\/strangercam.com\/pt-br\/tochato\/","title":{"rendered":"Tochato"},"content":{"rendered":"<p>No cen\u00e1rio em constante evolu\u00e7\u00e3o da comunica\u00e7\u00e3o on-line, a Tochato surgiu como um destino de destaque para aqueles que buscam conex\u00f5es espont\u00e2neas e baseadas em texto. Com foco no anonimato e na facilidade de uso, o Tochato oferece um ambiente onde voc\u00ea pode iniciar uma conversa com completos estranhos - e possivelmente sair com um ou dois novos amigos. Se voc\u00ea prefere a simplicidade dos bate-papos por texto em vez das chamadas de v\u00eddeo, o Tochato pode ser o ponto de encontro digital perfeito.<\/p>\n<h2>O que \u00e9 Tochato?<\/h2>\n<p>Em sua ess\u00eancia, o Tochato \u00e9 um sistema de <a href=\"https:\/\/strangercam.com\/pt-br\/chathub\/\">bate-papo<\/a> plataforma que re\u00fane usu\u00e1rios para conversas de texto em tempo real. Ao contr\u00e1rio de muitos sites de bate-papo modernos que priorizam as intera\u00e7\u00f5es por v\u00eddeo, o Tochato adota uma abordagem que volta ao b\u00e1sico, destacando os bate-papos por texto para criar um ambiente mais confort\u00e1vel e de baixa press\u00e3o.<\/p>\n<ul>\n<li>Conex\u00f5es an\u00f4nimas: Sem necessidade de v\u00eddeo, voc\u00ea pode conversar mais livremente sem as expectativas visuais habituais.<\/li>\n<li>Emparelhamento instant\u00e2neo: Conecte-se a um usu\u00e1rio aleat\u00f3rio com apenas alguns cliques.<\/li>\n<li>Design amig\u00e1vel ao usu\u00e1rio: A interface \u00e9 simples e direta, o que facilita a navega\u00e7\u00e3o para iniciantes.<\/li>\n<\/ul>\n<p>O Tochato d\u00e1 grande \u00eanfase \u00e0 espontaneidade. Cada sess\u00e3o de bate-papo come\u00e7a sem preconceitos - voc\u00ea nunca sabe quem ser\u00e1 o seu interlocutor. <a href=\"https:\/\/strangercam.com\/pt-br\/coomeet\/\">conhecer<\/a> ou quais hist\u00f3rias voc\u00ea compartilhar\u00e1. Essa imprevisibilidade \u00e9 o cerne do apelo do Tochato, que oferece a emo\u00e7\u00e3o de conhecer algu\u00e9m novo sem nenhum processo de registro demorado ou configura\u00e7\u00e3o complicada.<\/p>\n<h2>O uso do Tochato \u00e9 gratuito?<\/h2>\n<p>Um dos maiores atrativos da Tochato \u00e9 sua acessibilidade. A plataforma \u00e9 gratuita e pode ser usada por qualquer pessoa. Normalmente, n\u00e3o h\u00e1 taxa de assinatura ou plano premium; basta abrir o site e come\u00e7ar a conversar. Enquanto algumas plataformas de bate-papo aleat\u00f3rio bloqueiam recursos avan\u00e7ados atr\u00e1s de um acesso pago, o Tochato mant\u00e9m uma abordagem sem custo, permitindo que todos os usu\u00e1rios:<\/p>\n<ul>\n<li>Conecte-se instantaneamente com estranhos aleat\u00f3rios<\/li>\n<li>Participe de conversas de texto ilimitadas<\/li>\n<li>Explorar v\u00e1rias op\u00e7\u00f5es de salas de bate-papo (se dispon\u00edveis)<\/li>\n<\/ul>\n<p>Como o Tochato se baseia principalmente na comunica\u00e7\u00e3o por texto, a maioria dos recursos n\u00e3o exige alta largura de banda ou hardware especializado, outra vantagem que mant\u00e9m as coisas econ\u00f4micas e sem complica\u00e7\u00f5es.<\/p>\n<h2>Como usar o Tochato<\/h2>\n<p>Um dos motivos pelos quais o Tochato ganhou popularidade \u00e9 sua configura\u00e7\u00e3o simples. Aqui est\u00e1 um resumo r\u00e1pido sobre como come\u00e7ar:<\/p>\n<ol>\n<li>Visite o site<br \/>\nBasta acessar a p\u00e1gina inicial do Tochato. Normalmente, voc\u00ea ver\u00e1 uma op\u00e7\u00e3o para \"Start Chat\" (Iniciar bate-papo) ou \"Connect\" (Conectar) imediatamente.<\/li>\n<li>Entre no bate-papo<br \/>\nClique no bot\u00e3o para iniciar um bate-papo de texto aleat\u00f3rio. O sistema o emparelhar\u00e1 instantaneamente com outro usu\u00e1rio.<\/li>\n<li>Permane\u00e7a an\u00f4nimo ou defina um apelido<br \/>\nEmbora muitos usu\u00e1rios gostem do anonimato resultante de n\u00e3o usar nome algum, algumas plataformas permitem que voc\u00ea defina um apelido. A decis\u00e3o \u00e9 inteiramente sua.<\/li>\n<li>Comece a conversar<br \/>\nQuando estiver conectado, envie uma sauda\u00e7\u00e3o amig\u00e1vel. Se a conversa n\u00e3o for adequada, geralmente voc\u00ea pode clicar em \"Next\" (Pr\u00f3ximo) para passar para outro parceiro de bate-papo aleat\u00f3rio.<\/li>\n<li>Observe as diretrizes da comunidade<br \/>\nPara manter o bate-papo agrad\u00e1vel para todos, a Tochato geralmente define regras b\u00e1sicas, como n\u00e3o enviar spam ou usar linguagem abusiva. Certifique-se de respeitar essas diretrizes para manter uma experi\u00eancia positiva para voc\u00ea e para os outros.<\/li>\n<\/ol>\n<h2>Para que serve o Tochato?<\/h2>\n<p>O Tochato se destaca como uma plataforma para conversas de texto espont\u00e2neas e de baixa press\u00e3o. \u00c9 aqui que ele realmente se destaca:<\/p>\n<ul>\n<li>Anonimato e conforto: Sem a camada adicional de v\u00eddeo, \u00e9 mais f\u00e1cil permanecer an\u00f4nimo, permitindo que as pessoas se abram ou se expressem mais livremente.<\/li>\n<li>Conex\u00f5es imediatas: Como voc\u00ea pode pular instantaneamente para o pr\u00f3ximo bate-papo, n\u00e3o passar\u00e1 longos per\u00edodos esperando que algu\u00e9m entre na sua sala.<\/li>\n<li>Interface casual e simples: Perfeito para quem deseja uma intera\u00e7\u00e3o social r\u00e1pida sem os sinos e assobios (ou complica\u00e7\u00f5es) do <a href=\"https:\/\/strangercam.com\/pt-br\/rabbit-video-chat\/\">bate-papo por v\u00eddeo<\/a>.<\/li>\n<li>Praticar habilidades lingu\u00edsticas: As plataformas baseadas em texto s\u00e3o excelentes para praticar um novo idioma em conversas em tempo real com diversos falantes de todo o mundo.<\/li>\n<\/ul>\n<p>Se voc\u00ea prefere um ambiente mais descontra\u00eddo, em que a apar\u00eancia e a localiza\u00e7\u00e3o n\u00e3o s\u00e3o o foco, a abordagem somente de texto da Tochato provavelmente oferecer\u00e1 exatamente o que voc\u00ea precisa.<\/p>\n<h2>Principais recursos do Tochato<\/h2>\n<p>Embora o Tochato seja conhecido por sua simplicidade, ele ainda vem repleto de recursos projetados para aprimorar a experi\u00eancia do usu\u00e1rio:<\/p>\n<ul>\n<li>Emparelhamento aleat\u00f3rio: Fa\u00e7a o emparelhamento instant\u00e2neo com pessoas de diferentes partes do mundo.<\/li>\n<li>Op\u00e7\u00e3o de \"Pr\u00f3ximo\" usu\u00e1rio: Se uma conversa n\u00e3o estiver indo bem, voc\u00ea pode passar rapidamente para outro usu\u00e1rio.<\/li>\n<li>Configura\u00e7\u00e3o m\u00ednima: N\u00e3o s\u00e3o necess\u00e1rios downloads adicionais nem instala\u00e7\u00e3o complicada - basta abrir o site e come\u00e7ar a conversar.<\/li>\n<li>Design responsivo: O Tochato geralmente funciona sem problemas em desktops e dispositivos m\u00f3veis, permitindo que voc\u00ea converse em qualquer lugar.<\/li>\n<li>Medidas de seguran\u00e7a: Embora os recursos espec\u00edficos possam variar, a Tochato normalmente oferece alguma forma de modera\u00e7\u00e3o ou ferramenta de relat\u00f3rio para sinalizar comportamentos inadequados.<\/li>\n<\/ul>\n<p>Por ser gratuito e direto, \u00e9 uma \u00f3tima plataforma para intera\u00e7\u00f5es r\u00e1pidas e espont\u00e2neas, sem necessidade de cria\u00e7\u00e3o de conta ou perfis de usu\u00e1rio elaborados.<\/p>\n<h2>Quais s\u00e3o as alternativas ao Tochato?<\/h2>\n<p>Se voc\u00ea gosta de bate-papos aleat\u00f3rios baseados em texto, h\u00e1 algumas plataformas alternativas que podem despertar seu interesse. Sites como <a href=\"https:\/\/strangercam.com\/pt-br\/omegle\/\">Omegle<\/a> ou <a href=\"https:\/\/strangercam.com\/pt-br\/chatroulette\/\">Chatroulette<\/a> (embora tamb\u00e9m tenham op\u00e7\u00f5es de v\u00eddeo) oferecem modos somente de texto, enquanto sites mais voltados para a comunidade permitem que voc\u00ea participe de salas de bate-papo baseadas em t\u00f3picos. No entanto, o forte foco do Tochato em texto em vez de v\u00eddeo o diferencia, principalmente para usu\u00e1rios que preferem anonimato e simplicidade.<\/p>\n<p>Explorar sites diferentes pode ser divertido e ajud\u00e1-lo a encontrar sua comunidade de bate-papo ideal, mas o Tochato continua sendo a melhor op\u00e7\u00e3o para quem gosta de conversas de texto aleat\u00f3rias e descomplicadas.<\/p>\n<h2>Conclus\u00e3o<\/h2>\n<p>Se voc\u00ea est\u00e1 procurando uma plataforma em que possa iniciar conversas espont\u00e2neas por texto com pessoas completamente desconhecidas - sem lidar com as press\u00f5es do bate-papo por v\u00eddeo - vale a pena explorar o Tochato. Gratuito, intuitivo e repleto de recursos suficientes para manter as coisas interessantes, ele captura a emo\u00e7\u00e3o de conhecer novas pessoas e, ao mesmo tempo, mant\u00e9m um ambiente descontra\u00eddo e an\u00f4nimo. Experimente o Tochato e talvez voc\u00ea descubra que conex\u00f5es significativas est\u00e3o a apenas uma mensagem de texto de dist\u00e2ncia.<\/p>","protected":false},"excerpt":{"rendered":"<p>In the ever-evolving landscape of online communication, Tochato has emerged as a standout destination for those seeking spontaneous, text-based connections. With a focus on anonymity and user-friendliness, Tochato offers an environment where you can strike up a conversation with complete strangers\u2014and possibly walk away with a new friend or two. If you\u2019re someone who prefers [&hellip;]<\/p>\n","protected":false},"author":6,"featured_media":0,"parent":0,"menu_order":0,"comment_status":"closed","ping_status":"closed","template":"","meta":{"footnotes":""},"class_list":["post-12708","page","type-page","status-publish","hentry"],"yoast_head":"<!-- This site is optimized with the Yoast SEO plugin v26.9 - https:\/\/yoast.com\/product\/yoast-seo-wordpress\/ -->\n<title>Tochato - Free random chat with strangers on StrangerCam.com<\/title>\n<meta name=\"description\" content=\"Like Tochato? Come chat with more than 5.000.000 strangers on Stranger Cam for Free! Turn on your cam and find new friends &amp; maby a match!\" \/>\n<meta name=\"robots\" content=\"index, follow, max-snippet:-1, max-image-preview:large, max-video-preview:-1\" \/>\n<link rel=\"canonical\" href=\"https:\/\/strangercam.com\/pt-br\/tochato\/\" \/>\n<meta property=\"og:locale\" content=\"pt_BR\" \/>\n<meta property=\"og:type\" content=\"article\" \/>\n<meta property=\"og:title\" content=\"Tochato - Free random chat with strangers on StrangerCam.com\" \/>\n<meta property=\"og:description\" content=\"Like Tochato? Come chat with more than 5.000.000 strangers on Stranger Cam for Free! Turn on your cam and find new friends &amp; maby a match!\" \/>\n<meta property=\"og:url\" content=\"https:\/\/strangercam.com\/pt-br\/tochato\/\" \/>\n<meta property=\"og:site_name\" content=\"Strangercam\" \/>\n<meta property=\"article:publisher\" content=\"https:\/\/www.facebook.com\/strangercam\" \/>\n<meta property=\"article:modified_time\" content=\"2025-02-07T11:30:59+00:00\" \/>\n<meta property=\"og:image\" content=\"https:\/\/strangercam.com\/wp-content\/uploads\/2021\/10\/Untitled-2.png\" \/>\n\t<meta property=\"og:image:width\" content=\"800\" \/>\n\t<meta property=\"og:image:height\" content=\"532\" \/>\n\t<meta property=\"og:image:type\" content=\"image\/png\" \/>\n<meta name=\"twitter:card\" content=\"summary_large_image\" \/>\n<meta name=\"twitter:site\" content=\"@strangercamapp\" \/>\n<meta name=\"twitter:label1\" content=\"Est. tempo de leitura\" \/>\n\t<meta name=\"twitter:data1\" content=\"4 minutos\" \/>\n<script type=\"application\/ld+json\" class=\"yoast-schema-graph\">{\"@context\":\"https:\/\/schema.org\",\"@graph\":[{\"@type\":\"WebPage\",\"@id\":\"https:\/\/strangercam.com\/tochato\/\",\"url\":\"https:\/\/strangercam.com\/tochato\/\",\"name\":\"Tochato - Free random chat with strangers on StrangerCam.com\",\"isPartOf\":{\"@id\":\"https:\/\/strangercam.com\/#website\"},\"datePublished\":\"2025-02-07T11:30:21+00:00\",\"dateModified\":\"2025-02-07T11:30:59+00:00\",\"description\":\"Like Tochato? Come chat with more than 5.000.000 strangers on Stranger Cam for Free! Turn on your cam and find new friends & maby a match!\",\"breadcrumb\":{\"@id\":\"https:\/\/strangercam.com\/tochato\/#breadcrumb\"},\"inLanguage\":\"pt-BR\",\"potentialAction\":[{\"@type\":\"ReadAction\",\"target\":[\"https:\/\/strangercam.com\/tochato\/\"]}]},{\"@type\":\"BreadcrumbList\",\"@id\":\"https:\/\/strangercam.com\/tochato\/#breadcrumb\",\"itemListElement\":[{\"@type\":\"ListItem\",\"position\":1,\"name\":\"Home\",\"item\":\"https:\/\/strangercam.com\/\"},{\"@type\":\"ListItem\",\"position\":2,\"name\":\"Tochato\"}]},{\"@type\":\"WebSite\",\"@id\":\"https:\/\/strangercam.com\/#website\",\"url\":\"https:\/\/strangercam.com\/\",\"name\":\"Strangercam\",\"description\":\"Random Video Chat with Strangers\",\"publisher\":{\"@id\":\"https:\/\/strangercam.com\/#organization\"},\"alternateName\":\"Strangercam.com\",\"potentialAction\":[{\"@type\":\"SearchAction\",\"target\":{\"@type\":\"EntryPoint\",\"urlTemplate\":\"https:\/\/strangercam.com\/?s={search_term_string}\"},\"query-input\":{\"@type\":\"PropertyValueSpecification\",\"valueRequired\":true,\"valueName\":\"search_term_string\"}}],\"inLanguage\":\"pt-BR\"},{\"@type\":\"Organization\",\"@id\":\"https:\/\/strangercam.com\/#organization\",\"name\":\"Strangercam\",\"alternateName\":\"Strangercam.com\",\"url\":\"https:\/\/strangercam.com\/\",\"logo\":{\"@type\":\"ImageObject\",\"inLanguage\":\"pt-BR\",\"@id\":\"https:\/\/strangercam.com\/#\/schema\/logo\/image\/\",\"url\":\"https:\/\/strangercam.com\/wp-content\/uploads\/2020\/11\/cropped-new-favicon-black.png\",\"contentUrl\":\"https:\/\/strangercam.com\/wp-content\/uploads\/2020\/11\/cropped-new-favicon-black.png\",\"width\":512,\"height\":512,\"caption\":\"Strangercam\"},\"image\":{\"@id\":\"https:\/\/strangercam.com\/#\/schema\/logo\/image\/\"},\"sameAs\":[\"https:\/\/www.facebook.com\/strangercam\",\"https:\/\/x.com\/strangercamapp\"]}]}<\/script>\n<!-- \/ Yoast SEO plugin. -->","yoast_head_json":{"title":"Tochato - Bate-papo aleat\u00f3rio gratuito com estranhos em StrangerCam.com","description":"Gosta de Tochato? Venha conversar com mais de 5.000.000 de estranhos no Stranger Cam gratuitamente! Ligue sua c\u00e2mera e encontre novos amigos e talvez um par!","robots":{"index":"index","follow":"follow","max-snippet":"max-snippet:-1","max-image-preview":"max-image-preview:large","max-video-preview":"max-video-preview:-1"},"canonical":"https:\/\/strangercam.com\/pt-br\/tochato\/","og_locale":"pt_BR","og_type":"article","og_title":"Tochato - Free random chat with strangers on StrangerCam.com","og_description":"Like Tochato? Come chat with more than 5.000.000 strangers on Stranger Cam for Free! Turn on your cam and find new friends & maby a match!","og_url":"https:\/\/strangercam.com\/pt-br\/tochato\/","og_site_name":"Strangercam","article_publisher":"https:\/\/www.facebook.com\/strangercam","article_modified_time":"2025-02-07T11:30:59+00:00","og_image":[{"width":800,"height":532,"url":"https:\/\/strangercam.com\/wp-content\/uploads\/2021\/10\/Untitled-2.png","type":"image\/png"}],"twitter_card":"summary_large_image","twitter_site":"@strangercamapp","twitter_misc":{"Est. tempo de leitura":"4 minutos"},"schema":{"@context":"https:\/\/schema.org","@graph":[{"@type":"WebPage","@id":"https:\/\/strangercam.com\/tochato\/","url":"https:\/\/strangercam.com\/tochato\/","name":"Tochato - Bate-papo aleat\u00f3rio gratuito com estranhos em StrangerCam.com","isPartOf":{"@id":"https:\/\/strangercam.com\/#website"},"datePublished":"2025-02-07T11:30:21+00:00","dateModified":"2025-02-07T11:30:59+00:00","description":"Gosta de Tochato? Venha conversar com mais de 5.000.000 de estranhos no Stranger Cam gratuitamente! Ligue sua c\u00e2mera e encontre novos amigos e talvez um par!","breadcrumb":{"@id":"https:\/\/strangercam.com\/tochato\/#breadcrumb"},"inLanguage":"pt-BR","potentialAction":[{"@type":"ReadAction","target":["https:\/\/strangercam.com\/tochato\/"]}]},{"@type":"BreadcrumbList","@id":"https:\/\/strangercam.com\/tochato\/#breadcrumb","itemListElement":[{"@type":"ListItem","position":1,"name":"Home","item":"https:\/\/strangercam.com\/"},{"@type":"ListItem","position":2,"name":"Tochato"}]},{"@type":"WebSite","@id":"https:\/\/strangercam.com\/#website","url":"https:\/\/strangercam.com\/","name":"Strangercam","description":"Bate-papo por v\u00eddeo aleat\u00f3rio com estranhos","publisher":{"@id":"https:\/\/strangercam.com\/#organization"},"alternateName":"Strangercam.com","potentialAction":[{"@type":"SearchAction","target":{"@type":"EntryPoint","urlTemplate":"https:\/\/strangercam.com\/?s={search_term_string}"},"query-input":{"@type":"PropertyValueSpecification","valueRequired":true,"valueName":"search_term_string"}}],"inLanguage":"pt-BR"},{"@type":"Organization","@id":"https:\/\/strangercam.com\/#organization","name":"Strangercam","alternateName":"Strangercam.com","url":"https:\/\/strangercam.com\/","logo":{"@type":"ImageObject","inLanguage":"pt-BR","@id":"https:\/\/strangercam.com\/#\/schema\/logo\/image\/","url":"https:\/\/strangercam.com\/wp-content\/uploads\/2020\/11\/cropped-new-favicon-black.png","contentUrl":"https:\/\/strangercam.com\/wp-content\/uploads\/2020\/11\/cropped-new-favicon-black.png","width":512,"height":512,"caption":"Strangercam"},"image":{"@id":"https:\/\/strangercam.com\/#\/schema\/logo\/image\/"},"sameAs":["https:\/\/www.facebook.com\/strangercam","https:\/\/x.com\/strangercamapp"]}]}},"_links":{"self":[{"href":"https:\/\/strangercam.com\/pt-br\/wp-json\/wp\/v2\/pages\/12708","targetHints":{"allow":["GET"]}}],"collection":[{"href":"https:\/\/strangercam.com\/pt-br\/wp-json\/wp\/v2\/pages"}],"about":[{"href":"https:\/\/strangercam.com\/pt-br\/wp-json\/wp\/v2\/types\/page"}],"author":[{"embeddable":true,"href":"https:\/\/strangercam.com\/pt-br\/wp-json\/wp\/v2\/users\/6"}],"replies":[{"embeddable":true,"href":"https:\/\/strangercam.com\/pt-br\/wp-json\/wp\/v2\/comments?post=12708"}],"version-history":[{"count":1,"href":"https:\/\/strangercam.com\/pt-br\/wp-json\/wp\/v2\/pages\/12708\/revisions"}],"predecessor-version":[{"id":12709,"href":"https:\/\/strangercam.com\/pt-br\/wp-json\/wp\/v2\/pages\/12708\/revisions\/12709"}],"wp:attachment":[{"href":"https:\/\/strangercam.com\/pt-br\/wp-json\/wp\/v2\/media?parent=12708"}],"curies":[{"name":"wp","href":"https:\/\/api.w.org\/{rel}","templated":true}]}}