{"id":12702,"date":"2025-02-07T13:19:12","date_gmt":"2025-02-07T11:19:12","guid":{"rendered":"https:\/\/strangercam.com\/?page_id=12702"},"modified":"2025-02-07T13:21:09","modified_gmt":"2025-02-07T11:21:09","slug":"chattijd","status":"publish","type":"page","link":"https:\/\/strangercam.com\/pt-br\/chattijd\/","title":{"rendered":"Chattijd"},"content":{"rendered":"<p>No mundo acelerado da comunica\u00e7\u00e3o on-line, o Chattijd se estabeleceu rapidamente como uma plataforma animada e envolvente que conecta pessoas de todos os cantos do mundo. N\u00e3o importa se voc\u00ea est\u00e1 em busca de conversas casuais, amizades significativas ou entretenimento interativo, essa plataforma holandesa oferece uma s\u00e9rie de oportunidades para se conectar com pessoas que pensam da mesma forma.<\/p>\n<p>Junte-se a n\u00f3s e mergulhe no mundo do Chattijd, explorando seus recursos, vantagens e o que o torna um favorito para aqueles que apreciam conversas din\u00e2micas e em tempo real. Aqui, cada <a href=\"https:\/\/strangercam.com\/pt-br\/chatroulette\/\">bate-papo<\/a> pode levar a uma nova descoberta, tornando-a mais do que apenas outra plataforma on-line - \u00e9 uma comunidade global constru\u00edda com base em conex\u00f5es genu\u00ednas e intera\u00e7\u00f5es empolgantes.<\/p>\n<h2>O que \u00e9 Chattijd?<\/h2>\n<p>Ao navegar pelo universo em constante expans\u00e3o das plataformas de bate-papo on-line, o Chattijd se destaca como um lugar novo e empolgante para <a href=\"https:\/\/strangercam.com\/pt-br\/coomeet\/\">conhecer<\/a> e interagir com novas pessoas. Diferentemente dos servi\u00e7os de mensagens tradicionais, o Chattijd enfatiza a cria\u00e7\u00e3o de conex\u00f5es aut\u00eanticas, garantindo que cada conversa seja significativa e envolvente.<\/p>\n<p>Em sua ess\u00eancia, o Chattijd pretende ser mais do que apenas um portal de bate-papo. \u00c9 uma rede social <a href=\"https:\/\/strangercam.com\/pt-br\/chathub\/\">centro<\/a> onde as amizades podem florescer, e cada intera\u00e7\u00e3o tem o potencial de se transformar em uma experi\u00eancia memor\u00e1vel. A plataforma integra recursos de \u00faltima gera\u00e7\u00e3o, desde bate-papo instant\u00e2neo ao vivo at\u00e9 elementos interativos divertidos, que tornam a conversa perfeita e agrad\u00e1vel.<\/p>\n<ul>\n<li>Op\u00e7\u00f5es de bate-papo ao vivo: Conecte-se instantaneamente com usu\u00e1rios de todo o mundo.<\/li>\n<li>Perfis personaliz\u00e1veis: Expresse-se personalizando seu perfil para refletir sua personalidade e seus interesses.<\/li>\n<li>Atividades interativas: Participe de jogos l\u00fadicos e question\u00e1rios que estimulam a conversa e ajudam a quebrar o gelo.<\/li>\n<\/ul>\n<p>O que realmente distingue o Chattijd \u00e9 seu compromisso de promover um ambiente seguro e inclusivo. A equipe por tr\u00e1s do Chattijd investe pesadamente em tecnologias seguras e pr\u00e1ticas de modera\u00e7\u00e3o para garantir que a seguran\u00e7a on-line de cada usu\u00e1rio seja uma prioridade m\u00e1xima. Essa dedica\u00e7\u00e3o em oferecer um ambiente acolhedor <a href=\"https:\/\/strangercam.com\/pt-br\/mocospace\/\">espa\u00e7o<\/a> impulsionou o Chattijd para a vanguarda dos servi\u00e7os de bate-papo on-line na Holanda e em outros pa\u00edses.<\/p>\n<p>\u00c0 medida que voc\u00ea explora a plataforma, fica evidente que o Chattijd foi projetado para revolucionar a maneira como as pessoas se comunicam on-line. Ao combinar descoberta social com entretenimento interativo, ele reformula nosso conceito de bate-papo on-line, transformando simples conversas em oportunidades de aprender, crescer e criar conex\u00f5es genu\u00ednas com pessoas de todas as esferas da vida.<\/p>\n<h2>O uso do Chattijd \u00e9 gratuito?<\/h2>\n<p>Uma das perguntas mais comuns sobre qualquer servi\u00e7o de bate-papo on-line \u00e9 se ele \u00e9 gratuito. O Chattijd oferece flexibilidade ao fornecer op\u00e7\u00f5es gratuitas e premium para atender \u00e0s diferentes prefer\u00eancias e or\u00e7amentos dos usu\u00e1rios.<\/p>\n<ul>\n<li>Associa\u00e7\u00e3o gratuita:\n<ul>\n<li>Enviar e receber mensagens<\/li>\n<li>Entrar em salas de bate-papo p\u00fablicas<\/li>\n<li>Navegue pelos perfis de usu\u00e1rio<\/li>\n<\/ul>\n<p>Com uma conta gratuita, voc\u00ea ter\u00e1 acesso aos recursos essenciais que fazem do Chattijd uma comunidade t\u00e3o envolvente. \u00c9 uma \u00f3tima maneira de explorar a plataforma sem nenhum compromisso financeiro.<\/li>\n<li>Associa\u00e7\u00e3o Premium:<br \/>\nPara os usu\u00e1rios que buscam uma experi\u00eancia ainda mais rica, a associa\u00e7\u00e3o premium do Chattijd desbloqueia recursos e vantagens avan\u00e7ados:<\/p>\n<ul>\n<li>Acesso ilimitado a todas as salas de bate-papo<\/li>\n<li>Filtros de pesquisa avan\u00e7ados<\/li>\n<li>Uma experi\u00eancia sem an\u00fancios<\/li>\n<li>Suporte priorit\u00e1rio ao cliente<\/li>\n<\/ul>\n<\/li>\n<\/ul>\n<p>Veja abaixo uma r\u00e1pida vis\u00e3o geral dos custos de associa\u00e7\u00e3o:<\/p>\n<table>\n<thead>\n<tr>\n<th>Associa\u00e7\u00e3o<\/th>\n<th>Custo mensal<\/th>\n<th>Custo anual<\/th>\n<\/tr>\n<\/thead>\n<tbody>\n<tr>\n<td>Gr\u00e1tis<\/td>\n<td>$0<\/td>\n<td>$0<\/td>\n<\/tr>\n<tr>\n<td>Premium<\/td>\n<td>$9.99<\/td>\n<td>$99.90<\/td>\n<\/tr>\n<\/tbody>\n<\/table>\n<p>Quer voc\u00ea opte pelo plano gratuito ou decida fazer upgrade para obter recursos adicionais, o Chattijd mant\u00e9m o mesmo objetivo principal: fornecer um ambiente animado e seguro onde voc\u00ea pode se conectar com outras pessoas, compartilhar experi\u00eancias e se divertir.<\/p>\n<h2>Como usar o Chattijd<\/h2>\n<p>O uso do Chattijd \u00e9 direto, o que torna simples para qualquer pessoa entrar e come\u00e7ar a conversar imediatamente. Aqui est\u00e1 um guia passo a passo para voc\u00ea come\u00e7ar:<\/p>\n<ol>\n<li>Criar seu perfil<br \/>\nComece registrando uma conta gratuita. Personalize seu perfil com um nome de usu\u00e1rio, uma foto de perfil e uma breve descri\u00e7\u00e3o sobre voc\u00ea. Destaque seus interesses para se destacar e facilitar a localiza\u00e7\u00e3o de usu\u00e1rios que pensam como voc\u00ea.<\/li>\n<li>Explorar salas de bate-papo<br \/>\nO Chattijd hospeda uma variedade de salas de bate-papo p\u00fablicas. Essas salas atendem a diferentes t\u00f3picos e interesses, desde m\u00fasica e jogos at\u00e9 viagens e bate-papo casual. Entrar nessas salas pode ser uma \u00f3tima maneira de descobrir novas pessoas e iniciar discuss\u00f5es interessantes.<\/li>\n<li>Chats privados e mensagens diretas<br \/>\nSe voc\u00ea preferir conversas individuais mais focadas, o Chattijd tamb\u00e9m oferece mensagens diretas. Use o recurso de pesquisa para encontrar usu\u00e1rios que compartilhem seus interesses ou simplesmente inicie um bate-papo particular com algu\u00e9m que chame sua aten\u00e7\u00e3o nas salas p\u00fablicas.<\/li>\n<li>Recursos interativos<br \/>\nAproveite os jogos interativos, os testes e outros recursos divertidos para ajudar a quebrar o gelo. Essas atividades podem transformar uma conversa comum em uma experi\u00eancia compartilhada memor\u00e1vel, ajudando voc\u00ea a se conectar com mais naturalidade.<\/li>\n<li>Upgrade para Premium (opcional)<br \/>\nSe voc\u00ea deseja mais recursos, como filtros de pesquisa avan\u00e7ados, navega\u00e7\u00e3o sem an\u00fancios e suporte priorit\u00e1rio, considere uma assinatura premium. Isso permite que voc\u00ea libere todo o potencial do Chattijd, garantindo uma experi\u00eancia de bate-papo ainda mais suave e personalizada.<\/li>\n<\/ol>\n<h2>Para que serve o Chattijd?<\/h2>\n<p>O Chattijd se destaca em v\u00e1rias \u00e1reas, o que o torna atraente para uma ampla gama de usu\u00e1rios:<\/p>\n<ol>\n<li>Promovendo conex\u00f5es reais<br \/>\nCom foco na autenticidade, o Chattijd facilita a busca de pessoas que compartilham paix\u00f5es semelhantes. Se voc\u00ea est\u00e1 procurando amizade, apoio ou algo mais, a interface amig\u00e1vel e a comunidade de apoio do Chattijd s\u00e3o perfeitas para cultivar relacionamentos significativos.<\/li>\n<li>Diversos t\u00f3picos de conversa\u00e7\u00e3o<br \/>\nDe salas de bate-papo voltadas para hobbies a discuss\u00f5es em tempo real sobre eventos atuais, a plataforma oferece uma ampla sele\u00e7\u00e3o de iniciadores de conversa. Essa variedade garante que cada visita ao Chattijd seja \u00fanica e repleta de potencial para conhecer novas pessoas.<\/li>\n<li>Ambiente seguro e acolhedor<br \/>\nA seguran\u00e7a on-line \u00e9 fundamental no Chattijd. A modera\u00e7\u00e3o cont\u00ednua e as medidas de seguran\u00e7a avan\u00e7adas ajudam a criar um espa\u00e7o onde voc\u00ea pode conversar livremente sem se preocupar com privacidade ou intera\u00e7\u00f5es indesejadas.<\/li>\n<li>Entretenimento por meio da interatividade<br \/>\nEntediado com as trocas de texto simples? O Chattijd integra recursos l\u00fadicos, como jogos e question\u00e1rios, acrescentando um toque de entretenimento \u00e0s suas conversas. Esses acr\u00e9scimos descontra\u00eddos facilitam a conex\u00e3o e mant\u00eam a experi\u00eancia atualizada.<\/li>\n<\/ol>\n<p>Com esses pontos fortes em mente, o Chattijd \u00e9 ideal para quem busca intera\u00e7\u00f5es divertidas e genu\u00ednas em um ambiente on-line seguro.<\/p>\n<h2>Quais s\u00e3o os recursos oferecidos pelo Chattijd?<\/h2>\n<p>O Chattijd inclui uma variedade de recursos destinados a tornar suas sess\u00f5es de bate-papo o mais agrad\u00e1veis e vers\u00e1teis poss\u00edvel. Veja abaixo alguns destaques:<\/p>\n<ul>\n<li>Perfis personaliz\u00e1veis<br \/>\nA express\u00e3o pessoal \u00e9 uma grande parte da intera\u00e7\u00e3o on-line. O Chattijd permite que voc\u00ea crie seu perfil de uma forma que reflita seu verdadeiro eu, ajudando os outros a verem o que voc\u00ea gosta.<\/li>\n<li>Funcionalidade de bate-papo ao vivo<br \/>\nExperimente a conectividade instant\u00e2nea com pessoas do mundo todo por meio de mensagens em tempo real. \u00c9 r\u00e1pido, f\u00e1cil de usar e perfeito para conversas espont\u00e2neas que podem variar de brincadeiras leves a discuss\u00f5es aprofundadas.<\/li>\n<li>Jogos e question\u00e1rios interativos<br \/>\nPara aqueles que adoram um pouco mais de divers\u00e3o, esses recursos quebram o gelo sem esfor\u00e7o. Desafie um novo amigo para um jogo r\u00e1pido ou responda a question\u00e1rios juntos para descobrir interesses em comum.<\/li>\n<li>Medidas de seguran\u00e7a avan\u00e7adas<br \/>\nSua seguran\u00e7a \u00e9 fundamental. O compromisso do Chattijd com a privacidade e as ferramentas robustas de modera\u00e7\u00e3o garantem que voc\u00ea possa se envolver com confian\u00e7a, sabendo que suas conversas est\u00e3o seguras.<\/li>\n<li>Op\u00e7\u00f5es flex\u00edveis de associa\u00e7\u00e3o<br \/>\nQuer voc\u00ea prefira uma conta gratuita ou uma assinatura premium, o Chattijd oferece v\u00e1rias maneiras de experimentar a plataforma. Os usu\u00e1rios gratuitos podem explorar a maioria dos principais recursos, enquanto os assinantes premium desfrutam de navega\u00e7\u00e3o sem an\u00fancios, suporte priorit\u00e1rio e recursos avan\u00e7ados de pesquisa.<\/li>\n<\/ul>\n<p>Com um conjunto t\u00e3o abrangente de ferramentas, o Chattijd est\u00e1 bem equipado para atender a diferentes gostos e exig\u00eancias, garantindo que cada conversa seja gratificante e sem complica\u00e7\u00f5es.<\/p>\n<h2>Quais s\u00e3o as alternativas ao Chattijd?<\/h2>\n<p>Embora o Chattijd tenha conquistado um nicho como um dos principais destinos de bate-papo on-line, especialmente para falantes de holand\u00eas, ele n\u00e3o \u00e9 a \u00fanica plataforma em que voc\u00ea pode socializar e descobrir comunidades envolventes. Outros servi\u00e7os de bate-papo oferecem suas pr\u00f3prias varia\u00e7\u00f5es exclusivas de intera\u00e7\u00e3o on-line, concentrando-se em recursos ou dados demogr\u00e1ficos espec\u00edficos.<\/p>\n<p>Algumas plataformas enfatizam <a href=\"https:\/\/strangercam.com\/pt-br\/rabbit-video-chat\/\">v\u00eddeo<\/a> enquanto outros podem se especializar em salas de bate-papo tem\u00e1ticas ou recursos voltados para encontros. Ao explorar essas alternativas, voc\u00ea poder\u00e1 encontrar sites que atendem a t\u00f3picos de nicho ou formas especializadas de envolvimento. No entanto, a combina\u00e7\u00e3o de intera\u00e7\u00e3o segura e em tempo real, o design amig\u00e1vel e os recursos premium opcionais do Chattijd fazem dele uma op\u00e7\u00e3o de destaque para quem busca uma experi\u00eancia de bate-papo multifacetada.<\/p>\n<h2>Conclus\u00e3o<\/h2>\n<p>Com sua combina\u00e7\u00e3o de medidas de seguran\u00e7a robustas, recursos f\u00e1ceis de usar e uma comunidade diversificada, o Chattijd prova que o bate-papo on-line pode ser divertido e enriquecedor. Quer escolha a assinatura gratuita ou opte pelas vantagens premium, voc\u00ea encontrar\u00e1 in\u00fameras possibilidades de se conectar, compartilhar e descobrir novas amizades. Mergulhe no Chattijd hoje mesmo e experimente um mundo de conversas vibrantes e em tempo real - tudo no conforto de seu dispositivo.<\/p>","protected":false},"excerpt":{"rendered":"<p>In the fast-paced world of online communication, Chattijd has quickly established itself as a lively and engaging platform connecting people from all corners of the globe. Whether you\u2019re searching for casual conversation, meaningful friendships, or interactive entertainment, this Dutch-based platform offers an array of opportunities to connect with like-minded individuals. Join us as we dive [&hellip;]<\/p>\n","protected":false},"author":6,"featured_media":0,"parent":0,"menu_order":0,"comment_status":"closed","ping_status":"closed","template":"","meta":{"footnotes":""},"class_list":["post-12702","page","type-page","status-publish","hentry"],"yoast_head":"<!-- This site is optimized with the Yoast SEO plugin v27.4 - https:\/\/yoast.com\/product\/yoast-seo-wordpress\/ -->\n<title>Chattijd - Free video chat with girls on StrangerCam.com<\/title>\n<meta name=\"description\" content=\"Like Chattijd? Come chat with more than 5.000.000 strangers on Stranger Cam for Free! Turn on your cam and find new friends &amp; maby a match!\" \/>\n<meta name=\"robots\" content=\"index, follow, max-snippet:-1, max-image-preview:large, max-video-preview:-1\" \/>\n<link rel=\"canonical\" href=\"https:\/\/strangercam.com\/pt-br\/chattijd\/\" \/>\n<meta property=\"og:locale\" content=\"pt_BR\" \/>\n<meta property=\"og:type\" content=\"article\" \/>\n<meta property=\"og:title\" content=\"Chattijd - Free video chat with girls on StrangerCam.com\" \/>\n<meta property=\"og:description\" content=\"Like Chattijd? Come chat with more than 5.000.000 strangers on Stranger Cam for Free! Turn on your cam and find new friends &amp; maby a match!\" \/>\n<meta property=\"og:url\" content=\"https:\/\/strangercam.com\/pt-br\/chattijd\/\" \/>\n<meta property=\"og:site_name\" content=\"Strangercam\" \/>\n<meta property=\"article:publisher\" content=\"https:\/\/www.facebook.com\/strangercam\" \/>\n<meta property=\"article:modified_time\" content=\"2025-02-07T11:21:09+00:00\" \/>\n<meta property=\"og:image\" content=\"https:\/\/strangercam.com\/wp-content\/uploads\/2021\/10\/Untitled-2.png\" \/>\n\t<meta property=\"og:image:width\" content=\"800\" \/>\n\t<meta property=\"og:image:height\" content=\"532\" \/>\n\t<meta property=\"og:image:type\" content=\"image\/png\" \/>\n<meta name=\"twitter:card\" content=\"summary_large_image\" \/>\n<meta name=\"twitter:site\" content=\"@strangercamapp\" \/>\n<meta name=\"twitter:label1\" content=\"Est. tempo de leitura\" \/>\n\t<meta name=\"twitter:data1\" content=\"6 minutos\" \/>\n<script type=\"application\/ld+json\" class=\"yoast-schema-graph\">{\"@context\":\"https:\\\/\\\/schema.org\",\"@graph\":[{\"@type\":\"WebPage\",\"@id\":\"https:\\\/\\\/strangercam.com\\\/chattijd\\\/\",\"url\":\"https:\\\/\\\/strangercam.com\\\/chattijd\\\/\",\"name\":\"Chattijd - Free video chat with girls on StrangerCam.com\",\"isPartOf\":{\"@id\":\"https:\\\/\\\/strangercam.com\\\/#website\"},\"datePublished\":\"2025-02-07T11:19:12+00:00\",\"dateModified\":\"2025-02-07T11:21:09+00:00\",\"description\":\"Like Chattijd? Come chat with more than 5.000.000 strangers on Stranger Cam for Free! Turn on your cam and find new friends & maby a match!\",\"breadcrumb\":{\"@id\":\"https:\\\/\\\/strangercam.com\\\/chattijd\\\/#breadcrumb\"},\"inLanguage\":\"pt-BR\",\"potentialAction\":[{\"@type\":\"ReadAction\",\"target\":[\"https:\\\/\\\/strangercam.com\\\/chattijd\\\/\"]}]},{\"@type\":\"BreadcrumbList\",\"@id\":\"https:\\\/\\\/strangercam.com\\\/chattijd\\\/#breadcrumb\",\"itemListElement\":[{\"@type\":\"ListItem\",\"position\":1,\"name\":\"Home\",\"item\":\"https:\\\/\\\/strangercam.com\\\/\"},{\"@type\":\"ListItem\",\"position\":2,\"name\":\"Chattijd\"}]},{\"@type\":\"WebSite\",\"@id\":\"https:\\\/\\\/strangercam.com\\\/#website\",\"url\":\"https:\\\/\\\/strangercam.com\\\/\",\"name\":\"Strangercam\",\"description\":\"Random Video Chat with Strangers\",\"publisher\":{\"@id\":\"https:\\\/\\\/strangercam.com\\\/#organization\"},\"alternateName\":\"Strangercam.com\",\"potentialAction\":[{\"@type\":\"SearchAction\",\"target\":{\"@type\":\"EntryPoint\",\"urlTemplate\":\"https:\\\/\\\/strangercam.com\\\/?s={search_term_string}\"},\"query-input\":{\"@type\":\"PropertyValueSpecification\",\"valueRequired\":true,\"valueName\":\"search_term_string\"}}],\"inLanguage\":\"pt-BR\"},{\"@type\":\"Organization\",\"@id\":\"https:\\\/\\\/strangercam.com\\\/#organization\",\"name\":\"Strangercam\",\"alternateName\":\"Strangercam.com\",\"url\":\"https:\\\/\\\/strangercam.com\\\/\",\"logo\":{\"@type\":\"ImageObject\",\"inLanguage\":\"pt-BR\",\"@id\":\"https:\\\/\\\/strangercam.com\\\/#\\\/schema\\\/logo\\\/image\\\/\",\"url\":\"https:\\\/\\\/strangercam.com\\\/wp-content\\\/uploads\\\/2020\\\/11\\\/cropped-new-favicon-black.png\",\"contentUrl\":\"https:\\\/\\\/strangercam.com\\\/wp-content\\\/uploads\\\/2020\\\/11\\\/cropped-new-favicon-black.png\",\"width\":512,\"height\":512,\"caption\":\"Strangercam\"},\"image\":{\"@id\":\"https:\\\/\\\/strangercam.com\\\/#\\\/schema\\\/logo\\\/image\\\/\"},\"sameAs\":[\"https:\\\/\\\/www.facebook.com\\\/strangercam\",\"https:\\\/\\\/x.com\\\/strangercamapp\"]}]}<\/script>\n<!-- \/ Yoast SEO plugin. -->","yoast_head_json":{"title":"Chattijd - Bate-papo de v\u00eddeo gratuito com meninas no StrangerCam.com","description":"Gosta de Chattijd? Venha conversar com mais de 5.000.000 de estranhos no Stranger Cam gratuitamente! Ligue sua c\u00e2mera e encontre novos amigos e talvez um par!","robots":{"index":"index","follow":"follow","max-snippet":"max-snippet:-1","max-image-preview":"max-image-preview:large","max-video-preview":"max-video-preview:-1"},"canonical":"https:\/\/strangercam.com\/pt-br\/chattijd\/","og_locale":"pt_BR","og_type":"article","og_title":"Chattijd - Free video chat with girls on StrangerCam.com","og_description":"Like Chattijd? Come chat with more than 5.000.000 strangers on Stranger Cam for Free! Turn on your cam and find new friends & maby a match!","og_url":"https:\/\/strangercam.com\/pt-br\/chattijd\/","og_site_name":"Strangercam","article_publisher":"https:\/\/www.facebook.com\/strangercam","article_modified_time":"2025-02-07T11:21:09+00:00","og_image":[{"width":800,"height":532,"url":"https:\/\/strangercam.com\/wp-content\/uploads\/2021\/10\/Untitled-2.png","type":"image\/png"}],"twitter_card":"summary_large_image","twitter_site":"@strangercamapp","twitter_misc":{"Est. tempo de leitura":"6 minutos"},"schema":{"@context":"https:\/\/schema.org","@graph":[{"@type":"WebPage","@id":"https:\/\/strangercam.com\/chattijd\/","url":"https:\/\/strangercam.com\/chattijd\/","name":"Chattijd - Bate-papo de v\u00eddeo gratuito com meninas no StrangerCam.com","isPartOf":{"@id":"https:\/\/strangercam.com\/#website"},"datePublished":"2025-02-07T11:19:12+00:00","dateModified":"2025-02-07T11:21:09+00:00","description":"Gosta de Chattijd? Venha conversar com mais de 5.000.000 de estranhos no Stranger Cam gratuitamente! Ligue sua c\u00e2mera e encontre novos amigos e talvez um par!","breadcrumb":{"@id":"https:\/\/strangercam.com\/chattijd\/#breadcrumb"},"inLanguage":"pt-BR","potentialAction":[{"@type":"ReadAction","target":["https:\/\/strangercam.com\/chattijd\/"]}]},{"@type":"BreadcrumbList","@id":"https:\/\/strangercam.com\/chattijd\/#breadcrumb","itemListElement":[{"@type":"ListItem","position":1,"name":"Home","item":"https:\/\/strangercam.com\/"},{"@type":"ListItem","position":2,"name":"Chattijd"}]},{"@type":"WebSite","@id":"https:\/\/strangercam.com\/#website","url":"https:\/\/strangercam.com\/","name":"Strangercam","description":"Bate-papo por v\u00eddeo aleat\u00f3rio com estranhos","publisher":{"@id":"https:\/\/strangercam.com\/#organization"},"alternateName":"Strangercam.com","potentialAction":[{"@type":"SearchAction","target":{"@type":"EntryPoint","urlTemplate":"https:\/\/strangercam.com\/?s={search_term_string}"},"query-input":{"@type":"PropertyValueSpecification","valueRequired":true,"valueName":"search_term_string"}}],"inLanguage":"pt-BR"},{"@type":"Organization","@id":"https:\/\/strangercam.com\/#organization","name":"Strangercam","alternateName":"Strangercam.com","url":"https:\/\/strangercam.com\/","logo":{"@type":"ImageObject","inLanguage":"pt-BR","@id":"https:\/\/strangercam.com\/#\/schema\/logo\/image\/","url":"https:\/\/strangercam.com\/wp-content\/uploads\/2020\/11\/cropped-new-favicon-black.png","contentUrl":"https:\/\/strangercam.com\/wp-content\/uploads\/2020\/11\/cropped-new-favicon-black.png","width":512,"height":512,"caption":"Strangercam"},"image":{"@id":"https:\/\/strangercam.com\/#\/schema\/logo\/image\/"},"sameAs":["https:\/\/www.facebook.com\/strangercam","https:\/\/x.com\/strangercamapp"]}]}},"_links":{"self":[{"href":"https:\/\/strangercam.com\/pt-br\/wp-json\/wp\/v2\/pages\/12702","targetHints":{"allow":["GET"]}}],"collection":[{"href":"https:\/\/strangercam.com\/pt-br\/wp-json\/wp\/v2\/pages"}],"about":[{"href":"https:\/\/strangercam.com\/pt-br\/wp-json\/wp\/v2\/types\/page"}],"author":[{"embeddable":true,"href":"https:\/\/strangercam.com\/pt-br\/wp-json\/wp\/v2\/users\/6"}],"replies":[{"embeddable":true,"href":"https:\/\/strangercam.com\/pt-br\/wp-json\/wp\/v2\/comments?post=12702"}],"version-history":[{"count":3,"href":"https:\/\/strangercam.com\/pt-br\/wp-json\/wp\/v2\/pages\/12702\/revisions"}],"predecessor-version":[{"id":12707,"href":"https:\/\/strangercam.com\/pt-br\/wp-json\/wp\/v2\/pages\/12702\/revisions\/12707"}],"wp:attachment":[{"href":"https:\/\/strangercam.com\/pt-br\/wp-json\/wp\/v2\/media?parent=12702"}],"curies":[{"name":"wp","href":"https:\/\/api.w.org\/{rel}","templated":true}]}}