{"id":12700,"date":"2025-02-07T13:15:10","date_gmt":"2025-02-07T11:15:10","guid":{"rendered":"https:\/\/strangercam.com\/?page_id=12700"},"modified":"2025-02-07T13:15:40","modified_gmt":"2025-02-07T11:15:40","slug":"omegla","status":"publish","type":"page","link":"https:\/\/strangercam.com\/pt-br\/omegla\/","title":{"rendered":"Omegla"},"content":{"rendered":"<p>Com a sa\u00edda do Omegle, uma variedade de novos <a href=\"https:\/\/strangercam.com\/pt-br\/rabbit-video-chat\/\">v\u00eddeo<\/a> <a href=\"https:\/\/strangercam.com\/pt-br\/chatroulette\/\">bate-papo<\/a> surgiram servi\u00e7os para preencher essa lacuna. O Omegla \u00e9 uma dessas plataformas, inspirada na abordagem direta do Omegle para bate-papos aleat\u00f3rios um a um. Seja para uma conversa r\u00e1pida, para fazer novos amigos em todo o mundo ou apenas para conhecer as \u00faltimas inova\u00e7\u00f5es inspiradas no Omegle, o Omegla tem como objetivo proporcionar uma experi\u00eancia de v\u00eddeo divertida e f\u00e1cil de usar. A seguir, apresentamos uma vis\u00e3o abrangente do que o Omegla oferece: seus principais recursos, interface de usu\u00e1rio, medidas de seguran\u00e7a e como ele se compara a outros <a href=\"https:\/\/strangercam.com\/pt-br\/omegle\/\">Omegle<\/a> alternativas como Uhmegle e Omegleweg.<\/p>\n<h2>Sobre a Omegla<\/h2>\n<p>O Omegla segue a estrutura cl\u00e1ssica de bate-papo aleat\u00f3rio:<\/p>\n<ol>\n<li><strong>Conex\u00f5es imediatas<\/strong>\n<ul>\n<li>Ap\u00f3s uma r\u00e1pida visita ao site, um \u00fanico clique ou toque o conecta com um estranho de qualquer canto do mundo.<\/li>\n<\/ul>\n<\/li>\n<li><strong>Anonimato em primeiro lugar<\/strong>\n<ul>\n<li>Sem registro obrigat\u00f3rio, voc\u00ea pode ir direto para o bate-papo. Voc\u00ea pode criar um perfil b\u00e1sico se preferir, mas isso \u00e9 opcional.<\/li>\n<\/ul>\n<\/li>\n<li><strong>Foco individual<\/strong>\n<ul>\n<li>Omegla se concentra em <em>individual<\/em> n\u00e3o h\u00e1 salas de grupos grandes ou recursos de confer\u00eancia, refletindo a simplicidade caracter\u00edstica do Omegle.<\/li>\n<\/ul>\n<\/li>\n<\/ol>\n<p>Essa abordagem minimalista atende aos usu\u00e1rios que querem simplesmente entrar, <a href=\"https:\/\/strangercam.com\/pt-br\/coomeet\/\">conhecer<\/a> algu\u00e9m novo e continuar o bate-papo ou seguir em frente se n\u00e3o houver compatibilidade.<\/p>\n<h2>Principais recursos em um relance<\/h2>\n<p>A tabela a seguir descreve as principais ferramentas e fun\u00e7\u00f5es que definem a experi\u00eancia do usu\u00e1rio do Omegla:<\/p>\n<table>\n<thead>\n<tr>\n<th><strong>Recurso<\/strong><\/th>\n<th><strong>Descri\u00e7\u00e3o<\/strong><\/th>\n<\/tr>\n<\/thead>\n<tbody>\n<tr>\n<td><strong>Correspond\u00eancia aleat\u00f3ria<\/strong><\/td>\n<td>Fa\u00e7a um par instant\u00e2neo com um usu\u00e1rio aleat\u00f3rio para uma conversa espont\u00e2nea.<\/td>\n<\/tr>\n<tr>\n<td><strong>Op\u00e7\u00e3o de bate-papo por texto<\/strong><\/td>\n<td>Envie mensagens r\u00e1pidas em conjunto com v\u00eddeo ao vivo para maior clareza.<\/td>\n<\/tr>\n<tr>\n<td><strong>Tags de interesse<\/strong><\/td>\n<td>Adicione ou selecione interesses amplos para direcionar ligeiramente suas correspond\u00eancias aleat\u00f3rias.<\/td>\n<\/tr>\n<tr>\n<td><strong>Pular ou Pr\u00f3ximo<\/strong><\/td>\n<td>Passe sem problemas para um novo usu\u00e1rio se a conex\u00e3o atual n\u00e3o for adequada.<\/td>\n<\/tr>\n<tr>\n<td><strong>Configura\u00e7\u00e3o m\u00ednima<\/strong><\/td>\n<td>N\u00e3o s\u00e3o necess\u00e1rios registros complicados ou configura\u00e7\u00f5es complicadas.<\/td>\n<\/tr>\n<tr>\n<td><strong>Ferramentas de feedback do usu\u00e1rio<\/strong><\/td>\n<td>Avalie ou denuncie usu\u00e1rios para ajudar a manter os padr\u00f5es da comunidade.<\/td>\n<\/tr>\n<\/tbody>\n<\/table>\n<p>Por defini\u00e7\u00e3o, o Omegla mant\u00e9m seu conjunto de recursos reduzido, garantindo que a experi\u00eancia principal - conversar com estranhos - continue sendo o foco.<\/p>\n<h2>Interface e experi\u00eancia do usu\u00e1rio<\/h2>\n<h3>Layout limpo e simplificado<\/h3>\n<ul>\n<li><strong>Janela de v\u00eddeo grande<\/strong>: No centro da tela, voc\u00ea ver\u00e1 a pessoa com quem est\u00e1 conversando, sem excesso de confus\u00e3o.<\/li>\n<li><strong>Barra lateral\/painel pequeno<\/strong>: Os controles essenciais - iniciar, pr\u00f3ximo, bate-papo por texto e filtros - est\u00e3o organizados ordenadamente ao lado.<\/li>\n<li><strong>Controles familiares<\/strong>: Se voc\u00ea j\u00e1 usou o Omegle ou outras plataformas semelhantes, voc\u00ea se adaptar\u00e1 instantaneamente \u00e0 interface do Omegla.<\/li>\n<\/ul>\n<h3>Conex\u00f5es r\u00e1pidas<\/h3>\n<ul>\n<li><strong>Baixa lat\u00eancia<\/strong>: A p\u00e1gina principal do Omegla carrega rapidamente e leva apenas um momento para encontrar uma correspond\u00eancia.<\/li>\n<li><strong>Qualidade de v\u00eddeo adapt\u00e1vel<\/strong>: O sistema detecta a velocidade de sua Internet para fornecer o melhor v\u00eddeo poss\u00edvel sem buffer constante.<\/li>\n<li><strong>F\u00e1cil transi\u00e7\u00e3o para o \"pr\u00f3ximo<\/strong>: A troca de um usu\u00e1rio para outro raramente causa atrasos, o que torna simples continuar conversando at\u00e9 encontrar a pessoa certa.<\/li>\n<\/ul>\n<h2>Seguran\u00e7a e modera\u00e7\u00e3o<\/h2>\n<p>Como o bate-papo aleat\u00f3rio pode ser imprevis\u00edvel, a Omegla emprega v\u00e1rias medidas para garantir um ambiente mais respeitoso:<\/p>\n<ol>\n<li><strong>Fun\u00e7\u00e3o de relat\u00f3rio\/bloqueio<\/strong>\n<ul>\n<li>Com um clique, voc\u00ea pode denunciar qualquer usu\u00e1rio que viole os padr\u00f5es da comunidade. A equipe de modera\u00e7\u00e3o analisa as sess\u00f5es sinalizadas.<\/li>\n<\/ul>\n<\/li>\n<li><strong>Diretrizes b\u00e1sicas de conte\u00fado<\/strong>\n<ul>\n<li>Regras claras descrevem quais comportamentos est\u00e3o fora dos limites, dando \u00e0 comunidade de usu\u00e1rios uma estrutura acordada.<\/li>\n<\/ul>\n<\/li>\n<li><strong>Avalia\u00e7\u00f5es de usu\u00e1rios<\/strong>\n<ul>\n<li>Em alguns casos, voc\u00ea pode deixar coment\u00e1rios sobre seus encontros, ajudando a promover intera\u00e7\u00f5es positivas e a eliminar comportamentos problem\u00e1ticos.<\/li>\n<\/ul>\n<\/li>\n<\/ol>\n<p>Embora nenhuma plataforma possa garantir a perfei\u00e7\u00e3o, essas ferramentas promovem um ambiente mais seguro. <a href=\"https:\/\/strangercam.com\/pt-br\/mocospace\/\">espa\u00e7o<\/a> do que a atmosfera de vale-tudo que \u00e0s vezes assolava as plataformas de bate-papo aleat\u00f3rio mais antigas.<\/p>\n<h2>Compara\u00e7\u00f5es com outras alternativas ao Omegle<\/h2>\n<p>O Omegla \u00e9 apenas um entre v\u00e1rios servi\u00e7os emergentes do tipo Omegle, como <strong>Uhmegle<\/strong> e <strong>Omegleweg<\/strong>. Abaixo est\u00e1 um resumo de como eles se comparam em seus principais aspectos:<\/p>\n<table>\n<thead>\n<tr>\n<th><strong>Plataforma<\/strong><\/th>\n<th><strong>Facilidade de uso<\/strong><\/th>\n<th><strong>Qualidade de v\u00eddeo<\/strong><\/th>\n<th><strong>Filtros\/Tags<\/strong><\/th>\n<th><strong>Ferramentas de relat\u00f3rio<\/strong><\/th>\n<th><strong>Tamanho da base de usu\u00e1rios<\/strong><\/th>\n<\/tr>\n<\/thead>\n<tbody>\n<tr>\n<td><strong>Omegla<\/strong><\/td>\n<td>Muito simples<\/td>\n<td>Transmiss\u00e3o adaptativa em HD<\/td>\n<td>Interesses b\u00e1sicos<\/td>\n<td>Relat\u00f3rio r\u00e1pido\/bloqueio<\/td>\n<td>Crescendo rapidamente<\/td>\n<\/tr>\n<tr>\n<td>Uhmegle<\/td>\n<td>Direto<\/td>\n<td>Geralmente est\u00e1vel<\/td>\n<td>Um pouco detalhado<\/td>\n<td>Equipe de revis\u00e3o do manual<\/td>\n<td>Usu\u00e1rios estabelecidos<\/td>\n<\/tr>\n<tr>\n<td>Omegleweg<\/td>\n<td>Minimalista<\/td>\n<td>S\u00f3lido (com algum buffer)<\/td>\n<td>Limitada<\/td>\n<td>Relat\u00f3rios b\u00e1sicos<\/td>\n<td>Moderado<\/td>\n<\/tr>\n<\/tbody>\n<\/table>\n<ul>\n<li><strong>Facilidade de uso<\/strong>: Todas as tr\u00eas plataformas compartilham uma abordagem sem frescuras, mas a interface do Omegla \u00e9 particularmente limpa.<\/li>\n<li><strong>Qualidade de v\u00eddeo<\/strong>: O Omegla se concentra no streaming adapt\u00e1vel, oferecendo um desempenho bastante consistente.<\/li>\n<li><strong>Filtros\/Tags<\/strong>: O Uhmegle pode oferecer mais detalhes, mas as etiquetas de interesse b\u00e1sico do Omegla mant\u00eam as coisas simples.<\/li>\n<li><strong>Ferramentas de relat\u00f3rio<\/strong>: O Omegla \u00e9 conhecido por seu bot\u00e3o simples de bloquear\/relatar, garantindo o m\u00ednimo de interrup\u00e7\u00e3o durante as sess\u00f5es ao vivo.<\/li>\n<\/ul>\n<h2>Dados demogr\u00e1ficos e atividade do usu\u00e1rio<\/h2>\n<h3>Quem usa o Omegla?<\/h3>\n<ul>\n<li><strong>Faixa et\u00e1ria prim\u00e1ria<\/strong>: Os jovens adultos (18 a 35 anos) representam uma grande parte, embora os grupos demogr\u00e1ficos mais velhos tamb\u00e9m apare\u00e7am para conversas r\u00e1pidas.<\/li>\n<li><strong>Idiomas<\/strong>: Predominantemente de l\u00edngua inglesa, mas voc\u00ea encontrar\u00e1 uma variedade razo\u00e1vel de outros idiomas devido \u00e0 acessibilidade global.<\/li>\n<li><strong>Comunidade global<\/strong>: Forte presen\u00e7a na Am\u00e9rica do Norte e na Europa, com bases de usu\u00e1rios crescentes em partes da \u00c1sia e da Am\u00e9rica do Sul.<\/li>\n<\/ul>\n<h3>Tend\u00eancias de uso<\/h3>\n<ul>\n<li><strong>Hor\u00e1rio de pico<\/strong>: Noites e finais de semana, quando as pessoas se descontraem do trabalho ou da escola.<\/li>\n<li><strong>Bate-papos casuais<\/strong>: Muitos usu\u00e1rios est\u00e3o l\u00e1 simplesmente para entretenimento ou para passar o tempo.<\/li>\n<li><strong>A conversa profunda ocasional<\/strong>: Algumas pessoas ficam para conversas mais significativas - hobbies, eventos globais ou interc\u00e2mbios culturais.<\/li>\n<\/ul>\n<h2>Pr\u00f3s e contras<\/h2>\n<p>Abaixo est\u00e1 uma r\u00e1pida an\u00e1lise dos pontos fortes do Omegla e das poss\u00edveis \u00e1reas de melhoria:<\/p>\n<table>\n<thead>\n<tr>\n<th><strong>Pr\u00f3s<\/strong><\/th>\n<th><strong>Contras<\/strong><\/th>\n<\/tr>\n<\/thead>\n<tbody>\n<tr>\n<td>\u2013 <strong>Chats aleat\u00f3rios instant\u00e2neos<\/strong>: O bot\u00e3o de in\u00edcio r\u00e1pido permite que voc\u00ea converse rapidamente.<\/td>\n<td>\u2013 <strong>Conte\u00fado potencialmente inadequado<\/strong>: A natureza aleat\u00f3ria significa surpresas.<\/td>\n<\/tr>\n<tr>\n<td>\u2013 <strong>N\u00e3o \u00e9 necess\u00e1rio registro<\/strong>: Associe-se sem compartilhar informa\u00e7\u00f5es pessoais.<\/td>\n<td>\u2013 <strong>Filtragem limitada<\/strong>: As tags b\u00e1sicas s\u00f3 permitem que voc\u00ea refine por t\u00f3picos amplos.<\/td>\n<\/tr>\n<tr>\n<td>\u2013 <strong>Conex\u00f5es r\u00e1pidas e est\u00e1veis<\/strong>: O streaming adaptativo mant\u00e9m as chamadas sem problemas.<\/td>\n<td>\u2013 <strong>Sem personaliza\u00e7\u00e3o de perfil<\/strong>: Aqueles que buscam mais personaliza\u00e7\u00e3o podem se sentir limitados.<\/td>\n<\/tr>\n<tr>\n<td>\u2013 <strong>Interface simples<\/strong>: Curva de aprendizado m\u00ednima para iniciantes.<\/td>\n<td>\u2013 <strong>Confian\u00e7a em relat\u00f3rios de usu\u00e1rios<\/strong>: A efic\u00e1cia da modera\u00e7\u00e3o depende da vigil\u00e2ncia da comunidade.<\/td>\n<\/tr>\n<\/tbody>\n<\/table>\n<h2>Sugest\u00f5es de aprimoramentos futuros<\/h2>\n<p>O Omegla continua a evoluir, e os usu\u00e1rios frequentemente compartilham coment\u00e1rios. Algumas melhorias poss\u00edveis incluem:<\/p>\n<ol>\n<li><strong>Categorias de interesse ampliadas<\/strong>\n<ul>\n<li>Permita que os usu\u00e1rios selecionem entre um conjunto mais amplo de interesses para tornar as conex\u00f5es mais relevantes.<\/li>\n<\/ul>\n<\/li>\n<li><strong>Nome de usu\u00e1rio ou perfil opcional<\/strong>\n<ul>\n<li>Ofere\u00e7a um pouco mais de personaliza\u00e7\u00e3o para aqueles que desejam acompanhar as partidas amistosas.<\/li>\n<\/ul>\n<\/li>\n<li><strong>Tradu\u00e7\u00e3o incorporada<\/strong>\n<ul>\n<li>Facilite as conversas entre idiomas para uma experi\u00eancia ainda mais global.<\/li>\n<\/ul>\n<\/li>\n<li><strong>Filtragem imediata de conte\u00fado inapropriado<\/strong>\n<ul>\n<li>A detec\u00e7\u00e3o orientada por IA pode ajudar a reduzir mais rapidamente o comportamento expl\u00edcito ou ofensivo.<\/li>\n<\/ul>\n<\/li>\n<\/ol>\n<h2>Primeiros passos: Um guia r\u00e1pido<\/h2>\n<p>Pronto para experimentar o Omegla? Aqui est\u00e1 um breve roteiro:<\/p>\n<ol>\n<li><strong>Visite Omegla<\/strong>: Acesse o site diretamente em qualquer navegador comum.<\/li>\n<li><strong>Permitir c\u00e2mera e microfone<\/strong>: Conceda as permiss\u00f5es necess\u00e1rias para \u00e1udio e v\u00eddeo.<\/li>\n<li><strong>Escolha os interesses (opcional)<\/strong>: Selecione algumas tags amplas para orientar a correspond\u00eancia aleat\u00f3ria.<\/li>\n<li><strong>Clique em \"Start\" (Iniciar)<\/strong>: Voc\u00ea ser\u00e1 rapidamente emparelhado com outro usu\u00e1rio.<\/li>\n<li><strong>Conversar ou pular<\/strong>: Se n\u00e3o for adequado, clique em \"Next\" para prosseguir.<\/li>\n<li><strong>Bloqueio\/Relat\u00f3rio<\/strong>: Se algum usu\u00e1rio violar as diretrizes, uma op\u00e7\u00e3o de relat\u00f3rio com um clique estar\u00e1 dispon\u00edvel.<\/li>\n<\/ol>\n<p>Voc\u00ea estar\u00e1 on-line e conhecer\u00e1 novas pessoas em segundos, sem a necessidade de cadastros tediosos.<\/p>\n<h2>Conclus\u00e3o<\/h2>\n<p>Em um mundo em que a aus\u00eancia do Omegle deixou uma lacuna para os f\u00e3s de bate-papo por v\u00eddeo espont\u00e2neo, o Omegla se posiciona como uma alternativa simples e moderna. Sua interface m\u00ednima, conex\u00f5es r\u00e1pidas e compromisso com recursos f\u00e1ceis de usar refletem a ess\u00eancia do que tornou o Omegle original t\u00e3o atraente.<\/p>\n<p>Embora a modera\u00e7\u00e3o em qualquer plataforma aleat\u00f3ria nunca seja infal\u00edvel, as ferramentas de den\u00fancia e bloqueio do Omegla visam a manter uma atmosfera mais positiva. Para aqueles que desejam intera\u00e7\u00f5es internacionais aleat\u00f3rias sem o inc\u00f4modo de criar contas ou navegar por in\u00fameras configura\u00e7\u00f5es, o Omegla oferece uma experi\u00eancia envolvente e sem frescuras. Com o refinamento cont\u00ednuo e a modera\u00e7\u00e3o responsiva, ele tem o potencial de conquistar um lugar est\u00e1vel entre os sucessores populares do Omegle, como Uhmegle e Omegleweg.<\/p>\n<p>Se voc\u00ea est\u00e1 procurando aquela vibra\u00e7\u00e3o cl\u00e1ssica de \"estranho ao clicar em um bot\u00e3o\", o Omegla pode ser sua pr\u00f3xima op\u00e7\u00e3o favorita para conhecer pessoas de todo o mundo - um bate-papo espont\u00e2neo de cada vez.<\/p>","protected":false},"excerpt":{"rendered":"<p>With Omegle\u2019s departure, a variety of new video chat services have emerged to fill the gap. Omegla is one such platform, taking inspiration from Omegle\u2019s straightforward approach to random one-on-one chatting. Whether you\u2019re looking for a quick conversation, seeking new friends worldwide, or just curious about the latest Omegle-inspired innovations, Omegla aims to provide a [&hellip;]<\/p>\n","protected":false},"author":6,"featured_media":0,"parent":0,"menu_order":0,"comment_status":"closed","ping_status":"closed","template":"","meta":{"footnotes":""},"class_list":["post-12700","page","type-page","status-publish","hentry"],"yoast_head":"<!-- This site is optimized with the Yoast SEO plugin v27.4 - https:\/\/yoast.com\/product\/yoast-seo-wordpress\/ -->\n<title>Omegla - Free video chat with girls on StrangerCam.com<\/title>\n<meta name=\"description\" content=\"Like Omegla? Come chat with more than 5.000.000 strangers on Stranger Cam for Free! Turn on your cam and find new friends &amp; maby a match!\" \/>\n<meta name=\"robots\" content=\"index, follow, max-snippet:-1, max-image-preview:large, max-video-preview:-1\" \/>\n<link rel=\"canonical\" href=\"https:\/\/strangercam.com\/pt-br\/omegla\/\" \/>\n<meta property=\"og:locale\" content=\"pt_BR\" \/>\n<meta property=\"og:type\" content=\"article\" \/>\n<meta property=\"og:title\" content=\"Omegla - Free video chat with girls on StrangerCam.com\" \/>\n<meta property=\"og:description\" content=\"Like Omegla? Come chat with more than 5.000.000 strangers on Stranger Cam for Free! Turn on your cam and find new friends &amp; maby a match!\" \/>\n<meta property=\"og:url\" content=\"https:\/\/strangercam.com\/pt-br\/omegla\/\" \/>\n<meta property=\"og:site_name\" content=\"Strangercam\" \/>\n<meta property=\"article:publisher\" content=\"https:\/\/www.facebook.com\/strangercam\" \/>\n<meta property=\"article:modified_time\" content=\"2025-02-07T11:15:40+00:00\" \/>\n<meta property=\"og:image\" content=\"https:\/\/strangercam.com\/wp-content\/uploads\/2021\/10\/Untitled-2.png\" \/>\n\t<meta property=\"og:image:width\" content=\"800\" \/>\n\t<meta property=\"og:image:height\" content=\"532\" \/>\n\t<meta property=\"og:image:type\" content=\"image\/png\" \/>\n<meta name=\"twitter:card\" content=\"summary_large_image\" \/>\n<meta name=\"twitter:site\" content=\"@strangercamapp\" \/>\n<meta name=\"twitter:label1\" content=\"Est. tempo de leitura\" \/>\n\t<meta name=\"twitter:data1\" content=\"6 minutos\" \/>\n<script type=\"application\/ld+json\" class=\"yoast-schema-graph\">{\"@context\":\"https:\\\/\\\/schema.org\",\"@graph\":[{\"@type\":\"WebPage\",\"@id\":\"https:\\\/\\\/strangercam.com\\\/omegla\\\/\",\"url\":\"https:\\\/\\\/strangercam.com\\\/omegla\\\/\",\"name\":\"Omegla - Free video chat with girls on StrangerCam.com\",\"isPartOf\":{\"@id\":\"https:\\\/\\\/strangercam.com\\\/#website\"},\"datePublished\":\"2025-02-07T11:15:10+00:00\",\"dateModified\":\"2025-02-07T11:15:40+00:00\",\"description\":\"Like Omegla? Come chat with more than 5.000.000 strangers on Stranger Cam for Free! Turn on your cam and find new friends & maby a match!\",\"breadcrumb\":{\"@id\":\"https:\\\/\\\/strangercam.com\\\/omegla\\\/#breadcrumb\"},\"inLanguage\":\"pt-BR\",\"potentialAction\":[{\"@type\":\"ReadAction\",\"target\":[\"https:\\\/\\\/strangercam.com\\\/omegla\\\/\"]}]},{\"@type\":\"BreadcrumbList\",\"@id\":\"https:\\\/\\\/strangercam.com\\\/omegla\\\/#breadcrumb\",\"itemListElement\":[{\"@type\":\"ListItem\",\"position\":1,\"name\":\"Home\",\"item\":\"https:\\\/\\\/strangercam.com\\\/\"},{\"@type\":\"ListItem\",\"position\":2,\"name\":\"Omegla\"}]},{\"@type\":\"WebSite\",\"@id\":\"https:\\\/\\\/strangercam.com\\\/#website\",\"url\":\"https:\\\/\\\/strangercam.com\\\/\",\"name\":\"Strangercam\",\"description\":\"Random Video Chat with Strangers\",\"publisher\":{\"@id\":\"https:\\\/\\\/strangercam.com\\\/#organization\"},\"alternateName\":\"Strangercam.com\",\"potentialAction\":[{\"@type\":\"SearchAction\",\"target\":{\"@type\":\"EntryPoint\",\"urlTemplate\":\"https:\\\/\\\/strangercam.com\\\/?s={search_term_string}\"},\"query-input\":{\"@type\":\"PropertyValueSpecification\",\"valueRequired\":true,\"valueName\":\"search_term_string\"}}],\"inLanguage\":\"pt-BR\"},{\"@type\":\"Organization\",\"@id\":\"https:\\\/\\\/strangercam.com\\\/#organization\",\"name\":\"Strangercam\",\"alternateName\":\"Strangercam.com\",\"url\":\"https:\\\/\\\/strangercam.com\\\/\",\"logo\":{\"@type\":\"ImageObject\",\"inLanguage\":\"pt-BR\",\"@id\":\"https:\\\/\\\/strangercam.com\\\/#\\\/schema\\\/logo\\\/image\\\/\",\"url\":\"https:\\\/\\\/strangercam.com\\\/wp-content\\\/uploads\\\/2020\\\/11\\\/cropped-new-favicon-black.png\",\"contentUrl\":\"https:\\\/\\\/strangercam.com\\\/wp-content\\\/uploads\\\/2020\\\/11\\\/cropped-new-favicon-black.png\",\"width\":512,\"height\":512,\"caption\":\"Strangercam\"},\"image\":{\"@id\":\"https:\\\/\\\/strangercam.com\\\/#\\\/schema\\\/logo\\\/image\\\/\"},\"sameAs\":[\"https:\\\/\\\/www.facebook.com\\\/strangercam\",\"https:\\\/\\\/x.com\\\/strangercamapp\"]}]}<\/script>\n<!-- \/ Yoast SEO plugin. -->","yoast_head_json":{"title":"Omegla - Bate-papo de v\u00eddeo gratuito com garotas no StrangerCam.com","description":"Gosta de Omegla? Venha bater papo com mais de 5.000.000 de desconhecidos no Stranger Cam de gra\u00e7a! Ligue sua c\u00e2mera e encontre novos amigos e talvez um par!","robots":{"index":"index","follow":"follow","max-snippet":"max-snippet:-1","max-image-preview":"max-image-preview:large","max-video-preview":"max-video-preview:-1"},"canonical":"https:\/\/strangercam.com\/pt-br\/omegla\/","og_locale":"pt_BR","og_type":"article","og_title":"Omegla - Free video chat with girls on StrangerCam.com","og_description":"Like Omegla? Come chat with more than 5.000.000 strangers on Stranger Cam for Free! Turn on your cam and find new friends & maby a match!","og_url":"https:\/\/strangercam.com\/pt-br\/omegla\/","og_site_name":"Strangercam","article_publisher":"https:\/\/www.facebook.com\/strangercam","article_modified_time":"2025-02-07T11:15:40+00:00","og_image":[{"width":800,"height":532,"url":"https:\/\/strangercam.com\/wp-content\/uploads\/2021\/10\/Untitled-2.png","type":"image\/png"}],"twitter_card":"summary_large_image","twitter_site":"@strangercamapp","twitter_misc":{"Est. tempo de leitura":"6 minutos"},"schema":{"@context":"https:\/\/schema.org","@graph":[{"@type":"WebPage","@id":"https:\/\/strangercam.com\/omegla\/","url":"https:\/\/strangercam.com\/omegla\/","name":"Omegla - Bate-papo de v\u00eddeo gratuito com garotas no StrangerCam.com","isPartOf":{"@id":"https:\/\/strangercam.com\/#website"},"datePublished":"2025-02-07T11:15:10+00:00","dateModified":"2025-02-07T11:15:40+00:00","description":"Gosta de Omegla? Venha bater papo com mais de 5.000.000 de desconhecidos no Stranger Cam de gra\u00e7a! Ligue sua c\u00e2mera e encontre novos amigos e talvez um par!","breadcrumb":{"@id":"https:\/\/strangercam.com\/omegla\/#breadcrumb"},"inLanguage":"pt-BR","potentialAction":[{"@type":"ReadAction","target":["https:\/\/strangercam.com\/omegla\/"]}]},{"@type":"BreadcrumbList","@id":"https:\/\/strangercam.com\/omegla\/#breadcrumb","itemListElement":[{"@type":"ListItem","position":1,"name":"Home","item":"https:\/\/strangercam.com\/"},{"@type":"ListItem","position":2,"name":"Omegla"}]},{"@type":"WebSite","@id":"https:\/\/strangercam.com\/#website","url":"https:\/\/strangercam.com\/","name":"Strangercam","description":"Bate-papo por v\u00eddeo aleat\u00f3rio com estranhos","publisher":{"@id":"https:\/\/strangercam.com\/#organization"},"alternateName":"Strangercam.com","potentialAction":[{"@type":"SearchAction","target":{"@type":"EntryPoint","urlTemplate":"https:\/\/strangercam.com\/?s={search_term_string}"},"query-input":{"@type":"PropertyValueSpecification","valueRequired":true,"valueName":"search_term_string"}}],"inLanguage":"pt-BR"},{"@type":"Organization","@id":"https:\/\/strangercam.com\/#organization","name":"Strangercam","alternateName":"Strangercam.com","url":"https:\/\/strangercam.com\/","logo":{"@type":"ImageObject","inLanguage":"pt-BR","@id":"https:\/\/strangercam.com\/#\/schema\/logo\/image\/","url":"https:\/\/strangercam.com\/wp-content\/uploads\/2020\/11\/cropped-new-favicon-black.png","contentUrl":"https:\/\/strangercam.com\/wp-content\/uploads\/2020\/11\/cropped-new-favicon-black.png","width":512,"height":512,"caption":"Strangercam"},"image":{"@id":"https:\/\/strangercam.com\/#\/schema\/logo\/image\/"},"sameAs":["https:\/\/www.facebook.com\/strangercam","https:\/\/x.com\/strangercamapp"]}]}},"_links":{"self":[{"href":"https:\/\/strangercam.com\/pt-br\/wp-json\/wp\/v2\/pages\/12700","targetHints":{"allow":["GET"]}}],"collection":[{"href":"https:\/\/strangercam.com\/pt-br\/wp-json\/wp\/v2\/pages"}],"about":[{"href":"https:\/\/strangercam.com\/pt-br\/wp-json\/wp\/v2\/types\/page"}],"author":[{"embeddable":true,"href":"https:\/\/strangercam.com\/pt-br\/wp-json\/wp\/v2\/users\/6"}],"replies":[{"embeddable":true,"href":"https:\/\/strangercam.com\/pt-br\/wp-json\/wp\/v2\/comments?post=12700"}],"version-history":[{"count":1,"href":"https:\/\/strangercam.com\/pt-br\/wp-json\/wp\/v2\/pages\/12700\/revisions"}],"predecessor-version":[{"id":12701,"href":"https:\/\/strangercam.com\/pt-br\/wp-json\/wp\/v2\/pages\/12700\/revisions\/12701"}],"wp:attachment":[{"href":"https:\/\/strangercam.com\/pt-br\/wp-json\/wp\/v2\/media?parent=12700"}],"curies":[{"name":"wp","href":"https:\/\/api.w.org\/{rel}","templated":true}]}}