{"id":12683,"date":"2025-01-29T10:35:45","date_gmt":"2025-01-29T08:35:45","guid":{"rendered":"https:\/\/strangercam.com\/?page_id=12683"},"modified":"2025-02-04T09:27:22","modified_gmt":"2025-02-04T07:27:22","slug":"pink-video-chat","status":"publish","type":"page","link":"https:\/\/strangercam.com\/pt-br\/pink-video-chat\/","title":{"rendered":"Bate-papo por v\u00eddeo rosa"},"content":{"rendered":"<p>Voc\u00ea est\u00e1 procurando uma maneira animada e espont\u00e2nea de <a href=\"https:\/\/strangercam.com\/pt-br\/coomeet\/\">conhecer<\/a> novas pessoas on-line? V\u00eddeo rosa <a href=\"https:\/\/strangercam.com\/pt-br\/chatroulette\/\">Bate-papo<\/a> O Pink Video Chat oferece uma alternativa divertida a plataformas como o Chatrandom, concentrando-se em conex\u00f5es de v\u00eddeo aleat\u00f3rias que geram novas conversas em todo o mundo. Neste guia, exploraremos os principais recursos do Pink Video Chat, como ele se destaca de outros sites de bate-papo aleat\u00f3rios e o que o torna uma op\u00e7\u00e3o segura e divertida para quem gosta de encontros sociais r\u00e1pidos.<\/p>\n<h2>Principais recursos<\/h2>\n<p>Rosa <a href=\"https:\/\/strangercam.com\/pt-br\/rabbit-video-chat\/\">Bate-papo por v\u00eddeo<\/a> tem como objetivo oferecer um m\u00e9todo simples e envolvente para se conectar com estranhos em tempo real. De sua interface amig\u00e1vel a complementos criativos, o objetivo \u00e9 manter as conversas divertidas e seguras.<\/p>\n<ul>\n<li><strong>Correspond\u00eancia aleat\u00f3ria de v\u00eddeos<\/strong>: Fa\u00e7a pares instantaneamente com estranhos e entre em bate-papos casuais por v\u00eddeo.<\/li>\n<li><strong>Efeitos de quebra-gelo<\/strong>: Apimente as conversas com m\u00e1scaras, filtros e outros elementos visuais divertidos.<\/li>\n<li><strong>Navega\u00e7\u00e3o r\u00e1pida<\/strong>: Passe rapidamente de um bate-papo para outro, garantindo que voc\u00ea passe mais tempo conversando e menos tempo esperando.<\/li>\n<li><strong>Otimizado para celular<\/strong>: Seja no smartphone ou no desktop, desfrute de bate-papos com v\u00eddeo sem interrup\u00e7\u00f5es e sem sacrificar a qualidade.<\/li>\n<\/ul>\n<h2>Experi\u00eancia aleat\u00f3ria de bate-papo por v\u00eddeo<\/h2>\n<p>O principal apelo do Pink Video Chat est\u00e1 em sua capacidade de conect\u00e1-lo a estranhos, um a um, com o clique de um bot\u00e3o.<\/p>\n<h3>Conex\u00f5es instant\u00e2neas<\/h3>\n<p>Assim que voc\u00ea clicar em \u201cStart\u201d (Iniciar), o algoritmo do Pink Video Chat encontrar\u00e1 rapidamente um parceiro pronto para uma conversa por v\u00eddeo. N\u00e3o h\u00e1 necessidade de perfis extensos ou filtros complicados - apenas di\u00e1logo espont\u00e2neo.<\/p>\n<h3>Op\u00e7\u00e3o Auto Next<\/h3>\n<p>Se a conversa atual n\u00e3o der certo, um simples toque em \"Next\" (Pr\u00f3ximo) o colocar\u00e1 em contato com uma nova correspond\u00eancia, mantendo o ritmo animado e ajudando voc\u00ea a descobrir mais pessoas.<\/p>\n<h3>Comunidade global<\/h3>\n<p>A base de usu\u00e1rios do Pink Video Chat se estende por todo o mundo, dando-lhe a chance de conversar com pessoas de v\u00e1rias origens. \u00c9 perfeito para aprender novos idiomas ou explorar culturas internacionais em um formato amig\u00e1vel e face a face.<\/p>\n<h2>Extras divertidos<\/h2>\n<p>Al\u00e9m de sua fun\u00e7\u00e3o essencial de bate-papo aleat\u00f3rio, o Pink Video Chat oferece adi\u00e7\u00f5es interessantes para aumentar o envolvimento e quebrar o gelo.<\/p>\n<table>\n<thead>\n<tr>\n<th>Recurso<\/th>\n<th>Descri\u00e7\u00e3o<\/th>\n<\/tr>\n<\/thead>\n<tbody>\n<tr>\n<td><strong>M\u00e1scaras e filtros digitais<\/strong><\/td>\n<td>Transforme seu visual na tela com sobreposi\u00e7\u00f5es peculiares, chap\u00e9us engra\u00e7ados ou efeitos animados.<\/td>\n<\/tr>\n<tr>\n<td><strong>Integra\u00e7\u00e3o de bate-papo por texto<\/strong><\/td>\n<td>Digite mensagens r\u00e1pidas ou compartilhe links se preferir n\u00e3o falar diante da c\u00e2mera no in\u00edcio.<\/td>\n<\/tr>\n<tr>\n<td><strong>Ferramenta Snapshot<\/strong><\/td>\n<td>Capture momentos memor\u00e1veis (com consentimento) para revisit\u00e1-los ap\u00f3s o t\u00e9rmino da sess\u00e3o.<\/td>\n<\/tr>\n<tr>\n<td><strong>Tags de interesse<\/strong><\/td>\n<td>Inclua palavras-chave (m\u00fasica, esportes, viagens) para que a plataforma possa sugerir correspond\u00eancias mais relevantes.<\/td>\n<\/tr>\n<\/tbody>\n<\/table>\n<h2>Interface e experi\u00eancia do usu\u00e1rio<\/h2>\n<p>O layout do Pink Video Chat tem como objetivo ser direto, reduzindo a desordem e priorizando intera\u00e7\u00f5es f\u00e1ceis.<\/p>\n<h3>Design e navega\u00e7\u00e3o<\/h3>\n<ul>\n<li><strong>Configura\u00e7\u00e3o minimalista<\/strong>: Bot\u00f5es claros para \"Start\" (Iniciar), \"Stop\" (Parar) e \"Next\" (Pr\u00f3ximo) ajudam voc\u00ea a assumir o controle de suas conex\u00f5es.<\/li>\n<li><strong>Menus baseados em \u00edcones<\/strong>: Localize rapidamente complementos como filtros, bate-papo por texto e recursos de relat\u00f3rio.<\/li>\n<li><strong>Layout responsivo<\/strong>: Funciona bem tanto em dispositivos m\u00f3veis quanto em desktops, garantindo que os bate-papos fiquem \u00f3timos em qualquer tela.<\/li>\n<\/ul>\n<h3>Perfil e personaliza\u00e7\u00e3o<\/h3>\n<ul>\n<li><strong>Nomes de usu\u00e1rio opcionais<\/strong>: Crie um perfil breve se quiser receber visitantes recorrentes ou permane\u00e7a an\u00f4nimo para ter mais privacidade.<\/li>\n<li><strong>Prefer\u00eancias de notifica\u00e7\u00e3o<\/strong>: Controle os alertas sobre solicita\u00e7\u00f5es de amizade ou novos recursos.<\/li>\n<li><strong>Configura\u00e7\u00f5es de privacidade<\/strong>: Limite o compartilhamento de local e ajuste quais informa\u00e7\u00f5es ficam vis\u00edveis para outras pessoas.<\/li>\n<\/ul>\n<h2>Desempenho<\/h2>\n<p>Para qualquer <a href=\"https:\/\/strangercam.com\/pt-br\/chathub\/\">bate-papo por v\u00eddeo aleat\u00f3rio<\/a> plataforma, velocidade e confiabilidade s\u00e3o fundamentais. O Pink Video Chat equilibra a qualidade com um design f\u00e1cil de usar.<\/p>\n<h3>Conex\u00f5es est\u00e1veis<\/h3>\n<ul>\n<li><strong>Servidores otimizados<\/strong>: Projetado para reduzir o atraso e proporcionar conversas naturais.<\/li>\n<li><strong>Qualidade de streaming adapt\u00e1vel<\/strong>: Ajusta automaticamente a resolu\u00e7\u00e3o com base na largura de banda da Internet.<\/li>\n<li><strong>Modo m\u00f3vel amig\u00e1vel aos dados<\/strong>: As op\u00e7\u00f5es de menor uso de dados para redes m\u00f3veis ajudam a manter a fluidez do v\u00eddeo.<\/li>\n<\/ul>\n<h2>Seguran\u00e7a e modera\u00e7\u00e3o<\/h2>\n<p>Chats de v\u00eddeo aleat\u00f3rios podem expor os usu\u00e1rios a intera\u00e7\u00f5es inadequadas, e \u00e9 por isso que o Pink Video Chat prioriza a modera\u00e7\u00e3o.<\/p>\n<h3>Monitoramento da comunidade<\/h3>\n<ul>\n<li><strong>Relat\u00f3rio e bloqueio<\/strong>: Denuncie instantaneamente os usu\u00e1rios que violarem as regras e bloqueie contatos futuros para manter uma experi\u00eancia agrad\u00e1vel.<\/li>\n<li><strong>Filtragem de IA<\/strong>: Os sistemas automatizados detectam e limitam o conte\u00fado expl\u00edcito ou abusivo logo no in\u00edcio.<\/li>\n<li><strong>Modera\u00e7\u00e3o humana<\/strong>: Uma equipe de suporte dedicada investiga den\u00fancias graves para prote\u00e7\u00e3o adicional.<\/li>\n<\/ul>\n<h3>Garantia de privacidade<\/h3>\n<ul>\n<li><strong>Chats de v\u00eddeo an\u00f4nimos<\/strong>: Nenhuma obriga\u00e7\u00e3o de compartilhar detalhes pessoais ou vincular-se a perfis de m\u00eddia social.<\/li>\n<li><strong>Manuseio seguro de dados<\/strong>: A criptografia b\u00e1sica ajuda a proteger as credenciais da conta e as informa\u00e7\u00f5es da sess\u00e3o.<\/li>\n<li><strong>Pol\u00edtica de idade m\u00ednima<\/strong>: Usu\u00e1rios menores de 18 anos s\u00e3o restritos para garantir a conformidade com a seguran\u00e7a das crian\u00e7as.<\/li>\n<\/ul>\n<h2>Monetiza\u00e7\u00e3o e upgrades<\/h2>\n<p>O Pink Video Chat fornece seus principais recursos de correspond\u00eancia para <a href=\"https:\/\/strangercam.com\/pt-br\/chat4free\/\">gratuito<\/a>Mas os benef\u00edcios opcionais pagos podem melhorar sua experi\u00eancia.<\/p>\n<h3>Op\u00e7\u00f5es de assinatura<\/h3>\n<ul>\n<li><strong>Modo sem an\u00fancios<\/strong>: Elimine pop-ups e an\u00fancios em banner para um ambiente de bate-papo ininterrupto.<\/li>\n<li><strong>Filtros exclusivos<\/strong>: Desbloqueie efeitos e planos de fundo premium para se destacar na c\u00e2mera.<\/li>\n<li><strong>Matchmaking avan\u00e7ado<\/strong>: Refine suas tags de interesse para obter emparelhamentos mais precisos.<\/li>\n<\/ul>\n<h3>Pr\u00eamios e cr\u00e9ditos<\/h3>\n<ul>\n<li><strong>N\u00edveis de fidelidade<\/strong>: Ganhe pontos com o uso frequente, que podem ser trocados por b\u00f4nus ou descontos no aplicativo.<\/li>\n<li><strong>Incentivos de indica\u00e7\u00e3o<\/strong>: Convide amigos para o Pink Video Chat e ganhe cr\u00e9ditos para gastar em recursos premium.<\/li>\n<\/ul>\n<h2>Posicionamento de mercado<\/h2>\n<p>O Pink Video Chat se diferencia como uma alternativa vibrante a plataformas como o Chatrandom. Ele prospera em encontros casuais e imprevis\u00edveis, oferecendo medidas de seguran\u00e7a e personaliza\u00e7\u00e3o suficientes para satisfazer um p\u00fablico amplo.<\/p>\n<h3>Dados demogr\u00e1ficos do usu\u00e1rio<\/h3>\n<ul>\n<li><strong>Faixa et\u00e1ria<\/strong>: Principalmente de 18 a 35 anos, mas aberto a adultos de todas as idades.<\/li>\n<li><strong>Interesses<\/strong>: Ideal para bate-papos casuais, interc\u00e2mbio cultural, pr\u00e1tica do idioma e tudo o mais.<\/li>\n<li><strong>Uso de pico<\/strong>: As noites e os finais de semana atraem o maior n\u00famero de pessoas em busca de conversas divertidas e descontra\u00eddas.<\/li>\n<\/ul>\n<h3>Alcance global<\/h3>\n<ul>\n<li><strong>Base de usu\u00e1rios internacionais<\/strong>: Conhe\u00e7a estranhos de in\u00fameros pa\u00edses, ampliando sua vis\u00e3o de mundo com um bate-papo de cada vez.<\/li>\n<li><strong>Interface em v\u00e1rios idiomas<\/strong>: Escolha entre v\u00e1rias op\u00e7\u00f5es de idioma para uma experi\u00eancia localizada.<\/li>\n<\/ul>\n<h2>Pr\u00f3s e contras<\/h2>\n<p>Aqui est\u00e1 um resumo r\u00e1pido dos pontos fortes e das poss\u00edveis desvantagens do Pink Video Chat:<\/p>\n<table>\n<thead>\n<tr>\n<th>Pr\u00f3s<\/th>\n<th>Contras<\/th>\n<\/tr>\n<\/thead>\n<tbody>\n<tr>\n<td>\n<ul>\n<li>Conex\u00f5es aleat\u00f3rias instant\u00e2neas<\/li>\n<li>Layout simples e intuitivo<\/li>\n<li>Filtros e efeitos divertidos<\/li>\n<li>Ferramentas robustas de modera\u00e7\u00e3o<\/li>\n<li>Desempenho pronto para dispositivos m\u00f3veis<\/li>\n<\/ul>\n<\/td>\n<td>\n<ul>\n<li>Exposi\u00e7\u00e3o potencial a conte\u00fado inadequado (embora moderado)<\/li>\n<li>Alta demanda de Internet para a melhor qualidade de v\u00eddeo<\/li>\n<li>Op\u00e7\u00f5es limitadas de perfil e juros na camada gratuita<\/li>\n<li>Concorr\u00eancia de plataformas maiores e estabelecidas<\/li>\n<\/ul>\n<\/td>\n<\/tr>\n<\/tbody>\n<\/table>\n<h2>Conclus\u00e3o<\/h2>\n<p>O Pink Video Chat oferece uma experi\u00eancia de bate-papo por v\u00eddeo aleat\u00f3ria e divertida, adequada para quem deseja encontros sociais espont\u00e2neos. Como alternativa ao Chatrandom, ele equilibra simplicidade e prazer, incorporando recursos divertidos, como m\u00e1scaras digitais e tags de interesse, juntamente com medidas de seguran\u00e7a essenciais, como den\u00fancia e bloqueio. Se estiver procurando conhecer novos amigos, praticar um segundo idioma ou simplesmente passar o tempo em uma comunidade on-line din\u00e2mica, o Pink Video Chat tem muito a oferecer.<br \/>\nCom uma interface de usu\u00e1rio limpa, compatibilidade m\u00f3vel e ambiente de bate-papo moderado, o Pink Video Chat se destaca como um concorrente vibrante no mundo dos sites de bate-papo com v\u00eddeo aleat\u00f3rio. Experimente e descubra quem voc\u00ea conhecer\u00e1 do outro lado do seu pr\u00f3ximo clique!<\/p>","protected":false},"excerpt":{"rendered":"<p>Are you looking for a lively, spontaneous way to meet new people online? Pink Video Chat offers a fun alternative to platforms like Chatrandom, focusing on random video connections that spark fresh conversations across the globe. In this guide, we\u2019ll explore Pink Video Chat\u2019s primary features, how it stands out from other random chat sites, [&hellip;]<\/p>\n","protected":false},"author":6,"featured_media":0,"parent":0,"menu_order":0,"comment_status":"closed","ping_status":"closed","template":"","meta":{"footnotes":""},"class_list":["post-12683","page","type-page","status-publish","hentry"],"yoast_head":"<!-- This site is optimized with the Yoast SEO plugin v27.4 - https:\/\/yoast.com\/product\/yoast-seo-wordpress\/ -->\n<title>Pink Video Chat - Chat with people on StrangerCam.com<\/title>\n<meta name=\"description\" content=\"Like Pink Video Chat? Come chat with more than 5.000.000 strangers on Stranger Cam for Free! Turn on your cam and find new friends &amp; maby a match!\" \/>\n<meta name=\"robots\" content=\"index, follow, max-snippet:-1, max-image-preview:large, max-video-preview:-1\" \/>\n<link rel=\"canonical\" href=\"https:\/\/strangercam.com\/pt-br\/pink-video-chat\/\" \/>\n<meta property=\"og:locale\" content=\"pt_BR\" \/>\n<meta property=\"og:type\" content=\"article\" \/>\n<meta property=\"og:title\" content=\"Pink Video Chat - Chat with people on StrangerCam.com\" \/>\n<meta property=\"og:description\" content=\"Like Pink Video Chat? Come chat with more than 5.000.000 strangers on Stranger Cam for Free! Turn on your cam and find new friends &amp; maby a match!\" \/>\n<meta property=\"og:url\" content=\"https:\/\/strangercam.com\/pt-br\/pink-video-chat\/\" \/>\n<meta property=\"og:site_name\" content=\"Strangercam\" \/>\n<meta property=\"article:publisher\" content=\"https:\/\/www.facebook.com\/strangercam\" \/>\n<meta property=\"article:modified_time\" content=\"2025-02-04T07:27:22+00:00\" \/>\n<meta property=\"og:image\" content=\"https:\/\/strangercam.com\/wp-content\/uploads\/2021\/10\/Untitled-2.png\" \/>\n\t<meta property=\"og:image:width\" content=\"800\" \/>\n\t<meta property=\"og:image:height\" content=\"532\" \/>\n\t<meta property=\"og:image:type\" content=\"image\/png\" \/>\n<meta name=\"twitter:card\" content=\"summary_large_image\" \/>\n<meta name=\"twitter:site\" content=\"@strangercamapp\" \/>\n<meta name=\"twitter:label1\" content=\"Est. tempo de leitura\" \/>\n\t<meta name=\"twitter:data1\" content=\"5 minutos\" \/>\n<script type=\"application\/ld+json\" class=\"yoast-schema-graph\">{\"@context\":\"https:\\\/\\\/schema.org\",\"@graph\":[{\"@type\":\"WebPage\",\"@id\":\"https:\\\/\\\/strangercam.com\\\/pink-video-chat\\\/\",\"url\":\"https:\\\/\\\/strangercam.com\\\/pink-video-chat\\\/\",\"name\":\"Pink Video Chat - Chat with people on StrangerCam.com\",\"isPartOf\":{\"@id\":\"https:\\\/\\\/strangercam.com\\\/#website\"},\"datePublished\":\"2025-01-29T08:35:45+00:00\",\"dateModified\":\"2025-02-04T07:27:22+00:00\",\"description\":\"Like Pink Video Chat? Come chat with more than 5.000.000 strangers on Stranger Cam for Free! Turn on your cam and find new friends & maby a match!\",\"breadcrumb\":{\"@id\":\"https:\\\/\\\/strangercam.com\\\/pink-video-chat\\\/#breadcrumb\"},\"inLanguage\":\"pt-BR\",\"potentialAction\":[{\"@type\":\"ReadAction\",\"target\":[\"https:\\\/\\\/strangercam.com\\\/pink-video-chat\\\/\"]}]},{\"@type\":\"BreadcrumbList\",\"@id\":\"https:\\\/\\\/strangercam.com\\\/pink-video-chat\\\/#breadcrumb\",\"itemListElement\":[{\"@type\":\"ListItem\",\"position\":1,\"name\":\"Home\",\"item\":\"https:\\\/\\\/strangercam.com\\\/\"},{\"@type\":\"ListItem\",\"position\":2,\"name\":\"Pink Video Chat\"}]},{\"@type\":\"WebSite\",\"@id\":\"https:\\\/\\\/strangercam.com\\\/#website\",\"url\":\"https:\\\/\\\/strangercam.com\\\/\",\"name\":\"Strangercam\",\"description\":\"Random Video Chat with Strangers\",\"publisher\":{\"@id\":\"https:\\\/\\\/strangercam.com\\\/#organization\"},\"alternateName\":\"Strangercam.com\",\"potentialAction\":[{\"@type\":\"SearchAction\",\"target\":{\"@type\":\"EntryPoint\",\"urlTemplate\":\"https:\\\/\\\/strangercam.com\\\/?s={search_term_string}\"},\"query-input\":{\"@type\":\"PropertyValueSpecification\",\"valueRequired\":true,\"valueName\":\"search_term_string\"}}],\"inLanguage\":\"pt-BR\"},{\"@type\":\"Organization\",\"@id\":\"https:\\\/\\\/strangercam.com\\\/#organization\",\"name\":\"Strangercam\",\"alternateName\":\"Strangercam.com\",\"url\":\"https:\\\/\\\/strangercam.com\\\/\",\"logo\":{\"@type\":\"ImageObject\",\"inLanguage\":\"pt-BR\",\"@id\":\"https:\\\/\\\/strangercam.com\\\/#\\\/schema\\\/logo\\\/image\\\/\",\"url\":\"https:\\\/\\\/strangercam.com\\\/wp-content\\\/uploads\\\/2020\\\/11\\\/cropped-new-favicon-black.png\",\"contentUrl\":\"https:\\\/\\\/strangercam.com\\\/wp-content\\\/uploads\\\/2020\\\/11\\\/cropped-new-favicon-black.png\",\"width\":512,\"height\":512,\"caption\":\"Strangercam\"},\"image\":{\"@id\":\"https:\\\/\\\/strangercam.com\\\/#\\\/schema\\\/logo\\\/image\\\/\"},\"sameAs\":[\"https:\\\/\\\/www.facebook.com\\\/strangercam\",\"https:\\\/\\\/x.com\\\/strangercamapp\"]}]}<\/script>\n<!-- \/ Yoast SEO plugin. -->","yoast_head_json":{"title":"Pink Video Chat - Converse com pessoas no StrangerCam.com","description":"Gosta do bate-papo por v\u00eddeo Pink? Venha bater papo com mais de 5.000.000 de desconhecidos no Stranger Cam de gra\u00e7a! Ligue sua c\u00e2mera e encontre novos amigos e talvez um par!","robots":{"index":"index","follow":"follow","max-snippet":"max-snippet:-1","max-image-preview":"max-image-preview:large","max-video-preview":"max-video-preview:-1"},"canonical":"https:\/\/strangercam.com\/pt-br\/pink-video-chat\/","og_locale":"pt_BR","og_type":"article","og_title":"Pink Video Chat - Chat with people on StrangerCam.com","og_description":"Like Pink Video Chat? Come chat with more than 5.000.000 strangers on Stranger Cam for Free! Turn on your cam and find new friends & maby a match!","og_url":"https:\/\/strangercam.com\/pt-br\/pink-video-chat\/","og_site_name":"Strangercam","article_publisher":"https:\/\/www.facebook.com\/strangercam","article_modified_time":"2025-02-04T07:27:22+00:00","og_image":[{"width":800,"height":532,"url":"https:\/\/strangercam.com\/wp-content\/uploads\/2021\/10\/Untitled-2.png","type":"image\/png"}],"twitter_card":"summary_large_image","twitter_site":"@strangercamapp","twitter_misc":{"Est. tempo de leitura":"5 minutos"},"schema":{"@context":"https:\/\/schema.org","@graph":[{"@type":"WebPage","@id":"https:\/\/strangercam.com\/pink-video-chat\/","url":"https:\/\/strangercam.com\/pink-video-chat\/","name":"Pink Video Chat - Converse com pessoas no StrangerCam.com","isPartOf":{"@id":"https:\/\/strangercam.com\/#website"},"datePublished":"2025-01-29T08:35:45+00:00","dateModified":"2025-02-04T07:27:22+00:00","description":"Gosta do bate-papo por v\u00eddeo Pink? Venha bater papo com mais de 5.000.000 de desconhecidos no Stranger Cam de gra\u00e7a! Ligue sua c\u00e2mera e encontre novos amigos e talvez um par!","breadcrumb":{"@id":"https:\/\/strangercam.com\/pink-video-chat\/#breadcrumb"},"inLanguage":"pt-BR","potentialAction":[{"@type":"ReadAction","target":["https:\/\/strangercam.com\/pink-video-chat\/"]}]},{"@type":"BreadcrumbList","@id":"https:\/\/strangercam.com\/pink-video-chat\/#breadcrumb","itemListElement":[{"@type":"ListItem","position":1,"name":"Home","item":"https:\/\/strangercam.com\/"},{"@type":"ListItem","position":2,"name":"Pink Video Chat"}]},{"@type":"WebSite","@id":"https:\/\/strangercam.com\/#website","url":"https:\/\/strangercam.com\/","name":"Strangercam","description":"Bate-papo por v\u00eddeo aleat\u00f3rio com estranhos","publisher":{"@id":"https:\/\/strangercam.com\/#organization"},"alternateName":"Strangercam.com","potentialAction":[{"@type":"SearchAction","target":{"@type":"EntryPoint","urlTemplate":"https:\/\/strangercam.com\/?s={search_term_string}"},"query-input":{"@type":"PropertyValueSpecification","valueRequired":true,"valueName":"search_term_string"}}],"inLanguage":"pt-BR"},{"@type":"Organization","@id":"https:\/\/strangercam.com\/#organization","name":"Strangercam","alternateName":"Strangercam.com","url":"https:\/\/strangercam.com\/","logo":{"@type":"ImageObject","inLanguage":"pt-BR","@id":"https:\/\/strangercam.com\/#\/schema\/logo\/image\/","url":"https:\/\/strangercam.com\/wp-content\/uploads\/2020\/11\/cropped-new-favicon-black.png","contentUrl":"https:\/\/strangercam.com\/wp-content\/uploads\/2020\/11\/cropped-new-favicon-black.png","width":512,"height":512,"caption":"Strangercam"},"image":{"@id":"https:\/\/strangercam.com\/#\/schema\/logo\/image\/"},"sameAs":["https:\/\/www.facebook.com\/strangercam","https:\/\/x.com\/strangercamapp"]}]}},"_links":{"self":[{"href":"https:\/\/strangercam.com\/pt-br\/wp-json\/wp\/v2\/pages\/12683","targetHints":{"allow":["GET"]}}],"collection":[{"href":"https:\/\/strangercam.com\/pt-br\/wp-json\/wp\/v2\/pages"}],"about":[{"href":"https:\/\/strangercam.com\/pt-br\/wp-json\/wp\/v2\/types\/page"}],"author":[{"embeddable":true,"href":"https:\/\/strangercam.com\/pt-br\/wp-json\/wp\/v2\/users\/6"}],"replies":[{"embeddable":true,"href":"https:\/\/strangercam.com\/pt-br\/wp-json\/wp\/v2\/comments?post=12683"}],"version-history":[{"count":1,"href":"https:\/\/strangercam.com\/pt-br\/wp-json\/wp\/v2\/pages\/12683\/revisions"}],"predecessor-version":[{"id":12684,"href":"https:\/\/strangercam.com\/pt-br\/wp-json\/wp\/v2\/pages\/12683\/revisions\/12684"}],"wp:attachment":[{"href":"https:\/\/strangercam.com\/pt-br\/wp-json\/wp\/v2\/media?parent=12683"}],"curies":[{"name":"wp","href":"https:\/\/api.w.org\/{rel}","templated":true}]}}