{"id":12678,"date":"2025-01-29T10:31:15","date_gmt":"2025-01-29T08:31:15","guid":{"rendered":"https:\/\/strangercam.com\/?page_id=12678"},"modified":"2025-01-29T10:31:15","modified_gmt":"2025-01-29T08:31:15","slug":"only2chat","status":"publish","type":"page","link":"https:\/\/strangercam.com\/pt-br\/only2chat\/","title":{"rendered":"Only2Chat"},"content":{"rendered":"<p>Se voc\u00ea gosta de conex\u00f5es espont\u00e2neas e de conhecer novas pessoas on-line, o Only2Chat \u00e9 uma alternativa divertida \u00e0s plataformas tradicionais do tipo chatroulette. Projetado para unir estranhos em sess\u00f5es de v\u00eddeo individuais, o Only2Chat enfatiza intera\u00e7\u00f5es r\u00e1pidas e descomplicadas e recursos divertidos - tudo isso mantendo um ambiente seguro e f\u00e1cil de usar. Nesta vis\u00e3o geral, exploraremos as principais atra\u00e7\u00f5es da plataforma, discutiremos a experi\u00eancia do usu\u00e1rio e destacaremos como ela se diferencia de outras plataformas de bate-papo aleat\u00f3rias. <a href=\"https:\/\/strangercam.com\/pt-br\/coomeet\/\">bate-papo por v\u00eddeo<\/a> sites.<\/p>\n<h2>Principais recursos<\/h2>\n<p>O Only2Chat se concentra em oferecer uma maneira casual e divertida de conversar com estranhos por v\u00eddeo. Seus principais recursos visam criar um ambiente envolvente e seguro <a href=\"https:\/\/strangercam.com\/pt-br\/mocospace\/\">espa\u00e7o<\/a> onde voc\u00ea pode se conectar com pessoas do mundo todo.<\/p>\n<ul>\n<li><strong>Correspond\u00eancia aleat\u00f3ria de v\u00eddeos<\/strong>: Emparelhe-se instantaneamente com outros usu\u00e1rios em uma intera\u00e7\u00e3o face a face <a href=\"https:\/\/strangercam.com\/pt-br\/chathub\/\">bate-papo<\/a> ambiente.<\/li>\n<li><strong>Filtros e efeitos divertidos<\/strong>: D\u00ea um toque extra \u00e0 sua conversa com filtros divertidos e efeitos na tela.<\/li>\n<li><strong>Navega\u00e7\u00e3o f\u00e1cil<\/strong>: Uma interface simples ajuda voc\u00ea a passar de um bate-papo para outro sem complica\u00e7\u00f5es.<\/li>\n<li><strong>Design compat\u00edvel com dispositivos m\u00f3veis<\/strong>: Aproveite o Only2Chat em seu telefone, tablet ou desktop para conversas em qualquer lugar.<\/li>\n<\/ul>\n<h2>Experi\u00eancia aleat\u00f3ria de bate-papo por v\u00eddeo<\/h2>\n<p>Em sua ess\u00eancia, o Only2Chat oferece uma maneira instant\u00e2nea e sem compromisso de participar de chamadas de v\u00eddeo com novas pessoas.<\/p>\n<h3>Conex\u00f5es individuais<\/h3>\n<p>Quando voc\u00ea pressiona o bot\u00e3o \"start\" (iniciar), o algoritmo da plataforma rapidamente o emparelha com outro usu\u00e1rio que tamb\u00e9m est\u00e1 procurando um bate-papo aleat\u00f3rio. Os bate-papos permanecem um a um, proporcionando uma experi\u00eancia mais pessoal do que as salas de grupo lotadas.<\/p>\n<h3>Recurso Auto Next<\/h3>\n<p>Se a conversa atual n\u00e3o for adequada - ou se voc\u00ea j\u00e1 estiver satisfeito -, basta clicar em \"Next\" para passar para a pr\u00f3xima correspond\u00eancia aleat\u00f3ria. Isso mant\u00e9m o ritmo r\u00e1pido e garante que voc\u00ea possa encontrar rapidamente algu\u00e9m novo para conversar.<\/p>\n<h3>Comunidade global<\/h3>\n<p>O Only2Chat atrai usu\u00e1rios de diferentes cantos do mundo, oferecendo a voc\u00ea a chance de aprender sobre outras culturas, idiomas e origens em tempo real. Se estiver procurando praticar um idioma estrangeiro ou apenas ter um bate-papo amig\u00e1vel, voc\u00ea poder\u00e1 encontrar algu\u00e9m pronto para se conectar.<\/p>\n<h2>Complementos divertidos<\/h2>\n<p>O Only2Chat n\u00e3o se limita \u00e0s chamadas de v\u00eddeo padr\u00e3o. Uma variedade de extras aprimora sua experi\u00eancia e ajuda a quebrar o gelo.<\/p>\n<table>\n<thead>\n<tr>\n<th>Recurso<\/th>\n<th>Descri\u00e7\u00e3o<\/th>\n<\/tr>\n<\/thead>\n<tbody>\n<tr>\n<td><strong>M\u00e1scaras virtuais<\/strong><\/td>\n<td>Entretenha seu parceiro de bate-papo usando m\u00e1scaras digitais ou acess\u00f3rios engra\u00e7ados na c\u00e2mera.<\/td>\n<\/tr>\n<tr>\n<td><strong>Integra\u00e7\u00e3o de bate-papo por texto<\/strong><\/td>\n<td>Envie mensagens r\u00e1pidas para esclarecer pontos ou compartilhar links se ainda n\u00e3o estiver pronto para uma intera\u00e7\u00e3o completa por v\u00eddeo.<\/td>\n<\/tr>\n<tr>\n<td><strong>Op\u00e7\u00f5es de instant\u00e2neos<\/strong><\/td>\n<td>Tire uma foto de momentos memor\u00e1veis (com permiss\u00e3o) para revisitar mais tarde.<\/td>\n<\/tr>\n<tr>\n<td><strong>Tags de interesse<\/strong><\/td>\n<td>Rotule seus bate-papos com t\u00f3picos (m\u00fasica, jogos, viagens) para encontrar mais pares compat\u00edveis.<\/td>\n<\/tr>\n<\/tbody>\n<\/table>\n<h2>Interface e experi\u00eancia do usu\u00e1rio<\/h2>\n<p>Um design simples e elegante ajuda os novos usu\u00e1rios a mergulharem diretamente no bate-papo. O layout do Only2Chat mant\u00e9m o foco na sua transmiss\u00e3o de v\u00eddeo ao vivo, com o m\u00ednimo de distra\u00e7\u00f5es na tela.<\/p>\n<h3>Design e navega\u00e7\u00e3o<\/h3>\n<ul>\n<li><strong>Controles m\u00ednimos<\/strong>: Os bot\u00f5es \"Start\" (Iniciar), \"Stop\" (Parar) e \"Next\" (Pr\u00f3ximo), claramente identificados, permitem que voc\u00ea controle suas sess\u00f5es sem esfor\u00e7o.<\/li>\n<li><strong>Acesso r\u00e1pido aos recursos<\/strong>: Os menus baseados em \u00edcones exibem filtros, op\u00e7\u00f5es de bate-papo de texto e controles de som em um piscar de olhos.<\/li>\n<li><strong>Compat\u00edvel com dispositivos m\u00f3veis<\/strong>: O design responsivo se adapta a diferentes tamanhos de tela, tornando os bate-papos por v\u00eddeo baseados em telefone f\u00e1ceis e intuitivos.<\/li>\n<\/ul>\n<h3>Personaliza\u00e7\u00e3o<\/h3>\n<ul>\n<li><strong>Elementos do perfil<\/strong>: Configure um breve perfil, adicione um nome de usu\u00e1rio opcional ou liste seus interesses para orientar o algoritmo de correspond\u00eancia.<\/li>\n<li><strong>Controles de notifica\u00e7\u00e3o<\/strong>: Decida quando e como voc\u00ea receber\u00e1 notifica\u00e7\u00f5es, como solicita\u00e7\u00f5es de amizade ou novas correspond\u00eancias.<\/li>\n<li><strong>Configura\u00e7\u00f5es de privacidade<\/strong>: Limite quais informa\u00e7\u00f5es pessoais ficam vis\u00edveis para outras pessoas e como voc\u00ea lida com o compartilhamento de local.<\/li>\n<\/ul>\n<h2>Desempenho<\/h2>\n<p>Como o bate-papo por v\u00eddeo aleat\u00f3rio depende de conex\u00f5es em tempo real, o Only2Chat se concentra na velocidade e na estabilidade:<\/p>\n<h3>Conex\u00f5es r\u00e1pidas e est\u00e1veis<\/h3>\n<ul>\n<li><strong>Servidores otimizados<\/strong>: A lat\u00eancia m\u00ednima garante que as conversas sejam naturais e ininterruptas.<\/li>\n<li><strong>Qualidade de v\u00eddeo adapt\u00e1vel<\/strong>: A resolu\u00e7\u00e3o se ajusta \u00e0 velocidade de sua Internet, proporcionando uma experi\u00eancia tranquila em redes fortes e fracas.<\/li>\n<li><strong>Efici\u00eancia de dados m\u00f3veis<\/strong>: Os usu\u00e1rios em tr\u00e2nsito se beneficiam dos modos de uso de dados mais baixos.<\/li>\n<\/ul>\n<h2>Seguran\u00e7a e modera\u00e7\u00e3o<\/h2>\n<p>Os chats de v\u00eddeo aleat\u00f3rios exigem prote\u00e7\u00f5es robustas. O Only2Chat prioriza o bem-estar do usu\u00e1rio por meio de ferramentas de modera\u00e7\u00e3o e pol\u00edticas rigorosas.<\/p>\n<h3>Monitoramento de conte\u00fado<\/h3>\n<ul>\n<li><strong>Relat\u00f3rio e bloqueio<\/strong>: Viu um infrator de regras ou sofreu ass\u00e9dio? Denuncie-os e bloqueie-os para obter uma solu\u00e7\u00e3o imediata.<\/li>\n<li><strong>Triagem de IA<\/strong>: Os sistemas automatizados ajudam a filtrar o conte\u00fado inadequado antes que ele aumente.<\/li>\n<li><strong>Equipe de Revis\u00e3o Humana<\/strong>: Uma equipe de modera\u00e7\u00e3o dedicada avalia o comportamento sinalizado, garantindo uma comunidade mais segura.<\/li>\n<\/ul>\n<h3>Controles de privacidade<\/h3>\n<ul>\n<li><strong>Intera\u00e7\u00e3o an\u00f4nima<\/strong>: Use o Only2Chat sem divulgar seus dados pessoais ou perfil, se preferir.<\/li>\n<li><strong>Manuseio seguro de dados<\/strong>: A criptografia b\u00e1sica de dados ajuda a proteger as informa\u00e7\u00f5es da conta.<\/li>\n<li><strong>Restri\u00e7\u00f5es de idade<\/strong>: A plataforma imp\u00f5e um requisito de idade m\u00ednima para proteger os menores.<\/li>\n<\/ul>\n<h2>Monetiza\u00e7\u00e3o e upgrades<\/h2>\n<p>O Only2Chat opera principalmente como um servi\u00e7o gratuito, mas as ofertas premium opcionais ajudam a manter e aprimorar a experi\u00eancia do usu\u00e1rio.<\/p>\n<h3>Op\u00e7\u00f5es de upgrade<\/h3>\n<ul>\n<li><strong>Navega\u00e7\u00e3o sem an\u00fancios<\/strong>: Remova an\u00fancios intrusivos para obter uma interface mais limpa.<\/li>\n<li><strong>Filtros Premium<\/strong>: Desbloqueie efeitos, planos de fundo e anima\u00e7\u00f5es de avatar exclusivos.<\/li>\n<li><strong>Correspond\u00eancia avan\u00e7ada de interesses<\/strong>: Ajuste suas prefer\u00eancias de bate-papo para encontrar os estranhos mais compat\u00edveis.<\/li>\n<\/ul>\n<h3>Programas de recompensa<\/h3>\n<ul>\n<li><strong>Vantagens de fidelidade<\/strong>: Os usu\u00e1rios frequentes podem ganhar cr\u00e9ditos para gastar em itens premium.<\/li>\n<li><strong>Benef\u00edcios de indica\u00e7\u00e3o<\/strong>: Convide amigos para o Only2Chat e receba recompensas no aplicativo ou b\u00f4nus de assinatura.<\/li>\n<\/ul>\n<h2>Posicionamento de mercado<\/h2>\n<p>Como um servi\u00e7o no estilo de roleta de bate-papo, o Only2Chat tem como alvo os usu\u00e1rios que desejam conex\u00f5es divertidas e instant\u00e2neas sem as complexidades de um site de namoro formal ou de uma ferramenta de reuni\u00e3o corporativa.<\/p>\n<h3>Dados demogr\u00e1ficos do p\u00fablico<\/h3>\n<ul>\n<li><strong>Faixa et\u00e1ria<\/strong>: Jovens adultos e acima, embora principalmente de 18 a 35 anos.<\/li>\n<li><strong>Interesses<\/strong>: Conversas casuais, pr\u00e1tica do idioma, interc\u00e2mbio cultural ou simplesmente passar o tempo.<\/li>\n<li><strong>Padr\u00f5es de uso<\/strong>: Picos nos finais de semana e \u00e0 noite, quando mais pessoas est\u00e3o on-line em busca de entretenimento.<\/li>\n<\/ul>\n<h3>Alcance global<\/h3>\n<ul>\n<li><strong>Base de usu\u00e1rios internacionais<\/strong>: Entusiastas de v\u00e1rios pa\u00edses se conectam para encontros espont\u00e2neos.<\/li>\n<li><strong>Configura\u00e7\u00f5es flex\u00edveis de idioma<\/strong>: A interface pode ser alternada para v\u00e1rios idiomas para experi\u00eancias localizadas.<\/li>\n<\/ul>\n<h2>Pr\u00f3s e contras<\/h2>\n<p>Aqui est\u00e1 uma r\u00e1pida olhada no que faz o Only2Chat se destacar, juntamente com algumas \u00e1reas em que ele poderia melhorar:<\/p>\n<table>\n<thead>\n<tr>\n<th>Pr\u00f3s<\/th>\n<th>Contras<\/th>\n<\/tr>\n<\/thead>\n<tbody>\n<tr>\n<td>\n<ul>\n<li>Correspond\u00eancia aleat\u00f3ria instant\u00e2nea<\/li>\n<li>Interface amig\u00e1vel ao usu\u00e1rio<\/li>\n<li>Filtros e efeitos divertidos<\/li>\n<li>Modera\u00e7\u00e3o dedicada para encontros seguros<\/li>\n<li>Compat\u00edvel com dispositivos m\u00f3veis para bate-papos em movimento<\/li>\n<\/ul>\n<\/td>\n<td>\n<ul>\n<li>Problemas ocasionais de conex\u00e3o em algumas regi\u00f5es<\/li>\n<li>Dependente de uma Internet mais forte para obter melhor qualidade de v\u00eddeo<\/li>\n<li>Exposi\u00e7\u00e3o potencial a conte\u00fado inadequado (atenuada pela modera\u00e7\u00e3o)<\/li>\n<li>Recursos gratuitos limitados em compara\u00e7\u00e3o com as op\u00e7\u00f5es premium<\/li>\n<\/ul>\n<\/td>\n<\/tr>\n<\/tbody>\n<\/table>\n<h2>Conclus\u00e3o<\/h2>\n<p>O Only2Chat oferece uma abordagem direta e divertida para conhecer novas pessoas on-line. Como uma plataforma no estilo de roleta de bate-papo, ela prospera na espontaneidade, emparelhando os usu\u00e1rios para intera\u00e7\u00f5es aleat\u00f3rias face a face que podem gerar amizades breves, sess\u00f5es de pr\u00e1tica de idiomas ou simplesmente uma maneira agrad\u00e1vel de passar o tempo. Com recursos de modera\u00e7\u00e3o incorporados, controles de privacidade e extras divertidos, como filtros, o Only2Chat consegue manter os bate-papos por v\u00eddeo animados e acess\u00edveis.<br \/>\nQuer voc\u00ea esteja procurando uma risada r\u00e1pida, explorando novas culturas ou apenas desejando uma conversa aleat\u00f3ria, o Only2Chat se destaca como uma alternativa din\u00e2mica a outros <a href=\"https:\/\/strangercam.com\/pt-br\/chatroulette\/\">chatroulette<\/a> plataformas. Se voc\u00ea valoriza a simplicidade, a seguran\u00e7a e a criatividade em seus chats de v\u00eddeo aleat\u00f3rios, experimente o Only2Chat e veja quem est\u00e1 esperando do outro lado do bot\u00e3o \u201cNext\u201d.<\/p>","protected":false},"excerpt":{"rendered":"<p>If you enjoy spontaneous connections and meeting new people online, Only2Chat is a fun alternative to traditional chatroulette-style platforms. Designed to pair strangers in one-on-one video sessions, Only2Chat emphasizes quick, hassle-free interactions and playful features\u2014all while maintaining a safe and user-friendly environment. In this overview, we\u2019ll explore the platform\u2019s main attractions, discuss the user experience, [&hellip;]<\/p>\n","protected":false},"author":6,"featured_media":0,"parent":0,"menu_order":0,"comment_status":"closed","ping_status":"closed","template":"","meta":{"footnotes":""},"class_list":["post-12678","page","type-page","status-publish","hentry"],"yoast_head":"<!-- This site is optimized with the Yoast SEO plugin v26.9 - https:\/\/yoast.com\/product\/yoast-seo-wordpress\/ -->\n<title>Only2Chat - Chatroulette random video chat on StrangerCam.com<\/title>\n<meta name=\"description\" content=\"Like Only2Chat? Come chat with more than 5.000.000 strangers on Stranger Cam for Free! Turn on your cam and find new friends &amp; maby a match!\" \/>\n<meta name=\"robots\" content=\"index, follow, max-snippet:-1, max-image-preview:large, max-video-preview:-1\" \/>\n<link rel=\"canonical\" href=\"https:\/\/strangercam.com\/pt-br\/only2chat\/\" \/>\n<meta property=\"og:locale\" content=\"pt_BR\" \/>\n<meta property=\"og:type\" content=\"article\" \/>\n<meta property=\"og:title\" content=\"Only2Chat - Chatroulette random video chat on StrangerCam.com\" \/>\n<meta property=\"og:description\" content=\"Like Only2Chat? Come chat with more than 5.000.000 strangers on Stranger Cam for Free! Turn on your cam and find new friends &amp; maby a match!\" \/>\n<meta property=\"og:url\" content=\"https:\/\/strangercam.com\/pt-br\/only2chat\/\" \/>\n<meta property=\"og:site_name\" content=\"Strangercam\" \/>\n<meta property=\"article:publisher\" content=\"https:\/\/www.facebook.com\/strangercam\" \/>\n<meta property=\"og:image\" content=\"https:\/\/strangercam.com\/wp-content\/uploads\/2021\/10\/Untitled-2.png\" \/>\n\t<meta property=\"og:image:width\" content=\"800\" \/>\n\t<meta property=\"og:image:height\" content=\"532\" \/>\n\t<meta property=\"og:image:type\" content=\"image\/png\" \/>\n<meta name=\"twitter:card\" content=\"summary_large_image\" \/>\n<meta name=\"twitter:site\" content=\"@strangercamapp\" \/>\n<meta name=\"twitter:label1\" content=\"Est. tempo de leitura\" \/>\n\t<meta name=\"twitter:data1\" content=\"5 minutos\" \/>\n<script type=\"application\/ld+json\" class=\"yoast-schema-graph\">{\"@context\":\"https:\/\/schema.org\",\"@graph\":[{\"@type\":\"WebPage\",\"@id\":\"https:\/\/strangercam.com\/only2chat\/\",\"url\":\"https:\/\/strangercam.com\/only2chat\/\",\"name\":\"Only2Chat - Chatroulette random video chat on StrangerCam.com\",\"isPartOf\":{\"@id\":\"https:\/\/strangercam.com\/#website\"},\"datePublished\":\"2025-01-29T08:31:15+00:00\",\"description\":\"Like Only2Chat? Come chat with more than 5.000.000 strangers on Stranger Cam for Free! Turn on your cam and find new friends & maby a match!\",\"breadcrumb\":{\"@id\":\"https:\/\/strangercam.com\/only2chat\/#breadcrumb\"},\"inLanguage\":\"pt-BR\",\"potentialAction\":[{\"@type\":\"ReadAction\",\"target\":[\"https:\/\/strangercam.com\/only2chat\/\"]}]},{\"@type\":\"BreadcrumbList\",\"@id\":\"https:\/\/strangercam.com\/only2chat\/#breadcrumb\",\"itemListElement\":[{\"@type\":\"ListItem\",\"position\":1,\"name\":\"Home\",\"item\":\"https:\/\/strangercam.com\/\"},{\"@type\":\"ListItem\",\"position\":2,\"name\":\"Only2Chat\"}]},{\"@type\":\"WebSite\",\"@id\":\"https:\/\/strangercam.com\/#website\",\"url\":\"https:\/\/strangercam.com\/\",\"name\":\"Strangercam\",\"description\":\"Random Video Chat with Strangers\",\"publisher\":{\"@id\":\"https:\/\/strangercam.com\/#organization\"},\"alternateName\":\"Strangercam.com\",\"potentialAction\":[{\"@type\":\"SearchAction\",\"target\":{\"@type\":\"EntryPoint\",\"urlTemplate\":\"https:\/\/strangercam.com\/?s={search_term_string}\"},\"query-input\":{\"@type\":\"PropertyValueSpecification\",\"valueRequired\":true,\"valueName\":\"search_term_string\"}}],\"inLanguage\":\"pt-BR\"},{\"@type\":\"Organization\",\"@id\":\"https:\/\/strangercam.com\/#organization\",\"name\":\"Strangercam\",\"alternateName\":\"Strangercam.com\",\"url\":\"https:\/\/strangercam.com\/\",\"logo\":{\"@type\":\"ImageObject\",\"inLanguage\":\"pt-BR\",\"@id\":\"https:\/\/strangercam.com\/#\/schema\/logo\/image\/\",\"url\":\"https:\/\/strangercam.com\/wp-content\/uploads\/2020\/11\/cropped-new-favicon-black.png\",\"contentUrl\":\"https:\/\/strangercam.com\/wp-content\/uploads\/2020\/11\/cropped-new-favicon-black.png\",\"width\":512,\"height\":512,\"caption\":\"Strangercam\"},\"image\":{\"@id\":\"https:\/\/strangercam.com\/#\/schema\/logo\/image\/\"},\"sameAs\":[\"https:\/\/www.facebook.com\/strangercam\",\"https:\/\/x.com\/strangercamapp\"]}]}<\/script>\n<!-- \/ Yoast SEO plugin. -->","yoast_head_json":{"title":"Only2Chat - bate-papo por v\u00eddeo aleat\u00f3rio Chatroulette no StrangerCam.com","description":"Gosta do Only2Chat? Venha conversar com mais de 5.000.000 de desconhecidos no Stranger Cam gratuitamente! Ligue sua c\u00e2mera e encontre novos amigos e talvez um par!","robots":{"index":"index","follow":"follow","max-snippet":"max-snippet:-1","max-image-preview":"max-image-preview:large","max-video-preview":"max-video-preview:-1"},"canonical":"https:\/\/strangercam.com\/pt-br\/only2chat\/","og_locale":"pt_BR","og_type":"article","og_title":"Only2Chat - Chatroulette random video chat on StrangerCam.com","og_description":"Like Only2Chat? Come chat with more than 5.000.000 strangers on Stranger Cam for Free! Turn on your cam and find new friends & maby a match!","og_url":"https:\/\/strangercam.com\/pt-br\/only2chat\/","og_site_name":"Strangercam","article_publisher":"https:\/\/www.facebook.com\/strangercam","og_image":[{"width":800,"height":532,"url":"https:\/\/strangercam.com\/wp-content\/uploads\/2021\/10\/Untitled-2.png","type":"image\/png"}],"twitter_card":"summary_large_image","twitter_site":"@strangercamapp","twitter_misc":{"Est. tempo de leitura":"5 minutos"},"schema":{"@context":"https:\/\/schema.org","@graph":[{"@type":"WebPage","@id":"https:\/\/strangercam.com\/only2chat\/","url":"https:\/\/strangercam.com\/only2chat\/","name":"Only2Chat - bate-papo por v\u00eddeo aleat\u00f3rio Chatroulette no StrangerCam.com","isPartOf":{"@id":"https:\/\/strangercam.com\/#website"},"datePublished":"2025-01-29T08:31:15+00:00","description":"Gosta do Only2Chat? Venha conversar com mais de 5.000.000 de desconhecidos no Stranger Cam gratuitamente! Ligue sua c\u00e2mera e encontre novos amigos e talvez um par!","breadcrumb":{"@id":"https:\/\/strangercam.com\/only2chat\/#breadcrumb"},"inLanguage":"pt-BR","potentialAction":[{"@type":"ReadAction","target":["https:\/\/strangercam.com\/only2chat\/"]}]},{"@type":"BreadcrumbList","@id":"https:\/\/strangercam.com\/only2chat\/#breadcrumb","itemListElement":[{"@type":"ListItem","position":1,"name":"Home","item":"https:\/\/strangercam.com\/"},{"@type":"ListItem","position":2,"name":"Only2Chat"}]},{"@type":"WebSite","@id":"https:\/\/strangercam.com\/#website","url":"https:\/\/strangercam.com\/","name":"Strangercam","description":"Bate-papo por v\u00eddeo aleat\u00f3rio com estranhos","publisher":{"@id":"https:\/\/strangercam.com\/#organization"},"alternateName":"Strangercam.com","potentialAction":[{"@type":"SearchAction","target":{"@type":"EntryPoint","urlTemplate":"https:\/\/strangercam.com\/?s={search_term_string}"},"query-input":{"@type":"PropertyValueSpecification","valueRequired":true,"valueName":"search_term_string"}}],"inLanguage":"pt-BR"},{"@type":"Organization","@id":"https:\/\/strangercam.com\/#organization","name":"Strangercam","alternateName":"Strangercam.com","url":"https:\/\/strangercam.com\/","logo":{"@type":"ImageObject","inLanguage":"pt-BR","@id":"https:\/\/strangercam.com\/#\/schema\/logo\/image\/","url":"https:\/\/strangercam.com\/wp-content\/uploads\/2020\/11\/cropped-new-favicon-black.png","contentUrl":"https:\/\/strangercam.com\/wp-content\/uploads\/2020\/11\/cropped-new-favicon-black.png","width":512,"height":512,"caption":"Strangercam"},"image":{"@id":"https:\/\/strangercam.com\/#\/schema\/logo\/image\/"},"sameAs":["https:\/\/www.facebook.com\/strangercam","https:\/\/x.com\/strangercamapp"]}]}},"_links":{"self":[{"href":"https:\/\/strangercam.com\/pt-br\/wp-json\/wp\/v2\/pages\/12678","targetHints":{"allow":["GET"]}}],"collection":[{"href":"https:\/\/strangercam.com\/pt-br\/wp-json\/wp\/v2\/pages"}],"about":[{"href":"https:\/\/strangercam.com\/pt-br\/wp-json\/wp\/v2\/types\/page"}],"author":[{"embeddable":true,"href":"https:\/\/strangercam.com\/pt-br\/wp-json\/wp\/v2\/users\/6"}],"replies":[{"embeddable":true,"href":"https:\/\/strangercam.com\/pt-br\/wp-json\/wp\/v2\/comments?post=12678"}],"version-history":[{"count":2,"href":"https:\/\/strangercam.com\/pt-br\/wp-json\/wp\/v2\/pages\/12678\/revisions"}],"predecessor-version":[{"id":12680,"href":"https:\/\/strangercam.com\/pt-br\/wp-json\/wp\/v2\/pages\/12678\/revisions\/12680"}],"wp:attachment":[{"href":"https:\/\/strangercam.com\/pt-br\/wp-json\/wp\/v2\/media?parent=12678"}],"curies":[{"name":"wp","href":"https:\/\/api.w.org\/{rel}","templated":true}]}}