{"id":12674,"date":"2025-01-29T10:23:24","date_gmt":"2025-01-29T08:23:24","guid":{"rendered":"https:\/\/strangercam.com\/?page_id=12674"},"modified":"2025-01-29T10:23:24","modified_gmt":"2025-01-29T08:23:24","slug":"chatmeet","status":"publish","type":"page","link":"https:\/\/strangercam.com\/pt-br\/chatmeet\/","title":{"rendered":"Chatmeet"},"content":{"rendered":"<p>Voc\u00ea est\u00e1 procurando uma plataforma confi\u00e1vel e repleta de recursos para se conectar com amigos, organizar reuni\u00f5es ou simplesmente socializar com novas pessoas on-line? N\u00e3o precisa mais procurar <strong>Chatmeet<\/strong>, um site sueco on-line <a href=\"https:\/\/strangercam.com\/pt-br\/chatroulette\/\">bate-papo<\/a> que oferece uma impressionante variedade de fun\u00e7\u00f5es para usu\u00e1rios casuais, profissionais e criadores de conte\u00fado. Nesta an\u00e1lise abrangente, exploraremos os recursos de destaque da plataforma, discutiremos a experi\u00eancia do usu\u00e1rio e destacaremos \u00e1reas para crescimento futuro.<\/p>\n<h2>Principais recursos<\/h2>\n<p>O Chatmeet oferece um conjunto robusto de ferramentas para facilitar as intera\u00e7\u00f5es, quer voc\u00ea esteja participando de uma conversa casual ou de uma reuni\u00e3o. <a href=\"https:\/\/strangercam.com\/pt-br\/rabbit-video-chat\/\">v\u00eddeo<\/a> ou organizar uma discuss\u00e3o em um grupo maior.<\/p>\n<ul>\n<li><strong>Alta qualidade <a href=\"https:\/\/strangercam.com\/pt-br\/coomeet\/\">Bate-papo por v\u00eddeo<\/a><\/strong>: Desfrute de v\u00eddeo n\u00edtido e atraso m\u00ednimo, garantindo uma comunica\u00e7\u00e3o mais natural em tempo real.<\/li>\n<li><strong>Conversas din\u00e2micas em grupo<\/strong>: Adicione facilmente v\u00e1rios participantes, o que \u00e9 perfeito para eventos virtuais ou reuni\u00f5es de grupo.<\/li>\n<li><strong>Add-ons interativos<\/strong>: Utilize o compartilhamento de tela, as enquetes e a integra\u00e7\u00e3o de bate-papo para manter todos envolvidos.<\/li>\n<li><strong>Acesso flex\u00edvel<\/strong>: Fa\u00e7a login em desktops, smartphones ou tablets, o que torna conveniente participar de qualquer lugar.<\/li>\n<\/ul>\n<h2>Recursos de bate-papo por v\u00eddeo<\/h2>\n<p>No centro do Chatmeet est\u00e1 o recurso de videochamada de alto desempenho. N\u00e3o importa se voc\u00ea est\u00e1 apenas conversando com os amigos ou apresentando um <a href=\"https:\/\/strangercam.com\/pt-br\/mili\/\">ao vivo<\/a> apresenta\u00e7\u00e3o, eis o que voc\u00ea pode esperar:<\/p>\n<h3>V\u00eddeo de alta defini\u00e7\u00e3o<\/h3>\n<p>O Chatmeet suporta resolu\u00e7\u00e3o HD, proporcionando imagens n\u00edtidas que capturam todos os detalhes. Isso \u00e9 especialmente \u00fatil para ambientes profissionais ou criadores de conte\u00fado que precisam apresentar fluxos de v\u00eddeo refinados.<\/p>\n<h3>Baixa lat\u00eancia<\/h3>\n<p>A arquitetura de servidor otimizada reduz o atraso, garantindo uma experi\u00eancia tranquila em que voc\u00ea pode conversar em tempo real sem interrup\u00e7\u00f5es significativas.<\/p>\n<h3>Suporte multiplataforma<\/h3>\n<p>Use o Chatmeet em seu laptop, telefone ou tablet. Ele se adapta automaticamente a diferentes tamanhos de tela e recursos do sistema, para que voc\u00ea possa se conectar de qualquer lugar, a qualquer momento.<\/p>\n<h3>Compartilhamento de tela<\/h3>\n<p>Exiba apresenta\u00e7\u00f5es, modelos de design ou documentos colaborativos com facilidade. Esse recurso \u00e9 particularmente valioso para estudantes, equipes ou qualquer pessoa que precise de feedback e colabora\u00e7\u00e3o em tempo real.<\/p>\n<h2>Funcionalidade de bate-papo em grupo<\/h2>\n<p>Para reuni\u00f5es maiores, o Chatmeet acomoda chamadas de v\u00eddeo em grupo com facilidade.<\/p>\n<h3>Grande capacidade de participantes<\/h3>\n<p>Convide at\u00e9 100 participantes em uma \u00fanica chamada - uma configura\u00e7\u00e3o ideal para webinars, hangouts virtuais ou eventos on-line.<\/p>\n<h3>Gerenciamento de fun\u00e7\u00f5es<\/h3>\n<p>Atribua fun\u00e7\u00f5es como anfitri\u00e3o, apresentador ou participante para manter um fluxo organizado. Isso \u00e9 \u00fatil para reuni\u00f5es profissionais ou bate-papos estruturados em grupo.<\/p>\n<h3>Salas de descanso<\/h3>\n<p>Divida uma reuni\u00e3o maior em subgrupos focados para incentivar um envolvimento mais profundo. Quando as discuss\u00f5es terminarem, todos poder\u00e3o se reunir novamente na sala principal.<\/p>\n<h2>Ferramentas interativas<\/h2>\n<p>Al\u00e9m das chamadas de v\u00eddeo b\u00e1sicas, o Chatmeet oferece recursos interativos que aumentam o envolvimento do usu\u00e1rio:<\/p>\n<table>\n<thead>\n<tr>\n<th>Recurso<\/th>\n<th>Descri\u00e7\u00e3o<\/th>\n<\/tr>\n<\/thead>\n<tbody>\n<tr>\n<td><strong>Planos de fundo virtuais<\/strong><\/td>\n<td>Mantenha a privacidade ou aprimore seu visual com cen\u00e1rios digitais.<\/td>\n<\/tr>\n<tr>\n<td><strong>Enquetes ao vivo<\/strong><\/td>\n<td>Obtenha feedback ou opini\u00f5es r\u00e1pidas de seu p\u00fablico.<\/td>\n<\/tr>\n<tr>\n<td><strong>Integra\u00e7\u00e3o de bate-papo<\/strong><\/td>\n<td>Envie mensagens instant\u00e2neas juntamente com chamadas de v\u00eddeo para esclarecimentos em tempo real.<\/td>\n<\/tr>\n<tr>\n<td><strong>Capacidade de grava\u00e7\u00e3o<\/strong><\/td>\n<td>Registre as sess\u00f5es para treinamento, compartilhamento ou refer\u00eancia futura.<\/td>\n<\/tr>\n<\/tbody>\n<\/table>\n<h2>Integra\u00e7\u00e3o social<\/h2>\n<p>Se voc\u00ea gosta de conectar seus c\u00edrculos sociais, o Chatmeet oferece:<\/p>\n<ul>\n<li><strong>Compartilhamento em m\u00eddias sociais<\/strong>: Publique destaques em v\u00eddeo sem esfor\u00e7o em plataformas como Facebook, Twitter e outras.<\/li>\n<li><strong>Sincroniza\u00e7\u00e3o de contatos<\/strong>: Importe contatos de outras redes para aumentar rapidamente sua lista de amigos.<\/li>\n<li><strong>Links de convite<\/strong>: Gere links compartilh\u00e1veis para convidar qualquer pessoa com apenas alguns cliques.<\/li>\n<\/ul>\n<h2>Interface e experi\u00eancia do usu\u00e1rio<\/h2>\n<p>Uma interface suave e intuitiva \u00e9 essencial para qualquer servi\u00e7o de bate-papo, e o Chatmeet se destaca nesse aspecto.<\/p>\n<h3>Design e navega\u00e7\u00e3o<\/h3>\n<ul>\n<li><strong>Layout intuitivo<\/strong>: Menus e r\u00f3tulos simples ajudam os rec\u00e9m-chegados a navegar sem esfor\u00e7o.<\/li>\n<li><strong>Design responsivo<\/strong>: O layout permanece consistente em todos os dispositivos, de smartphones a monitores grandes.<\/li>\n<li><strong>Menus acess\u00edveis<\/strong>: As principais fun\u00e7\u00f5es s\u00e3o colocadas onde voc\u00ea precisa delas, reduzindo a confus\u00e3o e economizando tempo.<\/li>\n<\/ul>\n<h3>Acessibilidade<\/h3>\n<ul>\n<li><strong>Suporte a v\u00e1rios idiomas<\/strong>: Embora o sueco seja o foco principal, o Chatmeet est\u00e1 dispon\u00edvel em outros idiomas para receber usu\u00e1rios globais.<\/li>\n<li><strong>Compatibilidade com leitores de tela<\/strong>: Totalmente utiliz\u00e1vel com tecnologia assistiva para usu\u00e1rios com defici\u00eancia visual.<\/li>\n<li><strong>Atalhos de teclado<\/strong>: Execute tarefas importantes sem um mouse, o que \u00e9 ben\u00e9fico para usu\u00e1rios com mobilidade limitada.<\/li>\n<\/ul>\n<h3>Op\u00e7\u00f5es de personaliza\u00e7\u00e3o<\/h3>\n<ul>\n<li><strong>Personaliza\u00e7\u00e3o de perfil<\/strong>: Fa\u00e7a upload de fotos, adicione biografias e defina mensagens de status para mostrar sua personalidade.<\/li>\n<li><strong>Sele\u00e7\u00e3o de tema<\/strong>: Alterne entre os modos claro e escuro para reduzir o cansa\u00e7o visual.<\/li>\n<li><strong>Configura\u00e7\u00f5es de notifica\u00e7\u00e3o<\/strong>: Ajuste os alertas para ficar por dentro das informa\u00e7\u00f5es sem se sentir bombardeado.<\/li>\n<\/ul>\n<h2>Desempenho<\/h2>\n<p>Conex\u00f5es est\u00e1veis e manuseio eficiente de dados s\u00e3o os pilares do foco de desempenho do Chatmeet.<\/p>\n<h3>Estabilidade e confiabilidade<\/h3>\n<ul>\n<li><strong>Infraestrutura escal\u00e1vel<\/strong>: Os sistemas baseados em nuvem lidam com saltos repentinos no tr\u00e1fego de usu\u00e1rios.<\/li>\n<li><strong>Sistemas de redund\u00e2ncia<\/strong>: Servidores de backup para minimizar o tempo de inatividade em caso de problemas t\u00e9cnicos.<\/li>\n<li><strong>Metas de tempo de atividade<\/strong>: Tem como objetivo um tempo de atividade de 99,9%, garantindo que voc\u00ea possa contar com o servi\u00e7o a qualquer momento.<\/li>\n<\/ul>\n<h3>Qualidade de streaming<\/h3>\n<table>\n<thead>\n<tr>\n<th>Aspecto<\/th>\n<th>M\u00e9tricas de desempenho<\/th>\n<\/tr>\n<\/thead>\n<tbody>\n<tr>\n<td><strong>Resolu\u00e7\u00e3o de v\u00eddeo<\/strong><\/td>\n<td>HD de at\u00e9 1080p para imagens n\u00edtidas<\/td>\n<\/tr>\n<tr>\n<td><strong>Taxa de quadros<\/strong><\/td>\n<td>Mant\u00e9m at\u00e9 60 FPS para v\u00eddeos suaves<\/td>\n<\/tr>\n<tr>\n<td><strong>Qualidade de \u00e1udio<\/strong><\/td>\n<td>Som de alta fidelidade com supress\u00e3o de ru\u00eddo integrada<\/td>\n<\/tr>\n<tr>\n<td><strong>Lat\u00eancia<\/strong><\/td>\n<td>Baixa lat\u00eancia para conversas em tempo real<\/td>\n<\/tr>\n<\/tbody>\n<\/table>\n<h3>Capacidade de resposta<\/h3>\n<ul>\n<li><strong>Tempos de carregamento r\u00e1pidos<\/strong>: As p\u00e1ginas e configura\u00e7\u00f5es aparecem quase que instantaneamente.<\/li>\n<li><strong>Atualiza\u00e7\u00f5es em tempo real<\/strong>: O ingresso em chamadas ou o envio de mensagens ocorre sem demora.<\/li>\n<li><strong>Uso adapt\u00e1vel da largura de banda<\/strong>: A qualidade do v\u00eddeo se ajusta automaticamente \u00e0 velocidade de sua Internet.<\/li>\n<\/ul>\n<h2>Seguran\u00e7a e privacidade<\/h2>\n<p>Um ambiente on-line seguro \u00e9 fundamental. O Chatmeet incorpora v\u00e1rios protocolos de seguran\u00e7a para proteger os dados do usu\u00e1rio.<\/p>\n<h3>Prote\u00e7\u00e3o de dados<\/h3>\n<ul>\n<li><strong>Criptografia de ponta a ponta<\/strong>: As chamadas e os bate-papos permanecem privados e seguros.<\/li>\n<li><strong>Armazenamento seguro<\/strong>: Os dados confidenciais s\u00e3o criptografados e mantidos em bancos de dados protegidos.<\/li>\n<li><strong>Auditorias de seguran\u00e7a regulares<\/strong>: Avalia\u00e7\u00f5es cont\u00ednuas tratam rapidamente de quaisquer vulnerabilidades.<\/li>\n<\/ul>\n<h3>Controles de privacidade do usu\u00e1rio<\/h3>\n<table>\n<thead>\n<tr>\n<th>Recurso de privacidade<\/th>\n<th>Descri\u00e7\u00e3o<\/th>\n<\/tr>\n<\/thead>\n<tbody>\n<tr>\n<td><strong>Visibilidade do perfil<\/strong><\/td>\n<td>Defina seu perfil como p\u00fablico, privado ou restrito a contatos<\/td>\n<\/tr>\n<tr>\n<td><strong>Bloqueio e relat\u00f3rio<\/strong><\/td>\n<td>Bloqueie facilmente usu\u00e1rios indesej\u00e1veis ou denuncie conte\u00fado inadequado<\/td>\n<\/tr>\n<tr>\n<td><strong>Exporta\u00e7\u00e3o de dados<\/strong><\/td>\n<td>Fa\u00e7a o download de seus dados pessoais, se necess\u00e1rio<\/td>\n<\/tr>\n<tr>\n<td><strong>Autentica\u00e7\u00e3o de dois fatores<\/strong><\/td>\n<td>Aumente a seguran\u00e7a do login com uma segunda etapa de verifica\u00e7\u00e3o<\/td>\n<\/tr>\n<\/tbody>\n<\/table>\n<h3>Modera\u00e7\u00e3o e gerenciamento de conte\u00fado<\/h3>\n<ul>\n<li><strong>Filtragem automatizada de conte\u00fado<\/strong>: As ferramentas de IA detectam e sinalizam materiais proibidos.<\/li>\n<li><strong>Moderadores humanos<\/strong>: Uma equipe dedicada analisa o conte\u00fado sinalizado e as den\u00fancias de usu\u00e1rios.<\/li>\n<li><strong>Diretrizes da comunidade<\/strong>: Regras claras que visam manter as conversas respeitosas e amig\u00e1veis.<\/li>\n<\/ul>\n<h2>Monetiza\u00e7\u00e3o e modelo de neg\u00f3cios<\/h2>\n<p>O Chatmeet oferece <a href=\"https:\/\/strangercam.com\/pt-br\/chat4free\/\">gratuito<\/a> servi\u00e7os b\u00e1sicos e op\u00e7\u00f5es adicionais pagas, equilibrando acessibilidade com vantagens premium.<\/p>\n<h3>Fluxos de receita<\/h3>\n<ul>\n<li><strong>Planos de assinatura<\/strong>: Os n\u00edveis pagos podem incluir recursos avan\u00e7ados, como maior resolu\u00e7\u00e3o de v\u00eddeo.<\/li>\n<li><strong>Compras no aplicativo<\/strong>: Compre adesivos virtuais ou outros complementos divertidos.<\/li>\n<li><strong>Publicidade<\/strong>: An\u00fancios discretos ajudam a financiar melhorias na plataforma.<\/li>\n<li><strong>Solu\u00e7\u00f5es empresariais<\/strong>: Pacotes personalizados para empresas, completos com an\u00e1lises e suporte priorit\u00e1rio.<\/li>\n<\/ul>\n<h3>Incentivos ao usu\u00e1rio<\/h3>\n<ul>\n<li><strong>Recursos Premium<\/strong>: Desbloqueie recursos como capacidades de grupo maiores ou planos de fundo exclusivos.<\/li>\n<li><strong>Bens virtuais<\/strong>: Compre itens tem\u00e1ticos para animar suas chamadas.<\/li>\n<li><strong>Programas de fidelidade<\/strong>: Os usu\u00e1rios frequentes podem ganhar descontos e acesso a recursos beta.<\/li>\n<li><strong>B\u00f4nus de indica\u00e7\u00e3o<\/strong>: Convide amigos e ganhe cr\u00e9ditos gratuitos ou avalia\u00e7\u00f5es premium.<\/li>\n<\/ul>\n<h3>Estrutura de pre\u00e7os<\/h3>\n<table>\n<thead>\n<tr>\n<th>N\u00edvel de servi\u00e7o<\/th>\n<th>Recursos inclu\u00eddos<\/th>\n<th>Pre\u00e7o<\/th>\n<\/tr>\n<\/thead>\n<tbody>\n<tr>\n<td><strong>N\u00edvel gratuito<\/strong><\/td>\n<td>Chamadas de v\u00eddeo b\u00e1sicas, tamanho de grupo limitado e planos de fundo virtuais padr\u00e3o<\/td>\n<td>$0<\/td>\n<\/tr>\n<tr>\n<td><strong>N\u00edvel Premium<\/strong><\/td>\n<td>Transmiss\u00e3o em HD, bate-papos em grupo maiores, itens virtuais exclusivos e suporte priorit\u00e1rio<\/td>\n<td>$14.99\/m\u00eas<\/td>\n<\/tr>\n<tr>\n<td><strong>N\u00edvel empresarial<\/strong><\/td>\n<td>Seguran\u00e7a aprimorada, an\u00e1lises, suporte dedicado e acesso \u00e0 API<\/td>\n<td>Contato com vendas<\/td>\n<\/tr>\n<\/tbody>\n<\/table>\n<h2>Posicionamento de mercado<\/h2>\n<p>Embora existam muitas plataformas internacionais de bate-papo, o Chatmeet se destaca como um servi\u00e7o com sede na Su\u00e9cia que atende aos usu\u00e1rios que buscam uma ferramenta de comunica\u00e7\u00e3o moderna, eficiente e socialmente integrada. Seu foco em desempenho, acessibilidade e seguran\u00e7a ajudou a criar um nicho tanto na Su\u00e9cia quanto internacionalmente.<\/p>\n<h3>Dados demogr\u00e1ficos do usu\u00e1rio<\/h3>\n<ul>\n<li><strong>Faixa et\u00e1ria<\/strong>: Geralmente de 18 a 45 anos, com um grande n\u00famero de seguidores entre jovens adultos e profissionais.<\/li>\n<li><strong>Distribui\u00e7\u00e3o de g\u00eanero<\/strong>: Uso equilibrado entre os g\u00eaneros, com diversos interesses representados.<\/li>\n<li><strong>Objetivos de uso<\/strong>: Bate-papos casuais, sess\u00f5es de jogos, eventos virtuais, entrevistas de emprego e reuni\u00f5es de neg\u00f3cios.<\/li>\n<\/ul>\n<h3>Alcance geogr\u00e1fico<\/h3>\n<ul>\n<li><strong>Su\u00e9cia<\/strong>: A base da plataforma, em cont\u00ednua expans\u00e3o em todo o pa\u00eds.<\/li>\n<li><strong>Regi\u00e3o n\u00f3rdica<\/strong>: Crescente base de usu\u00e1rios em pa\u00edses vizinhos, como Noruega, Dinamarca e Finl\u00e2ndia.<\/li>\n<li><strong>Ado\u00e7\u00e3o global<\/strong>: Atrair um p\u00fablico internacional gra\u00e7as ao suporte multil\u00edngue.<\/li>\n<\/ul>\n<h3>Tend\u00eancias de uso<\/h3>\n<ul>\n<li><strong>Hor\u00e1rio de pico<\/strong>: As noites e os fins de semana registram picos de atividade dos usu\u00e1rios.<\/li>\n<li><strong>N\u00edveis de engajamento<\/strong>: Alta durante webinars interativos, festas digitais e sess\u00f5es de estudo em grupo.<\/li>\n<li><strong>Variedade de conte\u00fado<\/strong>: Varia de encontros descontra\u00eddos a confer\u00eancias profissionais estruturadas.<\/li>\n<\/ul>\n<h2>Pr\u00f3s e contras<\/h2>\n<p>Como qualquer plataforma, o Chatmeet tem seus pontos fortes e \u00e1reas que poderiam ser aprimoradas.<\/p>\n<table>\n<thead>\n<tr>\n<th>Pr\u00f3s<\/th>\n<th>Contras<\/th>\n<\/tr>\n<\/thead>\n<tbody>\n<tr>\n<td>\n<ul>\n<li>Conjunto de recursos avan\u00e7ados<\/li>\n<li>V\u00eddeo e \u00e1udio de alta qualidade<\/li>\n<li>Forte seguran\u00e7a e modera\u00e7\u00e3o<\/li>\n<li>Interface amig\u00e1vel ao usu\u00e1rio<\/li>\n<li>Escal\u00e1vel para grandes eventos<\/li>\n<\/ul>\n<\/td>\n<td>\n<ul>\n<li>N\u00edveis de pre\u00e7os complexos<\/li>\n<li>Uso intenso de largura de banda para HD<\/li>\n<li>Op\u00e7\u00f5es esmagadoras para os rec\u00e9m-chegados<\/li>\n<li>Concorr\u00eancia de plataformas maiores<\/li>\n<li>Depend\u00eancia de uma Internet est\u00e1vel<\/li>\n<\/ul>\n<\/td>\n<\/tr>\n<\/tbody>\n<\/table>\n<h2>Conclus\u00e3o<\/h2>\n<p>O Chatmeet \u00e9 um robusto servi\u00e7o de bate-papo on-line sueco que atende a diversas necessidades - desde encontros casuais com amigos at\u00e9 confer\u00eancias profissionais e eventos on-line. Sua \u00eanfase na seguran\u00e7a do usu\u00e1rio, streaming de v\u00eddeo de alta qualidade e modelos flex\u00edveis de monetiza\u00e7\u00e3o o tornam uma op\u00e7\u00e3o atraente para um p\u00fablico amplo. Embora os rec\u00e9m-chegados possam se sentir sobrecarregados por seus muitos recursos, a plataforma permanece f\u00e1cil de usar em sua ess\u00eancia, apoiada por um design cuidadoso e desempenho responsivo.<br \/>\nCom atualiza\u00e7\u00f5es cont\u00ednuas e uma abordagem ativa ao feedback dos usu\u00e1rios, o Chatmeet est\u00e1 bem posicionado para crescer ainda mais. Quer voc\u00ea esteja na Su\u00e9cia ou se conectando do exterior, o Chatmeet oferece um ambiente confi\u00e1vel e moderno para conversas por v\u00eddeo, chamadas em grupo e comunica\u00e7\u00e3o interativa. Se voc\u00ea estiver procurando uma plataforma rica em recursos que combine elementos de rede social com funcionalidade profissional, certamente vale a pena dar uma olhada no Chatmeet.<\/p>","protected":false},"excerpt":{"rendered":"<p>Are you seeking a reliable, feature-packed platform to connect with friends, host meetings, or simply socialize with new people online? Look no further than Chatmeet, a Swedish online chat site that offers an impressive range of functions for casual users, professionals, and content creators alike. In this comprehensive review, we\u2019ll explore the platform\u2019s standout features, [&hellip;]<\/p>\n","protected":false},"author":6,"featured_media":0,"parent":0,"menu_order":0,"comment_status":"closed","ping_status":"closed","template":"","meta":{"footnotes":""},"class_list":["post-12674","page","type-page","status-publish","hentry"],"yoast_head":"<!-- This site is optimized with the Yoast SEO plugin v27.4 - https:\/\/yoast.com\/product\/yoast-seo-wordpress\/ -->\n<title>Chatmeet - Chat and meet new people on StrangerCam.com<\/title>\n<meta name=\"description\" content=\"Like Chatmeet? Come chat with more than 5.000.000 strangers on Stranger Cam for Free! Turn on your cam and find new friends &amp; maby a match!\" \/>\n<meta name=\"robots\" content=\"index, follow, max-snippet:-1, max-image-preview:large, max-video-preview:-1\" \/>\n<link rel=\"canonical\" href=\"https:\/\/strangercam.com\/pt-br\/chatmeet\/\" \/>\n<meta property=\"og:locale\" content=\"pt_BR\" \/>\n<meta property=\"og:type\" content=\"article\" \/>\n<meta property=\"og:title\" content=\"Chatmeet - Chat and meet new people on StrangerCam.com\" \/>\n<meta property=\"og:description\" content=\"Like Chatmeet? Come chat with more than 5.000.000 strangers on Stranger Cam for Free! Turn on your cam and find new friends &amp; maby a match!\" \/>\n<meta property=\"og:url\" content=\"https:\/\/strangercam.com\/pt-br\/chatmeet\/\" \/>\n<meta property=\"og:site_name\" content=\"Strangercam\" \/>\n<meta property=\"article:publisher\" content=\"https:\/\/www.facebook.com\/strangercam\" \/>\n<meta property=\"og:image\" content=\"https:\/\/strangercam.com\/wp-content\/uploads\/2021\/10\/Untitled-2.png\" \/>\n\t<meta property=\"og:image:width\" content=\"800\" \/>\n\t<meta property=\"og:image:height\" content=\"532\" \/>\n\t<meta property=\"og:image:type\" content=\"image\/png\" \/>\n<meta name=\"twitter:card\" content=\"summary_large_image\" \/>\n<meta name=\"twitter:site\" content=\"@strangercamapp\" \/>\n<meta name=\"twitter:label1\" content=\"Est. tempo de leitura\" \/>\n\t<meta name=\"twitter:data1\" content=\"6 minutos\" \/>\n<script type=\"application\/ld+json\" class=\"yoast-schema-graph\">{\"@context\":\"https:\\\/\\\/schema.org\",\"@graph\":[{\"@type\":\"WebPage\",\"@id\":\"https:\\\/\\\/strangercam.com\\\/chatmeet\\\/\",\"url\":\"https:\\\/\\\/strangercam.com\\\/chatmeet\\\/\",\"name\":\"Chatmeet - Chat and meet new people on StrangerCam.com\",\"isPartOf\":{\"@id\":\"https:\\\/\\\/strangercam.com\\\/#website\"},\"datePublished\":\"2025-01-29T08:23:24+00:00\",\"description\":\"Like Chatmeet? Come chat with more than 5.000.000 strangers on Stranger Cam for Free! Turn on your cam and find new friends & maby a match!\",\"breadcrumb\":{\"@id\":\"https:\\\/\\\/strangercam.com\\\/chatmeet\\\/#breadcrumb\"},\"inLanguage\":\"pt-BR\",\"potentialAction\":[{\"@type\":\"ReadAction\",\"target\":[\"https:\\\/\\\/strangercam.com\\\/chatmeet\\\/\"]}]},{\"@type\":\"BreadcrumbList\",\"@id\":\"https:\\\/\\\/strangercam.com\\\/chatmeet\\\/#breadcrumb\",\"itemListElement\":[{\"@type\":\"ListItem\",\"position\":1,\"name\":\"Home\",\"item\":\"https:\\\/\\\/strangercam.com\\\/\"},{\"@type\":\"ListItem\",\"position\":2,\"name\":\"Chatmeet\"}]},{\"@type\":\"WebSite\",\"@id\":\"https:\\\/\\\/strangercam.com\\\/#website\",\"url\":\"https:\\\/\\\/strangercam.com\\\/\",\"name\":\"Strangercam\",\"description\":\"Random Video Chat with Strangers\",\"publisher\":{\"@id\":\"https:\\\/\\\/strangercam.com\\\/#organization\"},\"alternateName\":\"Strangercam.com\",\"potentialAction\":[{\"@type\":\"SearchAction\",\"target\":{\"@type\":\"EntryPoint\",\"urlTemplate\":\"https:\\\/\\\/strangercam.com\\\/?s={search_term_string}\"},\"query-input\":{\"@type\":\"PropertyValueSpecification\",\"valueRequired\":true,\"valueName\":\"search_term_string\"}}],\"inLanguage\":\"pt-BR\"},{\"@type\":\"Organization\",\"@id\":\"https:\\\/\\\/strangercam.com\\\/#organization\",\"name\":\"Strangercam\",\"alternateName\":\"Strangercam.com\",\"url\":\"https:\\\/\\\/strangercam.com\\\/\",\"logo\":{\"@type\":\"ImageObject\",\"inLanguage\":\"pt-BR\",\"@id\":\"https:\\\/\\\/strangercam.com\\\/#\\\/schema\\\/logo\\\/image\\\/\",\"url\":\"https:\\\/\\\/strangercam.com\\\/wp-content\\\/uploads\\\/2020\\\/11\\\/cropped-new-favicon-black.png\",\"contentUrl\":\"https:\\\/\\\/strangercam.com\\\/wp-content\\\/uploads\\\/2020\\\/11\\\/cropped-new-favicon-black.png\",\"width\":512,\"height\":512,\"caption\":\"Strangercam\"},\"image\":{\"@id\":\"https:\\\/\\\/strangercam.com\\\/#\\\/schema\\\/logo\\\/image\\\/\"},\"sameAs\":[\"https:\\\/\\\/www.facebook.com\\\/strangercam\",\"https:\\\/\\\/x.com\\\/strangercamapp\"]}]}<\/script>\n<!-- \/ Yoast SEO plugin. -->","yoast_head_json":{"title":"Chatmeet - Converse e conhe\u00e7a novas pessoas em StrangerCam.com","description":"Gosta do Chatmeet? Venha bater papo com mais de 5.000.000 de estranhos no Stranger Cam de gra\u00e7a! Ligue sua c\u00e2mera e encontre novos amigos e talvez um par!","robots":{"index":"index","follow":"follow","max-snippet":"max-snippet:-1","max-image-preview":"max-image-preview:large","max-video-preview":"max-video-preview:-1"},"canonical":"https:\/\/strangercam.com\/pt-br\/chatmeet\/","og_locale":"pt_BR","og_type":"article","og_title":"Chatmeet - Chat and meet new people on StrangerCam.com","og_description":"Like Chatmeet? Come chat with more than 5.000.000 strangers on Stranger Cam for Free! Turn on your cam and find new friends & maby a match!","og_url":"https:\/\/strangercam.com\/pt-br\/chatmeet\/","og_site_name":"Strangercam","article_publisher":"https:\/\/www.facebook.com\/strangercam","og_image":[{"width":800,"height":532,"url":"https:\/\/strangercam.com\/wp-content\/uploads\/2021\/10\/Untitled-2.png","type":"image\/png"}],"twitter_card":"summary_large_image","twitter_site":"@strangercamapp","twitter_misc":{"Est. tempo de leitura":"6 minutos"},"schema":{"@context":"https:\/\/schema.org","@graph":[{"@type":"WebPage","@id":"https:\/\/strangercam.com\/chatmeet\/","url":"https:\/\/strangercam.com\/chatmeet\/","name":"Chatmeet - Converse e conhe\u00e7a novas pessoas em StrangerCam.com","isPartOf":{"@id":"https:\/\/strangercam.com\/#website"},"datePublished":"2025-01-29T08:23:24+00:00","description":"Gosta do Chatmeet? Venha bater papo com mais de 5.000.000 de estranhos no Stranger Cam de gra\u00e7a! Ligue sua c\u00e2mera e encontre novos amigos e talvez um par!","breadcrumb":{"@id":"https:\/\/strangercam.com\/chatmeet\/#breadcrumb"},"inLanguage":"pt-BR","potentialAction":[{"@type":"ReadAction","target":["https:\/\/strangercam.com\/chatmeet\/"]}]},{"@type":"BreadcrumbList","@id":"https:\/\/strangercam.com\/chatmeet\/#breadcrumb","itemListElement":[{"@type":"ListItem","position":1,"name":"Home","item":"https:\/\/strangercam.com\/"},{"@type":"ListItem","position":2,"name":"Chatmeet"}]},{"@type":"WebSite","@id":"https:\/\/strangercam.com\/#website","url":"https:\/\/strangercam.com\/","name":"Strangercam","description":"Bate-papo por v\u00eddeo aleat\u00f3rio com estranhos","publisher":{"@id":"https:\/\/strangercam.com\/#organization"},"alternateName":"Strangercam.com","potentialAction":[{"@type":"SearchAction","target":{"@type":"EntryPoint","urlTemplate":"https:\/\/strangercam.com\/?s={search_term_string}"},"query-input":{"@type":"PropertyValueSpecification","valueRequired":true,"valueName":"search_term_string"}}],"inLanguage":"pt-BR"},{"@type":"Organization","@id":"https:\/\/strangercam.com\/#organization","name":"Strangercam","alternateName":"Strangercam.com","url":"https:\/\/strangercam.com\/","logo":{"@type":"ImageObject","inLanguage":"pt-BR","@id":"https:\/\/strangercam.com\/#\/schema\/logo\/image\/","url":"https:\/\/strangercam.com\/wp-content\/uploads\/2020\/11\/cropped-new-favicon-black.png","contentUrl":"https:\/\/strangercam.com\/wp-content\/uploads\/2020\/11\/cropped-new-favicon-black.png","width":512,"height":512,"caption":"Strangercam"},"image":{"@id":"https:\/\/strangercam.com\/#\/schema\/logo\/image\/"},"sameAs":["https:\/\/www.facebook.com\/strangercam","https:\/\/x.com\/strangercamapp"]}]}},"_links":{"self":[{"href":"https:\/\/strangercam.com\/pt-br\/wp-json\/wp\/v2\/pages\/12674","targetHints":{"allow":["GET"]}}],"collection":[{"href":"https:\/\/strangercam.com\/pt-br\/wp-json\/wp\/v2\/pages"}],"about":[{"href":"https:\/\/strangercam.com\/pt-br\/wp-json\/wp\/v2\/types\/page"}],"author":[{"embeddable":true,"href":"https:\/\/strangercam.com\/pt-br\/wp-json\/wp\/v2\/users\/6"}],"replies":[{"embeddable":true,"href":"https:\/\/strangercam.com\/pt-br\/wp-json\/wp\/v2\/comments?post=12674"}],"version-history":[{"count":3,"href":"https:\/\/strangercam.com\/pt-br\/wp-json\/wp\/v2\/pages\/12674\/revisions"}],"predecessor-version":[{"id":12677,"href":"https:\/\/strangercam.com\/pt-br\/wp-json\/wp\/v2\/pages\/12674\/revisions\/12677"}],"wp:attachment":[{"href":"https:\/\/strangercam.com\/pt-br\/wp-json\/wp\/v2\/media?parent=12674"}],"curies":[{"name":"wp","href":"https:\/\/api.w.org\/{rel}","templated":true}]}}