{"id":12597,"date":"2024-11-08T12:09:20","date_gmt":"2024-11-08T10:09:20","guid":{"rendered":"https:\/\/strangercam.com\/?page_id=12597"},"modified":"2025-06-16T13:31:17","modified_gmt":"2025-06-16T11:31:17","slug":"fruzo","status":"publish","type":"page","link":"https:\/\/strangercam.com\/pt-br\/fruzo\/","title":{"rendered":"Fruzo"},"content":{"rendered":"<p>No cen\u00e1rio competitivo do namoro on-line e das redes sociais, destacam-se as plataformas que oferecem recursos abrangentes e promovem conex\u00f5es genu\u00ednas. <strong>Fruzo<\/strong> O Fruzo se distingue por integrar o matchmaking tradicional com funcionalidades de m\u00eddia social, criando um ambiente vers\u00e1til para usu\u00e1rios que buscam amizades, relacionamentos rom\u00e2nticos ou oportunidades de networking profissional. Esta avalia\u00e7\u00e3o fornece uma an\u00e1lise detalhada do Fruzo, examinando seus recursos, experi\u00eancia do usu\u00e1rio, op\u00e7\u00f5es de pre\u00e7os, medidas de seguran\u00e7a e como ele se compara a outras plataformas no mercado.<\/p>\n<h2>Vis\u00e3o geral do Fruzo<\/h2>\n<p>O Fruzo foi lan\u00e7ado com a vis\u00e3o de preencher a lacuna entre as redes sociais e os encontros on-line. Ao permitir que os usu\u00e1rios se conectem por meio de perfis pessoais e <a href=\"https:\/\/strangercam.com\/pt-br\/rabbit-video-chat\/\">v\u00eddeo<\/a> Com o objetivo de facilitar as intera\u00e7\u00f5es significativas que podem levar a relacionamentos duradouros, o Fruzo oferece bate-papos e chats. A plataforma foi projetada para ser f\u00e1cil de usar, oferecendo uma experi\u00eancia perfeita para pessoas de todas as idades e origens. Com uma crescente base de usu\u00e1rios globais, o Fruzo atende \u00e0queles que buscam expandir seus c\u00edrculos sociais, encontrar parceiros rom\u00e2nticos ou participar de redes profissionais.<\/p>\n<h2>Principais recursos<\/h2>\n<h3>Conectividade integrada de m\u00eddia social<\/h3>\n<p>Um dos recursos de destaque do Fruzo \u00e9 sua integra\u00e7\u00e3o com as plataformas de m\u00eddia social existentes. Os usu\u00e1rios podem vincular seus perfis do Facebook ao Fruzo, permitindo que se conectem com amigos de amigos e expandam sua rede sem esfor\u00e7o. Esse recurso n\u00e3o apenas aumenta a confian\u00e7a entre os usu\u00e1rios, mas tamb\u00e9m simplifica o processo de encontrar interesses comuns e conex\u00f5es m\u00fatuas.<\/p>\n<h3>Filtros de pesquisa avan\u00e7ada<\/h3>\n<p>O Fruzo oferece uma variedade de filtros de pesquisa avan\u00e7ados que permitem que os usu\u00e1rios personalizem sua busca por poss\u00edveis parceiros. Os filtros incluem idade, local, interesses e objetivos de relacionamento, garantindo que os usu\u00e1rios possam encontrar indiv\u00edduos que se alinhem \u00e0s suas prefer\u00eancias. Esse n\u00edvel de personaliza\u00e7\u00e3o aumenta a relev\u00e2ncia das conex\u00f5es e melhora a experi\u00eancia geral do usu\u00e1rio.<\/p>\n<h3>Funcionalidade de bate-papo por v\u00eddeo<\/h3>\n<p>Al\u00e9m das intera\u00e7\u00f5es baseadas em texto, o Fruzo incorpora v\u00eddeo <a href=\"https:\/\/strangercam.com\/pt-br\/chatroulette\/\">bate-papo<\/a> permitindo que os usu\u00e1rios se envolvam em conversas face a face. Esse recurso acrescenta um toque pessoal \u00e0s intera\u00e7\u00f5es, permitindo que os usu\u00e1rios avaliem melhor a compatibilidade e criem conex\u00f5es mais fortes. Os bate-papos por v\u00eddeo podem ser iniciados diretamente nos perfis dos usu\u00e1rios, facilitando a passagem de mensagens para <a href=\"https:\/\/strangercam.com\/pt-br\/mili\/\">ao vivo<\/a> conversas.<\/p>\n<h3>Perfis de usu\u00e1rio e personaliza\u00e7\u00e3o<\/h3>\n<p>O Fruzo fornece perfis de usu\u00e1rio detalhados que exibem informa\u00e7\u00f5es pessoais, interesses, fotos e links de m\u00eddia social. Os usu\u00e1rios podem personalizar seus perfis com v\u00e1rios tipos de m\u00eddia, aumentando sua visibilidade e atratividade para poss\u00edveis parceiros. A capacidade de visualizar perfis abrangentes promove intera\u00e7\u00f5es mais informadas e significativas.<\/p>\n<h3>Configura\u00e7\u00f5es de privacidade e seguran\u00e7a<\/h3>\n<p>O Fruzo d\u00e1 grande \u00eanfase \u00e0 privacidade e \u00e0 seguran\u00e7a do usu\u00e1rio. A plataforma oferece configura\u00e7\u00f5es de privacidade robustas, permitindo que os usu\u00e1rios controlem quem pode visualizar seus perfis e entrar em contato com eles. Al\u00e9m disso, o Fruzo emprega criptografia e outras medidas de seguran\u00e7a para proteger os dados do usu\u00e1rio contra acesso n\u00e3o autorizado e viola\u00e7\u00f5es.<\/p>\n<h3>Acessibilidade m\u00f3vel<\/h3>\n<p>Reconhecendo a import\u00e2ncia da mobilidade, o Fruzo foi otimizado para uso em smartphones e tablets por meio de seu site otimizado para dispositivos m\u00f3veis. Embora n\u00e3o haja um aplicativo m\u00f3vel dedicado, o design responsivo garante que os usu\u00e1rios possam acessar todos os recursos em qualquer lugar sem comprometer a funcionalidade.<\/p>\n<h2>Experi\u00eancia do usu\u00e1rio<\/h2>\n<h3>Interface e design<\/h3>\n<p>A interface do Fruzo foi projetada tendo em mente a simplicidade e a eleg\u00e2ncia. O layout \u00e9 limpo e intuitivo, com se\u00e7\u00f5es claramente identificadas e navega\u00e7\u00e3o f\u00e1cil. Os usu\u00e1rios podem navegar facilmente pelos perfis, iniciar bate-papos e gerenciar suas configura\u00e7\u00f5es sem encontrar complexidades desnecess\u00e1rias. A est\u00e9tica moderna da plataforma aumenta a satisfa\u00e7\u00e3o do usu\u00e1rio e incentiva o envolvimento prolongado.<\/p>\n<h3>Processo de registro<\/h3>\n<p>O Fruzo oferece um processo de registro simples que minimiza as barreiras \u00e0 entrada. Os usu\u00e1rios podem se inscrever usando suas contas do Facebook, simplificando a experi\u00eancia de integra\u00e7\u00e3o com a importa\u00e7\u00e3o de informa\u00e7\u00f5es b\u00e1sicas e fotos. Para aqueles que preferem n\u00e3o usar a m\u00eddia social, h\u00e1 m\u00e9todos de registro alternativos dispon\u00edveis, exigindo apenas detalhes essenciais, como endere\u00e7o de e-mail e senha. Essa flexibilidade atende a uma ampla gama de prefer\u00eancias do usu\u00e1rio e preocupa\u00e7\u00f5es com a privacidade.<\/p>\n<h3>Desempenho e confiabilidade<\/h3>\n<p>O Fruzo \u00e9 otimizado para alto desempenho, garantindo que a plataforma funcione sem problemas, mesmo durante os hor\u00e1rios de pico de uso. O <a href=\"https:\/\/strangercam.com\/pt-br\/coomeet\/\">bate-papo por v\u00eddeo<\/a> O recurso Fruzo mant\u00e9m fluxos de alta qualidade com atraso m\u00ednimo, proporcionando uma experi\u00eancia de conversa\u00e7\u00e3o perfeita. Al\u00e9m disso, os servidores do Fruzo s\u00e3o robustos, capazes de lidar com um grande n\u00famero de usu\u00e1rios simult\u00e2neos sem tempo de inatividade ou problemas de desempenho significativos.<\/p>\n<h3>Acessibilidade<\/h3>\n<p>O Fruzo pode ser acessado em v\u00e1rios dispositivos, incluindo desktops, laptops, smartphones e tablets. O design responsivo da plataforma garante funcionalidade e apar\u00eancia consistentes, independentemente do dispositivo que estiver sendo usado. Essa acessibilidade torna o Fruzo uma op\u00e7\u00e3o conveniente para usu\u00e1rios que preferem se conectar de diferentes locais e dispositivos.<\/p>\n<h2>Op\u00e7\u00f5es de pre\u00e7o e assinatura<\/h2>\n<p>O Fruzo oferece uma combina\u00e7\u00e3o de recursos gratuitos e premium, atendendo a uma ampla gama de necessidades e or\u00e7amentos dos usu\u00e1rios.<\/p>\n<h3>Recursos gratuitos<\/h3>\n<ul>\n<li><strong>Bate-papo b\u00e1sico por v\u00eddeo e texto<\/strong>: Os usu\u00e1rios podem participar de conversas por v\u00eddeo e texto sem nenhum custo.<\/li>\n<li><strong>Visualiza\u00e7\u00e3o de perfil<\/strong>: Acesso para visualizar os perfis de outros usu\u00e1rios e iniciar bate-papos.<\/li>\n<li><strong>Filtros b\u00e1sicos de pesquisa<\/strong>: Acesso limitado aos filtros de pesquisa para encontrar poss\u00edveis correspond\u00eancias.<\/li>\n<li><strong>Integra\u00e7\u00e3o de m\u00eddia social<\/strong>: Capacidade de conex\u00e3o e sincroniza\u00e7\u00e3o com perfis do Facebook.<\/li>\n<\/ul>\n<h3>Benef\u00edcios do Fruzo Premium<\/h3>\n<p>Para os usu\u00e1rios que buscam uma experi\u00eancia aprimorada, o Fruzo oferece uma assinatura premium conhecida como <strong>Fruzo Premium<\/strong>. A camada premium inclui recursos adicionais, como:<\/p>\n<ul>\n<li><strong>Filtros de pesquisa avan\u00e7ada<\/strong>: Op\u00e7\u00f5es mais espec\u00edficas para idade, local, interesses e objetivos de relacionamento.<\/li>\n<li><strong>Experi\u00eancia sem an\u00fancios<\/strong>: Remo\u00e7\u00e3o de an\u00fancios para uma experi\u00eancia de navega\u00e7\u00e3o e bate-papo mais suave e ininterrupta.<\/li>\n<li><strong>Mensagens ilimitadas<\/strong>: Capacidade de enviar um n\u00famero ilimitado de mensagens sem restri\u00e7\u00f5es.<\/li>\n<li><strong>Suporte priorit\u00e1rio<\/strong>: Acesso ao suporte dedicado ao cliente para uma resolu\u00e7\u00e3o mais r\u00e1pida dos problemas.<\/li>\n<li><strong>Aumentos de perfil<\/strong>: Visibilidade aprimorada dos perfis de usu\u00e1rio nos resultados de pesquisa e nas recomenda\u00e7\u00f5es.<\/li>\n<\/ul>\n<h3>Planos de assinatura<\/h3>\n<p>O Fruzo Premium est\u00e1 dispon\u00edvel por meio de planos de assinatura flex\u00edveis para acomodar diferentes prefer\u00eancias do usu\u00e1rio:<\/p>\n<ul>\n<li><strong>Plano mensal<\/strong>: Ideal para usu\u00e1rios que desejam experimentar os recursos premium sem um compromisso de longo prazo.<\/li>\n<li><strong>Plano trimestral<\/strong>: Oferece uma taxa com desconto em compara\u00e7\u00e3o com o plano mensal, adequado para uso em m\u00e9dio prazo.<\/li>\n<li><strong>Plano anual<\/strong>: Oferece o melhor valor para usu\u00e1rios de longo prazo, com economias significativas em rela\u00e7\u00e3o a planos mais curtos.<\/li>\n<\/ul>\n<p>O pre\u00e7o do Fruzo Premium \u00e9 competitivo, refletindo o valor adicional proporcionado pelos recursos aprimorados e pela experi\u00eancia do usu\u00e1rio.<\/p>\n<h2>Pr\u00f3s e contras<\/h2>\n<h3>Pr\u00f3s<\/h3>\n<ul>\n<li><strong>Conectividade integrada de m\u00eddia social<\/strong>: Simplifica o processo de encontrar e se conectar com amigos de amigos.<\/li>\n<li><strong>Filtros de pesquisa avan\u00e7ada<\/strong>: Permite correspond\u00eancias altamente personalizadas e relevantes.<\/li>\n<li><strong>Funcionalidade de bate-papo por v\u00eddeo<\/strong>: Aprimora a conex\u00e3o pessoal entre os usu\u00e1rios.<\/li>\n<li><strong>Interface amig\u00e1vel ao usu\u00e1rio<\/strong>: O design limpo e intuitivo garante a facilidade de uso.<\/li>\n<li><strong>Privacidade e seguran\u00e7a robustas<\/strong>: Grande \u00eanfase na prote\u00e7\u00e3o dos dados do usu\u00e1rio e na manuten\u00e7\u00e3o da privacidade.<\/li>\n<li><strong>Acessibilidade m\u00f3vel<\/strong>: Otimizado para uso em v\u00e1rios dispositivos, garantindo flexibilidade e conveni\u00eancia.<\/li>\n<li><strong>Base de usu\u00e1rios diversificada<\/strong>: Conecte-se com pessoas de diferentes culturas e origens.<\/li>\n<\/ul>\n<h3>Contras<\/h3>\n<ul>\n<li><strong>Recursos gratuitos limitados<\/strong>: Filtros avan\u00e7ados e recursos premium s\u00e3o restritos a assinantes pagos, limitando a experi\u00eancia dos usu\u00e1rios gratuitos.<\/li>\n<li><strong>Sem aplicativo m\u00f3vel dedicado<\/strong>: Embora a plataforma seja compat\u00edvel com dispositivos m\u00f3veis, a aus\u00eancia de um aplicativo dedicado pode afetar a conveni\u00eancia de alguns usu\u00e1rios.<\/li>\n<li><strong>Possibilidade de conte\u00fado inapropriado<\/strong>: Apesar dos recursos robustos de den\u00fancia e bloqueio, alguns usu\u00e1rios podem encontrar comportamentos inadequados.<\/li>\n<li><strong>An\u00fancios<\/strong>: Os usu\u00e1rios gratuitos est\u00e3o sujeitos a an\u00fancios, que podem atrapalhar a experi\u00eancia de navega\u00e7\u00e3o e bate-papo.<\/li>\n<li><strong>Depend\u00eancia da qualidade da Internet<\/strong>: V\u00eddeo e \u00e1udio de alta qualidade exigem uma conex\u00e3o est\u00e1vel com a Internet, que pode n\u00e3o estar dispon\u00edvel para todos os usu\u00e1rios.<\/li>\n<\/ul>\n<h2>Seguran\u00e7a e privacidade do usu\u00e1rio<\/h2>\n<h3>Pol\u00edticas de modera\u00e7\u00e3o<\/h3>\n<p>O Fruzo tem o compromisso de manter um ambiente seguro e respeitoso para seus usu\u00e1rios. A plataforma emprega sistemas automatizados e moderadores humanos para monitorar o conte\u00fado e aplicar as diretrizes da comunidade. Os usu\u00e1rios s\u00e3o incentivados a denunciar qualquer comportamento inadequado, e a\u00e7\u00f5es r\u00e1pidas s\u00e3o tomadas contra os infratores para garantir a integridade da comunidade. Al\u00e9m disso, o Fruzo fornece diretrizes claras sobre o comportamento aceit\u00e1vel para promover intera\u00e7\u00f5es positivas.<\/p>\n<h3>Medidas de privacidade<\/h3>\n<ul>\n<li><strong>Prote\u00e7\u00e3o de dados<\/strong>: O Fruzo adere a normas r\u00edgidas de prote\u00e7\u00e3o de dados, garantindo que as informa\u00e7\u00f5es do usu\u00e1rio estejam seguras e n\u00e3o sejam usadas indevidamente.<\/li>\n<li><strong>Op\u00e7\u00f5es de anonimato<\/strong>: Os usu\u00e1rios podem optar por limitar a visibilidade de suas informa\u00e7\u00f5es pessoais, aumentando a privacidade.<\/li>\n<li><strong>Controles do usu\u00e1rio<\/strong>: A capacidade de bloquear e denunciar outras pessoas d\u00e1 aos usu\u00e1rios controle sobre suas intera\u00e7\u00f5es e aumenta sua sensa\u00e7\u00e3o de seguran\u00e7a.<\/li>\n<\/ul>\n<h3>Dicas de seguran\u00e7a para usu\u00e1rios<\/h3>\n<ul>\n<li><strong>Proteger informa\u00e7\u00f5es pessoais<\/strong>: Evite compartilhar detalhes confidenciais, como nomes completos, endere\u00e7os ou informa\u00e7\u00f5es financeiras durante os bate-papos.<\/li>\n<li><strong>Usar recursos de privacidade<\/strong>: Utilize as configura\u00e7\u00f5es de privacidade do Fruzo para controlar quem pode ver seu perfil e entrar em contato com voc\u00ea.<\/li>\n<li><strong>Seja cauteloso<\/strong>: Confie em seus instintos e desconecte-se de qualquer conversa que pare\u00e7a desconfort\u00e1vel ou insegura.<\/li>\n<li><strong>Denunciar viola\u00e7\u00f5es<\/strong>: Ajude a manter uma comunidade segura, denunciando qualquer comportamento ou conte\u00fado inadequado.<\/li>\n<\/ul>\n<h2>Compara\u00e7\u00e3o com os concorrentes<\/h2>\n<h3>Fruzo vs. Omegle<\/h3>\n<ul>\n<li><strong>Recursos<\/strong>: O Fruzo oferece filtros mais avan\u00e7ados e conectividade integrada de m\u00eddia social, enquanto o <a href=\"https:\/\/strangercam.com\/pt-br\/omegle\/\">Omegle<\/a> concentra-se principalmente em chats de v\u00eddeo aleat\u00f3rios b\u00e1sicos.<\/li>\n<li><strong>Interface do usu\u00e1rio<\/strong>: A interface do Fruzo \u00e9 mais moderna e f\u00e1cil de usar em compara\u00e7\u00e3o com o design simplista do Omegle.<\/li>\n<li><strong>Op\u00e7\u00f5es de privacidade<\/strong>: Ambas as plataformas permitem bate-papo an\u00f4nimo, mas o Fruzo oferece controles adicionais de privacidade por meio de seus recursos integrados de m\u00eddia social.<\/li>\n<\/ul>\n<h3>Fruzo vs. Chatroulette<\/h3>\n<ul>\n<li><strong>Modera\u00e7\u00e3o<\/strong>: O Fruzo emprega pol\u00edticas de modera\u00e7\u00e3o mais robustas para reduzir a presen\u00e7a de conte\u00fado inadequado.<\/li>\n<li><strong>Recursos adicionais<\/strong>: A conectividade de m\u00eddia social integrada e os filtros de pesquisa avan\u00e7ados do Fruzo oferecem uma experi\u00eancia mais personalizada em compara\u00e7\u00e3o com a funcionalidade b\u00e1sica de bate-papo por v\u00eddeo do Chatroulette.<\/li>\n<li><strong>Base de usu\u00e1rios<\/strong>: Ambas as plataformas t\u00eam grandes bases de usu\u00e1rios globais, mas os recursos adicionais do Fruzo podem atrair um p\u00fablico mais diversificado.<\/li>\n<\/ul>\n<h3>Fruzo vs. Chatrandom<\/h3>\n<ul>\n<li><strong>Modos de bate-papo<\/strong>: O Chatrandom oferece v\u00e1rios modos de bate-papo, incluindo bate-papos em grupo e salas tem\u00e1ticas, enquanto o Fruzo se concentra principalmente em intera\u00e7\u00f5es individuais.<\/li>\n<li><strong>Op\u00e7\u00f5es Premium<\/strong>: Ambas as plataformas oferecem assinaturas premium, mas os recursos premium do Fruzo est\u00e3o mais centrados no aumento da privacidade e na personaliza\u00e7\u00e3o.<\/li>\n<li><strong>Design de interface<\/strong>: Ambas as plataformas priorizam interfaces f\u00e1ceis de usar, mas o design do Fruzo \u00e9 mais simplificado e moderno, com elementos de m\u00eddia social integrados.<\/li>\n<\/ul>\n<h2>Depoimentos de usu\u00e1rios<\/h2>\n<p><em>\"O Fruzo tornou incrivelmente f\u00e1cil conectar-me com amigos de amigos e expandir meu c\u00edrculo social. A integra\u00e7\u00e3o com o Facebook acrescenta uma camada de confian\u00e7a que eu realmente aprecio.\"<\/em> - <strong>Emma R.<\/strong><\/p>\n<p><em>\"Adoro os filtros de pesquisa avan\u00e7ada do Fruzo. Poder especificar minhas prefer\u00eancias tornou muito mais f\u00e1cil encontrar conex\u00f5es significativas.\"<\/em> - <strong>Michael S.<\/strong><\/p>\n<p><em>\u201cA funcionalidade de bate-papo por v\u00eddeo no Fruzo \u00e9 excelente. \u00c9 como ter uma conversa pessoal, o que me ajudou a construir relacionamentos mais fortes.\u201d<\/em> - <strong>Sophia L.<\/strong><\/p>\n<p><em>\"A \u00eanfase do Fruzo em privacidade e seguran\u00e7a me d\u00e1 tranquilidade ao interagir com novas pessoas. A plataforma \u00e9 segura e agrad\u00e1vel de usar.\"<\/em> - <strong>Daniel K.<\/strong><\/p>\n<h2>Conclus\u00e3o<\/h2>\n<p>O Fruzo oferece uma plataforma abrangente e vers\u00e1til para pessoas que buscam se conectar com outras por meio de recursos integrados de rede social e namoro on-line. Sua \u00eanfase em filtros de pesquisa avan\u00e7ados, funcionalidade de bate-papo por v\u00eddeo e medidas robustas de privacidade fazem dele uma op\u00e7\u00e3o de destaque no concorrido mercado de encontros on-line. Embora haja \u00e1reas a serem melhoradas, como a expans\u00e3o de recursos gratuitos e o desenvolvimento de um aplicativo m\u00f3vel dedicado, o Fruzo facilita efetivamente conex\u00f5es significativas e seguras em todo o mundo. Se estiver procurando fazer novos amigos, encontrar um parceiro rom\u00e2ntico ou participar de uma rede de contatos profissionais, o Fruzo oferece uma solu\u00e7\u00e3o valiosa e acess\u00edvel.<\/p>","protected":false},"excerpt":{"rendered":"<p>In the competitive landscape of online dating and social networking, platforms that offer comprehensive features and foster genuine connections stand out. Fruzo distinguishes itself by integrating traditional matchmaking with social media functionalities, creating a versatile environment for users seeking friendships, romantic relationships, or professional networking opportunities. This review provides a detailed analysis of Fruzo, examining [&hellip;]<\/p>\n","protected":false},"author":7,"featured_media":0,"parent":0,"menu_order":0,"comment_status":"closed","ping_status":"closed","template":"","meta":{"footnotes":""},"class_list":["post-12597","page","type-page","status-publish","hentry"],"yoast_head":"<!-- This site is optimized with the Yoast SEO plugin v26.9 - https:\/\/yoast.com\/product\/yoast-seo-wordpress\/ -->\n<title>Fruzo - Alternatives &amp; Reviews of Chat Sites - StrangerCam<\/title>\n<meta name=\"description\" content=\"Discover the best Video Chat Sites, complete with ratings and reviews. Enjoy free cam chats that let you meet new people.\" \/>\n<meta name=\"robots\" content=\"index, follow, max-snippet:-1, max-image-preview:large, max-video-preview:-1\" \/>\n<link rel=\"canonical\" href=\"https:\/\/strangercam.com\/pt-br\/fruzo\/\" \/>\n<meta property=\"og:locale\" content=\"pt_BR\" \/>\n<meta property=\"og:type\" content=\"article\" \/>\n<meta property=\"og:title\" content=\"Fruzo - Alternatives &amp; Reviews of Chat Sites - StrangerCam\" \/>\n<meta property=\"og:description\" content=\"Discover the best Video Chat Sites, complete with ratings and reviews. Enjoy free cam chats that let you meet new people.\" \/>\n<meta property=\"og:url\" content=\"https:\/\/strangercam.com\/pt-br\/fruzo\/\" \/>\n<meta property=\"og:site_name\" content=\"Strangercam\" \/>\n<meta property=\"article:publisher\" content=\"https:\/\/www.facebook.com\/strangercam\" \/>\n<meta property=\"article:modified_time\" content=\"2025-06-16T11:31:17+00:00\" \/>\n<meta property=\"og:image\" content=\"https:\/\/strangercam.com\/wp-content\/uploads\/2021\/10\/Untitled-2.png\" \/>\n\t<meta property=\"og:image:width\" content=\"800\" \/>\n\t<meta property=\"og:image:height\" content=\"532\" \/>\n\t<meta property=\"og:image:type\" content=\"image\/png\" \/>\n<meta name=\"twitter:card\" content=\"summary_large_image\" \/>\n<meta name=\"twitter:site\" content=\"@strangercamapp\" \/>\n<meta name=\"twitter:label1\" content=\"Est. tempo de leitura\" \/>\n\t<meta name=\"twitter:data1\" content=\"8 minutos\" \/>\n<script type=\"application\/ld+json\" class=\"yoast-schema-graph\">{\"@context\":\"https:\/\/schema.org\",\"@graph\":[{\"@type\":\"WebPage\",\"@id\":\"https:\/\/strangercam.com\/fruzo\/\",\"url\":\"https:\/\/strangercam.com\/fruzo\/\",\"name\":\"Fruzo - Alternatives & Reviews of Chat Sites - StrangerCam\",\"isPartOf\":{\"@id\":\"https:\/\/strangercam.com\/#website\"},\"datePublished\":\"2024-11-08T10:09:20+00:00\",\"dateModified\":\"2025-06-16T11:31:17+00:00\",\"description\":\"Discover the best Video Chat Sites, complete with ratings and reviews. Enjoy free cam chats that let you meet new people.\",\"breadcrumb\":{\"@id\":\"https:\/\/strangercam.com\/fruzo\/#breadcrumb\"},\"inLanguage\":\"pt-BR\",\"potentialAction\":[{\"@type\":\"ReadAction\",\"target\":[\"https:\/\/strangercam.com\/fruzo\/\"]}]},{\"@type\":\"BreadcrumbList\",\"@id\":\"https:\/\/strangercam.com\/fruzo\/#breadcrumb\",\"itemListElement\":[{\"@type\":\"ListItem\",\"position\":1,\"name\":\"Home\",\"item\":\"https:\/\/strangercam.com\/\"},{\"@type\":\"ListItem\",\"position\":2,\"name\":\"Fruzo\"}]},{\"@type\":\"WebSite\",\"@id\":\"https:\/\/strangercam.com\/#website\",\"url\":\"https:\/\/strangercam.com\/\",\"name\":\"Strangercam\",\"description\":\"Random Video Chat with Strangers\",\"publisher\":{\"@id\":\"https:\/\/strangercam.com\/#organization\"},\"alternateName\":\"Strangercam.com\",\"potentialAction\":[{\"@type\":\"SearchAction\",\"target\":{\"@type\":\"EntryPoint\",\"urlTemplate\":\"https:\/\/strangercam.com\/?s={search_term_string}\"},\"query-input\":{\"@type\":\"PropertyValueSpecification\",\"valueRequired\":true,\"valueName\":\"search_term_string\"}}],\"inLanguage\":\"pt-BR\"},{\"@type\":\"Organization\",\"@id\":\"https:\/\/strangercam.com\/#organization\",\"name\":\"Strangercam\",\"alternateName\":\"Strangercam.com\",\"url\":\"https:\/\/strangercam.com\/\",\"logo\":{\"@type\":\"ImageObject\",\"inLanguage\":\"pt-BR\",\"@id\":\"https:\/\/strangercam.com\/#\/schema\/logo\/image\/\",\"url\":\"https:\/\/strangercam.com\/wp-content\/uploads\/2020\/11\/cropped-new-favicon-black.png\",\"contentUrl\":\"https:\/\/strangercam.com\/wp-content\/uploads\/2020\/11\/cropped-new-favicon-black.png\",\"width\":512,\"height\":512,\"caption\":\"Strangercam\"},\"image\":{\"@id\":\"https:\/\/strangercam.com\/#\/schema\/logo\/image\/\"},\"sameAs\":[\"https:\/\/www.facebook.com\/strangercam\",\"https:\/\/x.com\/strangercamapp\"]}]}<\/script>\n<!-- \/ Yoast SEO plugin. -->","yoast_head_json":{"title":"Fruzo - Alternativas e an\u00e1lises de sites de bate-papo - StrangerCam","description":"Descubra os melhores sites de bate-papo por v\u00eddeo, com avalia\u00e7\u00f5es e resenhas. Desfrute de bate-papos com c\u00e2mera gratuitos que lhe permitem conhecer novas pessoas.","robots":{"index":"index","follow":"follow","max-snippet":"max-snippet:-1","max-image-preview":"max-image-preview:large","max-video-preview":"max-video-preview:-1"},"canonical":"https:\/\/strangercam.com\/pt-br\/fruzo\/","og_locale":"pt_BR","og_type":"article","og_title":"Fruzo - Alternatives & Reviews of Chat Sites - StrangerCam","og_description":"Discover the best Video Chat Sites, complete with ratings and reviews. Enjoy free cam chats that let you meet new people.","og_url":"https:\/\/strangercam.com\/pt-br\/fruzo\/","og_site_name":"Strangercam","article_publisher":"https:\/\/www.facebook.com\/strangercam","article_modified_time":"2025-06-16T11:31:17+00:00","og_image":[{"width":800,"height":532,"url":"https:\/\/strangercam.com\/wp-content\/uploads\/2021\/10\/Untitled-2.png","type":"image\/png"}],"twitter_card":"summary_large_image","twitter_site":"@strangercamapp","twitter_misc":{"Est. tempo de leitura":"8 minutos"},"schema":{"@context":"https:\/\/schema.org","@graph":[{"@type":"WebPage","@id":"https:\/\/strangercam.com\/fruzo\/","url":"https:\/\/strangercam.com\/fruzo\/","name":"Fruzo - Alternativas e an\u00e1lises de sites de bate-papo - StrangerCam","isPartOf":{"@id":"https:\/\/strangercam.com\/#website"},"datePublished":"2024-11-08T10:09:20+00:00","dateModified":"2025-06-16T11:31:17+00:00","description":"Descubra os melhores sites de bate-papo por v\u00eddeo, com avalia\u00e7\u00f5es e resenhas. Desfrute de bate-papos com c\u00e2mera gratuitos que lhe permitem conhecer novas pessoas.","breadcrumb":{"@id":"https:\/\/strangercam.com\/fruzo\/#breadcrumb"},"inLanguage":"pt-BR","potentialAction":[{"@type":"ReadAction","target":["https:\/\/strangercam.com\/fruzo\/"]}]},{"@type":"BreadcrumbList","@id":"https:\/\/strangercam.com\/fruzo\/#breadcrumb","itemListElement":[{"@type":"ListItem","position":1,"name":"Home","item":"https:\/\/strangercam.com\/"},{"@type":"ListItem","position":2,"name":"Fruzo"}]},{"@type":"WebSite","@id":"https:\/\/strangercam.com\/#website","url":"https:\/\/strangercam.com\/","name":"Strangercam","description":"Bate-papo por v\u00eddeo aleat\u00f3rio com estranhos","publisher":{"@id":"https:\/\/strangercam.com\/#organization"},"alternateName":"Strangercam.com","potentialAction":[{"@type":"SearchAction","target":{"@type":"EntryPoint","urlTemplate":"https:\/\/strangercam.com\/?s={search_term_string}"},"query-input":{"@type":"PropertyValueSpecification","valueRequired":true,"valueName":"search_term_string"}}],"inLanguage":"pt-BR"},{"@type":"Organization","@id":"https:\/\/strangercam.com\/#organization","name":"Strangercam","alternateName":"Strangercam.com","url":"https:\/\/strangercam.com\/","logo":{"@type":"ImageObject","inLanguage":"pt-BR","@id":"https:\/\/strangercam.com\/#\/schema\/logo\/image\/","url":"https:\/\/strangercam.com\/wp-content\/uploads\/2020\/11\/cropped-new-favicon-black.png","contentUrl":"https:\/\/strangercam.com\/wp-content\/uploads\/2020\/11\/cropped-new-favicon-black.png","width":512,"height":512,"caption":"Strangercam"},"image":{"@id":"https:\/\/strangercam.com\/#\/schema\/logo\/image\/"},"sameAs":["https:\/\/www.facebook.com\/strangercam","https:\/\/x.com\/strangercamapp"]}]}},"_links":{"self":[{"href":"https:\/\/strangercam.com\/pt-br\/wp-json\/wp\/v2\/pages\/12597","targetHints":{"allow":["GET"]}}],"collection":[{"href":"https:\/\/strangercam.com\/pt-br\/wp-json\/wp\/v2\/pages"}],"about":[{"href":"https:\/\/strangercam.com\/pt-br\/wp-json\/wp\/v2\/types\/page"}],"author":[{"embeddable":true,"href":"https:\/\/strangercam.com\/pt-br\/wp-json\/wp\/v2\/users\/7"}],"replies":[{"embeddable":true,"href":"https:\/\/strangercam.com\/pt-br\/wp-json\/wp\/v2\/comments?post=12597"}],"version-history":[{"count":1,"href":"https:\/\/strangercam.com\/pt-br\/wp-json\/wp\/v2\/pages\/12597\/revisions"}],"predecessor-version":[{"id":12869,"href":"https:\/\/strangercam.com\/pt-br\/wp-json\/wp\/v2\/pages\/12597\/revisions\/12869"}],"wp:attachment":[{"href":"https:\/\/strangercam.com\/pt-br\/wp-json\/wp\/v2\/media?parent=12597"}],"curies":[{"name":"wp","href":"https:\/\/api.w.org\/{rel}","templated":true}]}}