{"id":12587,"date":"2024-11-08T12:02:12","date_gmt":"2024-11-08T10:02:12","guid":{"rendered":"https:\/\/strangercam.com\/?page_id=12587"},"modified":"2025-02-04T09:36:39","modified_gmt":"2025-02-04T07:36:39","slug":"rabbit-video-chat","status":"publish","type":"page","link":"https:\/\/strangercam.com\/pt-br\/rabbit-video-chat\/","title":{"rendered":"Bate-papo por v\u00eddeo com coelhos"},"content":{"rendered":"<p>Voc\u00ea est\u00e1 procurando uma maneira animada e espont\u00e2nea de se conectar com novas pessoas on-line? V\u00eddeo do Rabbit <a href=\"https:\/\/strangercam.com\/pt-br\/chatroulette\/\">Bate-papo<\/a> O Rabbit Video Chat oferece uma experi\u00eancia no estilo de roleta de bate-papo, colocando voc\u00ea em contato com estranhos de todo o mundo para divertidos encontros cara a cara. Abaixo, exploramos os recursos de destaque do Rabbit Video Chat, como ele se diferencia de outros sites de bate-papo aleat\u00f3rios e por que \u00e9 uma op\u00e7\u00e3o para conex\u00f5es sociais r\u00e1pidas e animadas.<\/p>\n<h2>Principais recursos<\/h2>\n<p>Coelho <a href=\"https:\/\/strangercam.com\/pt-br\/coomeet\/\">Bate-papo por v\u00eddeo<\/a> tem como foco a simplicidade e o entretenimento, ajudando voc\u00ea a iniciar conversas por v\u00eddeo sem obst\u00e1culos desnecess\u00e1rios. Seus recursos incluem:<\/p>\n<ul>\n<li><strong>Correspond\u00eancia aleat\u00f3ria de v\u00eddeos<\/strong>: Fa\u00e7a um emparelhamento instant\u00e2neo com estranhos em todo o mundo para aut\u00eanticos bate-papos individuais.<\/li>\n<li><strong>Filtros e efeitos divertidos<\/strong>: D\u00ea mais emo\u00e7\u00e3o \u00e0s conversas com m\u00e1scaras digitais peculiares e sobreposi\u00e7\u00f5es divertidas.<\/li>\n<li><strong>Navega\u00e7\u00e3o r\u00e1pida<\/strong>: Mova-se rapidamente entre as partidas para continuar conhecendo novas pessoas.<\/li>\n<li><strong>Otimizado para celular<\/strong>: Desfrute de bate-papos com v\u00eddeo sem problemas em smartphones e desktops.<\/li>\n<\/ul>\n<h2>Experi\u00eancia aleat\u00f3ria de bate-papo por v\u00eddeo<\/h2>\n<p>O Rabbit Video Chat \u00e9 excelente em fazer a correspond\u00eancia instant\u00e2nea entre voc\u00ea e novas pessoas, garantindo que voc\u00ea passe mais tempo conversando e menos tempo esperando.<\/p>\n<h3>Emparelhamento instant\u00e2neo<\/h3>\n<p>Toque no bot\u00e3o \"Start\" (Iniciar), e o algoritmo da plataforma o conectar\u00e1 rapidamente a outro usu\u00e1rio que esteja buscando uma conversa. \u00c9 tudo uma quest\u00e3o de espontaneidade - sem necessidade de perfis extensos ou etapas complicadas.<\/p>\n<h3>Autom\u00f3vel Pr\u00f3ximo<\/h3>\n<p>N\u00e3o concorda com seu parceiro atual? Basta pressionar \"Next\" para seguir em frente. Isso garante um ambiente de ritmo acelerado no qual voc\u00ea pode encontrar a combina\u00e7\u00e3o certa para voc\u00ea.<\/p>\n<h3>Comunidade global<\/h3>\n<p>A base de usu\u00e1rios do Rabbit Video Chat abrange v\u00e1rios continentes, oferecendo amplas oportunidades de aprender sobre diferentes culturas e talvez at\u00e9 mesmo praticar um novo idioma.<\/p>\n<h2>Extras divertidos<\/h2>\n<p>Essa plataforma vai al\u00e9m das chamadas padr\u00e3o, com recursos adicionais que incrementam a experi\u00eancia de bate-papo aleat\u00f3rio:<\/p>\n<table>\n<thead>\n<tr>\n<th>Recurso<\/th>\n<th>Descri\u00e7\u00e3o<\/th>\n<\/tr>\n<\/thead>\n<tbody>\n<tr>\n<td><strong>Filtros e m\u00e1scaras digitais<\/strong><\/td>\n<td>Injete humor ou criatividade nas conversas com efeitos visuais divertidos.<\/td>\n<\/tr>\n<tr>\n<td><strong>Integra\u00e7\u00e3o de bate-papo por texto<\/strong><\/td>\n<td>Digite mensagens r\u00e1pidas ou compartilhe links se a conversa parecer muito pessoal no in\u00edcio.<\/td>\n<\/tr>\n<tr>\n<td><strong>Ferramenta Snapshot<\/strong><\/td>\n<td>Capture momentos memor\u00e1veis (com o consentimento do seu parceiro de bate-papo) para revisit\u00e1-los mais tarde.<\/td>\n<\/tr>\n<tr>\n<td><strong>Tags de interesse<\/strong><\/td>\n<td>Rotule os bate-papos com t\u00f3picos (m\u00fasica, viagens, jogos) para melhor compatibilidade com novas partidas.<\/td>\n<\/tr>\n<\/tbody>\n<\/table>\n<h2>Interface e experi\u00eancia do usu\u00e1rio<\/h2>\n<p>O Rabbit Video Chat tem como objetivo fornecer uma interface clara e direta, mantendo o foco em sua <a href=\"https:\/\/strangercam.com\/pt-br\/mili\/\">ao vivo<\/a> v\u00eddeo.<\/p>\n<h3>Design e navega\u00e7\u00e3o<\/h3>\n<ul>\n<li><strong>Controles minimalistas<\/strong>: Os bot\u00f5es \u201cIniciar\u201d, \u201cParar\u201d e \u201cPr\u00f3ximo\u201d claramente marcados facilitam o gerenciamento dos bate-papos.<\/li>\n<li><strong>Menus baseados em \u00edcones<\/strong>: Filtros, bate-papo por texto e outros recursos s\u00e3o acess\u00edveis por meio de \u00edcones intuitivos.<\/li>\n<li><strong>Layout responsivo<\/strong>: De smartphones a monitores grandes, a interface se adapta sem problemas.<\/li>\n<\/ul>\n<h3>Personaliza\u00e7\u00e3o<\/h3>\n<ul>\n<li><strong>Perfis opcionais<\/strong>: Use um apelido ou permane\u00e7a an\u00f4nimo para ter privacidade.<\/li>\n<li><strong>Prefer\u00eancias de notifica\u00e7\u00e3o<\/strong>: Escolha como voc\u00ea receber\u00e1 solicita\u00e7\u00f5es de amizade ou atualiza\u00e7\u00f5es.<\/li>\n<li><strong>Configura\u00e7\u00f5es de privacidade<\/strong>: Controle o compartilhamento de local e gerencie quais detalhes ficam vis\u00edveis para outras pessoas.<\/li>\n<\/ul>\n<h2>Desempenho<\/h2>\n<p>Conex\u00f5es r\u00e1pidas e est\u00e1veis s\u00e3o essenciais para qualquer aplicativo de v\u00eddeo ao vivo, e o Rabbit Video Chat trabalha para oferecer uma experi\u00eancia confi\u00e1vel:<\/p>\n<h3>Servidores otimizados<\/h3>\n<ul>\n<li><strong>Redu\u00e7\u00e3o do atraso<\/strong>: A infraestrutura eficiente visa \u00e0 lat\u00eancia m\u00ednima nas chamadas de v\u00eddeo.<\/li>\n<li><strong>Qualidade adaptativa<\/strong>: A resolu\u00e7\u00e3o do v\u00eddeo se ajusta com base na velocidade de sua Internet para minimizar as interrup\u00e7\u00f5es.<\/li>\n<li><strong>Modo de efici\u00eancia de dados<\/strong>: Os usu\u00e1rios m\u00f3veis podem ativar configura\u00e7\u00f5es de uso de dados mais baixas.<\/li>\n<\/ul>\n<h2>Seguran\u00e7a e modera\u00e7\u00e3o<\/h2>\n<p>Chats de v\u00eddeo aleat\u00f3rios podem trazer conte\u00fado inesperado, portanto o Rabbit Video Chat inclui v\u00e1rias medidas de seguran\u00e7a:<\/p>\n<h3>Supervis\u00e3o da comunidade<\/h3>\n<ul>\n<li><strong>Ferramentas de relat\u00f3rio e bloqueio<\/strong>: Sinalize rapidamente usu\u00e1rios inadequados e bloqueie-os de futuros encontros.<\/li>\n<li><strong>Modera\u00e7\u00e3o de IA<\/strong>: Os sistemas automatizados monitoram o comportamento expl\u00edcito ou prejudicial em tempo real.<\/li>\n<li><strong>Equipe de modera\u00e7\u00e3o humana<\/strong>: Os membros da equipe analisam os problemas relatados para manter a plataforma acolhedora.<\/li>\n<\/ul>\n<h3>Controles de privacidade<\/h3>\n<ul>\n<li><strong>Interface an\u00f4nima<\/strong>: Converse sem revelar detalhes pessoais.<\/li>\n<li><strong>Armazenamento de dados criptografados<\/strong>: A criptografia b\u00e1sica protege as informa\u00e7\u00f5es confidenciais da conta.<\/li>\n<li><strong>Restri\u00e7\u00f5es de idade<\/strong>: A verifica\u00e7\u00e3o de idade ajuda a manter a seguran\u00e7a dos menores.<\/li>\n<\/ul>\n<h2>Monetiza\u00e7\u00e3o e upgrades<\/h2>\n<p>Embora o Rabbit Video Chat seja em grande parte <a href=\"https:\/\/strangercam.com\/pt-br\/chat4free\/\">gratuito<\/a> para usar, ele tamb\u00e9m oferece recursos premium:<\/p>\n<h3>Vantagens Premium<\/h3>\n<ul>\n<li><strong>Navega\u00e7\u00e3o sem an\u00fancios<\/strong>: Remova os an\u00fancios para conversar sem interrup\u00e7\u00f5es.<\/li>\n<li><strong>Efeitos exclusivos<\/strong>: Desbloqueie filtros e planos de fundo especiais.<\/li>\n<li><strong>Correspond\u00eancia aprimorada<\/strong>: Ajuste suas tags de interesse e filtros de localiza\u00e7\u00e3o.<\/li>\n<\/ul>\n<h3>Sistemas de recompensa<\/h3>\n<ul>\n<li><strong>Pontos de fidelidade<\/strong>: Ganhe cr\u00e9ditos pelo uso frequente, que podem ser trocados por itens premium.<\/li>\n<li><strong>Benef\u00edcios de indica\u00e7\u00e3o<\/strong>: Convide amigos e receba vantagens de b\u00f4nus para cada inscri\u00e7\u00e3o bem-sucedida.<\/li>\n<\/ul>\n<h2>Posicionamento de mercado<\/h2>\n<p>O Rabbit Video Chat serve como uma alternativa animada para os <a href=\"https:\/\/strangercam.com\/pt-br\/chathub\/\">bate-papo por v\u00eddeo aleat\u00f3rio<\/a> apoiando-se em sua interface f\u00e1cil de usar e em sua abordagem robusta de modera\u00e7\u00e3o.<\/p>\n<h3>Dados demogr\u00e1ficos do usu\u00e1rio<\/h3>\n<ul>\n<li><strong>Faixa et\u00e1ria<\/strong>: Predominantemente de 18 a 35 anos, embora adultos de todas as idades participem.<\/li>\n<li><strong>Principais interesses<\/strong>: Conversas casuais, interc\u00e2mbio cultural, pr\u00e1tica do idioma.<\/li>\n<li><strong>Hor\u00e1rio de pico<\/strong>: As noites e os fins de semana registram o maior tr\u00e1fego de usu\u00e1rios.<\/li>\n<\/ul>\n<h3>Alcance global<\/h3>\n<ul>\n<li><strong>Usu\u00e1rios internacionais<\/strong>: Envolver-se com pessoas de v\u00e1rios pa\u00edses e origens.<\/li>\n<li><strong>Interface em v\u00e1rios idiomas<\/strong>: Alterne para op\u00e7\u00f5es de idiomas diferentes para obter uma experi\u00eancia localizada.<\/li>\n<\/ul>\n<h2>Pr\u00f3s e contras<\/h2>\n<p>Aqui est\u00e1 uma r\u00e1pida olhada nas vantagens e poss\u00edveis limita\u00e7\u00f5es do Rabbit Video Chat:<\/p>\n<table>\n<thead>\n<tr>\n<th>Pr\u00f3s<\/th>\n<th>Contras<\/th>\n<\/tr>\n<\/thead>\n<tbody>\n<tr>\n<td>\n<ul>\n<li>Conex\u00f5es aleat\u00f3rias r\u00e1pidas<\/li>\n<li>Interface de usu\u00e1rio simples<\/li>\n<li>Filtros e efeitos divertidos<\/li>\n<li>Ferramentas dedicadas de modera\u00e7\u00e3o e seguran\u00e7a<\/li>\n<li>Funciona bem em dispositivos m\u00f3veis<\/li>\n<\/ul>\n<\/td>\n<td>\n<ul>\n<li>Exposi\u00e7\u00e3o ocasional a conte\u00fado indesejado<\/li>\n<li>Requer Internet est\u00e1vel para melhor qualidade<\/li>\n<li>Menos recursos gratuitos em compara\u00e7\u00e3o com os upgrades pagos<\/li>\n<li>Concorre com plataformas maiores e mais conhecidas<\/li>\n<\/ul>\n<\/td>\n<\/tr>\n<\/tbody>\n<\/table>\n<h2>Conclus\u00e3o<\/h2>\n<p>O Rabbit Video Chat \u00e9 uma op\u00e7\u00e3o energizante e f\u00e1cil de usar se voc\u00ea gosta de conhecer pessoas desconhecidas por meio de chamadas de v\u00eddeo aleat\u00f3rias. Seu design simplista, a comunidade global inclusiva e as ferramentas robustas de modera\u00e7\u00e3o o tornam uma op\u00e7\u00e3o s\u00f3lida para bate-papos r\u00e1pidos, pr\u00e1tica do idioma ou encontros divertidos em tempo real. Quer voc\u00ea seja novato em bate-papos por v\u00eddeo aleat\u00f3rios ou um profissional experiente, o Rabbit Video Chat se destaca como uma maneira f\u00e1cil e confi\u00e1vel de se conectar com pessoas de todas as esferas da vida - a apenas um clique de dist\u00e2ncia.<\/p>","protected":false},"excerpt":{"rendered":"<p>Are you looking for a spirited and spontaneous way to connect with new people online? Rabbit Video Chat delivers a chatroulette-style experience, pairing you with strangers from across the globe for fun face-to-face encounters. Below, we explore Rabbit Video Chat\u2019s standout features, how it differs from other random chat sites, and why it\u2019s a go-to [&hellip;]<\/p>\n","protected":false},"author":6,"featured_media":0,"parent":0,"menu_order":0,"comment_status":"closed","ping_status":"closed","template":"","meta":{"footnotes":""},"class_list":["post-12587","page","type-page","status-publish","hentry"],"yoast_head":"<!-- This site is optimized with the Yoast SEO plugin v26.9 - https:\/\/yoast.com\/product\/yoast-seo-wordpress\/ -->\n<title>Rabbit Video Chat - Free Video Chat Rooms - StrangerCam.com<\/title>\n<meta name=\"description\" content=\"Discover Chamet, the ultimate online platform connecting you to free video chat rooms and live streams. Join Chamet today!\" \/>\n<meta name=\"robots\" content=\"index, follow, max-snippet:-1, max-image-preview:large, max-video-preview:-1\" \/>\n<link rel=\"canonical\" href=\"https:\/\/strangercam.com\/pt-br\/rabbit-video-chat\/\" \/>\n<meta property=\"og:locale\" content=\"pt_BR\" \/>\n<meta property=\"og:type\" content=\"article\" \/>\n<meta property=\"og:title\" content=\"Rabbit Video Chat - Free Video Chat Rooms - StrangerCam.com\" \/>\n<meta property=\"og:description\" content=\"Discover Chamet, the ultimate online platform connecting you to free video chat rooms and live streams. Join Chamet today!\" \/>\n<meta property=\"og:url\" content=\"https:\/\/strangercam.com\/pt-br\/rabbit-video-chat\/\" \/>\n<meta property=\"og:site_name\" content=\"Strangercam\" \/>\n<meta property=\"article:publisher\" content=\"https:\/\/www.facebook.com\/strangercam\" \/>\n<meta property=\"article:modified_time\" content=\"2025-02-04T07:36:39+00:00\" \/>\n<meta property=\"og:image\" content=\"https:\/\/strangercam.com\/wp-content\/uploads\/2021\/10\/Untitled-2.png\" \/>\n\t<meta property=\"og:image:width\" content=\"800\" \/>\n\t<meta property=\"og:image:height\" content=\"532\" \/>\n\t<meta property=\"og:image:type\" content=\"image\/png\" \/>\n<meta name=\"twitter:card\" content=\"summary_large_image\" \/>\n<meta name=\"twitter:site\" content=\"@strangercamapp\" \/>\n<meta name=\"twitter:label1\" content=\"Est. tempo de leitura\" \/>\n\t<meta name=\"twitter:data1\" content=\"4 minutos\" \/>\n<script type=\"application\/ld+json\" class=\"yoast-schema-graph\">{\"@context\":\"https:\/\/schema.org\",\"@graph\":[{\"@type\":\"WebPage\",\"@id\":\"https:\/\/strangercam.com\/rabbit-video-chat\/\",\"url\":\"https:\/\/strangercam.com\/rabbit-video-chat\/\",\"name\":\"Rabbit Video Chat - Free Video Chat Rooms - StrangerCam.com\",\"isPartOf\":{\"@id\":\"https:\/\/strangercam.com\/#website\"},\"datePublished\":\"2024-11-08T10:02:12+00:00\",\"dateModified\":\"2025-02-04T07:36:39+00:00\",\"description\":\"Discover Chamet, the ultimate online platform connecting you to free video chat rooms and live streams. Join Chamet today!\",\"breadcrumb\":{\"@id\":\"https:\/\/strangercam.com\/rabbit-video-chat\/#breadcrumb\"},\"inLanguage\":\"pt-BR\",\"potentialAction\":[{\"@type\":\"ReadAction\",\"target\":[\"https:\/\/strangercam.com\/rabbit-video-chat\/\"]}]},{\"@type\":\"BreadcrumbList\",\"@id\":\"https:\/\/strangercam.com\/rabbit-video-chat\/#breadcrumb\",\"itemListElement\":[{\"@type\":\"ListItem\",\"position\":1,\"name\":\"Home\",\"item\":\"https:\/\/strangercam.com\/\"},{\"@type\":\"ListItem\",\"position\":2,\"name\":\"Rabbit Video Chat\"}]},{\"@type\":\"WebSite\",\"@id\":\"https:\/\/strangercam.com\/#website\",\"url\":\"https:\/\/strangercam.com\/\",\"name\":\"Strangercam\",\"description\":\"Random Video Chat with Strangers\",\"publisher\":{\"@id\":\"https:\/\/strangercam.com\/#organization\"},\"alternateName\":\"Strangercam.com\",\"potentialAction\":[{\"@type\":\"SearchAction\",\"target\":{\"@type\":\"EntryPoint\",\"urlTemplate\":\"https:\/\/strangercam.com\/?s={search_term_string}\"},\"query-input\":{\"@type\":\"PropertyValueSpecification\",\"valueRequired\":true,\"valueName\":\"search_term_string\"}}],\"inLanguage\":\"pt-BR\"},{\"@type\":\"Organization\",\"@id\":\"https:\/\/strangercam.com\/#organization\",\"name\":\"Strangercam\",\"alternateName\":\"Strangercam.com\",\"url\":\"https:\/\/strangercam.com\/\",\"logo\":{\"@type\":\"ImageObject\",\"inLanguage\":\"pt-BR\",\"@id\":\"https:\/\/strangercam.com\/#\/schema\/logo\/image\/\",\"url\":\"https:\/\/strangercam.com\/wp-content\/uploads\/2020\/11\/cropped-new-favicon-black.png\",\"contentUrl\":\"https:\/\/strangercam.com\/wp-content\/uploads\/2020\/11\/cropped-new-favicon-black.png\",\"width\":512,\"height\":512,\"caption\":\"Strangercam\"},\"image\":{\"@id\":\"https:\/\/strangercam.com\/#\/schema\/logo\/image\/\"},\"sameAs\":[\"https:\/\/www.facebook.com\/strangercam\",\"https:\/\/x.com\/strangercamapp\"]}]}<\/script>\n<!-- \/ Yoast SEO plugin. -->","yoast_head_json":{"title":"Rabbit Video Chat - Salas de bate-papo por v\u00eddeo gratuitas - StrangerCam.com","description":"Descubra Chamet, a plataforma on-line definitiva que conecta voc\u00ea a salas de bate-papo por v\u00eddeo e transmiss\u00f5es ao vivo gratuitas. Entre no Chamet hoje mesmo!","robots":{"index":"index","follow":"follow","max-snippet":"max-snippet:-1","max-image-preview":"max-image-preview:large","max-video-preview":"max-video-preview:-1"},"canonical":"https:\/\/strangercam.com\/pt-br\/rabbit-video-chat\/","og_locale":"pt_BR","og_type":"article","og_title":"Rabbit Video Chat - Free Video Chat Rooms - StrangerCam.com","og_description":"Discover Chamet, the ultimate online platform connecting you to free video chat rooms and live streams. Join Chamet today!","og_url":"https:\/\/strangercam.com\/pt-br\/rabbit-video-chat\/","og_site_name":"Strangercam","article_publisher":"https:\/\/www.facebook.com\/strangercam","article_modified_time":"2025-02-04T07:36:39+00:00","og_image":[{"width":800,"height":532,"url":"https:\/\/strangercam.com\/wp-content\/uploads\/2021\/10\/Untitled-2.png","type":"image\/png"}],"twitter_card":"summary_large_image","twitter_site":"@strangercamapp","twitter_misc":{"Est. tempo de leitura":"4 minutos"},"schema":{"@context":"https:\/\/schema.org","@graph":[{"@type":"WebPage","@id":"https:\/\/strangercam.com\/rabbit-video-chat\/","url":"https:\/\/strangercam.com\/rabbit-video-chat\/","name":"Rabbit Video Chat - Salas de bate-papo por v\u00eddeo gratuitas - StrangerCam.com","isPartOf":{"@id":"https:\/\/strangercam.com\/#website"},"datePublished":"2024-11-08T10:02:12+00:00","dateModified":"2025-02-04T07:36:39+00:00","description":"Descubra Chamet, a plataforma on-line definitiva que conecta voc\u00ea a salas de bate-papo por v\u00eddeo e transmiss\u00f5es ao vivo gratuitas. Entre no Chamet hoje mesmo!","breadcrumb":{"@id":"https:\/\/strangercam.com\/rabbit-video-chat\/#breadcrumb"},"inLanguage":"pt-BR","potentialAction":[{"@type":"ReadAction","target":["https:\/\/strangercam.com\/rabbit-video-chat\/"]}]},{"@type":"BreadcrumbList","@id":"https:\/\/strangercam.com\/rabbit-video-chat\/#breadcrumb","itemListElement":[{"@type":"ListItem","position":1,"name":"Home","item":"https:\/\/strangercam.com\/"},{"@type":"ListItem","position":2,"name":"Rabbit Video Chat"}]},{"@type":"WebSite","@id":"https:\/\/strangercam.com\/#website","url":"https:\/\/strangercam.com\/","name":"Strangercam","description":"Bate-papo por v\u00eddeo aleat\u00f3rio com estranhos","publisher":{"@id":"https:\/\/strangercam.com\/#organization"},"alternateName":"Strangercam.com","potentialAction":[{"@type":"SearchAction","target":{"@type":"EntryPoint","urlTemplate":"https:\/\/strangercam.com\/?s={search_term_string}"},"query-input":{"@type":"PropertyValueSpecification","valueRequired":true,"valueName":"search_term_string"}}],"inLanguage":"pt-BR"},{"@type":"Organization","@id":"https:\/\/strangercam.com\/#organization","name":"Strangercam","alternateName":"Strangercam.com","url":"https:\/\/strangercam.com\/","logo":{"@type":"ImageObject","inLanguage":"pt-BR","@id":"https:\/\/strangercam.com\/#\/schema\/logo\/image\/","url":"https:\/\/strangercam.com\/wp-content\/uploads\/2020\/11\/cropped-new-favicon-black.png","contentUrl":"https:\/\/strangercam.com\/wp-content\/uploads\/2020\/11\/cropped-new-favicon-black.png","width":512,"height":512,"caption":"Strangercam"},"image":{"@id":"https:\/\/strangercam.com\/#\/schema\/logo\/image\/"},"sameAs":["https:\/\/www.facebook.com\/strangercam","https:\/\/x.com\/strangercamapp"]}]}},"_links":{"self":[{"href":"https:\/\/strangercam.com\/pt-br\/wp-json\/wp\/v2\/pages\/12587","targetHints":{"allow":["GET"]}}],"collection":[{"href":"https:\/\/strangercam.com\/pt-br\/wp-json\/wp\/v2\/pages"}],"about":[{"href":"https:\/\/strangercam.com\/pt-br\/wp-json\/wp\/v2\/types\/page"}],"author":[{"embeddable":true,"href":"https:\/\/strangercam.com\/pt-br\/wp-json\/wp\/v2\/users\/6"}],"replies":[{"embeddable":true,"href":"https:\/\/strangercam.com\/pt-br\/wp-json\/wp\/v2\/comments?post=12587"}],"version-history":[{"count":3,"href":"https:\/\/strangercam.com\/pt-br\/wp-json\/wp\/v2\/pages\/12587\/revisions"}],"predecessor-version":[{"id":12689,"href":"https:\/\/strangercam.com\/pt-br\/wp-json\/wp\/v2\/pages\/12587\/revisions\/12689"}],"wp:attachment":[{"href":"https:\/\/strangercam.com\/pt-br\/wp-json\/wp\/v2\/media?parent=12587"}],"curies":[{"name":"wp","href":"https:\/\/api.w.org\/{rel}","templated":true}]}}