{"id":12565,"date":"2024-10-07T10:40:10","date_gmt":"2024-10-07T08:40:10","guid":{"rendered":"https:\/\/strangercam.com\/?page_id=12565"},"modified":"2025-02-04T09:34:08","modified_gmt":"2025-02-04T07:34:08","slug":"chamine","status":"publish","type":"page","link":"https:\/\/strangercam.com\/pt-br\/chamet\/","title":{"rendered":"Chamet"},"content":{"rendered":"<p>Voc\u00ea est\u00e1 procurando um v\u00eddeo animado? <a href=\"https:\/\/strangercam.com\/pt-br\/chatroulette\/\">bate-papo<\/a> aplicativo para <a href=\"https:\/\/strangercam.com\/pt-br\/coomeet\/\">conhecer<\/a> novas pessoas, participar de conversas em tempo real ou simplesmente explorar novas culturas? O Chamet oferece uma plataforma interativa para chamadas de v\u00eddeo individuais, transmiss\u00f5es ao vivo e bate-papos em grupo, reunindo usu\u00e1rios de todo o mundo. Nesta vis\u00e3o geral detalhada, vamos nos aprofundar nos principais recursos do Chamet, como ele funciona e o que o diferencia de outros <a href=\"https:\/\/strangercam.com\/pt-br\/rabbit-video-chat\/\">bate-papo por v\u00eddeo<\/a> aplicativos no mercado.<\/p>\n<h2>O que \u00e9 Chamet?<\/h2>\n<p>Chamet \u00e9 um <strong>aplicativo de bate-papo por v\u00eddeo<\/strong> dispon\u00edvel em dispositivos iOS e Android. Seu foco principal \u00e9 ajudar os usu\u00e1rios:<\/p>\n<ul>\n<li><strong>Conhecer novas pessoas<\/strong>: Descubra novos rostos de todo o mundo.<\/li>\n<li><strong>Participe de bate-papos significativos<\/strong>: Inicie conversas por meio de chamadas de v\u00eddeo ao vivo ou sess\u00f5es em grupo.<\/li>\n<li><strong>Aproveite as tradu\u00e7\u00f5es em tempo real<\/strong>: Supere as barreiras do idioma e conecte-se com uma comunidade internacional.<\/li>\n<li><strong>Explore diversas culturas<\/strong>: Obter percep\u00e7\u00f5es sobre diferentes estilos de vida e origens.<\/li>\n<\/ul>\n<p>O Chamet combina a espontaneidade do bate-papo por v\u00eddeo aleat\u00f3rio com recursos f\u00e1ceis de usar, como etiquetas de interesse, presentes virtuais e moeda no aplicativo para aprimorar a experi\u00eancia geral.<\/p>\n<h2>Principais recursos<\/h2>\n<h3>1. Chamadas de v\u00eddeo ao vivo<\/h3>\n<p>O n\u00facleo do Chamet \u00e9 <strong>chats de v\u00eddeo individuais<\/strong> que permitem que voc\u00ea se conecte instantaneamente com novas pessoas. Voc\u00ea pode iniciar uma chamada com um simples toque e, se a conversa n\u00e3o despertar seu interesse, voc\u00ea pode seguir em frente e encontrar outra correspond\u00eancia rapidamente.<\/p>\n<h3>2. Correspond\u00eancia global<\/h3>\n<p>A Chamet combina voc\u00ea com usu\u00e1rios de v\u00e1rios pa\u00edses, garantindo uma verdadeira <strong>comunidade global<\/strong>. Isso \u00e9 perfeito para qualquer pessoa que queira praticar novos idiomas ou aprender sobre diferentes culturas em primeira m\u00e3o.<\/p>\n<h3>3. Tradu\u00e7\u00e3o em tempo real<\/h3>\n<p>Para romper as barreiras do idioma, o Chamet oferece um tradutor integrado que pode traduzir automaticamente as mensagens durante as chamadas com v\u00eddeo. Esse recurso ajuda a criar conversas mais tranquilas, independentemente de seu idioma nativo.<\/p>\n<h3>4. Transmiss\u00f5es ao vivo em grupo<\/h3>\n<p>Al\u00e9m das chamadas individuais, o Chamet tamb\u00e9m suporta transmiss\u00f5es ao vivo em grupo, em que v\u00e1rios usu\u00e1rios podem participar de uma \u201csala\u201d virtual. Os anfitri\u00f5es podem interagir com seu p\u00fablico, o que o torna ideal para:<\/p>\n<ul>\n<li><strong>Festas virtuais<\/strong><\/li>\n<li><strong>Sess\u00f5es de perguntas e respostas<\/strong><\/li>\n<li><strong>Grupos de interc\u00e2mbio de idiomas<\/strong><\/li>\n<li><strong>Encontros casuais com amigos<\/strong><\/li>\n<\/ul>\n<h3>5. Presentes virtuais e moeda no aplicativo<\/h3>\n<p>A Chamet incorpora uma economia virtual com <strong>moedas<\/strong>. Essas moedas podem ser usadas para enviar <strong>presentes virtuais<\/strong>-como adesivos e efeitos especiais - para os anfitri\u00f5es ou novos amigos. Os presentes adicionam uma camada de intera\u00e7\u00e3o e ajudam os usu\u00e1rios a se destacarem durante transmiss\u00f5es ao vivo lotadas.<\/p>\n<h2>Como funciona o Chamet<\/h2>\n<h3>1. Registro r\u00e1pido<\/h3>\n<p>Os usu\u00e1rios podem <strong>registrar-se<\/strong> por meio de v\u00e1rios m\u00e9todos, como:<\/p>\n<ul>\n<li>Verifica\u00e7\u00e3o do n\u00famero de telefone<\/li>\n<li>Contas de m\u00eddia social (como Facebook ou Google)<\/li>\n<\/ul>\n<p>Uma vez registrado, voc\u00ea pode criar um breve perfil e personaliz\u00e1-lo com fotos ou uma breve biografia.<\/p>\n<h3>2. Configura\u00e7\u00e3o e correspond\u00eancia de perfis<\/h3>\n<p>Depois de se inscrever, voc\u00ea tem a op\u00e7\u00e3o de:<\/p>\n<ul>\n<li><strong>Escolha as prefer\u00eancias<\/strong> (por exemplo, idiomas ou interesses)<\/li>\n<li><strong>Habilitar a descoberta baseada em localiza\u00e7\u00e3o<\/strong> para bate-papos mais localizados<\/li>\n<li><strong>Use tags de interesse<\/strong> para combinar com usu\u00e1rios que compartilham seus hobbies<\/li>\n<\/ul>\n<p>O algoritmo do Chamet ajuda voc\u00ea a se conectar com os usu\u00e1rios em tempo real.<\/p>\n<h3>3. Medidas de seguran\u00e7a no aplicativo<\/h3>\n<p>Antes do in\u00edcio de qualquer sess\u00e3o de v\u00eddeo, o Chamet oferece ferramentas b\u00e1sicas de modera\u00e7\u00e3o e verifica\u00e7\u00e3o para garantir que os usu\u00e1rios da plataforma sigam as diretrizes da comunidade.<\/p>\n<h2>Seguran\u00e7a e modera\u00e7\u00e3o<\/h2>\n<p><a href=\"https:\/\/strangercam.com\/pt-br\/chathub\/\">Bate-papo por v\u00eddeo aleat\u00f3rio<\/a> \u00c0s vezes, os aplicativos podem encontrar conte\u00fado inadequado ou prejudicial. A Chamet resolve isso:<\/p>\n<ul>\n<li><strong>Filtragem de conte\u00fado com tecnologia de IA<\/strong>: O sistema detecta automaticamente comportamentos expl\u00edcitos ou problem\u00e1ticos.<\/li>\n<li><strong>Den\u00fancias e bloqueios<\/strong>: Os usu\u00e1rios podem denunciar facilmente os infratores e bloque\u00e1-los de contatos futuros.<\/li>\n<li><strong>Diretrizes da comunidade<\/strong>: A Chamet aplica regras contra comportamento expl\u00edcito ou prejudicial, com poss\u00edvel suspens\u00e3o da conta em caso de viola\u00e7\u00f5es repetidas.<\/li>\n<\/ul>\n<h2>Pr\u00f3s e contras do Chamet<\/h2>\n<p>Como qualquer plataforma, o Chamet tem suas vantagens e desvantagens. Aqui est\u00e1 um resumo r\u00e1pido:<\/p>\n<table>\n<thead>\n<tr>\n<th>Pr\u00f3s<\/th>\n<th>Contras<\/th>\n<\/tr>\n<\/thead>\n<tbody>\n<tr>\n<td>\n<ul>\n<li>Tradu\u00e7\u00e3o em tempo real para eliminar barreiras lingu\u00edsticas<\/li>\n<li>Variedade de recursos, incluindo transmiss\u00f5es em grupo e presentes virtuais<\/li>\n<li>F\u00e1cil inscri\u00e7\u00e3o com v\u00e1rias op\u00e7\u00f5es de registro<\/li>\n<li>Forte base de usu\u00e1rios globais para intera\u00e7\u00f5es diversas<\/li>\n<li>Ferramentas de modera\u00e7\u00e3o incorporadas para conversas mais seguras<\/li>\n<\/ul>\n<\/td>\n<td>\n<ul>\n<li>Alguns recursos bloqueados por compras no aplicativo<\/li>\n<li>Possibilidade de encontrar conte\u00fado inadequado (embora moderado)<\/li>\n<li>Uso mais intenso de dados para chamadas com v\u00eddeo em HD<\/li>\n<li>A economia baseada em moedas pode incentivar gastos frequentes<\/li>\n<\/ul>\n<\/td>\n<\/tr>\n<\/tbody>\n<\/table>\n<h2>Dicas para tirar o m\u00e1ximo proveito do Chamet<\/h2>\n<h3>1. Complete seu perfil<\/h3>\n<p>Adicione uma foto de perfil clara e liste os interesses ou idiomas falados. Isso aumenta suas chances de iniciar conversas e criar um relacionamento.<\/p>\n<h3>2. Use a tradu\u00e7\u00e3o em tempo real com sabedoria<\/h3>\n<p>Pratique a escuta ativa e use o recurso de tradu\u00e7\u00e3o para entender as nuances. Isso torna suas chamadas com v\u00eddeo mais tranquilas e gratificantes.<\/p>\n<h3>3. Aproveite as vantagens das transmiss\u00f5es ao vivo em grupo<\/h3>\n<p>Participe ou organize uma sess\u00e3o de grupo sobre um t\u00f3pico que voc\u00ea adora. \u00c9 uma \u00f3tima maneira de encontrar usu\u00e1rios que pensam da mesma forma e de estimular discuss\u00f5es animadas.<\/p>\n<h3>4. Fique seguro on-line<\/h3>\n<ul>\n<li>Evite compartilhar informa\u00e7\u00f5es pessoais (endere\u00e7o, detalhes financeiros) em fluxos p\u00fablicos.<\/li>\n<li>Comunique imediatamente qualquer comportamento suspeito ou ofensivo.<\/li>\n<\/ul>\n<h2>Compara\u00e7\u00f5es com outros aplicativos de bate-papo por v\u00eddeo<\/h2>\n<p>O Chamet compete em um mercado concorrido ao lado de aplicativos populares de bate-papo com v\u00eddeo aleat\u00f3rio. Ele se diferencia por:<\/p>\n<ul>\n<li><strong>Tradu\u00e7\u00f5es em tempo real<\/strong>: Tornando as conversas interculturais mais f\u00e1ceis.<\/li>\n<li><strong>Transmiss\u00f5es ao vivo em grupo<\/strong>: Permitir intera\u00e7\u00f5es com v\u00e1rios usu\u00e1rios, enquanto muitos aplicativos aleat\u00f3rios se limitam a chamadas individuais.<\/li>\n<li><strong>Presentes virtuais interativos<\/strong>: Fornecer uma maneira divertida de demonstrar apre\u00e7o ou se destacar dos outros espectadores.<\/li>\n<\/ul>\n<h2>Conclus\u00e3o<\/h2>\n<p>Chamet se destaca no aplicativo de bate-papo por v\u00eddeo <a href=\"https:\/\/strangercam.com\/pt-br\/mocospace\/\">espa\u00e7o<\/a> combinando uma comunidade global com recursos interativos, como tradu\u00e7\u00f5es ao vivo, presentes virtuais e transmiss\u00f5es em grupo. Se voc\u00ea deseja fazer amigos em outros continentes, aprimorar suas habilidades lingu\u00edsticas ou simplesmente experimentar um novo tipo de intera\u00e7\u00e3o social, o Chamet oferece v\u00e1rias maneiras de se conectar em tempo real.<br \/>\nAo enfatizar a seguran\u00e7a e a divers\u00e3o, o Chamet atrai uma ampla base de usu\u00e1rios - de conversadores casuais a entusiastas da m\u00eddia social que buscam uma forma mais pessoal de intera\u00e7\u00e3o on-line. Se estiver pronto para embarcar em novas amizades digitais e explorar culturas virtuais em todo o mundo, experimente o Chamet e veja quem est\u00e1 esperando do outro lado da sua pr\u00f3xima chamada de v\u00eddeo.<\/p>","protected":false},"excerpt":{"rendered":"<p>Are you searching for a lively video chat app to meet new people, engage in real-time conversations, or simply explore new cultures? Chamet offers an interactive platform for one-on-one video calls, live streams, and group chats, bringing users together across the globe. In this detailed overview, we\u2019ll delve into Chamet\u2019s key features, how it works, [&hellip;]<\/p>\n","protected":false},"author":6,"featured_media":0,"parent":0,"menu_order":0,"comment_status":"closed","ping_status":"closed","template":"","meta":{"footnotes":""},"class_list":["post-12565","page","type-page","status-publish","hentry"],"yoast_head":"<!-- This site is optimized with the Yoast SEO plugin v27.4 - https:\/\/yoast.com\/product\/yoast-seo-wordpress\/ -->\n<title>Chamet - Global Video Connections &amp; Chat - StrangerCam.com<\/title>\n<meta name=\"description\" content=\"Discover Chamet, the ultimate online platform connecting you to free video chat rooms and live streams. Join Chamet today!\" \/>\n<meta name=\"robots\" content=\"index, follow, max-snippet:-1, max-image-preview:large, max-video-preview:-1\" \/>\n<link rel=\"canonical\" href=\"https:\/\/strangercam.com\/pt-br\/chamine\/\" \/>\n<meta property=\"og:locale\" content=\"pt_BR\" \/>\n<meta property=\"og:type\" content=\"article\" \/>\n<meta property=\"og:title\" content=\"Chamet - Global Video Connections &amp; Chat - StrangerCam.com\" \/>\n<meta property=\"og:description\" content=\"Discover Chamet, the ultimate online platform connecting you to free video chat rooms and live streams. Join Chamet today!\" \/>\n<meta property=\"og:url\" content=\"https:\/\/strangercam.com\/pt-br\/chamine\/\" \/>\n<meta property=\"og:site_name\" content=\"Strangercam\" \/>\n<meta property=\"article:publisher\" content=\"https:\/\/www.facebook.com\/strangercam\" \/>\n<meta property=\"article:modified_time\" content=\"2025-02-04T07:34:08+00:00\" \/>\n<meta property=\"og:image\" content=\"https:\/\/strangercam.com\/wp-content\/uploads\/2021\/10\/Untitled-2.png\" \/>\n\t<meta property=\"og:image:width\" content=\"800\" \/>\n\t<meta property=\"og:image:height\" content=\"532\" \/>\n\t<meta property=\"og:image:type\" content=\"image\/png\" \/>\n<meta name=\"twitter:card\" content=\"summary_large_image\" \/>\n<meta name=\"twitter:site\" content=\"@strangercamapp\" \/>\n<meta name=\"twitter:label1\" content=\"Est. tempo de leitura\" \/>\n\t<meta name=\"twitter:data1\" content=\"4 minutos\" \/>\n<script type=\"application\/ld+json\" class=\"yoast-schema-graph\">{\"@context\":\"https:\\\/\\\/schema.org\",\"@graph\":[{\"@type\":\"WebPage\",\"@id\":\"https:\\\/\\\/strangercam.com\\\/chamet\\\/\",\"url\":\"https:\\\/\\\/strangercam.com\\\/chamet\\\/\",\"name\":\"Chamet - Global Video Connections & Chat - StrangerCam.com\",\"isPartOf\":{\"@id\":\"https:\\\/\\\/strangercam.com\\\/#website\"},\"datePublished\":\"2024-10-07T08:40:10+00:00\",\"dateModified\":\"2025-02-04T07:34:08+00:00\",\"description\":\"Discover Chamet, the ultimate online platform connecting you to free video chat rooms and live streams. Join Chamet today!\",\"breadcrumb\":{\"@id\":\"https:\\\/\\\/strangercam.com\\\/chamet\\\/#breadcrumb\"},\"inLanguage\":\"pt-BR\",\"potentialAction\":[{\"@type\":\"ReadAction\",\"target\":[\"https:\\\/\\\/strangercam.com\\\/chamet\\\/\"]}]},{\"@type\":\"BreadcrumbList\",\"@id\":\"https:\\\/\\\/strangercam.com\\\/chamet\\\/#breadcrumb\",\"itemListElement\":[{\"@type\":\"ListItem\",\"position\":1,\"name\":\"Home\",\"item\":\"https:\\\/\\\/strangercam.com\\\/\"},{\"@type\":\"ListItem\",\"position\":2,\"name\":\"Chamet\"}]},{\"@type\":\"WebSite\",\"@id\":\"https:\\\/\\\/strangercam.com\\\/#website\",\"url\":\"https:\\\/\\\/strangercam.com\\\/\",\"name\":\"Strangercam\",\"description\":\"Random Video Chat with Strangers\",\"publisher\":{\"@id\":\"https:\\\/\\\/strangercam.com\\\/#organization\"},\"alternateName\":\"Strangercam.com\",\"potentialAction\":[{\"@type\":\"SearchAction\",\"target\":{\"@type\":\"EntryPoint\",\"urlTemplate\":\"https:\\\/\\\/strangercam.com\\\/?s={search_term_string}\"},\"query-input\":{\"@type\":\"PropertyValueSpecification\",\"valueRequired\":true,\"valueName\":\"search_term_string\"}}],\"inLanguage\":\"pt-BR\"},{\"@type\":\"Organization\",\"@id\":\"https:\\\/\\\/strangercam.com\\\/#organization\",\"name\":\"Strangercam\",\"alternateName\":\"Strangercam.com\",\"url\":\"https:\\\/\\\/strangercam.com\\\/\",\"logo\":{\"@type\":\"ImageObject\",\"inLanguage\":\"pt-BR\",\"@id\":\"https:\\\/\\\/strangercam.com\\\/#\\\/schema\\\/logo\\\/image\\\/\",\"url\":\"https:\\\/\\\/strangercam.com\\\/wp-content\\\/uploads\\\/2020\\\/11\\\/cropped-new-favicon-black.png\",\"contentUrl\":\"https:\\\/\\\/strangercam.com\\\/wp-content\\\/uploads\\\/2020\\\/11\\\/cropped-new-favicon-black.png\",\"width\":512,\"height\":512,\"caption\":\"Strangercam\"},\"image\":{\"@id\":\"https:\\\/\\\/strangercam.com\\\/#\\\/schema\\\/logo\\\/image\\\/\"},\"sameAs\":[\"https:\\\/\\\/www.facebook.com\\\/strangercam\",\"https:\\\/\\\/x.com\\\/strangercamapp\"]}]}<\/script>\n<!-- \/ Yoast SEO plugin. -->","yoast_head_json":{"title":"Chamet - Conex\u00f5es de v\u00eddeo globais e bate-papo - StrangerCam.com","description":"Descubra Chamet, a plataforma on-line definitiva que conecta voc\u00ea a salas de bate-papo por v\u00eddeo e transmiss\u00f5es ao vivo gratuitas. Entre no Chamet hoje mesmo!","robots":{"index":"index","follow":"follow","max-snippet":"max-snippet:-1","max-image-preview":"max-image-preview:large","max-video-preview":"max-video-preview:-1"},"canonical":"https:\/\/strangercam.com\/pt-br\/chamine\/","og_locale":"pt_BR","og_type":"article","og_title":"Chamet - Global Video Connections & Chat - StrangerCam.com","og_description":"Discover Chamet, the ultimate online platform connecting you to free video chat rooms and live streams. Join Chamet today!","og_url":"https:\/\/strangercam.com\/pt-br\/chamine\/","og_site_name":"Strangercam","article_publisher":"https:\/\/www.facebook.com\/strangercam","article_modified_time":"2025-02-04T07:34:08+00:00","og_image":[{"width":800,"height":532,"url":"https:\/\/strangercam.com\/wp-content\/uploads\/2021\/10\/Untitled-2.png","type":"image\/png"}],"twitter_card":"summary_large_image","twitter_site":"@strangercamapp","twitter_misc":{"Est. tempo de leitura":"4 minutos"},"schema":{"@context":"https:\/\/schema.org","@graph":[{"@type":"WebPage","@id":"https:\/\/strangercam.com\/chamet\/","url":"https:\/\/strangercam.com\/chamet\/","name":"Chamet - Conex\u00f5es de v\u00eddeo globais e bate-papo - StrangerCam.com","isPartOf":{"@id":"https:\/\/strangercam.com\/#website"},"datePublished":"2024-10-07T08:40:10+00:00","dateModified":"2025-02-04T07:34:08+00:00","description":"Descubra Chamet, a plataforma on-line definitiva que conecta voc\u00ea a salas de bate-papo por v\u00eddeo e transmiss\u00f5es ao vivo gratuitas. Entre no Chamet hoje mesmo!","breadcrumb":{"@id":"https:\/\/strangercam.com\/chamet\/#breadcrumb"},"inLanguage":"pt-BR","potentialAction":[{"@type":"ReadAction","target":["https:\/\/strangercam.com\/chamet\/"]}]},{"@type":"BreadcrumbList","@id":"https:\/\/strangercam.com\/chamet\/#breadcrumb","itemListElement":[{"@type":"ListItem","position":1,"name":"Home","item":"https:\/\/strangercam.com\/"},{"@type":"ListItem","position":2,"name":"Chamet"}]},{"@type":"WebSite","@id":"https:\/\/strangercam.com\/#website","url":"https:\/\/strangercam.com\/","name":"Strangercam","description":"Bate-papo por v\u00eddeo aleat\u00f3rio com estranhos","publisher":{"@id":"https:\/\/strangercam.com\/#organization"},"alternateName":"Strangercam.com","potentialAction":[{"@type":"SearchAction","target":{"@type":"EntryPoint","urlTemplate":"https:\/\/strangercam.com\/?s={search_term_string}"},"query-input":{"@type":"PropertyValueSpecification","valueRequired":true,"valueName":"search_term_string"}}],"inLanguage":"pt-BR"},{"@type":"Organization","@id":"https:\/\/strangercam.com\/#organization","name":"Strangercam","alternateName":"Strangercam.com","url":"https:\/\/strangercam.com\/","logo":{"@type":"ImageObject","inLanguage":"pt-BR","@id":"https:\/\/strangercam.com\/#\/schema\/logo\/image\/","url":"https:\/\/strangercam.com\/wp-content\/uploads\/2020\/11\/cropped-new-favicon-black.png","contentUrl":"https:\/\/strangercam.com\/wp-content\/uploads\/2020\/11\/cropped-new-favicon-black.png","width":512,"height":512,"caption":"Strangercam"},"image":{"@id":"https:\/\/strangercam.com\/#\/schema\/logo\/image\/"},"sameAs":["https:\/\/www.facebook.com\/strangercam","https:\/\/x.com\/strangercamapp"]}]}},"_links":{"self":[{"href":"https:\/\/strangercam.com\/pt-br\/wp-json\/wp\/v2\/pages\/12565","targetHints":{"allow":["GET"]}}],"collection":[{"href":"https:\/\/strangercam.com\/pt-br\/wp-json\/wp\/v2\/pages"}],"about":[{"href":"https:\/\/strangercam.com\/pt-br\/wp-json\/wp\/v2\/types\/page"}],"author":[{"embeddable":true,"href":"https:\/\/strangercam.com\/pt-br\/wp-json\/wp\/v2\/users\/6"}],"replies":[{"embeddable":true,"href":"https:\/\/strangercam.com\/pt-br\/wp-json\/wp\/v2\/comments?post=12565"}],"version-history":[{"count":2,"href":"https:\/\/strangercam.com\/pt-br\/wp-json\/wp\/v2\/pages\/12565\/revisions"}],"predecessor-version":[{"id":12688,"href":"https:\/\/strangercam.com\/pt-br\/wp-json\/wp\/v2\/pages\/12565\/revisions\/12688"}],"wp:attachment":[{"href":"https:\/\/strangercam.com\/pt-br\/wp-json\/wp\/v2\/media?parent=12565"}],"curies":[{"name":"wp","href":"https:\/\/api.w.org\/{rel}","templated":true}]}}