{"id":12559,"date":"2024-09-30T14:05:14","date_gmt":"2024-09-30T12:05:14","guid":{"rendered":"https:\/\/strangercam.com\/?page_id=12559"},"modified":"2025-06-16T13:32:29","modified_gmt":"2025-06-16T11:32:29","slug":"shagle","status":"publish","type":"page","link":"https:\/\/strangercam.com\/pt-br\/shagle\/","title":{"rendered":"Shagle"},"content":{"rendered":"<p>Em um mundo cada vez mais conectado, o desejo de <a href=\"https:\/\/strangercam.com\/pt-br\/coomeet\/\">conhecer<\/a> A necessidade de conhecer novas pessoas e culturas diferentes cresceu significativamente. O Shagle atende a essa necessidade fornecendo uma plataforma que conecta os usu\u00e1rios por meio de bate-papos por v\u00eddeo aleat\u00f3rios em todo o mundo. Oferecendo recursos como filtros de g\u00eanero e local, m\u00e1scaras virtuais e uma interface amig\u00e1vel, o Shagle facilita intera\u00e7\u00f5es espont\u00e2neas e interc\u00e2mbios culturais em tempo real. Esta avalia\u00e7\u00e3o fornece uma an\u00e1lise detalhada dos recursos do Shagle, da experi\u00eancia do usu\u00e1rio, das op\u00e7\u00f5es de pre\u00e7o, das medidas de seguran\u00e7a e de sua posi\u00e7\u00e3o em rela\u00e7\u00e3o aos concorrentes.<\/p>\n<h2>Vis\u00e3o geral do Shagle<\/h2>\n<p>Lan\u00e7ado em 2017, o Shagle tornou-se rapidamente um participante de destaque no setor de v\u00eddeo on-line <a href=\"https:\/\/strangercam.com\/pt-br\/chatroulette\/\">bate-papo<\/a> plataformas. Ele foi criado para permitir que os usu\u00e1rios se conectem instantaneamente com estranhos em todo o mundo, promovendo uma comunidade global de indiv\u00edduos que buscam novas amizades, pr\u00e1tica do idioma ou simplesmente conversas envolventes. Com milh\u00f5es de usu\u00e1rios em v\u00e1rios pa\u00edses, o Shagle oferece um ambiente diversificado e din\u00e2mico para intera\u00e7\u00f5es em tempo real.<\/p>\n<h2>Principais recursos<\/h2>\n<h3>Random Video Chat com Estranhos<\/h3>\n<p>No cora\u00e7\u00e3o do Shagle est\u00e1 sua <a href=\"https:\/\/strangercam.com\/pt-br\/chathub\/\">bate-papo por v\u00eddeo aleat\u00f3rio<\/a> Funcionalidade. Os usu\u00e1rios s\u00e3o emparelhados aleatoriamente com outras pessoas de todo o mundo, o que permite conversas espont\u00e2neas e empolgantes. Esse recurso funciona sem problemas, fornecendo fluxos de v\u00eddeo e \u00e1udio de alta qualidade para garantir uma experi\u00eancia envolvente.<\/p>\n<h3>Filtros de g\u00eanero e localiza\u00e7\u00e3o<\/h3>\n<p>Para personalizar as intera\u00e7\u00f5es, o Shagle oferece filtros de g\u00eanero e localiza\u00e7\u00e3o:<\/p>\n<ul>\n<li><strong>Filtros de g\u00eanero<\/strong>: Os usu\u00e1rios podem optar por conversar com pessoas de um g\u00eanero espec\u00edfico, adaptando a experi\u00eancia \u00e0s suas prefer\u00eancias.<\/li>\n<li><strong>Filtros de localiza\u00e7\u00e3o<\/strong>: Permite que os usu\u00e1rios se conectem com pessoas de determinados pa\u00edses, facilitando o interc\u00e2mbio cultural ou a pr\u00e1tica do idioma.<\/li>\n<\/ul>\n<p>Esses filtros aumentam a relev\u00e2ncia das correspond\u00eancias e melhoram a satisfa\u00e7\u00e3o do usu\u00e1rio.<\/p>\n<h3>M\u00e1scaras virtuais<\/h3>\n<p>Entendendo que alguns usu\u00e1rios podem preferir o anonimato, o Shagle fornece m\u00e1scaras virtuais:<\/p>\n<ul>\n<li><strong>Op\u00e7\u00f5es de anonimato<\/strong>: Os usu\u00e1rios podem sobrepor m\u00e1scaras digitais em seus rostos durante os bate-papos por v\u00eddeo, adicionando uma camada de privacidade.<\/li>\n<li><strong>Divertido e envolvente<\/strong>: As m\u00e1scaras tamb\u00e9m podem tornar as conversas mais divertidas e ajudar os usu\u00e1rios a se sentirem mais confort\u00e1veis.<\/li>\n<\/ul>\n<h3>Op\u00e7\u00e3o de bate-papo por texto<\/h3>\n<p>Para os usu\u00e1rios que n\u00e3o t\u00eam acesso a uma webcam ou que preferem n\u00e3o usar v\u00eddeo, o Shagle oferece uma op\u00e7\u00e3o de texto <a href=\"https:\/\/strangercam.com\/pt-br\/chat-alternative\/\">alternativa de bate-papo<\/a>:<\/p>\n<ul>\n<li><strong>Flexibilidade<\/strong>: Alterne entre os modos de bate-papo com v\u00eddeo e texto sem problemas.<\/li>\n<li><strong>Acessibilidade<\/strong>: Garante que os usu\u00e1rios ainda possam se conectar e se comunicar sem v\u00eddeo.<\/li>\n<\/ul>\n<h3>Compatibilidade com dispositivos m\u00f3veis<\/h3>\n<p>A Shagle reconhece a import\u00e2ncia da acessibilidade e oferece:<\/p>\n<ul>\n<li><strong>Site compat\u00edvel com dispositivos m\u00f3veis<\/strong>: A plataforma \u00e9 otimizada para uso em smartphones e tablets por meio de navegadores da Web.<\/li>\n<li><strong>N\u00e3o \u00e9 necess\u00e1rio aplicativo<\/strong>: Os usu\u00e1rios podem acessar todos os recursos sem fazer download de um aplicativo separado.<\/li>\n<\/ul>\n<h2>Experi\u00eancia do usu\u00e1rio<\/h2>\n<h3>Interface e design<\/h3>\n<p>O Shagle apresenta uma interface limpa e intuitiva:<\/p>\n<ul>\n<li><strong>Navega\u00e7\u00e3o f\u00e1cil<\/strong>: Layout simples com recursos claramente identificados.<\/li>\n<li><strong>Acesso r\u00e1pido<\/strong>: Os usu\u00e1rios podem come\u00e7ar a conversar com apenas alguns cliques.<\/li>\n<li><strong>Est\u00e9tica moderna<\/strong>: O design \u00e9 contempor\u00e2neo e visualmente atraente.<\/li>\n<\/ul>\n<h3>Processo de registro<\/h3>\n<p>O Shagle permite que os usu\u00e1rios comecem a usar a plataforma sem registro obrigat\u00f3rio:<\/p>\n<ul>\n<li><strong>N\u00e3o \u00e9 necess\u00e1rio se inscrever<\/strong>: Acesso imediato aos recursos b\u00e1sicos.<\/li>\n<li><strong>Cria\u00e7\u00e3o de conta opcional<\/strong>: Os usu\u00e1rios podem se registrar para acessar recursos adicionais ou salvar prefer\u00eancias.<\/li>\n<li><strong>Com foco na privacidade<\/strong>: \u00c9 necess\u00e1rio um m\u00ednimo de informa\u00e7\u00f5es pessoais, o que aumenta a privacidade do usu\u00e1rio.<\/li>\n<\/ul>\n<h3>Desempenho e confiabilidade<\/h3>\n<p>O Shagle foi projetado para proporcionar um desempenho ideal:<\/p>\n<ul>\n<li><strong>Streaming de alta qualidade<\/strong>: Oferece qualidade de v\u00eddeo e \u00e1udio confi\u00e1vel.<\/li>\n<li><strong>Conex\u00f5es r\u00e1pidas<\/strong>: O emparelhamento r\u00e1pido com outros usu\u00e1rios reduz o tempo de espera.<\/li>\n<li><strong>Plataforma est\u00e1vel<\/strong>: O tempo m\u00ednimo de inatividade garante uma disponibilidade consistente.<\/li>\n<\/ul>\n<h2>Op\u00e7\u00f5es de pre\u00e7o e assinatura<\/h2>\n<p>Embora muitos dos recursos do Shagle estejam dispon\u00edveis gratuitamente, a plataforma oferece uma assinatura premium conhecida como <strong>Shagle Plus<\/strong> para usu\u00e1rios que buscam experi\u00eancias aprimoradas.<\/p>\n<h3>Recursos gratuitos<\/h3>\n<ul>\n<li><strong>Random Video Chat com Estranhos<\/strong>: Acesso ilimitado a chats de v\u00eddeo aleat\u00f3rios.<\/li>\n<li><strong>Filtro de g\u00eanero<\/strong>: Acesso b\u00e1sico \u00e0 sele\u00e7\u00e3o de g\u00eanero.<\/li>\n<li><strong>M\u00e1scaras virtuais<\/strong>: Uso de m\u00e1scaras virtuais durante os bate-papos.<\/li>\n<li><strong>Bate-papo por texto<\/strong>: Op\u00e7\u00e3o de participar de conversas baseadas em texto.<\/li>\n<\/ul>\n<h3>Benef\u00edcios do Shagle Plus<\/h3>\n<p>A assinatura do Shagle Plus desbloqueia recursos adicionais:<\/p>\n<ul>\n<li><strong>Filtros avan\u00e7ados de g\u00eanero<\/strong>: Op\u00e7\u00f5es de sele\u00e7\u00e3o mais precisas.<\/li>\n<li><strong>Filtros de localiza\u00e7\u00e3o<\/strong>: Capacidade de selecionar pa\u00edses espec\u00edficos para conex\u00f5es.<\/li>\n<li><strong>Experi\u00eancia sem an\u00fancios<\/strong>: Remo\u00e7\u00e3o de an\u00fancios para bate-papo ininterrupto.<\/li>\n<li><strong>M\u00e1scaras virtuais exclusivas<\/strong>: Acesso a uma variedade maior de m\u00e1scaras.<\/li>\n<li><strong>Recurso de reconex\u00e3o<\/strong>: Op\u00e7\u00e3o para se reconectar com usu\u00e1rios anteriores.<\/li>\n<\/ul>\n<h3>Planos de assinatura<\/h3>\n<p>O Shagle Plus oferece op\u00e7\u00f5es flex\u00edveis de assinatura:<\/p>\n<ul>\n<li><strong>Plano semanal<\/strong>: Ideal para uso de curto prazo ou teste.<\/li>\n<li><strong>Plano mensal<\/strong>: Custo-benef\u00edcio para usu\u00e1rios regulares.<\/li>\n<li><strong>Plano anual<\/strong>: Proporciona economias significativas para um compromisso de longo prazo.<\/li>\n<\/ul>\n<p>O pre\u00e7o \u00e9 competitivo e reflete o valor adicional proporcionado pelos recursos premium.<\/p>\n<h2>Pr\u00f3s e contras<\/h2>\n<h3>Pr\u00f3s<\/h3>\n<ul>\n<li><strong>Interface amig\u00e1vel ao usu\u00e1rio<\/strong>: O design simples e intuitivo aumenta a facilidade de uso.<\/li>\n<li><strong>Base de usu\u00e1rios global<\/strong>: Conecte-se com pessoas de todo o mundo.<\/li>\n<li><strong>Sem registro obrigat\u00f3rio<\/strong>: Acesso imediato aos recursos b\u00e1sicos sem registro.<\/li>\n<li><strong>Filtros flex\u00edveis<\/strong>: Os filtros de g\u00eanero e localiza\u00e7\u00e3o personalizam a experi\u00eancia.<\/li>\n<li><strong>Op\u00e7\u00f5es de anonimato<\/strong>: As m\u00e1scaras virtuais proporcionam privacidade e divers\u00e3o.<\/li>\n<\/ul>\n<h3>Contras<\/h3>\n<ul>\n<li><strong>Filtros gratuitos limitados<\/strong>: Os filtros avan\u00e7ados s\u00e3o restritos aos assinantes premium.<\/li>\n<li><strong>An\u00fancios<\/strong>: A vers\u00e3o gratuita inclui an\u00fancios que podem interromper a experi\u00eancia.<\/li>\n<li><strong>Possibilidade de conte\u00fado inapropriado<\/strong>: Os usu\u00e1rios podem encontrar comportamentos inadequados, apesar dos esfor\u00e7os de modera\u00e7\u00e3o.<\/li>\n<li><strong>Sem aplicativo m\u00f3vel dedicado<\/strong>: A falta de um aplicativo m\u00f3vel pode afetar a conveni\u00eancia de alguns usu\u00e1rios.<\/li>\n<\/ul>\n<h2>Seguran\u00e7a e privacidade do usu\u00e1rio<\/h2>\n<h3>Pol\u00edticas de modera\u00e7\u00e3o<\/h3>\n<p>A Shagle tem o compromisso de oferecer um ambiente seguro:<\/p>\n<ul>\n<li><strong>Modera\u00e7\u00e3o automatizada<\/strong>: Usa tecnologia para detectar e bloquear conte\u00fado inadequado.<\/li>\n<li><strong>Relat\u00f3rios de usu\u00e1rios<\/strong>: Permite que os usu\u00e1rios denunciem m\u00e1 conduta ou viola\u00e7\u00f5es.<\/li>\n<li><strong>Diretrizes da comunidade<\/strong>: S\u00e3o estabelecidas regras claras para promover intera\u00e7\u00f5es respeitosas.<\/li>\n<\/ul>\n<h3>Medidas de privacidade<\/h3>\n<ul>\n<li><strong>Prote\u00e7\u00e3o de dados<\/strong>: A conformidade com as leis de privacidade garante a seguran\u00e7a dos dados do usu\u00e1rio.<\/li>\n<li><strong>Uso an\u00f4nimo<\/strong>: Os usu\u00e1rios podem conversar sem revelar informa\u00e7\u00f5es pessoais.<\/li>\n<li><strong>Recursos de controle<\/strong>: Capacidade de desconectar, bloquear ou denunciar outros usu\u00e1rios.<\/li>\n<\/ul>\n<h3>Dicas de seguran\u00e7a para usu\u00e1rios<\/h3>\n<ul>\n<li><strong>Proteger informa\u00e7\u00f5es pessoais<\/strong>: Evite compartilhar detalhes confidenciais.<\/li>\n<li><strong>Use os filtros com sabedoria<\/strong>: Adapte as conex\u00f5es aos dados demogr\u00e1ficos preferidos.<\/li>\n<li><strong>Seja cauteloso<\/strong>: Confie nos instintos e desconecte-se de situa\u00e7\u00f5es inc\u00f4modas.<\/li>\n<li><strong>Denunciar viola\u00e7\u00f5es<\/strong>: Ajude a manter uma comunidade segura relatando problemas.<\/li>\n<\/ul>\n<h2>Compara\u00e7\u00e3o com os concorrentes<\/h2>\n<h3>Shagle vs. Omegle<\/h3>\n<ul>\n<li><strong>Recursos<\/strong>: O Shagle oferece filtros de g\u00eanero e localiza\u00e7\u00e3o, enquanto o <a href=\"https:\/\/strangercam.com\/pt-br\/omegle\/\">Omegle<\/a> tem op\u00e7\u00f5es de filtragem limitadas.<\/li>\n<li><strong>Interface do usu\u00e1rio<\/strong>: A interface do Shagle \u00e9 mais moderna e f\u00e1cil de usar.<\/li>\n<li><strong>Op\u00e7\u00f5es de anonimato<\/strong>: Ambas as plataformas permitem bate-papo an\u00f4nimo, mas o Shagle oferece m\u00e1scaras virtuais.<\/li>\n<\/ul>\n<h3>Shagle vs. Chatroulette<\/h3>\n<ul>\n<li><strong>Modera\u00e7\u00e3o<\/strong>: A Shagle emprega pol\u00edticas de modera\u00e7\u00e3o mais r\u00edgidas para reduzir o conte\u00fado inadequado.<\/li>\n<li><strong>Filtros<\/strong>: O Shagle oferece op\u00e7\u00f5es de filtragem mais avan\u00e7adas.<\/li>\n<li><strong>Recursos adicionais<\/strong>: As m\u00e1scaras virtuais e as op\u00e7\u00f5es de bate-papo por texto d\u00e3o uma vantagem ao Shagle.<\/li>\n<\/ul>\n<h3>Shagle vs. Chatrandom<\/h3>\n<ul>\n<li><strong>Base de usu\u00e1rios<\/strong>: Ambos t\u00eam grandes comunidades globais.<\/li>\n<li><strong>Recursos<\/strong>: O Chatrandom oferece v\u00e1rios modos de bate-papo, enquanto o Shagle se concentra em aprimorar a experi\u00eancia individual.<\/li>\n<li><strong>Op\u00e7\u00f5es Premium<\/strong>: Ambos oferecem assinaturas premium com benef\u00edcios semelhantes.<\/li>\n<\/ul>\n<h2>Conclus\u00e3o<\/h2>\n<p>O Shagle apresenta uma plataforma atraente para pessoas que desejam se conectar com outras por meio de bate-papos aleat\u00f3rios por v\u00eddeo. Sua \u00eanfase na experi\u00eancia do usu\u00e1rio, com recursos como filtros de g\u00eanero e localiza\u00e7\u00e3o, m\u00e1scaras virtuais e uma interface amig\u00e1vel, faz dela uma op\u00e7\u00e3o de destaque no mercado. Embora existam \u00e1reas para melhorias, como a expans\u00e3o de recursos gratuitos e o desenvolvimento de um aplicativo m\u00f3vel dedicado, o Shagle facilita efetivamente as conex\u00f5es globais e os interc\u00e2mbios culturais. Os usu\u00e1rios que procuram intera\u00e7\u00f5es espont\u00e2neas e a oportunidade de conhecer pessoas de diferentes partes do mundo achar\u00e3o o Shagle um recurso valioso.<\/p>","protected":false},"excerpt":{"rendered":"<p>In an increasingly connected world, the desire to meet new people and experience different cultures has grown significantly. Shagle addresses this need by providing a platform that connects users through random video chats globally. Offering features like gender and location filters, virtual masks, and a user-friendly interface, Shagle facilitates spontaneous interactions and cultural exchanges in [&hellip;]<\/p>\n","protected":false},"author":7,"featured_media":0,"parent":0,"menu_order":0,"comment_status":"closed","ping_status":"closed","template":"","meta":{"footnotes":""},"class_list":["post-12559","page","type-page","status-publish","hentry"],"yoast_head":"<!-- This site is optimized with the Yoast SEO plugin v26.9 - https:\/\/yoast.com\/product\/yoast-seo-wordpress\/ -->\n<title>Shagle - Alternatives &amp; Reviews of Chat Sites - StrangerCam<\/title>\n<meta name=\"description\" content=\"Discover the best Video Chat Sites, complete with ratings and reviews. Enjoy free cam chats that let you meet new people.\" \/>\n<meta name=\"robots\" content=\"index, follow, max-snippet:-1, max-image-preview:large, max-video-preview:-1\" \/>\n<link rel=\"canonical\" href=\"https:\/\/strangercam.com\/pt-br\/shagle\/\" \/>\n<meta property=\"og:locale\" content=\"pt_BR\" \/>\n<meta property=\"og:type\" content=\"article\" \/>\n<meta property=\"og:title\" content=\"Shagle - Alternatives &amp; Reviews of Chat Sites - StrangerCam\" \/>\n<meta property=\"og:description\" content=\"Discover the best Video Chat Sites, complete with ratings and reviews. Enjoy free cam chats that let you meet new people.\" \/>\n<meta property=\"og:url\" content=\"https:\/\/strangercam.com\/pt-br\/shagle\/\" \/>\n<meta property=\"og:site_name\" content=\"Strangercam\" \/>\n<meta property=\"article:publisher\" content=\"https:\/\/www.facebook.com\/strangercam\" \/>\n<meta property=\"article:modified_time\" content=\"2025-06-16T11:32:29+00:00\" \/>\n<meta property=\"og:image\" content=\"https:\/\/strangercam.com\/wp-content\/uploads\/2021\/10\/Untitled-2.png\" \/>\n\t<meta property=\"og:image:width\" content=\"800\" \/>\n\t<meta property=\"og:image:height\" content=\"532\" \/>\n\t<meta property=\"og:image:type\" content=\"image\/png\" \/>\n<meta name=\"twitter:card\" content=\"summary_large_image\" \/>\n<meta name=\"twitter:site\" content=\"@strangercamapp\" \/>\n<meta name=\"twitter:label1\" content=\"Est. tempo de leitura\" \/>\n\t<meta name=\"twitter:data1\" content=\"5 minutos\" \/>\n<script type=\"application\/ld+json\" class=\"yoast-schema-graph\">{\"@context\":\"https:\/\/schema.org\",\"@graph\":[{\"@type\":\"WebPage\",\"@id\":\"https:\/\/strangercam.com\/shagle\/\",\"url\":\"https:\/\/strangercam.com\/shagle\/\",\"name\":\"Shagle - Alternatives & Reviews of Chat Sites - StrangerCam\",\"isPartOf\":{\"@id\":\"https:\/\/strangercam.com\/#website\"},\"datePublished\":\"2024-09-30T12:05:14+00:00\",\"dateModified\":\"2025-06-16T11:32:29+00:00\",\"description\":\"Discover the best Video Chat Sites, complete with ratings and reviews. Enjoy free cam chats that let you meet new people.\",\"breadcrumb\":{\"@id\":\"https:\/\/strangercam.com\/shagle\/#breadcrumb\"},\"inLanguage\":\"pt-BR\",\"potentialAction\":[{\"@type\":\"ReadAction\",\"target\":[\"https:\/\/strangercam.com\/shagle\/\"]}]},{\"@type\":\"BreadcrumbList\",\"@id\":\"https:\/\/strangercam.com\/shagle\/#breadcrumb\",\"itemListElement\":[{\"@type\":\"ListItem\",\"position\":1,\"name\":\"Home\",\"item\":\"https:\/\/strangercam.com\/\"},{\"@type\":\"ListItem\",\"position\":2,\"name\":\"Shagle\"}]},{\"@type\":\"WebSite\",\"@id\":\"https:\/\/strangercam.com\/#website\",\"url\":\"https:\/\/strangercam.com\/\",\"name\":\"Strangercam\",\"description\":\"Random Video Chat with Strangers\",\"publisher\":{\"@id\":\"https:\/\/strangercam.com\/#organization\"},\"alternateName\":\"Strangercam.com\",\"potentialAction\":[{\"@type\":\"SearchAction\",\"target\":{\"@type\":\"EntryPoint\",\"urlTemplate\":\"https:\/\/strangercam.com\/?s={search_term_string}\"},\"query-input\":{\"@type\":\"PropertyValueSpecification\",\"valueRequired\":true,\"valueName\":\"search_term_string\"}}],\"inLanguage\":\"pt-BR\"},{\"@type\":\"Organization\",\"@id\":\"https:\/\/strangercam.com\/#organization\",\"name\":\"Strangercam\",\"alternateName\":\"Strangercam.com\",\"url\":\"https:\/\/strangercam.com\/\",\"logo\":{\"@type\":\"ImageObject\",\"inLanguage\":\"pt-BR\",\"@id\":\"https:\/\/strangercam.com\/#\/schema\/logo\/image\/\",\"url\":\"https:\/\/strangercam.com\/wp-content\/uploads\/2020\/11\/cropped-new-favicon-black.png\",\"contentUrl\":\"https:\/\/strangercam.com\/wp-content\/uploads\/2020\/11\/cropped-new-favicon-black.png\",\"width\":512,\"height\":512,\"caption\":\"Strangercam\"},\"image\":{\"@id\":\"https:\/\/strangercam.com\/#\/schema\/logo\/image\/\"},\"sameAs\":[\"https:\/\/www.facebook.com\/strangercam\",\"https:\/\/x.com\/strangercamapp\"]}]}<\/script>\n<!-- \/ Yoast SEO plugin. -->","yoast_head_json":{"title":"Shagle - Alternativas e an\u00e1lises de sites de bate-papo - StrangerCam","description":"Descubra os melhores sites de bate-papo por v\u00eddeo, com avalia\u00e7\u00f5es e resenhas. Desfrute de bate-papos com c\u00e2mera gratuitos que lhe permitem conhecer novas pessoas.","robots":{"index":"index","follow":"follow","max-snippet":"max-snippet:-1","max-image-preview":"max-image-preview:large","max-video-preview":"max-video-preview:-1"},"canonical":"https:\/\/strangercam.com\/pt-br\/shagle\/","og_locale":"pt_BR","og_type":"article","og_title":"Shagle - Alternatives & Reviews of Chat Sites - StrangerCam","og_description":"Discover the best Video Chat Sites, complete with ratings and reviews. Enjoy free cam chats that let you meet new people.","og_url":"https:\/\/strangercam.com\/pt-br\/shagle\/","og_site_name":"Strangercam","article_publisher":"https:\/\/www.facebook.com\/strangercam","article_modified_time":"2025-06-16T11:32:29+00:00","og_image":[{"width":800,"height":532,"url":"https:\/\/strangercam.com\/wp-content\/uploads\/2021\/10\/Untitled-2.png","type":"image\/png"}],"twitter_card":"summary_large_image","twitter_site":"@strangercamapp","twitter_misc":{"Est. tempo de leitura":"5 minutos"},"schema":{"@context":"https:\/\/schema.org","@graph":[{"@type":"WebPage","@id":"https:\/\/strangercam.com\/shagle\/","url":"https:\/\/strangercam.com\/shagle\/","name":"Shagle - Alternativas e an\u00e1lises de sites de bate-papo - StrangerCam","isPartOf":{"@id":"https:\/\/strangercam.com\/#website"},"datePublished":"2024-09-30T12:05:14+00:00","dateModified":"2025-06-16T11:32:29+00:00","description":"Descubra os melhores sites de bate-papo por v\u00eddeo, com avalia\u00e7\u00f5es e resenhas. Desfrute de bate-papos com c\u00e2mera gratuitos que lhe permitem conhecer novas pessoas.","breadcrumb":{"@id":"https:\/\/strangercam.com\/shagle\/#breadcrumb"},"inLanguage":"pt-BR","potentialAction":[{"@type":"ReadAction","target":["https:\/\/strangercam.com\/shagle\/"]}]},{"@type":"BreadcrumbList","@id":"https:\/\/strangercam.com\/shagle\/#breadcrumb","itemListElement":[{"@type":"ListItem","position":1,"name":"Home","item":"https:\/\/strangercam.com\/"},{"@type":"ListItem","position":2,"name":"Shagle"}]},{"@type":"WebSite","@id":"https:\/\/strangercam.com\/#website","url":"https:\/\/strangercam.com\/","name":"Strangercam","description":"Bate-papo por v\u00eddeo aleat\u00f3rio com estranhos","publisher":{"@id":"https:\/\/strangercam.com\/#organization"},"alternateName":"Strangercam.com","potentialAction":[{"@type":"SearchAction","target":{"@type":"EntryPoint","urlTemplate":"https:\/\/strangercam.com\/?s={search_term_string}"},"query-input":{"@type":"PropertyValueSpecification","valueRequired":true,"valueName":"search_term_string"}}],"inLanguage":"pt-BR"},{"@type":"Organization","@id":"https:\/\/strangercam.com\/#organization","name":"Strangercam","alternateName":"Strangercam.com","url":"https:\/\/strangercam.com\/","logo":{"@type":"ImageObject","inLanguage":"pt-BR","@id":"https:\/\/strangercam.com\/#\/schema\/logo\/image\/","url":"https:\/\/strangercam.com\/wp-content\/uploads\/2020\/11\/cropped-new-favicon-black.png","contentUrl":"https:\/\/strangercam.com\/wp-content\/uploads\/2020\/11\/cropped-new-favicon-black.png","width":512,"height":512,"caption":"Strangercam"},"image":{"@id":"https:\/\/strangercam.com\/#\/schema\/logo\/image\/"},"sameAs":["https:\/\/www.facebook.com\/strangercam","https:\/\/x.com\/strangercamapp"]}]}},"_links":{"self":[{"href":"https:\/\/strangercam.com\/pt-br\/wp-json\/wp\/v2\/pages\/12559","targetHints":{"allow":["GET"]}}],"collection":[{"href":"https:\/\/strangercam.com\/pt-br\/wp-json\/wp\/v2\/pages"}],"about":[{"href":"https:\/\/strangercam.com\/pt-br\/wp-json\/wp\/v2\/types\/page"}],"author":[{"embeddable":true,"href":"https:\/\/strangercam.com\/pt-br\/wp-json\/wp\/v2\/users\/7"}],"replies":[{"embeddable":true,"href":"https:\/\/strangercam.com\/pt-br\/wp-json\/wp\/v2\/comments?post=12559"}],"version-history":[{"count":1,"href":"https:\/\/strangercam.com\/pt-br\/wp-json\/wp\/v2\/pages\/12559\/revisions"}],"predecessor-version":[{"id":12870,"href":"https:\/\/strangercam.com\/pt-br\/wp-json\/wp\/v2\/pages\/12559\/revisions\/12870"}],"wp:attachment":[{"href":"https:\/\/strangercam.com\/pt-br\/wp-json\/wp\/v2\/media?parent=12559"}],"curies":[{"name":"wp","href":"https:\/\/api.w.org\/{rel}","templated":true}]}}