{"id":12485,"date":"2024-09-30T12:13:20","date_gmt":"2024-09-30T10:13:20","guid":{"rendered":"https:\/\/strangercam.com\/?page_id=12485"},"modified":"2025-06-16T13:29:26","modified_gmt":"2025-06-16T11:29:26","slug":"chatrandom","status":"publish","type":"page","link":"https:\/\/strangercam.com\/pt-br\/chatrandom\/","title":{"rendered":"Chatrandom"},"content":{"rendered":"<p>O Chatrandom \u00e9 uma plataforma que permite que os usu\u00e1rios participem de bate-papos aleat\u00f3rios por v\u00eddeo com estranhos em todo o mundo, atendendo ao crescente interesse em conhecer novas pessoas e experimentar diversas culturas. Esta an\u00e1lise examina v\u00e1rios aspectos do Chatrandom, incluindo seus recursos, experi\u00eancia do usu\u00e1rio, op\u00e7\u00f5es de pre\u00e7os, medidas de seguran\u00e7a e compara\u00e7\u00e3o com os concorrentes.<\/p>\n<h2>Vis\u00e3o geral do Chatrandom<\/h2>\n<p>Fundada em 2011, a Chatrandom tornou-se rapidamente uma empresa de destaque no setor de v\u00eddeos aleat\u00f3rios <a href=\"https:\/\/strangercam.com\/pt-br\/chatroulette\/\">bate-papo<\/a> plataformas. Ele foi criado para emular intera\u00e7\u00f5es espont\u00e2neas da vida real em um ambiente on-line, quebrando barreiras geogr\u00e1ficas e aproximando as pessoas. Com milh\u00f5es de usu\u00e1rios em todo o mundo, o Chatrandom oferece uma maneira acess\u00edvel para as pessoas se conectarem, se comunicarem e explorarem diversas perspectivas.<\/p>\n<h2>Principais recursos<\/h2>\n<h3>Random Video Chat com Estranhos<\/h3>\n<p>O principal recurso do Chatrandom \u00e9 o Random <a href=\"https:\/\/strangercam.com\/pt-br\/coomeet\/\">Bate-papo por v\u00eddeo<\/a>, que coloca os usu\u00e1rios em contato com estranhos para conversas de v\u00eddeo individuais. Esse recurso foi projetado para ser simples e f\u00e1cil de usar - os usu\u00e1rios podem come\u00e7ar a conversar com apenas um clique, sem a necessidade de registro.<\/p>\n<h3>Filtros de g\u00eanero e localiza\u00e7\u00e3o<\/h3>\n<p>Para aumentar a personaliza\u00e7\u00e3o, o Chatrandom oferece filtros que permitem aos usu\u00e1rios especificar o g\u00eanero e o local das pessoas com as quais desejam se conectar. Esses filtros s\u00e3o particularmente \u00fateis para aqueles que desejam praticar um novo idioma ou se conectar com pessoas de uma regi\u00e3o espec\u00edfica.<\/p>\n<h3>V\u00e1rios modos de bate-papo<\/h3>\n<p>O Chatrandom oferece v\u00e1rios modos de bate-papo para atender a diferentes prefer\u00eancias:<\/p>\n<ul>\n<li><strong>Bate-papo Cam4<\/strong>: Permite chats de v\u00eddeo em grupo com at\u00e9 quatro usu\u00e1rios simultaneamente, promovendo uma atmosfera mais comunit\u00e1ria.<\/li>\n<li><strong>Bate-papo gay<\/strong>: Uma se\u00e7\u00e3o dedicada para homens gays se conectarem, garantindo um ambiente seguro e acolhedor para a comunidade LGBTQ+.<\/li>\n<li><strong>Salas de bate-papo<\/strong>: Salas de bate-papo tem\u00e1ticas em que os usu\u00e1rios podem participar de discuss\u00f5es em grupo com base em interesses ou t\u00f3picos compartilhados.<\/li>\n<li><strong>Bate-papo por texto<\/strong>: Uma op\u00e7\u00e3o para usu\u00e1rios que preferem mensagens em vez de v\u00eddeo, permitindo conversas an\u00f4nimas sem uma webcam.<\/li>\n<\/ul>\n<h3>Compatibilidade com dispositivos m\u00f3veis<\/h3>\n<p>Reconhecendo a import\u00e2ncia da mobilidade, o Chatrandom oferece um aplicativo m\u00f3vel compat\u00edvel com dispositivos iOS e Android. O aplicativo mant\u00e9m todas as funcionalidades da vers\u00e3o para desktop, permitindo que os usu\u00e1rios se conectem de qualquer lugar e a qualquer momento.<\/p>\n<h3>Suporte a idiomas<\/h3>\n<p>O Chatrandom suporta v\u00e1rios idiomas, tornando-o acess\u00edvel a um p\u00fablico global. Os usu\u00e1rios podem selecionar seu idioma preferido, o que melhora a usabilidade e amplia o apelo da plataforma.<\/p>\n<h2>Experi\u00eancia do usu\u00e1rio<\/h2>\n<h3>Interface e design<\/h3>\n<p>O Chatrandom apresenta uma interface limpa e intuitiva. O layout \u00e9 simples, com recursos essenciais facilmente acess\u00edveis na tela principal. Essa simplicidade garante que at\u00e9 mesmo os usu\u00e1rios iniciantes possam navegar na plataforma sem nenhuma dificuldade.<\/p>\n<h3>Registro e acessibilidade<\/h3>\n<p>Um dos pontos fortes da plataforma \u00e9 sua acessibilidade. Os usu\u00e1rios podem come\u00e7ar a usar os recursos b\u00e1sicos sem registro, eliminando as barreiras \u00e0 entrada. Para os interessados em recursos avan\u00e7ados ou personaliza\u00e7\u00e3o, o processo de registro \u00e9 r\u00e1pido e requer um m\u00ednimo de informa\u00e7\u00f5es.<\/p>\n<h3>Desempenho e confiabilidade<\/h3>\n<p>O Chatrandom \u00e9 otimizado para desempenho, oferecendo streaming de v\u00eddeo de alta qualidade com o m\u00ednimo de atraso. Os servidores da plataforma s\u00e3o robustos, capazes de lidar com um grande n\u00famero de usu\u00e1rios simult\u00e2neos sem tempo de inatividade significativo ou problemas de desempenho.<\/p>\n<h2>Op\u00e7\u00f5es de pre\u00e7o e assinatura<\/h2>\n<p>Embora muitos dos recursos do Chatrandom estejam dispon\u00edveis gratuitamente, a plataforma oferece uma assinatura premium chamada <strong>Chatrandom Plus<\/strong> para usu\u00e1rios que buscam uma experi\u00eancia aprimorada.<\/p>\n<h3>Benef\u00edcios do Chatrandom Plus<\/h3>\n<ul>\n<li><strong>Filtros avan\u00e7ados<\/strong>: Acesso a filtros mais espec\u00edficos de g\u00eanero e localiza\u00e7\u00e3o, incluindo a capacidade de selecionar v\u00e1rios pa\u00edses.<\/li>\n<li><strong>Experi\u00eancia sem an\u00fancios<\/strong>: Remove todos os an\u00fancios, proporcionando uso ininterrupto.<\/li>\n<li><strong>Crach\u00e1 VIP<\/strong>: Um emblema diferenciado que destaca o status premium do usu\u00e1rio na comunidade.<\/li>\n<li><strong>Suporte priorit\u00e1rio<\/strong>: Tempos de resposta mais r\u00e1pidos da equipe de suporte ao cliente.<\/li>\n<\/ul>\n<h3>Planos de assinatura<\/h3>\n<p>O Chatrandom Plus oferece op\u00e7\u00f5es flex\u00edveis de assinatura:<\/p>\n<ul>\n<li><strong>Plano mensal<\/strong>: Ideal para usu\u00e1rios que desejam experimentar os recursos premium sem um compromisso de longo prazo.<\/li>\n<li><strong>Plano trimestral<\/strong>: Oferece uma taxa com desconto em compara\u00e7\u00e3o com o plano mensal.<\/li>\n<li><strong>Plano anual<\/strong>: Oferece o melhor valor para usu\u00e1rios de longo prazo, com economias significativas em rela\u00e7\u00e3o \u00e0 tarifa mensal.<\/li>\n<\/ul>\n<p>O pre\u00e7o \u00e9 competitivo e reflete o valor adicional proporcionado pelos recursos premium.<\/p>\n<h2>Pr\u00f3s e contras<\/h2>\n<h3>Pr\u00f3s<\/h3>\n<ul>\n<li><strong>Interface amig\u00e1vel ao usu\u00e1rio<\/strong>: O design simples garante a facilidade de uso para todos os usu\u00e1rios.<\/li>\n<li><strong>Sem registro obrigat\u00f3rio<\/strong>: Acesso imediato aos recursos b\u00e1sicos sem a necessidade de uma conta.<\/li>\n<li><strong>Conectividade global<\/strong>: Conecta usu\u00e1rios em todo o mundo, promovendo o interc\u00e2mbio cultural e diversas intera\u00e7\u00f5es.<\/li>\n<li><strong>Variedade de modos de bate-papo<\/strong>: V\u00e1rias op\u00e7\u00f5es atendem a diferentes prefer\u00eancias, incluindo bate-papos em grupo e mensagens de texto.<\/li>\n<li><strong>Disponibilidade do aplicativo m\u00f3vel<\/strong>: A funcionalidade completa em dispositivos m\u00f3veis aumenta a acessibilidade.<\/li>\n<\/ul>\n<h3>Contras<\/h3>\n<ul>\n<li><strong>Recursos limitados para usu\u00e1rios gratuitos<\/strong>: Os filtros avan\u00e7ados e alguns modos de bate-papo exigem uma assinatura premium.<\/li>\n<li><strong>Modera\u00e7\u00e3o inconsistente<\/strong>: Apesar dos esfor\u00e7os, alguns conte\u00fados ou comportamentos inadequados podem passar despercebidos.<\/li>\n<li><strong>An\u00fancios na vers\u00e3o gratuita<\/strong>: Os an\u00fancios podem ser intrusivos e podem atrapalhar a experi\u00eancia do usu\u00e1rio.<\/li>\n<li><strong>Preocupa\u00e7\u00f5es potenciais com a privacidade<\/strong>: Como em qualquer plataforma on-line, os usu\u00e1rios devem ser cautelosos ao compartilhar informa\u00e7\u00f5es pessoais.<\/li>\n<\/ul>\n<h2>Seguran\u00e7a e privacidade do usu\u00e1rio<\/h2>\n<h3>Pol\u00edticas de modera\u00e7\u00e3o<\/h3>\n<p>O Chatrandom emprega uma equipe de moderadores e sistemas automatizados para monitorar a plataforma quanto a conte\u00fado e comportamento inadequados. Os usu\u00e1rios podem denunciar viola\u00e7\u00f5es e, normalmente, as medidas s\u00e3o tomadas rapidamente para manter um ambiente seguro.<\/p>\n<h3>Medidas de privacidade<\/h3>\n<ul>\n<li><strong>Bate-papo an\u00f4nimo<\/strong>: Os usu\u00e1rios n\u00e3o s\u00e3o obrigados a fornecer informa\u00e7\u00f5es pessoais para usar os recursos b\u00e1sicos.<\/li>\n<li><strong>Prote\u00e7\u00e3o de dados<\/strong>: O Chatrandom segue as leis e os regulamentos de privacidade, garantindo que os dados do usu\u00e1rio sejam protegidos.<\/li>\n<li><strong>Bloqueio e relat\u00f3rios<\/strong>: Os usu\u00e1rios podem bloquear outras pessoas e denunciar qualquer m\u00e1 conduta diretamente pela plataforma.<\/li>\n<\/ul>\n<h3>Dicas para usu\u00e1rios<\/h3>\n<ul>\n<li><strong>Proteger informa\u00e7\u00f5es pessoais<\/strong>: Evite compartilhar detalhes confidenciais, como nome completo, endere\u00e7o ou informa\u00e7\u00f5es financeiras.<\/li>\n<li><strong>Use os filtros com sabedoria<\/strong>: Utilize os filtros dispon\u00edveis para se conectar com usu\u00e1rios que correspondam \u00e0s suas prefer\u00eancias, o que pode aumentar a seguran\u00e7a.<\/li>\n<li><strong>Seja cauteloso<\/strong>: Confie em seus instintos e desconecte-se de qualquer conversa que o deixe desconfort\u00e1vel.<\/li>\n<\/ul>\n<h2>Compara\u00e7\u00e3o com os concorrentes<\/h2>\n<h3>Chatrandom vs. Omegle<\/h3>\n<ul>\n<li><strong>Recursos<\/strong>: O Chatrandom oferece mais recursos, como v\u00e1rios modos de bate-papo e filtros avan\u00e7ados, enquanto o <a href=\"https:\/\/strangercam.com\/pt-br\/omegle\/\">Omegle<\/a> concentra-se principalmente em bate-papos aleat\u00f3rios b\u00e1sicos.<\/li>\n<li><strong>Interface do usu\u00e1rio<\/strong>: A interface do Chatrandom \u00e9 mais moderna e f\u00e1cil de usar em compara\u00e7\u00e3o com o design minimalista do Omegle.<\/li>\n<li><strong>Aplicativo m\u00f3vel<\/strong>: O Chatrandom fornece um aplicativo m\u00f3vel, oferecendo maior acessibilidade, enquanto o Omegle \u00e9 limitado a navegadores da Web.<\/li>\n<\/ul>\n<h3>Chatrandom vs. Chatroulette<\/h3>\n<ul>\n<li><strong>Tamanho da comunidade<\/strong>: Ambas as plataformas t\u00eam grandes bases de usu\u00e1rios, mas o Chatrandom geralmente tem um n\u00famero maior de usu\u00e1rios ativos em um determinado momento.<\/li>\n<li><strong>Medidas de seguran\u00e7a<\/strong>: O Chatrandom tem sistemas de modera\u00e7\u00e3o e den\u00fancia mais robustos.<\/li>\n<li><strong>Recursos adicionais<\/strong>: Os v\u00e1rios modos e filtros de bate-papo do Chatrandom proporcionam uma experi\u00eancia mais personalizada em compara\u00e7\u00e3o com a oferta de bate-papo aleat\u00f3rio simples do Chatroulette.<\/li>\n<\/ul>\n<h3>Chatrandom vs. Tinychat<\/h3>\n<ul>\n<li><strong>Modos de bate-papo<\/strong>: <a href=\"https:\/\/strangercam.com\/pt-br\/tinychat\/\">Tinychat<\/a> concentra-se em bate-papos de v\u00eddeo em grupo e transmiss\u00e3o ao vivo, enquanto o Chatrandom oferece op\u00e7\u00f5es de bate-papo individual e em grupo.<\/li>\n<li><strong>Base de usu\u00e1rios<\/strong>: O Chatrandom tem uma base de usu\u00e1rios global mais diversificada, aumentando a oportunidade de conex\u00f5es internacionais.<\/li>\n<li><strong>Facilidade de uso<\/strong>: A pol\u00edtica de n\u00e3o registro do Chatrandom para recursos b\u00e1sicos o torna mais acess\u00edvel a novos usu\u00e1rios.<\/li>\n<\/ul>\n<h2>Conclus\u00e3o<\/h2>\n<p>O Chatrandom se destaca no concorrido espa\u00e7o de <a href=\"https:\/\/strangercam.com\/pt-br\/chathub\/\">bate-papo por v\u00eddeo aleat\u00f3rio<\/a> oferecendo uma interface amig\u00e1vel, uma variedade de modos de bate-papo e recursos que atendem a um p\u00fablico diversificado. Seu compromisso de conectar pessoas globalmente \u00e9 evidente por meio do suporte a idiomas e da ampla base de usu\u00e1rios. Embora existam \u00e1reas que podem ser melhoradas, principalmente no que se refere \u00e0 modera\u00e7\u00e3o e \u00e0 expans\u00e3o dos recursos gratuitos, o Chatrandom oferece um servi\u00e7o valioso para aqueles que desejam participar de conversas espont\u00e2neas e ampliar seus horizontes. Se estiver buscando novas amizades, pr\u00e1tica de idiomas ou simplesmente uma maneira divertida de passar o tempo, o Chatrandom oferece uma plataforma que vale a pena explorar.<\/p>","protected":false},"excerpt":{"rendered":"<p>Chatrandom is a platform that enables users to engage in random video chats with strangers worldwide, addressing the growing interest in meeting new people and experiencing diverse cultures. This review examines various aspects of Chatrandom, including its features, user experience, pricing options, safety measures, and comparison with competitors. Overview of Chatrandom Established in 2011, Chatrandom [&hellip;]<\/p>\n","protected":false},"author":7,"featured_media":0,"parent":0,"menu_order":0,"comment_status":"closed","ping_status":"closed","template":"","meta":{"footnotes":""},"class_list":["post-12485","page","type-page","status-publish","hentry"],"yoast_head":"<!-- This site is optimized with the Yoast SEO plugin v27.4 - https:\/\/yoast.com\/product\/yoast-seo-wordpress\/ -->\n<title>Chatrandom - Alternatives &amp; Reviews of Chat Sites - StrangerCam<\/title>\n<meta name=\"description\" content=\"Discover the best Video Chat Sites, complete with ratings and reviews. Enjoy free cam chats that let you meet new people.\" \/>\n<meta name=\"robots\" content=\"index, follow, max-snippet:-1, max-image-preview:large, max-video-preview:-1\" \/>\n<link rel=\"canonical\" href=\"https:\/\/strangercam.com\/pt-br\/chatrandom\/\" \/>\n<meta property=\"og:locale\" content=\"pt_BR\" \/>\n<meta property=\"og:type\" content=\"article\" \/>\n<meta property=\"og:title\" content=\"Chatrandom - Alternatives &amp; Reviews of Chat Sites - StrangerCam\" \/>\n<meta property=\"og:description\" content=\"Discover the best Video Chat Sites, complete with ratings and reviews. Enjoy free cam chats that let you meet new people.\" \/>\n<meta property=\"og:url\" content=\"https:\/\/strangercam.com\/pt-br\/chatrandom\/\" \/>\n<meta property=\"og:site_name\" content=\"Strangercam\" \/>\n<meta property=\"article:publisher\" content=\"https:\/\/www.facebook.com\/strangercam\" \/>\n<meta property=\"article:modified_time\" content=\"2025-06-16T11:29:26+00:00\" \/>\n<meta property=\"og:image\" content=\"https:\/\/strangercam.com\/wp-content\/uploads\/2021\/10\/Untitled-2.png\" \/>\n\t<meta property=\"og:image:width\" content=\"800\" \/>\n\t<meta property=\"og:image:height\" content=\"532\" \/>\n\t<meta property=\"og:image:type\" content=\"image\/png\" \/>\n<meta name=\"twitter:card\" content=\"summary_large_image\" \/>\n<meta name=\"twitter:site\" content=\"@strangercamapp\" \/>\n<meta name=\"twitter:label1\" content=\"Est. tempo de leitura\" \/>\n\t<meta name=\"twitter:data1\" content=\"6 minutos\" \/>\n<script type=\"application\/ld+json\" class=\"yoast-schema-graph\">{\"@context\":\"https:\\\/\\\/schema.org\",\"@graph\":[{\"@type\":\"WebPage\",\"@id\":\"https:\\\/\\\/strangercam.com\\\/chatrandom\\\/\",\"url\":\"https:\\\/\\\/strangercam.com\\\/chatrandom\\\/\",\"name\":\"Chatrandom - Alternatives & Reviews of Chat Sites - StrangerCam\",\"isPartOf\":{\"@id\":\"https:\\\/\\\/strangercam.com\\\/#website\"},\"datePublished\":\"2024-09-30T10:13:20+00:00\",\"dateModified\":\"2025-06-16T11:29:26+00:00\",\"description\":\"Discover the best Video Chat Sites, complete with ratings and reviews. Enjoy free cam chats that let you meet new people.\",\"breadcrumb\":{\"@id\":\"https:\\\/\\\/strangercam.com\\\/chatrandom\\\/#breadcrumb\"},\"inLanguage\":\"pt-BR\",\"potentialAction\":[{\"@type\":\"ReadAction\",\"target\":[\"https:\\\/\\\/strangercam.com\\\/chatrandom\\\/\"]}]},{\"@type\":\"BreadcrumbList\",\"@id\":\"https:\\\/\\\/strangercam.com\\\/chatrandom\\\/#breadcrumb\",\"itemListElement\":[{\"@type\":\"ListItem\",\"position\":1,\"name\":\"Home\",\"item\":\"https:\\\/\\\/strangercam.com\\\/\"},{\"@type\":\"ListItem\",\"position\":2,\"name\":\"Chatrandom\"}]},{\"@type\":\"WebSite\",\"@id\":\"https:\\\/\\\/strangercam.com\\\/#website\",\"url\":\"https:\\\/\\\/strangercam.com\\\/\",\"name\":\"Strangercam\",\"description\":\"Random Video Chat with Strangers\",\"publisher\":{\"@id\":\"https:\\\/\\\/strangercam.com\\\/#organization\"},\"alternateName\":\"Strangercam.com\",\"potentialAction\":[{\"@type\":\"SearchAction\",\"target\":{\"@type\":\"EntryPoint\",\"urlTemplate\":\"https:\\\/\\\/strangercam.com\\\/?s={search_term_string}\"},\"query-input\":{\"@type\":\"PropertyValueSpecification\",\"valueRequired\":true,\"valueName\":\"search_term_string\"}}],\"inLanguage\":\"pt-BR\"},{\"@type\":\"Organization\",\"@id\":\"https:\\\/\\\/strangercam.com\\\/#organization\",\"name\":\"Strangercam\",\"alternateName\":\"Strangercam.com\",\"url\":\"https:\\\/\\\/strangercam.com\\\/\",\"logo\":{\"@type\":\"ImageObject\",\"inLanguage\":\"pt-BR\",\"@id\":\"https:\\\/\\\/strangercam.com\\\/#\\\/schema\\\/logo\\\/image\\\/\",\"url\":\"https:\\\/\\\/strangercam.com\\\/wp-content\\\/uploads\\\/2020\\\/11\\\/cropped-new-favicon-black.png\",\"contentUrl\":\"https:\\\/\\\/strangercam.com\\\/wp-content\\\/uploads\\\/2020\\\/11\\\/cropped-new-favicon-black.png\",\"width\":512,\"height\":512,\"caption\":\"Strangercam\"},\"image\":{\"@id\":\"https:\\\/\\\/strangercam.com\\\/#\\\/schema\\\/logo\\\/image\\\/\"},\"sameAs\":[\"https:\\\/\\\/www.facebook.com\\\/strangercam\",\"https:\\\/\\\/x.com\\\/strangercamapp\"]}]}<\/script>\n<!-- \/ Yoast SEO plugin. -->","yoast_head_json":{"title":"Chatrandom - Alternativas e an\u00e1lises de sites de bate-papo - StrangerCam","description":"Descubra os melhores sites de bate-papo por v\u00eddeo, com avalia\u00e7\u00f5es e resenhas. Desfrute de bate-papos com c\u00e2mera gratuitos que lhe permitem conhecer novas pessoas.","robots":{"index":"index","follow":"follow","max-snippet":"max-snippet:-1","max-image-preview":"max-image-preview:large","max-video-preview":"max-video-preview:-1"},"canonical":"https:\/\/strangercam.com\/pt-br\/chatrandom\/","og_locale":"pt_BR","og_type":"article","og_title":"Chatrandom - Alternatives & Reviews of Chat Sites - StrangerCam","og_description":"Discover the best Video Chat Sites, complete with ratings and reviews. Enjoy free cam chats that let you meet new people.","og_url":"https:\/\/strangercam.com\/pt-br\/chatrandom\/","og_site_name":"Strangercam","article_publisher":"https:\/\/www.facebook.com\/strangercam","article_modified_time":"2025-06-16T11:29:26+00:00","og_image":[{"width":800,"height":532,"url":"https:\/\/strangercam.com\/wp-content\/uploads\/2021\/10\/Untitled-2.png","type":"image\/png"}],"twitter_card":"summary_large_image","twitter_site":"@strangercamapp","twitter_misc":{"Est. tempo de leitura":"6 minutos"},"schema":{"@context":"https:\/\/schema.org","@graph":[{"@type":"WebPage","@id":"https:\/\/strangercam.com\/chatrandom\/","url":"https:\/\/strangercam.com\/chatrandom\/","name":"Chatrandom - Alternativas e an\u00e1lises de sites de bate-papo - StrangerCam","isPartOf":{"@id":"https:\/\/strangercam.com\/#website"},"datePublished":"2024-09-30T10:13:20+00:00","dateModified":"2025-06-16T11:29:26+00:00","description":"Descubra os melhores sites de bate-papo por v\u00eddeo, com avalia\u00e7\u00f5es e resenhas. Desfrute de bate-papos com c\u00e2mera gratuitos que lhe permitem conhecer novas pessoas.","breadcrumb":{"@id":"https:\/\/strangercam.com\/chatrandom\/#breadcrumb"},"inLanguage":"pt-BR","potentialAction":[{"@type":"ReadAction","target":["https:\/\/strangercam.com\/chatrandom\/"]}]},{"@type":"BreadcrumbList","@id":"https:\/\/strangercam.com\/chatrandom\/#breadcrumb","itemListElement":[{"@type":"ListItem","position":1,"name":"Home","item":"https:\/\/strangercam.com\/"},{"@type":"ListItem","position":2,"name":"Chatrandom"}]},{"@type":"WebSite","@id":"https:\/\/strangercam.com\/#website","url":"https:\/\/strangercam.com\/","name":"Strangercam","description":"Bate-papo por v\u00eddeo aleat\u00f3rio com estranhos","publisher":{"@id":"https:\/\/strangercam.com\/#organization"},"alternateName":"Strangercam.com","potentialAction":[{"@type":"SearchAction","target":{"@type":"EntryPoint","urlTemplate":"https:\/\/strangercam.com\/?s={search_term_string}"},"query-input":{"@type":"PropertyValueSpecification","valueRequired":true,"valueName":"search_term_string"}}],"inLanguage":"pt-BR"},{"@type":"Organization","@id":"https:\/\/strangercam.com\/#organization","name":"Strangercam","alternateName":"Strangercam.com","url":"https:\/\/strangercam.com\/","logo":{"@type":"ImageObject","inLanguage":"pt-BR","@id":"https:\/\/strangercam.com\/#\/schema\/logo\/image\/","url":"https:\/\/strangercam.com\/wp-content\/uploads\/2020\/11\/cropped-new-favicon-black.png","contentUrl":"https:\/\/strangercam.com\/wp-content\/uploads\/2020\/11\/cropped-new-favicon-black.png","width":512,"height":512,"caption":"Strangercam"},"image":{"@id":"https:\/\/strangercam.com\/#\/schema\/logo\/image\/"},"sameAs":["https:\/\/www.facebook.com\/strangercam","https:\/\/x.com\/strangercamapp"]}]}},"_links":{"self":[{"href":"https:\/\/strangercam.com\/pt-br\/wp-json\/wp\/v2\/pages\/12485","targetHints":{"allow":["GET"]}}],"collection":[{"href":"https:\/\/strangercam.com\/pt-br\/wp-json\/wp\/v2\/pages"}],"about":[{"href":"https:\/\/strangercam.com\/pt-br\/wp-json\/wp\/v2\/types\/page"}],"author":[{"embeddable":true,"href":"https:\/\/strangercam.com\/pt-br\/wp-json\/wp\/v2\/users\/7"}],"replies":[{"embeddable":true,"href":"https:\/\/strangercam.com\/pt-br\/wp-json\/wp\/v2\/comments?post=12485"}],"version-history":[{"count":1,"href":"https:\/\/strangercam.com\/pt-br\/wp-json\/wp\/v2\/pages\/12485\/revisions"}],"predecessor-version":[{"id":12865,"href":"https:\/\/strangercam.com\/pt-br\/wp-json\/wp\/v2\/pages\/12485\/revisions\/12865"}],"wp:attachment":[{"href":"https:\/\/strangercam.com\/pt-br\/wp-json\/wp\/v2\/media?parent=12485"}],"curies":[{"name":"wp","href":"https:\/\/api.w.org\/{rel}","templated":true}]}}