{"id":12397,"date":"2024-05-09T11:32:55","date_gmt":"2024-05-09T09:32:55","guid":{"rendered":"https:\/\/strangercam.com\/?page_id=12397"},"modified":"2024-05-09T11:33:57","modified_gmt":"2024-05-09T09:33:57","slug":"crushroulette","status":"publish","type":"page","link":"https:\/\/strangercam.com\/pt-br\/crushroulette\/","title":{"rendered":"CrushRoulette"},"content":{"rendered":"<p>O CrushRoulette, como o pr\u00f3prio nome sugere, oferece aos usu\u00e1rios a oportunidade estimulante de mergulhar em conversas espont\u00e2neas com estranhos, mas com um toque diferenciado. Em sua ess\u00eancia, o CrushRoulette \u00e9 um aplicativo de v\u00eddeo on-line <a href=\"https:\/\/strangercam.com\/pt-br\/chatroulette\/\">bate-papo<\/a> plataforma projetada para conectar pessoas de diversas origens e de diferentes cantos do mundo. Diferentemente de muitas plataformas semelhantes, o CrushRoulette apresenta uma nova abordagem para as intera\u00e7\u00f5es on-line, oferecendo uma experi\u00eancia de bate-papo aleat\u00f3ria, geralmente repleta de conversas inesperadas e agrad\u00e1veis.<\/p>\n<h2>Objetivo e cen\u00e1rios de casos de uso<\/h2>\n<p>A ess\u00eancia do CrushRoulette vai al\u00e9m da emo\u00e7\u00e3o da imprevisibilidade. Ele foi criado para resolver problemas comuns encontrados em outras plataformas de bate-papo. Aqui est\u00e3o v\u00e1rios cen\u00e1rios em que o CrushRoulette se destaca:<\/p>\n<ul>\n<li>Buscando conversas genu\u00ednas: Para aqueles que est\u00e3o cansados de intera\u00e7\u00f5es com script ou impessoais nas m\u00eddias sociais, o CrushRoulette oferece uma alternativa refrescante. Os usu\u00e1rios podem participar de conversas individuais aut\u00eanticas sem nenhuma pretens\u00e3o.<\/li>\n<li>Interc\u00e2mbio cultural: Se voc\u00ea estiver interessado em aprender sobre uma cultura com algu\u00e9m que a vive todos os dias, o CrushRoulette serve como uma ponte, fornecendo informa\u00e7\u00f5es sobre estilos de vida globais.<\/li>\n<li>Buscador de solid\u00e3o: Em tempos em que as conex\u00f5es digitais geralmente substituem as f\u00edsicas, podem surgir sentimentos de isolamento. O CrushRoulette oferece um santu\u00e1rio para aqueles que desejam simplesmente conversar e se sentir conectados, mesmo que brevemente.<\/li>\n<li>Aprimoramento de habilidades: Seja para praticar um novo idioma, entender as pr\u00e1ticas comerciais regionais ou obter perspectivas diferentes sobre um t\u00f3pico, a plataforma se torna uma sala de aula informal. O CrushRoulette conquista seu nicho no vasto campo dos bate-papos on-line ao se concentrar em conversas aut\u00eanticas e aleat\u00f3rias, atraindo um amplo espectro de usu\u00e1rios que buscam uma intera\u00e7\u00e3o humana real.<\/li>\n<\/ul>\n<h2>Principais recursos e funcionalidades do CrushRoulette<\/h2>\n<p>O primeiro aspecto que chama a aten\u00e7\u00e3o de um usu\u00e1rio em qualquer plataforma \u00e9 o seu design. O CrushRoulette combina simplicidade com eleg\u00e2ncia de forma eficaz, garantindo que usu\u00e1rios de todos os n\u00edveis de tecnologia possam navegar facilmente. A paleta de cores, os \u00edcones intuitivos e as transi\u00e7\u00f5es suaves criam um ambiente acolhedor. Cada elemento de design \u00e9 cuidadosamente colocado para reduzir a desordem e aprimorar a experi\u00eancia do usu\u00e1rio.<\/p>\n<h3>Algoritmo de correspond\u00eancia de v\u00eddeo aleat\u00f3rio<\/h3>\n<p>O cora\u00e7\u00e3o do CrushRoulette est\u00e1 em seu algoritmo de correspond\u00eancia de v\u00eddeo aleat\u00f3rio, garantindo que cada sess\u00e3o de bate-papo seja um novo come\u00e7o. Os usu\u00e1rios s\u00e3o emparelhados com estranhos de todo o mundo, acrescentando um elemento de surpresa e emo\u00e7\u00e3o. O algoritmo funciona perfeitamente, garantindo transi\u00e7\u00f5es suaves entre os bate-papos e minimizando o tempo de espera.<\/p>\n<h3>Op\u00e7\u00f5es de filtro de g\u00eanero<\/h3>\n<p>Reconhecendo que os usu\u00e1rios podem ter prefer\u00eancias em rela\u00e7\u00e3o a seus parceiros de bate-papo, o CrushRoulette inclui um recurso de filtro de g\u00eanero. Isso permite que as pessoas escolham o g\u00eanero com o qual desejam interagir, n\u00e3o apenas para maior conforto, mas tamb\u00e9m para personalizar a experi\u00eancia de bate-papo.<\/p>\n<h3>Medidas de seguran\u00e7a e privacidade<\/h3>\n<p>A seguran\u00e7a \u00e9 fundamental em uma plataforma que incentiva a intera\u00e7\u00e3o com estranhos. O CrushRoulette integra protocolos robustos de seguran\u00e7a e privacidade, desde sess\u00f5es de bate-papo criptografadas at\u00e9 pol\u00edticas r\u00edgidas de modera\u00e7\u00e3o, garantindo que os usu\u00e1rios se sintam seguros. Recursos como a den\u00fancia f\u00e1cil de comportamento inadequado e a capacidade de encerrar rapidamente um bate-papo acrescentam camadas extras de prote\u00e7\u00e3o.<\/p>\n<h3>Ferramentas de idioma e tradu\u00e7\u00e3o<\/h3>\n<p>Com uma base de usu\u00e1rios global, as barreiras lingu\u00edsticas poderiam impedir intera\u00e7\u00f5es significativas no CrushRoulette. No entanto, as ferramentas integradas de idioma e tradu\u00e7\u00e3o permitem uma comunica\u00e7\u00e3o sem esfor\u00e7o, mesmo que os usu\u00e1rios n\u00e3o compartilhem um idioma comum. Isso n\u00e3o apenas facilita os interc\u00e2mbios culturais, mas tamb\u00e9m garante um fluxo de conversa tranquilo.<\/p>\n<h2>Compatibilidade com dispositivos m\u00f3veis e desktops<\/h2>\n<p>Compreendendo as diversas maneiras pelas quais as pessoas acessam as plataformas on-line, o CrushRoulette \u00e9 otimizado para usu\u00e1rios m\u00f3veis e de desktop. Se algu\u00e9m quiser bater papo em movimento usando seu smartphone ou no conforto de sua casa em um computador, a experi\u00eancia \u00e9 consistente e perfeita.<\/p>\n<p>Juntos, esses recursos e funcionalidades retratam uma plataforma que n\u00e3o se trata apenas de conex\u00f5es aleat\u00f3rias, mas que est\u00e1 profundamente empenhada em garantir que cada intera\u00e7\u00e3o seja significativa, segura e agrad\u00e1vel.<\/p>\n<h2>Dicas para conversar com garotas no CrushRoulette<\/h2>\n<p>Para ajudar os usu\u00e1rios a ter intera\u00e7\u00f5es melhores e mais significativas com as mulheres no CrushRoulette, aqui est\u00e3o algumas dicas e se\u00e7\u00f5es espec\u00edficas que podem melhorar a experi\u00eancia e a etiqueta do usu\u00e1rio ao conversar:<\/p>\n<h3>Como iniciar a conversa corretamente<\/h3>\n<p><strong>As primeiras impress\u00f5es contam<\/strong>: Quando voc\u00ea se conectar com algu\u00e9m no CrushRoulette, comece com uma sauda\u00e7\u00e3o amig\u00e1vel. Um sorriso e um simples \"Ol\u00e1, como vai voc\u00ea?\" podem dar um tom positivo \u00e0 conversa. \u00c9 importante parecer acess\u00edvel e aberto.<\/p>\n<p><strong>Comente sobre algo interessante<\/strong>: Se a plataforma permitir informa\u00e7\u00f5es de perfil ou se houver pistas visuais em segundo plano, fazer um coment\u00e1rio respeitoso ou fazer uma pergunta genu\u00edna sobre algo que voc\u00ea percebeu pode ser um \u00f3timo quebra-gelo.<\/p>\n<h4>Manuten\u00e7\u00e3o de uma intera\u00e7\u00e3o respeitosa e envolvente<\/h4>\n<p><strong>Demonstre interesse genu\u00edno<\/strong>: Fa\u00e7a perguntas abertas para estimular o di\u00e1logo em vez de respostas simples de sim ou n\u00e3o. Os t\u00f3picos podem incluir hobbies, filmes favoritos ou experi\u00eancias de viagem memor\u00e1veis. Isso mostra que voc\u00ea est\u00e1 interessado em saber mais sobre ela como pessoa.<\/p>\n<p><strong>Seja um ouvinte ativo<\/strong>: Preste muita aten\u00e7\u00e3o ao que ela diz. Isso n\u00e3o s\u00f3 o ajudar\u00e1 a entend\u00ea-la melhor, mas tamb\u00e9m tornar\u00e1 a conversa mais interessante para voc\u00eas dois. Reaja e responda com base no que ela diz, em vez de voltar a conversa para voc\u00ea.<\/p>\n<p><strong>Cumprimentos sinceros<\/strong>: Se voc\u00ea se sentir compelido a fazer um elogio, fa\u00e7a-o de forma genu\u00edna e n\u00e3o superficial. Elogie-a por suas percep\u00e7\u00f5es, humor ou pela maneira como ela se expressa, em vez de apenas por sua apar\u00eancia.<\/p>\n<h3>Mantendo a conversa em andamento<\/h3>\n<p><strong>Compartilhar hist\u00f3rias<\/strong>: Compartilhar anedotas pessoais pode tornar a intera\u00e7\u00e3o mais pessoal e relacion\u00e1vel. Escolha hist\u00f3rias que sejam alegres e positivas, o que pode levar a uma experi\u00eancia mais agrad\u00e1vel e mais vinculada.<\/p>\n<p><strong>Respeitar os limites<\/strong>: \u00c9 fundamental respeitar o n\u00edvel de conforto dela. Evite t\u00f3picos excessivamente pessoais ou sens\u00edveis, a menos que ela os mencione ou demonstre interesse em discuti-los. Se ela parecer desconfort\u00e1vel, mude de assunto ou permita que ela conduza a conversa para um t\u00f3pico com o qual se sinta confort\u00e1vel.<\/p>\n<p><strong>Use o humor com sabedoria<\/strong>: O humor pode ser uma \u00f3tima maneira de aliviar qualquer constrangimento e tornar a conversa agrad\u00e1vel. Entretanto, mantenha-o limpo e evite piadas que possam ser ofensivas ou muito pessoais.<\/p>\n<h3>Encerrar o bate-papo de forma graciosa<\/h3>\n<p><strong>Seja educado ao sair<\/strong>: Se voc\u00ea precisar sair do bate-papo, fa\u00e7a-o com educa\u00e7\u00e3o. Um simples \u201cGostei de conversar com voc\u00ea, mas tenho que ir agora. Foi \u00f3timo conhec\u00ea-lo!\u201d deixa uma impress\u00e3o positiva e encerra a conversa com uma boa nota.<\/p>\n<p><strong>Troca de contatos se for m\u00fatuo<\/strong>: Se a conversa correu bem e ambos expressaram interesse em manter contato, o CrushRoulette pode permitir que os usu\u00e1rios troquem detalhes de contato. Certifique-se de que o interesse seja m\u00fatuo antes de sugerir uma conex\u00e3o fora da plataforma.<\/p>\n<h3>Seguran\u00e7a e consentimento<\/h3>\n<p><strong>Priorizar sempre o consentimento<\/strong>: Certifique-se de que todas as perguntas ou t\u00f3picos pessoais sejam abordados com consentimento. Nunca presuma que a outra pessoa est\u00e1 confort\u00e1vel com tudo em uma conversa.<\/p>\n<p><strong>Denunciar comportamento inadequado<\/strong>: Utilize os recursos de den\u00fancia do CrushRoulette se voc\u00ea encontrar algum comportamento inadequado. Manter a plataforma segura e respeitosa \u00e9 uma responsabilidade coletiva.<\/p>\n<p>Essas dicas foram elaboradas para ajudar a criar um ambiente respeitoso, envolvente e agrad\u00e1vel no CrushRoulette, melhorando a experi\u00eancia geral ao conversar com mulheres na plataforma.<\/p>\n<h2>Bate-papo por v\u00eddeo aleat\u00f3rio e o apelo do CrushRoulette<\/h2>\n<p><a href=\"https:\/\/strangercam.com\/pt-br\/chathub\/\">Bate-papo por v\u00eddeo aleat\u00f3rio<\/a> refere-se ao conceito de conex\u00e3o com estranhos por meio de chamadas de v\u00eddeo em uma plataforma digital, em que o sistema seleciona aleatoriamente as pessoas com quem voc\u00ea conversa. Essa forma de intera\u00e7\u00e3o digital ganhou imensa popularidade devido \u00e0 sua natureza espont\u00e2nea e ao entusiasmo que proporciona. A CrushRoulette, uma plataforma l\u00edder nesse setor <a href=\"https:\/\/strangercam.com\/pt-br\/mocospace\/\">espa\u00e7o<\/a>, exemplifica o motivo pelo qual a <a href=\"https:\/\/strangercam.com\/pt-br\/rabbit-video-chat\/\">bate-papo por v\u00eddeo<\/a> tornou-se uma maneira preferida para as pessoas <a href=\"https:\/\/strangercam.com\/pt-br\/coomeet\/\">conhecer<\/a> e interagir de todo o mundo.<\/p>\n<h3>A emo\u00e7\u00e3o da espontaneidade<\/h3>\n<p>Um dos principais atrativos do bate-papo por v\u00eddeo aleat\u00f3rio, especialmente em plataformas como o CrushRoulette, \u00e9 o elemento surpresa. Cada sess\u00e3o traz um novo rosto, um hist\u00f3rico diferente e uma nova conversa. Essa imprevisibilidade mant\u00e9m a experi\u00eancia empolgante e imprevis\u00edvel, como uma vers\u00e3o digital de uma caixa misteriosa.<\/p>\n<h3>Rompendo barreiras globais<\/h3>\n<p>O CrushRoulette e servi\u00e7os semelhantes conectam usu\u00e1rios de v\u00e1rios pa\u00edses, rompendo barreiras geogr\u00e1ficas e culturais. Essa exposi\u00e7\u00e3o a diversas culturas e estilos de vida enriquece a experi\u00eancia do usu\u00e1rio, proporcionando uma plataforma social e educacional exclusiva, na qual \u00e9 poss\u00edvel aprender sobre o mundo de uma forma que a m\u00eddia tradicional n\u00e3o pode oferecer.<\/p>\n<h3>Facilidade de conhecer novas pessoas<\/h3>\n<p>Para muitos, especialmente no mundo ocupado e \u00e0s vezes isolado de hoje, encontrar novos amigos ou conversas interessantes pode ser um desafio. As plataformas de bate-papo por v\u00eddeo aleat\u00f3rio, como o CrushRoulette, oferecem uma maneira conveniente e sem press\u00e3o de conhecer novas pessoas. Quer voc\u00ea esteja procurando um bate-papo r\u00e1pido ou uma amizade duradoura, essas plataformas podem atender a todas as necessidades.<\/p>\n<h3>Intera\u00e7\u00e3o em tempo real<\/h3>\n<p>Diferentemente dos bate-papos baseados em texto, os bate-papos com v\u00eddeo permitem a intera\u00e7\u00e3o face a face em tempo real, o que acrescenta uma camada de autenticidade \u00e0 conversa. Voc\u00ea pode ver as rea\u00e7\u00f5es da pessoa, ouvir seu tom de voz e se envolver de uma forma mais pessoal e significativa. O CrushRoulette aproveita a transmiss\u00e3o de v\u00eddeo de alta qualidade para aprimorar essa experi\u00eancia, tornando as conversas mais v\u00edvidas e envolventes.<\/p>\n<h3>Recursos divertidos e personaliza\u00e7\u00e3o<\/h3>\n<p>O CrushRoulette aprimora a experi\u00eancia de bate-papo por v\u00eddeo aleat\u00f3rio ao incorporar recursos divertidos como filtros, efeitos e avatares personalizados. Esses elementos permitem que os usu\u00e1rios se expressem de forma criativa, acrescentando outra camada de prazer \u00e0 intera\u00e7\u00e3o. Al\u00e9m disso, as configura\u00e7\u00f5es de privacidade personaliz\u00e1veis garantem que os usu\u00e1rios se sintam seguros e no controle de sua experi\u00eancia de bate-papo.<\/p>\n<h3>Acessibilidade e conveni\u00eancia<\/h3>\n<p>Plataformas como o CrushRoulette foram projetadas para serem acess\u00edveis e f\u00e1ceis de usar, atendendo a pessoas de todas as idades e n\u00edveis de habilidade t\u00e9cnica. Com apenas alguns cliques, os usu\u00e1rios podem se conectar a algu\u00e9m novo, o que torna essa uma maneira altamente conveniente de socializar e fazer conex\u00f5es sem a necessidade de deslocamento f\u00edsico.<\/p>\n<p>A combina\u00e7\u00e3o desses recursos torna o bate-papo por v\u00eddeo aleat\u00f3rio uma atividade on-line cada vez mais popular. O CrushRoulette, com seu foco na cria\u00e7\u00e3o de conex\u00f5es genu\u00ednas e espont\u00e2neas de forma segura e agrad\u00e1vel, representa a evolu\u00e7\u00e3o da comunica\u00e7\u00e3o digital, reunindo pessoas de todos os cantos do mundo das maneiras mais inesperadas e agrad\u00e1veis.<\/p>\n<p>Concluindo, as plataformas de bate-papo por v\u00eddeo aleat\u00f3rio, como o CrushRoulette, revolucionaram a maneira como nos conectamos e interagimos na era digital. Ao oferecer uma mistura de espontaneidade, interc\u00e2mbio cultural e intera\u00e7\u00e3o em tempo real, essas plataformas proporcionam uma maneira \u00fanica e empolgante de conhecer novas pessoas e expandir nossos horizontes sociais no conforto de nossas pr\u00f3prias casas. O CrushRoulette, com seu design f\u00e1cil de usar, recursos de seguran\u00e7a robustos e elementos interativos divertidos, destaca-se como a principal op\u00e7\u00e3o para quem deseja explorar o emocionante mundo dos bate-papos por v\u00eddeo aleat\u00f3rios.<\/p>\n<p>Seja para fazer novos amigos, aprender sobre culturas diferentes ou simplesmente se divertir, o CrushRoulette oferece um ambiente seguro, envolvente e agrad\u00e1vel para expandir sua rede social. Seu compromisso em manter a privacidade do usu\u00e1rio e garantir uma comunidade respeitosa faz dele uma plataforma confi\u00e1vel para conversas significativas e agrad\u00e1veis.<\/p>\n<p>\u00c0 medida que o cen\u00e1rio digital continua a evoluir, plataformas como o CrushRoulette est\u00e3o preparadas para desempenhar um papel significativo na defini\u00e7\u00e3o de como interagimos com o mundo. Ent\u00e3o, por que n\u00e3o mergulhar de cabe\u00e7a e ver aonde um simples clique no CrushRoulette pode lev\u00e1-lo? Ele pode abrir um mundo de possibilidades, oferecendo conex\u00f5es que podem transformar sua perspectiva global, um bate-papo de cada vez.<\/p>","protected":false},"excerpt":{"rendered":"<p>CrushRoulette, as its name suggests, offers users the exhilarating opportunity to plunge into spontaneous conversations with strangers, but with a distinctive twist. At its core, CrushRoulette is an online video chat platform designed to connect people from diverse backgrounds and different corners of the globe. Unlike many similar platforms, CrushRoulette introduces a novel approach to [&hellip;]<\/p>\n","protected":false},"author":6,"featured_media":12398,"parent":0,"menu_order":0,"comment_status":"closed","ping_status":"closed","template":"","meta":{"footnotes":""},"class_list":["post-12397","page","type-page","status-publish","has-post-thumbnail","hentry"],"yoast_head":"<!-- This site is optimized with the Yoast SEO plugin v26.9 - https:\/\/yoast.com\/product\/yoast-seo-wordpress\/ -->\n<title>CrushRoulette Random Video Chat - StrangerCam.com<\/title>\n<meta name=\"description\" content=\"Like CrushRoulette? Come chat with more than 5.000.000 strangers on Stranger Cam for Free! Turn on your cam and find new friends &amp; maby a match!\" \/>\n<meta name=\"robots\" content=\"index, follow, max-snippet:-1, max-image-preview:large, max-video-preview:-1\" \/>\n<link rel=\"canonical\" href=\"https:\/\/strangercam.com\/pt-br\/crushroulette\/\" \/>\n<meta property=\"og:locale\" content=\"pt_BR\" \/>\n<meta property=\"og:type\" content=\"article\" \/>\n<meta property=\"og:title\" content=\"CrushRoulette Random Video Chat - StrangerCam.com\" \/>\n<meta property=\"og:description\" content=\"Like CrushRoulette? Come chat with more than 5.000.000 strangers on Stranger Cam for Free! Turn on your cam and find new friends &amp; maby a match!\" \/>\n<meta property=\"og:url\" content=\"https:\/\/strangercam.com\/pt-br\/crushroulette\/\" \/>\n<meta property=\"og:site_name\" content=\"Strangercam\" \/>\n<meta property=\"article:publisher\" content=\"https:\/\/www.facebook.com\/strangercam\" \/>\n<meta property=\"article:modified_time\" content=\"2024-05-09T09:33:57+00:00\" \/>\n<meta property=\"og:image\" content=\"https:\/\/strangercam.com\/wp-content\/uploads\/2024\/05\/CrushRoulette.png\" \/>\n\t<meta property=\"og:image:width\" content=\"1296\" \/>\n\t<meta property=\"og:image:height\" content=\"700\" \/>\n\t<meta property=\"og:image:type\" content=\"image\/png\" \/>\n<meta name=\"twitter:card\" content=\"summary_large_image\" \/>\n<meta name=\"twitter:site\" content=\"@strangercamapp\" \/>\n<meta name=\"twitter:label1\" content=\"Est. tempo de leitura\" \/>\n\t<meta name=\"twitter:data1\" content=\"8 minutos\" \/>\n<script type=\"application\/ld+json\" class=\"yoast-schema-graph\">{\"@context\":\"https:\/\/schema.org\",\"@graph\":[{\"@type\":\"WebPage\",\"@id\":\"https:\/\/strangercam.com\/crushroulette\/\",\"url\":\"https:\/\/strangercam.com\/crushroulette\/\",\"name\":\"CrushRoulette Random Video Chat - StrangerCam.com\",\"isPartOf\":{\"@id\":\"https:\/\/strangercam.com\/#website\"},\"primaryImageOfPage\":{\"@id\":\"https:\/\/strangercam.com\/crushroulette\/#primaryimage\"},\"image\":{\"@id\":\"https:\/\/strangercam.com\/crushroulette\/#primaryimage\"},\"thumbnailUrl\":\"https:\/\/strangercam.com\/wp-content\/uploads\/2024\/05\/CrushRoulette.png\",\"datePublished\":\"2024-05-09T09:32:55+00:00\",\"dateModified\":\"2024-05-09T09:33:57+00:00\",\"description\":\"Like CrushRoulette? Come chat with more than 5.000.000 strangers on Stranger Cam for Free! Turn on your cam and find new friends & maby a match!\",\"breadcrumb\":{\"@id\":\"https:\/\/strangercam.com\/crushroulette\/#breadcrumb\"},\"inLanguage\":\"pt-BR\",\"potentialAction\":[{\"@type\":\"ReadAction\",\"target\":[\"https:\/\/strangercam.com\/crushroulette\/\"]}]},{\"@type\":\"ImageObject\",\"inLanguage\":\"pt-BR\",\"@id\":\"https:\/\/strangercam.com\/crushroulette\/#primaryimage\",\"url\":\"https:\/\/strangercam.com\/wp-content\/uploads\/2024\/05\/CrushRoulette.png\",\"contentUrl\":\"https:\/\/strangercam.com\/wp-content\/uploads\/2024\/05\/CrushRoulette.png\",\"width\":1296,\"height\":700,\"caption\":\"CrushRoulette\"},{\"@type\":\"BreadcrumbList\",\"@id\":\"https:\/\/strangercam.com\/crushroulette\/#breadcrumb\",\"itemListElement\":[{\"@type\":\"ListItem\",\"position\":1,\"name\":\"Home\",\"item\":\"https:\/\/strangercam.com\/\"},{\"@type\":\"ListItem\",\"position\":2,\"name\":\"CrushRoulette\"}]},{\"@type\":\"WebSite\",\"@id\":\"https:\/\/strangercam.com\/#website\",\"url\":\"https:\/\/strangercam.com\/\",\"name\":\"Strangercam\",\"description\":\"Random Video Chat with Strangers\",\"publisher\":{\"@id\":\"https:\/\/strangercam.com\/#organization\"},\"alternateName\":\"Strangercam.com\",\"potentialAction\":[{\"@type\":\"SearchAction\",\"target\":{\"@type\":\"EntryPoint\",\"urlTemplate\":\"https:\/\/strangercam.com\/?s={search_term_string}\"},\"query-input\":{\"@type\":\"PropertyValueSpecification\",\"valueRequired\":true,\"valueName\":\"search_term_string\"}}],\"inLanguage\":\"pt-BR\"},{\"@type\":\"Organization\",\"@id\":\"https:\/\/strangercam.com\/#organization\",\"name\":\"Strangercam\",\"alternateName\":\"Strangercam.com\",\"url\":\"https:\/\/strangercam.com\/\",\"logo\":{\"@type\":\"ImageObject\",\"inLanguage\":\"pt-BR\",\"@id\":\"https:\/\/strangercam.com\/#\/schema\/logo\/image\/\",\"url\":\"https:\/\/strangercam.com\/wp-content\/uploads\/2020\/11\/cropped-new-favicon-black.png\",\"contentUrl\":\"https:\/\/strangercam.com\/wp-content\/uploads\/2020\/11\/cropped-new-favicon-black.png\",\"width\":512,\"height\":512,\"caption\":\"Strangercam\"},\"image\":{\"@id\":\"https:\/\/strangercam.com\/#\/schema\/logo\/image\/\"},\"sameAs\":[\"https:\/\/www.facebook.com\/strangercam\",\"https:\/\/x.com\/strangercamapp\"]}]}<\/script>\n<!-- \/ Yoast SEO plugin. -->","yoast_head_json":{"title":"CrushRoulette Bate-papo por v\u00eddeo aleat\u00f3rio - StrangerCam.com","description":"Gosta do CrushRoulette? Venha bater papo com mais de 5.000.000 de estranhos no Stranger Cam de gra\u00e7a! Ligue sua c\u00e2mera e encontre novos amigos e talvez um par!","robots":{"index":"index","follow":"follow","max-snippet":"max-snippet:-1","max-image-preview":"max-image-preview:large","max-video-preview":"max-video-preview:-1"},"canonical":"https:\/\/strangercam.com\/pt-br\/crushroulette\/","og_locale":"pt_BR","og_type":"article","og_title":"CrushRoulette Random Video Chat - StrangerCam.com","og_description":"Like CrushRoulette? Come chat with more than 5.000.000 strangers on Stranger Cam for Free! Turn on your cam and find new friends & maby a match!","og_url":"https:\/\/strangercam.com\/pt-br\/crushroulette\/","og_site_name":"Strangercam","article_publisher":"https:\/\/www.facebook.com\/strangercam","article_modified_time":"2024-05-09T09:33:57+00:00","og_image":[{"width":1296,"height":700,"url":"https:\/\/strangercam.com\/wp-content\/uploads\/2024\/05\/CrushRoulette.png","type":"image\/png"}],"twitter_card":"summary_large_image","twitter_site":"@strangercamapp","twitter_misc":{"Est. tempo de leitura":"8 minutos"},"schema":{"@context":"https:\/\/schema.org","@graph":[{"@type":"WebPage","@id":"https:\/\/strangercam.com\/crushroulette\/","url":"https:\/\/strangercam.com\/crushroulette\/","name":"CrushRoulette Bate-papo por v\u00eddeo aleat\u00f3rio - StrangerCam.com","isPartOf":{"@id":"https:\/\/strangercam.com\/#website"},"primaryImageOfPage":{"@id":"https:\/\/strangercam.com\/crushroulette\/#primaryimage"},"image":{"@id":"https:\/\/strangercam.com\/crushroulette\/#primaryimage"},"thumbnailUrl":"https:\/\/strangercam.com\/wp-content\/uploads\/2024\/05\/CrushRoulette.png","datePublished":"2024-05-09T09:32:55+00:00","dateModified":"2024-05-09T09:33:57+00:00","description":"Gosta do CrushRoulette? Venha bater papo com mais de 5.000.000 de estranhos no Stranger Cam de gra\u00e7a! Ligue sua c\u00e2mera e encontre novos amigos e talvez um par!","breadcrumb":{"@id":"https:\/\/strangercam.com\/crushroulette\/#breadcrumb"},"inLanguage":"pt-BR","potentialAction":[{"@type":"ReadAction","target":["https:\/\/strangercam.com\/crushroulette\/"]}]},{"@type":"ImageObject","inLanguage":"pt-BR","@id":"https:\/\/strangercam.com\/crushroulette\/#primaryimage","url":"https:\/\/strangercam.com\/wp-content\/uploads\/2024\/05\/CrushRoulette.png","contentUrl":"https:\/\/strangercam.com\/wp-content\/uploads\/2024\/05\/CrushRoulette.png","width":1296,"height":700,"caption":"CrushRoulette"},{"@type":"BreadcrumbList","@id":"https:\/\/strangercam.com\/crushroulette\/#breadcrumb","itemListElement":[{"@type":"ListItem","position":1,"name":"Home","item":"https:\/\/strangercam.com\/"},{"@type":"ListItem","position":2,"name":"CrushRoulette"}]},{"@type":"WebSite","@id":"https:\/\/strangercam.com\/#website","url":"https:\/\/strangercam.com\/","name":"Strangercam","description":"Bate-papo por v\u00eddeo aleat\u00f3rio com estranhos","publisher":{"@id":"https:\/\/strangercam.com\/#organization"},"alternateName":"Strangercam.com","potentialAction":[{"@type":"SearchAction","target":{"@type":"EntryPoint","urlTemplate":"https:\/\/strangercam.com\/?s={search_term_string}"},"query-input":{"@type":"PropertyValueSpecification","valueRequired":true,"valueName":"search_term_string"}}],"inLanguage":"pt-BR"},{"@type":"Organization","@id":"https:\/\/strangercam.com\/#organization","name":"Strangercam","alternateName":"Strangercam.com","url":"https:\/\/strangercam.com\/","logo":{"@type":"ImageObject","inLanguage":"pt-BR","@id":"https:\/\/strangercam.com\/#\/schema\/logo\/image\/","url":"https:\/\/strangercam.com\/wp-content\/uploads\/2020\/11\/cropped-new-favicon-black.png","contentUrl":"https:\/\/strangercam.com\/wp-content\/uploads\/2020\/11\/cropped-new-favicon-black.png","width":512,"height":512,"caption":"Strangercam"},"image":{"@id":"https:\/\/strangercam.com\/#\/schema\/logo\/image\/"},"sameAs":["https:\/\/www.facebook.com\/strangercam","https:\/\/x.com\/strangercamapp"]}]}},"_links":{"self":[{"href":"https:\/\/strangercam.com\/pt-br\/wp-json\/wp\/v2\/pages\/12397","targetHints":{"allow":["GET"]}}],"collection":[{"href":"https:\/\/strangercam.com\/pt-br\/wp-json\/wp\/v2\/pages"}],"about":[{"href":"https:\/\/strangercam.com\/pt-br\/wp-json\/wp\/v2\/types\/page"}],"author":[{"embeddable":true,"href":"https:\/\/strangercam.com\/pt-br\/wp-json\/wp\/v2\/users\/6"}],"replies":[{"embeddable":true,"href":"https:\/\/strangercam.com\/pt-br\/wp-json\/wp\/v2\/comments?post=12397"}],"version-history":[{"count":0,"href":"https:\/\/strangercam.com\/pt-br\/wp-json\/wp\/v2\/pages\/12397\/revisions"}],"wp:featuredmedia":[{"embeddable":true,"href":"https:\/\/strangercam.com\/pt-br\/wp-json\/wp\/v2\/media\/12398"}],"wp:attachment":[{"href":"https:\/\/strangercam.com\/pt-br\/wp-json\/wp\/v2\/media?parent=12397"}],"curies":[{"name":"wp","href":"https:\/\/api.w.org\/{rel}","templated":true}]}}