{"id":12341,"date":"2024-02-07T12:40:26","date_gmt":"2024-02-07T10:40:26","guid":{"rendered":"https:\/\/strangercam.com\/?page_id=12341"},"modified":"2024-02-07T12:50:49","modified_gmt":"2024-02-07T10:50:49","slug":"cleefchat","status":"publish","type":"page","link":"https:\/\/strangercam.com\/pt-br\/cleefchat\/","title":{"rendered":"CleefChat"},"content":{"rendered":"<p>Na era digital atual, \u00e9 fundamental encontrar uma plataforma confi\u00e1vel e envolvente para a comunica\u00e7\u00e3o on-line. \u00c9 por isso que o CleefChat, uma empresa alem\u00e3 <a href=\"https:\/\/strangercam.com\/pt-br\/chatroom2000\/\">sala de bate-papo<\/a> O site da Web entra em a\u00e7\u00e3o. Nossa explora\u00e7\u00e3o do CleefChat revelou uma plataforma que n\u00e3o apenas atende \u00e0s demandas modernas de intera\u00e7\u00e3o digital, mas tamb\u00e9m acrescenta um toque exclusivo \u00e0 experi\u00eancia da sala de bate-papo. Desde a facilidade de uso at\u00e9 o conjunto abrangente de recursos, o CleefChat se destaca como um destino para quem deseja se conectar, compartilhar e interagir com outras pessoas on-line. Vamos nos aprofundar no que faz do CleefChat a principal plataforma de salas de bate-papo da Alemanha.<\/p>\n<h2>O que \u00e9 o CleefChat?<\/h2>\n<p>O CleefChat \u00e9 uma plataforma on-line inovadora que re\u00fane pessoas em um ambiente de sala de bate-papo din\u00e2mico e interativo. Nascido do desejo de criar um <a href=\"https:\/\/strangercam.com\/pt-br\/mocospace\/\">espa\u00e7o<\/a> onde as pessoas podem se comunicar livremente, compartilhar ideias e formar conex\u00f5es, o CleefChat rapidamente ganhou destaque no mundo de l\u00edngua alem\u00e3. Sua interface amig\u00e1vel e infraestrutura robusta fazem dele a escolha ideal para usu\u00e1rios de todas as idades e origens, que buscam tudo, desde bate-papos casuais at\u00e9 discuss\u00f5es mais profundas.<\/p>\n<h2>O CleefChat \u00e9 gratuito?<\/h2>\n<p>Um dos aspectos mais atraentes do CleefChat \u00e9 sua acessibilidade. Sim, o CleefChat \u00e9 totalmente <a href=\"https:\/\/strangercam.com\/pt-br\/chat4free\/\">gratuito<\/a> para usar, o que imediatamente reduz a barreira para novos usu\u00e1rios que desejam entrar na plataforma. Esse acesso gratuito garante que um grupo diversificado de indiv\u00edduos possa participar, tornando as conversas nas salas de bate-papo mais ricas e variadas. Embora o CleefChat ofere\u00e7a acesso gratuito, ele mant\u00e9m um servi\u00e7o de alta qualidade, garantindo que os usu\u00e1rios tenham uma experi\u00eancia positiva e ininterrupta.<\/p>\n<h2>Como usar<\/h2>\n<p>O uso do CleefChat \u00e9 simples, refletindo o compromisso da plataforma com a facilidade de uso. Para come\u00e7ar, basta visitar o site do CleefChat, escolher uma sala de bate-papo de seu interesse e digitar um apelido se preferir permanecer an\u00f4nimo. A partir da\u00ed, voc\u00ea pode come\u00e7ar a participar de conversas, compartilhar seus pensamentos e se conectar com outras pessoas. A plataforma tamb\u00e9m oferece recursos de mensagens privadas, permitindo conversas mais pessoais fora das salas de bate-papo p\u00fablicas.<\/p>\n<h2>Para que serve o CleefChat?<\/h2>\n<p>O CleefChat se destaca como uma plataforma vers\u00e1til, atendendo a uma ampla gama de interesses e necessidades. Se voc\u00ea est\u00e1 procurando um lugar para discutir eventos atuais, compartilhar seus hobbies mais recentes ou buscar conselhos sobre assuntos pessoais, as diversas salas de bate-papo do CleefChat oferecem um espa\u00e7o para tudo isso. \u00c9 particularmente ben\u00e9fico para aqueles que desejam interagir com um p\u00fablico de l\u00edngua alem\u00e3, seja para praticar o idioma, fazer interc\u00e2mbio cultural ou socializar com os habitantes locais.<\/p>\n<h2>Quais s\u00e3o os recursos oferecidos pelo CleefChat?<\/h2>\n<p>O CleefChat se destaca devido ao seu rico conjunto de recursos, projetado para aprimorar a experi\u00eancia do usu\u00e1rio. Os principais recursos incluem:<\/p>\n<ul>\n<li><strong>Diversas salas de bate-papo<\/strong>: Com uma variedade de t\u00f3picos, os usu\u00e1rios podem encontrar ou criar salas de bate-papo que correspondam aos seus interesses.<\/li>\n<li><strong>Mensagens privadas<\/strong>: Para aqueles que buscam conversas mais \u00edntimas, o recurso de mensagens privadas \u00e9 inestim\u00e1vel.<\/li>\n<li><strong>Perfis de usu\u00e1rio<\/strong>: Embora o anonimato seja uma op\u00e7\u00e3o, os usu\u00e1rios tamb\u00e9m podem criar perfis para compartilhar mais informa\u00e7\u00f5es sobre si mesmos.<\/li>\n<li><strong>Ferramentas de modera\u00e7\u00e3o<\/strong>: Para garantir um ambiente seguro e acolhedor, o CleefChat oferece ferramentas de modera\u00e7\u00e3o, mantendo a plataforma livre de conte\u00fado inadequado.<\/li>\n<\/ul>\n<h2>O que s\u00e3o CleefChat Alternatives?<\/h2>\n<p>Embora o CleefChat ofere\u00e7a uma plataforma robusta para bate-papos on-line, existem v\u00e1rias alternativas para quem busca experi\u00eancias diferentes ou recursos adicionais. Entre as alternativas mais populares est\u00e3o o Discord, por sua comunidade e salas de bate-papo voltadas para jogos; o Slack, que atende \u00e0 comunica\u00e7\u00e3o profissional e em equipe; e o WhatsApp, conhecido por seu uso generalizado e mensagens criptografadas de ponta a ponta. Cada plataforma tem seus pontos fortes exclusivos, mas o CleefChat continua sendo a escolha preferida para aqueles que valorizam a simplicidade, a comunidade e o foco nos usu\u00e1rios de l\u00edngua alem\u00e3.<\/p>\n<h2>Conclus\u00e3o<\/h2>\n<p>O CleefChat se estabeleceu como uma das principais plataformas de bate-papo na Alemanha, oferecendo uma combina\u00e7\u00e3o de simplicidade, diversidade e conectividade. Seu compromisso em oferecer um ambiente gratuito, acess\u00edvel e rico em recursos faz com que seja uma op\u00e7\u00e3o de destaque para a comunica\u00e7\u00e3o on-line. Se voc\u00ea deseja participar de discuss\u00f5es animadas, conectar-se com novos amigos ou explorar a cultura alem\u00e3, o CleefChat oferece a plataforma perfeita para enriquecer sua experi\u00eancia social on-line. Enquanto continuamos a navegar pelo mundo digital, plataformas como o CleefChat nos lembram do poder da comunidade e das infinitas possibilidades de intera\u00e7\u00e3o on-line.<\/p>\n<h2>Perguntas frequentes<\/h2>\n<h3>O CleefChat est\u00e1 dispon\u00edvel em todo o mundo?<\/h3>\n<p>Sim, o CleefChat \u00e9 acess\u00edvel em todo o mundo, oferecendo uma plataforma global para os usu\u00e1rios se conectarem. Embora atenda principalmente a um p\u00fablico de l\u00edngua alem\u00e3, seu ambiente inclusivo recebe pessoas de todos os cantos do mundo.<\/p>\n<h3>Preciso me registrar para usar o CleefChat?<\/h3>\n<p>N\u00e3o, um dos grandes recursos do CleefChat \u00e9 que n\u00e3o \u00e9 necess\u00e1rio se registrar para entrar nas salas de bate-papo e participar das discuss\u00f5es. Os usu\u00e1rios t\u00eam a op\u00e7\u00e3o de <a href=\"https:\/\/strangercam.com\/pt-br\/chatroulette\/\">bate-papo<\/a> anonimamente ou escolher um apelido para sua sess\u00e3o.<\/p>\n<h3>Posso criar minha pr\u00f3pria sala de bate-papo no CleefChat?<\/h3>\n<p>Sim, o CleefChat permite que os usu\u00e1rios criem suas pr\u00f3prias salas de bate-papo. Esse recurso permite que os usu\u00e1rios personalizem os t\u00f3picos das salas de bate-papo, facilitando a reuni\u00e3o de pessoas com a mesma opini\u00e3o para discuss\u00f5es ou interesses espec\u00edficos.<\/p>\n<h3>Como o CleefChat garante a seguran\u00e7a e a privacidade do usu\u00e1rio?<\/h3>\n<p>O CleefChat leva a s\u00e9rio a seguran\u00e7a e a privacidade do usu\u00e1rio. Ele implementa v\u00e1rias ferramentas e pol\u00edticas de modera\u00e7\u00e3o para monitorar as atividades da sala de bate-papo e remover conte\u00fado inadequado. Al\u00e9m disso, a op\u00e7\u00e3o de bate-papo an\u00f4nimo <a href=\"https:\/\/strangercam.com\/pt-br\/chatingly\/\">bate-papo<\/a> ajuda a proteger a privacidade do usu\u00e1rio.<\/p>\n<h3>H\u00e1 alguma restri\u00e7\u00e3o de idade para usar o CleefChat?<\/h3>\n<p>O CleefChat foi projetado para ser uma plataforma segura e acolhedora para um p\u00fablico amplo. No entanto, \u00e9 geralmente recomendado que os usu\u00e1rios com menos de 13 anos obtenham permiss\u00e3o dos pais antes de usar o site, de acordo com as diretrizes gerais de seguran\u00e7a na Internet.<\/p>\n<h3>Como posso denunciar um comportamento inadequado no CleefChat?<\/h3>\n<p>O CleefChat oferece aos usu\u00e1rios ferramentas para denunciar comportamentos ou conte\u00fados inadequados diretamente na plataforma. Esse recurso ajuda a manter um ambiente respeitoso e seguro para todos os usu\u00e1rios.<\/p>\n<h3>Posso usar o CleefChat em meu dispositivo m\u00f3vel?<\/h3>\n<p>Embora o CleefChat seja principalmente uma plataforma baseada na Web, seu site \u00e9 otimizado para uso m\u00f3vel, permitindo que os usu\u00e1rios acessem as salas de bate-papo e os recursos de seus smartphones e tablets.<\/p>\n<h3>O CleefChat \u00e9 compat\u00edvel com v\u00e1rios idiomas?<\/h3>\n<p>O foco principal do CleefChat \u00e9 a comunidade de l\u00edngua alem\u00e3, mas a plataforma pode ser usada por falantes de outros idiomas que desejam se conectar com falantes de alem\u00e3o ou participar de salas de bate-papo internacionais.<\/p>\n<h3>O que torna o CleefChat diferente de outros sites de salas de bate-papo?<\/h3>\n<p>O CleefChat se distingue por seu foco na simplicidade, na comunidade e em uma experi\u00eancia f\u00e1cil de usar. Sua dedica\u00e7\u00e3o em promover um ambiente seguro e envolvente para os usu\u00e1rios de l\u00edngua alem\u00e3 e al\u00e9m o diferencia de outras plataformas.<\/p>\n<h3>Posso encontrar suporte se tiver problemas t\u00e9cnicos no CleefChat?<\/h3>\n<p>Sim, o CleefChat oferece suporte aos usu\u00e1rios que enfrentam problemas t\u00e9cnicos. Normalmente, a assist\u00eancia pode ser buscada na se\u00e7\u00e3o de ajuda do site, onde os usu\u00e1rios podem encontrar perguntas frequentes e informa\u00e7\u00f5es de contato para obter mais ajuda.<\/p>","protected":false},"excerpt":{"rendered":"<p>In today&#8217;s digital era, finding a reliable and engaging platform for online communication is paramount. That&#8217;s where CleefChat, a German chatroom website, comes into play. Our exploration into CleefChat has revealed a platform that not only meets the modern demands of digital interaction but also adds a unique touch to the chatroom experience. From its [&hellip;]<\/p>\n","protected":false},"author":6,"featured_media":559,"parent":0,"menu_order":0,"comment_status":"closed","ping_status":"closed","template":"","meta":{"footnotes":""},"class_list":["post-12341","page","type-page","status-publish","has-post-thumbnail","hentry"],"yoast_head":"<!-- This site is optimized with the Yoast SEO plugin v27.4 - https:\/\/yoast.com\/product\/yoast-seo-wordpress\/ -->\n<title>CleefChat - Chat without Registering - StrangerCam<\/title>\n<meta name=\"description\" content=\"Like CleefChat? Join our 100% anonymous chatroom site with girls and strangers on StrangerCam for Free with CleefChat!\" \/>\n<meta name=\"robots\" content=\"index, follow, max-snippet:-1, max-image-preview:large, max-video-preview:-1\" \/>\n<link rel=\"canonical\" href=\"https:\/\/strangercam.com\/pt-br\/cleefchat\/\" \/>\n<meta property=\"og:locale\" content=\"pt_BR\" \/>\n<meta property=\"og:type\" content=\"article\" \/>\n<meta property=\"og:title\" content=\"CleefChat - Chat without Registering - StrangerCam\" \/>\n<meta property=\"og:description\" content=\"Like CleefChat? Join our 100% anonymous chatroom site with girls and strangers on StrangerCam for Free with CleefChat!\" \/>\n<meta property=\"og:url\" content=\"https:\/\/strangercam.com\/pt-br\/cleefchat\/\" \/>\n<meta property=\"og:site_name\" content=\"Strangercam\" \/>\n<meta property=\"article:publisher\" content=\"https:\/\/www.facebook.com\/strangercam\" \/>\n<meta property=\"article:modified_time\" content=\"2024-02-07T10:50:49+00:00\" \/>\n<meta property=\"og:image\" content=\"https:\/\/strangercam.com\/wp-content\/uploads\/2020\/11\/stranger-cam-1.png\" \/>\n\t<meta property=\"og:image:width\" content=\"800\" \/>\n\t<meta property=\"og:image:height\" content=\"800\" \/>\n\t<meta property=\"og:image:type\" content=\"image\/png\" \/>\n<meta name=\"twitter:card\" content=\"summary_large_image\" \/>\n<meta name=\"twitter:site\" content=\"@strangercamapp\" \/>\n<meta name=\"twitter:label1\" content=\"Est. tempo de leitura\" \/>\n\t<meta name=\"twitter:data1\" content=\"5 minutos\" \/>\n<script type=\"application\/ld+json\" class=\"yoast-schema-graph\">{\"@context\":\"https:\\\/\\\/schema.org\",\"@graph\":[{\"@type\":\"WebPage\",\"@id\":\"https:\\\/\\\/strangercam.com\\\/cleefchat\\\/\",\"url\":\"https:\\\/\\\/strangercam.com\\\/cleefchat\\\/\",\"name\":\"CleefChat - Chat without Registering - StrangerCam\",\"isPartOf\":{\"@id\":\"https:\\\/\\\/strangercam.com\\\/#website\"},\"primaryImageOfPage\":{\"@id\":\"https:\\\/\\\/strangercam.com\\\/cleefchat\\\/#primaryimage\"},\"image\":{\"@id\":\"https:\\\/\\\/strangercam.com\\\/cleefchat\\\/#primaryimage\"},\"thumbnailUrl\":\"https:\\\/\\\/strangercam.com\\\/wp-content\\\/uploads\\\/2020\\\/11\\\/stranger-cam-1.png\",\"datePublished\":\"2024-02-07T10:40:26+00:00\",\"dateModified\":\"2024-02-07T10:50:49+00:00\",\"description\":\"Like CleefChat? Join our 100% anonymous chatroom site with girls and strangers on StrangerCam for Free with CleefChat!\",\"breadcrumb\":{\"@id\":\"https:\\\/\\\/strangercam.com\\\/cleefchat\\\/#breadcrumb\"},\"inLanguage\":\"pt-BR\",\"potentialAction\":[{\"@type\":\"ReadAction\",\"target\":[\"https:\\\/\\\/strangercam.com\\\/cleefchat\\\/\"]}]},{\"@type\":\"ImageObject\",\"inLanguage\":\"pt-BR\",\"@id\":\"https:\\\/\\\/strangercam.com\\\/cleefchat\\\/#primaryimage\",\"url\":\"https:\\\/\\\/strangercam.com\\\/wp-content\\\/uploads\\\/2020\\\/11\\\/stranger-cam-1.png\",\"contentUrl\":\"https:\\\/\\\/strangercam.com\\\/wp-content\\\/uploads\\\/2020\\\/11\\\/stranger-cam-1.png\",\"width\":800,\"height\":800,\"caption\":\"stranger cam random video chat\"},{\"@type\":\"BreadcrumbList\",\"@id\":\"https:\\\/\\\/strangercam.com\\\/cleefchat\\\/#breadcrumb\",\"itemListElement\":[{\"@type\":\"ListItem\",\"position\":1,\"name\":\"Home\",\"item\":\"https:\\\/\\\/strangercam.com\\\/\"},{\"@type\":\"ListItem\",\"position\":2,\"name\":\"CleefChat\"}]},{\"@type\":\"WebSite\",\"@id\":\"https:\\\/\\\/strangercam.com\\\/#website\",\"url\":\"https:\\\/\\\/strangercam.com\\\/\",\"name\":\"Strangercam\",\"description\":\"Random Video Chat with Strangers\",\"publisher\":{\"@id\":\"https:\\\/\\\/strangercam.com\\\/#organization\"},\"alternateName\":\"Strangercam.com\",\"potentialAction\":[{\"@type\":\"SearchAction\",\"target\":{\"@type\":\"EntryPoint\",\"urlTemplate\":\"https:\\\/\\\/strangercam.com\\\/?s={search_term_string}\"},\"query-input\":{\"@type\":\"PropertyValueSpecification\",\"valueRequired\":true,\"valueName\":\"search_term_string\"}}],\"inLanguage\":\"pt-BR\"},{\"@type\":\"Organization\",\"@id\":\"https:\\\/\\\/strangercam.com\\\/#organization\",\"name\":\"Strangercam\",\"alternateName\":\"Strangercam.com\",\"url\":\"https:\\\/\\\/strangercam.com\\\/\",\"logo\":{\"@type\":\"ImageObject\",\"inLanguage\":\"pt-BR\",\"@id\":\"https:\\\/\\\/strangercam.com\\\/#\\\/schema\\\/logo\\\/image\\\/\",\"url\":\"https:\\\/\\\/strangercam.com\\\/wp-content\\\/uploads\\\/2020\\\/11\\\/cropped-new-favicon-black.png\",\"contentUrl\":\"https:\\\/\\\/strangercam.com\\\/wp-content\\\/uploads\\\/2020\\\/11\\\/cropped-new-favicon-black.png\",\"width\":512,\"height\":512,\"caption\":\"Strangercam\"},\"image\":{\"@id\":\"https:\\\/\\\/strangercam.com\\\/#\\\/schema\\\/logo\\\/image\\\/\"},\"sameAs\":[\"https:\\\/\\\/www.facebook.com\\\/strangercam\",\"https:\\\/\\\/x.com\\\/strangercamapp\"]}]}<\/script>\n<!-- \/ Yoast SEO plugin. -->","yoast_head_json":{"title":"CleefChat - Bate-papo sem registro - StrangerCam","description":"Gosta do CleefChat? Junte-se ao nosso site de bate-papo an\u00f4nimo 100% com garotas e estranhos no StrangerCam de gra\u00e7a com o CleefChat!","robots":{"index":"index","follow":"follow","max-snippet":"max-snippet:-1","max-image-preview":"max-image-preview:large","max-video-preview":"max-video-preview:-1"},"canonical":"https:\/\/strangercam.com\/pt-br\/cleefchat\/","og_locale":"pt_BR","og_type":"article","og_title":"CleefChat - Chat without Registering - StrangerCam","og_description":"Like CleefChat? Join our 100% anonymous chatroom site with girls and strangers on StrangerCam for Free with CleefChat!","og_url":"https:\/\/strangercam.com\/pt-br\/cleefchat\/","og_site_name":"Strangercam","article_publisher":"https:\/\/www.facebook.com\/strangercam","article_modified_time":"2024-02-07T10:50:49+00:00","og_image":[{"width":800,"height":800,"url":"https:\/\/strangercam.com\/wp-content\/uploads\/2020\/11\/stranger-cam-1.png","type":"image\/png"}],"twitter_card":"summary_large_image","twitter_site":"@strangercamapp","twitter_misc":{"Est. tempo de leitura":"5 minutos"},"schema":{"@context":"https:\/\/schema.org","@graph":[{"@type":"WebPage","@id":"https:\/\/strangercam.com\/cleefchat\/","url":"https:\/\/strangercam.com\/cleefchat\/","name":"CleefChat - Bate-papo sem registro - StrangerCam","isPartOf":{"@id":"https:\/\/strangercam.com\/#website"},"primaryImageOfPage":{"@id":"https:\/\/strangercam.com\/cleefchat\/#primaryimage"},"image":{"@id":"https:\/\/strangercam.com\/cleefchat\/#primaryimage"},"thumbnailUrl":"https:\/\/strangercam.com\/wp-content\/uploads\/2020\/11\/stranger-cam-1.png","datePublished":"2024-02-07T10:40:26+00:00","dateModified":"2024-02-07T10:50:49+00:00","description":"Gosta do CleefChat? Junte-se ao nosso site de bate-papo an\u00f4nimo 100% com garotas e estranhos no StrangerCam de gra\u00e7a com o CleefChat!","breadcrumb":{"@id":"https:\/\/strangercam.com\/cleefchat\/#breadcrumb"},"inLanguage":"pt-BR","potentialAction":[{"@type":"ReadAction","target":["https:\/\/strangercam.com\/cleefchat\/"]}]},{"@type":"ImageObject","inLanguage":"pt-BR","@id":"https:\/\/strangercam.com\/cleefchat\/#primaryimage","url":"https:\/\/strangercam.com\/wp-content\/uploads\/2020\/11\/stranger-cam-1.png","contentUrl":"https:\/\/strangercam.com\/wp-content\/uploads\/2020\/11\/stranger-cam-1.png","width":800,"height":800,"caption":"stranger cam random video chat"},{"@type":"BreadcrumbList","@id":"https:\/\/strangercam.com\/cleefchat\/#breadcrumb","itemListElement":[{"@type":"ListItem","position":1,"name":"Home","item":"https:\/\/strangercam.com\/"},{"@type":"ListItem","position":2,"name":"CleefChat"}]},{"@type":"WebSite","@id":"https:\/\/strangercam.com\/#website","url":"https:\/\/strangercam.com\/","name":"Strangercam","description":"Bate-papo por v\u00eddeo aleat\u00f3rio com estranhos","publisher":{"@id":"https:\/\/strangercam.com\/#organization"},"alternateName":"Strangercam.com","potentialAction":[{"@type":"SearchAction","target":{"@type":"EntryPoint","urlTemplate":"https:\/\/strangercam.com\/?s={search_term_string}"},"query-input":{"@type":"PropertyValueSpecification","valueRequired":true,"valueName":"search_term_string"}}],"inLanguage":"pt-BR"},{"@type":"Organization","@id":"https:\/\/strangercam.com\/#organization","name":"Strangercam","alternateName":"Strangercam.com","url":"https:\/\/strangercam.com\/","logo":{"@type":"ImageObject","inLanguage":"pt-BR","@id":"https:\/\/strangercam.com\/#\/schema\/logo\/image\/","url":"https:\/\/strangercam.com\/wp-content\/uploads\/2020\/11\/cropped-new-favicon-black.png","contentUrl":"https:\/\/strangercam.com\/wp-content\/uploads\/2020\/11\/cropped-new-favicon-black.png","width":512,"height":512,"caption":"Strangercam"},"image":{"@id":"https:\/\/strangercam.com\/#\/schema\/logo\/image\/"},"sameAs":["https:\/\/www.facebook.com\/strangercam","https:\/\/x.com\/strangercamapp"]}]}},"_links":{"self":[{"href":"https:\/\/strangercam.com\/pt-br\/wp-json\/wp\/v2\/pages\/12341","targetHints":{"allow":["GET"]}}],"collection":[{"href":"https:\/\/strangercam.com\/pt-br\/wp-json\/wp\/v2\/pages"}],"about":[{"href":"https:\/\/strangercam.com\/pt-br\/wp-json\/wp\/v2\/types\/page"}],"author":[{"embeddable":true,"href":"https:\/\/strangercam.com\/pt-br\/wp-json\/wp\/v2\/users\/6"}],"replies":[{"embeddable":true,"href":"https:\/\/strangercam.com\/pt-br\/wp-json\/wp\/v2\/comments?post=12341"}],"version-history":[{"count":0,"href":"https:\/\/strangercam.com\/pt-br\/wp-json\/wp\/v2\/pages\/12341\/revisions"}],"wp:featuredmedia":[{"embeddable":true,"href":"https:\/\/strangercam.com\/pt-br\/wp-json\/wp\/v2\/media\/559"}],"wp:attachment":[{"href":"https:\/\/strangercam.com\/pt-br\/wp-json\/wp\/v2\/media?parent=12341"}],"curies":[{"name":"wp","href":"https:\/\/api.w.org\/{rel}","templated":true}]}}