{"id":12254,"date":"2025-09-29T10:09:11","date_gmt":"2025-09-29T08:09:11","guid":{"rendered":"https:\/\/strangercam.com\/?page_id=12254"},"modified":"2025-09-29T12:07:57","modified_gmt":"2025-09-29T10:07:57","slug":"chamada-de-video-aleatoria-americana","status":"publish","type":"page","link":"https:\/\/strangercam.com\/pt-br\/american-random-video-call\/","title":{"rendered":"Chamada de v\u00eddeo aleat\u00f3ria americana"},"content":{"rendered":"<p>Procurando uma plataforma americana de chamadas de v\u00eddeo aleat\u00f3rias? Voc\u00ea est\u00e1 no lugar certo. Em 2025, milhares de pessoas procuram maneiras de se conectar instantaneamente com estranhos nos Estados Unidos - seja para fazer novos amigos, desfrutar de conversas casuais ou simplesmente explorar a cultura americana on-line. Diferentemente dos aplicativos tradicionais de namoro ou das redes sociais, as plataformas de chamadas de v\u00eddeo aleat\u00f3rias permitem que voc\u00ea conhe\u00e7a pessoas reais cara a cara em apenas alguns segundos.<\/p>\n<p>Com servi\u00e7os como o StrangerCam, voc\u00ea pode participar de uma chamada de v\u00eddeo aleat\u00f3ria americana agora mesmo. Sem registro, sem taxas, sem espera - apenas conversas instant\u00e2neas por v\u00eddeo com pessoas dos EUA e de outros pa\u00edses.<\/p>\n<p>Este guia explicar\u00e1 tudo o que voc\u00ea precisa saber: o que s\u00e3o as chamadas de v\u00eddeo aleat\u00f3rias americanas, por que elas s\u00e3o populares, como funcionam, quais recursos procurar, uma compara\u00e7\u00e3o das principais plataformas, dicas de seguran\u00e7a e por que a StrangerCam \u00e9 uma das melhores op\u00e7\u00f5es atualmente.<\/p>\n<h2>O que \u00e9 uma chamada de v\u00eddeo aleat\u00f3ria americana?<\/h2>\n<p>Uma chamada de v\u00eddeo aleat\u00f3ria americana \u00e9 um v\u00eddeo on-line individual <a href=\"https:\/\/strangercam.com\/pt-br\/chathub\/\">bate-papo<\/a> que conecta voc\u00ea com estranhos nos Estados Unidos. A experi\u00eancia \u00e9 simples:<\/p>\n<ul>\n<li>Voc\u00ea clica em um bot\u00e3o.<\/li>\n<li>Voc\u00ea \u00e9 instantaneamente combinado com algu\u00e9m novo nos EUA.<\/li>\n<li>Voc\u00ea pode conversar cara a cara usando a webcam e o microfone.<\/li>\n<li>N\u00e3o gostou da correspond\u00eancia? Basta clicar em Next para seguir em frente.<\/li>\n<\/ul>\n<p>Ao contr\u00e1rio dos aplicativos de namoro, n\u00e3o \u00e9 necess\u00e1rio esperar por correspond\u00eancias ou escrever longas biografias. \u00c9 direto, divertido e imprevis\u00edvel.<\/p>\n<h2>Por que as pessoas adoram as chamadas de v\u00eddeo aleat\u00f3rias americanas<\/h2>\n<p>O apelo de se conectar com estranhos nos EUA \u00e9 claro:<\/p>\n<ul>\n<li>Curiosidade cultural: Conhe\u00e7a americanos de diferentes estados, origens e estilos de vida.<\/li>\n<li>Pratique ingl\u00eas: Muitos usu\u00e1rios internacionais usam as chamadas de v\u00eddeo aleat\u00f3rias americanas para aprimorar suas habilidades lingu\u00edsticas.<\/li>\n<li>Amizade e paquera: Se voc\u00ea deseja uma conversa casual ou um flerte divertido, o bate-papo aleat\u00f3rio \u00e9 perfeito.<\/li>\n<li>Espontaneidade: Cada liga\u00e7\u00e3o \u00e9 diferente - voc\u00ea nunca sabe quem ser\u00e1 seu pr\u00f3ximo contato.<\/li>\n<li>Acessibilidade: \u00c9 gratuito, instant\u00e2neo e n\u00e3o requer registro.<\/li>\n<\/ul>\n<h2>Como funciona a chamada de v\u00eddeo aleat\u00f3ria americana?<\/h2>\n<p>S\u00e3o necess\u00e1rias apenas algumas etapas:<\/p>\n<ol>\n<li>Abra a plataforma (como a StrangerCam).<\/li>\n<li>Permita o acesso \u00e0 c\u00e2mera e ao microfone.<\/li>\n<li>Clique em \"Start Video Call\" (Iniciar chamada de v\u00eddeo).<\/li>\n<li>Fa\u00e7a um encontro instant\u00e2neo com um estranho nos Estados Unidos.<\/li>\n<li>Clique em \"Next\" a qualquer momento para conhecer algu\u00e9m novo.<\/li>\n<\/ol>\n<p>\u00c9 isso: r\u00e1pido, f\u00e1cil e sempre gratuito.<\/p>\n<h2>Recursos a serem procurados em uma plataforma de videochamada aleat\u00f3ria americana<\/h2>\n<p>Nem todas as plataformas oferecem a mesma experi\u00eancia. Aqui est\u00e1 o que \u00e9 mais importante:<\/p>\n<ul>\n<li>Filtros de localiza\u00e7\u00e3o: Capacidade de combinar especificamente com usu\u00e1rios nos EUA.<\/li>\n<li>Acesso gratuito: Uso ilimitado sem barreiras de pagamento ocultas.<\/li>\n<li>Sem registro: Bate-papo instant\u00e2neo sem contas.<\/li>\n<li>Compat\u00edvel com dispositivos m\u00f3veis: funciona sem problemas no iOS e no Android.<\/li>\n<li>Modera\u00e7\u00e3o segura: Prote\u00e7\u00e3o contra bots e conte\u00fado inadequado.<\/li>\n<li>Qualidade de v\u00eddeo: V\u00eddeo e som n\u00edtidos para conex\u00f5es reais.<\/li>\n<\/ul>\n<h2>Melhores plataformas americanas de videochamadas aleat\u00f3rias em 2025<\/h2>\n<p>Veja como os servi\u00e7os mais populares de hoje se comparam:<\/p>\n<table>\n<thead>\n<tr>\n<th>Plataforma<\/th>\n<th align=\"center\">Acesso gratuito<\/th>\n<th align=\"center\">Filtro de localiza\u00e7\u00e3o dos EUA<\/th>\n<th align=\"center\">Registro necess\u00e1rio<\/th>\n<th align=\"center\">Suporte m\u00f3vel<\/th>\n<th align=\"center\">Modera\u00e7\u00e3o<\/th>\n<th>Notas<\/th>\n<\/tr>\n<\/thead>\n<tbody>\n<tr>\n<td>StrangerCam<\/td>\n<td align=\"center\">\u2705<\/td>\n<td align=\"center\">\u2705 (Gratuito)<\/td>\n<td align=\"center\">\u274c<\/td>\n<td align=\"center\">\u2705<\/td>\n<td align=\"center\">\u2705<\/td>\n<td>Melhor geral: gratuito, com foco nos EUA<\/td>\n<\/tr>\n<tr>\n<td><a href=\"https:\/\/strangercam.com\/pt-br\/chatroulette\/\">Chatroulette<\/a><\/td>\n<td align=\"center\">\u2705<\/td>\n<td align=\"center\">\u274c<\/td>\n<td align=\"center\">\u274c<\/td>\n<td align=\"center\">\u2705<\/td>\n<td align=\"center\">\u2705<\/td>\n<td>Cl\u00e1ssico, somente aleat\u00f3rio<\/td>\n<\/tr>\n<tr>\n<td>Chatrandom<\/td>\n<td align=\"center\">\u2705<\/td>\n<td align=\"center\">\u2705 (Pago)<\/td>\n<td align=\"center\">\u274c<\/td>\n<td align=\"center\">\u2705<\/td>\n<td align=\"center\">\u2705<\/td>\n<td>Popular, mas os upgrades custam caro<\/td>\n<\/tr>\n<tr>\n<td><a href=\"https:\/\/strangercam.com\/pt-br\/ometv\/\">OmeTV<\/a><\/td>\n<td align=\"center\">\u2705<\/td>\n<td align=\"center\">\u274c<\/td>\n<td align=\"center\">\u274c<\/td>\n<td align=\"center\">\u2705<\/td>\n<td align=\"center\">\u2705<\/td>\n<td>Baseado em aplicativos, foco global<\/td>\n<\/tr>\n<tr>\n<td>Shagle<\/td>\n<td align=\"center\">\u2705<\/td>\n<td align=\"center\">\u2705 (Pago)<\/td>\n<td align=\"center\">\u274c<\/td>\n<td align=\"center\">\u2705<\/td>\n<td align=\"center\">\u2705<\/td>\n<td>Recursos premium bloqueados<\/td>\n<\/tr>\n<tr>\n<td><a href=\"https:\/\/strangercam.com\/pt-br\/coomeet\/\">CooMeet<\/a><\/td>\n<td align=\"center\">\u274c (Teste)<\/td>\n<td align=\"center\">\u2705<\/td>\n<td align=\"center\">\u2705<\/td>\n<td align=\"center\">\u2705<\/td>\n<td align=\"center\">\u2705<\/td>\n<td>Pago, focado em encontros entre homens e mulheres<\/td>\n<\/tr>\n<\/tbody>\n<\/table>\n<p>A StrangerCam \u00e9 uma das \u00fanicas plataformas que oferece chamadas de v\u00eddeo aleat\u00f3rias gratuitas especificamente para americanos - sem registro e com uso ilimitado.<\/p>\n<h2>Por que a StrangerCam \u00e9 a melhor op\u00e7\u00e3o<\/h2>\n<p>Veja por que a StrangerCam \u00e9 perfeita para quem busca \"chamada de v\u00eddeo aleat\u00f3ria americana\":<\/p>\n<ul>\n<li>Totalmente gratuito e ilimitado - Sem testes ou sistemas de cr\u00e9dito.<\/li>\n<li>USA Location Matching - Conhe\u00e7a pessoas reais nos Estados Unidos.<\/li>\n<li>N\u00e3o \u00e9 necess\u00e1rio se inscrever - Permane\u00e7a an\u00f4nimo e comece imediatamente.<\/li>\n<li>Seguro e moderado - Seguran\u00e7a mais forte do que as antigas plataformas do tipo Omegle.<\/li>\n<li>Pronto para celular e desktop - funciona em qualquer lugar, a qualquer hora.<\/li>\n<li>Base de usu\u00e1rios diversificada - Conhe\u00e7a americanos de costa a costa.<\/li>\n<\/ul>\n<h2>Depoimentos reais de usu\u00e1rios<\/h2>\n<blockquote><p>\"Eu queria praticar meu ingl\u00eas e procurei por chamadas de v\u00eddeo aleat\u00f3rias americanas. A StrangerCam me conectou com pessoas de Nova York e da Calif\u00f3rnia em minutos.\"<br \/>\n- Daniel, 24 anos (Espanha)<\/p><\/blockquote>\n<blockquote><p>\"\u00c9 muito divertido conhecer americanos aleat\u00f3rios - \u00e0s vezes \u00e9 casual, \u00e0s vezes flerta, mas \u00e9 sempre emocionante.\"<br \/>\n- Sophia, 21 anos (Canad\u00e1)<\/p><\/blockquote>\n<blockquote><p>\"Ao contr\u00e1rio de outros sites, este \u00e9 realmente gratuito. Sem registro, sem truques.\"<br \/>\n- Ryan, 29 anos (EUA)<\/p><\/blockquote>\n<blockquote><p>\"J\u00e1 tive \u00f3timas conversas com pessoas do Texas, da Fl\u00f3rida e de Chicago. Parece real e seguro.\"<br \/>\n- Leah, 20 anos (Alemanha)<\/p><\/blockquote>\n<h2>Dicas de seguran\u00e7a para chamadas de v\u00eddeo aleat\u00f3rias americanas<\/h2>\n<p>Embora seja divertido conversar com estranhos nos EUA, mantenha-se sempre seguro:<\/p>\n<ul>\n<li>Nunca compartilhe informa\u00e7\u00f5es pessoais (telefone, endere\u00e7o, local de trabalho).<\/li>\n<li>Evite links suspeitos durante os bate-papos.<\/li>\n<li>Use Skip\/Block se algu\u00e9m o incomodar.<\/li>\n<li>Verifique seu plano de fundo antes de ligar a webcam.<\/li>\n<li>Use um apelido em vez de seu nome verdadeiro.<\/li>\n<li>Respeite as regras de idade da plataforma - se tiver menos de 18 anos, n\u00e3o use o bate-papo para adultos.<\/li>\n<\/ul>\n<h2>Como come\u00e7ar - passo a passo<\/h2>\n<p>Veja a seguir como iniciar sua primeira chamada de v\u00eddeo aleat\u00f3ria americana:<\/p>\n<ol>\n<li>Abra a StrangerCam em seu navegador ou no celular.<\/li>\n<li>Permita o acesso \u00e0 c\u00e2mera e ao microfone.<\/li>\n<li>Escolha o filtro USA (se dispon\u00edvel).<\/li>\n<li>Clique em Start Chat.<\/li>\n<li>Conhe\u00e7a um estranho americano instantaneamente.<\/li>\n<li>Clique em Next a qualquer momento para conhecer algu\u00e9m novo.<\/li>\n<\/ol>\n<p>Em 2025, a demanda por chamadas de v\u00eddeo aleat\u00f3rias americanas nunca foi t\u00e3o alta. Pessoas de todo o mundo est\u00e3o curiosas para se conectar com americanos para fazer amizade, se divertir e fazer interc\u00e2mbio cultural.<\/p>\n<p>Plataformas como a StrangerCam facilitam isso: chamadas de v\u00eddeo gratuitas, instant\u00e2neas e seguras com pessoas reais nos EUA. Sem registro, sem taxas ocultas - apenas conex\u00f5es espont\u00e2neas com americanos com o clique de um bot\u00e3o.<\/p>\n<p>Pronto para conhecer algu\u00e9m novo? Inicie sua chamada de v\u00eddeo aleat\u00f3ria americana hoje mesmo e veja com quem voc\u00ea se conectar\u00e1 em seguida.<\/p>","protected":false},"excerpt":{"rendered":"<p>Looking for an American random video call platform? You\u2019re in the right place. In 2025, thousands of people search for ways to connect instantly with strangers in the United States\u2014whether to make new friends, enjoy casual conversations, or simply explore American culture online. Unlike traditional dating apps or social networks, random video call platforms let [&hellip;]<\/p>\n","protected":false},"author":8,"featured_media":0,"parent":0,"menu_order":0,"comment_status":"closed","ping_status":"closed","template":"","meta":{"footnotes":""},"class_list":["post-12254","page","type-page","status-publish","hentry"],"yoast_head":"<!-- This site is optimized with the Yoast SEO plugin v27.4 - https:\/\/yoast.com\/product\/yoast-seo-wordpress\/ -->\n<title>American Random Video Call with Video Chat on Strangercam.com<\/title>\n<meta name=\"description\" content=\"Liking American Random Video Call? Join millions on StrangerCam.com! Start a random video chat, turn on your cam, and meet strangers instantly.\" \/>\n<meta name=\"robots\" content=\"index, follow, max-snippet:-1, max-image-preview:large, max-video-preview:-1\" \/>\n<link rel=\"canonical\" href=\"https:\/\/strangercam.com\/pt-br\/chamada-de-video-aleatoria-americana\/\" \/>\n<meta property=\"og:locale\" content=\"pt_BR\" \/>\n<meta property=\"og:type\" content=\"article\" \/>\n<meta property=\"og:title\" content=\"American Random Video Call with Video Chat on Strangercam.com\" \/>\n<meta property=\"og:description\" content=\"Liking American Random Video Call? Join millions on StrangerCam.com! Start a random video chat, turn on your cam, and meet strangers instantly.\" \/>\n<meta property=\"og:url\" content=\"https:\/\/strangercam.com\/pt-br\/chamada-de-video-aleatoria-americana\/\" \/>\n<meta property=\"og:site_name\" content=\"Strangercam\" \/>\n<meta property=\"article:publisher\" content=\"https:\/\/www.facebook.com\/strangercam\" \/>\n<meta property=\"article:modified_time\" content=\"2025-09-29T10:07:57+00:00\" \/>\n<meta property=\"og:image\" content=\"https:\/\/strangercam.com\/wp-content\/uploads\/2021\/10\/Untitled-2.png\" \/>\n\t<meta property=\"og:image:width\" content=\"800\" \/>\n\t<meta property=\"og:image:height\" content=\"532\" \/>\n\t<meta property=\"og:image:type\" content=\"image\/png\" \/>\n<meta name=\"twitter:card\" content=\"summary_large_image\" \/>\n<meta name=\"twitter:site\" content=\"@strangercamapp\" \/>\n<meta name=\"twitter:label1\" content=\"Est. tempo de leitura\" \/>\n\t<meta name=\"twitter:data1\" content=\"4 minutos\" \/>\n<script type=\"application\/ld+json\" class=\"yoast-schema-graph\">{\"@context\":\"https:\\\/\\\/schema.org\",\"@graph\":[{\"@type\":\"WebPage\",\"@id\":\"https:\\\/\\\/strangercam.com\\\/american-random-video-call\\\/\",\"url\":\"https:\\\/\\\/strangercam.com\\\/american-random-video-call\\\/\",\"name\":\"American Random Video Call with Video Chat on Strangercam.com\",\"isPartOf\":{\"@id\":\"https:\\\/\\\/strangercam.com\\\/#website\"},\"datePublished\":\"2025-09-29T08:09:11+00:00\",\"dateModified\":\"2025-09-29T10:07:57+00:00\",\"description\":\"Liking American Random Video Call? Join millions on StrangerCam.com! Start a random video chat, turn on your cam, and meet strangers instantly.\",\"breadcrumb\":{\"@id\":\"https:\\\/\\\/strangercam.com\\\/american-random-video-call\\\/#breadcrumb\"},\"inLanguage\":\"pt-BR\",\"potentialAction\":[{\"@type\":\"ReadAction\",\"target\":[\"https:\\\/\\\/strangercam.com\\\/american-random-video-call\\\/\"]}]},{\"@type\":\"BreadcrumbList\",\"@id\":\"https:\\\/\\\/strangercam.com\\\/american-random-video-call\\\/#breadcrumb\",\"itemListElement\":[{\"@type\":\"ListItem\",\"position\":1,\"name\":\"Home\",\"item\":\"https:\\\/\\\/strangercam.com\\\/\"},{\"@type\":\"ListItem\",\"position\":2,\"name\":\"American Random Video Call\"}]},{\"@type\":\"WebSite\",\"@id\":\"https:\\\/\\\/strangercam.com\\\/#website\",\"url\":\"https:\\\/\\\/strangercam.com\\\/\",\"name\":\"Strangercam\",\"description\":\"Random Video Chat with Strangers\",\"publisher\":{\"@id\":\"https:\\\/\\\/strangercam.com\\\/#organization\"},\"alternateName\":\"Strangercam.com\",\"potentialAction\":[{\"@type\":\"SearchAction\",\"target\":{\"@type\":\"EntryPoint\",\"urlTemplate\":\"https:\\\/\\\/strangercam.com\\\/?s={search_term_string}\"},\"query-input\":{\"@type\":\"PropertyValueSpecification\",\"valueRequired\":true,\"valueName\":\"search_term_string\"}}],\"inLanguage\":\"pt-BR\"},{\"@type\":\"Organization\",\"@id\":\"https:\\\/\\\/strangercam.com\\\/#organization\",\"name\":\"Strangercam\",\"alternateName\":\"Strangercam.com\",\"url\":\"https:\\\/\\\/strangercam.com\\\/\",\"logo\":{\"@type\":\"ImageObject\",\"inLanguage\":\"pt-BR\",\"@id\":\"https:\\\/\\\/strangercam.com\\\/#\\\/schema\\\/logo\\\/image\\\/\",\"url\":\"https:\\\/\\\/strangercam.com\\\/wp-content\\\/uploads\\\/2020\\\/11\\\/cropped-new-favicon-black.png\",\"contentUrl\":\"https:\\\/\\\/strangercam.com\\\/wp-content\\\/uploads\\\/2020\\\/11\\\/cropped-new-favicon-black.png\",\"width\":512,\"height\":512,\"caption\":\"Strangercam\"},\"image\":{\"@id\":\"https:\\\/\\\/strangercam.com\\\/#\\\/schema\\\/logo\\\/image\\\/\"},\"sameAs\":[\"https:\\\/\\\/www.facebook.com\\\/strangercam\",\"https:\\\/\\\/x.com\\\/strangercamapp\"]}]}<\/script>\n<!-- \/ Yoast SEO plugin. -->","yoast_head_json":{"title":"Chamada de v\u00eddeo aleat\u00f3ria americana com bate-papo por v\u00eddeo no Strangercam.com","description":"Est\u00e1 gostando da chamada de v\u00eddeo aleat\u00f3ria americana? Join milh\u00f5es no StrangerCam.com! Inicie um bate-papo por v\u00eddeo aleat\u00f3rio, ligue sua c\u00e2mera e conhe\u00e7a estranhos instantaneamente.","robots":{"index":"index","follow":"follow","max-snippet":"max-snippet:-1","max-image-preview":"max-image-preview:large","max-video-preview":"max-video-preview:-1"},"canonical":"https:\/\/strangercam.com\/pt-br\/chamada-de-video-aleatoria-americana\/","og_locale":"pt_BR","og_type":"article","og_title":"American Random Video Call with Video Chat on Strangercam.com","og_description":"Liking American Random Video Call? Join millions on StrangerCam.com! Start a random video chat, turn on your cam, and meet strangers instantly.","og_url":"https:\/\/strangercam.com\/pt-br\/chamada-de-video-aleatoria-americana\/","og_site_name":"Strangercam","article_publisher":"https:\/\/www.facebook.com\/strangercam","article_modified_time":"2025-09-29T10:07:57+00:00","og_image":[{"width":800,"height":532,"url":"https:\/\/strangercam.com\/wp-content\/uploads\/2021\/10\/Untitled-2.png","type":"image\/png"}],"twitter_card":"summary_large_image","twitter_site":"@strangercamapp","twitter_misc":{"Est. tempo de leitura":"4 minutos"},"schema":{"@context":"https:\/\/schema.org","@graph":[{"@type":"WebPage","@id":"https:\/\/strangercam.com\/american-random-video-call\/","url":"https:\/\/strangercam.com\/american-random-video-call\/","name":"Chamada de v\u00eddeo aleat\u00f3ria americana com bate-papo por v\u00eddeo no Strangercam.com","isPartOf":{"@id":"https:\/\/strangercam.com\/#website"},"datePublished":"2025-09-29T08:09:11+00:00","dateModified":"2025-09-29T10:07:57+00:00","description":"Est\u00e1 gostando da chamada de v\u00eddeo aleat\u00f3ria americana? Join milh\u00f5es no StrangerCam.com! Inicie um bate-papo por v\u00eddeo aleat\u00f3rio, ligue sua c\u00e2mera e conhe\u00e7a estranhos instantaneamente.","breadcrumb":{"@id":"https:\/\/strangercam.com\/american-random-video-call\/#breadcrumb"},"inLanguage":"pt-BR","potentialAction":[{"@type":"ReadAction","target":["https:\/\/strangercam.com\/american-random-video-call\/"]}]},{"@type":"BreadcrumbList","@id":"https:\/\/strangercam.com\/american-random-video-call\/#breadcrumb","itemListElement":[{"@type":"ListItem","position":1,"name":"Home","item":"https:\/\/strangercam.com\/"},{"@type":"ListItem","position":2,"name":"American Random Video Call"}]},{"@type":"WebSite","@id":"https:\/\/strangercam.com\/#website","url":"https:\/\/strangercam.com\/","name":"Strangercam","description":"Bate-papo por v\u00eddeo aleat\u00f3rio com estranhos","publisher":{"@id":"https:\/\/strangercam.com\/#organization"},"alternateName":"Strangercam.com","potentialAction":[{"@type":"SearchAction","target":{"@type":"EntryPoint","urlTemplate":"https:\/\/strangercam.com\/?s={search_term_string}"},"query-input":{"@type":"PropertyValueSpecification","valueRequired":true,"valueName":"search_term_string"}}],"inLanguage":"pt-BR"},{"@type":"Organization","@id":"https:\/\/strangercam.com\/#organization","name":"Strangercam","alternateName":"Strangercam.com","url":"https:\/\/strangercam.com\/","logo":{"@type":"ImageObject","inLanguage":"pt-BR","@id":"https:\/\/strangercam.com\/#\/schema\/logo\/image\/","url":"https:\/\/strangercam.com\/wp-content\/uploads\/2020\/11\/cropped-new-favicon-black.png","contentUrl":"https:\/\/strangercam.com\/wp-content\/uploads\/2020\/11\/cropped-new-favicon-black.png","width":512,"height":512,"caption":"Strangercam"},"image":{"@id":"https:\/\/strangercam.com\/#\/schema\/logo\/image\/"},"sameAs":["https:\/\/www.facebook.com\/strangercam","https:\/\/x.com\/strangercamapp"]}]}},"_links":{"self":[{"href":"https:\/\/strangercam.com\/pt-br\/wp-json\/wp\/v2\/pages\/12254","targetHints":{"allow":["GET"]}}],"collection":[{"href":"https:\/\/strangercam.com\/pt-br\/wp-json\/wp\/v2\/pages"}],"about":[{"href":"https:\/\/strangercam.com\/pt-br\/wp-json\/wp\/v2\/types\/page"}],"author":[{"embeddable":true,"href":"https:\/\/strangercam.com\/pt-br\/wp-json\/wp\/v2\/users\/8"}],"replies":[{"embeddable":true,"href":"https:\/\/strangercam.com\/pt-br\/wp-json\/wp\/v2\/comments?post=12254"}],"version-history":[{"count":2,"href":"https:\/\/strangercam.com\/pt-br\/wp-json\/wp\/v2\/pages\/12254\/revisions"}],"predecessor-version":[{"id":13051,"href":"https:\/\/strangercam.com\/pt-br\/wp-json\/wp\/v2\/pages\/12254\/revisions\/13051"}],"wp:attachment":[{"href":"https:\/\/strangercam.com\/pt-br\/wp-json\/wp\/v2\/media?parent=12254"}],"curies":[{"name":"wp","href":"https:\/\/api.w.org\/{rel}","templated":true}]}}