{"id":11954,"date":"2025-07-24T09:21:22","date_gmt":"2025-07-24T07:21:22","guid":{"rendered":"https:\/\/strangercam.com\/?page_id=11954"},"modified":"2025-07-24T09:26:04","modified_gmt":"2025-07-24T07:26:04","slug":"luckycrush","status":"publish","type":"page","link":"https:\/\/strangercam.com\/pt-br\/luckycrush\/","title":{"rendered":"LuckyCrush"},"content":{"rendered":"<p>Em um mundo de deslizes intermin\u00e1veis e bate-papos de texto superficiais, plataformas como a LuckyCrush est\u00e3o revolucionando o namoro on-line e o bate-papo por v\u00eddeo aleat\u00f3rio, concentrando-se em conex\u00f5es ao vivo e individuais com estranhos do sexo oposto. O LuckyCrush n\u00e3o \u00e9 apenas mais um <a href=\"https:\/\/strangercam.com\/pt-br\/bazoocam\/\">c\u00e2mera<\/a> \u00e9 uma plataforma exclusiva e gamificada, projetada para unir homens e mulheres (e vice-versa) de todo o mundo para conversas instant\u00e2neas e privadas por v\u00eddeo, que muitas vezes confundem os limites entre encontros r\u00e1pidos e c\u00e2meras de flerte. <a href=\"https:\/\/strangercam.com\/pt-br\/chatroulette\/\">roleta<\/a>.<\/p>\n<p>Mas ser\u00e1 que o LuckyCrush \u00e9 mesmo uma boa op\u00e7\u00e3o? Como ele funciona, a quem se destina e se vale seu tempo e dinheiro? Esta an\u00e1lise detalhada aborda tudo o que voc\u00ea precisa saber sobre o LuckyCrush em 2025: seus recursos, base de usu\u00e1rios, pre\u00e7os, seguran\u00e7a e como ele se compara \u00e0 crescente multid\u00e3o de sites de bate-papo por v\u00eddeo.<\/p>\n<h2>O que \u00e9 o LuckyCrush?<\/h2>\n<p>O LuckyCrush \u00e9 um site inovador de bate-papo por v\u00eddeo aleat\u00f3rio que conecta homens e mulheres em chamadas de v\u00eddeo ao vivo, privadas e individuais. Diferentemente da maioria das plataformas de bate-papo aleat\u00f3rio que combinam qualquer pessoa com qualquer pessoa, o LuckyCrush conecta apenas homens com mulheres e mulheres com homens, criando um ambiente que \u00e9, em partes iguais, de flerte, namoro e divers\u00e3o.<\/p>\n<p>A plataforma \u00e9 baseada em navegador, funciona globalmente e promete acesso instant\u00e2neo - sem longas inscri\u00e7\u00f5es, sem deslizes e sem perfis a serem preenchidos. Se voc\u00ea est\u00e1 procurando uma paquera r\u00e1pida, um novo amigo ou at\u00e9 mesmo um romance digital, o LuckyCrush oferece uma vers\u00e3o moderna de encontros r\u00e1pidos com v\u00eddeo em tempo real.<\/p>\n<h2>Qual \u00e9 o objetivo do LuckyCrush?<\/h2>\n<p>O LuckyCrush foi criado para atender a duas grandes lacunas no mundo dos bate-papos e encontros on-line:<\/p>\n<ul>\n<li>A falta de correspond\u00eancia genu\u00edna entre homens e mulheres na maioria dos sites de bate-papo aleat\u00f3rios<\/li>\n<li>A demanda por intera\u00e7\u00f5es de v\u00eddeo espont\u00e2neas, sem script e pessoais<\/li>\n<\/ul>\n<p>Sua miss\u00e3o \u00e9 fazer com que seja r\u00e1pido e f\u00e1cil conhecer e flertar com solteiros do mundo todo, em um formato que parece um cruzamento entre o speed dating e a roleta de bate-papo original - mas feito sob medida para pessoas que buscam qu\u00edmica, n\u00e3o apenas conversas casuais.<\/p>\n<p>Se voc\u00ea quiser se divertir, paquerar, praticar outro idioma ou fazer novas conex\u00f5es de diferentes culturas, o LuckyCrush torna isso poss\u00edvel em segundos.<\/p>\n<h2>Principais recursos<\/h2>\n<p>1. Bate-papo por v\u00eddeo individual, sempre entre homens e mulheres<br \/>\nO principal recurso do LuckyCrush \u00e9 seu algoritmo de emparelhamento por g\u00eanero: os homens s\u00e3o sempre combinados com as mulheres e vice-versa. Isso \u00e9 \u00fanico entre os <a href=\"https:\/\/strangercam.com\/pt-br\/cam-to-cam-chat\/\">bate-papo com c\u00e2mera<\/a> plataformas e ajuda a manter o equil\u00edbrio e o engajamento.<\/p>\n<p>2. Correspond\u00eancia instant\u00e2nea, sem necessidade de registro<br \/>\nVoc\u00ea pode come\u00e7ar a conversar imediatamente ap\u00f3s escolher seu g\u00eanero. O processo \u00e9 instant\u00e2neo e an\u00f4nimo - n\u00e3o \u00e9 necess\u00e1rio um longo cadastro ou verifica\u00e7\u00e3o.<\/p>\n<p>3. Pulo r\u00e1pido e emparelhamento aleat\u00f3rio<br \/>\nSe n\u00e3o estiver satisfeito com sua partida, basta clicar em \"Next\" (Avan\u00e7ar) para obter uma nova conex\u00e3o. N\u00e3o h\u00e1 penalidade por pular e n\u00e3o h\u00e1 espera em filas.<\/p>\n<p>4. Alcance global<br \/>\nO LuckyCrush \u00e9 realmente internacional, conectando pessoas de mais de 100 pa\u00edses. Isso o torna um \u00f3timo lugar para conversas interculturais, interc\u00e2mbio de idiomas ou simplesmente para ver como \u00e9 o namoro em outras partes do mundo.<\/p>\n<p>5. Chat de texto integrado<br \/>\nAl\u00e9m do v\u00eddeo, voc\u00ea tamb\u00e9m pode enviar mensagens de texto na janela de bate-papo. Isso \u00e9 \u00fatil para quebrar o gelo, compartilhar links ou se comunicar em outro idioma.<\/p>\n<p>6. Anonimato e privacidade<br \/>\nVoc\u00ea nunca precisa fornecer seu nome verdadeiro, e-mail ou detalhes pessoais. Apenas sua webcam \u00e9 necess\u00e1ria, e voc\u00ea permanece an\u00f4nimo at\u00e9 que decida compartilhar mais.<\/p>\n<p>7. Op\u00e7\u00f5es pagas e gratuitas<br \/>\nOs novos usu\u00e1rios recebem minutos de avalia\u00e7\u00e3o gratuitos para testar a plataforma. Depois disso, a continua\u00e7\u00e3o do bate-papo exige a compra de cr\u00e9ditos ou minutos, o que torna o LuckyCrush um servi\u00e7o pago por minuto ap\u00f3s o teste inicial.<\/p>\n<h2>O LuckyCrush \u00e9 gratuito?<\/h2>\n<p>O teste do LuckyCrush \u00e9 gratuito - todos os novos usu\u00e1rios recebem alguns minutos de tempo de bate-papo gratuito para experimentar a plataforma. No entanto, para continuar conversando ap\u00f3s o per\u00edodo de teste, os usu\u00e1rios devem comprar cr\u00e9ditos, que s\u00e3o gastos por minuto durante os bate-papos por v\u00eddeo.<\/p>\n<p>O modelo de pre\u00e7os da plataforma garante usu\u00e1rios genu\u00ednos e desestimula bots, spam e trolling. Os recursos pagos incluem:<\/p>\n<ul>\n<li>Continua\u00e7\u00e3o do bate-papo por v\u00eddeo ap\u00f3s o per\u00edodo de avalia\u00e7\u00e3o<\/li>\n<li>Acesso irrestrito a novas partidas<\/li>\n<li>Correspond\u00eancia de prioridade mais alta<\/li>\n<\/ul>\n<p>Os pre\u00e7os s\u00e3o competitivos para o setor e s\u00e3o claramente exibidos no site. Muitas vezes, h\u00e1 pacotes de b\u00f4nus e ofertas sazonais para um valor extra.<\/p>\n<h2>Quem usa o LuckyCrush?<\/h2>\n<p>O LuckyCrush cresceu rapidamente com uma base de usu\u00e1rios diversificada e internacional que inclui:<\/p>\n<ul>\n<li>Homens e mulheres, com idades entre 18 e 40 anos (a maioria tem entre 18 e 35 anos)<\/li>\n<li>Usu\u00e1rios da Am\u00e9rica do Norte, Europa, Am\u00e9rica do Sul, \u00cdndia, Turquia, Sudeste Asi\u00e1tico e muito mais<\/li>\n<li>Pessoas que buscam divers\u00e3o, flerte ou at\u00e9 mesmo encontros rom\u00e2nticos por v\u00eddeo<\/li>\n<li>Estudantes de idiomas, viajantes e pessoas curiosas sobre outras culturas<\/li>\n<\/ul>\n<p>O LuckyCrush \u00e9 particularmente atraente para solteiros, expatriados e pessoas que procuram uma experi\u00eancia que combine speed dating e a emo\u00e7\u00e3o da intera\u00e7\u00e3o aleat\u00f3ria ao vivo. Como homens e mulheres est\u00e3o sempre juntos, a propor\u00e7\u00e3o de g\u00eaneros \u00e9 mais equilibrada do que na maioria dos sites de c\u00e2meras aleat\u00f3rias.<\/p>\n<h2>Seguran\u00e7a, privacidade e modera\u00e7\u00e3o<\/h2>\n<p>O LuckyCrush foi projetado para ser o mais seguro e privado poss\u00edvel para uma plataforma de c\u00e2mera ao vivo:<\/p>\n<h3>Privacidade<\/h3>\n<ul>\n<li>N\u00e3o s\u00e3o necess\u00e1rios nomes, e-mails ou contas sociais<\/li>\n<li>Apenas o acesso \u00e0 webcam\/microfone \u00e9 necess\u00e1rio para conversar<\/li>\n<li>Nenhum perfil \u00e9 criado, a menos que voc\u00ea queira salvar as correspond\u00eancias<\/li>\n<\/ul>\n<h3>Modera\u00e7\u00e3o<\/h3>\n<ul>\n<li>Ferramentas de relat\u00f3rio e bloqueio est\u00e3o dispon\u00edveis o tempo todo<\/li>\n<li>A modera\u00e7\u00e3o humana ajuda a remover usu\u00e1rios abusivos, com spam ou falsos<\/li>\n<li>As diretrizes da comunidade promovem o flerte respeitoso e o comportamento positivo<\/li>\n<li>As usu\u00e1rias se beneficiam especialmente de ferramentas de seguran\u00e7a adicionais para bloquear ou denunciar ass\u00e9dio<\/li>\n<\/ul>\n<h3>Controle do usu\u00e1rio<\/h3>\n<ul>\n<li>Pular ou encerrar um bate-papo instantaneamente<\/li>\n<li>Compartilhe o m\u00e1ximo ou o m\u00ednimo de informa\u00e7\u00f5es pessoais que desejar<\/li>\n<li>Controle as permiss\u00f5es da c\u00e2mera e do microfone o tempo todo<\/li>\n<\/ul>\n<p>O LuckyCrush \u00e9 apenas para adultos (18+), e os usu\u00e1rios s\u00e3o aconselhados a nunca compartilhar informa\u00e7\u00f5es confidenciais ou mudar para outras plataformas at\u00e9 que se sintam confort\u00e1veis.<\/p>\n<h2>Experi\u00eancia do usu\u00e1rio e design<\/h2>\n<p>O LuckyCrush \u00e9 um dos sites de bate-papo com v\u00eddeo aleat\u00f3rio mais sofisticados e f\u00e1ceis de usar:<\/p>\n<ul>\n<li>A p\u00e1gina inicial apresenta um bot\u00e3o de in\u00edcio claro e sele\u00e7\u00e3o de g\u00eanero<\/li>\n<li>As janelas de bate-papo por v\u00eddeo s\u00e3o grandes e responsivas, funcionando tanto em navegadores de desktop quanto em navegadores m\u00f3veis<\/li>\n<li>Os controles para pular, silenciar, relatar e encerrar bate-papos s\u00e3o intuitivos e f\u00e1ceis de encontrar<\/li>\n<li>Tempos m\u00ednimos de carregamento e correspond\u00eancia quase instant\u00e2nea entre usu\u00e1rios<\/li>\n<li>Layout simples e organizado, com informa\u00e7\u00f5es claras sobre pre\u00e7os e recursos de ajuda<\/li>\n<\/ul>\n<p>O site \u00e9 otimizado para velocidade e privacidade, sem an\u00fancios irritantes ou pop-ups que causem lentid\u00e3o.<\/p>\n<h2>LuckyCrush vs. outros sites de bate-papo por v\u00eddeo<\/h2>\n<p>Como o LuckyCrush se compara a outros sites de bate-papo com c\u00e2mera e encontros por v\u00eddeo aleat\u00f3rios?<\/p>\n<table>\n<thead>\n<tr>\n<th>Recurso<\/th>\n<th>LuckyCrush<\/th>\n<th><a href=\"https:\/\/strangercam.com\/pt-br\/omegle\/\">Omegle<\/a> (fechado)<\/th>\n<th>Chatrandom<\/th>\n<th><a href=\"https:\/\/strangercam.com\/pt-br\/coomeet\/\">CooMeet<\/a><\/th>\n<th>Chatspin<\/th>\n<\/tr>\n<\/thead>\n<tbody>\n<tr>\n<td>Correspond\u00eancia de g\u00eanero<\/td>\n<td>Sim<\/td>\n<td>N\u00e3o<\/td>\n<td>N\u00e3o<\/td>\n<td>Sim<\/td>\n<td>Sim<\/td>\n<\/tr>\n<tr>\n<td>Registro necess\u00e1rio<\/td>\n<td>N\u00e3o<\/td>\n<td>N\u00e3o<\/td>\n<td>Opcional<\/td>\n<td>Sim<\/td>\n<td>Opcional<\/td>\n<\/tr>\n<tr>\n<td>Gratuito para uso<\/td>\n<td>Somente teste<\/td>\n<td>Sim<\/td>\n<td>Sim\/Pago<\/td>\n<td>Somente teste<\/td>\n<td>Sim\/Pago<\/td>\n<\/tr>\n<tr>\n<td>Bate-papo por v\u00eddeo individual<\/td>\n<td>Sim<\/td>\n<td>Sim<\/td>\n<td>Sim<\/td>\n<td>Sim<\/td>\n<td>Sim<\/td>\n<\/tr>\n<tr>\n<td>Cobertura internacional<\/td>\n<td>Sim<\/td>\n<td>Sim<\/td>\n<td>Sim<\/td>\n<td>Sim<\/td>\n<td>Sim<\/td>\n<\/tr>\n<tr>\n<td>Upgrades pagos<\/td>\n<td>Sim<\/td>\n<td>N\u00e3o<\/td>\n<td>Sim<\/td>\n<td>Sim<\/td>\n<td>Sim<\/td>\n<\/tr>\n<tr>\n<td>Ferramentas de modera\u00e7\u00e3o<\/td>\n<td>Forte<\/td>\n<td>B\u00e1sico<\/td>\n<td>Moderado<\/td>\n<td>Forte<\/td>\n<td>Moderado<\/td>\n<\/tr>\n<\/tbody>\n<\/table>\n<p>Resumo: o LuckyCrush se destaca pela correspond\u00eancia de v\u00eddeos entre homens e mulheres, pela estrutura de pagamento por minuto e pelo design de n\u00edvel premium, oferecendo uma experi\u00eancia diferente dos sites que simplesmente conectam qualquer pessoa a qualquer pessoa.<\/p>\n<h2>Pr\u00f3s e contras<\/h2>\n<p>Pr\u00f3s:<\/p>\n<ul>\n<li>Combina\u00e7\u00e3o de bate-papo por v\u00eddeo entre homem e mulher, excelente para paquera<\/li>\n<li>Avalia\u00e7\u00e3o gratuita para testar a plataforma<\/li>\n<li>Alcance global com diversos usu\u00e1rios<\/li>\n<li>N\u00e3o \u00e9 necess\u00e1rio registro ou dados pessoais<\/li>\n<li>Design moderno e responsivo para desktop e celular<\/li>\n<li>Recursos avan\u00e7ados de seguran\u00e7a e gera\u00e7\u00e3o de relat\u00f3rios<\/li>\n<\/ul>\n<p>Contras:<\/p>\n<ul>\n<li>O uso cont\u00ednuo requer cr\u00e9ditos pagos (pay-per-minute)<\/li>\n<li>Nenhum emparelhamento do mesmo g\u00eanero (atualmente, apenas homem e mulher)<\/li>\n<li>N\u00e3o h\u00e1 perfis ou listas de amigos para acompanhamento<\/li>\n<li>Alguns usu\u00e1rios podem sair dos chats rapidamente ou pular com frequ\u00eancia<\/li>\n<li>\u00c9 preciso ter mais de 18 anos para participar<\/li>\n<\/ul>\n<h2>Casos de uso ideais<\/h2>\n<p>O LuckyCrush \u00e9 perfeito para:<\/p>\n<ul>\n<li>Solteiros em busca de encontros instant\u00e2neos por v\u00eddeo ou paquera<\/li>\n<li>Adultos que desejam conhecer pessoas de outras culturas em tempo real<\/li>\n<li>Estudantes de idiomas e viajantes interessados em bate-papo global<\/li>\n<li>Usu\u00e1rios que valorizam a privacidade, a espontaneidade e a conex\u00e3o humana ao vivo<\/li>\n<\/ul>\n<p>\u00c9 menos ideal para:<\/p>\n<ul>\n<li>Pessoas que buscam um bate-papo ilimitado e totalmente gratuito<\/li>\n<li>Usu\u00e1rios desconfort\u00e1veis com v\u00eddeos ou com a presen\u00e7a de c\u00e2meras<\/li>\n<li>Aqueles que procuram encontros de longo prazo baseados em perfis<\/li>\n<li>Usu\u00e1rios menores de 18 anos (somente para adultos)<\/li>\n<\/ul>\n<p>O LuckyCrush \u00e9 um destaque no nicho de bate-papo por v\u00eddeo e encontros aleat\u00f3rios, oferecendo uma combina\u00e7\u00e3o \u00fanica de velocidade, privacidade e flerte genu\u00edno. Ao se concentrar no emparelhamento entre homens e mulheres e oferecer uma experi\u00eancia de usu\u00e1rio polida e segura, ele \u00e9 bem-sucedido onde muitas plataformas gen\u00e9ricas de bate-papo com c\u00e2mera ficam aqu\u00e9m.<\/p>\n<p>Com acesso instant\u00e2neo, cobertura global e um sistema de teste justo, vale a pena experimentar o LuckyCrush para qualquer pessoa interessada em conex\u00f5es on-line r\u00e1pidas, sedutoras e aut\u00eanticas em 2025. Se voc\u00ea est\u00e1 cansado de passar o dedo sem parar e quer experimentar uma qu\u00edmica real cara a cara, esta \u00e9 uma das melhores plataformas dispon\u00edveis atualmente.<\/p>","protected":false},"excerpt":{"rendered":"<p>In a world of endless swiping and shallow text chats, platforms like LuckyCrush are shaking up online dating and random video chat by focusing on live, one-on-one connections with strangers of the opposite sex. LuckyCrush isn\u2019t just another cam chat site\u2014it\u2019s a unique, gamified platform designed to pair men with women (and vice versa) from [&hellip;]<\/p>\n","protected":false},"author":6,"featured_media":0,"parent":0,"menu_order":0,"comment_status":"closed","ping_status":"closed","template":"","meta":{"footnotes":""},"class_list":["post-11954","page","type-page","status-publish","hentry"],"yoast_head":"<!-- This site is optimized with the Yoast SEO plugin v27.4 - https:\/\/yoast.com\/product\/yoast-seo-wordpress\/ -->\n<title>LuckyCrush - Live Video Chat with Random People - StrangerCam<\/title>\n<meta name=\"description\" content=\"Like LuckyCrush? Come chat with more than 5.000.000 strangers on Stranger Cam for Free! Turn on your cam and find new friends &amp; maby a match!\" \/>\n<meta name=\"robots\" content=\"index, follow, max-snippet:-1, max-image-preview:large, max-video-preview:-1\" \/>\n<link rel=\"canonical\" href=\"https:\/\/strangercam.com\/pt-br\/luckycrush\/\" \/>\n<meta property=\"og:locale\" content=\"pt_BR\" \/>\n<meta property=\"og:type\" content=\"article\" \/>\n<meta property=\"og:title\" content=\"LuckyCrush - Live Video Chat with Random People - StrangerCam\" \/>\n<meta property=\"og:description\" content=\"Like LuckyCrush? Come chat with more than 5.000.000 strangers on Stranger Cam for Free! Turn on your cam and find new friends &amp; maby a match!\" \/>\n<meta property=\"og:url\" content=\"https:\/\/strangercam.com\/pt-br\/luckycrush\/\" \/>\n<meta property=\"og:site_name\" content=\"Strangercam\" \/>\n<meta property=\"article:publisher\" content=\"https:\/\/www.facebook.com\/strangercam\" \/>\n<meta property=\"article:modified_time\" content=\"2025-07-24T07:26:04+00:00\" \/>\n<meta property=\"og:image\" content=\"https:\/\/strangercam.com\/wp-content\/uploads\/2021\/10\/Untitled-2.png\" \/>\n\t<meta property=\"og:image:width\" content=\"800\" \/>\n\t<meta property=\"og:image:height\" content=\"532\" \/>\n\t<meta property=\"og:image:type\" content=\"image\/png\" \/>\n<meta name=\"twitter:card\" content=\"summary_large_image\" \/>\n<meta name=\"twitter:site\" content=\"@strangercamapp\" \/>\n<meta name=\"twitter:label1\" content=\"Est. tempo de leitura\" \/>\n\t<meta name=\"twitter:data1\" content=\"6 minutos\" \/>\n<script type=\"application\/ld+json\" class=\"yoast-schema-graph\">{\"@context\":\"https:\\\/\\\/schema.org\",\"@graph\":[{\"@type\":\"WebPage\",\"@id\":\"https:\\\/\\\/strangercam.com\\\/luckycrush\\\/\",\"url\":\"https:\\\/\\\/strangercam.com\\\/luckycrush\\\/\",\"name\":\"LuckyCrush - Live Video Chat with Random People - StrangerCam\",\"isPartOf\":{\"@id\":\"https:\\\/\\\/strangercam.com\\\/#website\"},\"datePublished\":\"2025-07-24T07:21:22+00:00\",\"dateModified\":\"2025-07-24T07:26:04+00:00\",\"description\":\"Like LuckyCrush? Come chat with more than 5.000.000 strangers on Stranger Cam for Free! Turn on your cam and find new friends & maby a match!\",\"breadcrumb\":{\"@id\":\"https:\\\/\\\/strangercam.com\\\/luckycrush\\\/#breadcrumb\"},\"inLanguage\":\"pt-BR\",\"potentialAction\":[{\"@type\":\"ReadAction\",\"target\":[\"https:\\\/\\\/strangercam.com\\\/luckycrush\\\/\"]}]},{\"@type\":\"BreadcrumbList\",\"@id\":\"https:\\\/\\\/strangercam.com\\\/luckycrush\\\/#breadcrumb\",\"itemListElement\":[{\"@type\":\"ListItem\",\"position\":1,\"name\":\"Home\",\"item\":\"https:\\\/\\\/strangercam.com\\\/\"},{\"@type\":\"ListItem\",\"position\":2,\"name\":\"LuckyCrush\"}]},{\"@type\":\"WebSite\",\"@id\":\"https:\\\/\\\/strangercam.com\\\/#website\",\"url\":\"https:\\\/\\\/strangercam.com\\\/\",\"name\":\"Strangercam\",\"description\":\"Random Video Chat with Strangers\",\"publisher\":{\"@id\":\"https:\\\/\\\/strangercam.com\\\/#organization\"},\"alternateName\":\"Strangercam.com\",\"potentialAction\":[{\"@type\":\"SearchAction\",\"target\":{\"@type\":\"EntryPoint\",\"urlTemplate\":\"https:\\\/\\\/strangercam.com\\\/?s={search_term_string}\"},\"query-input\":{\"@type\":\"PropertyValueSpecification\",\"valueRequired\":true,\"valueName\":\"search_term_string\"}}],\"inLanguage\":\"pt-BR\"},{\"@type\":\"Organization\",\"@id\":\"https:\\\/\\\/strangercam.com\\\/#organization\",\"name\":\"Strangercam\",\"alternateName\":\"Strangercam.com\",\"url\":\"https:\\\/\\\/strangercam.com\\\/\",\"logo\":{\"@type\":\"ImageObject\",\"inLanguage\":\"pt-BR\",\"@id\":\"https:\\\/\\\/strangercam.com\\\/#\\\/schema\\\/logo\\\/image\\\/\",\"url\":\"https:\\\/\\\/strangercam.com\\\/wp-content\\\/uploads\\\/2020\\\/11\\\/cropped-new-favicon-black.png\",\"contentUrl\":\"https:\\\/\\\/strangercam.com\\\/wp-content\\\/uploads\\\/2020\\\/11\\\/cropped-new-favicon-black.png\",\"width\":512,\"height\":512,\"caption\":\"Strangercam\"},\"image\":{\"@id\":\"https:\\\/\\\/strangercam.com\\\/#\\\/schema\\\/logo\\\/image\\\/\"},\"sameAs\":[\"https:\\\/\\\/www.facebook.com\\\/strangercam\",\"https:\\\/\\\/x.com\\\/strangercamapp\"]}]}<\/script>\n<!-- \/ Yoast SEO plugin. -->","yoast_head_json":{"title":"LuckyCrush - Bate-papo por v\u00eddeo ao vivo com pessoas aleat\u00f3rias - StrangerCam","description":"Gosta do LuckyCrush? Venha bater papo com mais de 5.000.000 de desconhecidos no Stranger Cam de gra\u00e7a! Ligue sua c\u00e2mera e encontre novos amigos e talvez um par!","robots":{"index":"index","follow":"follow","max-snippet":"max-snippet:-1","max-image-preview":"max-image-preview:large","max-video-preview":"max-video-preview:-1"},"canonical":"https:\/\/strangercam.com\/pt-br\/luckycrush\/","og_locale":"pt_BR","og_type":"article","og_title":"LuckyCrush - Live Video Chat with Random People - StrangerCam","og_description":"Like LuckyCrush? Come chat with more than 5.000.000 strangers on Stranger Cam for Free! Turn on your cam and find new friends & maby a match!","og_url":"https:\/\/strangercam.com\/pt-br\/luckycrush\/","og_site_name":"Strangercam","article_publisher":"https:\/\/www.facebook.com\/strangercam","article_modified_time":"2025-07-24T07:26:04+00:00","og_image":[{"width":800,"height":532,"url":"https:\/\/strangercam.com\/wp-content\/uploads\/2021\/10\/Untitled-2.png","type":"image\/png"}],"twitter_card":"summary_large_image","twitter_site":"@strangercamapp","twitter_misc":{"Est. tempo de leitura":"6 minutos"},"schema":{"@context":"https:\/\/schema.org","@graph":[{"@type":"WebPage","@id":"https:\/\/strangercam.com\/luckycrush\/","url":"https:\/\/strangercam.com\/luckycrush\/","name":"LuckyCrush - Bate-papo por v\u00eddeo ao vivo com pessoas aleat\u00f3rias - StrangerCam","isPartOf":{"@id":"https:\/\/strangercam.com\/#website"},"datePublished":"2025-07-24T07:21:22+00:00","dateModified":"2025-07-24T07:26:04+00:00","description":"Gosta do LuckyCrush? Venha bater papo com mais de 5.000.000 de desconhecidos no Stranger Cam de gra\u00e7a! Ligue sua c\u00e2mera e encontre novos amigos e talvez um par!","breadcrumb":{"@id":"https:\/\/strangercam.com\/luckycrush\/#breadcrumb"},"inLanguage":"pt-BR","potentialAction":[{"@type":"ReadAction","target":["https:\/\/strangercam.com\/luckycrush\/"]}]},{"@type":"BreadcrumbList","@id":"https:\/\/strangercam.com\/luckycrush\/#breadcrumb","itemListElement":[{"@type":"ListItem","position":1,"name":"Home","item":"https:\/\/strangercam.com\/"},{"@type":"ListItem","position":2,"name":"LuckyCrush"}]},{"@type":"WebSite","@id":"https:\/\/strangercam.com\/#website","url":"https:\/\/strangercam.com\/","name":"Strangercam","description":"Bate-papo por v\u00eddeo aleat\u00f3rio com estranhos","publisher":{"@id":"https:\/\/strangercam.com\/#organization"},"alternateName":"Strangercam.com","potentialAction":[{"@type":"SearchAction","target":{"@type":"EntryPoint","urlTemplate":"https:\/\/strangercam.com\/?s={search_term_string}"},"query-input":{"@type":"PropertyValueSpecification","valueRequired":true,"valueName":"search_term_string"}}],"inLanguage":"pt-BR"},{"@type":"Organization","@id":"https:\/\/strangercam.com\/#organization","name":"Strangercam","alternateName":"Strangercam.com","url":"https:\/\/strangercam.com\/","logo":{"@type":"ImageObject","inLanguage":"pt-BR","@id":"https:\/\/strangercam.com\/#\/schema\/logo\/image\/","url":"https:\/\/strangercam.com\/wp-content\/uploads\/2020\/11\/cropped-new-favicon-black.png","contentUrl":"https:\/\/strangercam.com\/wp-content\/uploads\/2020\/11\/cropped-new-favicon-black.png","width":512,"height":512,"caption":"Strangercam"},"image":{"@id":"https:\/\/strangercam.com\/#\/schema\/logo\/image\/"},"sameAs":["https:\/\/www.facebook.com\/strangercam","https:\/\/x.com\/strangercamapp"]}]}},"_links":{"self":[{"href":"https:\/\/strangercam.com\/pt-br\/wp-json\/wp\/v2\/pages\/11954","targetHints":{"allow":["GET"]}}],"collection":[{"href":"https:\/\/strangercam.com\/pt-br\/wp-json\/wp\/v2\/pages"}],"about":[{"href":"https:\/\/strangercam.com\/pt-br\/wp-json\/wp\/v2\/types\/page"}],"author":[{"embeddable":true,"href":"https:\/\/strangercam.com\/pt-br\/wp-json\/wp\/v2\/users\/6"}],"replies":[{"embeddable":true,"href":"https:\/\/strangercam.com\/pt-br\/wp-json\/wp\/v2\/comments?post=11954"}],"version-history":[{"count":1,"href":"https:\/\/strangercam.com\/pt-br\/wp-json\/wp\/v2\/pages\/11954\/revisions"}],"predecessor-version":[{"id":12919,"href":"https:\/\/strangercam.com\/pt-br\/wp-json\/wp\/v2\/pages\/11954\/revisions\/12919"}],"wp:attachment":[{"href":"https:\/\/strangercam.com\/pt-br\/wp-json\/wp\/v2\/media?parent=11954"}],"curies":[{"name":"wp","href":"https:\/\/api.w.org\/{rel}","templated":true}]}}