{"id":11949,"date":"2023-10-24T11:57:43","date_gmt":"2023-10-24T09:57:43","guid":{"rendered":"https:\/\/strangercam.com\/?page_id=11949"},"modified":"2023-10-24T12:02:42","modified_gmt":"2023-10-24T10:02:42","slug":"cammatch","status":"publish","type":"page","link":"https:\/\/strangercam.com\/pt-br\/cammatch\/","title":{"rendered":"Cammatch"},"content":{"rendered":"<p>No vasto mundo da comunica\u00e7\u00e3o on-line, encontrar uma plataforma que realmente se destaque pode ser um desafio. Conhe\u00e7a a Cammatch, uma <a href=\"https:\/\/strangercam.com\/pt-br\/rabbit-video-chat\/\">v\u00eddeo<\/a> servi\u00e7o de bate-papo que promete mais do que apenas encontros virtuais. Embora muitas plataformas ofere\u00e7am v\u00eddeo <a href=\"https:\/\/strangercam.com\/pt-br\/chatroulette\/\">bate-papo<\/a>Com a Cammatch, a empresa rapidamente se tornou conhecida por garantir que os usu\u00e1rios tenham uma experi\u00eancia perfeita, envolvente e, o mais importante, genu\u00edna. Desde sua interface intuitiva at\u00e9 seus recursos exclusivos, esta an\u00e1lise se aprofunda no que torna o Cammatch um concorrente digno de nota no campo das plataformas de bate-papo por v\u00eddeo on-line. Seja voc\u00ea um usu\u00e1rio experiente de tais servi\u00e7os ou um novato que procura um lugar confi\u00e1vel para come\u00e7ar, entender o que o Cammatch traz para a mesa ser\u00e1, sem d\u00favida, ben\u00e9fico.<\/p>\n<h2>O que \u00e9 Cammatch?<\/h2>\n<p>O CamMatch, no cen\u00e1rio digital do bate-papo por v\u00eddeo, \u00e9 um farol de inova\u00e7\u00e3o e precis\u00e3o. N\u00e3o se trata apenas de conectar indiv\u00edduos; trata-se de fazer a curadoria dessas conex\u00f5es para garantir que cada usu\u00e1rio encontre valor e satisfa\u00e7\u00e3o em cada intera\u00e7\u00e3o. Enquanto a maioria das plataformas deixa o processo de correspond\u00eancia para <a href=\"https:\/\/strangercam.com\/pt-br\/chatbychance\/\">chance<\/a>O CamMatch ajusta meticulosamente a experi\u00eancia.<\/p>\n<p>Em sua ess\u00eancia, o CamMatch promove intera\u00e7\u00f5es direcionadas. Reconhecendo as prefer\u00eancias de muitos usu\u00e1rios, a plataforma projetou meticulosamente um algoritmo que garante que os homens se conectem exclusivamente com as mulheres e vice-versa. Essa abordagem espec\u00edfica n\u00e3o apenas elimina a aleatoriedade, muitas vezes frustrante, de outras plataformas, mas tamb\u00e9m cria um ambiente adaptado para promover conex\u00f5es genu\u00ednas.<\/p>\n<p>\u00c0 medida que nos aprofundamos na era digital, em que as conex\u00f5es on-line n\u00e3o s\u00e3o apenas comuns, mas muitas vezes preferidas, os recursos do CamMatch, como o mecanismo de transi\u00e7\u00e3o r\u00e1pida, entram em a\u00e7\u00e3o. Com um simples clique no bot\u00e3o \"Next\", os usu\u00e1rios s\u00e3o apresentados a um novo amigo, confidente ou interesse rom\u00e2ntico em potencial. Essa transi\u00e7\u00e3o perfeita garante que os usu\u00e1rios permane\u00e7am envolvidos e que a plataforma permane\u00e7a din\u00e2mica.<\/p>\n<p>No entanto, n\u00e3o se trata apenas de transi\u00e7\u00f5es r\u00e1pidas e intera\u00e7\u00f5es direcionadas. O CamMatch reconhece a natureza global da Internet e os desafios que v\u00eam com ela. Um desafio significativo que muitos enfrentam \u00e9 a barreira do idioma. Mas com a CamMatch, esse obst\u00e1culo se torna praticamente inexistente. O sistema de tradu\u00e7\u00e3o em tempo real da plataforma traduz sem esfor\u00e7o as mensagens recebidas e enviadas, garantindo que as diferen\u00e7as lingu\u00edsticas n\u00e3o impe\u00e7am as conex\u00f5es significativas. Isso n\u00e3o apenas amplia a experi\u00eancia do usu\u00e1rio, mas tamb\u00e9m garante que as conversas fluam naturalmente, mesmo que os participantes sejam de extremos opostos do mundo.<\/p>\n<p>Essencialmente, o CamMatch n\u00e3o \u00e9 apenas mais um jogador no vasto campo de jogos on-line. <a href=\"https:\/\/strangercam.com\/pt-br\/coomeet\/\">bate-papo por v\u00eddeo<\/a> servi\u00e7os. \u00c9 um divisor de \u00e1guas. Ao se concentrar nas prefer\u00eancias do usu\u00e1rio, eliminar barreiras de idioma e garantir uma plataforma din\u00e2mica e envolvente, a CamMatch est\u00e1 redefinindo a forma como percebemos as intera\u00e7\u00f5es on-line. Para aqueles que valorizam conversas significativas, direcionadas e fluidas, a CamMatch surge como a plataforma preferida, prometendo uma experi\u00eancia de bate-papo por v\u00eddeo on-line como nenhuma outra.<\/p>\n<h2>Recursos do Cammatch<\/h2>\n<p><strong>1. Intera\u00e7\u00f5es direcionadas:<\/strong> A proposta de venda exclusiva da Cammatch est\u00e1 em seu compromisso de oferecer bate-papos por v\u00eddeo direcionados. Reconhecendo a prefer\u00eancia de muitos usu\u00e1rios, a Cammatch garante que os homens sejam emparelhados exclusivamente com as mulheres e vice-versa. Essa abordagem personalizada minimiza a aleatoriedade e aprimora a qualidade das intera\u00e7\u00f5es.<\/p>\n<p><strong>2. Mecanismo de transi\u00e7\u00e3o r\u00e1pida:<\/strong> O bot\u00e3o \"Next\" \u00e9 mais do que apenas um recurso; \u00e9 uma porta de entrada para novas conversas. Com um simples clique, os usu\u00e1rios podem fazer uma transi\u00e7\u00e3o perfeita para um novo parceiro de bate-papo. Essa fluidez garante que sempre haja algo novo e empolgante ao virar da esquina, mantendo a experi\u00eancia do usu\u00e1rio din\u00e2mica.<\/p>\n<p><strong>3. Sistema de tradu\u00e7\u00e3o em tempo real:<\/strong> No mundo diversificado da Internet, as barreiras lingu\u00edsticas podem, muitas vezes, impedir conex\u00f5es significativas. O recurso de tradu\u00e7\u00e3o em tempo real do Cammatch preenche essa lacuna sem esfor\u00e7o. O sistema traduz automaticamente as mensagens recebidas para o idioma preferido do usu\u00e1rio e vice-versa, garantindo que as conversas fluam naturalmente, independentemente das diferen\u00e7as lingu\u00edsticas.<\/p>\n<p><strong>4. Transmiss\u00e3o de v\u00eddeo de alta qualidade:<\/strong> A Cammatch prioriza a qualidade das intera\u00e7\u00f5es, e isso fica evidente em seu compromisso com a transmiss\u00e3o de v\u00eddeo de alta qualidade. Os usu\u00e1rios podem esperar visuais n\u00edtidos e sem atrasos, garantindo que suas conversas sejam t\u00e3o reais e imersivas quanto poss\u00edvel.<\/p>\n<p><strong>5. Interface amig\u00e1vel ao usu\u00e1rio:<\/strong> A plataforma apresenta um design intuitivo, garantindo que tanto os usu\u00e1rios experientes em tecnologia quanto os iniciantes possam navegar e utilizar seus recursos com facilidade. Do registro ao in\u00edcio de uma conversa, cada etapa \u00e9 simplificada para a conveni\u00eancia do usu\u00e1rio.<\/p>\n<p><strong>6. Medidas de seguran\u00e7a e prote\u00e7\u00e3o:<\/strong> O Cammatch se dedica a oferecer um ambiente seguro para seus usu\u00e1rios. Com recursos que permitem a den\u00fancia de atividades inadequadas e uma pol\u00edtica rigorosa contra golpistas on-line, os usu\u00e1rios podem se envolver com tranquilidade, sabendo que a plataforma prioriza sua seguran\u00e7a.<\/p>\n<p><strong>7. Planos de associa\u00e7\u00e3o:<\/strong> Para atender a uma base de usu\u00e1rios diversificada, o Cammatch oferece planos de associa\u00e7\u00e3o Basic e Premium. Enquanto o plano Basic fornece acesso aos recursos padr\u00e3o, o plano Premium desbloqueia uma infinidade de funcionalidades aprimoradas, incluindo filtros avan\u00e7ados, para uma experi\u00eancia mais refinada.<\/p>\n<p><strong>8. Alcance global:<\/strong> A base de usu\u00e1rios do Cammatch se estende por v\u00e1rios pa\u00edses, permitindo que os usu\u00e1rios se conectem com indiv\u00edduos de diferentes origens culturais e estilos de vida. Esse alcance global aumenta o apelo da plataforma, oferecendo uma variedade de experi\u00eancias e intera\u00e7\u00f5es.<\/p>\n<table>\n<thead>\n<tr>\n<th><strong>Recursos<\/strong><\/th>\n<th><strong>Descri\u00e7\u00e3o<\/strong><\/th>\n<\/tr>\n<\/thead>\n<tbody>\n<tr>\n<td>Intera\u00e7\u00f5es direcionadas<\/td>\n<td>Os machos formam pares exclusivamente com as f\u00eameas e vice-versa<\/td>\n<\/tr>\n<tr>\n<td>Mecanismo de transi\u00e7\u00e3o r\u00e1pida<\/td>\n<td>Mudan\u00e7a f\u00e1cil para um novo parceiro de bate-papo com o bot\u00e3o \"Next\" (Pr\u00f3ximo)<\/td>\n<\/tr>\n<tr>\n<td>Sistema de tradu\u00e7\u00e3o em tempo real<\/td>\n<td>Tradu\u00e7\u00f5es autom\u00e1ticas para mensagens recebidas e enviadas<\/td>\n<\/tr>\n<tr>\n<td>Streaming de v\u00eddeo de alta qualidade<\/td>\n<td>Chats de v\u00eddeo n\u00edtidos e sem atrasos para conversas envolventes<\/td>\n<\/tr>\n<tr>\n<td>Interface amig\u00e1vel ao usu\u00e1rio<\/td>\n<td>Design intuitivo para facilitar a navega\u00e7\u00e3o e o uso<\/td>\n<\/tr>\n<tr>\n<td>Medidas de seguran\u00e7a e prote\u00e7\u00e3o<\/td>\n<td>Recursos para denunciar atividades inadequadas; pol\u00edticas contra golpistas on-line<\/td>\n<\/tr>\n<tr>\n<td>Planos de associa\u00e7\u00e3o<\/td>\n<td>Planos Basic e Premium adaptados \u00e0s diversas prefer\u00eancias dos usu\u00e1rios<\/td>\n<\/tr>\n<tr>\n<td>Alcance global<\/td>\n<td>Conectar-se com pessoas de v\u00e1rios pa\u00edses e culturas<\/td>\n<\/tr>\n<\/tbody>\n<\/table>\n<p>Concluindo, os recursos da Cammatch n\u00e3o se referem apenas a funcionalidades t\u00e9cnicas. Eles s\u00e3o uma prova do compromisso da plataforma em garantir que cada usu\u00e1rio encontre valor, conex\u00e3o e satisfa\u00e7\u00e3o em cada intera\u00e7\u00e3o. Cada recurso \u00e9 meticulosamente projetado, mantendo a experi\u00eancia do usu\u00e1rio em sua ess\u00eancia, o que faz da Cammatch um destaque no campo das plataformas de bate-papo por v\u00eddeo on-line.<\/p>\n<h2>Dicas e truques<\/h2>\n<p><strong>1. Otimize seu ambiente:<\/strong><\/p>\n<ul>\n<li><strong>Ilumina\u00e7\u00e3o<\/strong>: Certifique-se de estar em uma \u00e1rea bem iluminada. A luz natural funciona melhor, mas se isso n\u00e3o for poss\u00edvel, use ilumina\u00e7\u00e3o artificial suave para evitar sombras fortes.<\/li>\n<li><strong>Hist\u00f3rico<\/strong>: Use um plano de fundo limpo e sem bagun\u00e7a. Isso ajuda a manter o foco em voc\u00ea e torna a conversa mais profissional e agrad\u00e1vel.<\/li>\n<\/ul>\n<p><strong>2. Utilize os filtros com sabedoria:<\/strong> O Cammatch oferece v\u00e1rios filtros, incluindo g\u00eanero e pa\u00eds. Use-os para personalizar suas intera\u00e7\u00f5es, especialmente se tiver prefer\u00eancias ou objetivos espec\u00edficos para suas conversas.<\/p>\n<p><strong>3. Seguran\u00e7a em primeiro lugar:<\/strong> Lembre-se sempre de evitar compartilhar detalhes pessoais, como seu endere\u00e7o, informa\u00e7\u00f5es financeiras ou outros dados confidenciais. Embora o Cammatch tenha medidas de seguran\u00e7a em vigor, \u00e9 sempre bom ser cauteloso.<\/p>\n<p><strong>4. Use fones de ouvido:<\/strong> Para garantir um \u00e1udio claro e evitar feedback ou ecos, \u00e9 uma boa ideia usar fones de ouvido durante as conversas.<\/p>\n<p><strong>5. Explore os recursos premium:<\/strong> Se voc\u00ea usa o Cammatch com frequ\u00eancia, considere fazer o upgrade para a assinatura Premium. Os recursos adicionais podem melhorar muito sua experi\u00eancia.<\/p>\n<p><strong>6. Seja aberto, mas respeitoso:<\/strong> Uma das alegrias de plataformas como a Cammatch \u00e9 encontrar diversos pontos de vista e culturas. Ao estar aberto a diferentes perspectivas, mantenha sempre o respeito e a civilidade.<\/p>\n<p><strong>7. Aproveite o bot\u00e3o \"Next\":<\/strong> Se uma conversa n\u00e3o estiver de acordo com suas prefer\u00eancias ou conforto, n\u00e3o hesite em usar o bot\u00e3o \"Next\". Ele est\u00e1 l\u00e1 para garantir que sua experi\u00eancia continue agrad\u00e1vel.<\/p>\n<p><strong>8. Use o recurso de tradu\u00e7\u00e3o:<\/strong> Envolva-se com pessoas de diferentes origens lingu\u00edsticas. N\u00e3o deixe que o idioma seja uma barreira. O recurso de tradu\u00e7\u00e3o em tempo real pode ser um divisor de \u00e1guas para entender e ser entendido.<\/p>\n<p><strong>9. Relatar comportamento inadequado:<\/strong> Ajude a manter a comunidade Cammatch segura e agrad\u00e1vel para todos. Se voc\u00ea encontrar um comportamento inadequado ou suspeitar que um usu\u00e1rio tem inten\u00e7\u00f5es maliciosas, use o recurso de den\u00fancia da plataforma.<\/p>\n<p><strong>10. Personalizar notifica\u00e7\u00f5es:<\/strong> Se voc\u00ea for um usu\u00e1rio regular, personalize suas notifica\u00e7\u00f5es para ser alertado sobre mensagens ou outras atualiza\u00e7\u00f5es importantes sem ficar sobrecarregado.<\/p>\n<p>Ao incorporar essas dicas e truques \u00e0 sua experi\u00eancia no Cammatch, voc\u00ea pode garantir intera\u00e7\u00f5es mais significativas, agrad\u00e1veis e seguras. Quer voc\u00ea seja um usu\u00e1rio experiente ou esteja apenas come\u00e7ando, essas dicas podem ajud\u00e1-lo a aproveitar ao m\u00e1ximo o que o Cammatch tem a oferecer.<\/p>\n<h2>Como funciona o Cammatch?<\/h2>\n<p>O Cammatch funciona como uma plataforma de bate-papo por v\u00eddeo on-line criada para conectar pessoas de todos os cantos do mundo. Veja a seguir um detalhamento passo a passo de como ela funciona:<\/p>\n<ol>\n<li><strong>Registro<\/strong>: Os usu\u00e1rios come\u00e7am se inscrevendo na plataforma, normalmente exigindo detalhes b\u00e1sicos, como nome de usu\u00e1rio, endere\u00e7o de e-mail e senha.<\/li>\n<li><strong>Personaliza\u00e7\u00e3o<\/strong>: Uma vez registrados, os usu\u00e1rios podem configurar seus perfis e, se desejarem, utilizar filtros como g\u00eanero e pa\u00eds para refinar suas prefer\u00eancias de bate-papo.<\/li>\n<li><strong>Envolvimento em bate-papos<\/strong>: Com o perfil definido, os usu\u00e1rios podem mergulhar no mundo do Cammatch clicando em \"Join Now\" ou em um bot\u00e3o semelhante. Em seguida, eles ser\u00e3o conectados aleatoriamente a outro usu\u00e1rio para um bate-papo por v\u00eddeo.<\/li>\n<li><strong>Recursos interativos<\/strong>: Durante o bate-papo, os usu\u00e1rios podem usar v\u00e1rios recursos, como a tradu\u00e7\u00e3o em tempo real, que ajuda a romper as barreiras do idioma. Eles tamb\u00e9m podem alternar facilmente entre os parceiros de bate-papo usando o bot\u00e3o \"Next\", garantindo intera\u00e7\u00f5es din\u00e2micas.<\/li>\n<li><strong>Feedback e relat\u00f3rios<\/strong>: Se um usu\u00e1rio se deparar com comportamento ou conte\u00fado inadequado, h\u00e1 mecanismos para denunciar esses incidentes a fim de manter a integridade da plataforma.<\/li>\n<\/ol>\n<h2>\u00c9 seguro?<\/h2>\n<p>A seguran\u00e7a e a privacidade do usu\u00e1rio s\u00e3o preocupa\u00e7\u00f5es fundamentais para qualquer plataforma on-line, e o Cammatch n\u00e3o \u00e9 exce\u00e7\u00e3o. A plataforma integrou v\u00e1rias medidas para aumentar a seguran\u00e7a:<\/p>\n<ol>\n<li><strong>Requisito de registro<\/strong>: Ao contr\u00e1rio de algumas plataformas em que as intera\u00e7\u00f5es podem ser totalmente an\u00f4nimas, o Cammatch exige que os usu\u00e1rios se registrem. Essa camada de responsabilidade ajuda a impedir poss\u00edveis usos indevidos.<\/li>\n<li><strong>Pol\u00edticas r\u00edgidas<\/strong>: O Cammatch tem pol\u00edticas rigorosas contra golpistas on-line, comportamento inadequado e qualquer forma de ass\u00e9dio. Os usu\u00e1rios que violarem essas diretrizes enfrentar\u00e3o consequ\u00eancias, incluindo poss\u00edveis banimentos.<\/li>\n<li><strong>Mecanismos de relat\u00f3rio<\/strong>: Os usu\u00e1rios t\u00eam as ferramentas para denunciar qualquer atividade suspeita ou inadequada que encontrarem. Isso n\u00e3o apenas garante sua seguran\u00e7a, mas tamb\u00e9m contribui para a seguran\u00e7a geral da plataforma.<\/li>\n<li><strong>Prote\u00e7\u00e3o de dados<\/strong>: A Cammatch emprega criptografia e outras medidas de seguran\u00e7a para proteger os dados dos usu\u00e1rios e garantir sua privacidade.<\/li>\n<li><strong>Discri\u00e7\u00e3o do usu\u00e1rio<\/strong>: Embora o Cammatch tenha medidas de seguran\u00e7a em vigor, os usu\u00e1rios tamb\u00e9m s\u00e3o aconselhados a ter cuidado, como n\u00e3o compartilhar informa\u00e7\u00f5es pessoais ou confidenciais durante os bate-papos.<\/li>\n<\/ol>\n<p>Concluindo, embora a Cammatch fa\u00e7a esfor\u00e7os significativos para garantir a seguran\u00e7a do usu\u00e1rio, tamb\u00e9m \u00e9 essencial que os usu\u00e1rios sejam vigilantes e pratiquem um comportamento on-line seguro.<\/p>","protected":false},"excerpt":{"rendered":"<p>In the vast world of online communication, finding a platform that genuinely stands out can be a challenge. Enter Cammatch, a video chatting service that promises more than just virtual meet-ups. While many platforms offer video chat, Cammatch has quickly made a name for itself by ensuring that users have a seamless, engaging, and, most [&hellip;]<\/p>\n","protected":false},"author":6,"featured_media":0,"parent":0,"menu_order":0,"comment_status":"closed","ping_status":"closed","template":"","meta":{"footnotes":""},"class_list":["post-11949","page","type-page","status-publish","hentry"],"yoast_head":"<!-- This site is optimized with the Yoast SEO plugin v27.4 - https:\/\/yoast.com\/product\/yoast-seo-wordpress\/ -->\n<title>Cammatch with strangers on StrangerCam.com<\/title>\n<meta name=\"description\" content=\"Like Cammatch? Come chat with more than 5.000.000 strangers on Stranger Cam for Free! Turn on your cam and find new friends &amp; maby a match!\" \/>\n<meta name=\"robots\" content=\"index, follow, max-snippet:-1, max-image-preview:large, max-video-preview:-1\" \/>\n<link rel=\"canonical\" href=\"https:\/\/strangercam.com\/pt-br\/cammatch\/\" \/>\n<meta property=\"og:locale\" content=\"pt_BR\" \/>\n<meta property=\"og:type\" content=\"article\" \/>\n<meta property=\"og:title\" content=\"Cammatch with strangers on StrangerCam.com\" \/>\n<meta property=\"og:description\" content=\"Like Cammatch? Come chat with more than 5.000.000 strangers on Stranger Cam for Free! Turn on your cam and find new friends &amp; maby a match!\" \/>\n<meta property=\"og:url\" content=\"https:\/\/strangercam.com\/pt-br\/cammatch\/\" \/>\n<meta property=\"og:site_name\" content=\"Strangercam\" \/>\n<meta property=\"article:publisher\" content=\"https:\/\/www.facebook.com\/strangercam\" \/>\n<meta property=\"article:modified_time\" content=\"2023-10-24T10:02:42+00:00\" \/>\n<meta property=\"og:image\" content=\"https:\/\/strangercam.com\/wp-content\/uploads\/2021\/10\/Untitled-2.png\" \/>\n\t<meta property=\"og:image:width\" content=\"800\" \/>\n\t<meta property=\"og:image:height\" content=\"532\" \/>\n\t<meta property=\"og:image:type\" content=\"image\/png\" \/>\n<meta name=\"twitter:card\" content=\"summary_large_image\" \/>\n<meta name=\"twitter:site\" content=\"@strangercamapp\" \/>\n<meta name=\"twitter:label1\" content=\"Est. tempo de leitura\" \/>\n\t<meta name=\"twitter:data1\" content=\"8 minutos\" \/>\n<script type=\"application\/ld+json\" class=\"yoast-schema-graph\">{\"@context\":\"https:\\\/\\\/schema.org\",\"@graph\":[{\"@type\":\"WebPage\",\"@id\":\"https:\\\/\\\/strangercam.com\\\/cammatch\\\/\",\"url\":\"https:\\\/\\\/strangercam.com\\\/cammatch\\\/\",\"name\":\"Cammatch with strangers on StrangerCam.com\",\"isPartOf\":{\"@id\":\"https:\\\/\\\/strangercam.com\\\/#website\"},\"datePublished\":\"2023-10-24T09:57:43+00:00\",\"dateModified\":\"2023-10-24T10:02:42+00:00\",\"description\":\"Like Cammatch? Come chat with more than 5.000.000 strangers on Stranger Cam for Free! Turn on your cam and find new friends & maby a match!\",\"breadcrumb\":{\"@id\":\"https:\\\/\\\/strangercam.com\\\/cammatch\\\/#breadcrumb\"},\"inLanguage\":\"pt-BR\",\"potentialAction\":[{\"@type\":\"ReadAction\",\"target\":[\"https:\\\/\\\/strangercam.com\\\/cammatch\\\/\"]}]},{\"@type\":\"BreadcrumbList\",\"@id\":\"https:\\\/\\\/strangercam.com\\\/cammatch\\\/#breadcrumb\",\"itemListElement\":[{\"@type\":\"ListItem\",\"position\":1,\"name\":\"Home\",\"item\":\"https:\\\/\\\/strangercam.com\\\/\"},{\"@type\":\"ListItem\",\"position\":2,\"name\":\"Cammatch\"}]},{\"@type\":\"WebSite\",\"@id\":\"https:\\\/\\\/strangercam.com\\\/#website\",\"url\":\"https:\\\/\\\/strangercam.com\\\/\",\"name\":\"Strangercam\",\"description\":\"Random Video Chat with Strangers\",\"publisher\":{\"@id\":\"https:\\\/\\\/strangercam.com\\\/#organization\"},\"alternateName\":\"Strangercam.com\",\"potentialAction\":[{\"@type\":\"SearchAction\",\"target\":{\"@type\":\"EntryPoint\",\"urlTemplate\":\"https:\\\/\\\/strangercam.com\\\/?s={search_term_string}\"},\"query-input\":{\"@type\":\"PropertyValueSpecification\",\"valueRequired\":true,\"valueName\":\"search_term_string\"}}],\"inLanguage\":\"pt-BR\"},{\"@type\":\"Organization\",\"@id\":\"https:\\\/\\\/strangercam.com\\\/#organization\",\"name\":\"Strangercam\",\"alternateName\":\"Strangercam.com\",\"url\":\"https:\\\/\\\/strangercam.com\\\/\",\"logo\":{\"@type\":\"ImageObject\",\"inLanguage\":\"pt-BR\",\"@id\":\"https:\\\/\\\/strangercam.com\\\/#\\\/schema\\\/logo\\\/image\\\/\",\"url\":\"https:\\\/\\\/strangercam.com\\\/wp-content\\\/uploads\\\/2020\\\/11\\\/cropped-new-favicon-black.png\",\"contentUrl\":\"https:\\\/\\\/strangercam.com\\\/wp-content\\\/uploads\\\/2020\\\/11\\\/cropped-new-favicon-black.png\",\"width\":512,\"height\":512,\"caption\":\"Strangercam\"},\"image\":{\"@id\":\"https:\\\/\\\/strangercam.com\\\/#\\\/schema\\\/logo\\\/image\\\/\"},\"sameAs\":[\"https:\\\/\\\/www.facebook.com\\\/strangercam\",\"https:\\\/\\\/x.com\\\/strangercamapp\"]}]}<\/script>\n<!-- \/ Yoast SEO plugin. -->","yoast_head_json":{"title":"Encontre-se com estranhos no StrangerCam.com","description":"Gosta do Cammatch? Venha conversar com mais de 5.000.000 de estranhos no Stranger Cam gratuitamente! Ligue sua c\u00e2mera e encontre novos amigos e talvez um par!","robots":{"index":"index","follow":"follow","max-snippet":"max-snippet:-1","max-image-preview":"max-image-preview:large","max-video-preview":"max-video-preview:-1"},"canonical":"https:\/\/strangercam.com\/pt-br\/cammatch\/","og_locale":"pt_BR","og_type":"article","og_title":"Cammatch with strangers on StrangerCam.com","og_description":"Like Cammatch? Come chat with more than 5.000.000 strangers on Stranger Cam for Free! Turn on your cam and find new friends & maby a match!","og_url":"https:\/\/strangercam.com\/pt-br\/cammatch\/","og_site_name":"Strangercam","article_publisher":"https:\/\/www.facebook.com\/strangercam","article_modified_time":"2023-10-24T10:02:42+00:00","og_image":[{"width":800,"height":532,"url":"https:\/\/strangercam.com\/wp-content\/uploads\/2021\/10\/Untitled-2.png","type":"image\/png"}],"twitter_card":"summary_large_image","twitter_site":"@strangercamapp","twitter_misc":{"Est. tempo de leitura":"8 minutos"},"schema":{"@context":"https:\/\/schema.org","@graph":[{"@type":"WebPage","@id":"https:\/\/strangercam.com\/cammatch\/","url":"https:\/\/strangercam.com\/cammatch\/","name":"Encontre-se com estranhos no StrangerCam.com","isPartOf":{"@id":"https:\/\/strangercam.com\/#website"},"datePublished":"2023-10-24T09:57:43+00:00","dateModified":"2023-10-24T10:02:42+00:00","description":"Gosta do Cammatch? Venha conversar com mais de 5.000.000 de estranhos no Stranger Cam gratuitamente! Ligue sua c\u00e2mera e encontre novos amigos e talvez um par!","breadcrumb":{"@id":"https:\/\/strangercam.com\/cammatch\/#breadcrumb"},"inLanguage":"pt-BR","potentialAction":[{"@type":"ReadAction","target":["https:\/\/strangercam.com\/cammatch\/"]}]},{"@type":"BreadcrumbList","@id":"https:\/\/strangercam.com\/cammatch\/#breadcrumb","itemListElement":[{"@type":"ListItem","position":1,"name":"Home","item":"https:\/\/strangercam.com\/"},{"@type":"ListItem","position":2,"name":"Cammatch"}]},{"@type":"WebSite","@id":"https:\/\/strangercam.com\/#website","url":"https:\/\/strangercam.com\/","name":"Strangercam","description":"Bate-papo por v\u00eddeo aleat\u00f3rio com estranhos","publisher":{"@id":"https:\/\/strangercam.com\/#organization"},"alternateName":"Strangercam.com","potentialAction":[{"@type":"SearchAction","target":{"@type":"EntryPoint","urlTemplate":"https:\/\/strangercam.com\/?s={search_term_string}"},"query-input":{"@type":"PropertyValueSpecification","valueRequired":true,"valueName":"search_term_string"}}],"inLanguage":"pt-BR"},{"@type":"Organization","@id":"https:\/\/strangercam.com\/#organization","name":"Strangercam","alternateName":"Strangercam.com","url":"https:\/\/strangercam.com\/","logo":{"@type":"ImageObject","inLanguage":"pt-BR","@id":"https:\/\/strangercam.com\/#\/schema\/logo\/image\/","url":"https:\/\/strangercam.com\/wp-content\/uploads\/2020\/11\/cropped-new-favicon-black.png","contentUrl":"https:\/\/strangercam.com\/wp-content\/uploads\/2020\/11\/cropped-new-favicon-black.png","width":512,"height":512,"caption":"Strangercam"},"image":{"@id":"https:\/\/strangercam.com\/#\/schema\/logo\/image\/"},"sameAs":["https:\/\/www.facebook.com\/strangercam","https:\/\/x.com\/strangercamapp"]}]}},"_links":{"self":[{"href":"https:\/\/strangercam.com\/pt-br\/wp-json\/wp\/v2\/pages\/11949","targetHints":{"allow":["GET"]}}],"collection":[{"href":"https:\/\/strangercam.com\/pt-br\/wp-json\/wp\/v2\/pages"}],"about":[{"href":"https:\/\/strangercam.com\/pt-br\/wp-json\/wp\/v2\/types\/page"}],"author":[{"embeddable":true,"href":"https:\/\/strangercam.com\/pt-br\/wp-json\/wp\/v2\/users\/6"}],"replies":[{"embeddable":true,"href":"https:\/\/strangercam.com\/pt-br\/wp-json\/wp\/v2\/comments?post=11949"}],"version-history":[{"count":0,"href":"https:\/\/strangercam.com\/pt-br\/wp-json\/wp\/v2\/pages\/11949\/revisions"}],"wp:attachment":[{"href":"https:\/\/strangercam.com\/pt-br\/wp-json\/wp\/v2\/media?parent=11949"}],"curies":[{"name":"wp","href":"https:\/\/api.w.org\/{rel}","templated":true}]}}