{"id":11922,"date":"2023-10-23T10:00:20","date_gmt":"2023-10-23T08:00:20","guid":{"rendered":"https:\/\/strangercam.com\/?page_id=11922"},"modified":"2023-10-23T12:31:54","modified_gmt":"2023-10-23T10:31:54","slug":"strangermeetup","status":"publish","type":"page","link":"https:\/\/strangercam.com\/pt-br\/strangermeetup\/","title":{"rendered":"StrangerMeetup"},"content":{"rendered":"<p>O StrangerMeetup se posicionou no concorrido mercado de servi\u00e7os on-line <a href=\"https:\/\/strangercam.com\/pt-br\/chatroulette\/\">bate-papo<\/a> como uma op\u00e7\u00e3o popular para quem deseja participar de conversas an\u00f4nimas. Ao contr\u00e1rio de muitas plataformas de m\u00eddia social em que perfis pessoais, hist\u00f3ricos e fotos dominam, o StrangerMeetup oferece uma nova perspectiva. Aqui, a \u00eanfase est\u00e1 na intera\u00e7\u00e3o em tempo real, sem a bagagem da identidade, o que a torna uma op\u00e7\u00e3o atraente. <a href=\"https:\/\/strangercam.com\/pt-br\/mocospace\/\">espa\u00e7o<\/a> para aqueles que priorizam a privacidade ou simplesmente querem uma pausa na din\u00e2mica on-line habitual.<\/p>\n<p>Em sua ess\u00eancia, a plataforma foi projetada para facilitar conex\u00f5es genu\u00ednas entre pessoas de diversas origens. Sua interface amig\u00e1vel e o foco no anonimato significam que os participantes podem mergulhar em conversas sem as apreens\u00f5es geralmente associadas \u00e0s intera\u00e7\u00f5es digitais. O apelo \u00e9 claro: uma oportunidade de ampliar horizontes, aprender com os outros ou at\u00e9 mesmo apenas desfrutar de um bate-papo casual, tudo isso envolto no reconfortante manto do anonimato.<\/p>\n<p>No entanto, como todas as plataformas, o StrangerMeetup tem suas peculiaridades e recursos. Para quem est\u00e1 come\u00e7ando a usar a plataforma ou est\u00e1 pensando em experiment\u00e1-la, \u00e9 fundamental entender suas nuances, benef\u00edcios e poss\u00edveis desvantagens. A era digital trouxe in\u00fameras maneiras de se comunicar, e o StrangerMeetup, com sua combina\u00e7\u00e3o de simplicidade e anonimato, certamente est\u00e1 deixando sua marca.<\/p>\n<h2>O que \u00e9 o StrangerMeetup?<\/h2>\n<p>O StrangerMeetup \u00e9 uma plataforma de bate-papo on-line que oferece um espa\u00e7o para os usu\u00e1rios participarem de conversas an\u00f4nimas com pessoas de v\u00e1rias partes do mundo. Diferente das plataformas convencionais de m\u00eddia social, em que detalhes pessoais, fotos e hist\u00f3ricos costumam estar em primeiro plano, o StrangerMeetup se concentra em intera\u00e7\u00f5es em tempo real, sem marcadores de identidade pessoal. Essa \u00eanfase no anonimato torna o ambiente digital \u00fanico, permitindo que os usu\u00e1rios se comuniquem sem as barreiras convencionais ou as apreens\u00f5es ligadas \u00e0s suas personas do mundo real.<\/p>\n<p>O design da plataforma incentiva conex\u00f5es espont\u00e2neas e genu\u00ednas. Com uma interface amig\u00e1vel, os participantes podem facilmente iniciar e manter conversas, independentemente de suas habilidades t\u00e9cnicas. Isso garante que o foco permane\u00e7a na troca de ideias, hist\u00f3rias ou bate-papos casuais, permitindo uma rica tape\u00e7aria de intera\u00e7\u00f5es que podem ser esclarecedoras e divertidas.<\/p>\n<p>Em ess\u00eancia, o StrangerMeetup funciona como um encontro digital moderno, onde a emo\u00e7\u00e3o de conhecer algu\u00e9m novo \u00e9 combinada com a seguran\u00e7a e a privacidade de um ambiente on-line. Seja buscando novas amizades, bate-papos casuais ou uma janela para diferentes perspectivas, os usu\u00e1rios migram para o StrangerMeetup por sua combina\u00e7\u00e3o \u00fanica de anonimato e conex\u00e3o humana genu\u00edna.<\/p>\n<h2>Recursos do StrangerMeetup<\/h2>\n<p>O StrangerMeetup, com sua posi\u00e7\u00e3o distinta no campo das plataformas de bate-papo on-line, oferece uma variedade de recursos que o diferenciam de seus concorrentes. Esses recursos foram cuidadosamente projetados para aprimorar a experi\u00eancia do usu\u00e1rio, priorizando o anonimato e a facilidade de uso.<\/p>\n<ol>\n<li><strong>Anonimato do usu\u00e1rio:<\/strong> No centro do StrangerMeetup est\u00e1 seu compromisso com o anonimato do usu\u00e1rio. Ao contr\u00e1rio de muitas outras plataformas, ele n\u00e3o exige que os usu\u00e1rios forne\u00e7am detalhes pessoais ou fotografias. Isso garante que as conversas permane\u00e7am privadas e as identidades protegidas.<\/li>\n<li><strong>Bate-papo em tempo real:<\/strong> A plataforma conta com um sistema de bate-papo em tempo real sem interrup\u00e7\u00f5es. Os usu\u00e1rios podem mergulhar em conversas sem atrasos, garantindo que o fluxo de discuss\u00f5es seja suave e instant\u00e2neo.<\/li>\n<li><strong>Base de usu\u00e1rios global:<\/strong> O StrangerMeetup oferece a oportunidade de se conectar com pessoas de todo o mundo. Esse alcance internacional permite que os usu\u00e1rios tenham uma vis\u00e3o de diferentes culturas, tradi\u00e7\u00f5es e perspectivas.<\/li>\n<li><strong>Interface f\u00e1cil de usar:<\/strong> O design do StrangerMeetup \u00e9 intuitivo, garantindo que mesmo aqueles que n\u00e3o s\u00e3o especialistas em tecnologia possam navegar e usar a plataforma com facilidade.<\/li>\n<li><strong>Medidas de seguran\u00e7a:<\/strong> A plataforma implementou v\u00e1rios recursos de seguran\u00e7a. Os usu\u00e1rios podem denunciar ou bloquear outras pessoas que apresentem comportamento inadequado, garantindo que o ambiente de bate-papo permane\u00e7a respeitoso e seguro.<\/li>\n<li><strong>Salas de bate-papo privadas:<\/strong> Al\u00e9m dos pares de bate-papo aleat\u00f3rios, o StrangerMeetup tamb\u00e9m oferece salas de bate-papo privadas. Esse recurso permite que os usu\u00e1rios se envolvam em discuss\u00f5es mais focadas sem interrup\u00e7\u00f5es.<\/li>\n<li><strong>Compatibilidade com dispositivos m\u00f3veis:<\/strong> Reconhecendo a import\u00e2ncia da acessibilidade em movimento, o StrangerMeetup \u00e9 compat\u00edvel com dispositivos m\u00f3veis, garantindo que os usu\u00e1rios possam conversar em qualquer lugar, a qualquer hora.<\/li>\n<\/ol>\n<table>\n<thead>\n<tr>\n<th>Recurso<\/th>\n<th>Descri\u00e7\u00e3o<\/th>\n<\/tr>\n<\/thead>\n<tbody>\n<tr>\n<td>Anonimato do usu\u00e1rio<\/td>\n<td>N\u00e3o h\u00e1 necessidade de detalhes pessoais ou fotos; garante conversas privadas e identidades protegidas.<\/td>\n<\/tr>\n<tr>\n<td>Bate-papo em tempo real<\/td>\n<td>Sistema de bate-papo cont\u00ednuo e instant\u00e2neo para discuss\u00f5es tranquilas.<\/td>\n<\/tr>\n<tr>\n<td>Base de usu\u00e1rios global<\/td>\n<td>Conecte-se com pessoas de diversas origens e culturas.<\/td>\n<\/tr>\n<tr>\n<td>Interface amig\u00e1vel ao usu\u00e1rio<\/td>\n<td>Design intuitivo para facilitar a navega\u00e7\u00e3o e o uso.<\/td>\n<\/tr>\n<tr>\n<td>Medidas de seguran\u00e7a<\/td>\n<td>Op\u00e7\u00f5es para denunciar ou bloquear comportamentos inadequados, garantindo um ambiente de bate-papo seguro.<\/td>\n<\/tr>\n<tr>\n<td>Salas de bate-papo privadas<\/td>\n<td>Participe de discuss\u00f5es focadas em configura\u00e7\u00f5es de bate-papo privadas.<\/td>\n<\/tr>\n<tr>\n<td>Compatibilidade com dispositivos m\u00f3veis<\/td>\n<td>Converse em qualquer lugar com compatibilidade em v\u00e1rios dispositivos m\u00f3veis.<\/td>\n<\/tr>\n<\/tbody>\n<\/table>\n<h2>Dicas para usar o StrangerMeetup com seguran\u00e7a<\/h2>\n<p>Navegar no cen\u00e1rio digital de plataformas de bate-papo on-line como o StrangerMeetup requer curiosidade e cautela. Embora a plataforma priorize o anonimato e ofere\u00e7a recursos para aumentar a seguran\u00e7a do usu\u00e1rio, as pessoas tamb\u00e9m devem tomar medidas pessoais para garantir sua pr\u00f3pria seguran\u00e7a e bem-estar. Aqui est\u00e3o algumas dicas que voc\u00ea deve ter em mente ao usar o StrangerMeetup com seguran\u00e7a:<\/p>\n<ol>\n<li><strong>Proteger informa\u00e7\u00f5es pessoais:<\/strong> A sedu\u00e7\u00e3o do anonimato pode, \u00e0s vezes, fazer com que as prote\u00e7\u00f5es sejam baixadas. \u00c9 essencial manter a cautela e evitar o compartilhamento de detalhes pessoais, como nomes verdadeiros, endere\u00e7os, n\u00fameros de telefone ou informa\u00e7\u00f5es financeiras.<\/li>\n<li><strong>Use um nome de usu\u00e1rio exclusivo:<\/strong> Escolha um nome de usu\u00e1rio que n\u00e3o tenha usado em outras plataformas. Isso torna mais dif\u00edcil para algu\u00e9m rastrear suas atividades on-line ou vincular sua identidade do StrangerMeetup a outros perfis on-line.<\/li>\n<li><strong>Confie em seus instintos:<\/strong> Se uma conversa parecer desconfort\u00e1vel ou se o comportamento de algu\u00e9m parecer suspeito, confie em seus instintos. N\u00e3o h\u00e1 problema em encerrar um bate-papo ou bloquear um usu\u00e1rio se voc\u00ea se sentir desconfort\u00e1vel.<\/li>\n<li><strong>Use o recurso de relat\u00f3rio:<\/strong> Se voc\u00ea encontrar um comportamento inadequado, use o recurso de den\u00fancia da plataforma. Isso n\u00e3o s\u00f3 ajuda voc\u00ea, mas tamb\u00e9m auxilia a comunidade ao sinalizar poss\u00edveis problemas.<\/li>\n<li><strong>Evite clicar em links desconhecidos:<\/strong> \u00c0s vezes, links maliciosos podem ser compartilhados em salas de bate-papo. \u00c9 aconselh\u00e1vel evitar clicar em qualquer link de estranhos, pois eles podem levar a sites nocivos ou fazer download de malware em seu dispositivo.<\/li>\n<li><strong>Reuni\u00f5es na vida real:<\/strong> Se, por qualquer motivo, voc\u00ea decidir <a href=\"https:\/\/strangercam.com\/pt-br\/coomeet\/\">conhecer<\/a> Se voc\u00ea n\u00e3o quiser encontrar algu\u00e9m do StrangerMeetup na vida real, escolha sempre um local p\u00fablico, informe algu\u00e9m de sua confian\u00e7a sobre o encontro e garanta sua pr\u00f3pria seguran\u00e7a em primeiro lugar.<\/li>\n<li><strong>Eduque-se:<\/strong> Familiarize-se com as diretrizes e medidas de seguran\u00e7a do StrangerMeetup. Quanto mais voc\u00ea souber sobre as pol\u00edticas da plataforma, mais bem equipado estar\u00e1 para navegar nela com seguran\u00e7a.<\/li>\n<li><strong>Mantenha-se atualizado:<\/strong> Se estiver usando uma vers\u00e3o de aplicativo m\u00f3vel ou de desktop do StrangerMeetup, certifique-se de que ele esteja sempre atualizado para a vers\u00e3o mais recente. As atualiza\u00e7\u00f5es geralmente incluem aprimoramentos de seguran\u00e7a.<\/li>\n<\/ol>\n<p>Em ess\u00eancia, embora o StrangerMeetup ofere\u00e7a um espa\u00e7o exclusivo para conversas an\u00f4nimas, \u00e9 fundamental que os usu\u00e1rios combinem os recursos de seguran\u00e7a da plataforma com a vigil\u00e2ncia pessoal. O equil\u00edbrio entre a emo\u00e7\u00e3o de conhecer novas pessoas e a consci\u00eancia da seguran\u00e7a digital garantir\u00e1 uma experi\u00eancia positiva e segura.<\/p>\n<h2>Conclus\u00e3o<\/h2>\n<p>O StrangerMeetup \u00e9 uma prova not\u00e1vel da natureza evolutiva da intera\u00e7\u00e3o humana na era digital. Oferecendo um <a href=\"https:\/\/strangercam.com\/pt-br\/chat-avenue\/\">avenida<\/a> Para bate-papos an\u00f4nimos e em tempo real, ele preenche a lacuna entre culturas, ideologias e experi\u00eancias pessoais de todo o mundo. No entanto, como acontece com todas as plataformas digitais, ela est\u00e1 entrela\u00e7ada com os desafios duplos de garantir a seguran\u00e7a e, ao mesmo tempo, preservar a ess\u00eancia da <a href=\"https:\/\/strangercam.com\/pt-br\/chat4free\/\">gratuito<\/a> comunica\u00e7\u00e3o. Ao combinar os recursos de seguran\u00e7a inatos da plataforma com medidas de precau\u00e7\u00e3o pessoal, os usu\u00e1rios podem entrar em um mundo de intera\u00e7\u00f5es diversas, promovendo conex\u00f5es e compreens\u00e3o em um mundo digital fragmentado. Em suma, o StrangerMeetup n\u00e3o s\u00f3 serve como um reflexo da interconex\u00e3o do nosso mundo globalizado, mas tamb\u00e9m ressalta a necessidade perp\u00e9tua de vigil\u00e2ncia no vasto dom\u00ednio das intera\u00e7\u00f5es on-line.<\/p>","protected":false},"excerpt":{"rendered":"<p>StrangerMeetup has positioned itself in the crowded realm of online chat platforms as a popular choice for those looking to engage in anonymous conversations. Unlike many social media platforms where personal profiles, histories, and pictures dominate, StrangerMeetup offers a fresh perspective. Here, the emphasis is on real-time interaction without the baggage of identity, making it [&hellip;]<\/p>\n","protected":false},"author":6,"featured_media":559,"parent":0,"menu_order":0,"comment_status":"closed","ping_status":"closed","template":"","meta":{"footnotes":""},"class_list":["post-11922","page","type-page","status-publish","has-post-thumbnail","hentry"],"yoast_head":"<!-- This site is optimized with the Yoast SEO plugin v26.9 - https:\/\/yoast.com\/product\/yoast-seo-wordpress\/ -->\n<title>StrangerMeetup - Chat with strangers on StrangerCam.com<\/title>\n<meta name=\"description\" content=\"Like StrangerMeetup? Come chat with more than 5.000.000 strangers on Stranger Cam for Free! Turn on your cam and find new friends &amp; maby a match!\" \/>\n<meta name=\"robots\" content=\"index, follow, max-snippet:-1, max-image-preview:large, max-video-preview:-1\" \/>\n<link rel=\"canonical\" href=\"https:\/\/strangercam.com\/pt-br\/strangermeetup\/\" \/>\n<meta property=\"og:locale\" content=\"pt_BR\" \/>\n<meta property=\"og:type\" content=\"article\" \/>\n<meta property=\"og:title\" content=\"StrangerMeetup - Chat with strangers on StrangerCam.com\" \/>\n<meta property=\"og:description\" content=\"Like StrangerMeetup? Come chat with more than 5.000.000 strangers on Stranger Cam for Free! Turn on your cam and find new friends &amp; maby a match!\" \/>\n<meta property=\"og:url\" content=\"https:\/\/strangercam.com\/pt-br\/strangermeetup\/\" \/>\n<meta property=\"og:site_name\" content=\"Strangercam\" \/>\n<meta property=\"article:publisher\" content=\"https:\/\/www.facebook.com\/strangercam\" \/>\n<meta property=\"article:modified_time\" content=\"2023-10-23T10:31:54+00:00\" \/>\n<meta property=\"og:image\" content=\"https:\/\/strangercam.com\/wp-content\/uploads\/2020\/11\/stranger-cam-1.png\" \/>\n\t<meta property=\"og:image:width\" content=\"800\" \/>\n\t<meta property=\"og:image:height\" content=\"800\" \/>\n\t<meta property=\"og:image:type\" content=\"image\/png\" \/>\n<meta name=\"twitter:card\" content=\"summary_large_image\" \/>\n<meta name=\"twitter:site\" content=\"@strangercamapp\" \/>\n<meta name=\"twitter:label1\" content=\"Est. tempo de leitura\" \/>\n\t<meta name=\"twitter:data1\" content=\"6 minutos\" \/>\n<script type=\"application\/ld+json\" class=\"yoast-schema-graph\">{\"@context\":\"https:\/\/schema.org\",\"@graph\":[{\"@type\":\"WebPage\",\"@id\":\"https:\/\/strangercam.com\/strangermeetup\/\",\"url\":\"https:\/\/strangercam.com\/strangermeetup\/\",\"name\":\"StrangerMeetup - Chat with strangers on StrangerCam.com\",\"isPartOf\":{\"@id\":\"https:\/\/strangercam.com\/#website\"},\"primaryImageOfPage\":{\"@id\":\"https:\/\/strangercam.com\/strangermeetup\/#primaryimage\"},\"image\":{\"@id\":\"https:\/\/strangercam.com\/strangermeetup\/#primaryimage\"},\"thumbnailUrl\":\"https:\/\/strangercam.com\/wp-content\/uploads\/2020\/11\/stranger-cam-1.png\",\"datePublished\":\"2023-10-23T08:00:20+00:00\",\"dateModified\":\"2023-10-23T10:31:54+00:00\",\"description\":\"Like StrangerMeetup? Come chat with more than 5.000.000 strangers on Stranger Cam for Free! Turn on your cam and find new friends & maby a match!\",\"breadcrumb\":{\"@id\":\"https:\/\/strangercam.com\/strangermeetup\/#breadcrumb\"},\"inLanguage\":\"pt-BR\",\"potentialAction\":[{\"@type\":\"ReadAction\",\"target\":[\"https:\/\/strangercam.com\/strangermeetup\/\"]}]},{\"@type\":\"ImageObject\",\"inLanguage\":\"pt-BR\",\"@id\":\"https:\/\/strangercam.com\/strangermeetup\/#primaryimage\",\"url\":\"https:\/\/strangercam.com\/wp-content\/uploads\/2020\/11\/stranger-cam-1.png\",\"contentUrl\":\"https:\/\/strangercam.com\/wp-content\/uploads\/2020\/11\/stranger-cam-1.png\",\"width\":800,\"height\":800,\"caption\":\"stranger cam random video chat\"},{\"@type\":\"BreadcrumbList\",\"@id\":\"https:\/\/strangercam.com\/strangermeetup\/#breadcrumb\",\"itemListElement\":[{\"@type\":\"ListItem\",\"position\":1,\"name\":\"Home\",\"item\":\"https:\/\/strangercam.com\/\"},{\"@type\":\"ListItem\",\"position\":2,\"name\":\"StrangerMeetup\"}]},{\"@type\":\"WebSite\",\"@id\":\"https:\/\/strangercam.com\/#website\",\"url\":\"https:\/\/strangercam.com\/\",\"name\":\"Strangercam\",\"description\":\"Random Video Chat with Strangers\",\"publisher\":{\"@id\":\"https:\/\/strangercam.com\/#organization\"},\"alternateName\":\"Strangercam.com\",\"potentialAction\":[{\"@type\":\"SearchAction\",\"target\":{\"@type\":\"EntryPoint\",\"urlTemplate\":\"https:\/\/strangercam.com\/?s={search_term_string}\"},\"query-input\":{\"@type\":\"PropertyValueSpecification\",\"valueRequired\":true,\"valueName\":\"search_term_string\"}}],\"inLanguage\":\"pt-BR\"},{\"@type\":\"Organization\",\"@id\":\"https:\/\/strangercam.com\/#organization\",\"name\":\"Strangercam\",\"alternateName\":\"Strangercam.com\",\"url\":\"https:\/\/strangercam.com\/\",\"logo\":{\"@type\":\"ImageObject\",\"inLanguage\":\"pt-BR\",\"@id\":\"https:\/\/strangercam.com\/#\/schema\/logo\/image\/\",\"url\":\"https:\/\/strangercam.com\/wp-content\/uploads\/2020\/11\/cropped-new-favicon-black.png\",\"contentUrl\":\"https:\/\/strangercam.com\/wp-content\/uploads\/2020\/11\/cropped-new-favicon-black.png\",\"width\":512,\"height\":512,\"caption\":\"Strangercam\"},\"image\":{\"@id\":\"https:\/\/strangercam.com\/#\/schema\/logo\/image\/\"},\"sameAs\":[\"https:\/\/www.facebook.com\/strangercam\",\"https:\/\/x.com\/strangercamapp\"]}]}<\/script>\n<!-- \/ Yoast SEO plugin. -->","yoast_head_json":{"title":"StrangerMeetup - Converse com estranhos em StrangerCam.com","description":"Gosta do StrangerMeetup? Venha bater papo com mais de 5.000.000 de estranhos no Stranger Cam de gra\u00e7a! Ligue sua c\u00e2mera e encontre novos amigos e talvez um par!","robots":{"index":"index","follow":"follow","max-snippet":"max-snippet:-1","max-image-preview":"max-image-preview:large","max-video-preview":"max-video-preview:-1"},"canonical":"https:\/\/strangercam.com\/pt-br\/strangermeetup\/","og_locale":"pt_BR","og_type":"article","og_title":"StrangerMeetup - Chat with strangers on StrangerCam.com","og_description":"Like StrangerMeetup? Come chat with more than 5.000.000 strangers on Stranger Cam for Free! Turn on your cam and find new friends & maby a match!","og_url":"https:\/\/strangercam.com\/pt-br\/strangermeetup\/","og_site_name":"Strangercam","article_publisher":"https:\/\/www.facebook.com\/strangercam","article_modified_time":"2023-10-23T10:31:54+00:00","og_image":[{"width":800,"height":800,"url":"https:\/\/strangercam.com\/wp-content\/uploads\/2020\/11\/stranger-cam-1.png","type":"image\/png"}],"twitter_card":"summary_large_image","twitter_site":"@strangercamapp","twitter_misc":{"Est. tempo de leitura":"6 minutos"},"schema":{"@context":"https:\/\/schema.org","@graph":[{"@type":"WebPage","@id":"https:\/\/strangercam.com\/strangermeetup\/","url":"https:\/\/strangercam.com\/strangermeetup\/","name":"StrangerMeetup - Converse com estranhos em StrangerCam.com","isPartOf":{"@id":"https:\/\/strangercam.com\/#website"},"primaryImageOfPage":{"@id":"https:\/\/strangercam.com\/strangermeetup\/#primaryimage"},"image":{"@id":"https:\/\/strangercam.com\/strangermeetup\/#primaryimage"},"thumbnailUrl":"https:\/\/strangercam.com\/wp-content\/uploads\/2020\/11\/stranger-cam-1.png","datePublished":"2023-10-23T08:00:20+00:00","dateModified":"2023-10-23T10:31:54+00:00","description":"Gosta do StrangerMeetup? Venha bater papo com mais de 5.000.000 de estranhos no Stranger Cam de gra\u00e7a! Ligue sua c\u00e2mera e encontre novos amigos e talvez um par!","breadcrumb":{"@id":"https:\/\/strangercam.com\/strangermeetup\/#breadcrumb"},"inLanguage":"pt-BR","potentialAction":[{"@type":"ReadAction","target":["https:\/\/strangercam.com\/strangermeetup\/"]}]},{"@type":"ImageObject","inLanguage":"pt-BR","@id":"https:\/\/strangercam.com\/strangermeetup\/#primaryimage","url":"https:\/\/strangercam.com\/wp-content\/uploads\/2020\/11\/stranger-cam-1.png","contentUrl":"https:\/\/strangercam.com\/wp-content\/uploads\/2020\/11\/stranger-cam-1.png","width":800,"height":800,"caption":"stranger cam random video chat"},{"@type":"BreadcrumbList","@id":"https:\/\/strangercam.com\/strangermeetup\/#breadcrumb","itemListElement":[{"@type":"ListItem","position":1,"name":"Home","item":"https:\/\/strangercam.com\/"},{"@type":"ListItem","position":2,"name":"StrangerMeetup"}]},{"@type":"WebSite","@id":"https:\/\/strangercam.com\/#website","url":"https:\/\/strangercam.com\/","name":"Strangercam","description":"Bate-papo por v\u00eddeo aleat\u00f3rio com estranhos","publisher":{"@id":"https:\/\/strangercam.com\/#organization"},"alternateName":"Strangercam.com","potentialAction":[{"@type":"SearchAction","target":{"@type":"EntryPoint","urlTemplate":"https:\/\/strangercam.com\/?s={search_term_string}"},"query-input":{"@type":"PropertyValueSpecification","valueRequired":true,"valueName":"search_term_string"}}],"inLanguage":"pt-BR"},{"@type":"Organization","@id":"https:\/\/strangercam.com\/#organization","name":"Strangercam","alternateName":"Strangercam.com","url":"https:\/\/strangercam.com\/","logo":{"@type":"ImageObject","inLanguage":"pt-BR","@id":"https:\/\/strangercam.com\/#\/schema\/logo\/image\/","url":"https:\/\/strangercam.com\/wp-content\/uploads\/2020\/11\/cropped-new-favicon-black.png","contentUrl":"https:\/\/strangercam.com\/wp-content\/uploads\/2020\/11\/cropped-new-favicon-black.png","width":512,"height":512,"caption":"Strangercam"},"image":{"@id":"https:\/\/strangercam.com\/#\/schema\/logo\/image\/"},"sameAs":["https:\/\/www.facebook.com\/strangercam","https:\/\/x.com\/strangercamapp"]}]}},"_links":{"self":[{"href":"https:\/\/strangercam.com\/pt-br\/wp-json\/wp\/v2\/pages\/11922","targetHints":{"allow":["GET"]}}],"collection":[{"href":"https:\/\/strangercam.com\/pt-br\/wp-json\/wp\/v2\/pages"}],"about":[{"href":"https:\/\/strangercam.com\/pt-br\/wp-json\/wp\/v2\/types\/page"}],"author":[{"embeddable":true,"href":"https:\/\/strangercam.com\/pt-br\/wp-json\/wp\/v2\/users\/6"}],"replies":[{"embeddable":true,"href":"https:\/\/strangercam.com\/pt-br\/wp-json\/wp\/v2\/comments?post=11922"}],"version-history":[{"count":0,"href":"https:\/\/strangercam.com\/pt-br\/wp-json\/wp\/v2\/pages\/11922\/revisions"}],"wp:featuredmedia":[{"embeddable":true,"href":"https:\/\/strangercam.com\/pt-br\/wp-json\/wp\/v2\/media\/559"}],"wp:attachment":[{"href":"https:\/\/strangercam.com\/pt-br\/wp-json\/wp\/v2\/media?parent=11922"}],"curies":[{"name":"wp","href":"https:\/\/api.w.org\/{rel}","templated":true}]}}