{"id":11273,"date":"2022-08-11T20:04:37","date_gmt":"2022-08-11T18:04:37","guid":{"rendered":"https:\/\/strangercam.com\/?page_id=11273"},"modified":"2023-08-21T11:40:07","modified_gmt":"2023-08-21T09:40:07","slug":"321chat","status":"publish","type":"page","link":"https:\/\/strangercam.com\/pt-br\/321chat\/","title":{"rendered":"321chat"},"content":{"rendered":"<p>Todos n\u00f3s conhecemos aquela sensa\u00e7\u00e3o de constrangimento quando estamos em uma situa\u00e7\u00e3o social e n\u00e3o conhecemos ningu\u00e9m. Mesmo que haja outras pessoas por perto, pode parecer que somos os \u00fanicos na sala. Mas e se houvesse uma maneira de conversar com estranhos que n\u00e3o envolvesse nenhum tipo de constrangimento ou estresse?<\/p>\n<p>Apresentando <a href=\"https:\/\/strangercam.com\/pt-br\/strangermeetup\/\">321chat<\/a>, a <a href=\"https:\/\/strangercam.com\/pt-br\/chatroulette\/\">bate-papo<\/a> que permite que voc\u00ea se conecte com pessoas de todo o mundo. Se voc\u00ea est\u00e1 procurando um novo amigo ou apenas quer conversar sobre seus hobbies, o 321chat \u00e9 o lugar perfeito para voc\u00ea.<\/p>\n<h2>O que \u00e9 321chat?<\/h2>\n<p>O 321chat \u00e9 um site que oferece uma plataforma para que as pessoas conversem com estranhos. O site foi criado para facilitar as conversas an\u00f4nimas entre duas pessoas.<\/p>\n<p>O 321chat n\u00e3o exige nenhum registro ou informa\u00e7\u00e3o pessoal. Tudo o que voc\u00ea precisa fazer \u00e9 escolher um nome de usu\u00e1rio e come\u00e7ar a conversar.<\/p>\n<p>As conversas no 321chat s\u00e3o totalmente an\u00f4nimas. Isso significa que voc\u00ea pode dizer o que quiser sem se preocupar em ser julgado.<\/p>\n<p>O 321chat \u00e9 um \u00f3timo lugar para falar sobre tudo e qualquer coisa. Voc\u00ea pode falar sobre seu dia, seus hobbies, seus pensamentos e qualquer outra coisa que queira falar.<\/p>\n<p>Se estiver se sentindo solit\u00e1rio ou apenas quiser conversar com algu\u00e9m, o 321chat \u00e9 o lugar perfeito para voc\u00ea. Voc\u00ea pode encontrar pessoas que compartilham seus interesses e construir novos relacionamentos.<\/p>\n<h2>Como funciona o 321chat?<\/h2>\n<p>O 321chat \u00e9 um site que permite que voc\u00ea converse com estranhos de todo o mundo.<\/p>\n<p>Voc\u00ea pode come\u00e7ar a conversar digitando seu nome e escolhendo uma sala de bate-papo. Quando estiver na sala de bate-papo, voc\u00ea poder\u00e1 ver os outros usu\u00e1rios na sala e come\u00e7ar a conversar com eles.<\/p>\n<p>As conversas no 321chat s\u00e3o an\u00f4nimas, o que significa que voc\u00ea pode dizer o que quiser sem se preocupar em ser julgado.<\/p>\n<p>O 321chat \u00e9 uma \u00f3tima maneira de <a href=\"https:\/\/strangercam.com\/pt-br\/coomeet\/\">conhecer<\/a> novas pessoas e fazer novos amigos. \u00c9 tamb\u00e9m uma \u00f3tima maneira de aprender sobre outras culturas e praticar seu ingl\u00eas.<\/p>\n<h2>Como iniciar uma conversa no 321chat<\/h2>\n<p>Iniciar uma conversa no 321chat pode ser f\u00e1cil se voc\u00ea souber como abord\u00e1-la. O segredo \u00e9 ser voc\u00ea mesmo e n\u00e3o ter medo de fazer perguntas.<\/p>\n<p>Quando voc\u00ea come\u00e7a a conversar com algu\u00e9m, \u00e9 importante se apresentar. Isso ajudar\u00e1 a outra pessoa a se sentir mais \u00e0 vontade para conversar com voc\u00ea. Depois de se apresentar, voc\u00ea pode come\u00e7ar a fazer perguntas sobre a outra pessoa.<\/p>\n<p>Tamb\u00e9m \u00e9 importante ser um ouvinte ativo quando estiver conversando com algu\u00e9m. Isso significa que voc\u00ea deve prestar aten\u00e7\u00e3o ao que a outra pessoa est\u00e1 dizendo e tentar participar da conversa. N\u00e3o fique apenas esperando sua vez de falar!<\/p>\n<p>Se estiver com dificuldade para pensar em coisas para dizer, voc\u00ea sempre pode perguntar \u00e0 outra pessoa sobre seus hobbies ou interesses. As pessoas adoram falar sobre si mesmas, portanto, essa \u00e9 uma \u00f3tima maneira de iniciar a conversa.<\/p>\n<p>Por fim, n\u00e3o se esque\u00e7a de se divertir! Conversar com estranhos pode ser uma \u00f3tima maneira de fazer novos amigos, portanto, divirta-se e n\u00e3o tenha medo de ser voc\u00ea mesmo.<\/p>\n<h2>O que fazer se voc\u00ea estiver se sentindo t\u00edmido no 321chat<\/h2>\n<p>Se voc\u00ea estiver se sentindo t\u00edmido na 321chat, n\u00e3o se preocupe! H\u00e1 muitas coisas que voc\u00ea pode fazer para tornar a experi\u00eancia mais agrad\u00e1vel.<\/p>\n<p>Primeiro, respire fundo e relaxe. \u00c9 importante lembrar que todos est\u00e3o aqui apenas para conversar e se divertir. N\u00e3o h\u00e1 necessidade de ficar nervoso.<\/p>\n<p>Em segundo lugar, comece batendo papo com pessoas que est\u00e3o na mesma sala que voc\u00ea. Dessa forma, voc\u00ea poder\u00e1 conhec\u00ea-las um pouco antes de passar para os bate-papos privados.<\/p>\n<p>Terceiro, tente ser voc\u00ea mesmo! Seja amig\u00e1vel e aberto, e as pessoas responder\u00e3o da mesma forma. N\u00e3o tenha medo de fazer perguntas ou iniciar conversas.<\/p>\n<p>Em quarto lugar, se voc\u00ea se sentir desconfort\u00e1vel, sempre poder\u00e1 sair da sala de bate-papo. Ningu\u00e9m o for\u00e7ar\u00e1 a ficar se n\u00e3o estiver se divertindo.<\/p>\n<p>Ent\u00e3o, v\u00e1 em frente e experimente o 321chat! Prometemos que voc\u00ea vai se divertir.<\/p>\n<h2>Quais s\u00e3o os benef\u00edcios de conversar com estranhos no 321chat?<\/h2>\n<p>Todos n\u00f3s conhecemos aquela sensa\u00e7\u00e3o de desconforto quando nos encontramos em uma situa\u00e7\u00e3o social em que n\u00e3o conhecemos ningu\u00e9m. \u00c9 da natureza humana querer se conectar com outras pessoas e, \u00e0s vezes, a melhor maneira de fazer isso \u00e9 conversando com estranhos.<\/p>\n<p>Na verdade, h\u00e1 v\u00e1rios benef\u00edcios em conversar com estranhos no 321chat. Por um lado, isso pode ajud\u00e1-lo a praticar suas habilidades sociais. Se voc\u00ea for t\u00edmido ou introvertido, conversar com estranhos pode ser uma \u00f3tima maneira de aumentar sua confian\u00e7a.<\/p>\n<p>Ele tamb\u00e9m pode ajud\u00e1-lo a expandir seu c\u00edrculo social. Nunca se sabe, voc\u00ea pode conhecer algu\u00e9m no 321chat que se tornar\u00e1 um bom amigo ou at\u00e9 mais.<\/p>\n<p>Conversar com estranhos tamb\u00e9m pode ser uma \u00f3tima maneira de aprender sobre novas culturas e experi\u00eancias. Voc\u00ea ficar\u00e1 surpreso com o quanto pode aprender sobre uma pessoa apenas conversando com ela por alguns minutos.<\/p>\n<p>Portanto, da pr\u00f3xima vez que voc\u00ea se encontrar no 321chat, n\u00e3o tenha medo de iniciar uma conversa com algu\u00e9m novo. Talvez voc\u00ea acabe descobrindo que essa \u00e9 a melhor decis\u00e3o que j\u00e1 tomou!<\/p>\n<h2>Pr\u00f3s e contras do 321chat<\/h2>\n<p>Alguns pr\u00f3s do 321chat incluem o fato de ser um site de bate-papo gratuito e seguro, de ter uma grande base de usu\u00e1rios e de estar dispon\u00edvel em v\u00e1rios idiomas. Al\u00e9m disso, o 321chat oferece recursos como bate-papo em grupo, chamadas VoIP e compartilhamento de arquivos.<\/p>\n<p>No entanto, algumas desvantagens do 321chat incluem o fato de que pode ser dif\u00edcil encontrar amigos no site e que, \u00e0s vezes, ele pode ser lento.<\/p>\n<h2>Como aproveitar ao m\u00e1ximo o 321chat?<\/h2>\n<p>O 321chat \u00e9 uma \u00f3tima maneira de fazer novos amigos e se conectar com pessoas de todo o mundo. Tamb\u00e9m \u00e9 uma \u00f3tima maneira de conversar com estranhos, o que pode ser muito divertido!<\/p>\n<p>H\u00e1 algumas coisas que voc\u00ea pode fazer para tirar o m\u00e1ximo proveito do 321chat:<\/p>\n<ol>\n<li>Use o bate-papo para ter conversas casuais com estranhos. Essa \u00e9 uma \u00f3tima maneira de saber mais sobre eles e, possivelmente, iniciar uma amizade.<\/li>\n<li>Use o bate-papo para encontrar informa\u00e7\u00f5es ou conselhos. Se estiver procurando informa\u00e7\u00f5es sobre um t\u00f3pico, usar o bate-papo pode ser uma maneira mais r\u00e1pida e f\u00e1cil de encontr\u00e1-las do que pesquisar on-line.<\/li>\n<li>Use o bate-papo como uma oportunidade de praticar suas habilidades de ingl\u00eas falado. Nunca se sabe quando ser\u00e1 necess\u00e1rio usar o ingl\u00eas em uma entrevista ou conversa fora do 321chat!<\/li>\n<\/ol>\n<h2>\u00c9 seguro us\u00e1-lo?<\/h2>\n<p>N\u00e3o h\u00e1 d\u00favida de que conversar com estranhos no bate-papo \u00e9 uma experi\u00eancia divertida e emocionante. No entanto, \u00e9 importante lembrar que ainda \u00e9 de vital import\u00e2ncia ter cuidado ao se envolver em conversas de bate-papo.<\/p>\n<p>Uma das maiores preocupa\u00e7\u00f5es de seguran\u00e7a ao usar o bate-papo \u00e9 o cyberbullying. O cyberbullying refere-se a qualquer tipo de ass\u00e9dio on-line ou off-line que ocorre entre pessoas que se conhecem. Isso pode incluir o envio de mensagens ofensivas, a ridiculariza\u00e7\u00e3o de algu\u00e9m ou a publica\u00e7\u00e3o de fotos constrangedoras.<\/p>\n<p>\u00c9 importante lembrar que voc\u00ea est\u00e1 lidando com pessoas que n\u00e3o conhece em um ambiente p\u00fablico. <a href=\"https:\/\/strangercam.com\/pt-br\/mocospace\/\">espa\u00e7o<\/a>. Isso significa que ela pode ficar chateada ou com raiva de voc\u00ea a qualquer momento. Se voc\u00ea se sentir desconfort\u00e1vel ou amea\u00e7ado, pare de se comunicar com a pessoa imediatamente.<\/p>\n<h2>Medidas preventivas ao usar o bate-papo por v\u00eddeo aleat\u00f3rio<\/h2>\n<p>Uma das melhores maneiras de evitar que voc\u00ea seja atacado ou assediado ao usar <a href=\"https:\/\/strangercam.com\/pt-br\/chathub\/\">bate-papo por v\u00eddeo aleat\u00f3rio<\/a> \u00e9 tomar medidas proativas. Aqui est\u00e3o algumas dicas a serem seguidas:<\/p>\n<ol>\n<li>Sempre use uma VPN ao usar o bate-papo por v\u00eddeo aleat\u00f3rio. Uma VPN criptografar\u00e1 seus dados e os proteger\u00e1 de serem vistos por qualquer outra pessoa na rede. Isso o ajudar\u00e1 a evitar poss\u00edveis ataques ou ass\u00e9dio.<\/li>\n<li>Sempre use um nome de usu\u00e1rio e uma senha diferentes para cada conta aleat\u00f3ria de bate-papo por v\u00eddeo que criar. Dessa forma, se algu\u00e9m o atacar ou assediar, n\u00e3o poder\u00e1 acessar suas outras contas com esse nome de usu\u00e1rio e senha.<\/li>\n<li>N\u00e3o compartilhe informa\u00e7\u00f5es pessoais, como seu nome completo ou endere\u00e7o, com estranhos em um bate-papo por v\u00eddeo aleat\u00f3rio. Se algu\u00e9m o atacar ou assediar, poder\u00e1 descobrir mais sobre voc\u00ea dessa forma.<\/li>\n<\/ol>\n<p>Seguindo estas medidas de precau\u00e7\u00e3o, voc\u00ea pode garantir uma experi\u00eancia segura e agrad\u00e1vel usando o bate-papo por v\u00eddeo aleat\u00f3rio<\/p>\n<h2>Conclus\u00e3o<\/h2>\n<p>O 321chat \u00e9 um \u00f3timo recurso para pessoas que desejam fazer amigos ou encontrar novos amigos. A sala de bate-papo est\u00e1 aberta 24 horas por dia, 7 dias por semana, e voc\u00ea pode entrar digitando sua cidade ou pa\u00eds e clicando no link. Quando estiver conectado, comece a conversar com qualquer pessoa que pare\u00e7a interessante! Voc\u00ea nunca saber\u00e1 que tipos de amizades poder\u00e1 fazer dessa forma.<\/p>","protected":false},"excerpt":{"rendered":"<p>We all know that feeling of awkwardness when we&#8217;re in a social situation and we don&#8217;t know anyone. Even if there are other people around, it can feel like we&#8217;re the only ones in the room. But what if there was a way to talk to strangers that didn&#8217;t involve any of the awkwardness or [&hellip;]<\/p>\n","protected":false},"author":6,"featured_media":559,"parent":0,"menu_order":0,"comment_status":"closed","ping_status":"closed","template":"","meta":{"footnotes":""},"class_list":["post-11273","page","type-page","status-publish","has-post-thumbnail","hentry"],"yoast_head":"<!-- This site is optimized with the Yoast SEO plugin v26.9 - https:\/\/yoast.com\/product\/yoast-seo-wordpress\/ -->\n<title>321chat - Chat with strangers on StrangerCam.com<\/title>\n<meta name=\"description\" content=\"Like 321chat? Come chat with more than 5.000.000 strangers on Stranger Cam for Free! Turn on your cam and find new friends &amp; maby a match!\" \/>\n<meta name=\"robots\" content=\"index, follow, max-snippet:-1, max-image-preview:large, max-video-preview:-1\" \/>\n<link rel=\"canonical\" href=\"https:\/\/strangercam.com\/pt-br\/321chat\/\" \/>\n<meta property=\"og:locale\" content=\"pt_BR\" \/>\n<meta property=\"og:type\" content=\"article\" \/>\n<meta property=\"og:title\" content=\"321chat - Chat with strangers on StrangerCam.com\" \/>\n<meta property=\"og:description\" content=\"Like 321chat? Come chat with more than 5.000.000 strangers on Stranger Cam for Free! Turn on your cam and find new friends &amp; maby a match!\" \/>\n<meta property=\"og:url\" content=\"https:\/\/strangercam.com\/pt-br\/321chat\/\" \/>\n<meta property=\"og:site_name\" content=\"Strangercam\" \/>\n<meta property=\"article:publisher\" content=\"https:\/\/www.facebook.com\/strangercam\" \/>\n<meta property=\"article:modified_time\" content=\"2023-08-21T09:40:07+00:00\" \/>\n<meta property=\"og:image\" content=\"https:\/\/strangercam.com\/wp-content\/uploads\/2020\/11\/stranger-cam-1.png\" \/>\n\t<meta property=\"og:image:width\" content=\"800\" \/>\n\t<meta property=\"og:image:height\" content=\"800\" \/>\n\t<meta property=\"og:image:type\" content=\"image\/png\" \/>\n<meta name=\"twitter:card\" content=\"summary_large_image\" \/>\n<meta name=\"twitter:site\" content=\"@strangercamapp\" \/>\n<meta name=\"twitter:label1\" content=\"Est. tempo de leitura\" \/>\n\t<meta name=\"twitter:data1\" content=\"7 minutos\" \/>\n<script type=\"application\/ld+json\" class=\"yoast-schema-graph\">{\"@context\":\"https:\/\/schema.org\",\"@graph\":[{\"@type\":\"WebPage\",\"@id\":\"https:\/\/strangercam.com\/321chat\/\",\"url\":\"https:\/\/strangercam.com\/321chat\/\",\"name\":\"321chat - Chat with strangers on StrangerCam.com\",\"isPartOf\":{\"@id\":\"https:\/\/strangercam.com\/#website\"},\"primaryImageOfPage\":{\"@id\":\"https:\/\/strangercam.com\/321chat\/#primaryimage\"},\"image\":{\"@id\":\"https:\/\/strangercam.com\/321chat\/#primaryimage\"},\"thumbnailUrl\":\"https:\/\/strangercam.com\/wp-content\/uploads\/2020\/11\/stranger-cam-1.png\",\"datePublished\":\"2022-08-11T18:04:37+00:00\",\"dateModified\":\"2023-08-21T09:40:07+00:00\",\"description\":\"Like 321chat? Come chat with more than 5.000.000 strangers on Stranger Cam for Free! Turn on your cam and find new friends & maby a match!\",\"breadcrumb\":{\"@id\":\"https:\/\/strangercam.com\/321chat\/#breadcrumb\"},\"inLanguage\":\"pt-BR\",\"potentialAction\":[{\"@type\":\"ReadAction\",\"target\":[\"https:\/\/strangercam.com\/321chat\/\"]}]},{\"@type\":\"ImageObject\",\"inLanguage\":\"pt-BR\",\"@id\":\"https:\/\/strangercam.com\/321chat\/#primaryimage\",\"url\":\"https:\/\/strangercam.com\/wp-content\/uploads\/2020\/11\/stranger-cam-1.png\",\"contentUrl\":\"https:\/\/strangercam.com\/wp-content\/uploads\/2020\/11\/stranger-cam-1.png\",\"width\":800,\"height\":800,\"caption\":\"stranger cam random video chat\"},{\"@type\":\"BreadcrumbList\",\"@id\":\"https:\/\/strangercam.com\/321chat\/#breadcrumb\",\"itemListElement\":[{\"@type\":\"ListItem\",\"position\":1,\"name\":\"Home\",\"item\":\"https:\/\/strangercam.com\/\"},{\"@type\":\"ListItem\",\"position\":2,\"name\":\"321chat\"}]},{\"@type\":\"WebSite\",\"@id\":\"https:\/\/strangercam.com\/#website\",\"url\":\"https:\/\/strangercam.com\/\",\"name\":\"Strangercam\",\"description\":\"Random Video Chat with Strangers\",\"publisher\":{\"@id\":\"https:\/\/strangercam.com\/#organization\"},\"alternateName\":\"Strangercam.com\",\"potentialAction\":[{\"@type\":\"SearchAction\",\"target\":{\"@type\":\"EntryPoint\",\"urlTemplate\":\"https:\/\/strangercam.com\/?s={search_term_string}\"},\"query-input\":{\"@type\":\"PropertyValueSpecification\",\"valueRequired\":true,\"valueName\":\"search_term_string\"}}],\"inLanguage\":\"pt-BR\"},{\"@type\":\"Organization\",\"@id\":\"https:\/\/strangercam.com\/#organization\",\"name\":\"Strangercam\",\"alternateName\":\"Strangercam.com\",\"url\":\"https:\/\/strangercam.com\/\",\"logo\":{\"@type\":\"ImageObject\",\"inLanguage\":\"pt-BR\",\"@id\":\"https:\/\/strangercam.com\/#\/schema\/logo\/image\/\",\"url\":\"https:\/\/strangercam.com\/wp-content\/uploads\/2020\/11\/cropped-new-favicon-black.png\",\"contentUrl\":\"https:\/\/strangercam.com\/wp-content\/uploads\/2020\/11\/cropped-new-favicon-black.png\",\"width\":512,\"height\":512,\"caption\":\"Strangercam\"},\"image\":{\"@id\":\"https:\/\/strangercam.com\/#\/schema\/logo\/image\/\"},\"sameAs\":[\"https:\/\/www.facebook.com\/strangercam\",\"https:\/\/x.com\/strangercamapp\"]}]}<\/script>\n<!-- \/ Yoast SEO plugin. -->","yoast_head_json":{"title":"321chat - Converse com estranhos no StrangerCam.com","description":"Gosta do 321chat? Venha conversar com mais de 5.000.000 de estranhos no Stranger Cam gratuitamente! Ligue sua c\u00e2mera e encontre novos amigos e talvez um par!","robots":{"index":"index","follow":"follow","max-snippet":"max-snippet:-1","max-image-preview":"max-image-preview:large","max-video-preview":"max-video-preview:-1"},"canonical":"https:\/\/strangercam.com\/pt-br\/321chat\/","og_locale":"pt_BR","og_type":"article","og_title":"321chat - Chat with strangers on StrangerCam.com","og_description":"Like 321chat? Come chat with more than 5.000.000 strangers on Stranger Cam for Free! Turn on your cam and find new friends & maby a match!","og_url":"https:\/\/strangercam.com\/pt-br\/321chat\/","og_site_name":"Strangercam","article_publisher":"https:\/\/www.facebook.com\/strangercam","article_modified_time":"2023-08-21T09:40:07+00:00","og_image":[{"width":800,"height":800,"url":"https:\/\/strangercam.com\/wp-content\/uploads\/2020\/11\/stranger-cam-1.png","type":"image\/png"}],"twitter_card":"summary_large_image","twitter_site":"@strangercamapp","twitter_misc":{"Est. tempo de leitura":"7 minutos"},"schema":{"@context":"https:\/\/schema.org","@graph":[{"@type":"WebPage","@id":"https:\/\/strangercam.com\/321chat\/","url":"https:\/\/strangercam.com\/321chat\/","name":"321chat - Converse com estranhos no StrangerCam.com","isPartOf":{"@id":"https:\/\/strangercam.com\/#website"},"primaryImageOfPage":{"@id":"https:\/\/strangercam.com\/321chat\/#primaryimage"},"image":{"@id":"https:\/\/strangercam.com\/321chat\/#primaryimage"},"thumbnailUrl":"https:\/\/strangercam.com\/wp-content\/uploads\/2020\/11\/stranger-cam-1.png","datePublished":"2022-08-11T18:04:37+00:00","dateModified":"2023-08-21T09:40:07+00:00","description":"Gosta do 321chat? Venha conversar com mais de 5.000.000 de estranhos no Stranger Cam gratuitamente! Ligue sua c\u00e2mera e encontre novos amigos e talvez um par!","breadcrumb":{"@id":"https:\/\/strangercam.com\/321chat\/#breadcrumb"},"inLanguage":"pt-BR","potentialAction":[{"@type":"ReadAction","target":["https:\/\/strangercam.com\/321chat\/"]}]},{"@type":"ImageObject","inLanguage":"pt-BR","@id":"https:\/\/strangercam.com\/321chat\/#primaryimage","url":"https:\/\/strangercam.com\/wp-content\/uploads\/2020\/11\/stranger-cam-1.png","contentUrl":"https:\/\/strangercam.com\/wp-content\/uploads\/2020\/11\/stranger-cam-1.png","width":800,"height":800,"caption":"stranger cam random video chat"},{"@type":"BreadcrumbList","@id":"https:\/\/strangercam.com\/321chat\/#breadcrumb","itemListElement":[{"@type":"ListItem","position":1,"name":"Home","item":"https:\/\/strangercam.com\/"},{"@type":"ListItem","position":2,"name":"321chat"}]},{"@type":"WebSite","@id":"https:\/\/strangercam.com\/#website","url":"https:\/\/strangercam.com\/","name":"Strangercam","description":"Bate-papo por v\u00eddeo aleat\u00f3rio com estranhos","publisher":{"@id":"https:\/\/strangercam.com\/#organization"},"alternateName":"Strangercam.com","potentialAction":[{"@type":"SearchAction","target":{"@type":"EntryPoint","urlTemplate":"https:\/\/strangercam.com\/?s={search_term_string}"},"query-input":{"@type":"PropertyValueSpecification","valueRequired":true,"valueName":"search_term_string"}}],"inLanguage":"pt-BR"},{"@type":"Organization","@id":"https:\/\/strangercam.com\/#organization","name":"Strangercam","alternateName":"Strangercam.com","url":"https:\/\/strangercam.com\/","logo":{"@type":"ImageObject","inLanguage":"pt-BR","@id":"https:\/\/strangercam.com\/#\/schema\/logo\/image\/","url":"https:\/\/strangercam.com\/wp-content\/uploads\/2020\/11\/cropped-new-favicon-black.png","contentUrl":"https:\/\/strangercam.com\/wp-content\/uploads\/2020\/11\/cropped-new-favicon-black.png","width":512,"height":512,"caption":"Strangercam"},"image":{"@id":"https:\/\/strangercam.com\/#\/schema\/logo\/image\/"},"sameAs":["https:\/\/www.facebook.com\/strangercam","https:\/\/x.com\/strangercamapp"]}]}},"_links":{"self":[{"href":"https:\/\/strangercam.com\/pt-br\/wp-json\/wp\/v2\/pages\/11273","targetHints":{"allow":["GET"]}}],"collection":[{"href":"https:\/\/strangercam.com\/pt-br\/wp-json\/wp\/v2\/pages"}],"about":[{"href":"https:\/\/strangercam.com\/pt-br\/wp-json\/wp\/v2\/types\/page"}],"author":[{"embeddable":true,"href":"https:\/\/strangercam.com\/pt-br\/wp-json\/wp\/v2\/users\/6"}],"replies":[{"embeddable":true,"href":"https:\/\/strangercam.com\/pt-br\/wp-json\/wp\/v2\/comments?post=11273"}],"version-history":[{"count":0,"href":"https:\/\/strangercam.com\/pt-br\/wp-json\/wp\/v2\/pages\/11273\/revisions"}],"wp:featuredmedia":[{"embeddable":true,"href":"https:\/\/strangercam.com\/pt-br\/wp-json\/wp\/v2\/media\/559"}],"wp:attachment":[{"href":"https:\/\/strangercam.com\/pt-br\/wp-json\/wp\/v2\/media?parent=11273"}],"curies":[{"name":"wp","href":"https:\/\/api.w.org\/{rel}","templated":true}]}}